{"id":7182,"date":"2024-11-11T18:38:15","date_gmt":"2024-11-11T18:38:15","guid":{"rendered":"https:\/\/touchproeurope.eu\/?post_type=product&#038;p=7182"},"modified":"2026-04-22T09:41:14","modified_gmt":"2026-04-22T09:41:14","slug":"spray-muscolare-alla-menta-cai-pan","status":"publish","type":"product","link":"https:\/\/touchproeurope.eu\/it\/product\/cai-pan-mint-spierspray\/","title":{"rendered":"CAI-PAN Spray muscolare alla menta"},"content":{"rendered":"<p>Lo spray muscolare CAI-PAN Mint \u00e8 uno spray rinfrescante e stimolante a base di olio di menta piperita giapponese, sviluppato appositamente per curare e rilassare i muscoli. Il suo potente effetto rinfrescante stimola la circolazione e aiuta ad alleviare dolori, rigidit\u00e0 e tensioni muscolari. Grazie alla sua forma spray, il prodotto \u00e8 rapido, igienico e facile da applicare, senza ungere le mani.<\/p>\n<p>L'effetto attivo del mentolo dell'olio di menta giapponese fornisce un immediato effetto rinfrescante sulla pelle. Questo rende lo spray muscolare CAI-PAN Mint particolarmente adatto per i muscoli freddi, bloccati o sovraccarichi. In caso di tensione nella zona della testa, del collo e della schiena, lo spray pu\u00f2 anche avere un effetto lenitivo e di sollievo. La fresca fragranza contribuisce inoltre a creare una sensazione piacevole e tonificante durante e dopo l'applicazione.<\/p>\n<p>Lo spray \u00e8 ideale per l'uso da parte di atleti, terapisti, massaggiatori e persone attive, nonch\u00e9 per l'uso quotidiano per i muscoli rigidi dopo il lavoro o l'esercizio fisico. Grazie alla sua consistenza leggera, il prodotto si assorbe rapidamente e non lascia residui appiccicosi sulla pelle o sui vestiti.<\/p>\n<p>Utilizzare lo spray secondo necessit\u00e0 fino a un massimo di tre volte al giorno. Non adatto a neonati e bambini piccoli. Si consiglia di non utilizzare il prodotto a persone con ipersensibilit\u00e0 nota all'olio di menta piperita (mentolo).<\/p>","protected":false},"excerpt":{"rendered":"<p>Lo spray muscolare alla menta CAI-PAN rinfresca istantaneamente i muscoli e la pelle. Ideale dopo lo sport, i massaggi e la sauna. Arricchito con olio di menta piperita per un effetto lenitivo e tonificante.<\/p>","protected":false},"featured_media":15487,"comment_status":"open","ping_status":"closed","template":"","meta":[],"product_brand":[513],"product_cat":[115],"product_tag":[],"class_list":{"0":"post-7182","1":"product","2":"type-product","3":"status-publish","4":"has-post-thumbnail","6":"product_brand-cai-pan","7":"product_cat-massageolie","8":"product_shipping_class-klein-pakket","9":"pa_maat-100-ml","10":"pa_maat-500-ml","11":"pa_merk-cai-pan","13":"first","14":"onbackorder","15":"taxable","16":"shipping-taxable","17":"purchasable","18":"product-type-variable"},"yoast_head":"<!-- This site is optimized with the Yoast SEO Premium plugin v27.4 (Yoast SEO v27.4) - https:\/\/yoast.com\/product\/yoast-seo-premium-wordpress\/ -->\n<title>CAI-PAN Mint spierspray - TouchPro Europe Shop<\/title>\n<meta name=\"description\" content=\"Ervaar verkoeling en verlichting met de CAI-PAN Mint Spierspray. Met pepermuntolie voor soepele spieren en een frisse huid na sport, massage of sauna. Verzorgt en ontspant!\" \/>\n<meta name=\"robots\" content=\"index, follow, max-snippet:-1, max-image-preview:large, max-video-preview:-1\" \/>\n<link rel=\"canonical\" href=\"https:\/\/touchproeurope.eu\/it\/product\/spray-muscolare-alla-menta-cai-pan\/\" \/>\n<meta property=\"og:locale\" content=\"it_IT\" \/>\n<meta property=\"og:type\" content=\"article\" \/>\n<meta property=\"og:title\" content=\"CAI-PAN Mint spierspray\" \/>\n<meta property=\"og:description\" content=\"Ervaar verkoeling en verlichting met de CAI-PAN Mint Spierspray. Met pepermuntolie voor soepele spieren en een frisse huid na sport, massage of sauna. Verzorgt en ontspant!\" \/>\n<meta property=\"og:url\" content=\"https:\/\/touchproeurope.eu\/it\/product\/spray-muscolare-alla-menta-cai-pan\/\" \/>\n<meta property=\"og:site_name\" content=\"TouchPro Europe Shop\" \/>\n<meta property=\"article:publisher\" content=\"https:\/\/www.facebook.com\/TouchproNederland\/?locale=nl_NL%2f\" \/>\n<meta property=\"article:modified_time\" content=\"2026-04-22T09:41:14+00:00\" \/>\n<meta property=\"og:image\" content=\"https:\/\/touchproeurope.eu\/wp-content\/uploads\/2024\/11\/Product-afbeelding.jpg\" \/>\n\t<meta property=\"og:image:width\" content=\"800\" \/>\n\t<meta property=\"og:image:height\" content=\"800\" \/>\n\t<meta property=\"og:image:type\" content=\"image\/jpeg\" \/>\n<meta name=\"twitter:card\" content=\"summary_large_image\" \/>\n<meta name=\"twitter:label1\" content=\"Disponibilit\u00e0\" \/>\n\t<meta name=\"twitter:data1\" content=\"Su ordinazione\" \/>\n<script type=\"application\/ld+json\" class=\"yoast-schema-graph\">{\"@context\":\"https:\\\/\\\/schema.org\",\"@graph\":[{\"@type\":\"WebPage\",\"@id\":\"https:\\\/\\\/touchproeurope.eu\\\/product\\\/cai-pan-mint-spierspray\\\/\",\"url\":\"https:\\\/\\\/touchproeurope.eu\\\/product\\\/cai-pan-mint-spierspray\\\/\",\"name\":\"CAI-PAN Mint spierspray - TouchPro Europe Shop\",\"isPartOf\":{\"@id\":\"https:\\\/\\\/touchproeurope.eu\\\/#website\"},\"primaryImageOfPage\":{\"@id\":\"https:\\\/\\\/touchproeurope.eu\\\/product\\\/cai-pan-mint-spierspray\\\/#primaryimage\"},\"image\":{\"@id\":\"https:\\\/\\\/touchproeurope.eu\\\/product\\\/cai-pan-mint-spierspray\\\/#primaryimage\"},\"thumbnailUrl\":\"https:\\\/\\\/i0.wp.com\\\/touchproeurope.eu\\\/wp-content\\\/uploads\\\/2024\\\/11\\\/Product-afbeelding.jpg?fit=800%2C800&ssl=1\",\"datePublished\":\"2024-11-11T18:38:15+00:00\",\"dateModified\":\"2026-04-22T09:41:14+00:00\",\"description\":\"Ervaar verkoeling en verlichting met de CAI-PAN Mint Spierspray. Met pepermuntolie voor soepele spieren en een frisse huid na sport, massage of sauna. Verzorgt en ontspant!\",\"breadcrumb\":{\"@id\":\"https:\\\/\\\/touchproeurope.eu\\\/product\\\/cai-pan-mint-spierspray\\\/#breadcrumb\"},\"inLanguage\":\"it-IT\",\"potentialAction\":[{\"@type\":\"ReadAction\",\"target\":[\"https:\\\/\\\/touchproeurope.eu\\\/product\\\/cai-pan-mint-spierspray\\\/\"]}]},{\"@type\":\"ImageObject\",\"inLanguage\":\"it-IT\",\"@id\":\"https:\\\/\\\/touchproeurope.eu\\\/product\\\/cai-pan-mint-spierspray\\\/#primaryimage\",\"url\":\"https:\\\/\\\/i0.wp.com\\\/touchproeurope.eu\\\/wp-content\\\/uploads\\\/2024\\\/11\\\/Product-afbeelding.jpg?fit=800%2C800&ssl=1\",\"contentUrl\":\"https:\\\/\\\/i0.wp.com\\\/touchproeurope.eu\\\/wp-content\\\/uploads\\\/2024\\\/11\\\/Product-afbeelding.jpg?fit=800%2C800&ssl=1\",\"width\":800,\"height\":800,\"caption\":\"CAI-PAN Mint spierspray\"},{\"@type\":\"BreadcrumbList\",\"@id\":\"https:\\\/\\\/touchproeurope.eu\\\/product\\\/cai-pan-mint-spierspray\\\/#breadcrumb\",\"itemListElement\":[{\"@type\":\"ListItem\",\"position\":1,\"name\":\"Home\",\"item\":\"https:\\\/\\\/touchproeurope.eu\\\/\"},{\"@type\":\"ListItem\",\"position\":2,\"name\":\"Winkel\",\"item\":\"https:\\\/\\\/touchproeurope.eu\\\/winkel\\\/\"},{\"@type\":\"ListItem\",\"position\":3,\"name\":\"CAI-PAN Mint spierspray\"}]},{\"@type\":\"WebSite\",\"@id\":\"https:\\\/\\\/touchproeurope.eu\\\/#website\",\"url\":\"https:\\\/\\\/touchproeurope.eu\\\/\",\"name\":\"TouchPro Europe Shop\",\"description\":\"Alles voor jouw praktijk met een PROfessionele Touch!\",\"publisher\":{\"@id\":\"https:\\\/\\\/touchproeurope.eu\\\/#organization\"},\"alternateName\":\"TPE\",\"potentialAction\":[{\"@type\":\"SearchAction\",\"target\":{\"@type\":\"EntryPoint\",\"urlTemplate\":\"https:\\\/\\\/touchproeurope.eu\\\/?s={search_term_string}\"},\"query-input\":{\"@type\":\"PropertyValueSpecification\",\"valueRequired\":true,\"valueName\":\"search_term_string\"}}],\"inLanguage\":\"it-IT\"},{\"@type\":\"Organization\",\"@id\":\"https:\\\/\\\/touchproeurope.eu\\\/#organization\",\"name\":\"TouchPro Europe BV\",\"alternateName\":\"TPE\",\"url\":\"https:\\\/\\\/touchproeurope.eu\\\/\",\"logo\":{\"@type\":\"ImageObject\",\"inLanguage\":\"it-IT\",\"@id\":\"https:\\\/\\\/touchproeurope.eu\\\/#\\\/schema\\\/logo\\\/image\\\/\",\"url\":\"https:\\\/\\\/i0.wp.com\\\/touchproeurope.eu\\\/wp-content\\\/uploads\\\/2023\\\/10\\\/2b592c_b6944d80811246d987cc2c29accedf3f.png?fit=1417%2C531&ssl=1\",\"contentUrl\":\"https:\\\/\\\/i0.wp.com\\\/touchproeurope.eu\\\/wp-content\\\/uploads\\\/2023\\\/10\\\/2b592c_b6944d80811246d987cc2c29accedf3f.png?fit=1417%2C531&ssl=1\",\"width\":1417,\"height\":531,\"caption\":\"TouchPro Europe BV\"},\"image\":{\"@id\":\"https:\\\/\\\/touchproeurope.eu\\\/#\\\/schema\\\/logo\\\/image\\\/\"},\"sameAs\":[\"https:\\\/\\\/www.facebook.com\\\/TouchproNederland\\\/?locale=nl_NL\\\/\",\"https:\\\/\\\/www.instagram.com\\\/touchpro2016\\\/\",\"https:\\\/\\\/www.linkedin.com\\\/company\\\/touchpro-europe-bv\\\/\"],\"description\":\"TouchPro Europe Shop is de massage winkel van Europa. Wij verkopen topkwaliteit massageproducten aan masseurs, pedicures, fysiotherapeuten, manicuren, Wellness centra, opleidingen, etc. TouchPro begon als een kleine webshop in Nederland, maar is nu uitgegroeid tot een webshop met klanten uit heel Europa. Wij bieden een breed assortiment aan massageproducten, waaronder massagetafels, oli\u00ebn, cr\u00e8mes, en accessoires van topmerken, zoals Earthlite, Stronglite en InnerStrenght, Habys, Living Earth Crafts en Continuum en andere leveranciers van massage accessoires. Bestel hier de beste massagematerialen van Europa!\",\"email\":\"info@touchpro-europe.com\",\"telephone\":\"0858768829\",\"legalName\":\"TouchPro Europe BV\",\"foundingDate\":\"2018-01-11\",\"vatID\":\"NL855430151B01\",\"numberOfEmployees\":{\"@type\":\"QuantitativeValue\",\"minValue\":\"1\",\"maxValue\":\"10\"},\"hasMerchantReturnPolicy\":{\"@type\":\"MerchantReturnPolicy\",\"merchantReturnLink\":\"https:\\\/\\\/touchproeurope.eu\\\/it\\\/retourbeleid\\\/\"}}]}<\/script>\n<meta property=\"product:brand\" content=\"CAI-PAN\" \/>\n<meta property=\"og:availability\" content=\"backorder\" \/>\n<meta property=\"product:availability\" content=\"available for order\" \/>\n<meta property=\"product:retailer_item_id\" content=\"200\" \/>\n<meta property=\"product:condition\" content=\"new\" \/>\n<!-- \/ Yoast SEO Premium plugin. -->","yoast_head_json":{"title":"CAI-PAN Spray muscolare alla menta - TouchPro Europe Shop","description":"Provate il refrigerio e il sollievo di CAI-PAN Mint Muscle Spray. Con olio di menta piperita per muscoli elastici e pelle fresca dopo lo sport, il massaggio o la sauna. Cura e rilassa!","robots":{"index":"index","follow":"follow","max-snippet":"max-snippet:-1","max-image-preview":"max-image-preview:large","max-video-preview":"max-video-preview:-1"},"canonical":"https:\/\/touchproeurope.eu\/it\/product\/spray-muscolare-alla-menta-cai-pan\/","og_locale":"it_IT","og_type":"article","og_title":"CAI-PAN Mint spierspray","og_description":"Ervaar verkoeling en verlichting met de CAI-PAN Mint Spierspray. Met pepermuntolie voor soepele spieren en een frisse huid na sport, massage of sauna. Verzorgt en ontspant!","og_url":"https:\/\/touchproeurope.eu\/it\/product\/spray-muscolare-alla-menta-cai-pan\/","og_site_name":"TouchPro Europe Shop","article_publisher":"https:\/\/www.facebook.com\/TouchproNederland\/?locale=nl_NL%2f","article_modified_time":"2026-04-22T09:41:14+00:00","og_image":[{"width":800,"height":800,"url":"https:\/\/touchproeurope.eu\/wp-content\/uploads\/2024\/11\/Product-afbeelding.jpg","type":"image\/jpeg"}],"twitter_card":"summary_large_image","twitter_misc":{"Disponibilit\u00e0":"Su ordinazione"},"schema":{"@context":"https:\/\/schema.org","@graph":[{"@type":"WebPage","@id":"https:\/\/touchproeurope.eu\/product\/cai-pan-mint-spierspray\/","url":"https:\/\/touchproeurope.eu\/product\/cai-pan-mint-spierspray\/","name":"CAI-PAN Spray muscolare alla menta - TouchPro Europe Shop","isPartOf":{"@id":"https:\/\/touchproeurope.eu\/#website"},"primaryImageOfPage":{"@id":"https:\/\/touchproeurope.eu\/product\/cai-pan-mint-spierspray\/#primaryimage"},"image":{"@id":"https:\/\/touchproeurope.eu\/product\/cai-pan-mint-spierspray\/#primaryimage"},"thumbnailUrl":"https:\/\/i0.wp.com\/touchproeurope.eu\/wp-content\/uploads\/2024\/11\/Product-afbeelding.jpg?fit=800%2C800&ssl=1","datePublished":"2024-11-11T18:38:15+00:00","dateModified":"2026-04-22T09:41:14+00:00","description":"Provate il refrigerio e il sollievo di CAI-PAN Mint Muscle Spray. Con olio di menta piperita per muscoli elastici e pelle fresca dopo lo sport, il massaggio o la sauna. Cura e rilassa!","breadcrumb":{"@id":"https:\/\/touchproeurope.eu\/product\/cai-pan-mint-spierspray\/#breadcrumb"},"inLanguage":"it-IT","potentialAction":[{"@type":"ReadAction","target":["https:\/\/touchproeurope.eu\/product\/cai-pan-mint-spierspray\/"]}]},{"@type":"ImageObject","inLanguage":"it-IT","@id":"https:\/\/touchproeurope.eu\/product\/cai-pan-mint-spierspray\/#primaryimage","url":"https:\/\/i0.wp.com\/touchproeurope.eu\/wp-content\/uploads\/2024\/11\/Product-afbeelding.jpg?fit=800%2C800&ssl=1","contentUrl":"https:\/\/i0.wp.com\/touchproeurope.eu\/wp-content\/uploads\/2024\/11\/Product-afbeelding.jpg?fit=800%2C800&ssl=1","width":800,"height":800,"caption":"CAI-PAN Mint spierspray"},{"@type":"BreadcrumbList","@id":"https:\/\/touchproeurope.eu\/product\/cai-pan-mint-spierspray\/#breadcrumb","itemListElement":[{"@type":"ListItem","position":1,"name":"Home","item":"https:\/\/touchproeurope.eu\/"},{"@type":"ListItem","position":2,"name":"Winkel","item":"https:\/\/touchproeurope.eu\/winkel\/"},{"@type":"ListItem","position":3,"name":"CAI-PAN Mint spierspray"}]},{"@type":"WebSite","@id":"https:\/\/touchproeurope.eu\/#website","url":"https:\/\/touchproeurope.eu\/","name":"Negozio TouchPro Europe","description":"Tutto per il vostro studio con un tocco professionale!","publisher":{"@id":"https:\/\/touchproeurope.eu\/#organization"},"alternateName":"TPE","potentialAction":[{"@type":"SearchAction","target":{"@type":"EntryPoint","urlTemplate":"https:\/\/touchproeurope.eu\/?s={search_term_string}"},"query-input":{"@type":"PropertyValueSpecification","valueRequired":true,"valueName":"search_term_string"}}],"inLanguage":"it-IT"},{"@type":"Organization","@id":"https:\/\/touchproeurope.eu\/#organization","name":"TouchPro Europe BV","alternateName":"TPE","url":"https:\/\/touchproeurope.eu\/","logo":{"@type":"ImageObject","inLanguage":"it-IT","@id":"https:\/\/touchproeurope.eu\/#\/schema\/logo\/image\/","url":"https:\/\/i0.wp.com\/touchproeurope.eu\/wp-content\/uploads\/2023\/10\/2b592c_b6944d80811246d987cc2c29accedf3f.png?fit=1417%2C531&ssl=1","contentUrl":"https:\/\/i0.wp.com\/touchproeurope.eu\/wp-content\/uploads\/2023\/10\/2b592c_b6944d80811246d987cc2c29accedf3f.png?fit=1417%2C531&ssl=1","width":1417,"height":531,"caption":"TouchPro Europe BV"},"image":{"@id":"https:\/\/touchproeurope.eu\/#\/schema\/logo\/image\/"},"sameAs":["https:\/\/www.facebook.com\/TouchproNederland\/?locale=nl_NL\/","https:\/\/www.instagram.com\/touchpro2016\/","https:\/\/www.linkedin.com\/company\/touchpro-europe-bv\/"],"description":"TouchPro Europe Shop \u00e8 il negozio di massaggi d'Europa. Vendiamo prodotti per il massaggio di alta qualit\u00e0 a massaggiatori, pedicuristi, fisioterapisti, manicuristi, centri benessere, corsi di formazione, ecc. TouchPro \u00e8 nato come un piccolo negozio nei Paesi Bassi, ma ora \u00e8 diventato un negozio con clienti da tutta Europa. Offriamo un'ampia gamma di prodotti per il massaggio, tra cui lettini, oli, creme e accessori delle migliori marche come Earthlite, Stronglite e InnerStrenght, Habys, Living Earth Crafts e Continuum e altri fornitori di accessori per il massaggio. Ordinate qui le migliori forniture per massaggi d'Europa!","email":"info@touchpro-europe.com","telephone":"0858768829","legalName":"TouchPro Europe BV","foundingDate":"2018-01-11","vatID":"NL855430151B01","numberOfEmployees":{"@type":"QuantitativeValue","minValue":"1","maxValue":"10"},"hasMerchantReturnPolicy":{"@type":"MerchantReturnPolicy","merchantReturnLink":"https:\/\/touchproeurope.eu\/it\/retourbeleid\/"}}]},"product_brand":"CAI-PAN","og_availability":"backorder","product_availability":"available for order","product_retailer_item_id":"200","product_condition":"new"},"_links":{"self":[{"href":"https:\/\/touchproeurope.eu\/it\/wp-json\/wp\/v2\/product\/7182","targetHints":{"allow":["GET"]}}],"collection":[{"href":"https:\/\/touchproeurope.eu\/it\/wp-json\/wp\/v2\/product"}],"about":[{"href":"https:\/\/touchproeurope.eu\/it\/wp-json\/wp\/v2\/types\/product"}],"replies":[{"embeddable":true,"href":"https:\/\/touchproeurope.eu\/it\/wp-json\/wp\/v2\/comments?post=7182"}],"version-history":[{"count":2,"href":"https:\/\/touchproeurope.eu\/it\/wp-json\/wp\/v2\/product\/7182\/revisions"}],"predecessor-version":[{"id":15489,"href":"https:\/\/touchproeurope.eu\/it\/wp-json\/wp\/v2\/product\/7182\/revisions\/15489"}],"wp:featuredmedia":[{"embeddable":true,"href":"https:\/\/touchproeurope.eu\/it\/wp-json\/wp\/v2\/media\/15487"}],"wp:attachment":[{"href":"https:\/\/touchproeurope.eu\/it\/wp-json\/wp\/v2\/media?parent=7182"}],"wp:term":[{"taxonomy":"product_brand","embeddable":true,"href":"https:\/\/touchproeurope.eu\/it\/wp-json\/wp\/v2\/product_brand?post=7182"},{"taxonomy":"product_cat","embeddable":true,"href":"https:\/\/touchproeurope.eu\/it\/wp-json\/wp\/v2\/product_cat?post=7182"},{"taxonomy":"product_tag","embeddable":true,"href":"https:\/\/touchproeurope.eu\/it\/wp-json\/wp\/v2\/product_tag?post=7182"}],"curies":[{"name":"wp","href":"https:\/\/api.w.org\/{rel}","templated":true}]}}