{"id":7883,"date":"2025-03-10T10:07:28","date_gmt":"2025-03-10T10:07:28","guid":{"rendered":"https:\/\/touchproeurope.eu\/?post_type=product&#038;p=7883"},"modified":"2026-03-04T16:57:08","modified_gmt":"2026-03-04T16:57:08","slug":"relax-mobiele-massagetafel-welltouch","status":"publish","type":"product","link":"https:\/\/touchproeurope.eu\/it\/product\/relax-mobiele-massagetafel-welltouch\/","title":{"rendered":"Lettino da massaggio mobile RELAX WellTouch"},"content":{"rendered":"<h2 data-start=\"0\" data-end=\"71\"><strong data-start=\"0\" data-end=\"69\">Mobiele en draagbare massagetafel met verschillende montageopties<\/strong><\/h2>\n<p data-start=\"73\" data-end=\"420\">De <strong data-start=\"76\" data-end=\"98\">RELAX massagetafel<\/strong> van WellTouch is stevig gebouwd en wordt geleverd met diverse accessoires. De tafel heeft een robuust houten frame en een zachte, eenvoudig te reinigen polyurethaan (PU) bekleding met comfortabele schuimvulling. Aan beide uiteinden van de tafel is een <strong data-start=\"351\" data-end=\"366\">Reiki-optie<\/strong> bevestigd voor extra beenruimte bij zittend werken.<\/p>\n<p data-start=\"422\" data-end=\"762\">De <strong data-start=\"425\" data-end=\"454\">dubbele vergrendelknoppen<\/strong> aan de poten zorgen voor extra stabiliteit. Voor extra comfort tijdens het liggen is de RELAX <strong data-start=\"549\" data-end=\"573\">mobiele massagetafel<\/strong> uitgerust met een <strong data-start=\"592\" data-end=\"612\">voorste armsteun<\/strong> e <strong data-start=\"616\" data-end=\"638\">twee zijarmsteunen<\/strong> (34 cm lang x 10 cm breed). Daarnaast beschikt de tafel over een <strong data-start=\"704\" data-end=\"726\">gezichtsuitsparing<\/strong> en een <strong data-start=\"734\" data-end=\"759\">hoofdsteun met kussen<\/strong>.<\/p>\n<p data-start=\"764\" data-end=\"992\">De <strong data-start=\"767\" data-end=\"793\">lettino da massaggio portatile<\/strong> is <strong data-start=\"797\" data-end=\"811\">opvouwbaar<\/strong>, waardoor hij gemakkelijk te transporteren, monteren en demonteren is. Hij kan eenvoudig worden meegenomen of opgeborgen in de meegeleverde <strong data-start=\"952\" data-end=\"964\">draagtas<\/strong> en overal worden opgezet.<\/p>\n<h3 data-start=\"994\" data-end=\"1025\"><strong data-start=\"998\" data-end=\"1023\">Afmetingen en ontwerp<\/strong><\/h3>\n<ul data-start=\"1026\" data-end=\"1541\">\n<li data-start=\"1026\" data-end=\"1048\"><strong data-start=\"1028\" data-end=\"1040\">Breedte:<\/strong> 70 cm<\/li>\n<li data-start=\"1049\" data-end=\"1110\"><strong data-start=\"1051\" data-end=\"1074\">Hoogte verstelbaar:<\/strong> via 11 standen van 60 tot 85,6 cm<\/li>\n<li data-start=\"1111\" data-end=\"1133\"><strong data-start=\"1113\" data-end=\"1124\">Lengte:<\/strong> 185 cm<\/li>\n<li data-start=\"1134\" data-end=\"1195\"><strong data-start=\"1136\" data-end=\"1148\">Gewicht:<\/strong> 14 kg (tafel), 15 kg (inclusief accessoires)<\/li>\n<li data-start=\"1196\" data-end=\"1232\"><strong data-start=\"1198\" data-end=\"1223\">Maximaal werkgewicht:<\/strong> 150 kg<\/li>\n<li data-start=\"1233\" data-end=\"1277\"><strong data-start=\"1235\" data-end=\"1268\">Maximale statische belasting:<\/strong> 600 kg<\/li>\n<li data-start=\"1278\" data-end=\"1324\"><strong data-start=\"1280\" data-end=\"1322\">Dubbele vergrendelknoppen aan de poten<\/strong><\/li>\n<li data-start=\"1325\" data-end=\"1362\"><strong data-start=\"1327\" data-end=\"1344\">PU-bekleding:<\/strong> robuust &amp; zacht<\/li>\n<li data-start=\"1363\" data-end=\"1394\"><strong data-start=\"1365\" data-end=\"1383\">Schuimvulling:<\/strong> 4 cm dik<\/li>\n<li data-start=\"1395\" data-end=\"1480\"><strong data-start=\"1397\" data-end=\"1411\">Inclusief:<\/strong> gezichtsuitsparing, zij- en voorarmsteunen, gewatteerde hoofdsteun<\/li>\n<li data-start=\"1481\" data-end=\"1541\"><strong data-start=\"1483\" data-end=\"1496\">Draagtas:<\/strong> geschikt voor de tafel en alle accessoires<\/li>\n<\/ul>\n<h3 data-start=\"1543\" data-end=\"1579\"><strong data-start=\"1547\" data-end=\"1577\">Onderhoud van de bekleding<\/strong><\/h3>\n<p data-start=\"1580\" data-end=\"2068\">Onze <strong data-start=\"1585\" data-end=\"1623\">mobiele en draagbare massagetafels<\/strong>, krukken, massagestoelen en knierollen zijn bekleed met hoogwaardig <strong data-start=\"1692\" data-end=\"1713\">polyurethaan (PU)<\/strong>. Dit materiaal is eenvoudig te reinigen met water en een klein beetje afwasmiddel. Voor incidentele desinfectie raden we onze <strong data-start=\"1840\" data-end=\"1887\">alcoholvrije desinfectiereiniger &#8220;Aysun Cleaning Spray&#8221;<\/strong> aan. De Aysun Cleaning Spray bevat geen alcohol, aldehyden of phenolen en is daardoor zeer mild voor het materiaal. Spray simpelweg op, laat een minuut intrekken en veeg af met een zachte doek.<\/p>\n<h4 data-start=\"2070\" data-end=\"2086\"><strong data-start=\"2070\" data-end=\"2084\">Opmerking:<\/strong><\/h4>\n<ul data-start=\"2087\" data-end=\"2642\">\n<li data-start=\"2087\" data-end=\"2277\"><strong data-start=\"2089\" data-end=\"2118\">Huidoli\u00ebn en massageoli\u00ebn<\/strong> kunnen het PU-materiaal beschadigen. Bescherm het oppervlak altijd met een schone hoes en zorg ervoor dat er geen olieresten op het materiaal achterblijven.<\/li>\n<li data-start=\"2278\" data-end=\"2447\">Bij het gebruik van grote hoeveelheden olie, bijvoorbeeld voor <strong data-start=\"2343\" data-end=\"2369\">Ayurveda-behandelingen<\/strong>, moet de tafel altijd bedekt worden met een <strong data-start=\"2414\" data-end=\"2444\">speciale olie-beschermhoes<\/strong>.<\/li>\n<li data-start=\"2448\" data-end=\"2642\"><strong data-start=\"2450\" data-end=\"2503\">Agressieve of alcoholhoudende desinfectiemiddelen<\/strong> kunnen schade aanrichten. Schade veroorzaakt door het gebruik van andere reinigingsmiddelen dan voorgeschreven, valt buiten de garantie.<\/li>\n<\/ul>\n<h4 data-start=\"2644\" data-end=\"2701\"><strong data-start=\"2648\" data-end=\"2699\">Garantie binnen de EU, Zwitserland en Noorwegen<\/strong><\/h4>\n<p data-start=\"2702\" data-end=\"3050\">Op de <strong data-start=\"2708\" data-end=\"2734\">lettino da massaggio portatile<\/strong> en accessoires geldt een <strong data-start=\"2760\" data-end=\"2790\">garantieperiode van 2 jaar<\/strong>. Binnen deze periode garandeert <strong data-start=\"2823\" data-end=\"2840\">TouchPro Europe BV<\/strong> dat de tafel en accessoires vrij zijn van productiefouten. De garantie dekt geen schade door onjuist gebruik (zoals olieschade of schade door ongeschikte cosmetica of schoonmaakmiddelen) of normale slijtage.<\/p>\n<p data-start=\"2702\" data-end=\"3050\">Veiligheidsinstructies:<\/p>\n<p>Let op: Gevaar voor verbrijzeling.<br \/>\nVolg de productinstructies.<br \/>\nGebruik zoals bedoeld.<\/p>\n<p>Productinstructies: <a href=\"https:\/\/bodynova.de\/media\/pdf\/welltouch-massage-tables-instructions.pdf\">Massagetafels van Welltouch (PDF)<\/a><\/p>","protected":false},"excerpt":{"rendered":"<p>Mobiele en draagbare massagetafel met verschillende montageopties De RELAX massagetafel van WellTouch is stevig gebouwd en wordt geleverd met diverse accessoires. De tafel heeft een robuust houten frame en een zachte, eenvoudig te reinigen polyurethaan (PU) bekleding met comfortabele schuimvulling. Aan beide uiteinden van de tafel is een Reiki-optie bevestigd voor extra beenruimte bij zittend [&hellip;]<\/p>\n","protected":false},"featured_media":7890,"comment_status":"open","ping_status":"closed","template":"","meta":[],"product_brand":[347],"product_cat":[94,93],"product_tag":[348,349],"class_list":{"0":"post-7883","1":"product","2":"type-product","3":"status-publish","4":"has-post-thumbnail","6":"product_brand-welltouch","7":"product_cat-draagbare-massagetafels","8":"product_cat-massagetafels","9":"product_tag-beginners","10":"product_tag-persoonlijk-gebruik","11":"product_shipping_class-groot-pakket","12":"pa_kleur-beige","13":"pa_kleur-blauw","14":"pa_merk-welltouch","16":"first","17":"outofstock","18":"taxable","19":"shipping-taxable","20":"purchasable","21":"product-type-variable"},"yoast_head":"<!-- This site is optimized with the Yoast SEO Premium plugin v27.3 (Yoast SEO v27.3) - https:\/\/yoast.com\/product\/yoast-seo-premium-wordpress\/ -->\n<title>Bestel de RELAX mobiele massagetafel WellTouch gemakkelijk bij - TouchPro Europe Shop<\/title>\n<meta name=\"description\" content=\"Met de RELAX mobiele massagetafel ervaar je ultiem gemak en praktische montageopties. Breng je massage-ervaring naar een hoger niveau! Bestel hem bij TouchPro Europe de massagewinkel van Europa\" \/>\n<meta name=\"robots\" content=\"index, follow, max-snippet:-1, max-image-preview:large, max-video-preview:-1\" \/>\n<link rel=\"canonical\" href=\"https:\/\/touchproeurope.eu\/it\/product\/relax-mobiele-massagetafel-welltouch\/\" \/>\n<meta property=\"og:locale\" content=\"it_IT\" \/>\n<meta property=\"og:type\" content=\"article\" \/>\n<meta property=\"og:title\" content=\"RELAX mobiele massagetafel WellTouch\" \/>\n<meta property=\"og:description\" content=\"Met de RELAX mobiele massagetafel ervaar je ultiem gemak en praktische montageopties. Breng je massage-ervaring naar een hoger niveau! Bestel hem bij TouchPro Europe de massagewinkel van Europa\" \/>\n<meta property=\"og:url\" content=\"https:\/\/touchproeurope.eu\/it\/product\/relax-mobiele-massagetafel-welltouch\/\" \/>\n<meta property=\"og:site_name\" content=\"TouchPro Europe Shop\" \/>\n<meta property=\"article:publisher\" content=\"https:\/\/www.facebook.com\/TouchproNederland\/?locale=nl_NL%2f\" \/>\n<meta property=\"article:modified_time\" content=\"2026-03-04T16:57:08+00:00\" \/>\n<meta property=\"og:image\" content=\"https:\/\/touchproeurope.eu\/wp-content\/uploads\/2025\/03\/table-de-massage-pliante-RELAX-bleu.jpg\" \/>\n\t<meta property=\"og:image:width\" content=\"1500\" \/>\n\t<meta property=\"og:image:height\" content=\"1500\" \/>\n\t<meta property=\"og:image:type\" content=\"image\/jpeg\" \/>\n<meta name=\"twitter:card\" content=\"summary_large_image\" \/>\n<meta name=\"twitter:label1\" content=\"Disponibilit\u00e0\" \/>\n\t<meta name=\"twitter:data1\" content=\"Esaurito\" \/>\n<script type=\"application\/ld+json\" class=\"yoast-schema-graph\">{\"@context\":\"https:\\\/\\\/schema.org\",\"@graph\":[{\"@type\":\"WebPage\",\"@id\":\"https:\\\/\\\/touchproeurope.eu\\\/product\\\/relax-mobiele-massagetafel-welltouch\\\/\",\"url\":\"https:\\\/\\\/touchproeurope.eu\\\/product\\\/relax-mobiele-massagetafel-welltouch\\\/\",\"name\":\"Bestel de RELAX mobiele massagetafel WellTouch gemakkelijk bij - TouchPro Europe Shop\",\"isPartOf\":{\"@id\":\"https:\\\/\\\/touchproeurope.eu\\\/#website\"},\"primaryImageOfPage\":{\"@id\":\"https:\\\/\\\/touchproeurope.eu\\\/product\\\/relax-mobiele-massagetafel-welltouch\\\/#primaryimage\"},\"image\":{\"@id\":\"https:\\\/\\\/touchproeurope.eu\\\/product\\\/relax-mobiele-massagetafel-welltouch\\\/#primaryimage\"},\"thumbnailUrl\":\"https:\\\/\\\/i0.wp.com\\\/touchproeurope.eu\\\/wp-content\\\/uploads\\\/2025\\\/03\\\/table-de-massage-pliante-RELAX-bleu.jpg?fit=1500%2C1500&ssl=1\",\"datePublished\":\"2025-03-10T10:07:28+00:00\",\"dateModified\":\"2026-03-04T16:57:08+00:00\",\"description\":\"Met de RELAX mobiele massagetafel ervaar je ultiem gemak en praktische montageopties. Breng je massage-ervaring naar een hoger niveau! Bestel hem bij TouchPro Europe de massagewinkel van Europa\",\"breadcrumb\":{\"@id\":\"https:\\\/\\\/touchproeurope.eu\\\/product\\\/relax-mobiele-massagetafel-welltouch\\\/#breadcrumb\"},\"inLanguage\":\"it-IT\",\"potentialAction\":[{\"@type\":\"ReadAction\",\"target\":[\"https:\\\/\\\/touchproeurope.eu\\\/product\\\/relax-mobiele-massagetafel-welltouch\\\/\"]}]},{\"@type\":\"ImageObject\",\"inLanguage\":\"it-IT\",\"@id\":\"https:\\\/\\\/touchproeurope.eu\\\/product\\\/relax-mobiele-massagetafel-welltouch\\\/#primaryimage\",\"url\":\"https:\\\/\\\/i0.wp.com\\\/touchproeurope.eu\\\/wp-content\\\/uploads\\\/2025\\\/03\\\/table-de-massage-pliante-RELAX-bleu.jpg?fit=1500%2C1500&ssl=1\",\"contentUrl\":\"https:\\\/\\\/i0.wp.com\\\/touchproeurope.eu\\\/wp-content\\\/uploads\\\/2025\\\/03\\\/table-de-massage-pliante-RELAX-bleu.jpg?fit=1500%2C1500&ssl=1\",\"width\":1500,\"height\":1500,\"caption\":\"RELAX massagetafel WellTouch blauw\"},{\"@type\":\"BreadcrumbList\",\"@id\":\"https:\\\/\\\/touchproeurope.eu\\\/product\\\/relax-mobiele-massagetafel-welltouch\\\/#breadcrumb\",\"itemListElement\":[{\"@type\":\"ListItem\",\"position\":1,\"name\":\"Home\",\"item\":\"https:\\\/\\\/touchproeurope.eu\\\/\"},{\"@type\":\"ListItem\",\"position\":2,\"name\":\"Winkel\",\"item\":\"https:\\\/\\\/touchproeurope.eu\\\/winkel\\\/\"},{\"@type\":\"ListItem\",\"position\":3,\"name\":\"RELAX mobiele massagetafel WellTouch\"}]},{\"@type\":\"WebSite\",\"@id\":\"https:\\\/\\\/touchproeurope.eu\\\/#website\",\"url\":\"https:\\\/\\\/touchproeurope.eu\\\/\",\"name\":\"TouchPro Europe Shop\",\"description\":\"Alles voor jouw praktijk met een PROfessionele Touch!\",\"publisher\":{\"@id\":\"https:\\\/\\\/touchproeurope.eu\\\/#organization\"},\"alternateName\":\"TPE\",\"potentialAction\":[{\"@type\":\"SearchAction\",\"target\":{\"@type\":\"EntryPoint\",\"urlTemplate\":\"https:\\\/\\\/touchproeurope.eu\\\/?s={search_term_string}\"},\"query-input\":{\"@type\":\"PropertyValueSpecification\",\"valueRequired\":true,\"valueName\":\"search_term_string\"}}],\"inLanguage\":\"it-IT\"},{\"@type\":\"Organization\",\"@id\":\"https:\\\/\\\/touchproeurope.eu\\\/#organization\",\"name\":\"TouchPro Europe BV\",\"alternateName\":\"TPE\",\"url\":\"https:\\\/\\\/touchproeurope.eu\\\/\",\"logo\":{\"@type\":\"ImageObject\",\"inLanguage\":\"it-IT\",\"@id\":\"https:\\\/\\\/touchproeurope.eu\\\/#\\\/schema\\\/logo\\\/image\\\/\",\"url\":\"https:\\\/\\\/i0.wp.com\\\/touchproeurope.eu\\\/wp-content\\\/uploads\\\/2023\\\/10\\\/2b592c_b6944d80811246d987cc2c29accedf3f.png?fit=1417%2C531&ssl=1\",\"contentUrl\":\"https:\\\/\\\/i0.wp.com\\\/touchproeurope.eu\\\/wp-content\\\/uploads\\\/2023\\\/10\\\/2b592c_b6944d80811246d987cc2c29accedf3f.png?fit=1417%2C531&ssl=1\",\"width\":1417,\"height\":531,\"caption\":\"TouchPro Europe BV\"},\"image\":{\"@id\":\"https:\\\/\\\/touchproeurope.eu\\\/#\\\/schema\\\/logo\\\/image\\\/\"},\"sameAs\":[\"https:\\\/\\\/www.facebook.com\\\/TouchproNederland\\\/?locale=nl_NL\\\/\",\"https:\\\/\\\/www.instagram.com\\\/touchpro2016\\\/\",\"https:\\\/\\\/www.linkedin.com\\\/company\\\/touchpro-europe-bv\\\/\"],\"description\":\"TouchPro Europe Shop is de massage winkel van Europa. Wij verkopen topkwaliteit massageproducten aan masseurs, pedicures, fysiotherapeuten, manicuren, Wellness centra, opleidingen, etc. TouchPro begon als een kleine webshop in Nederland, maar is nu uitgegroeid tot een webshop met klanten uit heel Europa. Wij bieden een breed assortiment aan massageproducten, waaronder massagetafels, oli\u00ebn, cr\u00e8mes, en accessoires van topmerken, zoals Earthlite, Stronglite en InnerStrenght, Habys, Living Earth Crafts en Continuum en andere leveranciers van massage accessoires. Bestel hier de beste massagematerialen van Europa!\",\"email\":\"info@touchpro-europe.com\",\"telephone\":\"0858768829\",\"legalName\":\"TouchPro Europe BV\",\"foundingDate\":\"2018-01-11\",\"vatID\":\"NL855430151B01\",\"numberOfEmployees\":{\"@type\":\"QuantitativeValue\",\"minValue\":\"1\",\"maxValue\":\"10\"},\"hasMerchantReturnPolicy\":{\"@type\":\"MerchantReturnPolicy\",\"merchantReturnLink\":\"https:\\\/\\\/touchproeurope.eu\\\/it\\\/retourbeleid\\\/\"}}]}<\/script>\n<meta property=\"product:brand\" content=\"Welltouch\" \/>\n<meta property=\"og:availability\" content=\"out of stock\" \/>\n<meta property=\"product:availability\" content=\"out of stock\" \/>\n<meta property=\"product:condition\" content=\"new\" \/>\n<!-- \/ Yoast SEO Premium plugin. -->","yoast_head_json":{"title":"Bestel de RELAX mobiele massagetafel WellTouch gemakkelijk bij - TouchPro Europe Shop","description":"Met de RELAX mobiele massagetafel ervaar je ultiem gemak en praktische montageopties. Breng je massage-ervaring naar een hoger niveau! Bestel hem bij TouchPro Europe de massagewinkel van Europa","robots":{"index":"index","follow":"follow","max-snippet":"max-snippet:-1","max-image-preview":"max-image-preview:large","max-video-preview":"max-video-preview:-1"},"canonical":"https:\/\/touchproeurope.eu\/it\/product\/relax-mobiele-massagetafel-welltouch\/","og_locale":"it_IT","og_type":"article","og_title":"RELAX mobiele massagetafel WellTouch","og_description":"Met de RELAX mobiele massagetafel ervaar je ultiem gemak en praktische montageopties. Breng je massage-ervaring naar een hoger niveau! Bestel hem bij TouchPro Europe de massagewinkel van Europa","og_url":"https:\/\/touchproeurope.eu\/it\/product\/relax-mobiele-massagetafel-welltouch\/","og_site_name":"TouchPro Europe Shop","article_publisher":"https:\/\/www.facebook.com\/TouchproNederland\/?locale=nl_NL%2f","article_modified_time":"2026-03-04T16:57:08+00:00","og_image":[{"width":1500,"height":1500,"url":"https:\/\/touchproeurope.eu\/wp-content\/uploads\/2025\/03\/table-de-massage-pliante-RELAX-bleu.jpg","type":"image\/jpeg"}],"twitter_card":"summary_large_image","twitter_misc":{"Disponibilit\u00e0":"Esaurito"},"schema":{"@context":"https:\/\/schema.org","@graph":[{"@type":"WebPage","@id":"https:\/\/touchproeurope.eu\/product\/relax-mobiele-massagetafel-welltouch\/","url":"https:\/\/touchproeurope.eu\/product\/relax-mobiele-massagetafel-welltouch\/","name":"Bestel de RELAX mobiele massagetafel WellTouch gemakkelijk bij - TouchPro Europe Shop","isPartOf":{"@id":"https:\/\/touchproeurope.eu\/#website"},"primaryImageOfPage":{"@id":"https:\/\/touchproeurope.eu\/product\/relax-mobiele-massagetafel-welltouch\/#primaryimage"},"image":{"@id":"https:\/\/touchproeurope.eu\/product\/relax-mobiele-massagetafel-welltouch\/#primaryimage"},"thumbnailUrl":"https:\/\/i0.wp.com\/touchproeurope.eu\/wp-content\/uploads\/2025\/03\/table-de-massage-pliante-RELAX-bleu.jpg?fit=1500%2C1500&ssl=1","datePublished":"2025-03-10T10:07:28+00:00","dateModified":"2026-03-04T16:57:08+00:00","description":"Met de RELAX mobiele massagetafel ervaar je ultiem gemak en praktische montageopties. Breng je massage-ervaring naar een hoger niveau! Bestel hem bij TouchPro Europe de massagewinkel van Europa","breadcrumb":{"@id":"https:\/\/touchproeurope.eu\/product\/relax-mobiele-massagetafel-welltouch\/#breadcrumb"},"inLanguage":"it-IT","potentialAction":[{"@type":"ReadAction","target":["https:\/\/touchproeurope.eu\/product\/relax-mobiele-massagetafel-welltouch\/"]}]},{"@type":"ImageObject","inLanguage":"it-IT","@id":"https:\/\/touchproeurope.eu\/product\/relax-mobiele-massagetafel-welltouch\/#primaryimage","url":"https:\/\/i0.wp.com\/touchproeurope.eu\/wp-content\/uploads\/2025\/03\/table-de-massage-pliante-RELAX-bleu.jpg?fit=1500%2C1500&ssl=1","contentUrl":"https:\/\/i0.wp.com\/touchproeurope.eu\/wp-content\/uploads\/2025\/03\/table-de-massage-pliante-RELAX-bleu.jpg?fit=1500%2C1500&ssl=1","width":1500,"height":1500,"caption":"RELAX massagetafel WellTouch blauw"},{"@type":"BreadcrumbList","@id":"https:\/\/touchproeurope.eu\/product\/relax-mobiele-massagetafel-welltouch\/#breadcrumb","itemListElement":[{"@type":"ListItem","position":1,"name":"Home","item":"https:\/\/touchproeurope.eu\/"},{"@type":"ListItem","position":2,"name":"Winkel","item":"https:\/\/touchproeurope.eu\/winkel\/"},{"@type":"ListItem","position":3,"name":"RELAX mobiele massagetafel WellTouch"}]},{"@type":"WebSite","@id":"https:\/\/touchproeurope.eu\/#website","url":"https:\/\/touchproeurope.eu\/","name":"Negozio TouchPro Europe","description":"Tutto per il vostro studio con un tocco professionale!","publisher":{"@id":"https:\/\/touchproeurope.eu\/#organization"},"alternateName":"TPE","potentialAction":[{"@type":"SearchAction","target":{"@type":"EntryPoint","urlTemplate":"https:\/\/touchproeurope.eu\/?s={search_term_string}"},"query-input":{"@type":"PropertyValueSpecification","valueRequired":true,"valueName":"search_term_string"}}],"inLanguage":"it-IT"},{"@type":"Organization","@id":"https:\/\/touchproeurope.eu\/#organization","name":"TouchPro Europe BV","alternateName":"TPE","url":"https:\/\/touchproeurope.eu\/","logo":{"@type":"ImageObject","inLanguage":"it-IT","@id":"https:\/\/touchproeurope.eu\/#\/schema\/logo\/image\/","url":"https:\/\/i0.wp.com\/touchproeurope.eu\/wp-content\/uploads\/2023\/10\/2b592c_b6944d80811246d987cc2c29accedf3f.png?fit=1417%2C531&ssl=1","contentUrl":"https:\/\/i0.wp.com\/touchproeurope.eu\/wp-content\/uploads\/2023\/10\/2b592c_b6944d80811246d987cc2c29accedf3f.png?fit=1417%2C531&ssl=1","width":1417,"height":531,"caption":"TouchPro Europe BV"},"image":{"@id":"https:\/\/touchproeurope.eu\/#\/schema\/logo\/image\/"},"sameAs":["https:\/\/www.facebook.com\/TouchproNederland\/?locale=nl_NL\/","https:\/\/www.instagram.com\/touchpro2016\/","https:\/\/www.linkedin.com\/company\/touchpro-europe-bv\/"],"description":"TouchPro Europe Shop \u00e8 il negozio di massaggi d'Europa. Vendiamo prodotti per il massaggio di alta qualit\u00e0 a massaggiatori, pedicuristi, fisioterapisti, manicuristi, centri benessere, corsi di formazione, ecc. TouchPro \u00e8 nato come un piccolo negozio nei Paesi Bassi, ma ora \u00e8 diventato un negozio con clienti da tutta Europa. Offriamo un'ampia gamma di prodotti per il massaggio, tra cui lettini, oli, creme e accessori delle migliori marche come Earthlite, Stronglite e InnerStrenght, Habys, Living Earth Crafts e Continuum e altri fornitori di accessori per il massaggio. Ordinate qui le migliori forniture per massaggi d'Europa!","email":"info@touchpro-europe.com","telephone":"0858768829","legalName":"TouchPro Europe BV","foundingDate":"2018-01-11","vatID":"NL855430151B01","numberOfEmployees":{"@type":"QuantitativeValue","minValue":"1","maxValue":"10"},"hasMerchantReturnPolicy":{"@type":"MerchantReturnPolicy","merchantReturnLink":"https:\/\/touchproeurope.eu\/it\/retourbeleid\/"}}]},"product_brand":"Welltouch","og_availability":"out of stock","product_availability":"out of stock","product_condition":"new"},"_links":{"self":[{"href":"https:\/\/touchproeurope.eu\/it\/wp-json\/wp\/v2\/product\/7883","targetHints":{"allow":["GET"]}}],"collection":[{"href":"https:\/\/touchproeurope.eu\/it\/wp-json\/wp\/v2\/product"}],"about":[{"href":"https:\/\/touchproeurope.eu\/it\/wp-json\/wp\/v2\/types\/product"}],"replies":[{"embeddable":true,"href":"https:\/\/touchproeurope.eu\/it\/wp-json\/wp\/v2\/comments?post=7883"}],"version-history":[{"count":3,"href":"https:\/\/touchproeurope.eu\/it\/wp-json\/wp\/v2\/product\/7883\/revisions"}],"predecessor-version":[{"id":7894,"href":"https:\/\/touchproeurope.eu\/it\/wp-json\/wp\/v2\/product\/7883\/revisions\/7894"}],"wp:featuredmedia":[{"embeddable":true,"href":"https:\/\/touchproeurope.eu\/it\/wp-json\/wp\/v2\/media\/7890"}],"wp:attachment":[{"href":"https:\/\/touchproeurope.eu\/it\/wp-json\/wp\/v2\/media?parent=7883"}],"wp:term":[{"taxonomy":"product_brand","embeddable":true,"href":"https:\/\/touchproeurope.eu\/it\/wp-json\/wp\/v2\/product_brand?post=7883"},{"taxonomy":"product_cat","embeddable":true,"href":"https:\/\/touchproeurope.eu\/it\/wp-json\/wp\/v2\/product_cat?post=7883"},{"taxonomy":"product_tag","embeddable":true,"href":"https:\/\/touchproeurope.eu\/it\/wp-json\/wp\/v2\/product_tag?post=7883"}],"curies":[{"name":"wp","href":"https:\/\/api.w.org\/{rel}","templated":true}]}}