{"id":7913,"date":"2025-03-11T11:45:59","date_gmt":"2025-03-11T11:45:59","guid":{"rendered":"https:\/\/touchproeurope.eu\/?post_type=product&#038;p=7913"},"modified":"2026-03-04T16:57:08","modified_gmt":"2026-03-04T16:57:08","slug":"massagetafel-balance-ii","status":"publish","type":"product","link":"https:\/\/touchproeurope.eu\/it\/product\/massagetafel-balance-ii\/","title":{"rendered":"Lettino da massaggio BALANCE II 71 cm"},"content":{"rendered":"<h2 data-start=\"0\" data-end=\"76\"><strong data-start=\"0\" data-end=\"74\">Massagetafel BALANCE II 71 cm \u2013 Stabiele en Comfortabele Behandeltafel<\/strong><\/h2>\n<p data-start=\"78\" data-end=\"376\">De Massagetafel BALANCE II is een robuuste en comfortabele <strong data-start=\"147\" data-end=\"184\">mobiele en draagbare massagetafel<\/strong>, ideaal voor zowel professionele therapeuten als beginnende masseurs. Deze tafel is eenvoudig op te zetten en weer in te klappen, waardoor hij perfect is voor flexibel gebruik en transport.<\/p>\n<h3><strong data-start=\"382\" data-end=\"396\">Inclusief:<\/strong><\/h3>\n<p data-start=\"399\" data-end=\"610\">\u2714 <strong data-start=\"401\" data-end=\"434\">Lettino da massaggio BALANCE II 71 cm<\/strong><br data-start=\"434\" data-end=\"437\" \/>\u2714 <strong data-start=\"439\" data-end=\"465\">Verstelbare hoofdsteun<\/strong><br data-start=\"465\" data-end=\"468\" \/>\u2714 <strong data-start=\"470\" data-end=\"482\">Armsteun<\/strong><br data-start=\"482\" data-end=\"485\" \/>\u2714 <strong data-start=\"487\" data-end=\"502\">Reiki-optie<\/strong> aan beide uiteinden voor extra beenruimte<br data-start=\"544\" data-end=\"547\" \/>\u2714 <strong data-start=\"549\" data-end=\"561\">Draagtas<\/strong> (<em data-start=\"563\" data-end=\"607\">artikel kan afwijken van de tas op de foto<\/em>)<\/p>\n<p><strong data-start=\"616\" data-end=\"645\">Technische Specificaties:<\/strong><\/p>\n<ul data-start=\"648\" data-end=\"912\">\n<li data-start=\"648\" data-end=\"670\"><strong data-start=\"650\" data-end=\"662\">Breedte:<\/strong> 71 cm<\/li>\n<li data-start=\"671\" data-end=\"709\"><strong data-start=\"673\" data-end=\"696\">Hoogte verstelbaar:<\/strong> 61 &#8211; 83 cm<\/li>\n<li data-start=\"710\" data-end=\"732\"><strong data-start=\"712\" data-end=\"723\">Lengte:<\/strong> 185 cm<\/li>\n<li data-start=\"733\" data-end=\"761\"><strong data-start=\"735\" data-end=\"747\">Gewicht:<\/strong> ca. 15,5 kg<\/li>\n<li data-start=\"762\" data-end=\"798\"><strong data-start=\"764\" data-end=\"789\">Dynamische belasting:<\/strong> 180 kg<\/li>\n<li data-start=\"799\" data-end=\"834\"><strong data-start=\"801\" data-end=\"825\">Statische belasting:<\/strong> 720 kg<\/li>\n<li data-start=\"835\" data-end=\"873\"><strong data-start=\"837\" data-end=\"859\">Standaard vulling:<\/strong> 5 cm schuim<\/li>\n<li data-start=\"874\" data-end=\"912\"><strong data-start=\"876\" data-end=\"910\">Zachte &amp; robuuste PU-bekleding<\/strong><\/li>\n<\/ul>\n<p><strong data-start=\"918\" data-end=\"951\">Onderhoud van de PU-bekleding<\/strong><\/p>\n<p data-start=\"954\" data-end=\"1209\">De mobiele massagetafel is bekleed met hoogwaardig <strong data-start=\"1018\" data-end=\"1039\">polyurethaan (PU)<\/strong>, dat eenvoudig te reinigen is met water en een klein beetje afwasmiddel. Voor incidentele desinfectie raden wij de <strong data-start=\"1155\" data-end=\"1202\">alcoholvrije desinfectiereiniger &#8220;Aysun cleaning spray&#8221;<\/strong> aan.<\/p>\n<p data-start=\"1211\" data-end=\"1247\">\ud83d\udca1 <strong data-start=\"1214\" data-end=\"1245\">Belangrijke onderhoudstips:<\/strong><\/p>\n<ul data-start=\"1248\" data-end=\"1616\">\n<li data-start=\"1248\" data-end=\"1366\">Bescherm de massagetafel altijd met een <strong data-start=\"1290\" data-end=\"1305\">schone hoes<\/strong> om schade door <strong data-start=\"1321\" data-end=\"1350\">huidoli\u00ebn en massageoli\u00ebn<\/strong> te voorkomen.<\/li>\n<li data-start=\"1367\" data-end=\"1505\">Bij gebruik van <strong data-start=\"1385\" data-end=\"1412\">grote hoeveelheden olie<\/strong>, zoals bij Ayurveda-massages, dient een <strong data-start=\"1453\" data-end=\"1483\">speciale olie-beschermhoes<\/strong> gebruikt te worden.<\/li>\n<li data-start=\"1506\" data-end=\"1616\">Vermijd <strong data-start=\"1516\" data-end=\"1568\">agressieve of alcoholhoudende schoonmaakmiddelen<\/strong>, omdat deze het materiaal kunnen beschadigen.<\/li>\n<\/ul>\n<p><strong data-start=\"1622\" data-end=\"1676\">Garantie-informatie (EU, Zwitserland en Noorwegen)<\/strong><\/p>\n<p data-start=\"1679\" data-end=\"1792\">De <strong data-start=\"1682\" data-end=\"1715\">Lettino da massaggio BALANCE II 71 cm<\/strong> heeft een <strong data-start=\"1726\" data-end=\"1756\">garantieperiode van 2 jaar<\/strong> op materiaal- en fabricagefouten.<\/p>\n<p data-start=\"1794\" data-end=\"1825\"><strong data-start=\"1794\" data-end=\"1823\">Uitgesloten van garantie:<\/strong><\/p>\n<ul data-start=\"1826\" data-end=\"1978\">\n<li data-start=\"1826\" data-end=\"1929\">Schade door <strong data-start=\"1840\" data-end=\"1864\">onjuiste behandeling<\/strong> (bijv. olieschade of verkeerd gebruik van schoonmaakmiddelen).<\/li>\n<li data-start=\"1930\" data-end=\"1978\">Normale <strong data-start=\"1940\" data-end=\"1952\">slijtage<\/strong> door dagelijks gebruik.<\/li>\n<\/ul>\n<h4>Veiligheidsinstructies:<\/h4>\n<p>Let op: Gevaar voor verbrijzeling.<br \/>\nVolg de productinstructies.<br \/>\nGebruik zoals bedoeld.<br \/>\nProductinstructies: <a href=\"https:\/\/bodynova.de\/media\/pdf\/welltouch-massage-tables-instructions.pdf\">Massagetafels van Welltouch (PDF)<\/a><\/p>","protected":false},"excerpt":{"rendered":"<p>Massagetafel BALANCE II 71 cm \u2013 Stabiele en Comfortabele Behandeltafel De Massagetafel BALANCE II is een robuuste en comfortabele mobiele en draagbare massagetafel, ideaal voor zowel professionele therapeuten als beginnende masseurs. Deze tafel is eenvoudig op te zetten en weer in te klappen, waardoor hij perfect is voor flexibel gebruik en transport. Inclusief: \u2714 Massagetafel [&hellip;]<\/p>\n","protected":false},"featured_media":7915,"comment_status":"open","ping_status":"closed","template":"","meta":[],"product_brand":[347],"product_cat":[94,93],"product_tag":[],"class_list":{"0":"post-7913","1":"product","2":"type-product","3":"status-publish","4":"has-post-thumbnail","6":"product_brand-welltouch","7":"product_cat-draagbare-massagetafels","8":"product_cat-massagetafels","9":"product_shipping_class-groot-pakket","10":"pa_kleur-beige","11":"pa_kleur-blauw","12":"pa_kleur-bordeaux","13":"pa_merk-welltouch","15":"first","16":"instock","17":"taxable","18":"shipping-taxable","19":"purchasable","20":"product-type-variable"},"yoast_head":"<!-- This site is optimized with the Yoast SEO Premium plugin v27.3 (Yoast SEO v27.3) - https:\/\/yoast.com\/product\/yoast-seo-premium-wordpress\/ -->\n<title>Massagetafel BALANCE II 71 cm - TouchPro Europe Shop<\/title>\n<meta name=\"description\" content=\"Maak je massage-ervaring compleet met de Massagetafel BALANCE II 71 cm. Deze multifunctionele tafel is ideaal voor elke therapeut! Te koop bij TouchPro Europe\" \/>\n<meta name=\"robots\" content=\"index, follow, max-snippet:-1, max-image-preview:large, max-video-preview:-1\" \/>\n<link rel=\"canonical\" href=\"https:\/\/touchproeurope.eu\/it\/product\/massagetafel-balance-ii\/\" \/>\n<meta property=\"og:locale\" content=\"it_IT\" \/>\n<meta property=\"og:type\" content=\"article\" \/>\n<meta property=\"og:title\" content=\"Massagetafel BALANCE II 71 cm\" \/>\n<meta property=\"og:description\" content=\"Maak je massage-ervaring compleet met de Massagetafel BALANCE II 71 cm. Deze multifunctionele tafel is ideaal voor elke therapeut! Te koop bij TouchPro Europe\" \/>\n<meta property=\"og:url\" content=\"https:\/\/touchproeurope.eu\/it\/product\/massagetafel-balance-ii\/\" \/>\n<meta property=\"og:site_name\" content=\"TouchPro Europe Shop\" \/>\n<meta property=\"article:publisher\" content=\"https:\/\/www.facebook.com\/TouchproNederland\/?locale=nl_NL%2f\" \/>\n<meta property=\"article:modified_time\" content=\"2026-03-04T16:57:08+00:00\" \/>\n<meta property=\"og:image\" content=\"https:\/\/touchproeurope.eu\/wp-content\/uploads\/2025\/03\/table-de-massage-pliante-balance-bordeau.jpeg\" \/>\n\t<meta property=\"og:image:width\" content=\"1500\" \/>\n\t<meta property=\"og:image:height\" content=\"1500\" \/>\n\t<meta property=\"og:image:type\" content=\"image\/jpeg\" \/>\n<meta name=\"twitter:card\" content=\"summary_large_image\" \/>\n<meta name=\"twitter:label1\" content=\"Disponibilit\u00e0\" \/>\n\t<meta name=\"twitter:data1\" content=\"In stock\" \/>\n<script type=\"application\/ld+json\" class=\"yoast-schema-graph\">{\"@context\":\"https:\\\/\\\/schema.org\",\"@graph\":[{\"@type\":\"WebPage\",\"@id\":\"https:\\\/\\\/touchproeurope.eu\\\/product\\\/massagetafel-balance-ii\\\/\",\"url\":\"https:\\\/\\\/touchproeurope.eu\\\/product\\\/massagetafel-balance-ii\\\/\",\"name\":\"Massagetafel BALANCE II 71 cm - TouchPro Europe Shop\",\"isPartOf\":{\"@id\":\"https:\\\/\\\/touchproeurope.eu\\\/#website\"},\"primaryImageOfPage\":{\"@id\":\"https:\\\/\\\/touchproeurope.eu\\\/product\\\/massagetafel-balance-ii\\\/#primaryimage\"},\"image\":{\"@id\":\"https:\\\/\\\/touchproeurope.eu\\\/product\\\/massagetafel-balance-ii\\\/#primaryimage\"},\"thumbnailUrl\":\"https:\\\/\\\/i0.wp.com\\\/touchproeurope.eu\\\/wp-content\\\/uploads\\\/2025\\\/03\\\/table-de-massage-pliante-balance-bordeau.jpeg?fit=1500%2C1500&ssl=1\",\"datePublished\":\"2025-03-11T11:45:59+00:00\",\"dateModified\":\"2026-03-04T16:57:08+00:00\",\"description\":\"Maak je massage-ervaring compleet met de Massagetafel BALANCE II 71 cm. Deze multifunctionele tafel is ideaal voor elke therapeut! Te koop bij TouchPro Europe\",\"breadcrumb\":{\"@id\":\"https:\\\/\\\/touchproeurope.eu\\\/product\\\/massagetafel-balance-ii\\\/#breadcrumb\"},\"inLanguage\":\"it-IT\",\"potentialAction\":[{\"@type\":\"ReadAction\",\"target\":[\"https:\\\/\\\/touchproeurope.eu\\\/product\\\/massagetafel-balance-ii\\\/\"]}]},{\"@type\":\"ImageObject\",\"inLanguage\":\"it-IT\",\"@id\":\"https:\\\/\\\/touchproeurope.eu\\\/product\\\/massagetafel-balance-ii\\\/#primaryimage\",\"url\":\"https:\\\/\\\/i0.wp.com\\\/touchproeurope.eu\\\/wp-content\\\/uploads\\\/2025\\\/03\\\/table-de-massage-pliante-balance-bordeau.jpeg?fit=1500%2C1500&ssl=1\",\"contentUrl\":\"https:\\\/\\\/i0.wp.com\\\/touchproeurope.eu\\\/wp-content\\\/uploads\\\/2025\\\/03\\\/table-de-massage-pliante-balance-bordeau.jpeg?fit=1500%2C1500&ssl=1\",\"width\":1500,\"height\":1500,\"caption\":\"Massagetafel BALANCE II 71 cm\"},{\"@type\":\"BreadcrumbList\",\"@id\":\"https:\\\/\\\/touchproeurope.eu\\\/product\\\/massagetafel-balance-ii\\\/#breadcrumb\",\"itemListElement\":[{\"@type\":\"ListItem\",\"position\":1,\"name\":\"Home\",\"item\":\"https:\\\/\\\/touchproeurope.eu\\\/\"},{\"@type\":\"ListItem\",\"position\":2,\"name\":\"Winkel\",\"item\":\"https:\\\/\\\/touchproeurope.eu\\\/winkel\\\/\"},{\"@type\":\"ListItem\",\"position\":3,\"name\":\"Massagetafel BALANCE II 71 cm\"}]},{\"@type\":\"WebSite\",\"@id\":\"https:\\\/\\\/touchproeurope.eu\\\/#website\",\"url\":\"https:\\\/\\\/touchproeurope.eu\\\/\",\"name\":\"TouchPro Europe Shop\",\"description\":\"Alles voor jouw praktijk met een PROfessionele Touch!\",\"publisher\":{\"@id\":\"https:\\\/\\\/touchproeurope.eu\\\/#organization\"},\"alternateName\":\"TPE\",\"potentialAction\":[{\"@type\":\"SearchAction\",\"target\":{\"@type\":\"EntryPoint\",\"urlTemplate\":\"https:\\\/\\\/touchproeurope.eu\\\/?s={search_term_string}\"},\"query-input\":{\"@type\":\"PropertyValueSpecification\",\"valueRequired\":true,\"valueName\":\"search_term_string\"}}],\"inLanguage\":\"it-IT\"},{\"@type\":\"Organization\",\"@id\":\"https:\\\/\\\/touchproeurope.eu\\\/#organization\",\"name\":\"TouchPro Europe BV\",\"alternateName\":\"TPE\",\"url\":\"https:\\\/\\\/touchproeurope.eu\\\/\",\"logo\":{\"@type\":\"ImageObject\",\"inLanguage\":\"it-IT\",\"@id\":\"https:\\\/\\\/touchproeurope.eu\\\/#\\\/schema\\\/logo\\\/image\\\/\",\"url\":\"https:\\\/\\\/i0.wp.com\\\/touchproeurope.eu\\\/wp-content\\\/uploads\\\/2023\\\/10\\\/2b592c_b6944d80811246d987cc2c29accedf3f.png?fit=1417%2C531&ssl=1\",\"contentUrl\":\"https:\\\/\\\/i0.wp.com\\\/touchproeurope.eu\\\/wp-content\\\/uploads\\\/2023\\\/10\\\/2b592c_b6944d80811246d987cc2c29accedf3f.png?fit=1417%2C531&ssl=1\",\"width\":1417,\"height\":531,\"caption\":\"TouchPro Europe BV\"},\"image\":{\"@id\":\"https:\\\/\\\/touchproeurope.eu\\\/#\\\/schema\\\/logo\\\/image\\\/\"},\"sameAs\":[\"https:\\\/\\\/www.facebook.com\\\/TouchproNederland\\\/?locale=nl_NL\\\/\",\"https:\\\/\\\/www.instagram.com\\\/touchpro2016\\\/\",\"https:\\\/\\\/www.linkedin.com\\\/company\\\/touchpro-europe-bv\\\/\"],\"description\":\"TouchPro Europe Shop is de massage winkel van Europa. Wij verkopen topkwaliteit massageproducten aan masseurs, pedicures, fysiotherapeuten, manicuren, Wellness centra, opleidingen, etc. TouchPro begon als een kleine webshop in Nederland, maar is nu uitgegroeid tot een webshop met klanten uit heel Europa. Wij bieden een breed assortiment aan massageproducten, waaronder massagetafels, oli\u00ebn, cr\u00e8mes, en accessoires van topmerken, zoals Earthlite, Stronglite en InnerStrenght, Habys, Living Earth Crafts en Continuum en andere leveranciers van massage accessoires. Bestel hier de beste massagematerialen van Europa!\",\"email\":\"info@touchpro-europe.com\",\"telephone\":\"0858768829\",\"legalName\":\"TouchPro Europe BV\",\"foundingDate\":\"2018-01-11\",\"vatID\":\"NL855430151B01\",\"numberOfEmployees\":{\"@type\":\"QuantitativeValue\",\"minValue\":\"1\",\"maxValue\":\"10\"},\"hasMerchantReturnPolicy\":{\"@type\":\"MerchantReturnPolicy\",\"merchantReturnLink\":\"https:\\\/\\\/touchproeurope.eu\\\/it\\\/retourbeleid\\\/\"}}]}<\/script>\n<meta property=\"product:brand\" content=\"Welltouch\" \/>\n<meta property=\"og:availability\" content=\"instock\" \/>\n<meta property=\"product:availability\" content=\"instock\" \/>\n<meta property=\"product:retailer_item_id\" content=\"b71x\" \/>\n<meta property=\"product:condition\" content=\"new\" \/>\n<!-- \/ Yoast SEO Premium plugin. -->","yoast_head_json":{"title":"Massagetafel BALANCE II 71 cm - TouchPro Europe Shop","description":"Maak je massage-ervaring compleet met de Massagetafel BALANCE II 71 cm. Deze multifunctionele tafel is ideaal voor elke therapeut! Te koop bij TouchPro Europe","robots":{"index":"index","follow":"follow","max-snippet":"max-snippet:-1","max-image-preview":"max-image-preview:large","max-video-preview":"max-video-preview:-1"},"canonical":"https:\/\/touchproeurope.eu\/it\/product\/massagetafel-balance-ii\/","og_locale":"it_IT","og_type":"article","og_title":"Massagetafel BALANCE II 71 cm","og_description":"Maak je massage-ervaring compleet met de Massagetafel BALANCE II 71 cm. Deze multifunctionele tafel is ideaal voor elke therapeut! Te koop bij TouchPro Europe","og_url":"https:\/\/touchproeurope.eu\/it\/product\/massagetafel-balance-ii\/","og_site_name":"TouchPro Europe Shop","article_publisher":"https:\/\/www.facebook.com\/TouchproNederland\/?locale=nl_NL%2f","article_modified_time":"2026-03-04T16:57:08+00:00","og_image":[{"width":1500,"height":1500,"url":"https:\/\/touchproeurope.eu\/wp-content\/uploads\/2025\/03\/table-de-massage-pliante-balance-bordeau.jpeg","type":"image\/jpeg"}],"twitter_card":"summary_large_image","twitter_misc":{"Disponibilit\u00e0":"In stock"},"schema":{"@context":"https:\/\/schema.org","@graph":[{"@type":"WebPage","@id":"https:\/\/touchproeurope.eu\/product\/massagetafel-balance-ii\/","url":"https:\/\/touchproeurope.eu\/product\/massagetafel-balance-ii\/","name":"Massagetafel BALANCE II 71 cm - TouchPro Europe Shop","isPartOf":{"@id":"https:\/\/touchproeurope.eu\/#website"},"primaryImageOfPage":{"@id":"https:\/\/touchproeurope.eu\/product\/massagetafel-balance-ii\/#primaryimage"},"image":{"@id":"https:\/\/touchproeurope.eu\/product\/massagetafel-balance-ii\/#primaryimage"},"thumbnailUrl":"https:\/\/i0.wp.com\/touchproeurope.eu\/wp-content\/uploads\/2025\/03\/table-de-massage-pliante-balance-bordeau.jpeg?fit=1500%2C1500&ssl=1","datePublished":"2025-03-11T11:45:59+00:00","dateModified":"2026-03-04T16:57:08+00:00","description":"Maak je massage-ervaring compleet met de Massagetafel BALANCE II 71 cm. Deze multifunctionele tafel is ideaal voor elke therapeut! Te koop bij TouchPro Europe","breadcrumb":{"@id":"https:\/\/touchproeurope.eu\/product\/massagetafel-balance-ii\/#breadcrumb"},"inLanguage":"it-IT","potentialAction":[{"@type":"ReadAction","target":["https:\/\/touchproeurope.eu\/product\/massagetafel-balance-ii\/"]}]},{"@type":"ImageObject","inLanguage":"it-IT","@id":"https:\/\/touchproeurope.eu\/product\/massagetafel-balance-ii\/#primaryimage","url":"https:\/\/i0.wp.com\/touchproeurope.eu\/wp-content\/uploads\/2025\/03\/table-de-massage-pliante-balance-bordeau.jpeg?fit=1500%2C1500&ssl=1","contentUrl":"https:\/\/i0.wp.com\/touchproeurope.eu\/wp-content\/uploads\/2025\/03\/table-de-massage-pliante-balance-bordeau.jpeg?fit=1500%2C1500&ssl=1","width":1500,"height":1500,"caption":"Massagetafel BALANCE II 71 cm"},{"@type":"BreadcrumbList","@id":"https:\/\/touchproeurope.eu\/product\/massagetafel-balance-ii\/#breadcrumb","itemListElement":[{"@type":"ListItem","position":1,"name":"Home","item":"https:\/\/touchproeurope.eu\/"},{"@type":"ListItem","position":2,"name":"Winkel","item":"https:\/\/touchproeurope.eu\/winkel\/"},{"@type":"ListItem","position":3,"name":"Massagetafel BALANCE II 71 cm"}]},{"@type":"WebSite","@id":"https:\/\/touchproeurope.eu\/#website","url":"https:\/\/touchproeurope.eu\/","name":"Negozio TouchPro Europe","description":"Tutto per il vostro studio con un tocco professionale!","publisher":{"@id":"https:\/\/touchproeurope.eu\/#organization"},"alternateName":"TPE","potentialAction":[{"@type":"SearchAction","target":{"@type":"EntryPoint","urlTemplate":"https:\/\/touchproeurope.eu\/?s={search_term_string}"},"query-input":{"@type":"PropertyValueSpecification","valueRequired":true,"valueName":"search_term_string"}}],"inLanguage":"it-IT"},{"@type":"Organization","@id":"https:\/\/touchproeurope.eu\/#organization","name":"TouchPro Europe BV","alternateName":"TPE","url":"https:\/\/touchproeurope.eu\/","logo":{"@type":"ImageObject","inLanguage":"it-IT","@id":"https:\/\/touchproeurope.eu\/#\/schema\/logo\/image\/","url":"https:\/\/i0.wp.com\/touchproeurope.eu\/wp-content\/uploads\/2023\/10\/2b592c_b6944d80811246d987cc2c29accedf3f.png?fit=1417%2C531&ssl=1","contentUrl":"https:\/\/i0.wp.com\/touchproeurope.eu\/wp-content\/uploads\/2023\/10\/2b592c_b6944d80811246d987cc2c29accedf3f.png?fit=1417%2C531&ssl=1","width":1417,"height":531,"caption":"TouchPro Europe BV"},"image":{"@id":"https:\/\/touchproeurope.eu\/#\/schema\/logo\/image\/"},"sameAs":["https:\/\/www.facebook.com\/TouchproNederland\/?locale=nl_NL\/","https:\/\/www.instagram.com\/touchpro2016\/","https:\/\/www.linkedin.com\/company\/touchpro-europe-bv\/"],"description":"TouchPro Europe Shop \u00e8 il negozio di massaggi d'Europa. Vendiamo prodotti per il massaggio di alta qualit\u00e0 a massaggiatori, pedicuristi, fisioterapisti, manicuristi, centri benessere, corsi di formazione, ecc. TouchPro \u00e8 nato come un piccolo negozio nei Paesi Bassi, ma ora \u00e8 diventato un negozio con clienti da tutta Europa. Offriamo un'ampia gamma di prodotti per il massaggio, tra cui lettini, oli, creme e accessori delle migliori marche come Earthlite, Stronglite e InnerStrenght, Habys, Living Earth Crafts e Continuum e altri fornitori di accessori per il massaggio. Ordinate qui le migliori forniture per massaggi d'Europa!","email":"info@touchpro-europe.com","telephone":"0858768829","legalName":"TouchPro Europe BV","foundingDate":"2018-01-11","vatID":"NL855430151B01","numberOfEmployees":{"@type":"QuantitativeValue","minValue":"1","maxValue":"10"},"hasMerchantReturnPolicy":{"@type":"MerchantReturnPolicy","merchantReturnLink":"https:\/\/touchproeurope.eu\/it\/retourbeleid\/"}}]},"product_brand":"Welltouch","og_availability":"instock","product_availability":"instock","product_retailer_item_id":"b71x","product_condition":"new"},"_links":{"self":[{"href":"https:\/\/touchproeurope.eu\/it\/wp-json\/wp\/v2\/product\/7913","targetHints":{"allow":["GET"]}}],"collection":[{"href":"https:\/\/touchproeurope.eu\/it\/wp-json\/wp\/v2\/product"}],"about":[{"href":"https:\/\/touchproeurope.eu\/it\/wp-json\/wp\/v2\/types\/product"}],"replies":[{"embeddable":true,"href":"https:\/\/touchproeurope.eu\/it\/wp-json\/wp\/v2\/comments?post=7913"}],"version-history":[{"count":4,"href":"https:\/\/touchproeurope.eu\/it\/wp-json\/wp\/v2\/product\/7913\/revisions"}],"predecessor-version":[{"id":7925,"href":"https:\/\/touchproeurope.eu\/it\/wp-json\/wp\/v2\/product\/7913\/revisions\/7925"}],"wp:featuredmedia":[{"embeddable":true,"href":"https:\/\/touchproeurope.eu\/it\/wp-json\/wp\/v2\/media\/7915"}],"wp:attachment":[{"href":"https:\/\/touchproeurope.eu\/it\/wp-json\/wp\/v2\/media?parent=7913"}],"wp:term":[{"taxonomy":"product_brand","embeddable":true,"href":"https:\/\/touchproeurope.eu\/it\/wp-json\/wp\/v2\/product_brand?post=7913"},{"taxonomy":"product_cat","embeddable":true,"href":"https:\/\/touchproeurope.eu\/it\/wp-json\/wp\/v2\/product_cat?post=7913"},{"taxonomy":"product_tag","embeddable":true,"href":"https:\/\/touchproeurope.eu\/it\/wp-json\/wp\/v2\/product_tag?post=7913"}],"curies":[{"name":"wp","href":"https:\/\/api.w.org\/{rel}","templated":true}]}}