{"id":7937,"date":"2025-03-16T18:47:25","date_gmt":"2025-03-16T18:47:25","guid":{"rendered":"https:\/\/touchproeurope.eu\/?post_type=product&#038;p=7937"},"modified":"2026-03-04T16:57:08","modified_gmt":"2026-03-04T16:57:08","slug":"massagetafel-balance-ii-76-cm","status":"publish","type":"product","link":"https:\/\/touchproeurope.eu\/it\/product\/massagetafel-balance-ii-76-cm\/","title":{"rendered":"Lettino da massaggio BALANCE II 76 cm"},"content":{"rendered":"<p data-start=\"0\" data-end=\"173\"><strong data-start=\"0\" data-end=\"110\">De massagetafel BALANCE II 76 cm met CableLock-frame in de budgetprijsklasse, nu verbeterd in vele details!<\/strong><br data-start=\"110\" data-end=\"113\" \/>De massagetafel is eenvoudig op te zetten en af te breken.<\/p>\n<h3 data-start=\"175\" data-end=\"194\">Nu inclusief:<\/h3>\n<ul data-start=\"195\" data-end=\"349\">\n<li data-start=\"195\" data-end=\"211\">De massagetafel BALANCE II 76 cm<\/li>\n<li data-start=\"212\" data-end=\"238\">Poggiatesta regolabile<\/li>\n<li data-start=\"239\" data-end=\"251\">Armsteun<\/li>\n<li data-start=\"252\" data-end=\"287\">Reiki-optie aan beide uiteinden<\/li>\n<li data-start=\"288\" data-end=\"349\">Draagtas (het artikel kan afwijken van de tas op de foto)<\/li>\n<\/ul>\n<h3 data-start=\"351\" data-end=\"376\">Constructiedetails:<\/h3>\n<ul data-start=\"377\" data-end=\"620\">\n<li data-start=\"377\" data-end=\"417\">Beschikbare breedtes: 71 cm en 76 cm<\/li>\n<li data-start=\"418\" data-end=\"446\">Hoogtebereik: 61 &#8211; 83 cm<\/li>\n<li data-start=\"447\" data-end=\"465\">Lengte: 185 cm<\/li>\n<li data-start=\"466\" data-end=\"490\">Gewicht: ca. 16,5 kg<\/li>\n<li data-start=\"491\" data-end=\"553\">Dynamische belasting: 180 kg \/ statische belasting: 720 kg<\/li>\n<li data-start=\"554\" data-end=\"588\">Standaard vulling: 5 cm schuim<\/li>\n<li data-start=\"589\" data-end=\"620\">Zacht &amp; sterk: PU-bekleding<\/li>\n<\/ul>\n<h3 data-start=\"622\" data-end=\"667\">Onderhoudsinstructies voor polyurethaan<\/h3>\n<p data-start=\"668\" data-end=\"970\">Onze massagetafels, krukken, massagestoelen, rollen etc. zijn bekleed met hoogwaardig polyurethaan (PU). Dit materiaal kan eenvoudig worden gereinigd met water en een kleine hoeveelheid afwasmiddel. Voor incidentele desinfectie raden wij onze alcoholvrije desinfecterende reiniger <strong data-start=\"949\" data-end=\"963\">&#8220;Aysun cleaning spray&#8221;<\/strong> aan.<\/p>\n<p data-start=\"972\" data-end=\"1275\">Aysun cleaning spray is vrij van alcohol, aldehyden en fenolen, waardoor het zeer zacht is voor materialen. Gewoon opspuiten, 1 minuut laten inwerken en vervolgens afnemen met een vochtige, zachte doek. Gewone huishoudelijke bleekmiddel, verdund 1:10 met water, is ook geschikt voor het reinigen van PU-bekleding.<\/p>\n<p data-start=\"1277\" data-end=\"1650\">Oli\u00ebn, inclusief natuurlijke huidoli\u00ebn, kunnen het bekledingsmateriaal beschadigen. Bescherm daarom altijd het ligoppervlak met een schone hoes en zorg ervoor dat er geen olieresten op het materiaal achterblijven. Bij gebruik van grotere hoeveelheden olie, zoals bij Ayurvedische behandelingen, moet de tafel altijd worden beschermd met een speciale olie-bestendige hoes.<\/p>\n<p data-start=\"1652\" data-end=\"1865\">Agressieve of op alcohol gebaseerde desinfectiemiddelen kunnen het materiaal ook beschadigen. Schade veroorzaakt door het gebruik van andere reinigingsmiddelen dan hierboven vermeld, valt niet onder de garantie.<\/p>\n<h3 data-start=\"1867\" data-end=\"1892\">Garantie-informatie<\/h3>\n<p data-start=\"1893\" data-end=\"2109\"><em data-start=\"1893\" data-end=\"1940\">(Geldig voor de EU, Zwitserland en Noorwegen)<\/em><br data-start=\"1940\" data-end=\"1943\" \/>TouchPro Europe garandeert dat WellTouch-producten, inclusief het bekledingsmateriaal en accessoires, vrij zijn van materiaal- en fabricagefouten gedurende twee jaar.<\/p>\n<p data-start=\"2111\" data-end=\"2146\">Uitgesloten van de garantie zijn:<\/p>\n<ul data-start=\"2147\" data-end=\"2304\">\n<li data-start=\"2147\" data-end=\"2283\">Schade veroorzaakt door onjuist gebruik of behandeling (zoals olieschade of schade door cosmetica of ongeschikte reinigingsmiddelen)<\/li>\n<li data-start=\"2284\" data-end=\"2304\">Normale slijtage<\/li>\n<\/ul>\n<h4>Veiligheidsinstructies:<\/h4>\n<p>Let op: Gevaar voor verbrijzeling.<br \/>\nVolg de productinstructies.<br \/>\nGebruik zoals bedoeld.<br \/>\nProductinstructies: <a href=\"https:\/\/bodynova.de\/media\/pdf\/welltouch-massage-tables-instructions.pdf\">Massagetafels van Welltouch (PDF)<\/a><\/p>","protected":false},"excerpt":{"rendered":"<p data-start=\"0\" data-end=\"53\"><strong data-start=\"0\" data-end=\"51\">WellTouch massagetafel BALANCE II 76 cm\u2013 Comfort en Stabiliteit<\/strong><\/p>\n<p data-start=\"55\" data-end=\"426\" data-is-last-node=\"\" data-is-only-node=\"\">Onze massagetafel met stevig CableLock-frame, nu verbeterd! Eenvoudig op te zetten en ideaal voor professionals. Inclusief verstelbare hoofdsteun, armsteun en draagtas. Verkrijgbaar in 71 cm en 76 cm breed, met een comfortabel 5 cm dik schuimkussen en duurzame PU-bekleding. Belastbaar tot 180 kg dynamisch. Perfect voor massages, fysiotherapie en wellness!<\/p>","protected":false},"featured_media":7938,"comment_status":"open","ping_status":"closed","template":"","meta":[],"product_brand":[347],"product_cat":[94,93],"product_tag":[],"class_list":{"0":"post-7937","1":"product","2":"type-product","3":"status-publish","4":"has-post-thumbnail","6":"product_brand-welltouch","7":"product_cat-draagbare-massagetafels","8":"product_cat-massagetafels","9":"product_shipping_class-groot-pakket","10":"pa_kleur-beige","11":"pa_kleur-blauw","12":"pa_kleur-bordeaux","13":"pa_kleur-chocolade","14":"pa_merk-welltouch","16":"first","17":"instock","18":"taxable","19":"shipping-taxable","20":"purchasable","21":"product-type-variable"},"yoast_head":"<!-- This site is optimized with the Yoast SEO Premium plugin v27.3 (Yoast SEO v27.3) - https:\/\/yoast.com\/product\/yoast-seo-premium-wordpress\/ -->\n<title>Massagetafel BALANCE II 76 cm - TouchPro Europe Shop<\/title>\n<meta name=\"description\" content=\"Bestel de massagetafel BALANCE II 76 cm met een sterk CableLock-frame voor optimale veiligheid bij TouchPro Europe. Perfect voor elke massagetoepassing!\" \/>\n<meta name=\"robots\" content=\"index, follow, max-snippet:-1, max-image-preview:large, max-video-preview:-1\" \/>\n<link rel=\"canonical\" href=\"https:\/\/touchproeurope.eu\/it\/product\/massagetafel-balance-ii-76-cm\/\" \/>\n<meta property=\"og:locale\" content=\"it_IT\" \/>\n<meta property=\"og:type\" content=\"article\" \/>\n<meta property=\"og:title\" content=\"Massagetafel BALANCE II 76 cm\" \/>\n<meta property=\"og:description\" content=\"Bestel de massagetafel BALANCE II 76 cm met een sterk CableLock-frame voor optimale veiligheid bij TouchPro Europe. Perfect voor elke massagetoepassing!\" \/>\n<meta property=\"og:url\" content=\"https:\/\/touchproeurope.eu\/it\/product\/massagetafel-balance-ii-76-cm\/\" \/>\n<meta property=\"og:site_name\" content=\"TouchPro Europe Shop\" \/>\n<meta property=\"article:publisher\" content=\"https:\/\/www.facebook.com\/TouchproNederland\/?locale=nl_NL%2f\" \/>\n<meta property=\"article:modified_time\" content=\"2026-03-04T16:57:08+00:00\" \/>\n<meta property=\"og:image\" content=\"https:\/\/touchproeurope.eu\/wp-content\/uploads\/2025\/03\/b76s_massage_liege_welltouch_welness_schoko_aufgebaut_kopfstuetze-e1742150378963.jpeg\" \/>\n\t<meta property=\"og:image:width\" content=\"800\" \/>\n\t<meta property=\"og:image:height\" content=\"800\" \/>\n\t<meta property=\"og:image:type\" content=\"image\/jpeg\" \/>\n<meta name=\"twitter:card\" content=\"summary_large_image\" \/>\n<meta name=\"twitter:label1\" content=\"Disponibilit\u00e0\" \/>\n\t<meta name=\"twitter:data1\" content=\"In stock\" \/>\n<script type=\"application\/ld+json\" class=\"yoast-schema-graph\">{\"@context\":\"https:\\\/\\\/schema.org\",\"@graph\":[{\"@type\":\"WebPage\",\"@id\":\"https:\\\/\\\/touchproeurope.eu\\\/product\\\/massagetafel-balance-ii-76-cm\\\/\",\"url\":\"https:\\\/\\\/touchproeurope.eu\\\/product\\\/massagetafel-balance-ii-76-cm\\\/\",\"name\":\"Massagetafel BALANCE II 76 cm - TouchPro Europe Shop\",\"isPartOf\":{\"@id\":\"https:\\\/\\\/touchproeurope.eu\\\/#website\"},\"primaryImageOfPage\":{\"@id\":\"https:\\\/\\\/touchproeurope.eu\\\/product\\\/massagetafel-balance-ii-76-cm\\\/#primaryimage\"},\"image\":{\"@id\":\"https:\\\/\\\/touchproeurope.eu\\\/product\\\/massagetafel-balance-ii-76-cm\\\/#primaryimage\"},\"thumbnailUrl\":\"https:\\\/\\\/i0.wp.com\\\/touchproeurope.eu\\\/wp-content\\\/uploads\\\/2025\\\/03\\\/b76s_massage_liege_welltouch_welness_schoko_aufgebaut_kopfstuetze-e1742150378963.jpeg?fit=800%2C800&ssl=1\",\"datePublished\":\"2025-03-16T18:47:25+00:00\",\"dateModified\":\"2026-03-04T16:57:08+00:00\",\"description\":\"Bestel de massagetafel BALANCE II 76 cm met een sterk CableLock-frame voor optimale veiligheid bij TouchPro Europe. Perfect voor elke massagetoepassing!\",\"breadcrumb\":{\"@id\":\"https:\\\/\\\/touchproeurope.eu\\\/product\\\/massagetafel-balance-ii-76-cm\\\/#breadcrumb\"},\"inLanguage\":\"it-IT\",\"potentialAction\":[{\"@type\":\"ReadAction\",\"target\":[\"https:\\\/\\\/touchproeurope.eu\\\/product\\\/massagetafel-balance-ii-76-cm\\\/\"]}]},{\"@type\":\"ImageObject\",\"inLanguage\":\"it-IT\",\"@id\":\"https:\\\/\\\/touchproeurope.eu\\\/product\\\/massagetafel-balance-ii-76-cm\\\/#primaryimage\",\"url\":\"https:\\\/\\\/i0.wp.com\\\/touchproeurope.eu\\\/wp-content\\\/uploads\\\/2025\\\/03\\\/b76s_massage_liege_welltouch_welness_schoko_aufgebaut_kopfstuetze-e1742150378963.jpeg?fit=800%2C800&ssl=1\",\"contentUrl\":\"https:\\\/\\\/i0.wp.com\\\/touchproeurope.eu\\\/wp-content\\\/uploads\\\/2025\\\/03\\\/b76s_massage_liege_welltouch_welness_schoko_aufgebaut_kopfstuetze-e1742150378963.jpeg?fit=800%2C800&ssl=1\",\"width\":800,\"height\":800,\"caption\":\"Massagetafel BALANCE II 76 cm\"},{\"@type\":\"BreadcrumbList\",\"@id\":\"https:\\\/\\\/touchproeurope.eu\\\/product\\\/massagetafel-balance-ii-76-cm\\\/#breadcrumb\",\"itemListElement\":[{\"@type\":\"ListItem\",\"position\":1,\"name\":\"Home\",\"item\":\"https:\\\/\\\/touchproeurope.eu\\\/\"},{\"@type\":\"ListItem\",\"position\":2,\"name\":\"Winkel\",\"item\":\"https:\\\/\\\/touchproeurope.eu\\\/winkel\\\/\"},{\"@type\":\"ListItem\",\"position\":3,\"name\":\"Massagetafel BALANCE II 76 cm\"}]},{\"@type\":\"WebSite\",\"@id\":\"https:\\\/\\\/touchproeurope.eu\\\/#website\",\"url\":\"https:\\\/\\\/touchproeurope.eu\\\/\",\"name\":\"TouchPro Europe Shop\",\"description\":\"Alles voor jouw praktijk met een PROfessionele Touch!\",\"publisher\":{\"@id\":\"https:\\\/\\\/touchproeurope.eu\\\/#organization\"},\"alternateName\":\"TPE\",\"potentialAction\":[{\"@type\":\"SearchAction\",\"target\":{\"@type\":\"EntryPoint\",\"urlTemplate\":\"https:\\\/\\\/touchproeurope.eu\\\/?s={search_term_string}\"},\"query-input\":{\"@type\":\"PropertyValueSpecification\",\"valueRequired\":true,\"valueName\":\"search_term_string\"}}],\"inLanguage\":\"it-IT\"},{\"@type\":\"Organization\",\"@id\":\"https:\\\/\\\/touchproeurope.eu\\\/#organization\",\"name\":\"TouchPro Europe BV\",\"alternateName\":\"TPE\",\"url\":\"https:\\\/\\\/touchproeurope.eu\\\/\",\"logo\":{\"@type\":\"ImageObject\",\"inLanguage\":\"it-IT\",\"@id\":\"https:\\\/\\\/touchproeurope.eu\\\/#\\\/schema\\\/logo\\\/image\\\/\",\"url\":\"https:\\\/\\\/i0.wp.com\\\/touchproeurope.eu\\\/wp-content\\\/uploads\\\/2023\\\/10\\\/2b592c_b6944d80811246d987cc2c29accedf3f.png?fit=1417%2C531&ssl=1\",\"contentUrl\":\"https:\\\/\\\/i0.wp.com\\\/touchproeurope.eu\\\/wp-content\\\/uploads\\\/2023\\\/10\\\/2b592c_b6944d80811246d987cc2c29accedf3f.png?fit=1417%2C531&ssl=1\",\"width\":1417,\"height\":531,\"caption\":\"TouchPro Europe BV\"},\"image\":{\"@id\":\"https:\\\/\\\/touchproeurope.eu\\\/#\\\/schema\\\/logo\\\/image\\\/\"},\"sameAs\":[\"https:\\\/\\\/www.facebook.com\\\/TouchproNederland\\\/?locale=nl_NL\\\/\",\"https:\\\/\\\/www.instagram.com\\\/touchpro2016\\\/\",\"https:\\\/\\\/www.linkedin.com\\\/company\\\/touchpro-europe-bv\\\/\"],\"description\":\"TouchPro Europe Shop is de massage winkel van Europa. Wij verkopen topkwaliteit massageproducten aan masseurs, pedicures, fysiotherapeuten, manicuren, Wellness centra, opleidingen, etc. TouchPro begon als een kleine webshop in Nederland, maar is nu uitgegroeid tot een webshop met klanten uit heel Europa. Wij bieden een breed assortiment aan massageproducten, waaronder massagetafels, oli\u00ebn, cr\u00e8mes, en accessoires van topmerken, zoals Earthlite, Stronglite en InnerStrenght, Habys, Living Earth Crafts en Continuum en andere leveranciers van massage accessoires. Bestel hier de beste massagematerialen van Europa!\",\"email\":\"info@touchpro-europe.com\",\"telephone\":\"0858768829\",\"legalName\":\"TouchPro Europe BV\",\"foundingDate\":\"2018-01-11\",\"vatID\":\"NL855430151B01\",\"numberOfEmployees\":{\"@type\":\"QuantitativeValue\",\"minValue\":\"1\",\"maxValue\":\"10\"},\"hasMerchantReturnPolicy\":{\"@type\":\"MerchantReturnPolicy\",\"merchantReturnLink\":\"https:\\\/\\\/touchproeurope.eu\\\/it\\\/retourbeleid\\\/\"}}]}<\/script>\n<meta property=\"product:brand\" content=\"Welltouch\" \/>\n<meta property=\"og:availability\" content=\"instock\" \/>\n<meta property=\"product:availability\" content=\"instock\" \/>\n<meta property=\"product:retailer_item_id\" content=\"b76x\" \/>\n<meta property=\"product:condition\" content=\"new\" \/>\n<!-- \/ Yoast SEO Premium plugin. -->","yoast_head_json":{"title":"Massagetafel BALANCE II 76 cm - TouchPro Europe Shop","description":"Bestel de massagetafel BALANCE II 76 cm met een sterk CableLock-frame voor optimale veiligheid bij TouchPro Europe. Perfect voor elke massagetoepassing!","robots":{"index":"index","follow":"follow","max-snippet":"max-snippet:-1","max-image-preview":"max-image-preview:large","max-video-preview":"max-video-preview:-1"},"canonical":"https:\/\/touchproeurope.eu\/it\/product\/massagetafel-balance-ii-76-cm\/","og_locale":"it_IT","og_type":"article","og_title":"Massagetafel BALANCE II 76 cm","og_description":"Bestel de massagetafel BALANCE II 76 cm met een sterk CableLock-frame voor optimale veiligheid bij TouchPro Europe. Perfect voor elke massagetoepassing!","og_url":"https:\/\/touchproeurope.eu\/it\/product\/massagetafel-balance-ii-76-cm\/","og_site_name":"TouchPro Europe Shop","article_publisher":"https:\/\/www.facebook.com\/TouchproNederland\/?locale=nl_NL%2f","article_modified_time":"2026-03-04T16:57:08+00:00","og_image":[{"width":800,"height":800,"url":"https:\/\/touchproeurope.eu\/wp-content\/uploads\/2025\/03\/b76s_massage_liege_welltouch_welness_schoko_aufgebaut_kopfstuetze-e1742150378963.jpeg","type":"image\/jpeg"}],"twitter_card":"summary_large_image","twitter_misc":{"Disponibilit\u00e0":"In stock"},"schema":{"@context":"https:\/\/schema.org","@graph":[{"@type":"WebPage","@id":"https:\/\/touchproeurope.eu\/product\/massagetafel-balance-ii-76-cm\/","url":"https:\/\/touchproeurope.eu\/product\/massagetafel-balance-ii-76-cm\/","name":"Massagetafel BALANCE II 76 cm - TouchPro Europe Shop","isPartOf":{"@id":"https:\/\/touchproeurope.eu\/#website"},"primaryImageOfPage":{"@id":"https:\/\/touchproeurope.eu\/product\/massagetafel-balance-ii-76-cm\/#primaryimage"},"image":{"@id":"https:\/\/touchproeurope.eu\/product\/massagetafel-balance-ii-76-cm\/#primaryimage"},"thumbnailUrl":"https:\/\/i0.wp.com\/touchproeurope.eu\/wp-content\/uploads\/2025\/03\/b76s_massage_liege_welltouch_welness_schoko_aufgebaut_kopfstuetze-e1742150378963.jpeg?fit=800%2C800&ssl=1","datePublished":"2025-03-16T18:47:25+00:00","dateModified":"2026-03-04T16:57:08+00:00","description":"Bestel de massagetafel BALANCE II 76 cm met een sterk CableLock-frame voor optimale veiligheid bij TouchPro Europe. Perfect voor elke massagetoepassing!","breadcrumb":{"@id":"https:\/\/touchproeurope.eu\/product\/massagetafel-balance-ii-76-cm\/#breadcrumb"},"inLanguage":"it-IT","potentialAction":[{"@type":"ReadAction","target":["https:\/\/touchproeurope.eu\/product\/massagetafel-balance-ii-76-cm\/"]}]},{"@type":"ImageObject","inLanguage":"it-IT","@id":"https:\/\/touchproeurope.eu\/product\/massagetafel-balance-ii-76-cm\/#primaryimage","url":"https:\/\/i0.wp.com\/touchproeurope.eu\/wp-content\/uploads\/2025\/03\/b76s_massage_liege_welltouch_welness_schoko_aufgebaut_kopfstuetze-e1742150378963.jpeg?fit=800%2C800&ssl=1","contentUrl":"https:\/\/i0.wp.com\/touchproeurope.eu\/wp-content\/uploads\/2025\/03\/b76s_massage_liege_welltouch_welness_schoko_aufgebaut_kopfstuetze-e1742150378963.jpeg?fit=800%2C800&ssl=1","width":800,"height":800,"caption":"Massagetafel BALANCE II 76 cm"},{"@type":"BreadcrumbList","@id":"https:\/\/touchproeurope.eu\/product\/massagetafel-balance-ii-76-cm\/#breadcrumb","itemListElement":[{"@type":"ListItem","position":1,"name":"Home","item":"https:\/\/touchproeurope.eu\/"},{"@type":"ListItem","position":2,"name":"Winkel","item":"https:\/\/touchproeurope.eu\/winkel\/"},{"@type":"ListItem","position":3,"name":"Massagetafel BALANCE II 76 cm"}]},{"@type":"WebSite","@id":"https:\/\/touchproeurope.eu\/#website","url":"https:\/\/touchproeurope.eu\/","name":"Negozio TouchPro Europe","description":"Tutto per il vostro studio con un tocco professionale!","publisher":{"@id":"https:\/\/touchproeurope.eu\/#organization"},"alternateName":"TPE","potentialAction":[{"@type":"SearchAction","target":{"@type":"EntryPoint","urlTemplate":"https:\/\/touchproeurope.eu\/?s={search_term_string}"},"query-input":{"@type":"PropertyValueSpecification","valueRequired":true,"valueName":"search_term_string"}}],"inLanguage":"it-IT"},{"@type":"Organization","@id":"https:\/\/touchproeurope.eu\/#organization","name":"TouchPro Europe BV","alternateName":"TPE","url":"https:\/\/touchproeurope.eu\/","logo":{"@type":"ImageObject","inLanguage":"it-IT","@id":"https:\/\/touchproeurope.eu\/#\/schema\/logo\/image\/","url":"https:\/\/i0.wp.com\/touchproeurope.eu\/wp-content\/uploads\/2023\/10\/2b592c_b6944d80811246d987cc2c29accedf3f.png?fit=1417%2C531&ssl=1","contentUrl":"https:\/\/i0.wp.com\/touchproeurope.eu\/wp-content\/uploads\/2023\/10\/2b592c_b6944d80811246d987cc2c29accedf3f.png?fit=1417%2C531&ssl=1","width":1417,"height":531,"caption":"TouchPro Europe BV"},"image":{"@id":"https:\/\/touchproeurope.eu\/#\/schema\/logo\/image\/"},"sameAs":["https:\/\/www.facebook.com\/TouchproNederland\/?locale=nl_NL\/","https:\/\/www.instagram.com\/touchpro2016\/","https:\/\/www.linkedin.com\/company\/touchpro-europe-bv\/"],"description":"TouchPro Europe Shop \u00e8 il negozio di massaggi d'Europa. Vendiamo prodotti per il massaggio di alta qualit\u00e0 a massaggiatori, pedicuristi, fisioterapisti, manicuristi, centri benessere, corsi di formazione, ecc. TouchPro \u00e8 nato come un piccolo negozio nei Paesi Bassi, ma ora \u00e8 diventato un negozio con clienti da tutta Europa. Offriamo un'ampia gamma di prodotti per il massaggio, tra cui lettini, oli, creme e accessori delle migliori marche come Earthlite, Stronglite e InnerStrenght, Habys, Living Earth Crafts e Continuum e altri fornitori di accessori per il massaggio. Ordinate qui le migliori forniture per massaggi d'Europa!","email":"info@touchpro-europe.com","telephone":"0858768829","legalName":"TouchPro Europe BV","foundingDate":"2018-01-11","vatID":"NL855430151B01","numberOfEmployees":{"@type":"QuantitativeValue","minValue":"1","maxValue":"10"},"hasMerchantReturnPolicy":{"@type":"MerchantReturnPolicy","merchantReturnLink":"https:\/\/touchproeurope.eu\/it\/retourbeleid\/"}}]},"product_brand":"Welltouch","og_availability":"instock","product_availability":"instock","product_retailer_item_id":"b76x","product_condition":"new"},"_links":{"self":[{"href":"https:\/\/touchproeurope.eu\/it\/wp-json\/wp\/v2\/product\/7937","targetHints":{"allow":["GET"]}}],"collection":[{"href":"https:\/\/touchproeurope.eu\/it\/wp-json\/wp\/v2\/product"}],"about":[{"href":"https:\/\/touchproeurope.eu\/it\/wp-json\/wp\/v2\/types\/product"}],"replies":[{"embeddable":true,"href":"https:\/\/touchproeurope.eu\/it\/wp-json\/wp\/v2\/comments?post=7937"}],"version-history":[{"count":3,"href":"https:\/\/touchproeurope.eu\/it\/wp-json\/wp\/v2\/product\/7937\/revisions"}],"predecessor-version":[{"id":13921,"href":"https:\/\/touchproeurope.eu\/it\/wp-json\/wp\/v2\/product\/7937\/revisions\/13921"}],"wp:featuredmedia":[{"embeddable":true,"href":"https:\/\/touchproeurope.eu\/it\/wp-json\/wp\/v2\/media\/7938"}],"wp:attachment":[{"href":"https:\/\/touchproeurope.eu\/it\/wp-json\/wp\/v2\/media?parent=7937"}],"wp:term":[{"taxonomy":"product_brand","embeddable":true,"href":"https:\/\/touchproeurope.eu\/it\/wp-json\/wp\/v2\/product_brand?post=7937"},{"taxonomy":"product_cat","embeddable":true,"href":"https:\/\/touchproeurope.eu\/it\/wp-json\/wp\/v2\/product_cat?post=7937"},{"taxonomy":"product_tag","embeddable":true,"href":"https:\/\/touchproeurope.eu\/it\/wp-json\/wp\/v2\/product_tag?post=7937"}],"curies":[{"name":"wp","href":"https:\/\/api.w.org\/{rel}","templated":true}]}}