{"id":7951,"date":"2025-03-16T19:00:42","date_gmt":"2025-03-16T19:00:42","guid":{"rendered":"https:\/\/touchproeurope.eu\/?post_type=product&#038;p=7951"},"modified":"2026-03-04T16:57:05","modified_gmt":"2026-03-04T16:57:05","slug":"massagetafel-komfort-ii-singing-bowl-welltouch","status":"publish","type":"product","link":"https:\/\/touchproeurope.eu\/it\/product\/massagetafel-komfort-ii-singing-bowl-welltouch\/","title":{"rendered":"Lettino per massaggi KOMFORT II (ciotola) WellTouch"},"content":{"rendered":"<h2><strong data-start=\"0\" data-end=\"69\">Mobiele massagetafel met groot oppervlak voor klankschaaltherapie<\/strong><\/h2>\n<p data-start=\"73\" data-end=\"280\">Deze Massagetafel KOMFORT II (singing bowl)\u00a0 van WellTouch is extra breed en lang, speciaal ontworpen voor professionele klankschaaltherapie. Draagbaar en inclusief draagtas, waardoor de tafel eenvoudig te vervoeren en op te bergen is.<\/p>\n<p data-start=\"282\" data-end=\"519\">De 80 cm brede massagetafel kan met de meegeleverde verlengstukken worden uitgebreid tot 120 cm breed en 250 cm lang. Hierdoor kunnen klankschalen rondom de cli\u00ebnt worden geplaatst en kan de therapeut comfortabel rond de tafel bewegen.<\/p>\n<p data-start=\"521\" data-end=\"663\">De Massagetafel KOMFORT II (singing bowl) van WellTouch heeft meerdere bevestigingspunten voor de 80 cm lange verlengstukken, zodat deze op verschillende posities kunnen worden bevestigd.<\/p>\n<h3>Inbegrepen bij levering:<\/h3>\n<ul data-start=\"696\" data-end=\"861\">\n<li data-start=\"696\" data-end=\"723\">Klankschaalmassagetafel<\/li>\n<li data-start=\"724\" data-end=\"750\">Verstelbare hoofdsteun<\/li>\n<li data-start=\"751\" data-end=\"763\">Armsteun<\/li>\n<li data-start=\"764\" data-end=\"815\">1 verlengstuk voor het voeteneinde (60 x 20 cm)<\/li>\n<li data-start=\"816\" data-end=\"848\">2 zijverlengers (80 x 20 cm)<\/li>\n<li data-start=\"849\" data-end=\"861\">Draagtas<\/li>\n<\/ul>\n<h3>Details:<\/h3>\n<ul data-start=\"878\" data-end=\"1260\">\n<li data-start=\"878\" data-end=\"933\"><strong data-start=\"880\" data-end=\"898\">Breedte tafel:<\/strong> 80 cm, met verlengers tot 121 cm<\/li>\n<li data-start=\"934\" data-end=\"1017\"><strong data-start=\"936\" data-end=\"953\">Lengte tafel:<\/strong> 202 cm, uitbreidbaar tot 250 cm met hoofdsteun en verlengstuk<\/li>\n<li data-start=\"1018\" data-end=\"1038\"><strong data-start=\"1020\" data-end=\"1030\">Kleur:<\/strong> Beige<\/li>\n<li data-start=\"1039\" data-end=\"1077\"><strong data-start=\"1041\" data-end=\"1064\">Hoogte verstelbaar:<\/strong> 57 &#8211; 83 cm<\/li>\n<li data-start=\"1078\" data-end=\"1106\"><strong data-start=\"1080\" data-end=\"1092\">Gewicht:<\/strong> ca. 18,5 kg<\/li>\n<li data-start=\"1107\" data-end=\"1177\"><strong data-start=\"1109\" data-end=\"1134\">Dynamische belasting:<\/strong> 180 kg \/ <strong data-start=\"1144\" data-end=\"1168\">statische belasting:<\/strong> 720 kg<\/li>\n<li data-start=\"1178\" data-end=\"1217\"><strong data-start=\"1180\" data-end=\"1215\">Duurzame en zachte PU-bekleding<\/strong><\/li>\n<li data-start=\"1218\" data-end=\"1260\"><strong data-start=\"1220\" data-end=\"1251\">Comfortabele schuimvulling:<\/strong> 6,5 cm<\/li>\n<\/ul>\n<h3>Onderhoudsinstructies voor polyurethaan<\/h3>\n<p data-start=\"1308\" data-end=\"1601\">Onze massagetafels, krukken, massagestoelen en rollen zijn bekleed met hoogwaardig polyurethaan (PU). Dit materiaal is eenvoudig te reinigen met water en een kleine hoeveelheid afwasmiddel. Voor incidentele desinfectie raden wij onze alcoholvrije desinfecterende reiniger <strong data-start=\"1580\" data-end=\"1594\">&#8220;Aysun cleaning spray&#8221;<\/strong> aan.<\/p>\n<p data-start=\"1603\" data-end=\"1905\">De Aysun cleaning spray is vrij van alcohol, aldehyden en fenolen, waardoor het materiaal optimaal beschermd blijft. Spray het middel op, laat het 1 minuut inwerken en veeg het af met een vochtige, zachte doek. Ook verdunde huishoudelijke bleekmiddel (1:10 met water) is geschikt voor het reinigen van PU-bekleding.<\/p>\n<p data-start=\"1907\" data-end=\"2273\">Oli\u00ebn, waaronder natuurlijke huidoli\u00ebn, kunnen de bekleding beschadigen. Bescherm daarom altijd het ligoppervlak met een schone hoes en zorg ervoor dat er geen olieresten op het materiaal achterblijven. Bij gebruik van grotere hoeveelheden olie, zoals bij Ayurvedische behandelingen, dient de tafel altijd beschermd te worden met een speciale olie-bestendige hoes.<\/p>\n<p data-start=\"2275\" data-end=\"2476\">Agressieve of op alcohol gebaseerde desinfectiemiddelen kunnen het materiaal ook beschadigen. Schade door het gebruik van andere reinigingsmiddelen dan hierboven vermeld, valt niet onder de garantie.<\/p>\n<h3>Garantie-informatie<\/h3>\n<p data-start=\"2504\" data-end=\"2720\"><em data-start=\"2504\" data-end=\"2551\">(Geldig voor de EU, Zwitserland en Noorwegen)<\/em><br data-start=\"2551\" data-end=\"2554\" \/>TouchPro garandeert dat WellTouch-producten, inclusief het bekledingsmateriaal en accessoires, vrij zijn van materiaal- en fabricagefouten gedurende twee jaar.<\/p>\n<p data-start=\"2722\" data-end=\"2757\">Uitgesloten van de garantie zijn:<\/p>\n<ul data-start=\"2758\" data-end=\"2903\">\n<li data-start=\"2758\" data-end=\"2882\">Schade door onjuist gebruik of behandeling (zoals olieschade of schade door cosmetica of ongeschikte reinigingsmiddelen)<\/li>\n<li data-start=\"2883\" data-end=\"2903\">Normale slijtage<\/li>\n<\/ul>\n<h3>Veiligheidsinstructies:<\/h3>\n<p>Let op: Gevaar voor verbrijzeling.<br \/>\nVolg de productinstructies.<br \/>\nGebruik zoals bedoeld.<br \/>\nProductinstructies: <a href=\"https:\/\/bodynova.de\/media\/pdf\/welltouch-massage-tables-instructions.pdf\">Massagetafels van Welltouch (PDF)<\/a><\/p>","protected":false},"excerpt":{"rendered":"<p data-start=\"0\" data-end=\"73\"><strong data-start=\"0\" data-end=\"71\">De Massagetafel KOMFORT II (singing bowl) van WellTouch \u2013 Ruimte en Comfort voor Therapie<\/strong><\/p>\n<p data-start=\"75\" data-end=\"539\" data-is-last-node=\"\" data-is-only-node=\"\">Deze extra brede en lange massagetafel is speciaal ontworpen voor klankschaaltherapie. Dankzij de meegeleverde verlengstukken kan de tafel tot 120 cm breed en 250 cm lang worden, waardoor er voldoende ruimte is voor zowel de cli\u00ebnt als de klankschalen. Lichtgewicht, inklapbaar en eenvoudig mee te nemen in de draagtas. Voorzien van een zachte PU-bekleding en een comfortabel 6,5 cm dik schuimkussen. Perfect voor therapeuten die flexibiliteit en kwaliteit zoeken!<\/p>","protected":false},"featured_media":7960,"comment_status":"open","ping_status":"closed","template":"","meta":[],"product_brand":[347],"product_cat":[94,93],"product_tag":[],"class_list":{"0":"post-7951","1":"product","2":"type-product","3":"status-publish","4":"has-post-thumbnail","6":"product_brand-welltouch","7":"product_cat-draagbare-massagetafels","8":"product_cat-massagetafels","9":"product_shipping_class-groot-pakket","10":"pa_kleur-beige","12":"first","13":"instock","14":"taxable","15":"shipping-taxable","16":"purchasable","17":"product-type-simple"},"yoast_head":"<!-- This site is optimized with the Yoast SEO Premium plugin v27.3 (Yoast SEO v27.3) - https:\/\/yoast.com\/product\/yoast-seo-premium-wordpress\/ -->\n<title>Massagetafel KOMFORT II (singing bowl) WellTouch - TouchPro Europe Shop<\/title>\n<meta name=\"description\" content=\"De ideale keuze voor therapeuten: de Massagetafel KOMFORT II (singing bowl) van WellTouch is makkelijk te vervoeren en aan te passen. Koop vandaag nog!\" \/>\n<meta name=\"robots\" content=\"index, follow, max-snippet:-1, max-image-preview:large, max-video-preview:-1\" \/>\n<link rel=\"canonical\" href=\"https:\/\/touchproeurope.eu\/it\/product\/massagetafel-komfort-ii-singing-bowl-welltouch\/\" \/>\n<meta property=\"og:locale\" content=\"it_IT\" \/>\n<meta property=\"og:type\" content=\"article\" \/>\n<meta property=\"og:title\" content=\"Massagetafel KOMFORT II (singing bowl) WellTouch\" \/>\n<meta property=\"og:description\" content=\"De ideale keuze voor therapeuten: de Massagetafel KOMFORT II (singing bowl) van WellTouch is makkelijk te vervoeren en aan te passen. Koop vandaag nog!\" \/>\n<meta property=\"og:url\" content=\"https:\/\/touchproeurope.eu\/it\/product\/massagetafel-komfort-ii-singing-bowl-welltouch\/\" \/>\n<meta property=\"og:site_name\" content=\"TouchPro Europe Shop\" \/>\n<meta property=\"article:publisher\" content=\"https:\/\/www.facebook.com\/TouchproNederland\/?locale=nl_NL%2f\" \/>\n<meta property=\"article:modified_time\" content=\"2026-03-04T16:57:05+00:00\" \/>\n<meta property=\"og:image\" content=\"https:\/\/touchproeurope.eu\/wp-content\/uploads\/2025\/03\/kls80_massageliege_klangschalenliege_welltouch_creme_aufgebaut_extender1.jpeg\" \/>\n\t<meta property=\"og:image:width\" content=\"1500\" \/>\n\t<meta property=\"og:image:height\" content=\"1500\" \/>\n\t<meta property=\"og:image:type\" content=\"image\/jpeg\" \/>\n<meta name=\"twitter:card\" content=\"summary_large_image\" \/>\n<meta name=\"twitter:label1\" content=\"Prezzo\" \/>\n\t<meta name=\"twitter:data1\" content=\"&euro;&nbsp;475,00 incl. BTW\" \/>\n\t<meta name=\"twitter:label2\" content=\"Disponibilit\u00e0\" \/>\n\t<meta name=\"twitter:data2\" content=\"In stock\" \/>\n<script type=\"application\/ld+json\" class=\"yoast-schema-graph\">{\"@context\":\"https:\\\/\\\/schema.org\",\"@graph\":[{\"@type\":\"WebPage\",\"@id\":\"https:\\\/\\\/touchproeurope.eu\\\/product\\\/massagetafel-komfort-ii-singing-bowl-welltouch\\\/\",\"url\":\"https:\\\/\\\/touchproeurope.eu\\\/product\\\/massagetafel-komfort-ii-singing-bowl-welltouch\\\/\",\"name\":\"Massagetafel KOMFORT II (singing bowl) WellTouch - TouchPro Europe Shop\",\"isPartOf\":{\"@id\":\"https:\\\/\\\/touchproeurope.eu\\\/#website\"},\"primaryImageOfPage\":{\"@id\":\"https:\\\/\\\/touchproeurope.eu\\\/product\\\/massagetafel-komfort-ii-singing-bowl-welltouch\\\/#primaryimage\"},\"image\":{\"@id\":\"https:\\\/\\\/touchproeurope.eu\\\/product\\\/massagetafel-komfort-ii-singing-bowl-welltouch\\\/#primaryimage\"},\"thumbnailUrl\":\"https:\\\/\\\/i0.wp.com\\\/touchproeurope.eu\\\/wp-content\\\/uploads\\\/2025\\\/03\\\/kls80_massageliege_klangschalenliege_welltouch_creme_aufgebaut_extender1.jpeg?fit=1500%2C1500&ssl=1\",\"datePublished\":\"2025-03-16T19:00:42+00:00\",\"dateModified\":\"2026-03-04T16:57:05+00:00\",\"description\":\"De ideale keuze voor therapeuten: de Massagetafel KOMFORT II (singing bowl) van WellTouch is makkelijk te vervoeren en aan te passen. Koop vandaag nog!\",\"breadcrumb\":{\"@id\":\"https:\\\/\\\/touchproeurope.eu\\\/product\\\/massagetafel-komfort-ii-singing-bowl-welltouch\\\/#breadcrumb\"},\"inLanguage\":\"it-IT\",\"potentialAction\":[{\"@type\":\"ReadAction\",\"target\":[\"https:\\\/\\\/touchproeurope.eu\\\/product\\\/massagetafel-komfort-ii-singing-bowl-welltouch\\\/\"]}]},{\"@type\":\"ImageObject\",\"inLanguage\":\"it-IT\",\"@id\":\"https:\\\/\\\/touchproeurope.eu\\\/product\\\/massagetafel-komfort-ii-singing-bowl-welltouch\\\/#primaryimage\",\"url\":\"https:\\\/\\\/i0.wp.com\\\/touchproeurope.eu\\\/wp-content\\\/uploads\\\/2025\\\/03\\\/kls80_massageliege_klangschalenliege_welltouch_creme_aufgebaut_extender1.jpeg?fit=1500%2C1500&ssl=1\",\"contentUrl\":\"https:\\\/\\\/i0.wp.com\\\/touchproeurope.eu\\\/wp-content\\\/uploads\\\/2025\\\/03\\\/kls80_massageliege_klangschalenliege_welltouch_creme_aufgebaut_extender1.jpeg?fit=1500%2C1500&ssl=1\",\"width\":1500,\"height\":1500,\"caption\":\"Massagetafel singing bowl massage table\"},{\"@type\":\"BreadcrumbList\",\"@id\":\"https:\\\/\\\/touchproeurope.eu\\\/product\\\/massagetafel-komfort-ii-singing-bowl-welltouch\\\/#breadcrumb\",\"itemListElement\":[{\"@type\":\"ListItem\",\"position\":1,\"name\":\"Home\",\"item\":\"https:\\\/\\\/touchproeurope.eu\\\/\"},{\"@type\":\"ListItem\",\"position\":2,\"name\":\"Winkel\",\"item\":\"https:\\\/\\\/touchproeurope.eu\\\/winkel\\\/\"},{\"@type\":\"ListItem\",\"position\":3,\"name\":\"Massagetafel KOMFORT II (singing bowl) WellTouch\"}]},{\"@type\":\"WebSite\",\"@id\":\"https:\\\/\\\/touchproeurope.eu\\\/#website\",\"url\":\"https:\\\/\\\/touchproeurope.eu\\\/\",\"name\":\"TouchPro Europe Shop\",\"description\":\"Alles voor jouw praktijk met een PROfessionele Touch!\",\"publisher\":{\"@id\":\"https:\\\/\\\/touchproeurope.eu\\\/#organization\"},\"alternateName\":\"TPE\",\"potentialAction\":[{\"@type\":\"SearchAction\",\"target\":{\"@type\":\"EntryPoint\",\"urlTemplate\":\"https:\\\/\\\/touchproeurope.eu\\\/?s={search_term_string}\"},\"query-input\":{\"@type\":\"PropertyValueSpecification\",\"valueRequired\":true,\"valueName\":\"search_term_string\"}}],\"inLanguage\":\"it-IT\"},{\"@type\":\"Organization\",\"@id\":\"https:\\\/\\\/touchproeurope.eu\\\/#organization\",\"name\":\"TouchPro Europe BV\",\"alternateName\":\"TPE\",\"url\":\"https:\\\/\\\/touchproeurope.eu\\\/\",\"logo\":{\"@type\":\"ImageObject\",\"inLanguage\":\"it-IT\",\"@id\":\"https:\\\/\\\/touchproeurope.eu\\\/#\\\/schema\\\/logo\\\/image\\\/\",\"url\":\"https:\\\/\\\/i0.wp.com\\\/touchproeurope.eu\\\/wp-content\\\/uploads\\\/2023\\\/10\\\/2b592c_b6944d80811246d987cc2c29accedf3f.png?fit=1417%2C531&ssl=1\",\"contentUrl\":\"https:\\\/\\\/i0.wp.com\\\/touchproeurope.eu\\\/wp-content\\\/uploads\\\/2023\\\/10\\\/2b592c_b6944d80811246d987cc2c29accedf3f.png?fit=1417%2C531&ssl=1\",\"width\":1417,\"height\":531,\"caption\":\"TouchPro Europe BV\"},\"image\":{\"@id\":\"https:\\\/\\\/touchproeurope.eu\\\/#\\\/schema\\\/logo\\\/image\\\/\"},\"sameAs\":[\"https:\\\/\\\/www.facebook.com\\\/TouchproNederland\\\/?locale=nl_NL\\\/\",\"https:\\\/\\\/www.instagram.com\\\/touchpro2016\\\/\",\"https:\\\/\\\/www.linkedin.com\\\/company\\\/touchpro-europe-bv\\\/\"],\"description\":\"TouchPro Europe Shop is de massage winkel van Europa. Wij verkopen topkwaliteit massageproducten aan masseurs, pedicures, fysiotherapeuten, manicuren, Wellness centra, opleidingen, etc. TouchPro begon als een kleine webshop in Nederland, maar is nu uitgegroeid tot een webshop met klanten uit heel Europa. Wij bieden een breed assortiment aan massageproducten, waaronder massagetafels, oli\u00ebn, cr\u00e8mes, en accessoires van topmerken, zoals Earthlite, Stronglite en InnerStrenght, Habys, Living Earth Crafts en Continuum en andere leveranciers van massage accessoires. Bestel hier de beste massagematerialen van Europa!\",\"email\":\"info@touchpro-europe.com\",\"telephone\":\"0858768829\",\"legalName\":\"TouchPro Europe BV\",\"foundingDate\":\"2018-01-11\",\"vatID\":\"NL855430151B01\",\"numberOfEmployees\":{\"@type\":\"QuantitativeValue\",\"minValue\":\"1\",\"maxValue\":\"10\"},\"hasMerchantReturnPolicy\":{\"@type\":\"MerchantReturnPolicy\",\"merchantReturnLink\":\"https:\\\/\\\/touchproeurope.eu\\\/it\\\/retourbeleid\\\/\"}}]}<\/script>\n<meta property=\"product:price:amount\" content=\"475.00\" \/>\n<meta property=\"product:price:currency\" content=\"EUR\" \/>\n<meta property=\"og:availability\" content=\"instock\" \/>\n<meta property=\"product:availability\" content=\"instock\" \/>\n<meta property=\"product:retailer_item_id\" content=\"k80\" \/>\n<meta property=\"product:condition\" content=\"new\" \/>\n<!-- \/ Yoast SEO Premium plugin. -->","yoast_head_json":{"title":"Massagetafel KOMFORT II (singing bowl) WellTouch - TouchPro Europe Shop","description":"De ideale keuze voor therapeuten: de Massagetafel KOMFORT II (singing bowl) van WellTouch is makkelijk te vervoeren en aan te passen. Koop vandaag nog!","robots":{"index":"index","follow":"follow","max-snippet":"max-snippet:-1","max-image-preview":"max-image-preview:large","max-video-preview":"max-video-preview:-1"},"canonical":"https:\/\/touchproeurope.eu\/it\/product\/massagetafel-komfort-ii-singing-bowl-welltouch\/","og_locale":"it_IT","og_type":"article","og_title":"Massagetafel KOMFORT II (singing bowl) WellTouch","og_description":"De ideale keuze voor therapeuten: de Massagetafel KOMFORT II (singing bowl) van WellTouch is makkelijk te vervoeren en aan te passen. Koop vandaag nog!","og_url":"https:\/\/touchproeurope.eu\/it\/product\/massagetafel-komfort-ii-singing-bowl-welltouch\/","og_site_name":"TouchPro Europe Shop","article_publisher":"https:\/\/www.facebook.com\/TouchproNederland\/?locale=nl_NL%2f","article_modified_time":"2026-03-04T16:57:05+00:00","og_image":[{"width":1500,"height":1500,"url":"https:\/\/touchproeurope.eu\/wp-content\/uploads\/2025\/03\/kls80_massageliege_klangschalenliege_welltouch_creme_aufgebaut_extender1.jpeg","type":"image\/jpeg"}],"twitter_card":"summary_large_image","twitter_misc":{"Prezzo":"&euro;&nbsp;475,00 incl. BTW","Disponibilit\u00e0":"In stock"},"schema":{"@context":"https:\/\/schema.org","@graph":[{"@type":"WebPage","@id":"https:\/\/touchproeurope.eu\/product\/massagetafel-komfort-ii-singing-bowl-welltouch\/","url":"https:\/\/touchproeurope.eu\/product\/massagetafel-komfort-ii-singing-bowl-welltouch\/","name":"Massagetafel KOMFORT II (singing bowl) WellTouch - TouchPro Europe Shop","isPartOf":{"@id":"https:\/\/touchproeurope.eu\/#website"},"primaryImageOfPage":{"@id":"https:\/\/touchproeurope.eu\/product\/massagetafel-komfort-ii-singing-bowl-welltouch\/#primaryimage"},"image":{"@id":"https:\/\/touchproeurope.eu\/product\/massagetafel-komfort-ii-singing-bowl-welltouch\/#primaryimage"},"thumbnailUrl":"https:\/\/i0.wp.com\/touchproeurope.eu\/wp-content\/uploads\/2025\/03\/kls80_massageliege_klangschalenliege_welltouch_creme_aufgebaut_extender1.jpeg?fit=1500%2C1500&ssl=1","datePublished":"2025-03-16T19:00:42+00:00","dateModified":"2026-03-04T16:57:05+00:00","description":"De ideale keuze voor therapeuten: de Massagetafel KOMFORT II (singing bowl) van WellTouch is makkelijk te vervoeren en aan te passen. Koop vandaag nog!","breadcrumb":{"@id":"https:\/\/touchproeurope.eu\/product\/massagetafel-komfort-ii-singing-bowl-welltouch\/#breadcrumb"},"inLanguage":"it-IT","potentialAction":[{"@type":"ReadAction","target":["https:\/\/touchproeurope.eu\/product\/massagetafel-komfort-ii-singing-bowl-welltouch\/"]}]},{"@type":"ImageObject","inLanguage":"it-IT","@id":"https:\/\/touchproeurope.eu\/product\/massagetafel-komfort-ii-singing-bowl-welltouch\/#primaryimage","url":"https:\/\/i0.wp.com\/touchproeurope.eu\/wp-content\/uploads\/2025\/03\/kls80_massageliege_klangschalenliege_welltouch_creme_aufgebaut_extender1.jpeg?fit=1500%2C1500&ssl=1","contentUrl":"https:\/\/i0.wp.com\/touchproeurope.eu\/wp-content\/uploads\/2025\/03\/kls80_massageliege_klangschalenliege_welltouch_creme_aufgebaut_extender1.jpeg?fit=1500%2C1500&ssl=1","width":1500,"height":1500,"caption":"Massagetafel singing bowl massage table"},{"@type":"BreadcrumbList","@id":"https:\/\/touchproeurope.eu\/product\/massagetafel-komfort-ii-singing-bowl-welltouch\/#breadcrumb","itemListElement":[{"@type":"ListItem","position":1,"name":"Home","item":"https:\/\/touchproeurope.eu\/"},{"@type":"ListItem","position":2,"name":"Winkel","item":"https:\/\/touchproeurope.eu\/winkel\/"},{"@type":"ListItem","position":3,"name":"Massagetafel KOMFORT II (singing bowl) WellTouch"}]},{"@type":"WebSite","@id":"https:\/\/touchproeurope.eu\/#website","url":"https:\/\/touchproeurope.eu\/","name":"Negozio TouchPro Europe","description":"Tutto per il vostro studio con un tocco professionale!","publisher":{"@id":"https:\/\/touchproeurope.eu\/#organization"},"alternateName":"TPE","potentialAction":[{"@type":"SearchAction","target":{"@type":"EntryPoint","urlTemplate":"https:\/\/touchproeurope.eu\/?s={search_term_string}"},"query-input":{"@type":"PropertyValueSpecification","valueRequired":true,"valueName":"search_term_string"}}],"inLanguage":"it-IT"},{"@type":"Organization","@id":"https:\/\/touchproeurope.eu\/#organization","name":"TouchPro Europe BV","alternateName":"TPE","url":"https:\/\/touchproeurope.eu\/","logo":{"@type":"ImageObject","inLanguage":"it-IT","@id":"https:\/\/touchproeurope.eu\/#\/schema\/logo\/image\/","url":"https:\/\/i0.wp.com\/touchproeurope.eu\/wp-content\/uploads\/2023\/10\/2b592c_b6944d80811246d987cc2c29accedf3f.png?fit=1417%2C531&ssl=1","contentUrl":"https:\/\/i0.wp.com\/touchproeurope.eu\/wp-content\/uploads\/2023\/10\/2b592c_b6944d80811246d987cc2c29accedf3f.png?fit=1417%2C531&ssl=1","width":1417,"height":531,"caption":"TouchPro Europe BV"},"image":{"@id":"https:\/\/touchproeurope.eu\/#\/schema\/logo\/image\/"},"sameAs":["https:\/\/www.facebook.com\/TouchproNederland\/?locale=nl_NL\/","https:\/\/www.instagram.com\/touchpro2016\/","https:\/\/www.linkedin.com\/company\/touchpro-europe-bv\/"],"description":"TouchPro Europe Shop \u00e8 il negozio di massaggi d'Europa. Vendiamo prodotti per il massaggio di alta qualit\u00e0 a massaggiatori, pedicuristi, fisioterapisti, manicuristi, centri benessere, corsi di formazione, ecc. TouchPro \u00e8 nato come un piccolo negozio nei Paesi Bassi, ma ora \u00e8 diventato un negozio con clienti da tutta Europa. Offriamo un'ampia gamma di prodotti per il massaggio, tra cui lettini, oli, creme e accessori delle migliori marche come Earthlite, Stronglite e InnerStrenght, Habys, Living Earth Crafts e Continuum e altri fornitori di accessori per il massaggio. Ordinate qui le migliori forniture per massaggi d'Europa!","email":"info@touchpro-europe.com","telephone":"0858768829","legalName":"TouchPro Europe BV","foundingDate":"2018-01-11","vatID":"NL855430151B01","numberOfEmployees":{"@type":"QuantitativeValue","minValue":"1","maxValue":"10"},"hasMerchantReturnPolicy":{"@type":"MerchantReturnPolicy","merchantReturnLink":"https:\/\/touchproeurope.eu\/it\/retourbeleid\/"}}]},"product_price_amount":"475.00","product_price_currency":"EUR","og_availability":"instock","product_availability":"instock","product_retailer_item_id":"k80","product_condition":"new"},"_links":{"self":[{"href":"https:\/\/touchproeurope.eu\/it\/wp-json\/wp\/v2\/product\/7951","targetHints":{"allow":["GET"]}}],"collection":[{"href":"https:\/\/touchproeurope.eu\/it\/wp-json\/wp\/v2\/product"}],"about":[{"href":"https:\/\/touchproeurope.eu\/it\/wp-json\/wp\/v2\/types\/product"}],"replies":[{"embeddable":true,"href":"https:\/\/touchproeurope.eu\/it\/wp-json\/wp\/v2\/comments?post=7951"}],"version-history":[{"count":3,"href":"https:\/\/touchproeurope.eu\/it\/wp-json\/wp\/v2\/product\/7951\/revisions"}],"predecessor-version":[{"id":8116,"href":"https:\/\/touchproeurope.eu\/it\/wp-json\/wp\/v2\/product\/7951\/revisions\/8116"}],"wp:featuredmedia":[{"embeddable":true,"href":"https:\/\/touchproeurope.eu\/it\/wp-json\/wp\/v2\/media\/7960"}],"wp:attachment":[{"href":"https:\/\/touchproeurope.eu\/it\/wp-json\/wp\/v2\/media?parent=7951"}],"wp:term":[{"taxonomy":"product_brand","embeddable":true,"href":"https:\/\/touchproeurope.eu\/it\/wp-json\/wp\/v2\/product_brand?post=7951"},{"taxonomy":"product_cat","embeddable":true,"href":"https:\/\/touchproeurope.eu\/it\/wp-json\/wp\/v2\/product_cat?post=7951"},{"taxonomy":"product_tag","embeddable":true,"href":"https:\/\/touchproeurope.eu\/it\/wp-json\/wp\/v2\/product_tag?post=7951"}],"curies":[{"name":"wp","href":"https:\/\/api.w.org\/{rel}","templated":true}]}}