{"id":17,"date":"2023-11-09T13:48:57","date_gmt":"2023-11-09T13:48:57","guid":{"rendered":"https:\/\/touchproeurope.eu\/?page_id=17"},"modified":"2026-01-21T11:41:31","modified_gmt":"2026-01-21T11:41:31","slug":"politica-de-devolucao","status":"publish","type":"page","link":"https:\/\/touchproeurope.eu\/pt\/retourbeleid\/","title":{"rendered":"Pol\u00edtica de devolu\u00e7\u00e3o"},"content":{"rendered":"<div data-elementor-type=\"wp-page\" data-elementor-id=\"17\" class=\"elementor elementor-17\" data-elementor-post-type=\"page\">\n\t\t\t\t<div class=\"elementor-element elementor-element-15aa4684 e-flex e-con-boxed e-con e-parent\" data-id=\"15aa4684\" data-element_type=\"container\" data-e-type=\"container\">\n\t\t\t\t\t<div class=\"e-con-inner\">\n\t\t\t\t<div class=\"elementor-element elementor-element-475a407e elementor-widget elementor-widget-text-editor\" data-id=\"475a407e\" data-element_type=\"widget\" data-e-type=\"widget\" data-widget_type=\"text-editor.default\">\n\t\t\t\t\t\t\t\t\t<h1><strong>Pol\u00edtica de devolu\u00e7\u00e3o<\/strong><\/h1>\n<p><!-- \/wp:paragraph --><\/p>\n<p><!-- wp:paragraph --><\/p>\n<h5>Geral<\/h5>\n<p>A sua compra pode n\u00e3o corresponder \u00e0s suas expectativas. Ou pode querer devolver um produto por qualquer outro motivo. Na TouchPro Europe Shop, oferecemos-lhe a oportunidade de devolver a sua compra e temos todo o gosto em ajud\u00e1-lo a fazer com que este processo decorra sem problemas para todas as partes.<\/p>\n<h5>Direito de retrata\u00e7\u00e3o<\/h5>\n<p>Se desejar anular a sua compra ap\u00f3s a rece\u00e7\u00e3o da encomenda, pode sempre utilizar o seu direito de retrata\u00e7\u00e3o. Este direito permite-lhe <strong>ap\u00f3s<\/strong> rece\u00e7\u00e3o da sua encomenda legalmente 14 dias \u00fateis para anular a compra sem indicar qualquer motivo. Se desejar exercer este direito, envie uma mensagem de correio eletr\u00f3nico para <a href=\"mailto:bestellingen@touchpro-europe.com\">bestellingen@touchpro-europe.com<\/a> indicando \u201cDevolu\u00e7\u00f5es\u201d e o seu n\u00famero de encomenda\/fatura. Processaremos o seu pedido no prazo de 24 horas e contact\u00e1-lo-emos pessoalmente sobre o processamento posterior.\u00a0<\/p>\n<h5>Regresso<\/h5>\n<p>Para al\u00e9m do seu direito de retrata\u00e7\u00e3o, oferecemos-lhe a possibilidade de nos devolver a sua encomenda no prazo de 30 dias ap\u00f3s a compra. Por vezes, precisa de um pouco mais de tempo para tomar uma boa decis\u00e3o sobre a manuten\u00e7\u00e3o da sua compra. Nesse caso, siga estes passos:<\/p>\n<ol>\n<li>Envie o seu pedido de devolu\u00e7\u00e3o atrav\u00e9s de <a href=\"mailto:bestellingen@touchpro-europe.com\">bestellingen@touchpro-europe.com<\/a> mencionar \u201cdevolu\u00e7\u00e3o\u201d e o n\u00famero da encomenda\/fatura.<\/li>\n<li>Utilize o\u00a0<a href=\"https:\/\/touchproeurope.eu\/wp-content\/uploads\/2024\/02\/Retourformulier-TouchPro-Europe-Shop.pdf\" target=\"_blank\" rel=\"noopener\">formul\u00e1rio de devolu\u00e7\u00e3o<\/a>. Preencha completamente o formul\u00e1rio com as informa\u00e7\u00f5es necess\u00e1rias, incluindo o seu nome, endere\u00e7o, n\u00famero de encomenda, etc. Depois de ter preenchido o formul\u00e1rio, envie-o por correio para\u00a0<a style=\"transition: var(--theme-transition);\" href=\"mailto:bestellingen@touchpro-europe.com\">bestellingen@touchpro-europe.com<\/a>. Desta forma, podemos processar a sua devolu\u00e7\u00e3o de forma r\u00e1pida e eficiente<\/li>\n<li>Processaremos o seu pedido de devolu\u00e7\u00e3o no prazo de 24 horas. Se tiver alguma d\u00favida, entraremos em contacto consigo por telefone para que o processo de devolu\u00e7\u00e3o possa ser iniciado o mais rapidamente poss\u00edvel.<\/li>\n<li>Siga as instru\u00e7\u00f5es do correio e devolva a sua encomenda, ou parte dela.<\/li>\n<li>Depois de recebermos a sua devolu\u00e7\u00e3o, process\u00e1-la-emos no prazo de 14 dias. Se tiver direito a um reembolso da sua encomenda, o dinheiro ser-lhe-\u00e1 devolvido da mesma forma que o recebemos.<\/li>\n<\/ol>\n<p>ATEN\u00c7\u00c3O: Se j\u00e1 tiverem passado mais de 30 dias desde a compra do produto, n\u00e3o processaremos o pedido de devolu\u00e7\u00e3o.<\/p>\n<h5>Condi\u00e7\u00f5es<\/h5>\n<p>Para devolver a sua encomenda no prazo de 30 dias ap\u00f3s a compra, impomos algumas condi\u00e7\u00f5es, nomeadamente<\/p>\n<ul>\n<li>O utilizador \u00e9 o primeiro propriet\u00e1rio do produto e pode prov\u00e1-lo com o comprovativo de compra.<\/li>\n<li>O produto n\u00e3o est\u00e1 danificado.<\/li>\n<li>De prefer\u00eancia, devolver na embalagem original.\u00a0<\/li>\n<li>A sua devolu\u00e7\u00e3o \u00e9 acompanhada de um formul\u00e1rio de devolu\u00e7\u00e3o completamente preenchido.<\/li>\n<li>Os len\u00e7\u00f3is e a roupa de cama utilizados est\u00e3o exclu\u00eddos da possibilidade de devolu\u00e7\u00e3o.<\/li>\n<li>Os custos de devolu\u00e7\u00e3o s\u00e3o da responsabilidade do cliente e n\u00e3o ser\u00e3o inclu\u00eddos em qualquer reembolso.<\/li>\n<\/ul>\n<p><!-- \/wp:paragraph --><\/p>\n<p><!-- wp:list --><\/p>\n<p>Todas as devolu\u00e7\u00f5es devem ser enviadas para:<\/p>\n<p>TouchPro Europa<br \/>Attn: Devolu\u00e7\u00f5es<br \/>West Havendijk 15A<br \/>4703 RA Roosendaal<\/p>\n<p>Recomendamos sempre que tire fotografias do seu produto e da embalagem de devolu\u00e7\u00e3o antes do envio. Se a embalagem for danificada durante o envio, ter\u00e1 sempre algo em que se apoiar caso necessite de provar que a embalagem n\u00e3o foi danificada.<\/p>\n<h5>Reembolso<\/h5>\n<p><!-- \/wp:list --><\/p>\n<p><!-- wp:paragraph --><\/p>\n<p>Assim que recebermos a sua devolu\u00e7\u00e3o, enviar-lhe-emos um aviso de rece\u00e7\u00e3o. Todos os produtos ser\u00e3o ent\u00e3o cuidadosamente verificados. No prazo de 10 dias \u00fateis, inform\u00e1-lo-emos se o seu reembolso ou parte dele ser\u00e1 aceite. Se n\u00e3o for esse o caso, inform\u00e1-lo-emos por escrito, indicando os motivos.<\/p>\n<p><!-- \/wp:paragraph --><\/p>\n<p><!-- wp:paragraph --><\/p>\n<p>Quando o reembolso for concedido, enviar-lhe-emos uma fatura de cr\u00e9dito relativa ao produto devolvido. Tamb\u00e9m verificamos sempre a forma como o reembolso deve ser efectuado para garantir que o montante da devolu\u00e7\u00e3o \u00e9 transferido para a conta correta.<\/p>\n<p><!-- \/wp:paragraph --><\/p>\n<p><!-- wp:paragraph --><\/p>\n<h5>Perguntas<\/h5>\n<p>Se tiver mais alguma quest\u00e3o, contacte-nos atrav\u00e9s de <a href=\"mailto:bestellingen@touchpro-europe.com\">bestellingen@touchpro-europe.com<\/a><\/p>\n<p><!-- \/wp:paragraph --><\/p>\n<p><!-- wp:paragraph --><\/p>\n<p><!-- \/wp:paragraph --><\/p>\t\t\t\t\t\t\t\t<\/div>\n\t\t\t\t\t<\/div>\n\t\t\t\t<\/div>\n\t\t\t\t<\/div>","protected":false},"excerpt":{"rendered":"<p>Retourbeleid Algemeen Het kan zijn dat je aankoop niet aan je verwachtingen voldoet. Of dat je om een andere reden een product terug wilt sturen. Bij de TouchPro Europe Shop bieden we je de mogelijkheid om je aankoop te retourneren en zijn we je graag van dienst om dit proces goed te laten verlopen voor [&hellip;]<\/p>\n","protected":false},"author":1,"featured_media":0,"parent":0,"menu_order":0,"comment_status":"closed","ping_status":"closed","template":"","meta":{"footnotes":""},"class_list":["post-17","page","type-page","status-publish","hentry"],"yoast_head":"<!-- This site is optimized with the Yoast SEO Premium plugin v27.4 (Yoast SEO v27.5) - https:\/\/yoast.com\/product\/yoast-seo-premium-wordpress\/ -->\n<title>Retourbeleid - TouchPro Europe Shop<\/title>\n<meta name=\"description\" content=\"TouchPro Europe Shop Retourbeleid - Voldoet je aankoop niet aan je verwachtingen, dan kun je het onder voorwaarden retourneren.\" \/>\n<meta name=\"robots\" content=\"index, follow, max-snippet:-1, max-image-preview:large, max-video-preview:-1\" \/>\n<link rel=\"canonical\" href=\"https:\/\/touchproeurope.eu\/pt\/politica-de-devolucao\/\" \/>\n<meta property=\"og:locale\" content=\"pt_PT\" \/>\n<meta property=\"og:type\" content=\"article\" \/>\n<meta property=\"og:title\" content=\"Retourbeleid\" \/>\n<meta property=\"og:description\" content=\"TouchPro Europe Shop Retourbeleid - Voldoet je aankoop niet aan je verwachtingen, dan kun je het onder voorwaarden retourneren.\" \/>\n<meta property=\"og:url\" content=\"https:\/\/touchproeurope.eu\/pt\/politica-de-devolucao\/\" \/>\n<meta property=\"og:site_name\" content=\"TouchPro Europe Shop\" \/>\n<meta property=\"article:publisher\" content=\"https:\/\/www.facebook.com\/TouchproNederland\/?locale=nl_NL%2f\" \/>\n<meta property=\"article:modified_time\" content=\"2026-01-21T11:41:31+00:00\" \/>\n<meta property=\"og:image\" content=\"https:\/\/i0.wp.com\/touchproeurope.eu\/wp-content\/uploads\/2023\/10\/cropped-TouchPro-Europe-Favicon-2-1.png?fit=512%2C512&ssl=1\" \/>\n\t<meta property=\"og:image:width\" content=\"512\" \/>\n\t<meta property=\"og:image:height\" content=\"512\" \/>\n\t<meta property=\"og:image:type\" content=\"image\/png\" \/>\n<meta name=\"twitter:card\" content=\"summary_large_image\" \/>\n<meta name=\"twitter:label1\" content=\"Tempo estimado de leitura\" \/>\n\t<meta name=\"twitter:data1\" content=\"4 minutos\" \/>\n<script type=\"application\/ld+json\" class=\"yoast-schema-graph\">{\"@context\":\"https:\\\/\\\/schema.org\",\"@graph\":[{\"@type\":\"WebPage\",\"@id\":\"https:\\\/\\\/touchproeurope.eu\\\/retourbeleid\\\/\",\"url\":\"https:\\\/\\\/touchproeurope.eu\\\/retourbeleid\\\/\",\"name\":\"Retourbeleid - TouchPro Europe Shop\",\"isPartOf\":{\"@id\":\"https:\\\/\\\/touchproeurope.eu\\\/#website\"},\"datePublished\":\"2023-11-09T13:48:57+00:00\",\"dateModified\":\"2026-01-21T11:41:31+00:00\",\"description\":\"TouchPro Europe Shop Retourbeleid - Voldoet je aankoop niet aan je verwachtingen, dan kun je het onder voorwaarden retourneren.\",\"breadcrumb\":{\"@id\":\"https:\\\/\\\/touchproeurope.eu\\\/retourbeleid\\\/#breadcrumb\"},\"inLanguage\":\"pt-PT\",\"potentialAction\":[{\"@type\":\"ReadAction\",\"target\":[\"https:\\\/\\\/touchproeurope.eu\\\/retourbeleid\\\/\"]}]},{\"@type\":\"BreadcrumbList\",\"@id\":\"https:\\\/\\\/touchproeurope.eu\\\/retourbeleid\\\/#breadcrumb\",\"itemListElement\":[{\"@type\":\"ListItem\",\"position\":1,\"name\":\"Home\",\"item\":\"https:\\\/\\\/touchproeurope.eu\\\/\"},{\"@type\":\"ListItem\",\"position\":2,\"name\":\"Retourbeleid\"}]},{\"@type\":\"WebSite\",\"@id\":\"https:\\\/\\\/touchproeurope.eu\\\/#website\",\"url\":\"https:\\\/\\\/touchproeurope.eu\\\/\",\"name\":\"TouchPro Europe Shop\",\"description\":\"Alles voor jouw praktijk met een PROfessionele Touch!\",\"publisher\":{\"@id\":\"https:\\\/\\\/touchproeurope.eu\\\/#organization\"},\"alternateName\":\"TPE\",\"potentialAction\":[{\"@type\":\"SearchAction\",\"target\":{\"@type\":\"EntryPoint\",\"urlTemplate\":\"https:\\\/\\\/touchproeurope.eu\\\/?s={search_term_string}\"},\"query-input\":{\"@type\":\"PropertyValueSpecification\",\"valueRequired\":true,\"valueName\":\"search_term_string\"}}],\"inLanguage\":\"pt-PT\"},{\"@type\":\"Organization\",\"@id\":\"https:\\\/\\\/touchproeurope.eu\\\/#organization\",\"name\":\"TouchPro Europe BV\",\"alternateName\":\"TPE\",\"url\":\"https:\\\/\\\/touchproeurope.eu\\\/\",\"logo\":{\"@type\":\"ImageObject\",\"inLanguage\":\"pt-PT\",\"@id\":\"https:\\\/\\\/touchproeurope.eu\\\/#\\\/schema\\\/logo\\\/image\\\/\",\"url\":\"https:\\\/\\\/i0.wp.com\\\/touchproeurope.eu\\\/wp-content\\\/uploads\\\/2023\\\/10\\\/2b592c_b6944d80811246d987cc2c29accedf3f.png?fit=1417%2C531&ssl=1\",\"contentUrl\":\"https:\\\/\\\/i0.wp.com\\\/touchproeurope.eu\\\/wp-content\\\/uploads\\\/2023\\\/10\\\/2b592c_b6944d80811246d987cc2c29accedf3f.png?fit=1417%2C531&ssl=1\",\"width\":1417,\"height\":531,\"caption\":\"TouchPro Europe BV\"},\"image\":{\"@id\":\"https:\\\/\\\/touchproeurope.eu\\\/#\\\/schema\\\/logo\\\/image\\\/\"},\"sameAs\":[\"https:\\\/\\\/www.facebook.com\\\/TouchproNederland\\\/?locale=nl_NL\\\/\",\"https:\\\/\\\/www.instagram.com\\\/touchpro2016\\\/\",\"https:\\\/\\\/www.linkedin.com\\\/company\\\/touchpro-europe-bv\\\/\"],\"description\":\"TouchPro Europe Shop is de massage winkel van Europa. Wij verkopen topkwaliteit massageproducten aan masseurs, pedicures, fysiotherapeuten, manicuren, Wellness centra, opleidingen, etc. TouchPro begon als een kleine webshop in Nederland, maar is nu uitgegroeid tot een webshop met klanten uit heel Europa. Wij bieden een breed assortiment aan massageproducten, waaronder massagetafels, oli\u00ebn, cr\u00e8mes, en accessoires van topmerken, zoals Earthlite, Stronglite en InnerStrenght, Habys, Living Earth Crafts en Continuum en andere leveranciers van massage accessoires. Bestel hier de beste massagematerialen van Europa!\",\"email\":\"info@touchpro-europe.com\",\"telephone\":\"0858768829\",\"legalName\":\"TouchPro Europe BV\",\"foundingDate\":\"2018-01-11\",\"vatID\":\"NL855430151B01\",\"numberOfEmployees\":{\"@type\":\"QuantitativeValue\",\"minValue\":\"1\",\"maxValue\":\"10\"},\"hasMerchantReturnPolicy\":{\"@type\":\"MerchantReturnPolicy\",\"merchantReturnLink\":\"https:\\\/\\\/touchproeurope.eu\\\/pt\\\/retourbeleid\\\/\"}}]}<\/script>\n<!-- \/ Yoast SEO Premium plugin. -->","yoast_head_json":{"title":"Pol\u00edtica de devolu\u00e7\u00e3o - TouchPro Europe Shop","description":"Pol\u00edtica de devolu\u00e7\u00e3o da TouchPro Europe Shop - Se a sua compra n\u00e3o corresponder \u00e0s suas expectativas, pode devolv\u00ea-la sob certas condi\u00e7\u00f5es.","robots":{"index":"index","follow":"follow","max-snippet":"max-snippet:-1","max-image-preview":"max-image-preview:large","max-video-preview":"max-video-preview:-1"},"canonical":"https:\/\/touchproeurope.eu\/pt\/politica-de-devolucao\/","og_locale":"pt_PT","og_type":"article","og_title":"Retourbeleid","og_description":"TouchPro Europe Shop Retourbeleid - Voldoet je aankoop niet aan je verwachtingen, dan kun je het onder voorwaarden retourneren.","og_url":"https:\/\/touchproeurope.eu\/pt\/politica-de-devolucao\/","og_site_name":"TouchPro Europe Shop","article_publisher":"https:\/\/www.facebook.com\/TouchproNederland\/?locale=nl_NL%2f","article_modified_time":"2026-01-21T11:41:31+00:00","og_image":[{"width":512,"height":512,"url":"https:\/\/i0.wp.com\/touchproeurope.eu\/wp-content\/uploads\/2023\/10\/cropped-TouchPro-Europe-Favicon-2-1.png?fit=512%2C512&ssl=1","type":"image\/png"}],"twitter_card":"summary_large_image","twitter_misc":{"Tempo estimado de leitura":"4 minutos"},"schema":{"@context":"https:\/\/schema.org","@graph":[{"@type":"WebPage","@id":"https:\/\/touchproeurope.eu\/retourbeleid\/","url":"https:\/\/touchproeurope.eu\/retourbeleid\/","name":"Pol\u00edtica de devolu\u00e7\u00e3o - TouchPro Europe Shop","isPartOf":{"@id":"https:\/\/touchproeurope.eu\/#website"},"datePublished":"2023-11-09T13:48:57+00:00","dateModified":"2026-01-21T11:41:31+00:00","description":"Pol\u00edtica de devolu\u00e7\u00e3o da TouchPro Europe Shop - Se a sua compra n\u00e3o corresponder \u00e0s suas expectativas, pode devolv\u00ea-la sob certas condi\u00e7\u00f5es.","breadcrumb":{"@id":"https:\/\/touchproeurope.eu\/retourbeleid\/#breadcrumb"},"inLanguage":"pt-PT","potentialAction":[{"@type":"ReadAction","target":["https:\/\/touchproeurope.eu\/retourbeleid\/"]}]},{"@type":"BreadcrumbList","@id":"https:\/\/touchproeurope.eu\/retourbeleid\/#breadcrumb","itemListElement":[{"@type":"ListItem","position":1,"name":"Home","item":"https:\/\/touchproeurope.eu\/"},{"@type":"ListItem","position":2,"name":"Retourbeleid"}]},{"@type":"WebSite","@id":"https:\/\/touchproeurope.eu\/#website","url":"https:\/\/touchproeurope.eu\/","name":"Loja TouchPro Europa","description":"Tudo para o seu consult\u00f3rio com um toque profissional!","publisher":{"@id":"https:\/\/touchproeurope.eu\/#organization"},"alternateName":"TPE","potentialAction":[{"@type":"SearchAction","target":{"@type":"EntryPoint","urlTemplate":"https:\/\/touchproeurope.eu\/?s={search_term_string}"},"query-input":{"@type":"PropertyValueSpecification","valueRequired":true,"valueName":"search_term_string"}}],"inLanguage":"pt-PT"},{"@type":"Organization","@id":"https:\/\/touchproeurope.eu\/#organization","name":"TouchPro Europa BV","alternateName":"TPE","url":"https:\/\/touchproeurope.eu\/","logo":{"@type":"ImageObject","inLanguage":"pt-PT","@id":"https:\/\/touchproeurope.eu\/#\/schema\/logo\/image\/","url":"https:\/\/i0.wp.com\/touchproeurope.eu\/wp-content\/uploads\/2023\/10\/2b592c_b6944d80811246d987cc2c29accedf3f.png?fit=1417%2C531&ssl=1","contentUrl":"https:\/\/i0.wp.com\/touchproeurope.eu\/wp-content\/uploads\/2023\/10\/2b592c_b6944d80811246d987cc2c29accedf3f.png?fit=1417%2C531&ssl=1","width":1417,"height":531,"caption":"TouchPro Europe BV"},"image":{"@id":"https:\/\/touchproeurope.eu\/#\/schema\/logo\/image\/"},"sameAs":["https:\/\/www.facebook.com\/TouchproNederland\/?locale=nl_NL\/","https:\/\/www.instagram.com\/touchpro2016\/","https:\/\/www.linkedin.com\/company\/touchpro-europe-bv\/"],"description":"A TouchPro Europe Shop \u00e9 a loja de massagens da Europa. Vendemos produtos de massagem de alta qualidade a massagistas, pedicuros, fisioterapeutas, manicures, centros de bem-estar, cursos de forma\u00e7\u00e3o, etc. A TouchPro come\u00e7ou por ser uma pequena loja nos Pa\u00edses Baixos, mas agora transformou-se numa loja com clientes de toda a Europa. Oferecemos uma vasta gama de produtos de massagem, incluindo mesas de massagem, \u00f3leos, cremes e acess\u00f3rios de marcas de topo como Earthlite, Stronglite e InnerStrenght, Habys, Living Earth Crafts e Continuum e outros fornecedores de acess\u00f3rios de massagem. Encomende aqui os melhores artigos de massagem da Europa!","email":"info@touchpro-europe.com","telephone":"0858768829","legalName":"TouchPro Europe BV","foundingDate":"2018-01-11","vatID":"NL855430151B01","numberOfEmployees":{"@type":"QuantitativeValue","minValue":"1","maxValue":"10"},"hasMerchantReturnPolicy":{"@type":"MerchantReturnPolicy","merchantReturnLink":"https:\/\/touchproeurope.eu\/pt\/retourbeleid\/"}}]}},"_links":{"self":[{"href":"https:\/\/touchproeurope.eu\/pt\/wp-json\/wp\/v2\/pages\/17","targetHints":{"allow":["GET"]}}],"collection":[{"href":"https:\/\/touchproeurope.eu\/pt\/wp-json\/wp\/v2\/pages"}],"about":[{"href":"https:\/\/touchproeurope.eu\/pt\/wp-json\/wp\/v2\/types\/page"}],"author":[{"embeddable":true,"href":"https:\/\/touchproeurope.eu\/pt\/wp-json\/wp\/v2\/users\/1"}],"replies":[{"embeddable":true,"href":"https:\/\/touchproeurope.eu\/pt\/wp-json\/wp\/v2\/comments?post=17"}],"version-history":[{"count":18,"href":"https:\/\/touchproeurope.eu\/pt\/wp-json\/wp\/v2\/pages\/17\/revisions"}],"predecessor-version":[{"id":15644,"href":"https:\/\/touchproeurope.eu\/pt\/wp-json\/wp\/v2\/pages\/17\/revisions\/15644"}],"wp:attachment":[{"href":"https:\/\/touchproeurope.eu\/pt\/wp-json\/wp\/v2\/media?parent=17"}],"curies":[{"name":"wp","href":"https:\/\/api.w.org\/{rel}","templated":true}]}}