{"id":12683,"date":"2025-07-23T15:14:14","date_gmt":"2025-07-23T15:14:14","guid":{"rendered":"https:\/\/touchproeurope.eu\/?post_type=product&#038;p=12683"},"modified":"2026-03-04T17:01:43","modified_gmt":"2026-03-04T17:01:43","slug":"elevador-eletrico-ellora","status":"publish","type":"product","link":"https:\/\/touchproeurope.eu\/pt\/product\/ellora-electric-lift\/","title":{"rendered":"Elevador Ellora\u2122 el\u00e9trico"},"content":{"rendered":"<p>A Mesa de Massagem Ellora\u2122 Electric Lift da Earthlite foi concebida para proporcionar a melhor combina\u00e7\u00e3o de fiabilidade, funcionalidade e conforto aos profissionais de bem-estar. Esta popular mesa de massagem ajust\u00e1vel eletricamente \u00e9 a primeira escolha de spas, fisioterapeutas e massagistas em todo o mundo, gra\u00e7as \u00e0 sua constru\u00e7\u00e3o s\u00f3lida, funcionamento silencioso e excecional facilidade de utiliza\u00e7\u00e3o.<\/p>\n<p>Equipada com um motor fi\u00e1vel, a estrutura de a\u00e7o resistente suporta sem esfor\u00e7o at\u00e9 600 lbs (272 kg). Gra\u00e7as ao sistema de espuma Pro-Plush\u2122 Deluxe de 3 camadas e aos estofos Comfort-Flex\u2122 duradouros, esta mesa oferece uma experi\u00eancia de luxo aos clientes ano ap\u00f3s ano.<\/p>\n<p>A altura da mesa \u00e9 ajust\u00e1vel eletricamente de 18\u2033 a 37\u2033 (45 a 94 cm) utilizando o controlo de p\u00e9 m\u00e3os-livres. Para mobilidade, a mesa tem rod\u00edzios integrados, facilitando a sua desloca\u00e7\u00e3o dentro da sua cl\u00ednica ou sala de tratamento. Al\u00e9m disso, a Ellora\u2122 est\u00e1 totalmente em conformidade com o T\u00edtulo III da ADA, tornando-a adequada para os requisitos de acessibilidade.<\/p>\n<p>Pode personalizar totalmente a mesa com diferentes larguras (71 cm, 76 cm, 81 cm ou 89 cm), pain\u00e9is superiores (planos, com inclina\u00e7\u00e3o manual, pneum\u00e1ticos ou el\u00e9ctricos), actualiza\u00e7\u00f5es opcionais, como espuma viscoel\u00e1stica de 10 cm, certifica\u00e7\u00e3o ETL e acess\u00f3rios adicionais, como almofada de apoio para a cabe\u00e7a, rolo para o pesco\u00e7o e apoios para os bra\u00e7os.<\/p>\n<p>Quer gere um spa movimentado ou tenha um consult\u00f3rio privado, a mesa elevat\u00f3ria el\u00e9ctrica Ellora\u2122 \u00e9 um investimento duradouro que proporciona um desempenho de topo durante muitos anos.<\/p>\n<p><a href=\"https:\/\/www.earthlite.com\/media\/wysiwyg\/SalesSheets\/2025\/Ellora_Sales_Sheet_-_Rev_032725.pdf\">Detalhes do produto<\/a> e <a href=\"https:\/\/www.earthlite.com\/media\/wysiwyg\/EL-Manuals_User-Guides\/1-400-0026_-_Ellora_User_Manual_4-25-25.pdf\">manual<\/a><\/p>","protected":false},"excerpt":{"rendered":"<p>A Ellora\u2122 Electric Lift Massage Table \u00e9 a mesa de massagem el\u00e9ctrica mais popular da Earthlite, com altura ajust\u00e1vel, estrutura de a\u00e7o dur\u00e1vel e conforto luxuoso. Ideal para spas e terapeutas, com m\u00faltiplas op\u00e7\u00f5es de personaliza\u00e7\u00e3o, elevada capacidade de carga e funcionamento silencioso.<\/p>","protected":false},"featured_media":12767,"comment_status":"open","ping_status":"closed","template":"","meta":[],"product_brand":[343],"product_cat":[97,93],"product_tag":[338,389],"class_list":{"0":"post-12683","1":"product","2":"type-product","3":"status-publish","4":"has-post-thumbnail","6":"product_brand-earthlite","7":"product_cat-elektrische-massagetafels","8":"product_cat-massagetafels","9":"product_tag-elektrisch-verstelbaar","10":"product_tag-sterk-en-duurzaam","11":"product_shipping_class-offerte-aanvraag","12":"pa_kleur-beige","13":"pa_kleur-bordeaux","14":"pa_kleur-grijs","15":"pa_kleur-latte","16":"pa_kleur-mystic-blue","17":"pa_kleur-paars","18":"pa_kleur-teal","19":"pa_kleur-vanille-creme","20":"pa_kleur-wit","21":"pa_kleur-zilver","22":"pa_kleur-zwart","23":"pa_merk-earthlite","25":"first","26":"instock","27":"taxable","28":"shipping-taxable","29":"purchasable","30":"product-type-variable"},"yoast_head":"<!-- This site is optimized with the Yoast SEO Premium plugin v27.3 (Yoast SEO v27.3) - https:\/\/yoast.com\/product\/yoast-seo-premium-wordpress\/ -->\n<title>Ellora\u2122 Electric Lift Massage Table \u2013 Professionele Massagetafel - TouchPro Europe Shop<\/title>\n<meta name=\"description\" content=\"Ontdek de Ellora\u2122 Electric Lift Massage Table, Earthlite\u2019s populairste elektrische in hoogte verstelbare massagetafel, luxe comfort en tot 600 lbs draagvermogen.\" \/>\n<meta name=\"robots\" content=\"index, follow, max-snippet:-1, max-image-preview:large, max-video-preview:-1\" \/>\n<link rel=\"canonical\" href=\"https:\/\/touchproeurope.eu\/pt\/product\/elevador-eletrico-ellora\/\" \/>\n<meta property=\"og:locale\" content=\"pt_PT\" \/>\n<meta property=\"og:type\" content=\"article\" \/>\n<meta property=\"og:title\" content=\"Ellora\u2122 Electric Lift\" \/>\n<meta property=\"og:description\" content=\"Ontdek de Ellora\u2122 Electric Lift Massage Table, Earthlite\u2019s populairste elektrische in hoogte verstelbare massagetafel, luxe comfort en tot 600 lbs draagvermogen.\" \/>\n<meta property=\"og:url\" content=\"https:\/\/touchproeurope.eu\/pt\/product\/elevador-eletrico-ellora\/\" \/>\n<meta property=\"og:site_name\" content=\"TouchPro Europe Shop\" \/>\n<meta property=\"article:publisher\" content=\"https:\/\/www.facebook.com\/TouchproNederland\/?locale=nl_NL%2f\" \/>\n<meta property=\"article:modified_time\" content=\"2026-03-04T17:01:43+00:00\" \/>\n<meta property=\"og:image\" content=\"https:\/\/touchproeurope.eu\/wp-content\/uploads\/2025\/07\/Ellora_Flat_-_Black_ICONS.jpg\" \/>\n\t<meta property=\"og:image:width\" content=\"1600\" \/>\n\t<meta property=\"og:image:height\" content=\"1600\" \/>\n\t<meta property=\"og:image:type\" content=\"image\/jpeg\" \/>\n<meta name=\"twitter:card\" content=\"summary_large_image\" \/>\n<meta name=\"twitter:label1\" content=\"Disponibilidade\" \/>\n\t<meta name=\"twitter:data1\" content=\"Em stock\" \/>\n<script type=\"application\/ld+json\" class=\"yoast-schema-graph\">{\"@context\":\"https:\\\/\\\/schema.org\",\"@graph\":[{\"@type\":\"WebPage\",\"@id\":\"https:\\\/\\\/touchproeurope.eu\\\/product\\\/ellora-electric-lift\\\/\",\"url\":\"https:\\\/\\\/touchproeurope.eu\\\/product\\\/ellora-electric-lift\\\/\",\"name\":\"Ellora\u2122 Electric Lift Massage Table \u2013 Professionele Massagetafel - TouchPro Europe Shop\",\"isPartOf\":{\"@id\":\"https:\\\/\\\/touchproeurope.eu\\\/#website\"},\"primaryImageOfPage\":{\"@id\":\"https:\\\/\\\/touchproeurope.eu\\\/product\\\/ellora-electric-lift\\\/#primaryimage\"},\"image\":{\"@id\":\"https:\\\/\\\/touchproeurope.eu\\\/product\\\/ellora-electric-lift\\\/#primaryimage\"},\"thumbnailUrl\":\"https:\\\/\\\/i0.wp.com\\\/touchproeurope.eu\\\/wp-content\\\/uploads\\\/2025\\\/07\\\/Ellora_Flat_-_Black_ICONS.jpg?fit=1600%2C1600&ssl=1\",\"datePublished\":\"2025-07-23T15:14:14+00:00\",\"dateModified\":\"2026-03-04T17:01:43+00:00\",\"description\":\"Ontdek de Ellora\u2122 Electric Lift Massage Table, Earthlite\u2019s populairste elektrische in hoogte verstelbare massagetafel, luxe comfort en tot 600 lbs draagvermogen.\",\"breadcrumb\":{\"@id\":\"https:\\\/\\\/touchproeurope.eu\\\/product\\\/ellora-electric-lift\\\/#breadcrumb\"},\"inLanguage\":\"pt-PT\",\"potentialAction\":[{\"@type\":\"ReadAction\",\"target\":[\"https:\\\/\\\/touchproeurope.eu\\\/product\\\/ellora-electric-lift\\\/\"]}]},{\"@type\":\"ImageObject\",\"inLanguage\":\"pt-PT\",\"@id\":\"https:\\\/\\\/touchproeurope.eu\\\/product\\\/ellora-electric-lift\\\/#primaryimage\",\"url\":\"https:\\\/\\\/i0.wp.com\\\/touchproeurope.eu\\\/wp-content\\\/uploads\\\/2025\\\/07\\\/Ellora_Flat_-_Black_ICONS.jpg?fit=1600%2C1600&ssl=1\",\"contentUrl\":\"https:\\\/\\\/i0.wp.com\\\/touchproeurope.eu\\\/wp-content\\\/uploads\\\/2025\\\/07\\\/Ellora_Flat_-_Black_ICONS.jpg?fit=1600%2C1600&ssl=1\",\"width\":1600,\"height\":1600,\"caption\":\"Ellora\u2122 Electric Lift Zwart\"},{\"@type\":\"BreadcrumbList\",\"@id\":\"https:\\\/\\\/touchproeurope.eu\\\/product\\\/ellora-electric-lift\\\/#breadcrumb\",\"itemListElement\":[{\"@type\":\"ListItem\",\"position\":1,\"name\":\"Home\",\"item\":\"https:\\\/\\\/touchproeurope.eu\\\/\"},{\"@type\":\"ListItem\",\"position\":2,\"name\":\"Winkel\",\"item\":\"https:\\\/\\\/touchproeurope.eu\\\/winkel\\\/\"},{\"@type\":\"ListItem\",\"position\":3,\"name\":\"Ellora\u2122 Electric Lift\"}]},{\"@type\":\"WebSite\",\"@id\":\"https:\\\/\\\/touchproeurope.eu\\\/#website\",\"url\":\"https:\\\/\\\/touchproeurope.eu\\\/\",\"name\":\"TouchPro Europe Shop\",\"description\":\"Alles voor jouw praktijk met een PROfessionele Touch!\",\"publisher\":{\"@id\":\"https:\\\/\\\/touchproeurope.eu\\\/#organization\"},\"alternateName\":\"TPE\",\"potentialAction\":[{\"@type\":\"SearchAction\",\"target\":{\"@type\":\"EntryPoint\",\"urlTemplate\":\"https:\\\/\\\/touchproeurope.eu\\\/?s={search_term_string}\"},\"query-input\":{\"@type\":\"PropertyValueSpecification\",\"valueRequired\":true,\"valueName\":\"search_term_string\"}}],\"inLanguage\":\"pt-PT\"},{\"@type\":\"Organization\",\"@id\":\"https:\\\/\\\/touchproeurope.eu\\\/#organization\",\"name\":\"TouchPro Europe BV\",\"alternateName\":\"TPE\",\"url\":\"https:\\\/\\\/touchproeurope.eu\\\/\",\"logo\":{\"@type\":\"ImageObject\",\"inLanguage\":\"pt-PT\",\"@id\":\"https:\\\/\\\/touchproeurope.eu\\\/#\\\/schema\\\/logo\\\/image\\\/\",\"url\":\"https:\\\/\\\/i0.wp.com\\\/touchproeurope.eu\\\/wp-content\\\/uploads\\\/2023\\\/10\\\/2b592c_b6944d80811246d987cc2c29accedf3f.png?fit=1417%2C531&ssl=1\",\"contentUrl\":\"https:\\\/\\\/i0.wp.com\\\/touchproeurope.eu\\\/wp-content\\\/uploads\\\/2023\\\/10\\\/2b592c_b6944d80811246d987cc2c29accedf3f.png?fit=1417%2C531&ssl=1\",\"width\":1417,\"height\":531,\"caption\":\"TouchPro Europe BV\"},\"image\":{\"@id\":\"https:\\\/\\\/touchproeurope.eu\\\/#\\\/schema\\\/logo\\\/image\\\/\"},\"sameAs\":[\"https:\\\/\\\/www.facebook.com\\\/TouchproNederland\\\/?locale=nl_NL\\\/\",\"https:\\\/\\\/www.instagram.com\\\/touchpro2016\\\/\",\"https:\\\/\\\/www.linkedin.com\\\/company\\\/touchpro-europe-bv\\\/\"],\"description\":\"TouchPro Europe Shop is de massage winkel van Europa. Wij verkopen topkwaliteit massageproducten aan masseurs, pedicures, fysiotherapeuten, manicuren, Wellness centra, opleidingen, etc. TouchPro begon als een kleine webshop in Nederland, maar is nu uitgegroeid tot een webshop met klanten uit heel Europa. Wij bieden een breed assortiment aan massageproducten, waaronder massagetafels, oli\u00ebn, cr\u00e8mes, en accessoires van topmerken, zoals Earthlite, Stronglite en InnerStrenght, Habys, Living Earth Crafts en Continuum en andere leveranciers van massage accessoires. Bestel hier de beste massagematerialen van Europa!\",\"email\":\"info@touchpro-europe.com\",\"telephone\":\"0858768829\",\"legalName\":\"TouchPro Europe BV\",\"foundingDate\":\"2018-01-11\",\"vatID\":\"NL855430151B01\",\"numberOfEmployees\":{\"@type\":\"QuantitativeValue\",\"minValue\":\"1\",\"maxValue\":\"10\"},\"hasMerchantReturnPolicy\":{\"@type\":\"MerchantReturnPolicy\",\"merchantReturnLink\":\"https:\\\/\\\/touchproeurope.eu\\\/pt\\\/retourbeleid\\\/\"}}]}<\/script>\n<meta property=\"product:brand\" content=\"Earthlite\" \/>\n<meta property=\"og:availability\" content=\"instock\" \/>\n<meta property=\"product:availability\" content=\"instock\" \/>\n<meta property=\"product:condition\" content=\"new\" \/>\n<!-- \/ Yoast SEO Premium plugin. -->","yoast_head_json":{"title":"Ellora\u2122 Electric Lift Massage Table - Mesa de Massagem Profissional - TouchPro Europe Shop","description":"Descubra a Ellora\u2122 Electric Lift Massage Table, a mesa de massagem el\u00e9ctrica com altura ajust\u00e1vel mais popular da Earthlite, conforto luxuoso e capacidade de carga at\u00e9 600 lbs.","robots":{"index":"index","follow":"follow","max-snippet":"max-snippet:-1","max-image-preview":"max-image-preview:large","max-video-preview":"max-video-preview:-1"},"canonical":"https:\/\/touchproeurope.eu\/pt\/product\/elevador-eletrico-ellora\/","og_locale":"pt_PT","og_type":"article","og_title":"Ellora\u2122 Electric Lift","og_description":"Ontdek de Ellora\u2122 Electric Lift Massage Table, Earthlite\u2019s populairste elektrische in hoogte verstelbare massagetafel, luxe comfort en tot 600 lbs draagvermogen.","og_url":"https:\/\/touchproeurope.eu\/pt\/product\/elevador-eletrico-ellora\/","og_site_name":"TouchPro Europe Shop","article_publisher":"https:\/\/www.facebook.com\/TouchproNederland\/?locale=nl_NL%2f","article_modified_time":"2026-03-04T17:01:43+00:00","og_image":[{"width":1600,"height":1600,"url":"https:\/\/touchproeurope.eu\/wp-content\/uploads\/2025\/07\/Ellora_Flat_-_Black_ICONS.jpg","type":"image\/jpeg"}],"twitter_card":"summary_large_image","twitter_misc":{"Disponibilidade":"Em stock"},"schema":{"@context":"https:\/\/schema.org","@graph":[{"@type":"WebPage","@id":"https:\/\/touchproeurope.eu\/product\/ellora-electric-lift\/","url":"https:\/\/touchproeurope.eu\/product\/ellora-electric-lift\/","name":"Ellora\u2122 Electric Lift Massage Table - Mesa de Massagem Profissional - TouchPro Europe Shop","isPartOf":{"@id":"https:\/\/touchproeurope.eu\/#website"},"primaryImageOfPage":{"@id":"https:\/\/touchproeurope.eu\/product\/ellora-electric-lift\/#primaryimage"},"image":{"@id":"https:\/\/touchproeurope.eu\/product\/ellora-electric-lift\/#primaryimage"},"thumbnailUrl":"https:\/\/i0.wp.com\/touchproeurope.eu\/wp-content\/uploads\/2025\/07\/Ellora_Flat_-_Black_ICONS.jpg?fit=1600%2C1600&ssl=1","datePublished":"2025-07-23T15:14:14+00:00","dateModified":"2026-03-04T17:01:43+00:00","description":"Descubra a Ellora\u2122 Electric Lift Massage Table, a mesa de massagem el\u00e9ctrica com altura ajust\u00e1vel mais popular da Earthlite, conforto luxuoso e capacidade de carga at\u00e9 600 lbs.","breadcrumb":{"@id":"https:\/\/touchproeurope.eu\/product\/ellora-electric-lift\/#breadcrumb"},"inLanguage":"pt-PT","potentialAction":[{"@type":"ReadAction","target":["https:\/\/touchproeurope.eu\/product\/ellora-electric-lift\/"]}]},{"@type":"ImageObject","inLanguage":"pt-PT","@id":"https:\/\/touchproeurope.eu\/product\/ellora-electric-lift\/#primaryimage","url":"https:\/\/i0.wp.com\/touchproeurope.eu\/wp-content\/uploads\/2025\/07\/Ellora_Flat_-_Black_ICONS.jpg?fit=1600%2C1600&ssl=1","contentUrl":"https:\/\/i0.wp.com\/touchproeurope.eu\/wp-content\/uploads\/2025\/07\/Ellora_Flat_-_Black_ICONS.jpg?fit=1600%2C1600&ssl=1","width":1600,"height":1600,"caption":"Ellora\u2122 Electric Lift Zwart"},{"@type":"BreadcrumbList","@id":"https:\/\/touchproeurope.eu\/product\/ellora-electric-lift\/#breadcrumb","itemListElement":[{"@type":"ListItem","position":1,"name":"Home","item":"https:\/\/touchproeurope.eu\/"},{"@type":"ListItem","position":2,"name":"Winkel","item":"https:\/\/touchproeurope.eu\/winkel\/"},{"@type":"ListItem","position":3,"name":"Ellora\u2122 Electric Lift"}]},{"@type":"WebSite","@id":"https:\/\/touchproeurope.eu\/#website","url":"https:\/\/touchproeurope.eu\/","name":"Loja TouchPro Europa","description":"Tudo para o seu consult\u00f3rio com um toque profissional!","publisher":{"@id":"https:\/\/touchproeurope.eu\/#organization"},"alternateName":"TPE","potentialAction":[{"@type":"SearchAction","target":{"@type":"EntryPoint","urlTemplate":"https:\/\/touchproeurope.eu\/?s={search_term_string}"},"query-input":{"@type":"PropertyValueSpecification","valueRequired":true,"valueName":"search_term_string"}}],"inLanguage":"pt-PT"},{"@type":"Organization","@id":"https:\/\/touchproeurope.eu\/#organization","name":"TouchPro Europa BV","alternateName":"TPE","url":"https:\/\/touchproeurope.eu\/","logo":{"@type":"ImageObject","inLanguage":"pt-PT","@id":"https:\/\/touchproeurope.eu\/#\/schema\/logo\/image\/","url":"https:\/\/i0.wp.com\/touchproeurope.eu\/wp-content\/uploads\/2023\/10\/2b592c_b6944d80811246d987cc2c29accedf3f.png?fit=1417%2C531&ssl=1","contentUrl":"https:\/\/i0.wp.com\/touchproeurope.eu\/wp-content\/uploads\/2023\/10\/2b592c_b6944d80811246d987cc2c29accedf3f.png?fit=1417%2C531&ssl=1","width":1417,"height":531,"caption":"TouchPro Europe BV"},"image":{"@id":"https:\/\/touchproeurope.eu\/#\/schema\/logo\/image\/"},"sameAs":["https:\/\/www.facebook.com\/TouchproNederland\/?locale=nl_NL\/","https:\/\/www.instagram.com\/touchpro2016\/","https:\/\/www.linkedin.com\/company\/touchpro-europe-bv\/"],"description":"A TouchPro Europe Shop \u00e9 a loja de massagens da Europa. Vendemos produtos de massagem de alta qualidade a massagistas, pedicuros, fisioterapeutas, manicures, centros de bem-estar, cursos de forma\u00e7\u00e3o, etc. A TouchPro come\u00e7ou por ser uma pequena loja nos Pa\u00edses Baixos, mas agora transformou-se numa loja com clientes de toda a Europa. Oferecemos uma vasta gama de produtos de massagem, incluindo mesas de massagem, \u00f3leos, cremes e acess\u00f3rios de marcas de topo como Earthlite, Stronglite e InnerStrenght, Habys, Living Earth Crafts e Continuum e outros fornecedores de acess\u00f3rios de massagem. Encomende aqui os melhores artigos de massagem da Europa!","email":"info@touchpro-europe.com","telephone":"0858768829","legalName":"TouchPro Europe BV","foundingDate":"2018-01-11","vatID":"NL855430151B01","numberOfEmployees":{"@type":"QuantitativeValue","minValue":"1","maxValue":"10"},"hasMerchantReturnPolicy":{"@type":"MerchantReturnPolicy","merchantReturnLink":"https:\/\/touchproeurope.eu\/pt\/retourbeleid\/"}}]},"product_brand":"Earthlite","og_availability":"instock","product_availability":"instock","product_condition":"new"},"_links":{"self":[{"href":"https:\/\/touchproeurope.eu\/pt\/wp-json\/wp\/v2\/product\/12683","targetHints":{"allow":["GET"]}}],"collection":[{"href":"https:\/\/touchproeurope.eu\/pt\/wp-json\/wp\/v2\/product"}],"about":[{"href":"https:\/\/touchproeurope.eu\/pt\/wp-json\/wp\/v2\/types\/product"}],"replies":[{"embeddable":true,"href":"https:\/\/touchproeurope.eu\/pt\/wp-json\/wp\/v2\/comments?post=12683"}],"version-history":[{"count":5,"href":"https:\/\/touchproeurope.eu\/pt\/wp-json\/wp\/v2\/product\/12683\/revisions"}],"predecessor-version":[{"id":13013,"href":"https:\/\/touchproeurope.eu\/pt\/wp-json\/wp\/v2\/product\/12683\/revisions\/13013"}],"wp:featuredmedia":[{"embeddable":true,"href":"https:\/\/touchproeurope.eu\/pt\/wp-json\/wp\/v2\/media\/12767"}],"wp:attachment":[{"href":"https:\/\/touchproeurope.eu\/pt\/wp-json\/wp\/v2\/media?parent=12683"}],"wp:term":[{"taxonomy":"product_brand","embeddable":true,"href":"https:\/\/touchproeurope.eu\/pt\/wp-json\/wp\/v2\/product_brand?post=12683"},{"taxonomy":"product_cat","embeddable":true,"href":"https:\/\/touchproeurope.eu\/pt\/wp-json\/wp\/v2\/product_cat?post=12683"},{"taxonomy":"product_tag","embeddable":true,"href":"https:\/\/touchproeurope.eu\/pt\/wp-json\/wp\/v2\/product_tag?post=12683"}],"curies":[{"name":"wp","href":"https:\/\/api.w.org\/{rel}","templated":true}]}}