{"id":14823,"date":"2025-10-22T07:58:40","date_gmt":"2025-10-22T07:58:40","guid":{"rendered":"https:\/\/touchproeurope.eu\/?post_type=product&#038;p=14823"},"modified":"2026-04-22T14:55:43","modified_gmt":"2026-04-22T14:55:43","slug":"evereste","status":"publish","type":"product","link":"https:\/\/touchproeurope.eu\/pt\/product\/everest\/","title":{"rendered":"Everest\u2122 Elevador el\u00e9trico"},"content":{"rendered":"<p data-start=\"378\" data-end=\"815\">O elevador el\u00e9trico Everest\u2122 da Earthlite combina um design elegante e moderno com uma estabilidade excecional e um desempenho profissional. Esta mesa de tratamento foi concebida para terapeutas e profissionais de bem-estar. Estes dependem diariamente da efici\u00eancia, do conforto e da fiabilidade. Com a sua estrutura de a\u00e7o robusta, coluna de eleva\u00e7\u00e3o el\u00e9ctrica silenciosa e acabamento luxuoso, a Everest\u2122 oferece um equil\u00edbrio entre eleg\u00e2ncia, for\u00e7a e facilidade de utiliza\u00e7\u00e3o.<\/p>\n<p data-start=\"817\" data-end=\"1259\">A mesa est\u00e1 equipada com um potente atuador el\u00e9trico. Permite uma regula\u00e7\u00e3o suave da altura atrav\u00e9s de um pedal m\u00e3os-livres. A constru\u00e7\u00e3o em coluna \u00fanica cria um espa\u00e7o adicional para as pernas e joelhos do profissional. Isto promove uma postura de trabalho ergon\u00f3mica e optimiza o conforto tanto para o terapeuta como para o cliente. A mesa tem certifica\u00e7\u00e3o CE e foi constru\u00edda para resistir a anos de utiliza\u00e7\u00e3o intensiva.<\/p>\n<p data-start=\"1261\" data-end=\"1800\">A superf\u00edcie de repouso \u00e9 rematada com o sistema de almofadas Pro-Plush\u2122 Deluxe de alta qualidade com 7,6 cm (3\u201d). Este sistema \u00e9 composto por tr\u00eas camadas de espuma com diferentes densidades para o m\u00e1ximo conforto. O estofo \u00e9 feito de material Comfort-Flex\u2122 PU. \u00c9 suave ao toque e extremamente dur\u00e1vel. Al\u00e9m disso, \u00e9 resistente a rasg\u00f5es, descolora\u00e7\u00e3o ou desprendimento, com garantia at\u00e9 tr\u00eas anos.<\/p>\n<p data-start=\"1261\" data-end=\"1800\">Os cantos arredondados do sal\u00e3o proporcionam um aspeto elegante. Al\u00e9m disso, tornam a mesa mais confort\u00e1vel para os terapeutas enquanto trabalham \u00e0 volta do cliente.<\/p>\n<p data-start=\"1802\" data-end=\"2146\">O elevador el\u00e9trico Everest\u2122 \u00e9 fabricado nos EUA com componentes globais cuidadosamente selecionados. Est\u00e1 dispon\u00edvel em diferentes larguras (71, 76 ou 81 cm). Opcionalmente, pode ser equipado com acess\u00f3rios como um apoio de bra\u00e7o suspenso Deluxe, atualiza\u00e7\u00e3o ETL ou uma almofada facial com plataforma (vendida separadamente).<\/p>\n<p data-start=\"2148\" data-end=\"2393\">Em suma: uma mesa de tratamento duradoura, fi\u00e1vel e luxuosa. Combina funcionalidade e eleg\u00e2ncia, perfeita para spas, casas de massagens, cl\u00ednicas de fisioterapia e centros de bem-estar que valorizam o profissionalismo e o conforto.<\/p>","protected":false},"excerpt":{"rendered":"<p>O <strong data-start=\"2440\" data-end=\"2466\">Elevador el\u00e9trico Everest\u2122<\/strong> \u00e9 uma mesa de tratamento el\u00e9ctrica de alta qualidade com um ajuste de altura potente e silencioso. Equipada com uma estrutura de a\u00e7o robusta, almofadas Pro-Plush\u2122 de 3 camadas e estofos Comfort-Flex\u2122 duradouros. Concebida para m\u00e1xima estabilidade, ergonomia e luxo em qualquer sala de bem-estar ou de tratamento.<\/p>\n<p><a href=\"https:\/\/touchproeurope.eu\/wp-content\/uploads\/2025\/10\/Everest_Pedestal_Lift_1-300-0110_-_Rev_012323.pdf\">Folha de vendas<\/a><\/p>","protected":false},"featured_media":14950,"comment_status":"open","ping_status":"closed","template":"","meta":[],"product_brand":[343],"product_cat":[97,93],"product_tag":[458,461,459,462,460],"class_list":{"0":"post-14823","1":"product","2":"type-product","3":"status-publish","4":"has-post-thumbnail","6":"product_brand-earthlite","7":"product_cat-elektrische-massagetafels","8":"product_cat-massagetafels","9":"product_tag-elektrische-behandeltafel","10":"product_tag-ergonomische-massagetafel","11":"product_tag-professionele-massagetafel","12":"product_tag-therapietafel","13":"product_tag-wellness-behandeltafel","14":"product_shipping_class-offerte-aanvraag","15":"pa_kleur-bordeaux","16":"pa_kleur-latte","17":"pa_kleur-maries-beige","18":"pa_kleur-mystic-blue","19":"pa_kleur-paars","20":"pa_kleur-teal","21":"pa_kleur-vanille-creme","22":"pa_kleur-wit","23":"pa_kleur-zilver","24":"pa_kleur-zwart","25":"pa_merk-earthlite","27":"first","28":"instock","29":"taxable","30":"shipping-taxable","31":"purchasable","32":"product-type-variable"},"yoast_head":"<!-- This site is optimized with the Yoast SEO Premium plugin v27.4 (Yoast SEO v27.4) - https:\/\/yoast.com\/product\/yoast-seo-premium-wordpress\/ -->\n<title>Everest\u2122 Electric Lift: De Perfecte Balans van Sterkte in een tafel- TouchPro Europe Shop<\/title>\n<meta name=\"description\" content=\"De Everest\u2122 Electric lift biedt een luxe afwerking en professionele prestaties. Verbeter uw wellnesspraktijk met deze betrouwbare behandeltafel! \ud83c\udf1f\" \/>\n<meta name=\"robots\" content=\"index, follow, max-snippet:-1, max-image-preview:large, max-video-preview:-1\" \/>\n<link rel=\"canonical\" href=\"https:\/\/touchproeurope.eu\/pt\/product\/evereste\/\" \/>\n<meta property=\"og:locale\" content=\"pt_PT\" \/>\n<meta property=\"og:type\" content=\"article\" \/>\n<meta property=\"og:title\" content=\"Everest\u2122 Electric lift\" \/>\n<meta property=\"og:description\" content=\"De Everest\u2122 Electric lift biedt een luxe afwerking en professionele prestaties. Verbeter uw wellnesspraktijk met deze betrouwbare behandeltafel! \ud83c\udf1f\" \/>\n<meta property=\"og:url\" content=\"https:\/\/touchproeurope.eu\/pt\/product\/evereste\/\" \/>\n<meta property=\"og:site_name\" content=\"TouchPro Europe Shop\" \/>\n<meta property=\"article:publisher\" content=\"https:\/\/www.facebook.com\/TouchproNederland\/?locale=nl_NL%2f\" \/>\n<meta property=\"article:modified_time\" content=\"2026-04-22T14:55:43+00:00\" \/>\n<meta property=\"og:image\" content=\"https:\/\/touchproeurope.eu\/wp-content\/uploads\/2025\/10\/Everest_Pedestal_-_Tilt_-_Mystic_Blue-e1761147417207.jpg\" \/>\n\t<meta property=\"og:image:width\" content=\"800\" \/>\n\t<meta property=\"og:image:height\" content=\"800\" \/>\n\t<meta property=\"og:image:type\" content=\"image\/jpeg\" \/>\n<meta name=\"twitter:card\" content=\"summary_large_image\" \/>\n<meta name=\"twitter:label1\" content=\"Disponibilidade\" \/>\n\t<meta name=\"twitter:data1\" content=\"Em stock\" \/>\n<script type=\"application\/ld+json\" class=\"yoast-schema-graph\">{\"@context\":\"https:\\\/\\\/schema.org\",\"@graph\":[{\"@type\":\"WebPage\",\"@id\":\"https:\\\/\\\/touchproeurope.eu\\\/product\\\/everest\\\/\",\"url\":\"https:\\\/\\\/touchproeurope.eu\\\/product\\\/everest\\\/\",\"name\":\"Everest\u2122 Electric Lift: De Perfecte Balans van Sterkte in een tafel- TouchPro Europe Shop\",\"isPartOf\":{\"@id\":\"https:\\\/\\\/touchproeurope.eu\\\/#website\"},\"primaryImageOfPage\":{\"@id\":\"https:\\\/\\\/touchproeurope.eu\\\/product\\\/everest\\\/#primaryimage\"},\"image\":{\"@id\":\"https:\\\/\\\/touchproeurope.eu\\\/product\\\/everest\\\/#primaryimage\"},\"thumbnailUrl\":\"https:\\\/\\\/i0.wp.com\\\/touchproeurope.eu\\\/wp-content\\\/uploads\\\/2025\\\/10\\\/Everest_Pedestal_-_Tilt_-_Mystic_Blue-e1761147417207.jpg?fit=800%2C800&ssl=1\",\"datePublished\":\"2025-10-22T07:58:40+00:00\",\"dateModified\":\"2026-04-22T14:55:43+00:00\",\"description\":\"De Everest\u2122 Electric lift biedt een luxe afwerking en professionele prestaties. Verbeter uw wellnesspraktijk met deze betrouwbare behandeltafel! \ud83c\udf1f\",\"breadcrumb\":{\"@id\":\"https:\\\/\\\/touchproeurope.eu\\\/product\\\/everest\\\/#breadcrumb\"},\"inLanguage\":\"pt-PT\",\"potentialAction\":[{\"@type\":\"ReadAction\",\"target\":[\"https:\\\/\\\/touchproeurope.eu\\\/product\\\/everest\\\/\"]}]},{\"@type\":\"ImageObject\",\"inLanguage\":\"pt-PT\",\"@id\":\"https:\\\/\\\/touchproeurope.eu\\\/product\\\/everest\\\/#primaryimage\",\"url\":\"https:\\\/\\\/i0.wp.com\\\/touchproeurope.eu\\\/wp-content\\\/uploads\\\/2025\\\/10\\\/Everest_Pedestal_-_Tilt_-_Mystic_Blue-e1761147417207.jpg?fit=800%2C800&ssl=1\",\"contentUrl\":\"https:\\\/\\\/i0.wp.com\\\/touchproeurope.eu\\\/wp-content\\\/uploads\\\/2025\\\/10\\\/Everest_Pedestal_-_Tilt_-_Mystic_Blue-e1761147417207.jpg?fit=800%2C800&ssl=1\",\"width\":800,\"height\":800,\"caption\":\"Everest\u2122 Electric lift tilt\"},{\"@type\":\"BreadcrumbList\",\"@id\":\"https:\\\/\\\/touchproeurope.eu\\\/product\\\/everest\\\/#breadcrumb\",\"itemListElement\":[{\"@type\":\"ListItem\",\"position\":1,\"name\":\"Home\",\"item\":\"https:\\\/\\\/touchproeurope.eu\\\/\"},{\"@type\":\"ListItem\",\"position\":2,\"name\":\"Winkel\",\"item\":\"https:\\\/\\\/touchproeurope.eu\\\/winkel\\\/\"},{\"@type\":\"ListItem\",\"position\":3,\"name\":\"Everest\u2122 Electric lift\"}]},{\"@type\":\"WebSite\",\"@id\":\"https:\\\/\\\/touchproeurope.eu\\\/#website\",\"url\":\"https:\\\/\\\/touchproeurope.eu\\\/\",\"name\":\"TouchPro Europe Shop\",\"description\":\"Alles voor jouw praktijk met een PROfessionele Touch!\",\"publisher\":{\"@id\":\"https:\\\/\\\/touchproeurope.eu\\\/#organization\"},\"alternateName\":\"TPE\",\"potentialAction\":[{\"@type\":\"SearchAction\",\"target\":{\"@type\":\"EntryPoint\",\"urlTemplate\":\"https:\\\/\\\/touchproeurope.eu\\\/?s={search_term_string}\"},\"query-input\":{\"@type\":\"PropertyValueSpecification\",\"valueRequired\":true,\"valueName\":\"search_term_string\"}}],\"inLanguage\":\"pt-PT\"},{\"@type\":\"Organization\",\"@id\":\"https:\\\/\\\/touchproeurope.eu\\\/#organization\",\"name\":\"TouchPro Europe BV\",\"alternateName\":\"TPE\",\"url\":\"https:\\\/\\\/touchproeurope.eu\\\/\",\"logo\":{\"@type\":\"ImageObject\",\"inLanguage\":\"pt-PT\",\"@id\":\"https:\\\/\\\/touchproeurope.eu\\\/#\\\/schema\\\/logo\\\/image\\\/\",\"url\":\"https:\\\/\\\/i0.wp.com\\\/touchproeurope.eu\\\/wp-content\\\/uploads\\\/2023\\\/10\\\/2b592c_b6944d80811246d987cc2c29accedf3f.png?fit=1417%2C531&ssl=1\",\"contentUrl\":\"https:\\\/\\\/i0.wp.com\\\/touchproeurope.eu\\\/wp-content\\\/uploads\\\/2023\\\/10\\\/2b592c_b6944d80811246d987cc2c29accedf3f.png?fit=1417%2C531&ssl=1\",\"width\":1417,\"height\":531,\"caption\":\"TouchPro Europe BV\"},\"image\":{\"@id\":\"https:\\\/\\\/touchproeurope.eu\\\/#\\\/schema\\\/logo\\\/image\\\/\"},\"sameAs\":[\"https:\\\/\\\/www.facebook.com\\\/TouchproNederland\\\/?locale=nl_NL\\\/\",\"https:\\\/\\\/www.instagram.com\\\/touchpro2016\\\/\",\"https:\\\/\\\/www.linkedin.com\\\/company\\\/touchpro-europe-bv\\\/\"],\"description\":\"TouchPro Europe Shop is de massage winkel van Europa. Wij verkopen topkwaliteit massageproducten aan masseurs, pedicures, fysiotherapeuten, manicuren, Wellness centra, opleidingen, etc. TouchPro begon als een kleine webshop in Nederland, maar is nu uitgegroeid tot een webshop met klanten uit heel Europa. Wij bieden een breed assortiment aan massageproducten, waaronder massagetafels, oli\u00ebn, cr\u00e8mes, en accessoires van topmerken, zoals Earthlite, Stronglite en InnerStrenght, Habys, Living Earth Crafts en Continuum en andere leveranciers van massage accessoires. Bestel hier de beste massagematerialen van Europa!\",\"email\":\"info@touchpro-europe.com\",\"telephone\":\"0858768829\",\"legalName\":\"TouchPro Europe BV\",\"foundingDate\":\"2018-01-11\",\"vatID\":\"NL855430151B01\",\"numberOfEmployees\":{\"@type\":\"QuantitativeValue\",\"minValue\":\"1\",\"maxValue\":\"10\"},\"hasMerchantReturnPolicy\":{\"@type\":\"MerchantReturnPolicy\",\"merchantReturnLink\":\"https:\\\/\\\/touchproeurope.eu\\\/pt\\\/retourbeleid\\\/\"}}]}<\/script>\n<meta property=\"product:brand\" content=\"Earthlite\" \/>\n<meta property=\"og:availability\" content=\"instock\" \/>\n<meta property=\"product:availability\" content=\"instock\" \/>\n<meta property=\"product:retailer_item_id\" content=\"Everest\u2122 Electric lift\" \/>\n<meta property=\"product:condition\" content=\"new\" \/>\n<!-- \/ Yoast SEO Premium plugin. -->","yoast_head_json":{"title":"Elevador el\u00e9trico Everest\u2122: o equil\u00edbrio perfeito de for\u00e7a numa mesa - TouchPro Europe Shop","description":"O elevador el\u00e9trico Everest\u2122 oferece um acabamento luxuoso e um desempenho profissional. Melhore a sua pr\u00e1tica de bem-estar com esta mesa de tratamento fi\u00e1vel! \ud83c\udf1f","robots":{"index":"index","follow":"follow","max-snippet":"max-snippet:-1","max-image-preview":"max-image-preview:large","max-video-preview":"max-video-preview:-1"},"canonical":"https:\/\/touchproeurope.eu\/pt\/product\/evereste\/","og_locale":"pt_PT","og_type":"article","og_title":"Everest\u2122 Electric lift","og_description":"De Everest\u2122 Electric lift biedt een luxe afwerking en professionele prestaties. Verbeter uw wellnesspraktijk met deze betrouwbare behandeltafel! \ud83c\udf1f","og_url":"https:\/\/touchproeurope.eu\/pt\/product\/evereste\/","og_site_name":"TouchPro Europe Shop","article_publisher":"https:\/\/www.facebook.com\/TouchproNederland\/?locale=nl_NL%2f","article_modified_time":"2026-04-22T14:55:43+00:00","og_image":[{"width":800,"height":800,"url":"https:\/\/touchproeurope.eu\/wp-content\/uploads\/2025\/10\/Everest_Pedestal_-_Tilt_-_Mystic_Blue-e1761147417207.jpg","type":"image\/jpeg"}],"twitter_card":"summary_large_image","twitter_misc":{"Disponibilidade":"Em stock"},"schema":{"@context":"https:\/\/schema.org","@graph":[{"@type":"WebPage","@id":"https:\/\/touchproeurope.eu\/product\/everest\/","url":"https:\/\/touchproeurope.eu\/product\/everest\/","name":"Elevador el\u00e9trico Everest\u2122: o equil\u00edbrio perfeito de for\u00e7a numa mesa - TouchPro Europe Shop","isPartOf":{"@id":"https:\/\/touchproeurope.eu\/#website"},"primaryImageOfPage":{"@id":"https:\/\/touchproeurope.eu\/product\/everest\/#primaryimage"},"image":{"@id":"https:\/\/touchproeurope.eu\/product\/everest\/#primaryimage"},"thumbnailUrl":"https:\/\/i0.wp.com\/touchproeurope.eu\/wp-content\/uploads\/2025\/10\/Everest_Pedestal_-_Tilt_-_Mystic_Blue-e1761147417207.jpg?fit=800%2C800&ssl=1","datePublished":"2025-10-22T07:58:40+00:00","dateModified":"2026-04-22T14:55:43+00:00","description":"O elevador el\u00e9trico Everest\u2122 oferece um acabamento luxuoso e um desempenho profissional. Melhore a sua pr\u00e1tica de bem-estar com esta mesa de tratamento fi\u00e1vel! \ud83c\udf1f","breadcrumb":{"@id":"https:\/\/touchproeurope.eu\/product\/everest\/#breadcrumb"},"inLanguage":"pt-PT","potentialAction":[{"@type":"ReadAction","target":["https:\/\/touchproeurope.eu\/product\/everest\/"]}]},{"@type":"ImageObject","inLanguage":"pt-PT","@id":"https:\/\/touchproeurope.eu\/product\/everest\/#primaryimage","url":"https:\/\/i0.wp.com\/touchproeurope.eu\/wp-content\/uploads\/2025\/10\/Everest_Pedestal_-_Tilt_-_Mystic_Blue-e1761147417207.jpg?fit=800%2C800&ssl=1","contentUrl":"https:\/\/i0.wp.com\/touchproeurope.eu\/wp-content\/uploads\/2025\/10\/Everest_Pedestal_-_Tilt_-_Mystic_Blue-e1761147417207.jpg?fit=800%2C800&ssl=1","width":800,"height":800,"caption":"Everest\u2122 Electric lift tilt"},{"@type":"BreadcrumbList","@id":"https:\/\/touchproeurope.eu\/product\/everest\/#breadcrumb","itemListElement":[{"@type":"ListItem","position":1,"name":"Home","item":"https:\/\/touchproeurope.eu\/"},{"@type":"ListItem","position":2,"name":"Winkel","item":"https:\/\/touchproeurope.eu\/winkel\/"},{"@type":"ListItem","position":3,"name":"Everest\u2122 Electric lift"}]},{"@type":"WebSite","@id":"https:\/\/touchproeurope.eu\/#website","url":"https:\/\/touchproeurope.eu\/","name":"Loja TouchPro Europa","description":"Tudo para o seu consult\u00f3rio com um toque profissional!","publisher":{"@id":"https:\/\/touchproeurope.eu\/#organization"},"alternateName":"TPE","potentialAction":[{"@type":"SearchAction","target":{"@type":"EntryPoint","urlTemplate":"https:\/\/touchproeurope.eu\/?s={search_term_string}"},"query-input":{"@type":"PropertyValueSpecification","valueRequired":true,"valueName":"search_term_string"}}],"inLanguage":"pt-PT"},{"@type":"Organization","@id":"https:\/\/touchproeurope.eu\/#organization","name":"TouchPro Europa BV","alternateName":"TPE","url":"https:\/\/touchproeurope.eu\/","logo":{"@type":"ImageObject","inLanguage":"pt-PT","@id":"https:\/\/touchproeurope.eu\/#\/schema\/logo\/image\/","url":"https:\/\/i0.wp.com\/touchproeurope.eu\/wp-content\/uploads\/2023\/10\/2b592c_b6944d80811246d987cc2c29accedf3f.png?fit=1417%2C531&ssl=1","contentUrl":"https:\/\/i0.wp.com\/touchproeurope.eu\/wp-content\/uploads\/2023\/10\/2b592c_b6944d80811246d987cc2c29accedf3f.png?fit=1417%2C531&ssl=1","width":1417,"height":531,"caption":"TouchPro Europe BV"},"image":{"@id":"https:\/\/touchproeurope.eu\/#\/schema\/logo\/image\/"},"sameAs":["https:\/\/www.facebook.com\/TouchproNederland\/?locale=nl_NL\/","https:\/\/www.instagram.com\/touchpro2016\/","https:\/\/www.linkedin.com\/company\/touchpro-europe-bv\/"],"description":"A TouchPro Europe Shop \u00e9 a loja de massagens da Europa. Vendemos produtos de massagem de alta qualidade a massagistas, pedicuros, fisioterapeutas, manicures, centros de bem-estar, cursos de forma\u00e7\u00e3o, etc. A TouchPro come\u00e7ou por ser uma pequena loja nos Pa\u00edses Baixos, mas agora transformou-se numa loja com clientes de toda a Europa. Oferecemos uma vasta gama de produtos de massagem, incluindo mesas de massagem, \u00f3leos, cremes e acess\u00f3rios de marcas de topo como Earthlite, Stronglite e InnerStrenght, Habys, Living Earth Crafts e Continuum e outros fornecedores de acess\u00f3rios de massagem. Encomende aqui os melhores artigos de massagem da Europa!","email":"info@touchpro-europe.com","telephone":"0858768829","legalName":"TouchPro Europe BV","foundingDate":"2018-01-11","vatID":"NL855430151B01","numberOfEmployees":{"@type":"QuantitativeValue","minValue":"1","maxValue":"10"},"hasMerchantReturnPolicy":{"@type":"MerchantReturnPolicy","merchantReturnLink":"https:\/\/touchproeurope.eu\/pt\/retourbeleid\/"}}]},"product_brand":"Earthlite","og_availability":"instock","product_availability":"instock","product_retailer_item_id":"Everest\u2122 Electric lift","product_condition":"new"},"_links":{"self":[{"href":"https:\/\/touchproeurope.eu\/pt\/wp-json\/wp\/v2\/product\/14823","targetHints":{"allow":["GET"]}}],"collection":[{"href":"https:\/\/touchproeurope.eu\/pt\/wp-json\/wp\/v2\/product"}],"about":[{"href":"https:\/\/touchproeurope.eu\/pt\/wp-json\/wp\/v2\/types\/product"}],"replies":[{"embeddable":true,"href":"https:\/\/touchproeurope.eu\/pt\/wp-json\/wp\/v2\/comments?post=14823"}],"version-history":[{"count":5,"href":"https:\/\/touchproeurope.eu\/pt\/wp-json\/wp\/v2\/product\/14823\/revisions"}],"predecessor-version":[{"id":16091,"href":"https:\/\/touchproeurope.eu\/pt\/wp-json\/wp\/v2\/product\/14823\/revisions\/16091"}],"wp:featuredmedia":[{"embeddable":true,"href":"https:\/\/touchproeurope.eu\/pt\/wp-json\/wp\/v2\/media\/14950"}],"wp:attachment":[{"href":"https:\/\/touchproeurope.eu\/pt\/wp-json\/wp\/v2\/media?parent=14823"}],"wp:term":[{"taxonomy":"product_brand","embeddable":true,"href":"https:\/\/touchproeurope.eu\/pt\/wp-json\/wp\/v2\/product_brand?post=14823"},{"taxonomy":"product_cat","embeddable":true,"href":"https:\/\/touchproeurope.eu\/pt\/wp-json\/wp\/v2\/product_cat?post=14823"},{"taxonomy":"product_tag","embeddable":true,"href":"https:\/\/touchproeurope.eu\/pt\/wp-json\/wp\/v2\/product_tag?post=14823"}],"curies":[{"name":"wp","href":"https:\/\/api.w.org\/{rel}","templated":true}]}}