{"id":15421,"date":"2025-12-16T16:06:40","date_gmt":"2025-12-16T16:06:40","guid":{"rendered":"https:\/\/touchproeurope.eu\/?post_type=product&#038;p=15421"},"modified":"2026-03-04T17:04:48","modified_gmt":"2026-03-04T17:04:48","slug":"conjunto-de-tapetes-de-unhas-vital","status":"publish","type":"product","link":"https:\/\/touchproeurope.eu\/pt\/product\/vital-spijkermat-set\/","title":{"rendered":"Conjunto de tapetes de unhas VITAL"},"content":{"rendered":"<p data-start=\"388\" data-end=\"832\">O conjunto de tapete de unhas VITAL \u00e9 um conjunto de acupress\u00e3o calmante que ajuda a reduzir a tens\u00e3o, as dores de costas e o stress. Este conjunto completo \u00e9 composto por um tapete de acupress\u00e3o de alta qualidade (tamb\u00e9m chamado tapete de unhas, tapete fakir ou tapete yantra) e uma almofada de acupress\u00e3o para o pesco\u00e7o a condizer. Com uma aplica\u00e7\u00e3o regular, a acupress\u00e3o pode contribuir para o relaxamento, a melhoria da circula\u00e7\u00e3o e o al\u00edvio de v\u00e1rias queixas f\u00edsicas.<\/p>\n<p data-start=\"834\" data-end=\"1308\">Quando se deita no tapete, as pontas de pl\u00e1stico ABS cuidadosamente colocadas exercem press\u00e3o em pontos de acupress\u00e3o espec\u00edficos do corpo. Isto estimula a circula\u00e7\u00e3o sangu\u00ednea e ajuda o corpo a libertar endorfinas, que podem ter um efeito natural de relaxamento e al\u00edvio das dores. Muitos utilizadores sentem uma redu\u00e7\u00e3o das dores de cabe\u00e7a e do pesco\u00e7o, das dores nas costas e nas articula\u00e7\u00f5es, da tens\u00e3o muscular, da fadiga, dos problemas de sono e do stress com a utiliza\u00e7\u00e3o regular.<\/p>\n<p data-start=\"1310\" data-end=\"1776\">O conjunto de tapetes para unhas VITAL est\u00e1 dispon\u00edvel em diferentes vers\u00f5es. Pode escolher entre um tamanho standard ou uma variante XL, sendo a vers\u00e3o XL recomendada para pessoas com mais de 1,70 metros de altura. Dependendo da vers\u00e3o, o conjunto \u00e9 fornecido com uma almofada de acupress\u00e3o para o pesco\u00e7o ou - no caso do conjunto XL - um rolo ergon\u00f3mico para o pesco\u00e7o. Est\u00e3o tamb\u00e9m dispon\u00edveis v\u00e1rias variantes de cor, para que o conjunto corresponda \u00e0s suas prefer\u00eancias pessoais ou ao seu interior.<\/p>\n<p data-start=\"1778\" data-end=\"2131\">As capas s\u00e3o feitas de algod\u00e3o 100% e s\u00e3o confort\u00e1veis para a pele. O conjunto \u00e9 fornecido com um pr\u00e1tico saco de transporte em nylon, que facilita a desloca\u00e7\u00e3o do tapete de unhas ou a sua arruma\u00e7\u00e3o. O conjunto de tapetes para unhas VITAL \u00e9 adequado para utiliza\u00e7\u00e3o em casa, em \u00e1reas de ioga e de relaxamento e como complemento de rotinas de bem-estar ou de cuidados pessoais.<\/p>\n<p data-start=\"1778\" data-end=\"2131\"><a href=\"https:\/\/touchproeurope.eu\/wp-content\/uploads\/2026\/01\/akupressur_flyer_2023_de_en_fr.pdf\">Instru\u00e7\u00f5es do produto<\/a><\/p>","protected":false},"excerpt":{"rendered":"<p>Conjunto completo de acupress\u00e3o com tapete de unhas e almofada de pesco\u00e7o para relaxamento e al\u00edvio das dores. Dispon\u00edvel em tamanho normal e XL e em v\u00e1rias cores. Fabricado em algod\u00e3o com pontas em ABS e fornecido com um saco de transporte.<\/p>\n<p><strong>Tenha em aten\u00e7\u00e3o que os artigos Bodynova t\u00eam um prazo de entrega m\u00ednimo de 4-5 dias.<\/strong><\/p>","protected":false},"featured_media":15451,"comment_status":"open","ping_status":"closed","template":"","meta":[],"product_brand":[506],"product_cat":[367,356],"product_tag":[508,509,511,507,512,510],"class_list":{"0":"post-15421","1":"product","2":"type-product","3":"status-publish","4":"has-post-thumbnail","6":"product_brand-vital","7":"product_cat-shiatsu-mat","8":"product_cat-yoga-meditatie","9":"product_tag-acupressuurmat","10":"product_tag-fakirmat","11":"product_tag-ontspanning-mat","12":"product_tag-spijkermat","13":"product_tag-stress-vermindering","14":"product_tag-yantra-mat","15":"product_shipping_class-klein-pakket","16":"pa_kleur-aubergine","17":"pa_kleur-blauw","18":"pa_kleur-grijs","19":"pa_kleur-groen","20":"pa_kleur-petrol","21":"pa_kleur-petrol-neck-roll","22":"pa_maat-standaard","23":"pa_maat-xl","24":"pa_merk-vital","26":"first","27":"instock","28":"taxable","29":"shipping-taxable","30":"purchasable","31":"product-type-variable"},"yoast_head":"<!-- This site is optimized with the Yoast SEO Premium plugin v27.3 (Yoast SEO v27.3) - https:\/\/yoast.com\/product\/yoast-seo-premium-wordpress\/ -->\n<title>VITAL spijkermat set voor betere doorbloeding en rust - TouchPro Europe Shop<\/title>\n<meta name=\"description\" content=\"De VITAL spijkermat set helpt bij het verminderen van spanningen en rugklachten. Geef jezelf de rust die je nodig hebt, probeer het nu!\" \/>\n<meta name=\"robots\" content=\"index, follow, max-snippet:-1, max-image-preview:large, max-video-preview:-1\" \/>\n<link rel=\"canonical\" href=\"https:\/\/touchproeurope.eu\/pt\/product\/conjunto-de-tapetes-de-unhas-vital\/\" \/>\n<meta property=\"og:locale\" content=\"pt_PT\" \/>\n<meta property=\"og:type\" content=\"article\" \/>\n<meta property=\"og:title\" content=\"VITAL spijkermat set\" \/>\n<meta property=\"og:description\" content=\"De VITAL spijkermat set helpt bij het verminderen van spanningen en rugklachten. Geef jezelf de rust die je nodig hebt, probeer het nu!\" \/>\n<meta property=\"og:url\" content=\"https:\/\/touchproeurope.eu\/pt\/product\/conjunto-de-tapetes-de-unhas-vital\/\" \/>\n<meta property=\"og:site_name\" content=\"TouchPro Europe Shop\" \/>\n<meta property=\"article:publisher\" content=\"https:\/\/www.facebook.com\/TouchproNederland\/?locale=nl_NL%2f\" \/>\n<meta property=\"article:modified_time\" content=\"2026-03-04T17:04:48+00:00\" \/>\n<meta property=\"og:image\" content=\"https:\/\/touchproeurope.eu\/wp-content\/uploads\/2025\/12\/531sx_vaterbild_akupressur_xl_bodhi.jpg\" \/>\n\t<meta property=\"og:image:width\" content=\"1500\" \/>\n\t<meta property=\"og:image:height\" content=\"1500\" \/>\n\t<meta property=\"og:image:type\" content=\"image\/jpeg\" \/>\n<meta name=\"twitter:card\" content=\"summary_large_image\" \/>\n<meta name=\"twitter:label1\" content=\"Disponibilidade\" \/>\n\t<meta name=\"twitter:data1\" content=\"Em stock\" \/>\n<script type=\"application\/ld+json\" class=\"yoast-schema-graph\">{\"@context\":\"https:\\\/\\\/schema.org\",\"@graph\":[{\"@type\":\"WebPage\",\"@id\":\"https:\\\/\\\/touchproeurope.eu\\\/product\\\/vital-spijkermat-set\\\/\",\"url\":\"https:\\\/\\\/touchproeurope.eu\\\/product\\\/vital-spijkermat-set\\\/\",\"name\":\"VITAL spijkermat set voor betere doorbloeding en rust - TouchPro Europe Shop\",\"isPartOf\":{\"@id\":\"https:\\\/\\\/touchproeurope.eu\\\/#website\"},\"primaryImageOfPage\":{\"@id\":\"https:\\\/\\\/touchproeurope.eu\\\/product\\\/vital-spijkermat-set\\\/#primaryimage\"},\"image\":{\"@id\":\"https:\\\/\\\/touchproeurope.eu\\\/product\\\/vital-spijkermat-set\\\/#primaryimage\"},\"thumbnailUrl\":\"https:\\\/\\\/i0.wp.com\\\/touchproeurope.eu\\\/wp-content\\\/uploads\\\/2025\\\/12\\\/531sx_vaterbild_akupressur_xl_bodhi.jpg?fit=1500%2C1500&ssl=1\",\"datePublished\":\"2025-12-16T16:06:40+00:00\",\"dateModified\":\"2026-03-04T17:04:48+00:00\",\"description\":\"De VITAL spijkermat set helpt bij het verminderen van spanningen en rugklachten. Geef jezelf de rust die je nodig hebt, probeer het nu!\",\"breadcrumb\":{\"@id\":\"https:\\\/\\\/touchproeurope.eu\\\/product\\\/vital-spijkermat-set\\\/#breadcrumb\"},\"inLanguage\":\"pt-PT\",\"potentialAction\":[{\"@type\":\"ReadAction\",\"target\":[\"https:\\\/\\\/touchproeurope.eu\\\/product\\\/vital-spijkermat-set\\\/\"]}]},{\"@type\":\"ImageObject\",\"inLanguage\":\"pt-PT\",\"@id\":\"https:\\\/\\\/touchproeurope.eu\\\/product\\\/vital-spijkermat-set\\\/#primaryimage\",\"url\":\"https:\\\/\\\/i0.wp.com\\\/touchproeurope.eu\\\/wp-content\\\/uploads\\\/2025\\\/12\\\/531sx_vaterbild_akupressur_xl_bodhi.jpg?fit=1500%2C1500&ssl=1\",\"contentUrl\":\"https:\\\/\\\/i0.wp.com\\\/touchproeurope.eu\\\/wp-content\\\/uploads\\\/2025\\\/12\\\/531sx_vaterbild_akupressur_xl_bodhi.jpg?fit=1500%2C1500&ssl=1\",\"width\":1500,\"height\":1500,\"caption\":\"VITAL spijkermat set\"},{\"@type\":\"BreadcrumbList\",\"@id\":\"https:\\\/\\\/touchproeurope.eu\\\/product\\\/vital-spijkermat-set\\\/#breadcrumb\",\"itemListElement\":[{\"@type\":\"ListItem\",\"position\":1,\"name\":\"Home\",\"item\":\"https:\\\/\\\/touchproeurope.eu\\\/\"},{\"@type\":\"ListItem\",\"position\":2,\"name\":\"Winkel\",\"item\":\"https:\\\/\\\/touchproeurope.eu\\\/winkel\\\/\"},{\"@type\":\"ListItem\",\"position\":3,\"name\":\"VITAL spijkermat set\"}]},{\"@type\":\"WebSite\",\"@id\":\"https:\\\/\\\/touchproeurope.eu\\\/#website\",\"url\":\"https:\\\/\\\/touchproeurope.eu\\\/\",\"name\":\"TouchPro Europe Shop\",\"description\":\"Alles voor jouw praktijk met een PROfessionele Touch!\",\"publisher\":{\"@id\":\"https:\\\/\\\/touchproeurope.eu\\\/#organization\"},\"alternateName\":\"TPE\",\"potentialAction\":[{\"@type\":\"SearchAction\",\"target\":{\"@type\":\"EntryPoint\",\"urlTemplate\":\"https:\\\/\\\/touchproeurope.eu\\\/?s={search_term_string}\"},\"query-input\":{\"@type\":\"PropertyValueSpecification\",\"valueRequired\":true,\"valueName\":\"search_term_string\"}}],\"inLanguage\":\"pt-PT\"},{\"@type\":\"Organization\",\"@id\":\"https:\\\/\\\/touchproeurope.eu\\\/#organization\",\"name\":\"TouchPro Europe BV\",\"alternateName\":\"TPE\",\"url\":\"https:\\\/\\\/touchproeurope.eu\\\/\",\"logo\":{\"@type\":\"ImageObject\",\"inLanguage\":\"pt-PT\",\"@id\":\"https:\\\/\\\/touchproeurope.eu\\\/#\\\/schema\\\/logo\\\/image\\\/\",\"url\":\"https:\\\/\\\/i0.wp.com\\\/touchproeurope.eu\\\/wp-content\\\/uploads\\\/2023\\\/10\\\/2b592c_b6944d80811246d987cc2c29accedf3f.png?fit=1417%2C531&ssl=1\",\"contentUrl\":\"https:\\\/\\\/i0.wp.com\\\/touchproeurope.eu\\\/wp-content\\\/uploads\\\/2023\\\/10\\\/2b592c_b6944d80811246d987cc2c29accedf3f.png?fit=1417%2C531&ssl=1\",\"width\":1417,\"height\":531,\"caption\":\"TouchPro Europe BV\"},\"image\":{\"@id\":\"https:\\\/\\\/touchproeurope.eu\\\/#\\\/schema\\\/logo\\\/image\\\/\"},\"sameAs\":[\"https:\\\/\\\/www.facebook.com\\\/TouchproNederland\\\/?locale=nl_NL\\\/\",\"https:\\\/\\\/www.instagram.com\\\/touchpro2016\\\/\",\"https:\\\/\\\/www.linkedin.com\\\/company\\\/touchpro-europe-bv\\\/\"],\"description\":\"TouchPro Europe Shop is de massage winkel van Europa. Wij verkopen topkwaliteit massageproducten aan masseurs, pedicures, fysiotherapeuten, manicuren, Wellness centra, opleidingen, etc. TouchPro begon als een kleine webshop in Nederland, maar is nu uitgegroeid tot een webshop met klanten uit heel Europa. Wij bieden een breed assortiment aan massageproducten, waaronder massagetafels, oli\u00ebn, cr\u00e8mes, en accessoires van topmerken, zoals Earthlite, Stronglite en InnerStrenght, Habys, Living Earth Crafts en Continuum en andere leveranciers van massage accessoires. Bestel hier de beste massagematerialen van Europa!\",\"email\":\"info@touchpro-europe.com\",\"telephone\":\"0858768829\",\"legalName\":\"TouchPro Europe BV\",\"foundingDate\":\"2018-01-11\",\"vatID\":\"NL855430151B01\",\"numberOfEmployees\":{\"@type\":\"QuantitativeValue\",\"minValue\":\"1\",\"maxValue\":\"10\"},\"hasMerchantReturnPolicy\":{\"@type\":\"MerchantReturnPolicy\",\"merchantReturnLink\":\"https:\\\/\\\/touchproeurope.eu\\\/pt\\\/retourbeleid\\\/\"}}]}<\/script>\n<meta property=\"product:brand\" content=\"VITAL\" \/>\n<meta property=\"og:availability\" content=\"instock\" \/>\n<meta property=\"product:availability\" content=\"instock\" \/>\n<meta property=\"product:retailer_item_id\" content=\"530x\" \/>\n<meta property=\"product:condition\" content=\"new\" \/>\n<!-- \/ Yoast SEO Premium plugin. -->","yoast_head_json":{"title":"Conjunto de tapetes de unhas VITAL para melhorar a circula\u00e7\u00e3o e o descanso - TouchPro Europe Shop","description":"O conjunto de tapetes de unhas VITAL ajuda a reduzir a tens\u00e3o e as dores de costas. D\u00ea a si pr\u00f3prio o descanso de que necessita, experimente-o agora!","robots":{"index":"index","follow":"follow","max-snippet":"max-snippet:-1","max-image-preview":"max-image-preview:large","max-video-preview":"max-video-preview:-1"},"canonical":"https:\/\/touchproeurope.eu\/pt\/product\/conjunto-de-tapetes-de-unhas-vital\/","og_locale":"pt_PT","og_type":"article","og_title":"VITAL spijkermat set","og_description":"De VITAL spijkermat set helpt bij het verminderen van spanningen en rugklachten. Geef jezelf de rust die je nodig hebt, probeer het nu!","og_url":"https:\/\/touchproeurope.eu\/pt\/product\/conjunto-de-tapetes-de-unhas-vital\/","og_site_name":"TouchPro Europe Shop","article_publisher":"https:\/\/www.facebook.com\/TouchproNederland\/?locale=nl_NL%2f","article_modified_time":"2026-03-04T17:04:48+00:00","og_image":[{"width":1500,"height":1500,"url":"https:\/\/touchproeurope.eu\/wp-content\/uploads\/2025\/12\/531sx_vaterbild_akupressur_xl_bodhi.jpg","type":"image\/jpeg"}],"twitter_card":"summary_large_image","twitter_misc":{"Disponibilidade":"Em stock"},"schema":{"@context":"https:\/\/schema.org","@graph":[{"@type":"WebPage","@id":"https:\/\/touchproeurope.eu\/product\/vital-spijkermat-set\/","url":"https:\/\/touchproeurope.eu\/product\/vital-spijkermat-set\/","name":"Conjunto de tapetes de unhas VITAL para melhorar a circula\u00e7\u00e3o e o descanso - TouchPro Europe Shop","isPartOf":{"@id":"https:\/\/touchproeurope.eu\/#website"},"primaryImageOfPage":{"@id":"https:\/\/touchproeurope.eu\/product\/vital-spijkermat-set\/#primaryimage"},"image":{"@id":"https:\/\/touchproeurope.eu\/product\/vital-spijkermat-set\/#primaryimage"},"thumbnailUrl":"https:\/\/i0.wp.com\/touchproeurope.eu\/wp-content\/uploads\/2025\/12\/531sx_vaterbild_akupressur_xl_bodhi.jpg?fit=1500%2C1500&ssl=1","datePublished":"2025-12-16T16:06:40+00:00","dateModified":"2026-03-04T17:04:48+00:00","description":"O conjunto de tapetes de unhas VITAL ajuda a reduzir a tens\u00e3o e as dores de costas. D\u00ea a si pr\u00f3prio o descanso de que necessita, experimente-o agora!","breadcrumb":{"@id":"https:\/\/touchproeurope.eu\/product\/vital-spijkermat-set\/#breadcrumb"},"inLanguage":"pt-PT","potentialAction":[{"@type":"ReadAction","target":["https:\/\/touchproeurope.eu\/product\/vital-spijkermat-set\/"]}]},{"@type":"ImageObject","inLanguage":"pt-PT","@id":"https:\/\/touchproeurope.eu\/product\/vital-spijkermat-set\/#primaryimage","url":"https:\/\/i0.wp.com\/touchproeurope.eu\/wp-content\/uploads\/2025\/12\/531sx_vaterbild_akupressur_xl_bodhi.jpg?fit=1500%2C1500&ssl=1","contentUrl":"https:\/\/i0.wp.com\/touchproeurope.eu\/wp-content\/uploads\/2025\/12\/531sx_vaterbild_akupressur_xl_bodhi.jpg?fit=1500%2C1500&ssl=1","width":1500,"height":1500,"caption":"VITAL spijkermat set"},{"@type":"BreadcrumbList","@id":"https:\/\/touchproeurope.eu\/product\/vital-spijkermat-set\/#breadcrumb","itemListElement":[{"@type":"ListItem","position":1,"name":"Home","item":"https:\/\/touchproeurope.eu\/"},{"@type":"ListItem","position":2,"name":"Winkel","item":"https:\/\/touchproeurope.eu\/winkel\/"},{"@type":"ListItem","position":3,"name":"VITAL spijkermat set"}]},{"@type":"WebSite","@id":"https:\/\/touchproeurope.eu\/#website","url":"https:\/\/touchproeurope.eu\/","name":"Loja TouchPro Europa","description":"Tudo para o seu consult\u00f3rio com um toque profissional!","publisher":{"@id":"https:\/\/touchproeurope.eu\/#organization"},"alternateName":"TPE","potentialAction":[{"@type":"SearchAction","target":{"@type":"EntryPoint","urlTemplate":"https:\/\/touchproeurope.eu\/?s={search_term_string}"},"query-input":{"@type":"PropertyValueSpecification","valueRequired":true,"valueName":"search_term_string"}}],"inLanguage":"pt-PT"},{"@type":"Organization","@id":"https:\/\/touchproeurope.eu\/#organization","name":"TouchPro Europa BV","alternateName":"TPE","url":"https:\/\/touchproeurope.eu\/","logo":{"@type":"ImageObject","inLanguage":"pt-PT","@id":"https:\/\/touchproeurope.eu\/#\/schema\/logo\/image\/","url":"https:\/\/i0.wp.com\/touchproeurope.eu\/wp-content\/uploads\/2023\/10\/2b592c_b6944d80811246d987cc2c29accedf3f.png?fit=1417%2C531&ssl=1","contentUrl":"https:\/\/i0.wp.com\/touchproeurope.eu\/wp-content\/uploads\/2023\/10\/2b592c_b6944d80811246d987cc2c29accedf3f.png?fit=1417%2C531&ssl=1","width":1417,"height":531,"caption":"TouchPro Europe BV"},"image":{"@id":"https:\/\/touchproeurope.eu\/#\/schema\/logo\/image\/"},"sameAs":["https:\/\/www.facebook.com\/TouchproNederland\/?locale=nl_NL\/","https:\/\/www.instagram.com\/touchpro2016\/","https:\/\/www.linkedin.com\/company\/touchpro-europe-bv\/"],"description":"A TouchPro Europe Shop \u00e9 a loja de massagens da Europa. Vendemos produtos de massagem de alta qualidade a massagistas, pedicuros, fisioterapeutas, manicures, centros de bem-estar, cursos de forma\u00e7\u00e3o, etc. A TouchPro come\u00e7ou por ser uma pequena loja nos Pa\u00edses Baixos, mas agora transformou-se numa loja com clientes de toda a Europa. Oferecemos uma vasta gama de produtos de massagem, incluindo mesas de massagem, \u00f3leos, cremes e acess\u00f3rios de marcas de topo como Earthlite, Stronglite e InnerStrenght, Habys, Living Earth Crafts e Continuum e outros fornecedores de acess\u00f3rios de massagem. Encomende aqui os melhores artigos de massagem da Europa!","email":"info@touchpro-europe.com","telephone":"0858768829","legalName":"TouchPro Europe BV","foundingDate":"2018-01-11","vatID":"NL855430151B01","numberOfEmployees":{"@type":"QuantitativeValue","minValue":"1","maxValue":"10"},"hasMerchantReturnPolicy":{"@type":"MerchantReturnPolicy","merchantReturnLink":"https:\/\/touchproeurope.eu\/pt\/retourbeleid\/"}}]},"product_brand":"VITAL","og_availability":"instock","product_availability":"instock","product_retailer_item_id":"530x","product_condition":"new"},"_links":{"self":[{"href":"https:\/\/touchproeurope.eu\/pt\/wp-json\/wp\/v2\/product\/15421","targetHints":{"allow":["GET"]}}],"collection":[{"href":"https:\/\/touchproeurope.eu\/pt\/wp-json\/wp\/v2\/product"}],"about":[{"href":"https:\/\/touchproeurope.eu\/pt\/wp-json\/wp\/v2\/types\/product"}],"replies":[{"embeddable":true,"href":"https:\/\/touchproeurope.eu\/pt\/wp-json\/wp\/v2\/comments?post=15421"}],"version-history":[{"count":3,"href":"https:\/\/touchproeurope.eu\/pt\/wp-json\/wp\/v2\/product\/15421\/revisions"}],"predecessor-version":[{"id":15557,"href":"https:\/\/touchproeurope.eu\/pt\/wp-json\/wp\/v2\/product\/15421\/revisions\/15557"}],"wp:featuredmedia":[{"embeddable":true,"href":"https:\/\/touchproeurope.eu\/pt\/wp-json\/wp\/v2\/media\/15451"}],"wp:attachment":[{"href":"https:\/\/touchproeurope.eu\/pt\/wp-json\/wp\/v2\/media?parent=15421"}],"wp:term":[{"taxonomy":"product_brand","embeddable":true,"href":"https:\/\/touchproeurope.eu\/pt\/wp-json\/wp\/v2\/product_brand?post=15421"},{"taxonomy":"product_cat","embeddable":true,"href":"https:\/\/touchproeurope.eu\/pt\/wp-json\/wp\/v2\/product_cat?post=15421"},{"taxonomy":"product_tag","embeddable":true,"href":"https:\/\/touchproeurope.eu\/pt\/wp-json\/wp\/v2\/product_tag?post=15421"}],"curies":[{"name":"wp","href":"https:\/\/api.w.org\/{rel}","templated":true}]}}