{"id":15499,"date":"2026-01-06T11:57:55","date_gmt":"2026-01-06T11:57:55","guid":{"rendered":"https:\/\/touchproeurope.eu\/?post_type=product&#038;p=15499"},"modified":"2026-03-04T17:04:48","modified_gmt":"2026-03-04T17:04:48","slug":"conjunto-de-tapetes-de-unhas-vital-eco","status":"publish","type":"product","link":"https:\/\/touchproeurope.eu\/pt\/product\/vital-spijkermat-set-eco\/","title":{"rendered":"Conjunto de tapetes de unhas VITAL ECO"},"content":{"rendered":"<p data-start=\"273\" data-end=\"634\">O conjunto de tapetes para unhas VITAL ECO \u00e9 um conjunto de acupress\u00e3o dur\u00e1vel e natural. Este conjunto foi especialmente concebido para o relaxamento, a recupera\u00e7\u00e3o e o bem-estar geral. Esta vers\u00e3o ECO combina a efic\u00e1cia comprovada da acupress\u00e3o com materiais naturais 100%. Isto torna-o numa escolha consciente para aqueles que querem combinar conforto, efic\u00e1cia e respeito pelo ambiente.<\/p>\n<p data-start=\"636\" data-end=\"1105\">Tanto o tapete de acupress\u00e3o como a almofada que o acompanha t\u00eam uma capa robusta de meio-linho (50% linho, 50% algod\u00e3o). O tapete \u00e9 preenchido com fibra de coco ligada com l\u00e1tex de borracha natural, proporcionando uma base est\u00e1vel e de apoio. A almofada de acupress\u00e3o \u00e9 preenchida com cascas de trigo sarraceno, que se adaptam de forma \u00f3ptima \u00e0 forma do pesco\u00e7o e da cabe\u00e7a. As pontas em ABS branco s\u00e3o cuidadosamente colocadas para aplicar uma press\u00e3o direcionada aos pontos de acupress\u00e3o.<\/p>\n<p data-start=\"1107\" data-end=\"1599\">A acupress\u00e3o tem as suas origens na Medicina Tradicional Chinesa (MTC). \u00c9 conhecida por estimular o fluxo sangu\u00edneo e ativar a capacidade de auto-cura do corpo. Com uma utiliza\u00e7\u00e3o regular, o conjunto de tapetes para unhas VITAL ECO pode ajudar a reduzir as dores de cabe\u00e7a e de pesco\u00e7o, as dores nas costas e nas articula\u00e7\u00f5es, a tens\u00e3o muscular, a fadiga, os problemas de sono e o stress. No processo, os materiais naturais proporcionam uma experi\u00eancia agrad\u00e1vel e calmante.<\/p>\n<p data-start=\"1601\" data-end=\"2000\">O conjunto est\u00e1 dispon\u00edvel num tamanho normal e numa vers\u00e3o XL. A vers\u00e3o XL \u00e9 recomendada para pessoas com altura superior a 1,70 metros. O conjunto \u00e9 fornecido com um pr\u00e1tico saco de transporte em meio linho. Isto permite-lhe transportar facilmente ou guardar o tapete de picos de forma organizada. Ideal para uso dom\u00e9stico, \u00e1reas de ioga e relaxamento e como parte de uma rotina de cuidados pessoais conscientes.<\/p>\n<p data-start=\"1601\" data-end=\"2000\"><a href=\"https:\/\/touchproeurope.eu\/wp-content\/uploads\/2026\/01\/akupressur_flyer_2023_de_en_fr.pdf\">Instru\u00e7\u00f5es do produto<\/a><\/p>","protected":false},"excerpt":{"rendered":"<p>Conjunto de acupress\u00e3o ECO duradouro com tapete de unhas e almofada em materiais naturais. Capa em meio linho, enchimento de fibra de coco e cascas de trigo sarraceno. Dispon\u00edvel em standard e XL. Inclui saco de transporte.<\/p>\n<p><strong>Tenha em aten\u00e7\u00e3o que os artigos Bodynova t\u00eam um prazo de entrega m\u00ednimo de 4-5 dias.<\/strong><\/p>","protected":false},"featured_media":15509,"comment_status":"open","ping_status":"closed","template":"","meta":[],"product_brand":[363,506],"product_cat":[367,356],"product_tag":[508,509,511,514,515,510],"class_list":{"0":"post-15499","1":"product","2":"type-product","3":"status-publish","4":"has-post-thumbnail","6":"product_brand-bodynova","7":"product_brand-vital","8":"product_cat-shiatsu-mat","9":"product_cat-yoga-meditatie","10":"product_tag-acupressuurmat","11":"product_tag-fakirmat","12":"product_tag-ontspanning-mat","13":"product_tag-spijkermat-eco","14":"product_tag-stressvermindering","15":"product_tag-yantra-mat","16":"product_shipping_class-klein-pakket","17":"pa_maat-standaard","18":"pa_maat-xl","19":"pa_merk-vital","21":"first","22":"instock","23":"taxable","24":"shipping-taxable","25":"purchasable","26":"product-type-variable"},"yoast_head":"<!-- This site is optimized with the Yoast SEO Premium plugin v27.3 (Yoast SEO v27.3) - https:\/\/yoast.com\/product\/yoast-seo-premium-wordpress\/ -->\n<title>VITAL spijkermat set ECO voor optimaal herstel en ontspanning - TouchPro Europe Shop<\/title>\n<meta name=\"description\" content=\"Beleef het verschil met de VITAL spijkermat set ECO. Perfect voor wie comfort en effectiviteit zoekt in een duurzame acupressuurset.\" \/>\n<meta name=\"robots\" content=\"index, follow, max-snippet:-1, max-image-preview:large, max-video-preview:-1\" \/>\n<link rel=\"canonical\" href=\"https:\/\/touchproeurope.eu\/pt\/product\/conjunto-de-tapetes-de-unhas-vital-eco\/\" \/>\n<meta property=\"og:locale\" content=\"pt_PT\" \/>\n<meta property=\"og:type\" content=\"article\" \/>\n<meta property=\"og:title\" content=\"VITAL spijkermat set ECO\" \/>\n<meta property=\"og:description\" content=\"Beleef het verschil met de VITAL spijkermat set ECO. Perfect voor wie comfort en effectiviteit zoekt in een duurzame acupressuurset.\" \/>\n<meta property=\"og:url\" content=\"https:\/\/touchproeurope.eu\/pt\/product\/conjunto-de-tapetes-de-unhas-vital-eco\/\" \/>\n<meta property=\"og:site_name\" content=\"TouchPro Europe Shop\" \/>\n<meta property=\"article:publisher\" content=\"https:\/\/www.facebook.com\/TouchproNederland\/?locale=nl_NL%2f\" \/>\n<meta property=\"article:modified_time\" content=\"2026-03-04T17:04:48+00:00\" \/>\n<meta property=\"og:image\" content=\"https:\/\/touchproeurope.eu\/wp-content\/uploads\/2026\/01\/535e_wellness_entspannung_akupressur_set_eco_kokos_matte_set-e1767700946439.jpg\" \/>\n\t<meta property=\"og:image:width\" content=\"800\" \/>\n\t<meta property=\"og:image:height\" content=\"800\" \/>\n\t<meta property=\"og:image:type\" content=\"image\/jpeg\" \/>\n<meta name=\"twitter:card\" content=\"summary_large_image\" \/>\n<meta name=\"twitter:label1\" content=\"Disponibilidade\" \/>\n\t<meta name=\"twitter:data1\" content=\"Em stock\" \/>\n<script type=\"application\/ld+json\" class=\"yoast-schema-graph\">{\"@context\":\"https:\\\/\\\/schema.org\",\"@graph\":[{\"@type\":\"WebPage\",\"@id\":\"https:\\\/\\\/touchproeurope.eu\\\/product\\\/vital-spijkermat-set-eco\\\/\",\"url\":\"https:\\\/\\\/touchproeurope.eu\\\/product\\\/vital-spijkermat-set-eco\\\/\",\"name\":\"VITAL spijkermat set ECO voor optimaal herstel en ontspanning - TouchPro Europe Shop\",\"isPartOf\":{\"@id\":\"https:\\\/\\\/touchproeurope.eu\\\/#website\"},\"primaryImageOfPage\":{\"@id\":\"https:\\\/\\\/touchproeurope.eu\\\/product\\\/vital-spijkermat-set-eco\\\/#primaryimage\"},\"image\":{\"@id\":\"https:\\\/\\\/touchproeurope.eu\\\/product\\\/vital-spijkermat-set-eco\\\/#primaryimage\"},\"thumbnailUrl\":\"https:\\\/\\\/i0.wp.com\\\/touchproeurope.eu\\\/wp-content\\\/uploads\\\/2026\\\/01\\\/535e_wellness_entspannung_akupressur_set_eco_kokos_matte_set-e1767700946439.jpg?fit=800%2C800&ssl=1\",\"datePublished\":\"2026-01-06T11:57:55+00:00\",\"dateModified\":\"2026-03-04T17:04:48+00:00\",\"description\":\"Beleef het verschil met de VITAL spijkermat set ECO. Perfect voor wie comfort en effectiviteit zoekt in een duurzame acupressuurset.\",\"breadcrumb\":{\"@id\":\"https:\\\/\\\/touchproeurope.eu\\\/product\\\/vital-spijkermat-set-eco\\\/#breadcrumb\"},\"inLanguage\":\"pt-PT\",\"potentialAction\":[{\"@type\":\"ReadAction\",\"target\":[\"https:\\\/\\\/touchproeurope.eu\\\/product\\\/vital-spijkermat-set-eco\\\/\"]}]},{\"@type\":\"ImageObject\",\"inLanguage\":\"pt-PT\",\"@id\":\"https:\\\/\\\/touchproeurope.eu\\\/product\\\/vital-spijkermat-set-eco\\\/#primaryimage\",\"url\":\"https:\\\/\\\/i0.wp.com\\\/touchproeurope.eu\\\/wp-content\\\/uploads\\\/2026\\\/01\\\/535e_wellness_entspannung_akupressur_set_eco_kokos_matte_set-e1767700946439.jpg?fit=800%2C800&ssl=1\",\"contentUrl\":\"https:\\\/\\\/i0.wp.com\\\/touchproeurope.eu\\\/wp-content\\\/uploads\\\/2026\\\/01\\\/535e_wellness_entspannung_akupressur_set_eco_kokos_matte_set-e1767700946439.jpg?fit=800%2C800&ssl=1\",\"width\":800,\"height\":800,\"caption\":\"VITAL spijkermat set ECO standaard\"},{\"@type\":\"BreadcrumbList\",\"@id\":\"https:\\\/\\\/touchproeurope.eu\\\/product\\\/vital-spijkermat-set-eco\\\/#breadcrumb\",\"itemListElement\":[{\"@type\":\"ListItem\",\"position\":1,\"name\":\"Home\",\"item\":\"https:\\\/\\\/touchproeurope.eu\\\/\"},{\"@type\":\"ListItem\",\"position\":2,\"name\":\"Winkel\",\"item\":\"https:\\\/\\\/touchproeurope.eu\\\/winkel\\\/\"},{\"@type\":\"ListItem\",\"position\":3,\"name\":\"VITAL spijkermat set ECO\"}]},{\"@type\":\"WebSite\",\"@id\":\"https:\\\/\\\/touchproeurope.eu\\\/#website\",\"url\":\"https:\\\/\\\/touchproeurope.eu\\\/\",\"name\":\"TouchPro Europe Shop\",\"description\":\"Alles voor jouw praktijk met een PROfessionele Touch!\",\"publisher\":{\"@id\":\"https:\\\/\\\/touchproeurope.eu\\\/#organization\"},\"alternateName\":\"TPE\",\"potentialAction\":[{\"@type\":\"SearchAction\",\"target\":{\"@type\":\"EntryPoint\",\"urlTemplate\":\"https:\\\/\\\/touchproeurope.eu\\\/?s={search_term_string}\"},\"query-input\":{\"@type\":\"PropertyValueSpecification\",\"valueRequired\":true,\"valueName\":\"search_term_string\"}}],\"inLanguage\":\"pt-PT\"},{\"@type\":\"Organization\",\"@id\":\"https:\\\/\\\/touchproeurope.eu\\\/#organization\",\"name\":\"TouchPro Europe BV\",\"alternateName\":\"TPE\",\"url\":\"https:\\\/\\\/touchproeurope.eu\\\/\",\"logo\":{\"@type\":\"ImageObject\",\"inLanguage\":\"pt-PT\",\"@id\":\"https:\\\/\\\/touchproeurope.eu\\\/#\\\/schema\\\/logo\\\/image\\\/\",\"url\":\"https:\\\/\\\/i0.wp.com\\\/touchproeurope.eu\\\/wp-content\\\/uploads\\\/2023\\\/10\\\/2b592c_b6944d80811246d987cc2c29accedf3f.png?fit=1417%2C531&ssl=1\",\"contentUrl\":\"https:\\\/\\\/i0.wp.com\\\/touchproeurope.eu\\\/wp-content\\\/uploads\\\/2023\\\/10\\\/2b592c_b6944d80811246d987cc2c29accedf3f.png?fit=1417%2C531&ssl=1\",\"width\":1417,\"height\":531,\"caption\":\"TouchPro Europe BV\"},\"image\":{\"@id\":\"https:\\\/\\\/touchproeurope.eu\\\/#\\\/schema\\\/logo\\\/image\\\/\"},\"sameAs\":[\"https:\\\/\\\/www.facebook.com\\\/TouchproNederland\\\/?locale=nl_NL\\\/\",\"https:\\\/\\\/www.instagram.com\\\/touchpro2016\\\/\",\"https:\\\/\\\/www.linkedin.com\\\/company\\\/touchpro-europe-bv\\\/\"],\"description\":\"TouchPro Europe Shop is de massage winkel van Europa. Wij verkopen topkwaliteit massageproducten aan masseurs, pedicures, fysiotherapeuten, manicuren, Wellness centra, opleidingen, etc. TouchPro begon als een kleine webshop in Nederland, maar is nu uitgegroeid tot een webshop met klanten uit heel Europa. Wij bieden een breed assortiment aan massageproducten, waaronder massagetafels, oli\u00ebn, cr\u00e8mes, en accessoires van topmerken, zoals Earthlite, Stronglite en InnerStrenght, Habys, Living Earth Crafts en Continuum en andere leveranciers van massage accessoires. Bestel hier de beste massagematerialen van Europa!\",\"email\":\"info@touchpro-europe.com\",\"telephone\":\"0858768829\",\"legalName\":\"TouchPro Europe BV\",\"foundingDate\":\"2018-01-11\",\"vatID\":\"NL855430151B01\",\"numberOfEmployees\":{\"@type\":\"QuantitativeValue\",\"minValue\":\"1\",\"maxValue\":\"10\"},\"hasMerchantReturnPolicy\":{\"@type\":\"MerchantReturnPolicy\",\"merchantReturnLink\":\"https:\\\/\\\/touchproeurope.eu\\\/pt\\\/retourbeleid\\\/\"}}]}<\/script>\n<meta property=\"product:brand\" content=\"VITAL\" \/>\n<meta property=\"og:availability\" content=\"instock\" \/>\n<meta property=\"product:availability\" content=\"instock\" \/>\n<meta property=\"product:retailer_item_id\" content=\"535x\" \/>\n<meta property=\"product:condition\" content=\"new\" \/>\n<!-- \/ Yoast SEO Premium plugin. -->","yoast_head_json":{"title":"Conjunto de tapetes de unhas VITAL ECO para uma recupera\u00e7\u00e3o e relaxamento \u00f3ptimos - TouchPro Europe Shop","description":"Experimente a diferen\u00e7a com o conjunto de tapetes para unhas VITAL ECO. Perfeito para quem procura conforto e efic\u00e1cia num conjunto de acupress\u00e3o duradouro.","robots":{"index":"index","follow":"follow","max-snippet":"max-snippet:-1","max-image-preview":"max-image-preview:large","max-video-preview":"max-video-preview:-1"},"canonical":"https:\/\/touchproeurope.eu\/pt\/product\/conjunto-de-tapetes-de-unhas-vital-eco\/","og_locale":"pt_PT","og_type":"article","og_title":"VITAL spijkermat set ECO","og_description":"Beleef het verschil met de VITAL spijkermat set ECO. Perfect voor wie comfort en effectiviteit zoekt in een duurzame acupressuurset.","og_url":"https:\/\/touchproeurope.eu\/pt\/product\/conjunto-de-tapetes-de-unhas-vital-eco\/","og_site_name":"TouchPro Europe Shop","article_publisher":"https:\/\/www.facebook.com\/TouchproNederland\/?locale=nl_NL%2f","article_modified_time":"2026-03-04T17:04:48+00:00","og_image":[{"width":800,"height":800,"url":"https:\/\/touchproeurope.eu\/wp-content\/uploads\/2026\/01\/535e_wellness_entspannung_akupressur_set_eco_kokos_matte_set-e1767700946439.jpg","type":"image\/jpeg"}],"twitter_card":"summary_large_image","twitter_misc":{"Disponibilidade":"Em stock"},"schema":{"@context":"https:\/\/schema.org","@graph":[{"@type":"WebPage","@id":"https:\/\/touchproeurope.eu\/product\/vital-spijkermat-set-eco\/","url":"https:\/\/touchproeurope.eu\/product\/vital-spijkermat-set-eco\/","name":"Conjunto de tapetes de unhas VITAL ECO para uma recupera\u00e7\u00e3o e relaxamento \u00f3ptimos - TouchPro Europe Shop","isPartOf":{"@id":"https:\/\/touchproeurope.eu\/#website"},"primaryImageOfPage":{"@id":"https:\/\/touchproeurope.eu\/product\/vital-spijkermat-set-eco\/#primaryimage"},"image":{"@id":"https:\/\/touchproeurope.eu\/product\/vital-spijkermat-set-eco\/#primaryimage"},"thumbnailUrl":"https:\/\/i0.wp.com\/touchproeurope.eu\/wp-content\/uploads\/2026\/01\/535e_wellness_entspannung_akupressur_set_eco_kokos_matte_set-e1767700946439.jpg?fit=800%2C800&ssl=1","datePublished":"2026-01-06T11:57:55+00:00","dateModified":"2026-03-04T17:04:48+00:00","description":"Experimente a diferen\u00e7a com o conjunto de tapetes para unhas VITAL ECO. Perfeito para quem procura conforto e efic\u00e1cia num conjunto de acupress\u00e3o duradouro.","breadcrumb":{"@id":"https:\/\/touchproeurope.eu\/product\/vital-spijkermat-set-eco\/#breadcrumb"},"inLanguage":"pt-PT","potentialAction":[{"@type":"ReadAction","target":["https:\/\/touchproeurope.eu\/product\/vital-spijkermat-set-eco\/"]}]},{"@type":"ImageObject","inLanguage":"pt-PT","@id":"https:\/\/touchproeurope.eu\/product\/vital-spijkermat-set-eco\/#primaryimage","url":"https:\/\/i0.wp.com\/touchproeurope.eu\/wp-content\/uploads\/2026\/01\/535e_wellness_entspannung_akupressur_set_eco_kokos_matte_set-e1767700946439.jpg?fit=800%2C800&ssl=1","contentUrl":"https:\/\/i0.wp.com\/touchproeurope.eu\/wp-content\/uploads\/2026\/01\/535e_wellness_entspannung_akupressur_set_eco_kokos_matte_set-e1767700946439.jpg?fit=800%2C800&ssl=1","width":800,"height":800,"caption":"VITAL spijkermat set ECO standaard"},{"@type":"BreadcrumbList","@id":"https:\/\/touchproeurope.eu\/product\/vital-spijkermat-set-eco\/#breadcrumb","itemListElement":[{"@type":"ListItem","position":1,"name":"Home","item":"https:\/\/touchproeurope.eu\/"},{"@type":"ListItem","position":2,"name":"Winkel","item":"https:\/\/touchproeurope.eu\/winkel\/"},{"@type":"ListItem","position":3,"name":"VITAL spijkermat set ECO"}]},{"@type":"WebSite","@id":"https:\/\/touchproeurope.eu\/#website","url":"https:\/\/touchproeurope.eu\/","name":"Loja TouchPro Europa","description":"Tudo para o seu consult\u00f3rio com um toque profissional!","publisher":{"@id":"https:\/\/touchproeurope.eu\/#organization"},"alternateName":"TPE","potentialAction":[{"@type":"SearchAction","target":{"@type":"EntryPoint","urlTemplate":"https:\/\/touchproeurope.eu\/?s={search_term_string}"},"query-input":{"@type":"PropertyValueSpecification","valueRequired":true,"valueName":"search_term_string"}}],"inLanguage":"pt-PT"},{"@type":"Organization","@id":"https:\/\/touchproeurope.eu\/#organization","name":"TouchPro Europa BV","alternateName":"TPE","url":"https:\/\/touchproeurope.eu\/","logo":{"@type":"ImageObject","inLanguage":"pt-PT","@id":"https:\/\/touchproeurope.eu\/#\/schema\/logo\/image\/","url":"https:\/\/i0.wp.com\/touchproeurope.eu\/wp-content\/uploads\/2023\/10\/2b592c_b6944d80811246d987cc2c29accedf3f.png?fit=1417%2C531&ssl=1","contentUrl":"https:\/\/i0.wp.com\/touchproeurope.eu\/wp-content\/uploads\/2023\/10\/2b592c_b6944d80811246d987cc2c29accedf3f.png?fit=1417%2C531&ssl=1","width":1417,"height":531,"caption":"TouchPro Europe BV"},"image":{"@id":"https:\/\/touchproeurope.eu\/#\/schema\/logo\/image\/"},"sameAs":["https:\/\/www.facebook.com\/TouchproNederland\/?locale=nl_NL\/","https:\/\/www.instagram.com\/touchpro2016\/","https:\/\/www.linkedin.com\/company\/touchpro-europe-bv\/"],"description":"A TouchPro Europe Shop \u00e9 a loja de massagens da Europa. Vendemos produtos de massagem de alta qualidade a massagistas, pedicuros, fisioterapeutas, manicures, centros de bem-estar, cursos de forma\u00e7\u00e3o, etc. A TouchPro come\u00e7ou por ser uma pequena loja nos Pa\u00edses Baixos, mas agora transformou-se numa loja com clientes de toda a Europa. Oferecemos uma vasta gama de produtos de massagem, incluindo mesas de massagem, \u00f3leos, cremes e acess\u00f3rios de marcas de topo como Earthlite, Stronglite e InnerStrenght, Habys, Living Earth Crafts e Continuum e outros fornecedores de acess\u00f3rios de massagem. Encomende aqui os melhores artigos de massagem da Europa!","email":"info@touchpro-europe.com","telephone":"0858768829","legalName":"TouchPro Europe BV","foundingDate":"2018-01-11","vatID":"NL855430151B01","numberOfEmployees":{"@type":"QuantitativeValue","minValue":"1","maxValue":"10"},"hasMerchantReturnPolicy":{"@type":"MerchantReturnPolicy","merchantReturnLink":"https:\/\/touchproeurope.eu\/pt\/retourbeleid\/"}}]},"product_brand":"VITAL","og_availability":"instock","product_availability":"instock","product_retailer_item_id":"535x","product_condition":"new"},"_links":{"self":[{"href":"https:\/\/touchproeurope.eu\/pt\/wp-json\/wp\/v2\/product\/15499","targetHints":{"allow":["GET"]}}],"collection":[{"href":"https:\/\/touchproeurope.eu\/pt\/wp-json\/wp\/v2\/product"}],"about":[{"href":"https:\/\/touchproeurope.eu\/pt\/wp-json\/wp\/v2\/types\/product"}],"replies":[{"embeddable":true,"href":"https:\/\/touchproeurope.eu\/pt\/wp-json\/wp\/v2\/comments?post=15499"}],"version-history":[{"count":3,"href":"https:\/\/touchproeurope.eu\/pt\/wp-json\/wp\/v2\/product\/15499\/revisions"}],"predecessor-version":[{"id":15558,"href":"https:\/\/touchproeurope.eu\/pt\/wp-json\/wp\/v2\/product\/15499\/revisions\/15558"}],"wp:featuredmedia":[{"embeddable":true,"href":"https:\/\/touchproeurope.eu\/pt\/wp-json\/wp\/v2\/media\/15509"}],"wp:attachment":[{"href":"https:\/\/touchproeurope.eu\/pt\/wp-json\/wp\/v2\/media?parent=15499"}],"wp:term":[{"taxonomy":"product_brand","embeddable":true,"href":"https:\/\/touchproeurope.eu\/pt\/wp-json\/wp\/v2\/product_brand?post=15499"},{"taxonomy":"product_cat","embeddable":true,"href":"https:\/\/touchproeurope.eu\/pt\/wp-json\/wp\/v2\/product_cat?post=15499"},{"taxonomy":"product_tag","embeddable":true,"href":"https:\/\/touchproeurope.eu\/pt\/wp-json\/wp\/v2\/product_tag?post=15499"}],"curies":[{"name":"wp","href":"https:\/\/api.w.org\/{rel}","templated":true}]}}