{"id":15578,"date":"2026-01-13T09:42:28","date_gmt":"2026-01-13T09:42:28","guid":{"rendered":"https:\/\/touchproeurope.eu\/?post_type=product&#038;p=15578"},"modified":"2026-04-22T14:51:08","modified_gmt":"2026-04-22T14:51:08","slug":"mesa-de-massagem-basica-feldenkrais","status":"publish","type":"product","link":"https:\/\/touchproeurope.eu\/pt\/product\/feldenkrais-basic-massagetafel\/","title":{"rendered":"Mesa de massagem FELDENKRAIS BASIC"},"content":{"rendered":"<p>A Mesa de Massagem FELDENKRAIS BASIC \u00e9 uma mesa de terapia leve e dobr\u00e1vel, especialmente concebida para o M\u00e9todo Feldenkrais. \u00c9 tamb\u00e9m excelente para Rolfing, terapias orientadas para o corpo e outras formas de tratamento em que \u00e9 essencial uma altura de trabalho baixa. Gra\u00e7as ao seu design sofisticado, esta mesa oferece uma ergonomia \u00f3ptima para o praticante, bem como um conforto deitado para o cliente.<\/p>\n<p>A mesa de massagem est\u00e1 equipada com o sistema de dobragem patenteado CableLock\u2122, que permite que a mesa seja montada e dobrada novamente em segundos. Isto torna a FELDENKRAIS BASIC particularmente adequada para utiliza\u00e7\u00e3o em consult\u00f3rios, bem como para visitas ao domic\u00edlio e terapia m\u00f3vel. Apesar do seu peso reduzido, a mesa oferece uma elevada estabilidade e seguran\u00e7a. Esta estabilidade mant\u00e9m-se mesmo durante uma utiliza\u00e7\u00e3o profissional intensiva.<\/p>\n<p>Com uma altura de trabalho ajust\u00e1vel de 44 a 60 cm, esta mesa \u00e9 ideal para m\u00e9todos de tratamento. Especialmente quando se trabalha perto do cliente. A largura generosa de 84 cm oferece um conforto extra e liberdade de movimentos durante o tratamento. A mesa tem uma carga de trabalho de 180 kg e uma carga est\u00e1tica at\u00e9 720 kg, permitindo tratar em seguran\u00e7a clientes ainda mais pesados.<\/p>\n<p>O FELDENKRAIS BASIC \u00e9 fornecido como um conjunto completo, incluindo apoio para a cabe\u00e7a, op\u00e7\u00e3o Reiki em ambas as extremidades e um saco de transporte resistente. A camada de espuma de 4 cm de espessura proporciona um apoio agrad\u00e1vel sem comprometer a estabilidade da superf\u00edcie de trabalho. Com um peso total de apenas cerca de 15 kg (cerca de 17,2 kg incluindo acess\u00f3rios), esta mesa \u00e9 f\u00e1cil de transportar.<\/p>\n<p>Uma mesa de massagem fi\u00e1vel, funcional e ergon\u00f3mica para os terapeutas que trabalham com aten\u00e7\u00e3o, precis\u00e3o e consci\u00eancia corporal.<\/p>","protected":false},"excerpt":{"rendered":"<p>Mesa de massagem dobr\u00e1vel com baixa altura de trabalho, ideal para Feldenkrais e Rolfing. Leve, est\u00e1vel e r\u00e1pida de montar gra\u00e7as ao CableLock\u2122. Inclui apoio para a cabe\u00e7a, op\u00e7\u00e3o Reiki e saco de transporte.<\/p>\n<div class=\"elementor-element elementor-element-f6bcaba elementor-widget elementor-widget-woocommerce-product-short-description\" data-id=\"f6bcaba\" data-element_type=\"widget\" data-widget_type=\"woocommerce-product-short-description.default\">\n<div class=\"woocommerce-product-details__short-description\">\n<p><strong>Tenha em aten\u00e7\u00e3o que os artigos Bodynova t\u00eam um prazo de entrega m\u00ednimo de 4-5 dias.<\/strong><\/p>\n<\/div>\n<\/div>\n<div class=\"elementor-element elementor-element-e2d295a e-add-to-cart--show-quantity-yes elementor-widget elementor-widget-woocommerce-product-add-to-cart\" data-id=\"e2d295a\" data-element_type=\"widget\" data-widget_type=\"woocommerce-product-add-to-cart.default\">\n<div class=\"elementor-add-to-cart elementor-product-variable\"><\/div>\n<\/div>","protected":false},"featured_media":15580,"comment_status":"open","ping_status":"closed","template":"","meta":[],"product_brand":[347],"product_cat":[94,93],"product_tag":[528,529,497,530],"class_list":{"0":"post-15578","1":"product","2":"type-product","3":"status-publish","4":"has-post-thumbnail","6":"product_brand-welltouch","7":"product_cat-draagbare-massagetafels","8":"product_cat-massagetafels","9":"product_tag-feldenkrais-massagetafel","10":"product_tag-feldenkrais-therapietafel","11":"product_tag-mobiele-massagetafel","12":"product_tag-opvouwbare-therapietafel","13":"product_shipping_class-klein-pakket","14":"pa_kleur-blauw","15":"pa_merk-welltouch","17":"first","18":"instock","19":"taxable","20":"shipping-taxable","21":"purchasable","22":"product-type-simple"},"yoast_head":"<!-- This site is optimized with the Yoast SEO Premium plugin v27.4 (Yoast SEO v27.4) - https:\/\/yoast.com\/product\/yoast-seo-premium-wordpress\/ -->\n<title>FELDENKRAIS BASIC Massagetafel: Lichtgewicht en Opvouwbaar - TouchPro Europe Shop<\/title>\n<meta name=\"description\" content=\"Ontdek de veelzijdigheid van de FELDENKRAIS BASIC Massagetafel. Perfect voor de Feldenkrais-methode en andere therapie\u00ebn. Koop vandaag nog!\" \/>\n<meta name=\"robots\" content=\"index, follow, max-snippet:-1, max-image-preview:large, max-video-preview:-1\" \/>\n<link rel=\"canonical\" href=\"https:\/\/touchproeurope.eu\/pt\/product\/mesa-de-massagem-basica-feldenkrais\/\" \/>\n<meta property=\"og:locale\" content=\"pt_PT\" \/>\n<meta property=\"og:type\" content=\"article\" \/>\n<meta property=\"og:title\" content=\"FELDENKRAIS BASIC Massagetafel\" \/>\n<meta property=\"og:description\" content=\"Ontdek de veelzijdigheid van de FELDENKRAIS BASIC Massagetafel. Perfect voor de Feldenkrais-methode en andere therapie\u00ebn. Koop vandaag nog!\" \/>\n<meta property=\"og:url\" content=\"https:\/\/touchproeurope.eu\/pt\/product\/mesa-de-massagem-basica-feldenkrais\/\" \/>\n<meta property=\"og:site_name\" content=\"TouchPro Europe Shop\" \/>\n<meta property=\"article:publisher\" content=\"https:\/\/www.facebook.com\/TouchproNederland\/?locale=nl_NL%2f\" \/>\n<meta property=\"article:modified_time\" content=\"2026-04-22T14:51:08+00:00\" \/>\n<meta property=\"og:image\" content=\"https:\/\/touchproeurope.eu\/wp-content\/uploads\/2026\/01\/tfb84_massage_liege_feldenkrais_basic_welltouch_kopfstuetze-e1768297231779.jpg\" \/>\n\t<meta property=\"og:image:width\" content=\"800\" \/>\n\t<meta property=\"og:image:height\" content=\"800\" \/>\n\t<meta property=\"og:image:type\" content=\"image\/jpeg\" \/>\n<meta name=\"twitter:card\" content=\"summary_large_image\" \/>\n<meta name=\"twitter:label1\" content=\"pre\u00e7o\" \/>\n\t<meta name=\"twitter:data1\" content=\"&euro;&nbsp;361,99 incl. BTW\" \/>\n\t<meta name=\"twitter:label2\" content=\"Disponibilidade\" \/>\n\t<meta name=\"twitter:data2\" content=\"Em stock\" \/>\n<script type=\"application\/ld+json\" class=\"yoast-schema-graph\">{\"@context\":\"https:\\\/\\\/schema.org\",\"@graph\":[{\"@type\":\"WebPage\",\"@id\":\"https:\\\/\\\/touchproeurope.eu\\\/product\\\/feldenkrais-basic-massagetafel\\\/\",\"url\":\"https:\\\/\\\/touchproeurope.eu\\\/product\\\/feldenkrais-basic-massagetafel\\\/\",\"name\":\"FELDENKRAIS BASIC Massagetafel: Lichtgewicht en Opvouwbaar - TouchPro Europe Shop\",\"isPartOf\":{\"@id\":\"https:\\\/\\\/touchproeurope.eu\\\/#website\"},\"primaryImageOfPage\":{\"@id\":\"https:\\\/\\\/touchproeurope.eu\\\/product\\\/feldenkrais-basic-massagetafel\\\/#primaryimage\"},\"image\":{\"@id\":\"https:\\\/\\\/touchproeurope.eu\\\/product\\\/feldenkrais-basic-massagetafel\\\/#primaryimage\"},\"thumbnailUrl\":\"https:\\\/\\\/i0.wp.com\\\/touchproeurope.eu\\\/wp-content\\\/uploads\\\/2026\\\/01\\\/tfb84_massage_liege_feldenkrais_basic_welltouch_kopfstuetze-e1768297231779.jpg?fit=800%2C800&ssl=1\",\"datePublished\":\"2026-01-13T09:42:28+00:00\",\"dateModified\":\"2026-04-22T14:51:08+00:00\",\"description\":\"Ontdek de veelzijdigheid van de FELDENKRAIS BASIC Massagetafel. Perfect voor de Feldenkrais-methode en andere therapie\u00ebn. Koop vandaag nog!\",\"breadcrumb\":{\"@id\":\"https:\\\/\\\/touchproeurope.eu\\\/product\\\/feldenkrais-basic-massagetafel\\\/#breadcrumb\"},\"inLanguage\":\"pt-PT\",\"potentialAction\":[{\"@type\":\"ReadAction\",\"target\":[\"https:\\\/\\\/touchproeurope.eu\\\/product\\\/feldenkrais-basic-massagetafel\\\/\"]}]},{\"@type\":\"ImageObject\",\"inLanguage\":\"pt-PT\",\"@id\":\"https:\\\/\\\/touchproeurope.eu\\\/product\\\/feldenkrais-basic-massagetafel\\\/#primaryimage\",\"url\":\"https:\\\/\\\/i0.wp.com\\\/touchproeurope.eu\\\/wp-content\\\/uploads\\\/2026\\\/01\\\/tfb84_massage_liege_feldenkrais_basic_welltouch_kopfstuetze-e1768297231779.jpg?fit=800%2C800&ssl=1\",\"contentUrl\":\"https:\\\/\\\/i0.wp.com\\\/touchproeurope.eu\\\/wp-content\\\/uploads\\\/2026\\\/01\\\/tfb84_massage_liege_feldenkrais_basic_welltouch_kopfstuetze-e1768297231779.jpg?fit=800%2C800&ssl=1\",\"width\":800,\"height\":800,\"caption\":\"FELDENKRAIS BASIC Massagetafel\"},{\"@type\":\"BreadcrumbList\",\"@id\":\"https:\\\/\\\/touchproeurope.eu\\\/product\\\/feldenkrais-basic-massagetafel\\\/#breadcrumb\",\"itemListElement\":[{\"@type\":\"ListItem\",\"position\":1,\"name\":\"Home\",\"item\":\"https:\\\/\\\/touchproeurope.eu\\\/\"},{\"@type\":\"ListItem\",\"position\":2,\"name\":\"Winkel\",\"item\":\"https:\\\/\\\/touchproeurope.eu\\\/winkel\\\/\"},{\"@type\":\"ListItem\",\"position\":3,\"name\":\"FELDENKRAIS BASIC Massagetafel\"}]},{\"@type\":\"WebSite\",\"@id\":\"https:\\\/\\\/touchproeurope.eu\\\/#website\",\"url\":\"https:\\\/\\\/touchproeurope.eu\\\/\",\"name\":\"TouchPro Europe Shop\",\"description\":\"Alles voor jouw praktijk met een PROfessionele Touch!\",\"publisher\":{\"@id\":\"https:\\\/\\\/touchproeurope.eu\\\/#organization\"},\"alternateName\":\"TPE\",\"potentialAction\":[{\"@type\":\"SearchAction\",\"target\":{\"@type\":\"EntryPoint\",\"urlTemplate\":\"https:\\\/\\\/touchproeurope.eu\\\/?s={search_term_string}\"},\"query-input\":{\"@type\":\"PropertyValueSpecification\",\"valueRequired\":true,\"valueName\":\"search_term_string\"}}],\"inLanguage\":\"pt-PT\"},{\"@type\":\"Organization\",\"@id\":\"https:\\\/\\\/touchproeurope.eu\\\/#organization\",\"name\":\"TouchPro Europe BV\",\"alternateName\":\"TPE\",\"url\":\"https:\\\/\\\/touchproeurope.eu\\\/\",\"logo\":{\"@type\":\"ImageObject\",\"inLanguage\":\"pt-PT\",\"@id\":\"https:\\\/\\\/touchproeurope.eu\\\/#\\\/schema\\\/logo\\\/image\\\/\",\"url\":\"https:\\\/\\\/i0.wp.com\\\/touchproeurope.eu\\\/wp-content\\\/uploads\\\/2023\\\/10\\\/2b592c_b6944d80811246d987cc2c29accedf3f.png?fit=1417%2C531&ssl=1\",\"contentUrl\":\"https:\\\/\\\/i0.wp.com\\\/touchproeurope.eu\\\/wp-content\\\/uploads\\\/2023\\\/10\\\/2b592c_b6944d80811246d987cc2c29accedf3f.png?fit=1417%2C531&ssl=1\",\"width\":1417,\"height\":531,\"caption\":\"TouchPro Europe BV\"},\"image\":{\"@id\":\"https:\\\/\\\/touchproeurope.eu\\\/#\\\/schema\\\/logo\\\/image\\\/\"},\"sameAs\":[\"https:\\\/\\\/www.facebook.com\\\/TouchproNederland\\\/?locale=nl_NL\\\/\",\"https:\\\/\\\/www.instagram.com\\\/touchpro2016\\\/\",\"https:\\\/\\\/www.linkedin.com\\\/company\\\/touchpro-europe-bv\\\/\"],\"description\":\"TouchPro Europe Shop is de massage winkel van Europa. Wij verkopen topkwaliteit massageproducten aan masseurs, pedicures, fysiotherapeuten, manicuren, Wellness centra, opleidingen, etc. TouchPro begon als een kleine webshop in Nederland, maar is nu uitgegroeid tot een webshop met klanten uit heel Europa. Wij bieden een breed assortiment aan massageproducten, waaronder massagetafels, oli\u00ebn, cr\u00e8mes, en accessoires van topmerken, zoals Earthlite, Stronglite en InnerStrenght, Habys, Living Earth Crafts en Continuum en andere leveranciers van massage accessoires. Bestel hier de beste massagematerialen van Europa!\",\"email\":\"info@touchpro-europe.com\",\"telephone\":\"0858768829\",\"legalName\":\"TouchPro Europe BV\",\"foundingDate\":\"2018-01-11\",\"vatID\":\"NL855430151B01\",\"numberOfEmployees\":{\"@type\":\"QuantitativeValue\",\"minValue\":\"1\",\"maxValue\":\"10\"},\"hasMerchantReturnPolicy\":{\"@type\":\"MerchantReturnPolicy\",\"merchantReturnLink\":\"https:\\\/\\\/touchproeurope.eu\\\/pt\\\/retourbeleid\\\/\"}}]}<\/script>\n<meta property=\"product:brand\" content=\"Welltouch\" \/>\n<meta property=\"product:price:amount\" content=\"361.99\" \/>\n<meta property=\"product:price:currency\" content=\"EUR\" \/>\n<meta property=\"og:availability\" content=\"instock\" \/>\n<meta property=\"product:availability\" content=\"instock\" \/>\n<meta property=\"product:retailer_item_id\" content=\"tfb84\" \/>\n<meta property=\"product:condition\" content=\"new\" \/>\n<!-- \/ Yoast SEO Premium plugin. -->","yoast_head_json":{"title":"Mesa de massagem FELDENKRAIS BASIC: leve e dobr\u00e1vel - TouchPro Europe Shop","description":"Descubra a versatilidade da Mesa de Massagem FELDENKRAIS BASIC. Perfeita para o M\u00e9todo Feldenkrais e outras terapias. Compre hoje mesmo!","robots":{"index":"index","follow":"follow","max-snippet":"max-snippet:-1","max-image-preview":"max-image-preview:large","max-video-preview":"max-video-preview:-1"},"canonical":"https:\/\/touchproeurope.eu\/pt\/product\/mesa-de-massagem-basica-feldenkrais\/","og_locale":"pt_PT","og_type":"article","og_title":"FELDENKRAIS BASIC Massagetafel","og_description":"Ontdek de veelzijdigheid van de FELDENKRAIS BASIC Massagetafel. Perfect voor de Feldenkrais-methode en andere therapie\u00ebn. Koop vandaag nog!","og_url":"https:\/\/touchproeurope.eu\/pt\/product\/mesa-de-massagem-basica-feldenkrais\/","og_site_name":"TouchPro Europe Shop","article_publisher":"https:\/\/www.facebook.com\/TouchproNederland\/?locale=nl_NL%2f","article_modified_time":"2026-04-22T14:51:08+00:00","og_image":[{"width":800,"height":800,"url":"https:\/\/touchproeurope.eu\/wp-content\/uploads\/2026\/01\/tfb84_massage_liege_feldenkrais_basic_welltouch_kopfstuetze-e1768297231779.jpg","type":"image\/jpeg"}],"twitter_card":"summary_large_image","twitter_misc":{"pre\u00e7o":"&euro;&nbsp;361,99 incl. BTW","Disponibilidade":"Em stock"},"schema":{"@context":"https:\/\/schema.org","@graph":[{"@type":"WebPage","@id":"https:\/\/touchproeurope.eu\/product\/feldenkrais-basic-massagetafel\/","url":"https:\/\/touchproeurope.eu\/product\/feldenkrais-basic-massagetafel\/","name":"Mesa de massagem FELDENKRAIS BASIC: leve e dobr\u00e1vel - TouchPro Europe Shop","isPartOf":{"@id":"https:\/\/touchproeurope.eu\/#website"},"primaryImageOfPage":{"@id":"https:\/\/touchproeurope.eu\/product\/feldenkrais-basic-massagetafel\/#primaryimage"},"image":{"@id":"https:\/\/touchproeurope.eu\/product\/feldenkrais-basic-massagetafel\/#primaryimage"},"thumbnailUrl":"https:\/\/i0.wp.com\/touchproeurope.eu\/wp-content\/uploads\/2026\/01\/tfb84_massage_liege_feldenkrais_basic_welltouch_kopfstuetze-e1768297231779.jpg?fit=800%2C800&ssl=1","datePublished":"2026-01-13T09:42:28+00:00","dateModified":"2026-04-22T14:51:08+00:00","description":"Descubra a versatilidade da Mesa de Massagem FELDENKRAIS BASIC. Perfeita para o M\u00e9todo Feldenkrais e outras terapias. Compre hoje mesmo!","breadcrumb":{"@id":"https:\/\/touchproeurope.eu\/product\/feldenkrais-basic-massagetafel\/#breadcrumb"},"inLanguage":"pt-PT","potentialAction":[{"@type":"ReadAction","target":["https:\/\/touchproeurope.eu\/product\/feldenkrais-basic-massagetafel\/"]}]},{"@type":"ImageObject","inLanguage":"pt-PT","@id":"https:\/\/touchproeurope.eu\/product\/feldenkrais-basic-massagetafel\/#primaryimage","url":"https:\/\/i0.wp.com\/touchproeurope.eu\/wp-content\/uploads\/2026\/01\/tfb84_massage_liege_feldenkrais_basic_welltouch_kopfstuetze-e1768297231779.jpg?fit=800%2C800&ssl=1","contentUrl":"https:\/\/i0.wp.com\/touchproeurope.eu\/wp-content\/uploads\/2026\/01\/tfb84_massage_liege_feldenkrais_basic_welltouch_kopfstuetze-e1768297231779.jpg?fit=800%2C800&ssl=1","width":800,"height":800,"caption":"FELDENKRAIS BASIC Massagetafel"},{"@type":"BreadcrumbList","@id":"https:\/\/touchproeurope.eu\/product\/feldenkrais-basic-massagetafel\/#breadcrumb","itemListElement":[{"@type":"ListItem","position":1,"name":"Home","item":"https:\/\/touchproeurope.eu\/"},{"@type":"ListItem","position":2,"name":"Winkel","item":"https:\/\/touchproeurope.eu\/winkel\/"},{"@type":"ListItem","position":3,"name":"FELDENKRAIS BASIC Massagetafel"}]},{"@type":"WebSite","@id":"https:\/\/touchproeurope.eu\/#website","url":"https:\/\/touchproeurope.eu\/","name":"Loja TouchPro Europa","description":"Tudo para o seu consult\u00f3rio com um toque profissional!","publisher":{"@id":"https:\/\/touchproeurope.eu\/#organization"},"alternateName":"TPE","potentialAction":[{"@type":"SearchAction","target":{"@type":"EntryPoint","urlTemplate":"https:\/\/touchproeurope.eu\/?s={search_term_string}"},"query-input":{"@type":"PropertyValueSpecification","valueRequired":true,"valueName":"search_term_string"}}],"inLanguage":"pt-PT"},{"@type":"Organization","@id":"https:\/\/touchproeurope.eu\/#organization","name":"TouchPro Europa BV","alternateName":"TPE","url":"https:\/\/touchproeurope.eu\/","logo":{"@type":"ImageObject","inLanguage":"pt-PT","@id":"https:\/\/touchproeurope.eu\/#\/schema\/logo\/image\/","url":"https:\/\/i0.wp.com\/touchproeurope.eu\/wp-content\/uploads\/2023\/10\/2b592c_b6944d80811246d987cc2c29accedf3f.png?fit=1417%2C531&ssl=1","contentUrl":"https:\/\/i0.wp.com\/touchproeurope.eu\/wp-content\/uploads\/2023\/10\/2b592c_b6944d80811246d987cc2c29accedf3f.png?fit=1417%2C531&ssl=1","width":1417,"height":531,"caption":"TouchPro Europe BV"},"image":{"@id":"https:\/\/touchproeurope.eu\/#\/schema\/logo\/image\/"},"sameAs":["https:\/\/www.facebook.com\/TouchproNederland\/?locale=nl_NL\/","https:\/\/www.instagram.com\/touchpro2016\/","https:\/\/www.linkedin.com\/company\/touchpro-europe-bv\/"],"description":"A TouchPro Europe Shop \u00e9 a loja de massagens da Europa. Vendemos produtos de massagem de alta qualidade a massagistas, pedicuros, fisioterapeutas, manicures, centros de bem-estar, cursos de forma\u00e7\u00e3o, etc. A TouchPro come\u00e7ou por ser uma pequena loja nos Pa\u00edses Baixos, mas agora transformou-se numa loja com clientes de toda a Europa. Oferecemos uma vasta gama de produtos de massagem, incluindo mesas de massagem, \u00f3leos, cremes e acess\u00f3rios de marcas de topo como Earthlite, Stronglite e InnerStrenght, Habys, Living Earth Crafts e Continuum e outros fornecedores de acess\u00f3rios de massagem. Encomende aqui os melhores artigos de massagem da Europa!","email":"info@touchpro-europe.com","telephone":"0858768829","legalName":"TouchPro Europe BV","foundingDate":"2018-01-11","vatID":"NL855430151B01","numberOfEmployees":{"@type":"QuantitativeValue","minValue":"1","maxValue":"10"},"hasMerchantReturnPolicy":{"@type":"MerchantReturnPolicy","merchantReturnLink":"https:\/\/touchproeurope.eu\/pt\/retourbeleid\/"}}]},"product_brand":"Welltouch","product_price_amount":"361.99","product_price_currency":"EUR","og_availability":"instock","product_availability":"instock","product_retailer_item_id":"tfb84","product_condition":"new"},"_links":{"self":[{"href":"https:\/\/touchproeurope.eu\/pt\/wp-json\/wp\/v2\/product\/15578","targetHints":{"allow":["GET"]}}],"collection":[{"href":"https:\/\/touchproeurope.eu\/pt\/wp-json\/wp\/v2\/product"}],"about":[{"href":"https:\/\/touchproeurope.eu\/pt\/wp-json\/wp\/v2\/types\/product"}],"replies":[{"embeddable":true,"href":"https:\/\/touchproeurope.eu\/pt\/wp-json\/wp\/v2\/comments?post=15578"}],"version-history":[{"count":1,"href":"https:\/\/touchproeurope.eu\/pt\/wp-json\/wp\/v2\/product\/15578\/revisions"}],"predecessor-version":[{"id":15583,"href":"https:\/\/touchproeurope.eu\/pt\/wp-json\/wp\/v2\/product\/15578\/revisions\/15583"}],"wp:featuredmedia":[{"embeddable":true,"href":"https:\/\/touchproeurope.eu\/pt\/wp-json\/wp\/v2\/media\/15580"}],"wp:attachment":[{"href":"https:\/\/touchproeurope.eu\/pt\/wp-json\/wp\/v2\/media?parent=15578"}],"wp:term":[{"taxonomy":"product_brand","embeddable":true,"href":"https:\/\/touchproeurope.eu\/pt\/wp-json\/wp\/v2\/product_brand?post=15578"},{"taxonomy":"product_cat","embeddable":true,"href":"https:\/\/touchproeurope.eu\/pt\/wp-json\/wp\/v2\/product_cat?post=15578"},{"taxonomy":"product_tag","embeddable":true,"href":"https:\/\/touchproeurope.eu\/pt\/wp-json\/wp\/v2\/product_tag?post=15578"}],"curies":[{"name":"wp","href":"https:\/\/api.w.org\/{rel}","templated":true}]}}