{"id":1629,"date":"2023-11-07T21:01:24","date_gmt":"2023-11-07T21:01:24","guid":{"rendered":"https:\/\/touchproeurope.eu\/?post_type=product&#038;p=1629"},"modified":"2026-03-25T12:06:59","modified_gmt":"2026-03-25T12:06:59","slug":"earthlite-harmony-reiki-dx-massagetafel","status":"publish","type":"product","link":"https:\/\/touchproeurope.eu\/pt\/product\/earthlite-harmony-reiki-dx-massagetafel\/","title":{"rendered":"Mesa de massagem EarthLite Harmony Reiki DX"},"content":{"rendered":"<p>Ervaar perfecte ontspanning met de EarthLite Harmony Reiki DX Massagetafel. De ultieme keuze voor masseurs die streven naar topkwaliteit tegen een betaalbare prijs. Deze veel verkochte professionele massagetafel biedt de ideale combinatie van lichtgewicht draagbaarheid, duurzaamheid en uitstekende demping, waardoor het een absolute aanrader is voor elke professionele masseur.<\/p>\n<p>Met een afmeting van 76 x 185 cm en een verstelbare hoogte van 58 tot 84 cm biedt deze tafel de perfecte werkruimte voor een breed scala aan behandelingen. Het hard esdoorn houten kwaliteitsframe garandeert stabiliteit en betrouwbaarheid. Terwijl het stevige 6,5 cm dikke kussen is voorzien van een geavanceerd multi-density dempingssysteem voor het ultieme comfort van jouw cli\u00ebnten.<\/p>\n<p>Het pakket wordt compleet geleverd met een deluxe verstelbare hoofdsteun inclusief standaard hoofdkussen en een handige draagtas met extra opbergvak. Waardoor je moeiteloos al jouw benodigdheden kunt meenemen. De EarthLite Harmony Reiki DX Massagetafel is ontworpen met een dynamische belastbaarheid van 270 kg, waardoor het perfect is voor stevige massages en verschillende behandeltechnieken. Daarnaast biedt de optionele Shiatsu Release functie extra flexibiliteit voor gespecialiseerde massages.<\/p>\n<p>De tafel is bekleed met luxe, duurzaam en milieuvriendelijk Nature Touch materiaal, waardoor niet alleen jouw cli\u00ebnten, maar ook onze planeet profiteert. Met de beperkte levenslange garantie op het frame en 3 jaar garantie op het kussen en vinyl. Hierdoor kan je met vertrouwen investeren in de toekomst van jouw praktijk.<\/p>\n<p>Wacht niet langer! Kies voor de Earthlite Harmony DX massagetafel en bied jouw cli\u00ebnten een onvergetelijke massage-ervaring.<\/p>","protected":false},"excerpt":{"rendered":"<div class=\"product-details-module__title ec-header-h6\"><strong>De Earthlite Harmony DX massagetafel<\/strong>\u00a0&#8211; Een zeer degelijke, veel verkochte professionele massage tafel. Door zijn relatief lichte gewicht, stevige top met goede demping en goede belastbaarheid is dit een aanrader voor de masseur, die voor goede kwaliteit gaat tegen een mooie prijs. Het pakket bestaat uit:<\/div>\n<div class=\"product-details-module__content\">\n<div id=\"productDescription\" class=\"product-details__product-description\">\n<ul>\n<li>Mesa de massagem EarthLite Harmony Reiki DX<\/li>\n<li>Deluxe verstelbare hoofdsteun met standaard hoofdkussen<\/li>\n<li>Saco de transporte com compartimento de arruma\u00e7\u00e3o adicional<\/li>\n<\/ul>\n<p>Carater\u00edsticas:<\/p>\n<ul>\n<li>Tamanho 76 x 185 cm<\/li>\n<li>Gewicht 15 kg<\/li>\n<li>In hoogte verstelbaar van 58 tot 84 cm<\/li>\n<li>Hard esdoorn houten kwaliteitsframe<\/li>\n<li>Stevig 6,5 cm dik kussen met een multi-density dempingssysteem<\/li>\n<li>Dynamische belastbaarheid van 270 kg<\/li>\n<li>Op\u00e7\u00e3o de liberta\u00e7\u00e3o Shiatsu<\/li>\n<li>Luxe, duurzame en milieuvriendelijke Nature Touch bekleding<\/li>\n<li>Garantia vital\u00edcia limitada para a estrutura e 3 anos para a almofada e o vinil<\/li>\n<li>Folha de venda oficial:\u00a0<a href=\"https:\/\/b2b.earthlite.eu\/media\/wysiwyg\/SalesSheets\/Harmony_DX_-_1-300-0080_-_Rev_040119.pdf\" target=\"_blank\" rel=\"noopener\">Harmony DX<\/a><\/li>\n<\/ul>\n<\/div>\n<\/div>","protected":false},"featured_media":1641,"comment_status":"open","ping_status":"closed","template":"","meta":[],"product_brand":[343],"product_cat":[94,93],"product_tag":[61,59,50,55,60],"class_list":{"0":"post-1629","1":"product","2":"type-product","3":"status-publish","4":"has-post-thumbnail","6":"product_brand-earthlite","7":"product_cat-draagbare-massagetafels","8":"product_cat-massagetafels","9":"product_tag-draagtas","10":"product_tag-earthlite-harmony-dx","11":"product_tag-massagetafels","12":"product_tag-professional","13":"product_tag-topkwalliteit","14":"product_shipping_class-groot-pakket","15":"pa_kleur-agate-mystic-blue","16":"pa_kleur-bordeaux","17":"pa_kleur-vanille-creme","18":"pa_kleur-zwart","19":"pa_merk-earthlite","21":"first","22":"instock","23":"taxable","24":"shipping-taxable","25":"purchasable","26":"product-type-variable"},"yoast_head":"<!-- This site is optimized with the Yoast SEO Premium plugin v27.3 (Yoast SEO v27.3) - https:\/\/yoast.com\/product\/yoast-seo-premium-wordpress\/ -->\n<title>EarthLite Harmony Reiki DX Massagetafel - TouchPro Europe Shop<\/title>\n<meta name=\"description\" content=\"Ontdek ontspanning met de EarthLite Harmony Reiki DX Massagetafel. De ultieme keuze voor professionele masseurs die een betaalbare topkwaliteit zoeken.\" \/>\n<meta name=\"robots\" content=\"index, follow, max-snippet:-1, max-image-preview:large, max-video-preview:-1\" \/>\n<link rel=\"canonical\" href=\"https:\/\/touchproeurope.eu\/pt\/product\/earthlite-harmony-reiki-dx-massagetafel\/\" \/>\n<meta property=\"og:locale\" content=\"pt_PT\" \/>\n<meta property=\"og:type\" content=\"article\" \/>\n<meta property=\"og:title\" content=\"EarthLite Harmony Reiki DX Massagetafel\" \/>\n<meta property=\"og:description\" content=\"Ontdek ontspanning met de EarthLite Harmony Reiki DX Massagetafel. De ultieme keuze voor professionele masseurs die een betaalbare topkwaliteit zoeken.\" \/>\n<meta property=\"og:url\" content=\"https:\/\/touchproeurope.eu\/pt\/product\/earthlite-harmony-reiki-dx-massagetafel\/\" \/>\n<meta property=\"og:site_name\" content=\"TouchPro Europe Shop\" \/>\n<meta property=\"article:publisher\" content=\"https:\/\/www.facebook.com\/TouchproNederland\/?locale=nl_NL%2f\" \/>\n<meta property=\"article:modified_time\" content=\"2026-03-25T12:06:59+00:00\" \/>\n<meta property=\"og:image\" content=\"https:\/\/touchproeurope.eu\/wp-content\/uploads\/2023\/11\/EarthLite-Harmony-Reiki-DX-Massagetafel-Agate-en-Draagtas.jpg\" \/>\n\t<meta property=\"og:image:width\" content=\"2000\" \/>\n\t<meta property=\"og:image:height\" content=\"2000\" \/>\n\t<meta property=\"og:image:type\" content=\"image\/jpeg\" \/>\n<meta name=\"twitter:card\" content=\"summary_large_image\" \/>\n<meta name=\"twitter:label1\" content=\"Disponibilidade\" \/>\n\t<meta name=\"twitter:data1\" content=\"Em stock\" \/>\n<script type=\"application\/ld+json\" class=\"yoast-schema-graph\">{\"@context\":\"https:\\\/\\\/schema.org\",\"@graph\":[{\"@type\":\"WebPage\",\"@id\":\"https:\\\/\\\/touchproeurope.eu\\\/product\\\/earthlite-harmony-reiki-dx-massagetafel\\\/\",\"url\":\"https:\\\/\\\/touchproeurope.eu\\\/product\\\/earthlite-harmony-reiki-dx-massagetafel\\\/\",\"name\":\"EarthLite Harmony Reiki DX Massagetafel - TouchPro Europe Shop\",\"isPartOf\":{\"@id\":\"https:\\\/\\\/touchproeurope.eu\\\/#website\"},\"primaryImageOfPage\":{\"@id\":\"https:\\\/\\\/touchproeurope.eu\\\/product\\\/earthlite-harmony-reiki-dx-massagetafel\\\/#primaryimage\"},\"image\":{\"@id\":\"https:\\\/\\\/touchproeurope.eu\\\/product\\\/earthlite-harmony-reiki-dx-massagetafel\\\/#primaryimage\"},\"thumbnailUrl\":\"https:\\\/\\\/i0.wp.com\\\/touchproeurope.eu\\\/wp-content\\\/uploads\\\/2023\\\/11\\\/EarthLite-Harmony-Reiki-DX-Massagetafel-Agate-en-Draagtas.jpg?fit=2000%2C2000&ssl=1\",\"datePublished\":\"2023-11-07T21:01:24+00:00\",\"dateModified\":\"2026-03-25T12:06:59+00:00\",\"description\":\"Ontdek ontspanning met de EarthLite Harmony Reiki DX Massagetafel. De ultieme keuze voor professionele masseurs die een betaalbare topkwaliteit zoeken.\",\"breadcrumb\":{\"@id\":\"https:\\\/\\\/touchproeurope.eu\\\/product\\\/earthlite-harmony-reiki-dx-massagetafel\\\/#breadcrumb\"},\"inLanguage\":\"pt-PT\",\"potentialAction\":[{\"@type\":\"ReadAction\",\"target\":[\"https:\\\/\\\/touchproeurope.eu\\\/product\\\/earthlite-harmony-reiki-dx-massagetafel\\\/\"]}]},{\"@type\":\"ImageObject\",\"inLanguage\":\"pt-PT\",\"@id\":\"https:\\\/\\\/touchproeurope.eu\\\/product\\\/earthlite-harmony-reiki-dx-massagetafel\\\/#primaryimage\",\"url\":\"https:\\\/\\\/i0.wp.com\\\/touchproeurope.eu\\\/wp-content\\\/uploads\\\/2023\\\/11\\\/EarthLite-Harmony-Reiki-DX-Massagetafel-Agate-en-Draagtas.jpg?fit=2000%2C2000&ssl=1\",\"contentUrl\":\"https:\\\/\\\/i0.wp.com\\\/touchproeurope.eu\\\/wp-content\\\/uploads\\\/2023\\\/11\\\/EarthLite-Harmony-Reiki-DX-Massagetafel-Agate-en-Draagtas.jpg?fit=2000%2C2000&ssl=1\",\"width\":2000,\"height\":2000,\"caption\":\"EarthLite Harmony Reiki DX Massagetafel Agate en Draagtas\"},{\"@type\":\"BreadcrumbList\",\"@id\":\"https:\\\/\\\/touchproeurope.eu\\\/product\\\/earthlite-harmony-reiki-dx-massagetafel\\\/#breadcrumb\",\"itemListElement\":[{\"@type\":\"ListItem\",\"position\":1,\"name\":\"Home\",\"item\":\"https:\\\/\\\/touchproeurope.eu\\\/\"},{\"@type\":\"ListItem\",\"position\":2,\"name\":\"Winkel\",\"item\":\"https:\\\/\\\/touchproeurope.eu\\\/winkel\\\/\"},{\"@type\":\"ListItem\",\"position\":3,\"name\":\"EarthLite Harmony Reiki DX Massagetafel\"}]},{\"@type\":\"WebSite\",\"@id\":\"https:\\\/\\\/touchproeurope.eu\\\/#website\",\"url\":\"https:\\\/\\\/touchproeurope.eu\\\/\",\"name\":\"TouchPro Europe Shop\",\"description\":\"Alles voor jouw praktijk met een PROfessionele Touch!\",\"publisher\":{\"@id\":\"https:\\\/\\\/touchproeurope.eu\\\/#organization\"},\"alternateName\":\"TPE\",\"potentialAction\":[{\"@type\":\"SearchAction\",\"target\":{\"@type\":\"EntryPoint\",\"urlTemplate\":\"https:\\\/\\\/touchproeurope.eu\\\/?s={search_term_string}\"},\"query-input\":{\"@type\":\"PropertyValueSpecification\",\"valueRequired\":true,\"valueName\":\"search_term_string\"}}],\"inLanguage\":\"pt-PT\"},{\"@type\":\"Organization\",\"@id\":\"https:\\\/\\\/touchproeurope.eu\\\/#organization\",\"name\":\"TouchPro Europe BV\",\"alternateName\":\"TPE\",\"url\":\"https:\\\/\\\/touchproeurope.eu\\\/\",\"logo\":{\"@type\":\"ImageObject\",\"inLanguage\":\"pt-PT\",\"@id\":\"https:\\\/\\\/touchproeurope.eu\\\/#\\\/schema\\\/logo\\\/image\\\/\",\"url\":\"https:\\\/\\\/i0.wp.com\\\/touchproeurope.eu\\\/wp-content\\\/uploads\\\/2023\\\/10\\\/2b592c_b6944d80811246d987cc2c29accedf3f.png?fit=1417%2C531&ssl=1\",\"contentUrl\":\"https:\\\/\\\/i0.wp.com\\\/touchproeurope.eu\\\/wp-content\\\/uploads\\\/2023\\\/10\\\/2b592c_b6944d80811246d987cc2c29accedf3f.png?fit=1417%2C531&ssl=1\",\"width\":1417,\"height\":531,\"caption\":\"TouchPro Europe BV\"},\"image\":{\"@id\":\"https:\\\/\\\/touchproeurope.eu\\\/#\\\/schema\\\/logo\\\/image\\\/\"},\"sameAs\":[\"https:\\\/\\\/www.facebook.com\\\/TouchproNederland\\\/?locale=nl_NL\\\/\",\"https:\\\/\\\/www.instagram.com\\\/touchpro2016\\\/\",\"https:\\\/\\\/www.linkedin.com\\\/company\\\/touchpro-europe-bv\\\/\"],\"description\":\"TouchPro Europe Shop is de massage winkel van Europa. Wij verkopen topkwaliteit massageproducten aan masseurs, pedicures, fysiotherapeuten, manicuren, Wellness centra, opleidingen, etc. TouchPro begon als een kleine webshop in Nederland, maar is nu uitgegroeid tot een webshop met klanten uit heel Europa. Wij bieden een breed assortiment aan massageproducten, waaronder massagetafels, oli\u00ebn, cr\u00e8mes, en accessoires van topmerken, zoals Earthlite, Stronglite en InnerStrenght, Habys, Living Earth Crafts en Continuum en andere leveranciers van massage accessoires. Bestel hier de beste massagematerialen van Europa!\",\"email\":\"info@touchpro-europe.com\",\"telephone\":\"0858768829\",\"legalName\":\"TouchPro Europe BV\",\"foundingDate\":\"2018-01-11\",\"vatID\":\"NL855430151B01\",\"numberOfEmployees\":{\"@type\":\"QuantitativeValue\",\"minValue\":\"1\",\"maxValue\":\"10\"},\"hasMerchantReturnPolicy\":{\"@type\":\"MerchantReturnPolicy\",\"merchantReturnLink\":\"https:\\\/\\\/touchproeurope.eu\\\/pt\\\/retourbeleid\\\/\"}}]}<\/script>\n<meta property=\"product:brand\" content=\"Earthlite\" \/>\n<meta property=\"og:availability\" content=\"instock\" \/>\n<meta property=\"product:availability\" content=\"instock\" \/>\n<meta property=\"product:condition\" content=\"new\" \/>\n<!-- \/ Yoast SEO Premium plugin. -->","yoast_head_json":{"title":"EarthLite Harmony Reiki DX Massagetafel - TouchPro Europe Shop","description":"Ontdek ontspanning met de EarthLite Harmony Reiki DX Massagetafel. De ultieme keuze voor professionele masseurs die een betaalbare topkwaliteit zoeken.","robots":{"index":"index","follow":"follow","max-snippet":"max-snippet:-1","max-image-preview":"max-image-preview:large","max-video-preview":"max-video-preview:-1"},"canonical":"https:\/\/touchproeurope.eu\/pt\/product\/earthlite-harmony-reiki-dx-massagetafel\/","og_locale":"pt_PT","og_type":"article","og_title":"EarthLite Harmony Reiki DX Massagetafel","og_description":"Ontdek ontspanning met de EarthLite Harmony Reiki DX Massagetafel. De ultieme keuze voor professionele masseurs die een betaalbare topkwaliteit zoeken.","og_url":"https:\/\/touchproeurope.eu\/pt\/product\/earthlite-harmony-reiki-dx-massagetafel\/","og_site_name":"TouchPro Europe Shop","article_publisher":"https:\/\/www.facebook.com\/TouchproNederland\/?locale=nl_NL%2f","article_modified_time":"2026-03-25T12:06:59+00:00","og_image":[{"width":2000,"height":2000,"url":"https:\/\/touchproeurope.eu\/wp-content\/uploads\/2023\/11\/EarthLite-Harmony-Reiki-DX-Massagetafel-Agate-en-Draagtas.jpg","type":"image\/jpeg"}],"twitter_card":"summary_large_image","twitter_misc":{"Disponibilidade":"Em stock"},"schema":{"@context":"https:\/\/schema.org","@graph":[{"@type":"WebPage","@id":"https:\/\/touchproeurope.eu\/product\/earthlite-harmony-reiki-dx-massagetafel\/","url":"https:\/\/touchproeurope.eu\/product\/earthlite-harmony-reiki-dx-massagetafel\/","name":"EarthLite Harmony Reiki DX Massagetafel - TouchPro Europe Shop","isPartOf":{"@id":"https:\/\/touchproeurope.eu\/#website"},"primaryImageOfPage":{"@id":"https:\/\/touchproeurope.eu\/product\/earthlite-harmony-reiki-dx-massagetafel\/#primaryimage"},"image":{"@id":"https:\/\/touchproeurope.eu\/product\/earthlite-harmony-reiki-dx-massagetafel\/#primaryimage"},"thumbnailUrl":"https:\/\/i0.wp.com\/touchproeurope.eu\/wp-content\/uploads\/2023\/11\/EarthLite-Harmony-Reiki-DX-Massagetafel-Agate-en-Draagtas.jpg?fit=2000%2C2000&ssl=1","datePublished":"2023-11-07T21:01:24+00:00","dateModified":"2026-03-25T12:06:59+00:00","description":"Ontdek ontspanning met de EarthLite Harmony Reiki DX Massagetafel. De ultieme keuze voor professionele masseurs die een betaalbare topkwaliteit zoeken.","breadcrumb":{"@id":"https:\/\/touchproeurope.eu\/product\/earthlite-harmony-reiki-dx-massagetafel\/#breadcrumb"},"inLanguage":"pt-PT","potentialAction":[{"@type":"ReadAction","target":["https:\/\/touchproeurope.eu\/product\/earthlite-harmony-reiki-dx-massagetafel\/"]}]},{"@type":"ImageObject","inLanguage":"pt-PT","@id":"https:\/\/touchproeurope.eu\/product\/earthlite-harmony-reiki-dx-massagetafel\/#primaryimage","url":"https:\/\/i0.wp.com\/touchproeurope.eu\/wp-content\/uploads\/2023\/11\/EarthLite-Harmony-Reiki-DX-Massagetafel-Agate-en-Draagtas.jpg?fit=2000%2C2000&ssl=1","contentUrl":"https:\/\/i0.wp.com\/touchproeurope.eu\/wp-content\/uploads\/2023\/11\/EarthLite-Harmony-Reiki-DX-Massagetafel-Agate-en-Draagtas.jpg?fit=2000%2C2000&ssl=1","width":2000,"height":2000,"caption":"EarthLite Harmony Reiki DX Massagetafel Agate en Draagtas"},{"@type":"BreadcrumbList","@id":"https:\/\/touchproeurope.eu\/product\/earthlite-harmony-reiki-dx-massagetafel\/#breadcrumb","itemListElement":[{"@type":"ListItem","position":1,"name":"Home","item":"https:\/\/touchproeurope.eu\/"},{"@type":"ListItem","position":2,"name":"Winkel","item":"https:\/\/touchproeurope.eu\/winkel\/"},{"@type":"ListItem","position":3,"name":"EarthLite Harmony Reiki DX Massagetafel"}]},{"@type":"WebSite","@id":"https:\/\/touchproeurope.eu\/#website","url":"https:\/\/touchproeurope.eu\/","name":"Loja TouchPro Europa","description":"Tudo para o seu consult\u00f3rio com um toque profissional!","publisher":{"@id":"https:\/\/touchproeurope.eu\/#organization"},"alternateName":"TPE","potentialAction":[{"@type":"SearchAction","target":{"@type":"EntryPoint","urlTemplate":"https:\/\/touchproeurope.eu\/?s={search_term_string}"},"query-input":{"@type":"PropertyValueSpecification","valueRequired":true,"valueName":"search_term_string"}}],"inLanguage":"pt-PT"},{"@type":"Organization","@id":"https:\/\/touchproeurope.eu\/#organization","name":"TouchPro Europa BV","alternateName":"TPE","url":"https:\/\/touchproeurope.eu\/","logo":{"@type":"ImageObject","inLanguage":"pt-PT","@id":"https:\/\/touchproeurope.eu\/#\/schema\/logo\/image\/","url":"https:\/\/i0.wp.com\/touchproeurope.eu\/wp-content\/uploads\/2023\/10\/2b592c_b6944d80811246d987cc2c29accedf3f.png?fit=1417%2C531&ssl=1","contentUrl":"https:\/\/i0.wp.com\/touchproeurope.eu\/wp-content\/uploads\/2023\/10\/2b592c_b6944d80811246d987cc2c29accedf3f.png?fit=1417%2C531&ssl=1","width":1417,"height":531,"caption":"TouchPro Europe BV"},"image":{"@id":"https:\/\/touchproeurope.eu\/#\/schema\/logo\/image\/"},"sameAs":["https:\/\/www.facebook.com\/TouchproNederland\/?locale=nl_NL\/","https:\/\/www.instagram.com\/touchpro2016\/","https:\/\/www.linkedin.com\/company\/touchpro-europe-bv\/"],"description":"A TouchPro Europe Shop \u00e9 a loja de massagens da Europa. Vendemos produtos de massagem de alta qualidade a massagistas, pedicuros, fisioterapeutas, manicures, centros de bem-estar, cursos de forma\u00e7\u00e3o, etc. A TouchPro come\u00e7ou por ser uma pequena loja nos Pa\u00edses Baixos, mas agora transformou-se numa loja com clientes de toda a Europa. Oferecemos uma vasta gama de produtos de massagem, incluindo mesas de massagem, \u00f3leos, cremes e acess\u00f3rios de marcas de topo como Earthlite, Stronglite e InnerStrenght, Habys, Living Earth Crafts e Continuum e outros fornecedores de acess\u00f3rios de massagem. Encomende aqui os melhores artigos de massagem da Europa!","email":"info@touchpro-europe.com","telephone":"0858768829","legalName":"TouchPro Europe BV","foundingDate":"2018-01-11","vatID":"NL855430151B01","numberOfEmployees":{"@type":"QuantitativeValue","minValue":"1","maxValue":"10"},"hasMerchantReturnPolicy":{"@type":"MerchantReturnPolicy","merchantReturnLink":"https:\/\/touchproeurope.eu\/pt\/retourbeleid\/"}}]},"product_brand":"Earthlite","og_availability":"instock","product_availability":"instock","product_condition":"new"},"_links":{"self":[{"href":"https:\/\/touchproeurope.eu\/pt\/wp-json\/wp\/v2\/product\/1629","targetHints":{"allow":["GET"]}}],"collection":[{"href":"https:\/\/touchproeurope.eu\/pt\/wp-json\/wp\/v2\/product"}],"about":[{"href":"https:\/\/touchproeurope.eu\/pt\/wp-json\/wp\/v2\/types\/product"}],"replies":[{"embeddable":true,"href":"https:\/\/touchproeurope.eu\/pt\/wp-json\/wp\/v2\/comments?post=1629"}],"version-history":[{"count":6,"href":"https:\/\/touchproeurope.eu\/pt\/wp-json\/wp\/v2\/product\/1629\/revisions"}],"predecessor-version":[{"id":1758,"href":"https:\/\/touchproeurope.eu\/pt\/wp-json\/wp\/v2\/product\/1629\/revisions\/1758"}],"wp:featuredmedia":[{"embeddable":true,"href":"https:\/\/touchproeurope.eu\/pt\/wp-json\/wp\/v2\/media\/1641"}],"wp:attachment":[{"href":"https:\/\/touchproeurope.eu\/pt\/wp-json\/wp\/v2\/media?parent=1629"}],"wp:term":[{"taxonomy":"product_brand","embeddable":true,"href":"https:\/\/touchproeurope.eu\/pt\/wp-json\/wp\/v2\/product_brand?post=1629"},{"taxonomy":"product_cat","embeddable":true,"href":"https:\/\/touchproeurope.eu\/pt\/wp-json\/wp\/v2\/product_cat?post=1629"},{"taxonomy":"product_tag","embeddable":true,"href":"https:\/\/touchproeurope.eu\/pt\/wp-json\/wp\/v2\/product_tag?post=1629"}],"curies":[{"name":"wp","href":"https:\/\/api.w.org\/{rel}","templated":true}]}}