{"id":16424,"date":"2026-05-04T09:03:53","date_gmt":"2026-05-04T09:03:53","guid":{"rendered":"https:\/\/touchproeurope.eu\/?post_type=product&#038;p=16424"},"modified":"2026-05-12T09:31:02","modified_gmt":"2026-05-12T09:31:02","slug":"conjunto-de-massagem-de-4-pecas-em-madeira-dura","status":"publish","type":"product","link":"https:\/\/touchproeurope.eu\/pt\/product\/massageset-van-hardhout-4-delig\/","title":{"rendered":"Conjunto de massagem em madeira de lei, 4 pe\u00e7as"},"content":{"rendered":"<p data-start=\"227\" data-end=\"704\">O conjunto de massagem de madeira dura, 4 pe\u00e7as, \u00e9 um conjunto completo de ferramentas de massagem para o tratamento direcionado de pontos de gatilho, n\u00f3s musculares e \u00e1reas localizadas de tens\u00e3o. O conjunto foi concebido para trabalhar em profundidade e com precis\u00e3o nos tecidos, ao mesmo tempo que alivia as m\u00e3os, os polegares e os dedos do profissional. Isto torna o conjunto particularmente adequado para massagistas, fisioterapeutas, terapeutas desportivos, profissionais de bem-estar e utilizadores dom\u00e9sticos que pretendam trabalhar no relaxamento muscular direcionado.<\/p>\n<p data-start=\"706\" data-end=\"1386\">O conjunto \u00e9 composto por quatro instrumentos de massagem de madeira dura diferentes: um W\u00fcrfel \/ PRISMA em forma de 6 cantos, uma cruz de massagem em forma de T, o BIRDY ergon\u00f3mico e uma barra de massagem tradicional de reflexologia podal. Cada instrumento tem a sua pr\u00f3pria forma e aplica\u00e7\u00e3o. A ferramenta em forma de prisma pode atingir v\u00e1rios pontos de ativa\u00e7\u00e3o de uma s\u00f3 vez e pode ser usada para rolar sobre os bra\u00e7os, pernas e costas. A forma de T assenta firmemente na m\u00e3o e permite uma press\u00e3o poderosa e profunda. O BIRDY \u00e9 ideal para estimular os m\u00fasculos tensos com menos esfor\u00e7o, enquanto a varinha de reflexologia podal \u00e9 perfeita para um trabalho preciso nas zonas reflexas do p\u00e9.<\/p>\n<p data-start=\"1388\" data-end=\"1800\">Os pontos de gatilho parecem-se frequentemente com pequenos n\u00f3s, bandas duras ou pontos sens\u00edveis \u00e0 press\u00e3o no m\u00fasculo. Ao aumentar lentamente a press\u00e3o e ao manter a madeira de massagem no ponto de gatilho durante cerca de 30 segundos, a tens\u00e3o pode ser direcionada. Ap\u00f3s um breve intervalo, o tratamento pode ser repetido. Esta forma de trabalhar ajuda a penetrar profundamente no tecido sem colocar um esfor\u00e7o f\u00edsico desnecess\u00e1rio no praticante.<\/p>\n<p data-start=\"1802\" data-end=\"2139\">Gra\u00e7as \u00e0 madeira resistente e ao acabamento liso, os utens\u00edlios s\u00e3o duradouros, agrad\u00e1veis de utilizar e f\u00e1ceis de limpar. O conjunto \u00e9 compacto, vers\u00e1til e adequado tanto para uso pr\u00e1tico como para auto-massagem. Um conjunto b\u00e1sico pr\u00e1tico para quem trabalha com massagem de pontos de gatilho, reflexologia podal, massagem desportiva ou tratamento muscular profundo.<\/p>","protected":false},"excerpt":{"rendered":"<p>Conjunto de massagem de madeira dura com 4 pe\u00e7as para massagem de pontos de gatilho, tratamento muscular profundo e reflexologia podal. Inclui PRISMA, T-shape, BIRDY e vara de reflexologia podal. Ideal para uso profissional e em casa.<\/p>\n<p><strong>Tenha em aten\u00e7\u00e3o que os artigos Bodynova t\u00eam um prazo de entrega m\u00ednimo de 4-5 dias.<\/strong><\/p>","protected":false},"featured_media":16425,"comment_status":"open","ping_status":"closed","template":"","meta":[],"product_brand":[363],"product_cat":[99,607],"product_tag":[632,633,630,631],"class_list":{"0":"post-16424","1":"product","2":"type-product","3":"status-publish","4":"has-post-thumbnail","6":"product_brand-bodynova","7":"product_cat-accessoires","8":"product_cat-houten-accessoires","9":"product_tag-diepe-massage-tools","10":"product_tag-massagehulpmiddelen-professioneel","11":"product_tag-massageset-hardhout","12":"product_tag-triggerpoint-massage-set","13":"product_shipping_class-normaal-pakket","14":"pa_kleur-naturel-hout","15":"pa_merk-bodynova","17":"first","18":"instock","19":"taxable","20":"shipping-taxable","21":"purchasable","22":"product-type-simple"},"yoast_head":"<!-- This site is optimized with the Yoast SEO Premium plugin v27.6 (Yoast SEO v27.6) - https:\/\/yoast.com\/product\/yoast-seo-premium-wordpress\/ -->\n<title>Massageset van hardhout, 4-delig - TouchPro Europe Shop<\/title>\n<meta name=\"description\" content=\"Met de massageset van hardhout, 4-delig, behandel je effectief lokale spanningszones. Ervaar het gemak en de precisie die deze set biedt!\" \/>\n<meta name=\"robots\" content=\"index, follow, max-snippet:-1, max-image-preview:large, max-video-preview:-1\" \/>\n<link rel=\"canonical\" href=\"https:\/\/touchproeurope.eu\/pt\/product\/conjunto-de-massagem-de-4-pecas-em-madeira-dura\/\" \/>\n<meta property=\"og:locale\" content=\"pt_PT\" \/>\n<meta property=\"og:type\" content=\"article\" \/>\n<meta property=\"og:title\" content=\"Massageset van hardhout, 4-delig\" \/>\n<meta property=\"og:description\" content=\"Met de massageset van hardhout, 4-delig, behandel je effectief lokale spanningszones. Ervaar het gemak en de precisie die deze set biedt!\" \/>\n<meta property=\"og:url\" content=\"https:\/\/touchproeurope.eu\/pt\/product\/conjunto-de-massagem-de-4-pecas-em-madeira-dura\/\" \/>\n<meta property=\"og:site_name\" content=\"TouchPro Europe Shop\" \/>\n<meta property=\"article:publisher\" content=\"https:\/\/www.facebook.com\/TouchproNederland\/?locale=nl_NL%2f\" \/>\n<meta property=\"article:modified_time\" content=\"2026-05-12T09:31:02+00:00\" \/>\n<meta property=\"og:image\" content=\"https:\/\/touchproeurope.eu\/wp-content\/uploads\/2026\/05\/333x_spa_wellness_massagehilfe_aus_holz-e1777885778274.jpg\" \/>\n\t<meta property=\"og:image:width\" content=\"800\" \/>\n\t<meta property=\"og:image:height\" content=\"800\" \/>\n\t<meta property=\"og:image:type\" content=\"image\/jpeg\" \/>\n<meta name=\"twitter:card\" content=\"summary_large_image\" \/>\n<meta name=\"twitter:label1\" content=\"pre\u00e7o\" \/>\n\t<meta name=\"twitter:data1\" content=\"&euro;&nbsp;35,00 incl. BTW\" \/>\n\t<meta name=\"twitter:label2\" content=\"Disponibilidade\" \/>\n\t<meta name=\"twitter:data2\" content=\"Em stock\" \/>\n<script type=\"application\/ld+json\" class=\"yoast-schema-graph\">{\"@context\":\"https:\\\/\\\/schema.org\",\"@graph\":[{\"@type\":\"WebPage\",\"@id\":\"https:\\\/\\\/touchproeurope.eu\\\/product\\\/massageset-van-hardhout-4-delig\\\/\",\"url\":\"https:\\\/\\\/touchproeurope.eu\\\/product\\\/massageset-van-hardhout-4-delig\\\/\",\"name\":\"Massageset van hardhout, 4-delig - TouchPro Europe Shop\",\"isPartOf\":{\"@id\":\"https:\\\/\\\/touchproeurope.eu\\\/#website\"},\"primaryImageOfPage\":{\"@id\":\"https:\\\/\\\/touchproeurope.eu\\\/product\\\/massageset-van-hardhout-4-delig\\\/#primaryimage\"},\"image\":{\"@id\":\"https:\\\/\\\/touchproeurope.eu\\\/product\\\/massageset-van-hardhout-4-delig\\\/#primaryimage\"},\"thumbnailUrl\":\"https:\\\/\\\/i0.wp.com\\\/touchproeurope.eu\\\/wp-content\\\/uploads\\\/2026\\\/05\\\/333x_spa_wellness_massagehilfe_aus_holz-e1777885778274.jpg?fit=800%2C800&ssl=1\",\"datePublished\":\"2026-05-04T09:03:53+00:00\",\"dateModified\":\"2026-05-12T09:31:02+00:00\",\"description\":\"Met de massageset van hardhout, 4-delig, behandel je effectief lokale spanningszones. Ervaar het gemak en de precisie die deze set biedt!\",\"breadcrumb\":{\"@id\":\"https:\\\/\\\/touchproeurope.eu\\\/product\\\/massageset-van-hardhout-4-delig\\\/#breadcrumb\"},\"inLanguage\":\"pt-PT\",\"potentialAction\":[{\"@type\":\"ReadAction\",\"target\":[\"https:\\\/\\\/touchproeurope.eu\\\/product\\\/massageset-van-hardhout-4-delig\\\/\"]}]},{\"@type\":\"ImageObject\",\"inLanguage\":\"pt-PT\",\"@id\":\"https:\\\/\\\/touchproeurope.eu\\\/product\\\/massageset-van-hardhout-4-delig\\\/#primaryimage\",\"url\":\"https:\\\/\\\/i0.wp.com\\\/touchproeurope.eu\\\/wp-content\\\/uploads\\\/2026\\\/05\\\/333x_spa_wellness_massagehilfe_aus_holz-e1777885778274.jpg?fit=800%2C800&ssl=1\",\"contentUrl\":\"https:\\\/\\\/i0.wp.com\\\/touchproeurope.eu\\\/wp-content\\\/uploads\\\/2026\\\/05\\\/333x_spa_wellness_massagehilfe_aus_holz-e1777885778274.jpg?fit=800%2C800&ssl=1\",\"width\":800,\"height\":800,\"caption\":\"Massageset van hardhout, 4-delig\"},{\"@type\":\"BreadcrumbList\",\"@id\":\"https:\\\/\\\/touchproeurope.eu\\\/product\\\/massageset-van-hardhout-4-delig\\\/#breadcrumb\",\"itemListElement\":[{\"@type\":\"ListItem\",\"position\":1,\"name\":\"Home\",\"item\":\"https:\\\/\\\/touchproeurope.eu\\\/\"},{\"@type\":\"ListItem\",\"position\":2,\"name\":\"Winkel\",\"item\":\"https:\\\/\\\/touchproeurope.eu\\\/winkel\\\/\"},{\"@type\":\"ListItem\",\"position\":3,\"name\":\"Massageset van hardhout, 4-delig\"}]},{\"@type\":\"WebSite\",\"@id\":\"https:\\\/\\\/touchproeurope.eu\\\/#website\",\"url\":\"https:\\\/\\\/touchproeurope.eu\\\/\",\"name\":\"TouchPro Europe Shop\",\"description\":\"Alles voor jouw praktijk met een PROfessionele Touch!\",\"publisher\":{\"@id\":\"https:\\\/\\\/touchproeurope.eu\\\/#organization\"},\"alternateName\":\"TPE\",\"potentialAction\":[{\"@type\":\"SearchAction\",\"target\":{\"@type\":\"EntryPoint\",\"urlTemplate\":\"https:\\\/\\\/touchproeurope.eu\\\/?s={search_term_string}\"},\"query-input\":{\"@type\":\"PropertyValueSpecification\",\"valueRequired\":true,\"valueName\":\"search_term_string\"}}],\"inLanguage\":\"pt-PT\"},{\"@type\":\"Organization\",\"@id\":\"https:\\\/\\\/touchproeurope.eu\\\/#organization\",\"name\":\"TouchPro Europe BV\",\"alternateName\":\"TPE\",\"url\":\"https:\\\/\\\/touchproeurope.eu\\\/\",\"logo\":{\"@type\":\"ImageObject\",\"inLanguage\":\"pt-PT\",\"@id\":\"https:\\\/\\\/touchproeurope.eu\\\/#\\\/schema\\\/logo\\\/image\\\/\",\"url\":\"https:\\\/\\\/i0.wp.com\\\/touchproeurope.eu\\\/wp-content\\\/uploads\\\/2023\\\/10\\\/2b592c_b6944d80811246d987cc2c29accedf3f.png?fit=1417%2C531&ssl=1\",\"contentUrl\":\"https:\\\/\\\/i0.wp.com\\\/touchproeurope.eu\\\/wp-content\\\/uploads\\\/2023\\\/10\\\/2b592c_b6944d80811246d987cc2c29accedf3f.png?fit=1417%2C531&ssl=1\",\"width\":1417,\"height\":531,\"caption\":\"TouchPro Europe BV\"},\"image\":{\"@id\":\"https:\\\/\\\/touchproeurope.eu\\\/#\\\/schema\\\/logo\\\/image\\\/\"},\"sameAs\":[\"https:\\\/\\\/www.facebook.com\\\/TouchproNederland\\\/?locale=nl_NL\\\/\",\"https:\\\/\\\/www.instagram.com\\\/touchpro2016\\\/\",\"https:\\\/\\\/www.linkedin.com\\\/company\\\/touchpro-europe-bv\\\/\"],\"description\":\"TouchPro Europe Shop is de massage winkel van Europa. Wij verkopen topkwaliteit massageproducten aan masseurs, pedicures, fysiotherapeuten, manicuren, Wellness centra, opleidingen, etc. TouchPro begon als een kleine webshop in Nederland, maar is nu uitgegroeid tot een webshop met klanten uit heel Europa. Wij bieden een breed assortiment aan massageproducten, waaronder massagetafels, oli\u00ebn, cr\u00e8mes, en accessoires van topmerken, zoals Earthlite, Stronglite en InnerStrenght, Habys, Living Earth Crafts en Continuum en andere leveranciers van massage accessoires. Bestel hier de beste massagematerialen van Europa!\",\"email\":\"info@touchpro-europe.com\",\"telephone\":\"0858768829\",\"legalName\":\"TouchPro Europe BV\",\"foundingDate\":\"2018-01-11\",\"vatID\":\"NL855430151B01\",\"numberOfEmployees\":{\"@type\":\"QuantitativeValue\",\"minValue\":\"1\",\"maxValue\":\"10\"},\"hasMerchantReturnPolicy\":{\"@type\":\"MerchantReturnPolicy\",\"merchantReturnLink\":\"https:\\\/\\\/touchproeurope.eu\\\/pt\\\/retourbeleid\\\/\"}}]}<\/script>\n<meta property=\"product:brand\" content=\"Bodynova\" \/>\n<meta property=\"product:price:amount\" content=\"35.00\" \/>\n<meta property=\"product:price:currency\" content=\"EUR\" \/>\n<meta property=\"og:availability\" content=\"instock\" \/>\n<meta property=\"product:availability\" content=\"instock\" \/>\n<meta property=\"product:retailer_item_id\" content=\"333SET\" \/>\n<meta property=\"product:condition\" content=\"new\" \/>\n<!-- \/ Yoast SEO Premium plugin. -->","yoast_head_json":{"title":"Conjunto de massagem em madeira dura, 4 pe\u00e7as - TouchPro Europe Shop","description":"O conjunto de massagem em madeira de lei, 4 pe\u00e7as, trata eficazmente as zonas de tens\u00e3o localizadas. Experimente o conforto e a precis\u00e3o deste conjunto!","robots":{"index":"index","follow":"follow","max-snippet":"max-snippet:-1","max-image-preview":"max-image-preview:large","max-video-preview":"max-video-preview:-1"},"canonical":"https:\/\/touchproeurope.eu\/pt\/product\/conjunto-de-massagem-de-4-pecas-em-madeira-dura\/","og_locale":"pt_PT","og_type":"article","og_title":"Massageset van hardhout, 4-delig","og_description":"Met de massageset van hardhout, 4-delig, behandel je effectief lokale spanningszones. Ervaar het gemak en de precisie die deze set biedt!","og_url":"https:\/\/touchproeurope.eu\/pt\/product\/conjunto-de-massagem-de-4-pecas-em-madeira-dura\/","og_site_name":"TouchPro Europe Shop","article_publisher":"https:\/\/www.facebook.com\/TouchproNederland\/?locale=nl_NL%2f","article_modified_time":"2026-05-12T09:31:02+00:00","og_image":[{"width":800,"height":800,"url":"https:\/\/touchproeurope.eu\/wp-content\/uploads\/2026\/05\/333x_spa_wellness_massagehilfe_aus_holz-e1777885778274.jpg","type":"image\/jpeg"}],"twitter_card":"summary_large_image","twitter_misc":{"pre\u00e7o":"&euro;&nbsp;35,00 incl. BTW","Disponibilidade":"Em stock"},"schema":{"@context":"https:\/\/schema.org","@graph":[{"@type":"WebPage","@id":"https:\/\/touchproeurope.eu\/product\/massageset-van-hardhout-4-delig\/","url":"https:\/\/touchproeurope.eu\/product\/massageset-van-hardhout-4-delig\/","name":"Conjunto de massagem em madeira dura, 4 pe\u00e7as - TouchPro Europe Shop","isPartOf":{"@id":"https:\/\/touchproeurope.eu\/#website"},"primaryImageOfPage":{"@id":"https:\/\/touchproeurope.eu\/product\/massageset-van-hardhout-4-delig\/#primaryimage"},"image":{"@id":"https:\/\/touchproeurope.eu\/product\/massageset-van-hardhout-4-delig\/#primaryimage"},"thumbnailUrl":"https:\/\/i0.wp.com\/touchproeurope.eu\/wp-content\/uploads\/2026\/05\/333x_spa_wellness_massagehilfe_aus_holz-e1777885778274.jpg?fit=800%2C800&ssl=1","datePublished":"2026-05-04T09:03:53+00:00","dateModified":"2026-05-12T09:31:02+00:00","description":"O conjunto de massagem em madeira de lei, 4 pe\u00e7as, trata eficazmente as zonas de tens\u00e3o localizadas. Experimente o conforto e a precis\u00e3o deste conjunto!","breadcrumb":{"@id":"https:\/\/touchproeurope.eu\/product\/massageset-van-hardhout-4-delig\/#breadcrumb"},"inLanguage":"pt-PT","potentialAction":[{"@type":"ReadAction","target":["https:\/\/touchproeurope.eu\/product\/massageset-van-hardhout-4-delig\/"]}]},{"@type":"ImageObject","inLanguage":"pt-PT","@id":"https:\/\/touchproeurope.eu\/product\/massageset-van-hardhout-4-delig\/#primaryimage","url":"https:\/\/i0.wp.com\/touchproeurope.eu\/wp-content\/uploads\/2026\/05\/333x_spa_wellness_massagehilfe_aus_holz-e1777885778274.jpg?fit=800%2C800&ssl=1","contentUrl":"https:\/\/i0.wp.com\/touchproeurope.eu\/wp-content\/uploads\/2026\/05\/333x_spa_wellness_massagehilfe_aus_holz-e1777885778274.jpg?fit=800%2C800&ssl=1","width":800,"height":800,"caption":"Massageset van hardhout, 4-delig"},{"@type":"BreadcrumbList","@id":"https:\/\/touchproeurope.eu\/product\/massageset-van-hardhout-4-delig\/#breadcrumb","itemListElement":[{"@type":"ListItem","position":1,"name":"Home","item":"https:\/\/touchproeurope.eu\/"},{"@type":"ListItem","position":2,"name":"Winkel","item":"https:\/\/touchproeurope.eu\/winkel\/"},{"@type":"ListItem","position":3,"name":"Massageset van hardhout, 4-delig"}]},{"@type":"WebSite","@id":"https:\/\/touchproeurope.eu\/#website","url":"https:\/\/touchproeurope.eu\/","name":"Loja TouchPro Europa","description":"Tudo para o seu consult\u00f3rio com um toque profissional!","publisher":{"@id":"https:\/\/touchproeurope.eu\/#organization"},"alternateName":"TPE","potentialAction":[{"@type":"SearchAction","target":{"@type":"EntryPoint","urlTemplate":"https:\/\/touchproeurope.eu\/?s={search_term_string}"},"query-input":{"@type":"PropertyValueSpecification","valueRequired":true,"valueName":"search_term_string"}}],"inLanguage":"pt-PT"},{"@type":"Organization","@id":"https:\/\/touchproeurope.eu\/#organization","name":"TouchPro Europa BV","alternateName":"TPE","url":"https:\/\/touchproeurope.eu\/","logo":{"@type":"ImageObject","inLanguage":"pt-PT","@id":"https:\/\/touchproeurope.eu\/#\/schema\/logo\/image\/","url":"https:\/\/i0.wp.com\/touchproeurope.eu\/wp-content\/uploads\/2023\/10\/2b592c_b6944d80811246d987cc2c29accedf3f.png?fit=1417%2C531&ssl=1","contentUrl":"https:\/\/i0.wp.com\/touchproeurope.eu\/wp-content\/uploads\/2023\/10\/2b592c_b6944d80811246d987cc2c29accedf3f.png?fit=1417%2C531&ssl=1","width":1417,"height":531,"caption":"TouchPro Europe BV"},"image":{"@id":"https:\/\/touchproeurope.eu\/#\/schema\/logo\/image\/"},"sameAs":["https:\/\/www.facebook.com\/TouchproNederland\/?locale=nl_NL\/","https:\/\/www.instagram.com\/touchpro2016\/","https:\/\/www.linkedin.com\/company\/touchpro-europe-bv\/"],"description":"A TouchPro Europe Shop \u00e9 a loja de massagens da Europa. Vendemos produtos de massagem de alta qualidade a massagistas, pedicuros, fisioterapeutas, manicures, centros de bem-estar, cursos de forma\u00e7\u00e3o, etc. A TouchPro come\u00e7ou por ser uma pequena loja nos Pa\u00edses Baixos, mas agora transformou-se numa loja com clientes de toda a Europa. Oferecemos uma vasta gama de produtos de massagem, incluindo mesas de massagem, \u00f3leos, cremes e acess\u00f3rios de marcas de topo como Earthlite, Stronglite e InnerStrenght, Habys, Living Earth Crafts e Continuum e outros fornecedores de acess\u00f3rios de massagem. Encomende aqui os melhores artigos de massagem da Europa!","email":"info@touchpro-europe.com","telephone":"0858768829","legalName":"TouchPro Europe BV","foundingDate":"2018-01-11","vatID":"NL855430151B01","numberOfEmployees":{"@type":"QuantitativeValue","minValue":"1","maxValue":"10"},"hasMerchantReturnPolicy":{"@type":"MerchantReturnPolicy","merchantReturnLink":"https:\/\/touchproeurope.eu\/pt\/retourbeleid\/"}}]},"product_brand":"Bodynova","product_price_amount":"35.00","product_price_currency":"EUR","og_availability":"instock","product_availability":"instock","product_retailer_item_id":"333SET","product_condition":"new"},"_links":{"self":[{"href":"https:\/\/touchproeurope.eu\/pt\/wp-json\/wp\/v2\/product\/16424","targetHints":{"allow":["GET"]}}],"collection":[{"href":"https:\/\/touchproeurope.eu\/pt\/wp-json\/wp\/v2\/product"}],"about":[{"href":"https:\/\/touchproeurope.eu\/pt\/wp-json\/wp\/v2\/types\/product"}],"replies":[{"embeddable":true,"href":"https:\/\/touchproeurope.eu\/pt\/wp-json\/wp\/v2\/comments?post=16424"}],"version-history":[{"count":1,"href":"https:\/\/touchproeurope.eu\/pt\/wp-json\/wp\/v2\/product\/16424\/revisions"}],"predecessor-version":[{"id":16426,"href":"https:\/\/touchproeurope.eu\/pt\/wp-json\/wp\/v2\/product\/16424\/revisions\/16426"}],"wp:featuredmedia":[{"embeddable":true,"href":"https:\/\/touchproeurope.eu\/pt\/wp-json\/wp\/v2\/media\/16425"}],"wp:attachment":[{"href":"https:\/\/touchproeurope.eu\/pt\/wp-json\/wp\/v2\/media?parent=16424"}],"wp:term":[{"taxonomy":"product_brand","embeddable":true,"href":"https:\/\/touchproeurope.eu\/pt\/wp-json\/wp\/v2\/product_brand?post=16424"},{"taxonomy":"product_cat","embeddable":true,"href":"https:\/\/touchproeurope.eu\/pt\/wp-json\/wp\/v2\/product_cat?post=16424"},{"taxonomy":"product_tag","embeddable":true,"href":"https:\/\/touchproeurope.eu\/pt\/wp-json\/wp\/v2\/product_tag?post=16424"}],"curies":[{"name":"wp","href":"https:\/\/api.w.org\/{rel}","templated":true}]}}