{"id":2924,"date":"2023-11-09T15:58:30","date_gmt":"2023-11-09T15:58:30","guid":{"rendered":"https:\/\/touchproeurope.eu\/?post_type=product&#038;p=2924"},"modified":"2026-03-04T16:55:05","modified_gmt":"2026-03-04T16:55:05","slug":"liquido-de-limpeza-de-instrumentos-aysun","status":"publish","type":"product","link":"https:\/\/touchproeurope.eu\/pt\/product\/aysun-instrumenten-reinigingsvloeistof\/","title":{"rendered":"L\u00edquido de limpeza de instrumentos Aysun"},"content":{"rendered":"<p>Mantenha a sua cl\u00ednica e os seus materiais higi\u00e9nicos com o Aysun Instrument Cleaning Fluid - o produto de limpeza desinfetante profissional especialmente concebido para a limpeza de mesas, cadeiras e instrumentos de massagem na cl\u00ednica. Este produto inovador n\u00e3o s\u00f3 limpa como tamb\u00e9m desinfecta ao mesmo tempo.<\/p>\n<p>Este produto de limpeza desinfetante n\u00e3o cont\u00e9m \u00e1lcool, o que o torna suave para os estofos das cadeiras e mesas. Agora pode desfrutar de uma limpeza potente sem comprometer a durabilidade dos seus materiais. O l\u00edquido de limpeza de instrumentos Aysun \u00e9 a escolha ideal para manter a qualidade do seu equipamento de pr\u00e1tica.<\/p>\n<p>Esta f\u00f3rmula est\u00e1 pronta a ser utilizada imediatamente, poupando-lhe tempo precioso e facilitando a manuten\u00e7\u00e3o de um ambiente higi\u00e9nico. O l\u00edquido de limpeza de instrumentos Aysun \u00e9 um produto de limpeza e desinfetante num s\u00f3.<\/p>\n<p>Para garantir a sua seguran\u00e7a, tamb\u00e9m pode utilizar o <a href=\"https:\/\/touchproeurope.eu\/wp-content\/uploads\/2025\/05\/75.544_Instrumenten-reinigingsvloeistof_vs2.1_NL.pdf\">holand\u00eas<\/a> e <a href=\"https:\/\/touchproeurope.eu\/wp-content\/uploads\/2025\/05\/75.544_Instrumenten-reinigingsvloeistof_vs2.1_DE.pdf\">alem\u00e3o<\/a> encontrar instru\u00e7\u00f5es de seguran\u00e7a.<\/p>\n<p>Encomende agora e experimente por si pr\u00f3prio a limpeza e prote\u00e7\u00e3o profissionais oferecidas pelo l\u00edquido de limpeza da Aysun Instruments. Crie um ambiente de pr\u00e1tica que brilha com limpeza e higiene, tanto para os seus clientes como para si.<\/p>","protected":false},"excerpt":{"rendered":"<p class=\"ai-optimize-19\">Produto de limpeza desinfetante profissional para a limpeza de mesas de massagem, cadeiras e instrumentos na pr\u00e1tica. N\u00e3o cont\u00e9m \u00e1lcool, pelo que \u00e9 melhor para os estofos das cadeiras e mesas.<\/p>\n<p class=\"ai-optimize-20\">Tamb\u00e9m dispon\u00edvel na forma concentrada, em que o produto deve ser dilu\u00eddo com \u00e1gua (1:10). Ver produto <a href=\"https:\/\/touchproeurope.eu\/pt\/product\/aysun-wellness-micro-pure-50\/\">Micro Pure 50<\/a><\/p>","protected":false},"featured_media":15664,"comment_status":"open","ping_status":"closed","template":"","meta":[],"product_brand":[],"product_cat":[111],"product_tag":[191,123,190],"class_list":{"0":"post-2924","1":"product","2":"type-product","3":"status-publish","4":"has-post-thumbnail","6":"product_cat-hygiene-producten","7":"product_tag-1000ml","8":"product_tag-aysun","9":"product_tag-cleaner","10":"product_shipping_class-klein-pakket","12":"first","13":"instock","14":"taxable","15":"shipping-taxable","16":"purchasable","17":"product-type-simple"},"yoast_head":"<!-- This site is optimized with the Yoast SEO Premium plugin v27.3 (Yoast SEO v27.3) - https:\/\/yoast.com\/product\/yoast-seo-premium-wordpress\/ -->\n<title>Aysun Instrumenten reinigingsvloeistof - TouchPro Europe Shop<\/title>\n<meta name=\"description\" content=\"De Aysun Instrumenten reinigingsvloeistof is de perfecte reiniging voor praktijken, massagestoelen en massagetafels effectief en zonder alcohol ontdek het nu! Bestel hem hier bij TouchPro Europe Shop\" \/>\n<meta name=\"robots\" content=\"index, follow, max-snippet:-1, max-image-preview:large, max-video-preview:-1\" \/>\n<link rel=\"canonical\" href=\"https:\/\/touchproeurope.eu\/pt\/product\/liquido-de-limpeza-de-instrumentos-aysun\/\" \/>\n<meta property=\"og:locale\" content=\"pt_PT\" \/>\n<meta property=\"og:type\" content=\"article\" \/>\n<meta property=\"og:title\" content=\"Aysun Instrumenten reinigingsvloeistof\" \/>\n<meta property=\"og:description\" content=\"De Aysun Instrumenten reinigingsvloeistof is de perfecte reiniging voor praktijken, massagestoelen en massagetafels effectief en zonder alcohol ontdek het nu! Bestel hem hier bij TouchPro Europe Shop\" \/>\n<meta property=\"og:url\" content=\"https:\/\/touchproeurope.eu\/pt\/product\/liquido-de-limpeza-de-instrumentos-aysun\/\" \/>\n<meta property=\"og:site_name\" content=\"TouchPro Europe Shop\" \/>\n<meta property=\"article:publisher\" content=\"https:\/\/www.facebook.com\/TouchproNederland\/?locale=nl_NL%2f\" \/>\n<meta property=\"article:modified_time\" content=\"2026-03-04T16:55:05+00:00\" \/>\n<meta property=\"og:image\" content=\"https:\/\/touchproeurope.eu\/wp-content\/uploads\/2023\/11\/Product-afbeelding-1.jpg\" \/>\n\t<meta property=\"og:image:width\" content=\"800\" \/>\n\t<meta property=\"og:image:height\" content=\"800\" \/>\n\t<meta property=\"og:image:type\" content=\"image\/jpeg\" \/>\n<meta name=\"twitter:card\" content=\"summary_large_image\" \/>\n<meta name=\"twitter:label1\" content=\"pre\u00e7o\" \/>\n\t<meta name=\"twitter:data1\" content=\"&euro;&nbsp;12,50 incl. BTW\" \/>\n\t<meta name=\"twitter:label2\" content=\"Disponibilidade\" \/>\n\t<meta name=\"twitter:data2\" content=\"Em stock\" \/>\n<script type=\"application\/ld+json\" class=\"yoast-schema-graph\">{\"@context\":\"https:\\\/\\\/schema.org\",\"@graph\":[{\"@type\":\"WebPage\",\"@id\":\"https:\\\/\\\/touchproeurope.eu\\\/product\\\/aysun-instrumenten-reinigingsvloeistof\\\/\",\"url\":\"https:\\\/\\\/touchproeurope.eu\\\/product\\\/aysun-instrumenten-reinigingsvloeistof\\\/\",\"name\":\"Aysun Instrumenten reinigingsvloeistof - TouchPro Europe Shop\",\"isPartOf\":{\"@id\":\"https:\\\/\\\/touchproeurope.eu\\\/#website\"},\"primaryImageOfPage\":{\"@id\":\"https:\\\/\\\/touchproeurope.eu\\\/product\\\/aysun-instrumenten-reinigingsvloeistof\\\/#primaryimage\"},\"image\":{\"@id\":\"https:\\\/\\\/touchproeurope.eu\\\/product\\\/aysun-instrumenten-reinigingsvloeistof\\\/#primaryimage\"},\"thumbnailUrl\":\"https:\\\/\\\/i0.wp.com\\\/touchproeurope.eu\\\/wp-content\\\/uploads\\\/2023\\\/11\\\/Product-afbeelding-1.jpg?fit=800%2C800&ssl=1\",\"datePublished\":\"2023-11-09T15:58:30+00:00\",\"dateModified\":\"2026-03-04T16:55:05+00:00\",\"description\":\"De Aysun Instrumenten reinigingsvloeistof is de perfecte reiniging voor praktijken, massagestoelen en massagetafels effectief en zonder alcohol ontdek het nu! Bestel hem hier bij TouchPro Europe Shop\",\"breadcrumb\":{\"@id\":\"https:\\\/\\\/touchproeurope.eu\\\/product\\\/aysun-instrumenten-reinigingsvloeistof\\\/#breadcrumb\"},\"inLanguage\":\"pt-PT\",\"potentialAction\":[{\"@type\":\"ReadAction\",\"target\":[\"https:\\\/\\\/touchproeurope.eu\\\/product\\\/aysun-instrumenten-reinigingsvloeistof\\\/\"]}]},{\"@type\":\"ImageObject\",\"inLanguage\":\"pt-PT\",\"@id\":\"https:\\\/\\\/touchproeurope.eu\\\/product\\\/aysun-instrumenten-reinigingsvloeistof\\\/#primaryimage\",\"url\":\"https:\\\/\\\/i0.wp.com\\\/touchproeurope.eu\\\/wp-content\\\/uploads\\\/2023\\\/11\\\/Product-afbeelding-1.jpg?fit=800%2C800&ssl=1\",\"contentUrl\":\"https:\\\/\\\/i0.wp.com\\\/touchproeurope.eu\\\/wp-content\\\/uploads\\\/2023\\\/11\\\/Product-afbeelding-1.jpg?fit=800%2C800&ssl=1\",\"width\":800,\"height\":800,\"caption\":\"Instrumenten reinigingsvloeistof\"},{\"@type\":\"BreadcrumbList\",\"@id\":\"https:\\\/\\\/touchproeurope.eu\\\/product\\\/aysun-instrumenten-reinigingsvloeistof\\\/#breadcrumb\",\"itemListElement\":[{\"@type\":\"ListItem\",\"position\":1,\"name\":\"Home\",\"item\":\"https:\\\/\\\/touchproeurope.eu\\\/\"},{\"@type\":\"ListItem\",\"position\":2,\"name\":\"Winkel\",\"item\":\"https:\\\/\\\/touchproeurope.eu\\\/winkel\\\/\"},{\"@type\":\"ListItem\",\"position\":3,\"name\":\"Aysun Instrumenten reinigingsvloeistof\"}]},{\"@type\":\"WebSite\",\"@id\":\"https:\\\/\\\/touchproeurope.eu\\\/#website\",\"url\":\"https:\\\/\\\/touchproeurope.eu\\\/\",\"name\":\"TouchPro Europe Shop\",\"description\":\"Alles voor jouw praktijk met een PROfessionele Touch!\",\"publisher\":{\"@id\":\"https:\\\/\\\/touchproeurope.eu\\\/#organization\"},\"alternateName\":\"TPE\",\"potentialAction\":[{\"@type\":\"SearchAction\",\"target\":{\"@type\":\"EntryPoint\",\"urlTemplate\":\"https:\\\/\\\/touchproeurope.eu\\\/?s={search_term_string}\"},\"query-input\":{\"@type\":\"PropertyValueSpecification\",\"valueRequired\":true,\"valueName\":\"search_term_string\"}}],\"inLanguage\":\"pt-PT\"},{\"@type\":\"Organization\",\"@id\":\"https:\\\/\\\/touchproeurope.eu\\\/#organization\",\"name\":\"TouchPro Europe BV\",\"alternateName\":\"TPE\",\"url\":\"https:\\\/\\\/touchproeurope.eu\\\/\",\"logo\":{\"@type\":\"ImageObject\",\"inLanguage\":\"pt-PT\",\"@id\":\"https:\\\/\\\/touchproeurope.eu\\\/#\\\/schema\\\/logo\\\/image\\\/\",\"url\":\"https:\\\/\\\/i0.wp.com\\\/touchproeurope.eu\\\/wp-content\\\/uploads\\\/2023\\\/10\\\/2b592c_b6944d80811246d987cc2c29accedf3f.png?fit=1417%2C531&ssl=1\",\"contentUrl\":\"https:\\\/\\\/i0.wp.com\\\/touchproeurope.eu\\\/wp-content\\\/uploads\\\/2023\\\/10\\\/2b592c_b6944d80811246d987cc2c29accedf3f.png?fit=1417%2C531&ssl=1\",\"width\":1417,\"height\":531,\"caption\":\"TouchPro Europe BV\"},\"image\":{\"@id\":\"https:\\\/\\\/touchproeurope.eu\\\/#\\\/schema\\\/logo\\\/image\\\/\"},\"sameAs\":[\"https:\\\/\\\/www.facebook.com\\\/TouchproNederland\\\/?locale=nl_NL\\\/\",\"https:\\\/\\\/www.instagram.com\\\/touchpro2016\\\/\",\"https:\\\/\\\/www.linkedin.com\\\/company\\\/touchpro-europe-bv\\\/\"],\"description\":\"TouchPro Europe Shop is de massage winkel van Europa. Wij verkopen topkwaliteit massageproducten aan masseurs, pedicures, fysiotherapeuten, manicuren, Wellness centra, opleidingen, etc. TouchPro begon als een kleine webshop in Nederland, maar is nu uitgegroeid tot een webshop met klanten uit heel Europa. Wij bieden een breed assortiment aan massageproducten, waaronder massagetafels, oli\u00ebn, cr\u00e8mes, en accessoires van topmerken, zoals Earthlite, Stronglite en InnerStrenght, Habys, Living Earth Crafts en Continuum en andere leveranciers van massage accessoires. Bestel hier de beste massagematerialen van Europa!\",\"email\":\"info@touchpro-europe.com\",\"telephone\":\"0858768829\",\"legalName\":\"TouchPro Europe BV\",\"foundingDate\":\"2018-01-11\",\"vatID\":\"NL855430151B01\",\"numberOfEmployees\":{\"@type\":\"QuantitativeValue\",\"minValue\":\"1\",\"maxValue\":\"10\"},\"hasMerchantReturnPolicy\":{\"@type\":\"MerchantReturnPolicy\",\"merchantReturnLink\":\"https:\\\/\\\/touchproeurope.eu\\\/pt\\\/retourbeleid\\\/\"}}]}<\/script>\n<meta property=\"product:price:amount\" content=\"12.50\" \/>\n<meta property=\"product:price:currency\" content=\"EUR\" \/>\n<meta property=\"og:availability\" content=\"instock\" \/>\n<meta property=\"product:availability\" content=\"instock\" \/>\n<meta property=\"product:retailer_item_id\" content=\"50014\" \/>\n<meta property=\"product:condition\" content=\"new\" \/>\n<!-- \/ Yoast SEO Premium plugin. -->","yoast_head_json":{"title":"L\u00edquido de limpeza de instrumentos Aysun - TouchPro Europe Shop","description":"O l\u00edquido de limpeza de instrumentos Aysun \u00e9 a limpeza perfeita para consult\u00f3rios, cadeiras de massagem e mesas de massagem, de forma eficaz e sem \u00e1lcool. Encomende-o aqui na TouchPro Europe Shop","robots":{"index":"index","follow":"follow","max-snippet":"max-snippet:-1","max-image-preview":"max-image-preview:large","max-video-preview":"max-video-preview:-1"},"canonical":"https:\/\/touchproeurope.eu\/pt\/product\/liquido-de-limpeza-de-instrumentos-aysun\/","og_locale":"pt_PT","og_type":"article","og_title":"Aysun Instrumenten reinigingsvloeistof","og_description":"De Aysun Instrumenten reinigingsvloeistof is de perfecte reiniging voor praktijken, massagestoelen en massagetafels effectief en zonder alcohol ontdek het nu! Bestel hem hier bij TouchPro Europe Shop","og_url":"https:\/\/touchproeurope.eu\/pt\/product\/liquido-de-limpeza-de-instrumentos-aysun\/","og_site_name":"TouchPro Europe Shop","article_publisher":"https:\/\/www.facebook.com\/TouchproNederland\/?locale=nl_NL%2f","article_modified_time":"2026-03-04T16:55:05+00:00","og_image":[{"width":800,"height":800,"url":"https:\/\/touchproeurope.eu\/wp-content\/uploads\/2023\/11\/Product-afbeelding-1.jpg","type":"image\/jpeg"}],"twitter_card":"summary_large_image","twitter_misc":{"pre\u00e7o":"&euro;&nbsp;12,50 incl. BTW","Disponibilidade":"Em stock"},"schema":{"@context":"https:\/\/schema.org","@graph":[{"@type":"WebPage","@id":"https:\/\/touchproeurope.eu\/product\/aysun-instrumenten-reinigingsvloeistof\/","url":"https:\/\/touchproeurope.eu\/product\/aysun-instrumenten-reinigingsvloeistof\/","name":"L\u00edquido de limpeza de instrumentos Aysun - TouchPro Europe Shop","isPartOf":{"@id":"https:\/\/touchproeurope.eu\/#website"},"primaryImageOfPage":{"@id":"https:\/\/touchproeurope.eu\/product\/aysun-instrumenten-reinigingsvloeistof\/#primaryimage"},"image":{"@id":"https:\/\/touchproeurope.eu\/product\/aysun-instrumenten-reinigingsvloeistof\/#primaryimage"},"thumbnailUrl":"https:\/\/i0.wp.com\/touchproeurope.eu\/wp-content\/uploads\/2023\/11\/Product-afbeelding-1.jpg?fit=800%2C800&ssl=1","datePublished":"2023-11-09T15:58:30+00:00","dateModified":"2026-03-04T16:55:05+00:00","description":"O l\u00edquido de limpeza de instrumentos Aysun \u00e9 a limpeza perfeita para consult\u00f3rios, cadeiras de massagem e mesas de massagem, de forma eficaz e sem \u00e1lcool. Encomende-o aqui na TouchPro Europe Shop","breadcrumb":{"@id":"https:\/\/touchproeurope.eu\/product\/aysun-instrumenten-reinigingsvloeistof\/#breadcrumb"},"inLanguage":"pt-PT","potentialAction":[{"@type":"ReadAction","target":["https:\/\/touchproeurope.eu\/product\/aysun-instrumenten-reinigingsvloeistof\/"]}]},{"@type":"ImageObject","inLanguage":"pt-PT","@id":"https:\/\/touchproeurope.eu\/product\/aysun-instrumenten-reinigingsvloeistof\/#primaryimage","url":"https:\/\/i0.wp.com\/touchproeurope.eu\/wp-content\/uploads\/2023\/11\/Product-afbeelding-1.jpg?fit=800%2C800&ssl=1","contentUrl":"https:\/\/i0.wp.com\/touchproeurope.eu\/wp-content\/uploads\/2023\/11\/Product-afbeelding-1.jpg?fit=800%2C800&ssl=1","width":800,"height":800,"caption":"Instrumenten reinigingsvloeistof"},{"@type":"BreadcrumbList","@id":"https:\/\/touchproeurope.eu\/product\/aysun-instrumenten-reinigingsvloeistof\/#breadcrumb","itemListElement":[{"@type":"ListItem","position":1,"name":"Home","item":"https:\/\/touchproeurope.eu\/"},{"@type":"ListItem","position":2,"name":"Winkel","item":"https:\/\/touchproeurope.eu\/winkel\/"},{"@type":"ListItem","position":3,"name":"Aysun Instrumenten reinigingsvloeistof"}]},{"@type":"WebSite","@id":"https:\/\/touchproeurope.eu\/#website","url":"https:\/\/touchproeurope.eu\/","name":"Loja TouchPro Europa","description":"Tudo para o seu consult\u00f3rio com um toque profissional!","publisher":{"@id":"https:\/\/touchproeurope.eu\/#organization"},"alternateName":"TPE","potentialAction":[{"@type":"SearchAction","target":{"@type":"EntryPoint","urlTemplate":"https:\/\/touchproeurope.eu\/?s={search_term_string}"},"query-input":{"@type":"PropertyValueSpecification","valueRequired":true,"valueName":"search_term_string"}}],"inLanguage":"pt-PT"},{"@type":"Organization","@id":"https:\/\/touchproeurope.eu\/#organization","name":"TouchPro Europa BV","alternateName":"TPE","url":"https:\/\/touchproeurope.eu\/","logo":{"@type":"ImageObject","inLanguage":"pt-PT","@id":"https:\/\/touchproeurope.eu\/#\/schema\/logo\/image\/","url":"https:\/\/i0.wp.com\/touchproeurope.eu\/wp-content\/uploads\/2023\/10\/2b592c_b6944d80811246d987cc2c29accedf3f.png?fit=1417%2C531&ssl=1","contentUrl":"https:\/\/i0.wp.com\/touchproeurope.eu\/wp-content\/uploads\/2023\/10\/2b592c_b6944d80811246d987cc2c29accedf3f.png?fit=1417%2C531&ssl=1","width":1417,"height":531,"caption":"TouchPro Europe BV"},"image":{"@id":"https:\/\/touchproeurope.eu\/#\/schema\/logo\/image\/"},"sameAs":["https:\/\/www.facebook.com\/TouchproNederland\/?locale=nl_NL\/","https:\/\/www.instagram.com\/touchpro2016\/","https:\/\/www.linkedin.com\/company\/touchpro-europe-bv\/"],"description":"A TouchPro Europe Shop \u00e9 a loja de massagens da Europa. Vendemos produtos de massagem de alta qualidade a massagistas, pedicuros, fisioterapeutas, manicures, centros de bem-estar, cursos de forma\u00e7\u00e3o, etc. A TouchPro come\u00e7ou por ser uma pequena loja nos Pa\u00edses Baixos, mas agora transformou-se numa loja com clientes de toda a Europa. Oferecemos uma vasta gama de produtos de massagem, incluindo mesas de massagem, \u00f3leos, cremes e acess\u00f3rios de marcas de topo como Earthlite, Stronglite e InnerStrenght, Habys, Living Earth Crafts e Continuum e outros fornecedores de acess\u00f3rios de massagem. Encomende aqui os melhores artigos de massagem da Europa!","email":"info@touchpro-europe.com","telephone":"0858768829","legalName":"TouchPro Europe BV","foundingDate":"2018-01-11","vatID":"NL855430151B01","numberOfEmployees":{"@type":"QuantitativeValue","minValue":"1","maxValue":"10"},"hasMerchantReturnPolicy":{"@type":"MerchantReturnPolicy","merchantReturnLink":"https:\/\/touchproeurope.eu\/pt\/retourbeleid\/"}}]},"product_price_amount":"12.50","product_price_currency":"EUR","og_availability":"instock","product_availability":"instock","product_retailer_item_id":"50014","product_condition":"new"},"_links":{"self":[{"href":"https:\/\/touchproeurope.eu\/pt\/wp-json\/wp\/v2\/product\/2924","targetHints":{"allow":["GET"]}}],"collection":[{"href":"https:\/\/touchproeurope.eu\/pt\/wp-json\/wp\/v2\/product"}],"about":[{"href":"https:\/\/touchproeurope.eu\/pt\/wp-json\/wp\/v2\/types\/product"}],"replies":[{"embeddable":true,"href":"https:\/\/touchproeurope.eu\/pt\/wp-json\/wp\/v2\/comments?post=2924"}],"version-history":[{"count":8,"href":"https:\/\/touchproeurope.eu\/pt\/wp-json\/wp\/v2\/product\/2924\/revisions"}],"predecessor-version":[{"id":15666,"href":"https:\/\/touchproeurope.eu\/pt\/wp-json\/wp\/v2\/product\/2924\/revisions\/15666"}],"wp:featuredmedia":[{"embeddable":true,"href":"https:\/\/touchproeurope.eu\/pt\/wp-json\/wp\/v2\/media\/15664"}],"wp:attachment":[{"href":"https:\/\/touchproeurope.eu\/pt\/wp-json\/wp\/v2\/media?parent=2924"}],"wp:term":[{"taxonomy":"product_brand","embeddable":true,"href":"https:\/\/touchproeurope.eu\/pt\/wp-json\/wp\/v2\/product_brand?post=2924"},{"taxonomy":"product_cat","embeddable":true,"href":"https:\/\/touchproeurope.eu\/pt\/wp-json\/wp\/v2\/product_cat?post=2924"},{"taxonomy":"product_tag","embeddable":true,"href":"https:\/\/touchproeurope.eu\/pt\/wp-json\/wp\/v2\/product_tag?post=2924"}],"curies":[{"name":"wp","href":"https:\/\/api.w.org\/{rel}","templated":true}]}}