{"id":2934,"date":"2023-11-09T15:58:55","date_gmt":"2023-11-09T15:58:55","guid":{"rendered":"https:\/\/touchproeurope.eu\/?post_type=product&#038;p=2934"},"modified":"2026-04-22T14:51:21","modified_gmt":"2026-04-22T14:51:21","slug":"earthlite-spirit-pregnancy-massagetafel","status":"publish","type":"product","link":"https:\/\/touchproeurope.eu\/pt\/product\/earthlite-spirit-pregnancy-massagetafel\/","title":{"rendered":"Mesa de massagem para gravidez Earthlite Spirit"},"content":{"rendered":"<p>Ontdek het ultieme comfort en ondersteuning met de Earthlite Spirit Pregnancy massagetafel. Speciaal ontworpen voor zwangerschapsmassages, biedt deze inklapbare behandeltafel een onge\u00ebvenaarde ervaring voor aanstaande moeders. Maar dat is niet alles. De veelzijdigheid van deze tafel maakt het ook perfect voor reguliere behandelingen.<\/p>\n<p>Met het uitneembare borstkussen geniet je van drukvrije ontspanning in buikligging, terwijl het brede elastiek je buik optimaal ondersteunt. Voel de kwaliteit en functionaliteit die de Earthlite Spirit te bieden heeft, waardoor het een essentieel instrument is voor zwangerschapsmassages.<\/p>\n<p>Het pakket bevat niet alleen de Earthlite Spirit Pregnancy massagetafel, maar ook een Flexrest hoofdsteun met LEC Strata traagschuim hoofdkussen en een professionele draagtas met handig opbergvak.<\/p>\n<p>Met een gewicht van slechts 15,5 tot 17 kg (afhankelijk van de breedtemaat) en een verstelbare hoogte van 58 tot 84 cm, is deze tafel niet alleen functioneel maar ook gemakkelijk te hanteren. De uitsparing voor borst en buik, de breedte van 76 of 81 cm en de totale toelaatbare werkbelasting van 360 kg maken deze tafel ideaal voor diverse behandelingen.<\/p>\n<p>Geniet van extra functies zoals de Shiatsu Release-optie, het ProPlush Deluxe 3-laags kussen, en de full Reiki eindplaten. De Earthlite Spirit is bekleed volgens de Stitched Fit-methode, wat zorgt voor duurzaamheid en stijl.<\/p>\n<p>Ervaar de perfecte combinatie van comfort, gemak en veelzijdigheid met de Earthlite Spirit Pregnancy massagetafel &#8211; jouw partner in wellness. Bestel nu en geef jouw cli\u00ebnten de behandeling die ze verdienen!<\/p>","protected":false},"excerpt":{"rendered":"<p><strong>De Earthlite Spirit Pregnancy massagetafel<\/strong> &#8211; Een speciaal ontworpen, inklapbare behandeltafel, die optimaal comfort en ondersteuning biedt tijdens zwangerschapsmassages. Tegelijkertijd is deze massagetafel zeer geschikt voor reguliere behandelingen. Het uitneembare borstkussen zorgt ervoor, dat de borsten ook vrij van druk blijven in de buikligging. Het gevlochten brede elastiek ondersteunt de buik goed tijdens de massage. Ervaar de kwaliteit en functionaliteit van de Earthlite Spirit Pregnancy massagetafel, ideaal voor zwangerschapsmassages.<\/p>\n<p>O pacote \u00e9 composto por:<\/p>\n<ul>\n<li>De Earthlite Spirit Pregnancy massagetafe<\/li>\n<li>Apoio de cabe\u00e7a Flexrest com almofada de espuma viscoel\u00e1stica LEC Strata<\/li>\n<li>Mala de transporte profissional a condizer com compartimento de arruma\u00e7\u00e3o<\/li>\n<\/ul>\n<p>Product eigenschappen:<\/p>\n<ul>\n<li>Gewicht 15,5 of 17 kg; afhankelijk van de breedtemaat<\/li>\n<li>Uitsparing voor borst en buik voor zwangere vrouwen<\/li>\n<li>Breedte: 76 of 81 cm<\/li>\n<li>Comprimento: 185 cm<\/li>\n<li>altura regul\u00e1vel de 58 a 84 cm<\/li>\n<li>Peso total de trabalho admiss\u00edvel 360 kg<\/li>\n<li>Op\u00e7\u00e3o de liberta\u00e7\u00e3o Shiatsu<\/li>\n<li>Almofada ProPlush Deluxe de 3 camadas<\/li>\n<li>Equipado com placas terminais Reiki completas<\/li>\n<li>Bekleed met de Stitched Fit-methode<\/li>\n<li>Folha de venda oficial: <a href=\"https:\/\/b2b.earthlite.eu\/media\/wysiwyg\/SalesSheets\/Spirit_1-300-0069_-_Rev_092220.pdf\" target=\"_blank\" rel=\"noopener\">Novo Esp\u00edrito Reiki<\/a><\/li>\n<\/ul>","protected":false},"featured_media":2933,"comment_status":"open","ping_status":"closed","template":"","meta":[],"product_brand":[343],"product_cat":[94,93],"product_tag":[85,39,116,90],"class_list":{"0":"post-2934","1":"product","2":"type-product","3":"status-publish","4":"has-post-thumbnail","6":"product_brand-earthlite","7":"product_cat-draagbare-massagetafels","8":"product_cat-massagetafels","9":"product_tag-earthlite","10":"product_tag-massagetafel","11":"product_tag-pregnancy","12":"product_tag-spirit","13":"product_shipping_class-groot-pakket","14":"pa_kleur-zwart","15":"pa_merk-earthlite","17":"first","18":"onbackorder","19":"taxable","20":"shipping-taxable","21":"purchasable","22":"product-type-variable"},"yoast_head":"<!-- This site is optimized with the Yoast SEO Premium plugin v27.4 (Yoast SEO v27.4) - https:\/\/yoast.com\/product\/yoast-seo-premium-wordpress\/ -->\n<title>Earthlite Spirit Pregnancy Massagetafel - TouchPro Europe Shop<\/title>\n<meta name=\"description\" content=\"Ontdek het ultieme comfort en ondersteuning met de Earthlite Spirit Pregnancy massagetafel. Speciaal ontworpen voor zwangerschapsmassages.\" \/>\n<meta name=\"robots\" content=\"index, follow, max-snippet:-1, max-image-preview:large, max-video-preview:-1\" \/>\n<link rel=\"canonical\" href=\"https:\/\/touchproeurope.eu\/pt\/product\/earthlite-spirit-pregnancy-massagetafel\/\" \/>\n<meta property=\"og:locale\" content=\"pt_PT\" \/>\n<meta property=\"og:type\" content=\"article\" \/>\n<meta property=\"og:title\" content=\"Earthlite Spirit Pregnancy Massagetafel\" \/>\n<meta property=\"og:description\" content=\"Ontdek het ultieme comfort en ondersteuning met de Earthlite Spirit Pregnancy massagetafel. Speciaal ontworpen voor zwangerschapsmassages.\" \/>\n<meta property=\"og:url\" content=\"https:\/\/touchproeurope.eu\/pt\/product\/earthlite-spirit-pregnancy-massagetafel\/\" \/>\n<meta property=\"og:site_name\" content=\"TouchPro Europe Shop\" \/>\n<meta property=\"article:publisher\" content=\"https:\/\/www.facebook.com\/TouchproNederland\/?locale=nl_NL%2f\" \/>\n<meta property=\"article:modified_time\" content=\"2026-04-22T14:51:21+00:00\" \/>\n<meta property=\"og:image\" content=\"https:\/\/touchproeurope.eu\/wp-content\/uploads\/2023\/11\/3099762767.jpg\" \/>\n\t<meta property=\"og:image:width\" content=\"2000\" \/>\n\t<meta property=\"og:image:height\" content=\"2000\" \/>\n\t<meta property=\"og:image:type\" content=\"image\/jpeg\" \/>\n<meta name=\"twitter:card\" content=\"summary_large_image\" \/>\n<meta name=\"twitter:label1\" content=\"Disponibilidade\" \/>\n\t<meta name=\"twitter:data1\" content=\"Por encomenda\" \/>\n<script type=\"application\/ld+json\" class=\"yoast-schema-graph\">{\"@context\":\"https:\\\/\\\/schema.org\",\"@graph\":[{\"@type\":\"WebPage\",\"@id\":\"https:\\\/\\\/touchproeurope.eu\\\/product\\\/earthlite-spirit-pregnancy-massagetafel\\\/\",\"url\":\"https:\\\/\\\/touchproeurope.eu\\\/product\\\/earthlite-spirit-pregnancy-massagetafel\\\/\",\"name\":\"Earthlite Spirit Pregnancy Massagetafel - TouchPro Europe Shop\",\"isPartOf\":{\"@id\":\"https:\\\/\\\/touchproeurope.eu\\\/#website\"},\"primaryImageOfPage\":{\"@id\":\"https:\\\/\\\/touchproeurope.eu\\\/product\\\/earthlite-spirit-pregnancy-massagetafel\\\/#primaryimage\"},\"image\":{\"@id\":\"https:\\\/\\\/touchproeurope.eu\\\/product\\\/earthlite-spirit-pregnancy-massagetafel\\\/#primaryimage\"},\"thumbnailUrl\":\"https:\\\/\\\/i0.wp.com\\\/touchproeurope.eu\\\/wp-content\\\/uploads\\\/2023\\\/11\\\/3099762767.jpg?fit=2000%2C2000&ssl=1\",\"datePublished\":\"2023-11-09T15:58:55+00:00\",\"dateModified\":\"2026-04-22T14:51:21+00:00\",\"description\":\"Ontdek het ultieme comfort en ondersteuning met de Earthlite Spirit Pregnancy massagetafel. Speciaal ontworpen voor zwangerschapsmassages.\",\"breadcrumb\":{\"@id\":\"https:\\\/\\\/touchproeurope.eu\\\/product\\\/earthlite-spirit-pregnancy-massagetafel\\\/#breadcrumb\"},\"inLanguage\":\"pt-PT\",\"potentialAction\":[{\"@type\":\"ReadAction\",\"target\":[\"https:\\\/\\\/touchproeurope.eu\\\/product\\\/earthlite-spirit-pregnancy-massagetafel\\\/\"]}]},{\"@type\":\"ImageObject\",\"inLanguage\":\"pt-PT\",\"@id\":\"https:\\\/\\\/touchproeurope.eu\\\/product\\\/earthlite-spirit-pregnancy-massagetafel\\\/#primaryimage\",\"url\":\"https:\\\/\\\/i0.wp.com\\\/touchproeurope.eu\\\/wp-content\\\/uploads\\\/2023\\\/11\\\/3099762767.jpg?fit=2000%2C2000&ssl=1\",\"contentUrl\":\"https:\\\/\\\/i0.wp.com\\\/touchproeurope.eu\\\/wp-content\\\/uploads\\\/2023\\\/11\\\/3099762767.jpg?fit=2000%2C2000&ssl=1\",\"width\":2000,\"height\":2000,\"caption\":\"Earthlite Spirit Pregnancy Massagetafel\"},{\"@type\":\"BreadcrumbList\",\"@id\":\"https:\\\/\\\/touchproeurope.eu\\\/product\\\/earthlite-spirit-pregnancy-massagetafel\\\/#breadcrumb\",\"itemListElement\":[{\"@type\":\"ListItem\",\"position\":1,\"name\":\"Home\",\"item\":\"https:\\\/\\\/touchproeurope.eu\\\/\"},{\"@type\":\"ListItem\",\"position\":2,\"name\":\"Winkel\",\"item\":\"https:\\\/\\\/touchproeurope.eu\\\/winkel\\\/\"},{\"@type\":\"ListItem\",\"position\":3,\"name\":\"Earthlite Spirit Pregnancy Massagetafel\"}]},{\"@type\":\"WebSite\",\"@id\":\"https:\\\/\\\/touchproeurope.eu\\\/#website\",\"url\":\"https:\\\/\\\/touchproeurope.eu\\\/\",\"name\":\"TouchPro Europe Shop\",\"description\":\"Alles voor jouw praktijk met een PROfessionele Touch!\",\"publisher\":{\"@id\":\"https:\\\/\\\/touchproeurope.eu\\\/#organization\"},\"alternateName\":\"TPE\",\"potentialAction\":[{\"@type\":\"SearchAction\",\"target\":{\"@type\":\"EntryPoint\",\"urlTemplate\":\"https:\\\/\\\/touchproeurope.eu\\\/?s={search_term_string}\"},\"query-input\":{\"@type\":\"PropertyValueSpecification\",\"valueRequired\":true,\"valueName\":\"search_term_string\"}}],\"inLanguage\":\"pt-PT\"},{\"@type\":\"Organization\",\"@id\":\"https:\\\/\\\/touchproeurope.eu\\\/#organization\",\"name\":\"TouchPro Europe BV\",\"alternateName\":\"TPE\",\"url\":\"https:\\\/\\\/touchproeurope.eu\\\/\",\"logo\":{\"@type\":\"ImageObject\",\"inLanguage\":\"pt-PT\",\"@id\":\"https:\\\/\\\/touchproeurope.eu\\\/#\\\/schema\\\/logo\\\/image\\\/\",\"url\":\"https:\\\/\\\/i0.wp.com\\\/touchproeurope.eu\\\/wp-content\\\/uploads\\\/2023\\\/10\\\/2b592c_b6944d80811246d987cc2c29accedf3f.png?fit=1417%2C531&ssl=1\",\"contentUrl\":\"https:\\\/\\\/i0.wp.com\\\/touchproeurope.eu\\\/wp-content\\\/uploads\\\/2023\\\/10\\\/2b592c_b6944d80811246d987cc2c29accedf3f.png?fit=1417%2C531&ssl=1\",\"width\":1417,\"height\":531,\"caption\":\"TouchPro Europe BV\"},\"image\":{\"@id\":\"https:\\\/\\\/touchproeurope.eu\\\/#\\\/schema\\\/logo\\\/image\\\/\"},\"sameAs\":[\"https:\\\/\\\/www.facebook.com\\\/TouchproNederland\\\/?locale=nl_NL\\\/\",\"https:\\\/\\\/www.instagram.com\\\/touchpro2016\\\/\",\"https:\\\/\\\/www.linkedin.com\\\/company\\\/touchpro-europe-bv\\\/\"],\"description\":\"TouchPro Europe Shop is de massage winkel van Europa. Wij verkopen topkwaliteit massageproducten aan masseurs, pedicures, fysiotherapeuten, manicuren, Wellness centra, opleidingen, etc. TouchPro begon als een kleine webshop in Nederland, maar is nu uitgegroeid tot een webshop met klanten uit heel Europa. Wij bieden een breed assortiment aan massageproducten, waaronder massagetafels, oli\u00ebn, cr\u00e8mes, en accessoires van topmerken, zoals Earthlite, Stronglite en InnerStrenght, Habys, Living Earth Crafts en Continuum en andere leveranciers van massage accessoires. Bestel hier de beste massagematerialen van Europa!\",\"email\":\"info@touchpro-europe.com\",\"telephone\":\"0858768829\",\"legalName\":\"TouchPro Europe BV\",\"foundingDate\":\"2018-01-11\",\"vatID\":\"NL855430151B01\",\"numberOfEmployees\":{\"@type\":\"QuantitativeValue\",\"minValue\":\"1\",\"maxValue\":\"10\"},\"hasMerchantReturnPolicy\":{\"@type\":\"MerchantReturnPolicy\",\"merchantReturnLink\":\"https:\\\/\\\/touchproeurope.eu\\\/pt\\\/retourbeleid\\\/\"}}]}<\/script>\n<meta property=\"product:brand\" content=\"Earthlite\" \/>\n<meta property=\"og:availability\" content=\"backorder\" \/>\n<meta property=\"product:availability\" content=\"available for order\" \/>\n<meta property=\"product:retailer_item_id\" content=\"10100\" \/>\n<meta property=\"product:condition\" content=\"new\" \/>\n<!-- \/ Yoast SEO Premium plugin. -->","yoast_head_json":{"title":"Earthlite Spirit Pregnancy Massagetafel - TouchPro Europe Shop","description":"Ontdek het ultieme comfort en ondersteuning met de Earthlite Spirit Pregnancy massagetafel. Speciaal ontworpen voor zwangerschapsmassages.","robots":{"index":"index","follow":"follow","max-snippet":"max-snippet:-1","max-image-preview":"max-image-preview:large","max-video-preview":"max-video-preview:-1"},"canonical":"https:\/\/touchproeurope.eu\/pt\/product\/earthlite-spirit-pregnancy-massagetafel\/","og_locale":"pt_PT","og_type":"article","og_title":"Earthlite Spirit Pregnancy Massagetafel","og_description":"Ontdek het ultieme comfort en ondersteuning met de Earthlite Spirit Pregnancy massagetafel. Speciaal ontworpen voor zwangerschapsmassages.","og_url":"https:\/\/touchproeurope.eu\/pt\/product\/earthlite-spirit-pregnancy-massagetafel\/","og_site_name":"TouchPro Europe Shop","article_publisher":"https:\/\/www.facebook.com\/TouchproNederland\/?locale=nl_NL%2f","article_modified_time":"2026-04-22T14:51:21+00:00","og_image":[{"width":2000,"height":2000,"url":"https:\/\/touchproeurope.eu\/wp-content\/uploads\/2023\/11\/3099762767.jpg","type":"image\/jpeg"}],"twitter_card":"summary_large_image","twitter_misc":{"Disponibilidade":"Por encomenda"},"schema":{"@context":"https:\/\/schema.org","@graph":[{"@type":"WebPage","@id":"https:\/\/touchproeurope.eu\/product\/earthlite-spirit-pregnancy-massagetafel\/","url":"https:\/\/touchproeurope.eu\/product\/earthlite-spirit-pregnancy-massagetafel\/","name":"Earthlite Spirit Pregnancy Massagetafel - TouchPro Europe Shop","isPartOf":{"@id":"https:\/\/touchproeurope.eu\/#website"},"primaryImageOfPage":{"@id":"https:\/\/touchproeurope.eu\/product\/earthlite-spirit-pregnancy-massagetafel\/#primaryimage"},"image":{"@id":"https:\/\/touchproeurope.eu\/product\/earthlite-spirit-pregnancy-massagetafel\/#primaryimage"},"thumbnailUrl":"https:\/\/i0.wp.com\/touchproeurope.eu\/wp-content\/uploads\/2023\/11\/3099762767.jpg?fit=2000%2C2000&ssl=1","datePublished":"2023-11-09T15:58:55+00:00","dateModified":"2026-04-22T14:51:21+00:00","description":"Ontdek het ultieme comfort en ondersteuning met de Earthlite Spirit Pregnancy massagetafel. Speciaal ontworpen voor zwangerschapsmassages.","breadcrumb":{"@id":"https:\/\/touchproeurope.eu\/product\/earthlite-spirit-pregnancy-massagetafel\/#breadcrumb"},"inLanguage":"pt-PT","potentialAction":[{"@type":"ReadAction","target":["https:\/\/touchproeurope.eu\/product\/earthlite-spirit-pregnancy-massagetafel\/"]}]},{"@type":"ImageObject","inLanguage":"pt-PT","@id":"https:\/\/touchproeurope.eu\/product\/earthlite-spirit-pregnancy-massagetafel\/#primaryimage","url":"https:\/\/i0.wp.com\/touchproeurope.eu\/wp-content\/uploads\/2023\/11\/3099762767.jpg?fit=2000%2C2000&ssl=1","contentUrl":"https:\/\/i0.wp.com\/touchproeurope.eu\/wp-content\/uploads\/2023\/11\/3099762767.jpg?fit=2000%2C2000&ssl=1","width":2000,"height":2000,"caption":"Earthlite Spirit Pregnancy Massagetafel"},{"@type":"BreadcrumbList","@id":"https:\/\/touchproeurope.eu\/product\/earthlite-spirit-pregnancy-massagetafel\/#breadcrumb","itemListElement":[{"@type":"ListItem","position":1,"name":"Home","item":"https:\/\/touchproeurope.eu\/"},{"@type":"ListItem","position":2,"name":"Winkel","item":"https:\/\/touchproeurope.eu\/winkel\/"},{"@type":"ListItem","position":3,"name":"Earthlite Spirit Pregnancy Massagetafel"}]},{"@type":"WebSite","@id":"https:\/\/touchproeurope.eu\/#website","url":"https:\/\/touchproeurope.eu\/","name":"Loja TouchPro Europa","description":"Tudo para o seu consult\u00f3rio com um toque profissional!","publisher":{"@id":"https:\/\/touchproeurope.eu\/#organization"},"alternateName":"TPE","potentialAction":[{"@type":"SearchAction","target":{"@type":"EntryPoint","urlTemplate":"https:\/\/touchproeurope.eu\/?s={search_term_string}"},"query-input":{"@type":"PropertyValueSpecification","valueRequired":true,"valueName":"search_term_string"}}],"inLanguage":"pt-PT"},{"@type":"Organization","@id":"https:\/\/touchproeurope.eu\/#organization","name":"TouchPro Europa BV","alternateName":"TPE","url":"https:\/\/touchproeurope.eu\/","logo":{"@type":"ImageObject","inLanguage":"pt-PT","@id":"https:\/\/touchproeurope.eu\/#\/schema\/logo\/image\/","url":"https:\/\/i0.wp.com\/touchproeurope.eu\/wp-content\/uploads\/2023\/10\/2b592c_b6944d80811246d987cc2c29accedf3f.png?fit=1417%2C531&ssl=1","contentUrl":"https:\/\/i0.wp.com\/touchproeurope.eu\/wp-content\/uploads\/2023\/10\/2b592c_b6944d80811246d987cc2c29accedf3f.png?fit=1417%2C531&ssl=1","width":1417,"height":531,"caption":"TouchPro Europe BV"},"image":{"@id":"https:\/\/touchproeurope.eu\/#\/schema\/logo\/image\/"},"sameAs":["https:\/\/www.facebook.com\/TouchproNederland\/?locale=nl_NL\/","https:\/\/www.instagram.com\/touchpro2016\/","https:\/\/www.linkedin.com\/company\/touchpro-europe-bv\/"],"description":"A TouchPro Europe Shop \u00e9 a loja de massagens da Europa. Vendemos produtos de massagem de alta qualidade a massagistas, pedicuros, fisioterapeutas, manicures, centros de bem-estar, cursos de forma\u00e7\u00e3o, etc. A TouchPro come\u00e7ou por ser uma pequena loja nos Pa\u00edses Baixos, mas agora transformou-se numa loja com clientes de toda a Europa. Oferecemos uma vasta gama de produtos de massagem, incluindo mesas de massagem, \u00f3leos, cremes e acess\u00f3rios de marcas de topo como Earthlite, Stronglite e InnerStrenght, Habys, Living Earth Crafts e Continuum e outros fornecedores de acess\u00f3rios de massagem. Encomende aqui os melhores artigos de massagem da Europa!","email":"info@touchpro-europe.com","telephone":"0858768829","legalName":"TouchPro Europe BV","foundingDate":"2018-01-11","vatID":"NL855430151B01","numberOfEmployees":{"@type":"QuantitativeValue","minValue":"1","maxValue":"10"},"hasMerchantReturnPolicy":{"@type":"MerchantReturnPolicy","merchantReturnLink":"https:\/\/touchproeurope.eu\/pt\/retourbeleid\/"}}]},"product_brand":"Earthlite","og_availability":"backorder","product_availability":"available for order","product_retailer_item_id":"10100","product_condition":"new"},"_links":{"self":[{"href":"https:\/\/touchproeurope.eu\/pt\/wp-json\/wp\/v2\/product\/2934","targetHints":{"allow":["GET"]}}],"collection":[{"href":"https:\/\/touchproeurope.eu\/pt\/wp-json\/wp\/v2\/product"}],"about":[{"href":"https:\/\/touchproeurope.eu\/pt\/wp-json\/wp\/v2\/types\/product"}],"replies":[{"embeddable":true,"href":"https:\/\/touchproeurope.eu\/pt\/wp-json\/wp\/v2\/comments?post=2934"}],"version-history":[{"count":3,"href":"https:\/\/touchproeurope.eu\/pt\/wp-json\/wp\/v2\/product\/2934\/revisions"}],"predecessor-version":[{"id":7795,"href":"https:\/\/touchproeurope.eu\/pt\/wp-json\/wp\/v2\/product\/2934\/revisions\/7795"}],"wp:featuredmedia":[{"embeddable":true,"href":"https:\/\/touchproeurope.eu\/pt\/wp-json\/wp\/v2\/media\/2933"}],"wp:attachment":[{"href":"https:\/\/touchproeurope.eu\/pt\/wp-json\/wp\/v2\/media?parent=2934"}],"wp:term":[{"taxonomy":"product_brand","embeddable":true,"href":"https:\/\/touchproeurope.eu\/pt\/wp-json\/wp\/v2\/product_brand?post=2934"},{"taxonomy":"product_cat","embeddable":true,"href":"https:\/\/touchproeurope.eu\/pt\/wp-json\/wp\/v2\/product_cat?post=2934"},{"taxonomy":"product_tag","embeddable":true,"href":"https:\/\/touchproeurope.eu\/pt\/wp-json\/wp\/v2\/product_tag?post=2934"}],"curies":[{"name":"wp","href":"https:\/\/api.w.org\/{rel}","templated":true}]}}