{"id":2963,"date":"2023-11-09T15:59:59","date_gmt":"2023-11-09T15:59:59","guid":{"rendered":"https:\/\/touchproeurope.eu\/?post_type=product&#038;p=2963"},"modified":"2026-03-04T16:55:46","modified_gmt":"2026-03-04T16:55:46","slug":"espirito-earthlite","status":"publish","type":"product","link":"https:\/\/touchproeurope.eu\/pt\/product\/earthlite-spirit\/","title":{"rendered":"Mesa de massagem EarthLite Spirit"},"content":{"rendered":"<p>A Earthlite Spirit Massage Table, uma mesa de tratamento dobr\u00e1vel de alta qualidade, \u00e9 o posto de trabalho ideal para os massagistas profissionais. Com uma constru\u00e7\u00e3o robusta e uma superf\u00edcie de repouso confort\u00e1vel, esta mesa \u00e9 uma escolha fi\u00e1vel para v\u00e1rias terapias de massagem.<\/p>\n<p>A Mesa de Massagem EarthLite Spirit combina durabilidade com portabilidade. Dobr\u00e1vel e com um pr\u00e1tico saco de transporte, \u00e9 a companheira perfeita para massagistas m\u00f3veis.<\/p>\n<p>Com uma largura de 71, 76 ou 81 cm, altura ajust\u00e1vel de 58 a 84 cm. Com a almofada ProPlush Deluxe de 3 camadas, esta mesa oferece um conforto personaliz\u00e1vel tanto para o terapeuta como para o cliente.<\/p>\n<p>A mesa \u00e9 refor\u00e7ada com duas nervuras por baixo do tampo a todo o comprimento, permitindo um peso total de trabalho permitido de 360 kg. O estofo em vinil Natursoft 100% garante durabilidade e estilo.<\/p>","protected":false},"excerpt":{"rendered":"<p>A mesa de massagem Earthlite Spirit \u00e9 uma mesa de tratamento de alta qualidade, dobr\u00e1vel, perfeita para v\u00e1rias terapias de massagem. Com uma constru\u00e7\u00e3o robusta e uma superf\u00edcie de repouso confort\u00e1vel, esta mesa \u00e9 o local de trabalho ideal para os massagistas profissionais. Experimente a qualidade e a versatilidade da mesa de massagem Earthlite Spirit; uma escolha fi\u00e1vel para todos os seus tratamentos de massagem.<\/p>\n<p>O pacote \u00e9 composto por:<\/p>\n<ul>\n<li>A mesa de massagem Spirit<\/li>\n<li>Apoio de cabe\u00e7a flex\u00edvel com almofada de espuma viscoel\u00e1stica LEC Strata para maior conforto<\/li>\n<li>Mala de transporte profissional a condizer com compartimento de arruma\u00e7\u00e3o<\/li>\n<\/ul>\n<p>Carater\u00edsticas:<\/p>\n<ul>\n<li>peso 15 a 17 kg (consoante a largura encomendada)<\/li>\n<li>Largura dispon\u00edvel em 71, 76 e 81 cm<\/li>\n<li>Comprimento 185 cm<\/li>\n<li>Altura ajust\u00e1vel de 58 a 84 cm<\/li>\n<li>Por baixo do tampo da mesa, existem 2 nervuras a todo o comprimento para refor\u00e7ar a mesa.<\/li>\n<li>Peso total de trabalho admiss\u00edvel 360 kg<\/li>\n<li>Almofada ProPlush Deluxe de 3 camadas, para que n\u00e3o sinta a prancha na mesa e o seu cliente se deite confortavelmente.<\/li>\n<li>Equipado com placas terminais metade reiki \/ metade standard<\/li>\n<li>Estofos em vinil Natursoft 100%<\/li>\n<li>Folha de venda oficial: <a href=\"https:\/\/b2b.earthlite.eu\/media\/wysiwyg\/SalesSheets\/Spirit_1-300-0069_-_Rev_011122.pdf\" target=\"_blank\" rel=\"noopener\">Esp\u00edrito<\/a><\/li>\n<\/ul>\n<p>A mesa s\u00f3 pode ser encomendada como pr\u00e9-encomenda. Deve ser tido em conta um prazo de entrega de 12 a 16 semanas.<\/p>","protected":false},"featured_media":2962,"comment_status":"open","ping_status":"closed","template":"","meta":[],"product_brand":[343],"product_cat":[94,93],"product_tag":[85,50,90],"class_list":{"0":"post-2963","1":"product","2":"type-product","3":"status-publish","4":"has-post-thumbnail","6":"product_brand-earthlite","7":"product_cat-draagbare-massagetafels","8":"product_cat-massagetafels","9":"product_tag-earthlite","10":"product_tag-massagetafels","11":"product_tag-spirit","12":"product_shipping_class-groot-pakket","13":"pa_kleur-blauw","14":"pa_kleur-bordeaux","15":"pa_kleur-groen","16":"pa_kleur-latte","17":"pa_kleur-paars","18":"pa_kleur-vanille-creme","19":"pa_kleur-zilver","20":"pa_kleur-zwart","21":"pa_merk-earthlite","23":"first","24":"onbackorder","25":"taxable","26":"shipping-taxable","27":"purchasable","28":"product-type-variable"},"yoast_head":"<!-- This site is optimized with the Yoast SEO Premium plugin v27.3 (Yoast SEO v27.3) - https:\/\/yoast.com\/product\/yoast-seo-premium-wordpress\/ -->\n<title>EarthLite Spirit Massagetafel - TouchPro Europe Shop<\/title>\n<meta name=\"description\" content=\"Ervaar onge\u00ebvenaarde kwaliteit in massagebehandelingen met de Earthlite Spirit Massagetafel. Duurzaam, verstelbaar comfort en nu beschikbaar voor pre-order!\" \/>\n<meta name=\"robots\" content=\"index, follow, max-snippet:-1, max-image-preview:large, max-video-preview:-1\" \/>\n<link rel=\"canonical\" href=\"https:\/\/touchproeurope.eu\/pt\/product\/espirito-earthlite\/\" \/>\n<meta property=\"og:locale\" content=\"pt_PT\" \/>\n<meta property=\"og:type\" content=\"article\" \/>\n<meta property=\"og:title\" content=\"EarthLite Spirit Massagetafel\" \/>\n<meta property=\"og:description\" content=\"Ervaar onge\u00ebvenaarde kwaliteit in massagebehandelingen met de Earthlite Spirit Massagetafel. Duurzaam, verstelbaar comfort en nu beschikbaar voor pre-order!\" \/>\n<meta property=\"og:url\" content=\"https:\/\/touchproeurope.eu\/pt\/product\/espirito-earthlite\/\" \/>\n<meta property=\"og:site_name\" content=\"TouchPro Europe Shop\" \/>\n<meta property=\"article:publisher\" content=\"https:\/\/www.facebook.com\/TouchproNederland\/?locale=nl_NL%2f\" \/>\n<meta property=\"article:modified_time\" content=\"2026-03-04T16:55:46+00:00\" \/>\n<meta property=\"og:image\" content=\"https:\/\/touchproeurope.eu\/wp-content\/uploads\/2023\/11\/861540761.jpg\" \/>\n\t<meta property=\"og:image:width\" content=\"2000\" \/>\n\t<meta property=\"og:image:height\" content=\"2000\" \/>\n\t<meta property=\"og:image:type\" content=\"image\/jpeg\" \/>\n<meta name=\"twitter:card\" content=\"summary_large_image\" \/>\n<meta name=\"twitter:label1\" content=\"Disponibilidade\" \/>\n\t<meta name=\"twitter:data1\" content=\"Por encomenda\" \/>\n<script type=\"application\/ld+json\" class=\"yoast-schema-graph\">{\"@context\":\"https:\\\/\\\/schema.org\",\"@graph\":[{\"@type\":\"WebPage\",\"@id\":\"https:\\\/\\\/touchproeurope.eu\\\/product\\\/earthlite-spirit\\\/\",\"url\":\"https:\\\/\\\/touchproeurope.eu\\\/product\\\/earthlite-spirit\\\/\",\"name\":\"EarthLite Spirit Massagetafel - TouchPro Europe Shop\",\"isPartOf\":{\"@id\":\"https:\\\/\\\/touchproeurope.eu\\\/#website\"},\"primaryImageOfPage\":{\"@id\":\"https:\\\/\\\/touchproeurope.eu\\\/product\\\/earthlite-spirit\\\/#primaryimage\"},\"image\":{\"@id\":\"https:\\\/\\\/touchproeurope.eu\\\/product\\\/earthlite-spirit\\\/#primaryimage\"},\"thumbnailUrl\":\"https:\\\/\\\/i0.wp.com\\\/touchproeurope.eu\\\/wp-content\\\/uploads\\\/2023\\\/11\\\/861540761.jpg?fit=2000%2C2000&ssl=1\",\"datePublished\":\"2023-11-09T15:59:59+00:00\",\"dateModified\":\"2026-03-04T16:55:46+00:00\",\"description\":\"Ervaar onge\u00ebvenaarde kwaliteit in massagebehandelingen met de Earthlite Spirit Massagetafel. Duurzaam, verstelbaar comfort en nu beschikbaar voor pre-order!\",\"breadcrumb\":{\"@id\":\"https:\\\/\\\/touchproeurope.eu\\\/product\\\/earthlite-spirit\\\/#breadcrumb\"},\"inLanguage\":\"pt-PT\",\"potentialAction\":[{\"@type\":\"ReadAction\",\"target\":[\"https:\\\/\\\/touchproeurope.eu\\\/product\\\/earthlite-spirit\\\/\"]}]},{\"@type\":\"ImageObject\",\"inLanguage\":\"pt-PT\",\"@id\":\"https:\\\/\\\/touchproeurope.eu\\\/product\\\/earthlite-spirit\\\/#primaryimage\",\"url\":\"https:\\\/\\\/i0.wp.com\\\/touchproeurope.eu\\\/wp-content\\\/uploads\\\/2023\\\/11\\\/861540761.jpg?fit=2000%2C2000&ssl=1\",\"contentUrl\":\"https:\\\/\\\/i0.wp.com\\\/touchproeurope.eu\\\/wp-content\\\/uploads\\\/2023\\\/11\\\/861540761.jpg?fit=2000%2C2000&ssl=1\",\"width\":2000,\"height\":2000,\"caption\":\"EarthLite Spirit Massagetafel Blauw\"},{\"@type\":\"BreadcrumbList\",\"@id\":\"https:\\\/\\\/touchproeurope.eu\\\/product\\\/earthlite-spirit\\\/#breadcrumb\",\"itemListElement\":[{\"@type\":\"ListItem\",\"position\":1,\"name\":\"Home\",\"item\":\"https:\\\/\\\/touchproeurope.eu\\\/\"},{\"@type\":\"ListItem\",\"position\":2,\"name\":\"Winkel\",\"item\":\"https:\\\/\\\/touchproeurope.eu\\\/winkel\\\/\"},{\"@type\":\"ListItem\",\"position\":3,\"name\":\"EarthLite Spirit Massagetafel\"}]},{\"@type\":\"WebSite\",\"@id\":\"https:\\\/\\\/touchproeurope.eu\\\/#website\",\"url\":\"https:\\\/\\\/touchproeurope.eu\\\/\",\"name\":\"TouchPro Europe Shop\",\"description\":\"Alles voor jouw praktijk met een PROfessionele Touch!\",\"publisher\":{\"@id\":\"https:\\\/\\\/touchproeurope.eu\\\/#organization\"},\"alternateName\":\"TPE\",\"potentialAction\":[{\"@type\":\"SearchAction\",\"target\":{\"@type\":\"EntryPoint\",\"urlTemplate\":\"https:\\\/\\\/touchproeurope.eu\\\/?s={search_term_string}\"},\"query-input\":{\"@type\":\"PropertyValueSpecification\",\"valueRequired\":true,\"valueName\":\"search_term_string\"}}],\"inLanguage\":\"pt-PT\"},{\"@type\":\"Organization\",\"@id\":\"https:\\\/\\\/touchproeurope.eu\\\/#organization\",\"name\":\"TouchPro Europe BV\",\"alternateName\":\"TPE\",\"url\":\"https:\\\/\\\/touchproeurope.eu\\\/\",\"logo\":{\"@type\":\"ImageObject\",\"inLanguage\":\"pt-PT\",\"@id\":\"https:\\\/\\\/touchproeurope.eu\\\/#\\\/schema\\\/logo\\\/image\\\/\",\"url\":\"https:\\\/\\\/i0.wp.com\\\/touchproeurope.eu\\\/wp-content\\\/uploads\\\/2023\\\/10\\\/2b592c_b6944d80811246d987cc2c29accedf3f.png?fit=1417%2C531&ssl=1\",\"contentUrl\":\"https:\\\/\\\/i0.wp.com\\\/touchproeurope.eu\\\/wp-content\\\/uploads\\\/2023\\\/10\\\/2b592c_b6944d80811246d987cc2c29accedf3f.png?fit=1417%2C531&ssl=1\",\"width\":1417,\"height\":531,\"caption\":\"TouchPro Europe BV\"},\"image\":{\"@id\":\"https:\\\/\\\/touchproeurope.eu\\\/#\\\/schema\\\/logo\\\/image\\\/\"},\"sameAs\":[\"https:\\\/\\\/www.facebook.com\\\/TouchproNederland\\\/?locale=nl_NL\\\/\",\"https:\\\/\\\/www.instagram.com\\\/touchpro2016\\\/\",\"https:\\\/\\\/www.linkedin.com\\\/company\\\/touchpro-europe-bv\\\/\"],\"description\":\"TouchPro Europe Shop is de massage winkel van Europa. Wij verkopen topkwaliteit massageproducten aan masseurs, pedicures, fysiotherapeuten, manicuren, Wellness centra, opleidingen, etc. TouchPro begon als een kleine webshop in Nederland, maar is nu uitgegroeid tot een webshop met klanten uit heel Europa. Wij bieden een breed assortiment aan massageproducten, waaronder massagetafels, oli\u00ebn, cr\u00e8mes, en accessoires van topmerken, zoals Earthlite, Stronglite en InnerStrenght, Habys, Living Earth Crafts en Continuum en andere leveranciers van massage accessoires. Bestel hier de beste massagematerialen van Europa!\",\"email\":\"info@touchpro-europe.com\",\"telephone\":\"0858768829\",\"legalName\":\"TouchPro Europe BV\",\"foundingDate\":\"2018-01-11\",\"vatID\":\"NL855430151B01\",\"numberOfEmployees\":{\"@type\":\"QuantitativeValue\",\"minValue\":\"1\",\"maxValue\":\"10\"},\"hasMerchantReturnPolicy\":{\"@type\":\"MerchantReturnPolicy\",\"merchantReturnLink\":\"https:\\\/\\\/touchproeurope.eu\\\/pt\\\/retourbeleid\\\/\"}}]}<\/script>\n<meta property=\"product:brand\" content=\"Earthlite\" \/>\n<meta property=\"og:availability\" content=\"backorder\" \/>\n<meta property=\"product:availability\" content=\"available for order\" \/>\n<meta property=\"product:retailer_item_id\" content=\"26400\" \/>\n<meta property=\"product:condition\" content=\"new\" \/>\n<!-- \/ Yoast SEO Premium plugin. -->","yoast_head_json":{"title":"Mesa de Massagem EarthLite Spirit - TouchPro Europe Shop","description":"Experimente uma qualidade inigual\u00e1vel em tratamentos de massagem com a Mesa de Massagem Earthlite Spirit. Dur\u00e1vel, com conforto ajust\u00e1vel e j\u00e1 dispon\u00edvel para pr\u00e9-encomenda!","robots":{"index":"index","follow":"follow","max-snippet":"max-snippet:-1","max-image-preview":"max-image-preview:large","max-video-preview":"max-video-preview:-1"},"canonical":"https:\/\/touchproeurope.eu\/pt\/product\/espirito-earthlite\/","og_locale":"pt_PT","og_type":"article","og_title":"EarthLite Spirit Massagetafel","og_description":"Ervaar onge\u00ebvenaarde kwaliteit in massagebehandelingen met de Earthlite Spirit Massagetafel. Duurzaam, verstelbaar comfort en nu beschikbaar voor pre-order!","og_url":"https:\/\/touchproeurope.eu\/pt\/product\/espirito-earthlite\/","og_site_name":"TouchPro Europe Shop","article_publisher":"https:\/\/www.facebook.com\/TouchproNederland\/?locale=nl_NL%2f","article_modified_time":"2026-03-04T16:55:46+00:00","og_image":[{"width":2000,"height":2000,"url":"https:\/\/touchproeurope.eu\/wp-content\/uploads\/2023\/11\/861540761.jpg","type":"image\/jpeg"}],"twitter_card":"summary_large_image","twitter_misc":{"Disponibilidade":"Por encomenda"},"schema":{"@context":"https:\/\/schema.org","@graph":[{"@type":"WebPage","@id":"https:\/\/touchproeurope.eu\/product\/earthlite-spirit\/","url":"https:\/\/touchproeurope.eu\/product\/earthlite-spirit\/","name":"Mesa de Massagem EarthLite Spirit - TouchPro Europe Shop","isPartOf":{"@id":"https:\/\/touchproeurope.eu\/#website"},"primaryImageOfPage":{"@id":"https:\/\/touchproeurope.eu\/product\/earthlite-spirit\/#primaryimage"},"image":{"@id":"https:\/\/touchproeurope.eu\/product\/earthlite-spirit\/#primaryimage"},"thumbnailUrl":"https:\/\/i0.wp.com\/touchproeurope.eu\/wp-content\/uploads\/2023\/11\/861540761.jpg?fit=2000%2C2000&ssl=1","datePublished":"2023-11-09T15:59:59+00:00","dateModified":"2026-03-04T16:55:46+00:00","description":"Experimente uma qualidade inigual\u00e1vel em tratamentos de massagem com a Mesa de Massagem Earthlite Spirit. Dur\u00e1vel, com conforto ajust\u00e1vel e j\u00e1 dispon\u00edvel para pr\u00e9-encomenda!","breadcrumb":{"@id":"https:\/\/touchproeurope.eu\/product\/earthlite-spirit\/#breadcrumb"},"inLanguage":"pt-PT","potentialAction":[{"@type":"ReadAction","target":["https:\/\/touchproeurope.eu\/product\/earthlite-spirit\/"]}]},{"@type":"ImageObject","inLanguage":"pt-PT","@id":"https:\/\/touchproeurope.eu\/product\/earthlite-spirit\/#primaryimage","url":"https:\/\/i0.wp.com\/touchproeurope.eu\/wp-content\/uploads\/2023\/11\/861540761.jpg?fit=2000%2C2000&ssl=1","contentUrl":"https:\/\/i0.wp.com\/touchproeurope.eu\/wp-content\/uploads\/2023\/11\/861540761.jpg?fit=2000%2C2000&ssl=1","width":2000,"height":2000,"caption":"EarthLite Spirit Massagetafel Blauw"},{"@type":"BreadcrumbList","@id":"https:\/\/touchproeurope.eu\/product\/earthlite-spirit\/#breadcrumb","itemListElement":[{"@type":"ListItem","position":1,"name":"Home","item":"https:\/\/touchproeurope.eu\/"},{"@type":"ListItem","position":2,"name":"Winkel","item":"https:\/\/touchproeurope.eu\/winkel\/"},{"@type":"ListItem","position":3,"name":"EarthLite Spirit Massagetafel"}]},{"@type":"WebSite","@id":"https:\/\/touchproeurope.eu\/#website","url":"https:\/\/touchproeurope.eu\/","name":"Loja TouchPro Europa","description":"Tudo para o seu consult\u00f3rio com um toque profissional!","publisher":{"@id":"https:\/\/touchproeurope.eu\/#organization"},"alternateName":"TPE","potentialAction":[{"@type":"SearchAction","target":{"@type":"EntryPoint","urlTemplate":"https:\/\/touchproeurope.eu\/?s={search_term_string}"},"query-input":{"@type":"PropertyValueSpecification","valueRequired":true,"valueName":"search_term_string"}}],"inLanguage":"pt-PT"},{"@type":"Organization","@id":"https:\/\/touchproeurope.eu\/#organization","name":"TouchPro Europa BV","alternateName":"TPE","url":"https:\/\/touchproeurope.eu\/","logo":{"@type":"ImageObject","inLanguage":"pt-PT","@id":"https:\/\/touchproeurope.eu\/#\/schema\/logo\/image\/","url":"https:\/\/i0.wp.com\/touchproeurope.eu\/wp-content\/uploads\/2023\/10\/2b592c_b6944d80811246d987cc2c29accedf3f.png?fit=1417%2C531&ssl=1","contentUrl":"https:\/\/i0.wp.com\/touchproeurope.eu\/wp-content\/uploads\/2023\/10\/2b592c_b6944d80811246d987cc2c29accedf3f.png?fit=1417%2C531&ssl=1","width":1417,"height":531,"caption":"TouchPro Europe BV"},"image":{"@id":"https:\/\/touchproeurope.eu\/#\/schema\/logo\/image\/"},"sameAs":["https:\/\/www.facebook.com\/TouchproNederland\/?locale=nl_NL\/","https:\/\/www.instagram.com\/touchpro2016\/","https:\/\/www.linkedin.com\/company\/touchpro-europe-bv\/"],"description":"A TouchPro Europe Shop \u00e9 a loja de massagens da Europa. Vendemos produtos de massagem de alta qualidade a massagistas, pedicuros, fisioterapeutas, manicures, centros de bem-estar, cursos de forma\u00e7\u00e3o, etc. A TouchPro come\u00e7ou por ser uma pequena loja nos Pa\u00edses Baixos, mas agora transformou-se numa loja com clientes de toda a Europa. Oferecemos uma vasta gama de produtos de massagem, incluindo mesas de massagem, \u00f3leos, cremes e acess\u00f3rios de marcas de topo como Earthlite, Stronglite e InnerStrenght, Habys, Living Earth Crafts e Continuum e outros fornecedores de acess\u00f3rios de massagem. Encomende aqui os melhores artigos de massagem da Europa!","email":"info@touchpro-europe.com","telephone":"0858768829","legalName":"TouchPro Europe BV","foundingDate":"2018-01-11","vatID":"NL855430151B01","numberOfEmployees":{"@type":"QuantitativeValue","minValue":"1","maxValue":"10"},"hasMerchantReturnPolicy":{"@type":"MerchantReturnPolicy","merchantReturnLink":"https:\/\/touchproeurope.eu\/pt\/retourbeleid\/"}}]},"product_brand":"Earthlite","og_availability":"backorder","product_availability":"available for order","product_retailer_item_id":"26400","product_condition":"new"},"_links":{"self":[{"href":"https:\/\/touchproeurope.eu\/pt\/wp-json\/wp\/v2\/product\/2963","targetHints":{"allow":["GET"]}}],"collection":[{"href":"https:\/\/touchproeurope.eu\/pt\/wp-json\/wp\/v2\/product"}],"about":[{"href":"https:\/\/touchproeurope.eu\/pt\/wp-json\/wp\/v2\/types\/product"}],"replies":[{"embeddable":true,"href":"https:\/\/touchproeurope.eu\/pt\/wp-json\/wp\/v2\/comments?post=2963"}],"version-history":[{"count":3,"href":"https:\/\/touchproeurope.eu\/pt\/wp-json\/wp\/v2\/product\/2963\/revisions"}],"predecessor-version":[{"id":3405,"href":"https:\/\/touchproeurope.eu\/pt\/wp-json\/wp\/v2\/product\/2963\/revisions\/3405"}],"wp:featuredmedia":[{"embeddable":true,"href":"https:\/\/touchproeurope.eu\/pt\/wp-json\/wp\/v2\/media\/2962"}],"wp:attachment":[{"href":"https:\/\/touchproeurope.eu\/pt\/wp-json\/wp\/v2\/media?parent=2963"}],"wp:term":[{"taxonomy":"product_brand","embeddable":true,"href":"https:\/\/touchproeurope.eu\/pt\/wp-json\/wp\/v2\/product_brand?post=2963"},{"taxonomy":"product_cat","embeddable":true,"href":"https:\/\/touchproeurope.eu\/pt\/wp-json\/wp\/v2\/product_cat?post=2963"},{"taxonomy":"product_tag","embeddable":true,"href":"https:\/\/touchproeurope.eu\/pt\/wp-json\/wp\/v2\/product_tag?post=2963"}],"curies":[{"name":"wp","href":"https:\/\/api.w.org\/{rel}","templated":true}]}}