{"id":2985,"date":"2023-11-09T16:00:35","date_gmt":"2023-11-09T16:00:35","guid":{"rendered":"https:\/\/touchproeurope.eu\/?post_type=product&#038;p=2985"},"modified":"2026-04-22T09:31:40","modified_gmt":"2026-04-22T09:31:40","slug":"earthlite-lmt-go-pack","status":"publish","type":"product","link":"https:\/\/touchproeurope.eu\/pt\/product\/earthlite-lmt-go-pack\/","title":{"rendered":"Earthlite LMT Go-Pack"},"content":{"rendered":"<p>Optimaliseer jouw mobiliteit en comfort met de Earthlite LMT Go-Pack, speciaal ontworpen door en voor masseurs on-the-go! Deze ideale rugzak biedt niet alleen ruime opbergruimte voor linnen, een bolster, massageolie, laptop en andere benodigdheden, maar is ook doordrenkt met handige functies om jouw werkervaring te verbeteren.<\/p>\n<p>Deze fijne rugzak is ontwikkeld voor intensief gebruik, met waterbestendig materiaal, duurzame schouderbanden, robuuste ritsen en kwaliteitsstiksels. De schouderbanden, voorzien van comfortabele pads, zorgen ervoor dat de rugzak zelfs bij langdurig dragen met een zwaardere inhoud comfortabel blijft.<\/p>\n<p>De Earthlite LMT Go-Pack heeft meerdere vakken zodat je de tas overzichtelijk kan organiseren. Binnenin is een gevoerd compartiment voor je laptop. Terwijl aan de buitenkant twee vakken zijn voor massageolie en twee extra vakken voor persoonlijke bezittingen.<\/p>\n<p>Een opvallende eigenschap is de USB Charging Port, waarmee je een externe accu in je tas kunt bewaren en deze kunt verbinden met je telefoon of ander elektronisch apparaat. Blijf altijd opgeladen, zelfs onderweg!<\/p>\n<p>Maak jouw massage-ervaring naadloos en effici\u00ebnt met de Earthlite LMT Go-Pack. Bestel vandaag nog en ervaar het gemak van een rugzak die is ontworpen met jouw behoeften in gedachten. Optimaliseer je praktijk en ga voor de offici\u00eble LMT Go-Pack!<\/p>","protected":false},"excerpt":{"rendered":"<p><strong>De Earthlite LMT Go-Pack &#8211; <\/strong>Speciaal ontworpen door masseurs on-the-go voor collega masseurs on-the-go! Een ideale rugzak met veel aanvullende opbergruimte voor linnen, een bolster, olie, laptop en overige benodigdheden.<\/p>\n<p>Overige bijzonderheden van deze fijne rugzak zijn:<\/p>\n<ul>\n<li>ontwikkeld voor intensief gebruik &#8211; waterbestendig, duurzame schouderbanden, ritsen en kwaliteitsstiksels.<\/li>\n<li>de schouderbanden zijn voorzien van pads, waardoor de rugzak comfortabel draagt. Ook als je langere tijd met een zwaardere rugzak moet lopen.<\/li>\n<li>voorzien van meerdere vakken, waardoor je de tas overzichtelijk in kunt richten. Zo vind je aan binnenzijde een gevoerde ruimte voor een laptop, aan de buitenkant 2 vakken voor olie en 2 vakken voor persoonlijke bezittingen.<\/li>\n<li>beschikt over een USB Charging Port &#8211; hiermee kun je en externe accu in je tas bewaren en die verbinden met je telefoon of een elektronisch apparaat.<\/li>\n<li>Offici\u00eble sales sheet <a href=\"\/pt\/Users\/Nicole\/AppData\/Local\/Microsoft\/Windows\/INetCache\/Content.Outlook\/8W7W19U0\/Go-Pack%20-%201-300-0170%20-%20Rev_061521.pdf\/\" target=\"_blank\" rel=\"noopener\">LMT Go-Pack<\/a><\/li>\n<\/ul>","protected":false},"featured_media":4157,"comment_status":"open","ping_status":"closed","template":"","meta":[],"product_brand":[343],"product_cat":[102],"product_tag":[61,85,150],"class_list":{"0":"post-2985","1":"product","2":"type-product","3":"status-publish","4":"has-post-thumbnail","6":"product_brand-earthlite","7":"product_cat-draagtassen-en-kussens","8":"product_tag-draagtas","9":"product_tag-earthlite","10":"product_tag-go-pack","11":"product_shipping_class-klein-pakket","13":"first","14":"instock","15":"taxable","16":"shipping-taxable","17":"purchasable","18":"product-type-simple"},"yoast_head":"<!-- This site is optimized with the Yoast SEO Premium plugin v27.4 (Yoast SEO v27.4) - https:\/\/yoast.com\/product\/yoast-seo-premium-wordpress\/ -->\n<title>Earthlite LMT Go-Pack - TouchPro Europe Shop<\/title>\n<meta name=\"description\" content=\"Optimaliseer jouw mobiliteit en comfort met de Earthlite LMT Go-Pack, speciaal ontworpen door en voor masseurs on-the-go! Bestel hem bij TouchPro Europe\" \/>\n<meta name=\"robots\" content=\"index, follow, max-snippet:-1, max-image-preview:large, max-video-preview:-1\" \/>\n<link rel=\"canonical\" href=\"https:\/\/touchproeurope.eu\/pt\/product\/earthlite-lmt-go-pack\/\" \/>\n<meta property=\"og:locale\" content=\"pt_PT\" \/>\n<meta property=\"og:type\" content=\"article\" \/>\n<meta property=\"og:title\" content=\"Earthlite LMT Go-Pack\" \/>\n<meta property=\"og:description\" content=\"Optimaliseer jouw mobiliteit en comfort met de Earthlite LMT Go-Pack, speciaal ontworpen door en voor masseurs on-the-go! Bestel hem bij TouchPro Europe\" \/>\n<meta property=\"og:url\" content=\"https:\/\/touchproeurope.eu\/pt\/product\/earthlite-lmt-go-pack\/\" \/>\n<meta property=\"og:site_name\" content=\"TouchPro Europe Shop\" \/>\n<meta property=\"article:publisher\" content=\"https:\/\/www.facebook.com\/TouchproNederland\/?locale=nl_NL%2f\" \/>\n<meta property=\"article:modified_time\" content=\"2026-04-22T09:31:40+00:00\" \/>\n<meta property=\"og:image\" content=\"https:\/\/touchproeurope.eu\/wp-content\/uploads\/2023\/11\/Earthlite-LMT-Go-Pack.jpg\" \/>\n\t<meta property=\"og:image:width\" content=\"800\" \/>\n\t<meta property=\"og:image:height\" content=\"800\" \/>\n\t<meta property=\"og:image:type\" content=\"image\/jpeg\" \/>\n<meta name=\"twitter:card\" content=\"summary_large_image\" \/>\n<meta name=\"twitter:label1\" content=\"pre\u00e7o\" \/>\n\t<meta name=\"twitter:data1\" content=\"&euro;&nbsp;92,95 incl. BTW\" \/>\n\t<meta name=\"twitter:label2\" content=\"Disponibilidade\" \/>\n\t<meta name=\"twitter:data2\" content=\"Em stock\" \/>\n<script type=\"application\/ld+json\" class=\"yoast-schema-graph\">{\"@context\":\"https:\\\/\\\/schema.org\",\"@graph\":[{\"@type\":\"WebPage\",\"@id\":\"https:\\\/\\\/touchproeurope.eu\\\/product\\\/earthlite-lmt-go-pack\\\/\",\"url\":\"https:\\\/\\\/touchproeurope.eu\\\/product\\\/earthlite-lmt-go-pack\\\/\",\"name\":\"Earthlite LMT Go-Pack - TouchPro Europe Shop\",\"isPartOf\":{\"@id\":\"https:\\\/\\\/touchproeurope.eu\\\/#website\"},\"primaryImageOfPage\":{\"@id\":\"https:\\\/\\\/touchproeurope.eu\\\/product\\\/earthlite-lmt-go-pack\\\/#primaryimage\"},\"image\":{\"@id\":\"https:\\\/\\\/touchproeurope.eu\\\/product\\\/earthlite-lmt-go-pack\\\/#primaryimage\"},\"thumbnailUrl\":\"https:\\\/\\\/i0.wp.com\\\/touchproeurope.eu\\\/wp-content\\\/uploads\\\/2023\\\/11\\\/Earthlite-LMT-Go-Pack.jpg?fit=800%2C800&ssl=1\",\"datePublished\":\"2023-11-09T16:00:35+00:00\",\"dateModified\":\"2026-04-22T09:31:40+00:00\",\"description\":\"Optimaliseer jouw mobiliteit en comfort met de Earthlite LMT Go-Pack, speciaal ontworpen door en voor masseurs on-the-go! Bestel hem bij TouchPro Europe\",\"breadcrumb\":{\"@id\":\"https:\\\/\\\/touchproeurope.eu\\\/product\\\/earthlite-lmt-go-pack\\\/#breadcrumb\"},\"inLanguage\":\"pt-PT\",\"potentialAction\":[{\"@type\":\"ReadAction\",\"target\":[\"https:\\\/\\\/touchproeurope.eu\\\/product\\\/earthlite-lmt-go-pack\\\/\"]}]},{\"@type\":\"ImageObject\",\"inLanguage\":\"pt-PT\",\"@id\":\"https:\\\/\\\/touchproeurope.eu\\\/product\\\/earthlite-lmt-go-pack\\\/#primaryimage\",\"url\":\"https:\\\/\\\/i0.wp.com\\\/touchproeurope.eu\\\/wp-content\\\/uploads\\\/2023\\\/11\\\/Earthlite-LMT-Go-Pack.jpg?fit=800%2C800&ssl=1\",\"contentUrl\":\"https:\\\/\\\/i0.wp.com\\\/touchproeurope.eu\\\/wp-content\\\/uploads\\\/2023\\\/11\\\/Earthlite-LMT-Go-Pack.jpg?fit=800%2C800&ssl=1\",\"width\":800,\"height\":800,\"caption\":\"Earthlite LMT Go-Pack\"},{\"@type\":\"BreadcrumbList\",\"@id\":\"https:\\\/\\\/touchproeurope.eu\\\/product\\\/earthlite-lmt-go-pack\\\/#breadcrumb\",\"itemListElement\":[{\"@type\":\"ListItem\",\"position\":1,\"name\":\"Home\",\"item\":\"https:\\\/\\\/touchproeurope.eu\\\/\"},{\"@type\":\"ListItem\",\"position\":2,\"name\":\"Winkel\",\"item\":\"https:\\\/\\\/touchproeurope.eu\\\/winkel\\\/\"},{\"@type\":\"ListItem\",\"position\":3,\"name\":\"Earthlite LMT Go-Pack\"}]},{\"@type\":\"WebSite\",\"@id\":\"https:\\\/\\\/touchproeurope.eu\\\/#website\",\"url\":\"https:\\\/\\\/touchproeurope.eu\\\/\",\"name\":\"TouchPro Europe Shop\",\"description\":\"Alles voor jouw praktijk met een PROfessionele Touch!\",\"publisher\":{\"@id\":\"https:\\\/\\\/touchproeurope.eu\\\/#organization\"},\"alternateName\":\"TPE\",\"potentialAction\":[{\"@type\":\"SearchAction\",\"target\":{\"@type\":\"EntryPoint\",\"urlTemplate\":\"https:\\\/\\\/touchproeurope.eu\\\/?s={search_term_string}\"},\"query-input\":{\"@type\":\"PropertyValueSpecification\",\"valueRequired\":true,\"valueName\":\"search_term_string\"}}],\"inLanguage\":\"pt-PT\"},{\"@type\":\"Organization\",\"@id\":\"https:\\\/\\\/touchproeurope.eu\\\/#organization\",\"name\":\"TouchPro Europe BV\",\"alternateName\":\"TPE\",\"url\":\"https:\\\/\\\/touchproeurope.eu\\\/\",\"logo\":{\"@type\":\"ImageObject\",\"inLanguage\":\"pt-PT\",\"@id\":\"https:\\\/\\\/touchproeurope.eu\\\/#\\\/schema\\\/logo\\\/image\\\/\",\"url\":\"https:\\\/\\\/i0.wp.com\\\/touchproeurope.eu\\\/wp-content\\\/uploads\\\/2023\\\/10\\\/2b592c_b6944d80811246d987cc2c29accedf3f.png?fit=1417%2C531&ssl=1\",\"contentUrl\":\"https:\\\/\\\/i0.wp.com\\\/touchproeurope.eu\\\/wp-content\\\/uploads\\\/2023\\\/10\\\/2b592c_b6944d80811246d987cc2c29accedf3f.png?fit=1417%2C531&ssl=1\",\"width\":1417,\"height\":531,\"caption\":\"TouchPro Europe BV\"},\"image\":{\"@id\":\"https:\\\/\\\/touchproeurope.eu\\\/#\\\/schema\\\/logo\\\/image\\\/\"},\"sameAs\":[\"https:\\\/\\\/www.facebook.com\\\/TouchproNederland\\\/?locale=nl_NL\\\/\",\"https:\\\/\\\/www.instagram.com\\\/touchpro2016\\\/\",\"https:\\\/\\\/www.linkedin.com\\\/company\\\/touchpro-europe-bv\\\/\"],\"description\":\"TouchPro Europe Shop is de massage winkel van Europa. Wij verkopen topkwaliteit massageproducten aan masseurs, pedicures, fysiotherapeuten, manicuren, Wellness centra, opleidingen, etc. TouchPro begon als een kleine webshop in Nederland, maar is nu uitgegroeid tot een webshop met klanten uit heel Europa. Wij bieden een breed assortiment aan massageproducten, waaronder massagetafels, oli\u00ebn, cr\u00e8mes, en accessoires van topmerken, zoals Earthlite, Stronglite en InnerStrenght, Habys, Living Earth Crafts en Continuum en andere leveranciers van massage accessoires. Bestel hier de beste massagematerialen van Europa!\",\"email\":\"info@touchpro-europe.com\",\"telephone\":\"0858768829\",\"legalName\":\"TouchPro Europe BV\",\"foundingDate\":\"2018-01-11\",\"vatID\":\"NL855430151B01\",\"numberOfEmployees\":{\"@type\":\"QuantitativeValue\",\"minValue\":\"1\",\"maxValue\":\"10\"},\"hasMerchantReturnPolicy\":{\"@type\":\"MerchantReturnPolicy\",\"merchantReturnLink\":\"https:\\\/\\\/touchproeurope.eu\\\/pt\\\/retourbeleid\\\/\"}}]}<\/script>\n<meta property=\"product:price:amount\" content=\"92.95\" \/>\n<meta property=\"product:price:currency\" content=\"EUR\" \/>\n<meta property=\"og:availability\" content=\"instock\" \/>\n<meta property=\"product:availability\" content=\"instock\" \/>\n<meta property=\"product:retailer_item_id\" content=\"33445\" \/>\n<meta property=\"product:condition\" content=\"new\" \/>\n<!-- \/ Yoast SEO Premium plugin. -->","yoast_head_json":{"title":"Earthlite LMT Go-Pack - TouchPro Europe Shop","description":"Optimaliseer jouw mobiliteit en comfort met de Earthlite LMT Go-Pack, speciaal ontworpen door en voor masseurs on-the-go! Bestel hem bij TouchPro Europe","robots":{"index":"index","follow":"follow","max-snippet":"max-snippet:-1","max-image-preview":"max-image-preview:large","max-video-preview":"max-video-preview:-1"},"canonical":"https:\/\/touchproeurope.eu\/pt\/product\/earthlite-lmt-go-pack\/","og_locale":"pt_PT","og_type":"article","og_title":"Earthlite LMT Go-Pack","og_description":"Optimaliseer jouw mobiliteit en comfort met de Earthlite LMT Go-Pack, speciaal ontworpen door en voor masseurs on-the-go! Bestel hem bij TouchPro Europe","og_url":"https:\/\/touchproeurope.eu\/pt\/product\/earthlite-lmt-go-pack\/","og_site_name":"TouchPro Europe Shop","article_publisher":"https:\/\/www.facebook.com\/TouchproNederland\/?locale=nl_NL%2f","article_modified_time":"2026-04-22T09:31:40+00:00","og_image":[{"width":800,"height":800,"url":"https:\/\/touchproeurope.eu\/wp-content\/uploads\/2023\/11\/Earthlite-LMT-Go-Pack.jpg","type":"image\/jpeg"}],"twitter_card":"summary_large_image","twitter_misc":{"pre\u00e7o":"&euro;&nbsp;92,95 incl. BTW","Disponibilidade":"Em stock"},"schema":{"@context":"https:\/\/schema.org","@graph":[{"@type":"WebPage","@id":"https:\/\/touchproeurope.eu\/product\/earthlite-lmt-go-pack\/","url":"https:\/\/touchproeurope.eu\/product\/earthlite-lmt-go-pack\/","name":"Earthlite LMT Go-Pack - TouchPro Europe Shop","isPartOf":{"@id":"https:\/\/touchproeurope.eu\/#website"},"primaryImageOfPage":{"@id":"https:\/\/touchproeurope.eu\/product\/earthlite-lmt-go-pack\/#primaryimage"},"image":{"@id":"https:\/\/touchproeurope.eu\/product\/earthlite-lmt-go-pack\/#primaryimage"},"thumbnailUrl":"https:\/\/i0.wp.com\/touchproeurope.eu\/wp-content\/uploads\/2023\/11\/Earthlite-LMT-Go-Pack.jpg?fit=800%2C800&ssl=1","datePublished":"2023-11-09T16:00:35+00:00","dateModified":"2026-04-22T09:31:40+00:00","description":"Optimaliseer jouw mobiliteit en comfort met de Earthlite LMT Go-Pack, speciaal ontworpen door en voor masseurs on-the-go! Bestel hem bij TouchPro Europe","breadcrumb":{"@id":"https:\/\/touchproeurope.eu\/product\/earthlite-lmt-go-pack\/#breadcrumb"},"inLanguage":"pt-PT","potentialAction":[{"@type":"ReadAction","target":["https:\/\/touchproeurope.eu\/product\/earthlite-lmt-go-pack\/"]}]},{"@type":"ImageObject","inLanguage":"pt-PT","@id":"https:\/\/touchproeurope.eu\/product\/earthlite-lmt-go-pack\/#primaryimage","url":"https:\/\/i0.wp.com\/touchproeurope.eu\/wp-content\/uploads\/2023\/11\/Earthlite-LMT-Go-Pack.jpg?fit=800%2C800&ssl=1","contentUrl":"https:\/\/i0.wp.com\/touchproeurope.eu\/wp-content\/uploads\/2023\/11\/Earthlite-LMT-Go-Pack.jpg?fit=800%2C800&ssl=1","width":800,"height":800,"caption":"Earthlite LMT Go-Pack"},{"@type":"BreadcrumbList","@id":"https:\/\/touchproeurope.eu\/product\/earthlite-lmt-go-pack\/#breadcrumb","itemListElement":[{"@type":"ListItem","position":1,"name":"Home","item":"https:\/\/touchproeurope.eu\/"},{"@type":"ListItem","position":2,"name":"Winkel","item":"https:\/\/touchproeurope.eu\/winkel\/"},{"@type":"ListItem","position":3,"name":"Earthlite LMT Go-Pack"}]},{"@type":"WebSite","@id":"https:\/\/touchproeurope.eu\/#website","url":"https:\/\/touchproeurope.eu\/","name":"Loja TouchPro Europa","description":"Tudo para o seu consult\u00f3rio com um toque profissional!","publisher":{"@id":"https:\/\/touchproeurope.eu\/#organization"},"alternateName":"TPE","potentialAction":[{"@type":"SearchAction","target":{"@type":"EntryPoint","urlTemplate":"https:\/\/touchproeurope.eu\/?s={search_term_string}"},"query-input":{"@type":"PropertyValueSpecification","valueRequired":true,"valueName":"search_term_string"}}],"inLanguage":"pt-PT"},{"@type":"Organization","@id":"https:\/\/touchproeurope.eu\/#organization","name":"TouchPro Europa BV","alternateName":"TPE","url":"https:\/\/touchproeurope.eu\/","logo":{"@type":"ImageObject","inLanguage":"pt-PT","@id":"https:\/\/touchproeurope.eu\/#\/schema\/logo\/image\/","url":"https:\/\/i0.wp.com\/touchproeurope.eu\/wp-content\/uploads\/2023\/10\/2b592c_b6944d80811246d987cc2c29accedf3f.png?fit=1417%2C531&ssl=1","contentUrl":"https:\/\/i0.wp.com\/touchproeurope.eu\/wp-content\/uploads\/2023\/10\/2b592c_b6944d80811246d987cc2c29accedf3f.png?fit=1417%2C531&ssl=1","width":1417,"height":531,"caption":"TouchPro Europe BV"},"image":{"@id":"https:\/\/touchproeurope.eu\/#\/schema\/logo\/image\/"},"sameAs":["https:\/\/www.facebook.com\/TouchproNederland\/?locale=nl_NL\/","https:\/\/www.instagram.com\/touchpro2016\/","https:\/\/www.linkedin.com\/company\/touchpro-europe-bv\/"],"description":"A TouchPro Europe Shop \u00e9 a loja de massagens da Europa. Vendemos produtos de massagem de alta qualidade a massagistas, pedicuros, fisioterapeutas, manicures, centros de bem-estar, cursos de forma\u00e7\u00e3o, etc. A TouchPro come\u00e7ou por ser uma pequena loja nos Pa\u00edses Baixos, mas agora transformou-se numa loja com clientes de toda a Europa. Oferecemos uma vasta gama de produtos de massagem, incluindo mesas de massagem, \u00f3leos, cremes e acess\u00f3rios de marcas de topo como Earthlite, Stronglite e InnerStrenght, Habys, Living Earth Crafts e Continuum e outros fornecedores de acess\u00f3rios de massagem. Encomende aqui os melhores artigos de massagem da Europa!","email":"info@touchpro-europe.com","telephone":"0858768829","legalName":"TouchPro Europe BV","foundingDate":"2018-01-11","vatID":"NL855430151B01","numberOfEmployees":{"@type":"QuantitativeValue","minValue":"1","maxValue":"10"},"hasMerchantReturnPolicy":{"@type":"MerchantReturnPolicy","merchantReturnLink":"https:\/\/touchproeurope.eu\/pt\/retourbeleid\/"}}]},"product_price_amount":"92.95","product_price_currency":"EUR","og_availability":"instock","product_availability":"instock","product_retailer_item_id":"33445","product_condition":"new"},"_links":{"self":[{"href":"https:\/\/touchproeurope.eu\/pt\/wp-json\/wp\/v2\/product\/2985","targetHints":{"allow":["GET"]}}],"collection":[{"href":"https:\/\/touchproeurope.eu\/pt\/wp-json\/wp\/v2\/product"}],"about":[{"href":"https:\/\/touchproeurope.eu\/pt\/wp-json\/wp\/v2\/types\/product"}],"replies":[{"embeddable":true,"href":"https:\/\/touchproeurope.eu\/pt\/wp-json\/wp\/v2\/comments?post=2985"}],"version-history":[{"count":2,"href":"https:\/\/touchproeurope.eu\/pt\/wp-json\/wp\/v2\/product\/2985\/revisions"}],"predecessor-version":[{"id":4161,"href":"https:\/\/touchproeurope.eu\/pt\/wp-json\/wp\/v2\/product\/2985\/revisions\/4161"}],"wp:featuredmedia":[{"embeddable":true,"href":"https:\/\/touchproeurope.eu\/pt\/wp-json\/wp\/v2\/media\/4157"}],"wp:attachment":[{"href":"https:\/\/touchproeurope.eu\/pt\/wp-json\/wp\/v2\/media?parent=2985"}],"wp:term":[{"taxonomy":"product_brand","embeddable":true,"href":"https:\/\/touchproeurope.eu\/pt\/wp-json\/wp\/v2\/product_brand?post=2985"},{"taxonomy":"product_cat","embeddable":true,"href":"https:\/\/touchproeurope.eu\/pt\/wp-json\/wp\/v2\/product_cat?post=2985"},{"taxonomy":"product_tag","embeddable":true,"href":"https:\/\/touchproeurope.eu\/pt\/wp-json\/wp\/v2\/product_tag?post=2985"}],"curies":[{"name":"wp","href":"https:\/\/api.w.org\/{rel}","templated":true}]}}