{"id":3044,"date":"2023-11-09T16:02:46","date_gmt":"2023-11-09T16:02:46","guid":{"rendered":"https:\/\/touchproeurope.eu\/?post_type=product&#038;p=3044"},"modified":"2026-04-22T09:32:52","modified_gmt":"2026-04-22T09:32:52","slug":"earthlite-dura-luxe-flanel-fitted-sheet","status":"publish","type":"product","link":"https:\/\/touchproeurope.eu\/pt\/product\/earthlite-dura-luxe-flanel-fitted-sheet\/","title":{"rendered":"Len\u00e7ol de flanela Earthlite Dura-Luxe"},"content":{"rendered":"<p>Ontdek het ultieme comfort met de Earthlite Dura-Luxe Flannel fitted sheet voor je massagetafel. Gemaakt van voorgekrompen katoenen flannel. Daarnaast biedt dit hoeslaken niet alleen een perfecte pasvorm, maar ook een onge\u00ebvenaarde zachtheid, die zorgt voor een luxueuze ervaring.<\/p>\n<p>Het extra dikke flannel van topkwaliteit voelt niet alleen zijdezacht aan, maar biedt ook een goede bescherming voor je massagetafel. Geef je cli\u00ebnten het gevoel van puur genot. Met dit laken, dat verkrijgbaar is in twee kleuren: zuiver Wit en rustgevend Natural.<\/p>\n<p>Of je nu een professionele masseur bent, die streeft naar de hoogste standaarden of een wellnessliefhebber die thuis wil genieten van kwaliteit, de Earthlite Dura-Luxe Flannel fitted sheet past perfect bij jouw behoeften. Dankzij de hoogwaardige materialen ben je verzekerd van duurzaamheid.<\/p>\n<p>Gun jezelf het gemak van eenvoudig onderhoud, want dit hoeslaken is eenvoudig te wassen en behoudt zijn vorm en zachtheid, zelfs na herhaaldelijk gebruik. Ook voeg een vleugje luxe toe aan elke massage-ervaring en cre\u00eber een omgeving van totale ontspanning.<\/p>\n<p>Bestel vandaag nog en verhoog het comfort voor jou en je cli\u00ebnten!<\/p>","protected":false},"excerpt":{"rendered":"<p>Het Earthlite flanellen hoeslaken voor de massagetafel bestaat uit voorgekrompen katoenen flanel. Het laken is extra dik en zorgt daardoor voor een zacht en luxe, comfortabel gevoel.<\/p>\n<p>Leverbaar in de kleuren: Wit en Natural<\/p>","protected":false},"featured_media":3043,"comment_status":"open","ping_status":"closed","template":"","meta":[],"product_brand":[343],"product_cat":[109,480],"product_tag":[194,85,195,196],"class_list":{"0":"post-3044","1":"product","2":"type-product","3":"status-publish","4":"has-post-thumbnail","6":"product_brand-earthlite","7":"product_cat-katoenen-covers-tafellinnen","8":"product_cat-tafellinnen-covers","9":"product_tag-dura-luxe","10":"product_tag-earthlite","11":"product_tag-fitted-sheet","12":"product_tag-flanel","13":"product_shipping_class-klein-pakket","14":"pa_kleur-natural","15":"pa_kleur-wit","16":"pa_merk-earthlite","18":"first","19":"instock","20":"taxable","21":"shipping-taxable","22":"purchasable","23":"product-type-variable"},"yoast_head":"<!-- This site is optimized with the Yoast SEO Premium plugin v27.4 (Yoast SEO v27.4) - https:\/\/yoast.com\/product\/yoast-seo-premium-wordpress\/ -->\n<title>Earthlite Dura-Luxe Flannel fitted sheet - TouchPro Europe Shop<\/title>\n<meta name=\"description\" content=\"Kies voor de beste bescherming voor je massagetafel met de Earthlite Dura-Luxe Flanel fitted sheet. \ud83e\udd17 Bestel hem nu bij TouchPro Europe Shop\" \/>\n<meta name=\"robots\" content=\"index, follow, max-snippet:-1, max-image-preview:large, max-video-preview:-1\" \/>\n<link rel=\"canonical\" href=\"https:\/\/touchproeurope.eu\/pt\/product\/earthlite-dura-luxe-flanel-fitted-sheet\/\" \/>\n<meta property=\"og:locale\" content=\"pt_PT\" \/>\n<meta property=\"og:type\" content=\"article\" \/>\n<meta property=\"og:title\" content=\"Earthlite Dura-Luxe Flannel fitted sheet\" \/>\n<meta property=\"og:description\" content=\"Kies voor de beste bescherming voor je massagetafel met de Earthlite Dura-Luxe Flanel fitted sheet. \ud83e\udd17 Bestel hem nu bij TouchPro Europe Shop\" \/>\n<meta property=\"og:url\" content=\"https:\/\/touchproeurope.eu\/pt\/product\/earthlite-dura-luxe-flanel-fitted-sheet\/\" \/>\n<meta property=\"og:site_name\" content=\"TouchPro Europe Shop\" \/>\n<meta property=\"article:publisher\" content=\"https:\/\/www.facebook.com\/TouchproNederland\/?locale=nl_NL%2f\" \/>\n<meta property=\"article:modified_time\" content=\"2026-04-22T09:32:52+00:00\" \/>\n<meta property=\"og:image\" content=\"https:\/\/touchproeurope.eu\/wp-content\/uploads\/2023\/11\/1506767995-e1701614792846.jpg\" \/>\n\t<meta property=\"og:image:width\" content=\"800\" \/>\n\t<meta property=\"og:image:height\" content=\"800\" \/>\n\t<meta property=\"og:image:type\" content=\"image\/jpeg\" \/>\n<meta name=\"twitter:card\" content=\"summary_large_image\" \/>\n<meta name=\"twitter:label1\" content=\"Disponibilidade\" \/>\n\t<meta name=\"twitter:data1\" content=\"Em stock\" \/>\n<script type=\"application\/ld+json\" class=\"yoast-schema-graph\">{\"@context\":\"https:\\\/\\\/schema.org\",\"@graph\":[{\"@type\":\"WebPage\",\"@id\":\"https:\\\/\\\/touchproeurope.eu\\\/product\\\/earthlite-dura-luxe-flanel-fitted-sheet\\\/\",\"url\":\"https:\\\/\\\/touchproeurope.eu\\\/product\\\/earthlite-dura-luxe-flanel-fitted-sheet\\\/\",\"name\":\"Earthlite Dura-Luxe Flannel fitted sheet - TouchPro Europe Shop\",\"isPartOf\":{\"@id\":\"https:\\\/\\\/touchproeurope.eu\\\/#website\"},\"primaryImageOfPage\":{\"@id\":\"https:\\\/\\\/touchproeurope.eu\\\/product\\\/earthlite-dura-luxe-flanel-fitted-sheet\\\/#primaryimage\"},\"image\":{\"@id\":\"https:\\\/\\\/touchproeurope.eu\\\/product\\\/earthlite-dura-luxe-flanel-fitted-sheet\\\/#primaryimage\"},\"thumbnailUrl\":\"https:\\\/\\\/i0.wp.com\\\/touchproeurope.eu\\\/wp-content\\\/uploads\\\/2023\\\/11\\\/1506767995-e1701614792846.jpg?fit=800%2C800&ssl=1\",\"datePublished\":\"2023-11-09T16:02:46+00:00\",\"dateModified\":\"2026-04-22T09:32:52+00:00\",\"description\":\"Kies voor de beste bescherming voor je massagetafel met de Earthlite Dura-Luxe Flanel fitted sheet. \ud83e\udd17 Bestel hem nu bij TouchPro Europe Shop\",\"breadcrumb\":{\"@id\":\"https:\\\/\\\/touchproeurope.eu\\\/product\\\/earthlite-dura-luxe-flanel-fitted-sheet\\\/#breadcrumb\"},\"inLanguage\":\"pt-PT\",\"potentialAction\":[{\"@type\":\"ReadAction\",\"target\":[\"https:\\\/\\\/touchproeurope.eu\\\/product\\\/earthlite-dura-luxe-flanel-fitted-sheet\\\/\"]}]},{\"@type\":\"ImageObject\",\"inLanguage\":\"pt-PT\",\"@id\":\"https:\\\/\\\/touchproeurope.eu\\\/product\\\/earthlite-dura-luxe-flanel-fitted-sheet\\\/#primaryimage\",\"url\":\"https:\\\/\\\/i0.wp.com\\\/touchproeurope.eu\\\/wp-content\\\/uploads\\\/2023\\\/11\\\/1506767995-e1701614792846.jpg?fit=800%2C800&ssl=1\",\"contentUrl\":\"https:\\\/\\\/i0.wp.com\\\/touchproeurope.eu\\\/wp-content\\\/uploads\\\/2023\\\/11\\\/1506767995-e1701614792846.jpg?fit=800%2C800&ssl=1\",\"width\":800,\"height\":800,\"caption\":\"Earthlite Dura-Luxe Flanel fitted sheet\"},{\"@type\":\"BreadcrumbList\",\"@id\":\"https:\\\/\\\/touchproeurope.eu\\\/product\\\/earthlite-dura-luxe-flanel-fitted-sheet\\\/#breadcrumb\",\"itemListElement\":[{\"@type\":\"ListItem\",\"position\":1,\"name\":\"Home\",\"item\":\"https:\\\/\\\/touchproeurope.eu\\\/\"},{\"@type\":\"ListItem\",\"position\":2,\"name\":\"Winkel\",\"item\":\"https:\\\/\\\/touchproeurope.eu\\\/winkel\\\/\"},{\"@type\":\"ListItem\",\"position\":3,\"name\":\"Earthlite Dura-Luxe Flannel fitted sheet\"}]},{\"@type\":\"WebSite\",\"@id\":\"https:\\\/\\\/touchproeurope.eu\\\/#website\",\"url\":\"https:\\\/\\\/touchproeurope.eu\\\/\",\"name\":\"TouchPro Europe Shop\",\"description\":\"Alles voor jouw praktijk met een PROfessionele Touch!\",\"publisher\":{\"@id\":\"https:\\\/\\\/touchproeurope.eu\\\/#organization\"},\"alternateName\":\"TPE\",\"potentialAction\":[{\"@type\":\"SearchAction\",\"target\":{\"@type\":\"EntryPoint\",\"urlTemplate\":\"https:\\\/\\\/touchproeurope.eu\\\/?s={search_term_string}\"},\"query-input\":{\"@type\":\"PropertyValueSpecification\",\"valueRequired\":true,\"valueName\":\"search_term_string\"}}],\"inLanguage\":\"pt-PT\"},{\"@type\":\"Organization\",\"@id\":\"https:\\\/\\\/touchproeurope.eu\\\/#organization\",\"name\":\"TouchPro Europe BV\",\"alternateName\":\"TPE\",\"url\":\"https:\\\/\\\/touchproeurope.eu\\\/\",\"logo\":{\"@type\":\"ImageObject\",\"inLanguage\":\"pt-PT\",\"@id\":\"https:\\\/\\\/touchproeurope.eu\\\/#\\\/schema\\\/logo\\\/image\\\/\",\"url\":\"https:\\\/\\\/i0.wp.com\\\/touchproeurope.eu\\\/wp-content\\\/uploads\\\/2023\\\/10\\\/2b592c_b6944d80811246d987cc2c29accedf3f.png?fit=1417%2C531&ssl=1\",\"contentUrl\":\"https:\\\/\\\/i0.wp.com\\\/touchproeurope.eu\\\/wp-content\\\/uploads\\\/2023\\\/10\\\/2b592c_b6944d80811246d987cc2c29accedf3f.png?fit=1417%2C531&ssl=1\",\"width\":1417,\"height\":531,\"caption\":\"TouchPro Europe BV\"},\"image\":{\"@id\":\"https:\\\/\\\/touchproeurope.eu\\\/#\\\/schema\\\/logo\\\/image\\\/\"},\"sameAs\":[\"https:\\\/\\\/www.facebook.com\\\/TouchproNederland\\\/?locale=nl_NL\\\/\",\"https:\\\/\\\/www.instagram.com\\\/touchpro2016\\\/\",\"https:\\\/\\\/www.linkedin.com\\\/company\\\/touchpro-europe-bv\\\/\"],\"description\":\"TouchPro Europe Shop is de massage winkel van Europa. Wij verkopen topkwaliteit massageproducten aan masseurs, pedicures, fysiotherapeuten, manicuren, Wellness centra, opleidingen, etc. TouchPro begon als een kleine webshop in Nederland, maar is nu uitgegroeid tot een webshop met klanten uit heel Europa. Wij bieden een breed assortiment aan massageproducten, waaronder massagetafels, oli\u00ebn, cr\u00e8mes, en accessoires van topmerken, zoals Earthlite, Stronglite en InnerStrenght, Habys, Living Earth Crafts en Continuum en andere leveranciers van massage accessoires. Bestel hier de beste massagematerialen van Europa!\",\"email\":\"info@touchpro-europe.com\",\"telephone\":\"0858768829\",\"legalName\":\"TouchPro Europe BV\",\"foundingDate\":\"2018-01-11\",\"vatID\":\"NL855430151B01\",\"numberOfEmployees\":{\"@type\":\"QuantitativeValue\",\"minValue\":\"1\",\"maxValue\":\"10\"},\"hasMerchantReturnPolicy\":{\"@type\":\"MerchantReturnPolicy\",\"merchantReturnLink\":\"https:\\\/\\\/touchproeurope.eu\\\/pt\\\/retourbeleid\\\/\"}}]}<\/script>\n<meta property=\"product:brand\" content=\"Earthlite\" \/>\n<meta property=\"og:availability\" content=\"instock\" \/>\n<meta property=\"product:availability\" content=\"instock\" \/>\n<meta property=\"product:retailer_item_id\" content=\"42050\" \/>\n<meta property=\"product:condition\" content=\"new\" \/>\n<!-- \/ Yoast SEO Premium plugin. -->","yoast_head_json":{"title":"Earthlite Dura-Luxe Flannel fitted sheet - TouchPro Europe Shop","description":"Kies voor de beste bescherming voor je massagetafel met de Earthlite Dura-Luxe Flanel fitted sheet. \ud83e\udd17 Bestel hem nu bij TouchPro Europe Shop","robots":{"index":"index","follow":"follow","max-snippet":"max-snippet:-1","max-image-preview":"max-image-preview:large","max-video-preview":"max-video-preview:-1"},"canonical":"https:\/\/touchproeurope.eu\/pt\/product\/earthlite-dura-luxe-flanel-fitted-sheet\/","og_locale":"pt_PT","og_type":"article","og_title":"Earthlite Dura-Luxe Flannel fitted sheet","og_description":"Kies voor de beste bescherming voor je massagetafel met de Earthlite Dura-Luxe Flanel fitted sheet. \ud83e\udd17 Bestel hem nu bij TouchPro Europe Shop","og_url":"https:\/\/touchproeurope.eu\/pt\/product\/earthlite-dura-luxe-flanel-fitted-sheet\/","og_site_name":"TouchPro Europe Shop","article_publisher":"https:\/\/www.facebook.com\/TouchproNederland\/?locale=nl_NL%2f","article_modified_time":"2026-04-22T09:32:52+00:00","og_image":[{"width":800,"height":800,"url":"https:\/\/touchproeurope.eu\/wp-content\/uploads\/2023\/11\/1506767995-e1701614792846.jpg","type":"image\/jpeg"}],"twitter_card":"summary_large_image","twitter_misc":{"Disponibilidade":"Em stock"},"schema":{"@context":"https:\/\/schema.org","@graph":[{"@type":"WebPage","@id":"https:\/\/touchproeurope.eu\/product\/earthlite-dura-luxe-flanel-fitted-sheet\/","url":"https:\/\/touchproeurope.eu\/product\/earthlite-dura-luxe-flanel-fitted-sheet\/","name":"Earthlite Dura-Luxe Flannel fitted sheet - TouchPro Europe Shop","isPartOf":{"@id":"https:\/\/touchproeurope.eu\/#website"},"primaryImageOfPage":{"@id":"https:\/\/touchproeurope.eu\/product\/earthlite-dura-luxe-flanel-fitted-sheet\/#primaryimage"},"image":{"@id":"https:\/\/touchproeurope.eu\/product\/earthlite-dura-luxe-flanel-fitted-sheet\/#primaryimage"},"thumbnailUrl":"https:\/\/i0.wp.com\/touchproeurope.eu\/wp-content\/uploads\/2023\/11\/1506767995-e1701614792846.jpg?fit=800%2C800&ssl=1","datePublished":"2023-11-09T16:02:46+00:00","dateModified":"2026-04-22T09:32:52+00:00","description":"Kies voor de beste bescherming voor je massagetafel met de Earthlite Dura-Luxe Flanel fitted sheet. \ud83e\udd17 Bestel hem nu bij TouchPro Europe Shop","breadcrumb":{"@id":"https:\/\/touchproeurope.eu\/product\/earthlite-dura-luxe-flanel-fitted-sheet\/#breadcrumb"},"inLanguage":"pt-PT","potentialAction":[{"@type":"ReadAction","target":["https:\/\/touchproeurope.eu\/product\/earthlite-dura-luxe-flanel-fitted-sheet\/"]}]},{"@type":"ImageObject","inLanguage":"pt-PT","@id":"https:\/\/touchproeurope.eu\/product\/earthlite-dura-luxe-flanel-fitted-sheet\/#primaryimage","url":"https:\/\/i0.wp.com\/touchproeurope.eu\/wp-content\/uploads\/2023\/11\/1506767995-e1701614792846.jpg?fit=800%2C800&ssl=1","contentUrl":"https:\/\/i0.wp.com\/touchproeurope.eu\/wp-content\/uploads\/2023\/11\/1506767995-e1701614792846.jpg?fit=800%2C800&ssl=1","width":800,"height":800,"caption":"Earthlite Dura-Luxe Flanel fitted sheet"},{"@type":"BreadcrumbList","@id":"https:\/\/touchproeurope.eu\/product\/earthlite-dura-luxe-flanel-fitted-sheet\/#breadcrumb","itemListElement":[{"@type":"ListItem","position":1,"name":"Home","item":"https:\/\/touchproeurope.eu\/"},{"@type":"ListItem","position":2,"name":"Winkel","item":"https:\/\/touchproeurope.eu\/winkel\/"},{"@type":"ListItem","position":3,"name":"Earthlite Dura-Luxe Flannel fitted sheet"}]},{"@type":"WebSite","@id":"https:\/\/touchproeurope.eu\/#website","url":"https:\/\/touchproeurope.eu\/","name":"Loja TouchPro Europa","description":"Tudo para o seu consult\u00f3rio com um toque profissional!","publisher":{"@id":"https:\/\/touchproeurope.eu\/#organization"},"alternateName":"TPE","potentialAction":[{"@type":"SearchAction","target":{"@type":"EntryPoint","urlTemplate":"https:\/\/touchproeurope.eu\/?s={search_term_string}"},"query-input":{"@type":"PropertyValueSpecification","valueRequired":true,"valueName":"search_term_string"}}],"inLanguage":"pt-PT"},{"@type":"Organization","@id":"https:\/\/touchproeurope.eu\/#organization","name":"TouchPro Europa BV","alternateName":"TPE","url":"https:\/\/touchproeurope.eu\/","logo":{"@type":"ImageObject","inLanguage":"pt-PT","@id":"https:\/\/touchproeurope.eu\/#\/schema\/logo\/image\/","url":"https:\/\/i0.wp.com\/touchproeurope.eu\/wp-content\/uploads\/2023\/10\/2b592c_b6944d80811246d987cc2c29accedf3f.png?fit=1417%2C531&ssl=1","contentUrl":"https:\/\/i0.wp.com\/touchproeurope.eu\/wp-content\/uploads\/2023\/10\/2b592c_b6944d80811246d987cc2c29accedf3f.png?fit=1417%2C531&ssl=1","width":1417,"height":531,"caption":"TouchPro Europe BV"},"image":{"@id":"https:\/\/touchproeurope.eu\/#\/schema\/logo\/image\/"},"sameAs":["https:\/\/www.facebook.com\/TouchproNederland\/?locale=nl_NL\/","https:\/\/www.instagram.com\/touchpro2016\/","https:\/\/www.linkedin.com\/company\/touchpro-europe-bv\/"],"description":"A TouchPro Europe Shop \u00e9 a loja de massagens da Europa. Vendemos produtos de massagem de alta qualidade a massagistas, pedicuros, fisioterapeutas, manicures, centros de bem-estar, cursos de forma\u00e7\u00e3o, etc. A TouchPro come\u00e7ou por ser uma pequena loja nos Pa\u00edses Baixos, mas agora transformou-se numa loja com clientes de toda a Europa. Oferecemos uma vasta gama de produtos de massagem, incluindo mesas de massagem, \u00f3leos, cremes e acess\u00f3rios de marcas de topo como Earthlite, Stronglite e InnerStrenght, Habys, Living Earth Crafts e Continuum e outros fornecedores de acess\u00f3rios de massagem. Encomende aqui os melhores artigos de massagem da Europa!","email":"info@touchpro-europe.com","telephone":"0858768829","legalName":"TouchPro Europe BV","foundingDate":"2018-01-11","vatID":"NL855430151B01","numberOfEmployees":{"@type":"QuantitativeValue","minValue":"1","maxValue":"10"},"hasMerchantReturnPolicy":{"@type":"MerchantReturnPolicy","merchantReturnLink":"https:\/\/touchproeurope.eu\/pt\/retourbeleid\/"}}]},"product_brand":"Earthlite","og_availability":"instock","product_availability":"instock","product_retailer_item_id":"42050","product_condition":"new"},"_links":{"self":[{"href":"https:\/\/touchproeurope.eu\/pt\/wp-json\/wp\/v2\/product\/3044","targetHints":{"allow":["GET"]}}],"collection":[{"href":"https:\/\/touchproeurope.eu\/pt\/wp-json\/wp\/v2\/product"}],"about":[{"href":"https:\/\/touchproeurope.eu\/pt\/wp-json\/wp\/v2\/types\/product"}],"replies":[{"embeddable":true,"href":"https:\/\/touchproeurope.eu\/pt\/wp-json\/wp\/v2\/comments?post=3044"}],"version-history":[{"count":5,"href":"https:\/\/touchproeurope.eu\/pt\/wp-json\/wp\/v2\/product\/3044\/revisions"}],"predecessor-version":[{"id":15079,"href":"https:\/\/touchproeurope.eu\/pt\/wp-json\/wp\/v2\/product\/3044\/revisions\/15079"}],"wp:featuredmedia":[{"embeddable":true,"href":"https:\/\/touchproeurope.eu\/pt\/wp-json\/wp\/v2\/media\/3043"}],"wp:attachment":[{"href":"https:\/\/touchproeurope.eu\/pt\/wp-json\/wp\/v2\/media?parent=3044"}],"wp:term":[{"taxonomy":"product_brand","embeddable":true,"href":"https:\/\/touchproeurope.eu\/pt\/wp-json\/wp\/v2\/product_brand?post=3044"},{"taxonomy":"product_cat","embeddable":true,"href":"https:\/\/touchproeurope.eu\/pt\/wp-json\/wp\/v2\/product_cat?post=3044"},{"taxonomy":"product_tag","embeddable":true,"href":"https:\/\/touchproeurope.eu\/pt\/wp-json\/wp\/v2\/product_tag?post=3044"}],"curies":[{"name":"wp","href":"https:\/\/api.w.org\/{rel}","templated":true}]}}