{"id":3048,"date":"2023-11-09T16:02:49","date_gmt":"2023-11-09T16:02:49","guid":{"rendered":"https:\/\/touchproeurope.eu\/?post_type=product&#038;p=3048"},"modified":"2026-04-22T09:31:51","modified_gmt":"2026-04-22T09:31:51","slug":"base-de-velo-de-cobertura-crescente","status":"publish","type":"product","link":"https:\/\/touchproeurope.eu\/pt\/product\/crescent-cover-fleece-basics\/","title":{"rendered":"B\u00e1sicos do velo de cobertura Crescent"},"content":{"rendered":"<p>A Crescent Cover Fleece Basics oferece a m\u00e1xima prote\u00e7\u00e3o e conforto para a sua mesa de massagens. Concebida para cobrir a sua mesa, esta cobertura de alta qualidade oferece uma experi\u00eancia de luxo aos seus clientes. O material em velo \u00e9 maravilhosamente macio ao toque e extremamente respir\u00e1vel, tornando-o ideal para uma massagem confort\u00e1vel.<\/p>\n<p>A capa Crescent Cover Fleece Basics tem um ajuste perfeito gra\u00e7as aos seus rebordos el\u00e1sticos. Isto mant\u00e9m a cobertura firmemente no s\u00edtio, mesmo durante sess\u00f5es intensivas. Isto evita desloca\u00e7\u00f5es e garante que os seus clientes possam sempre relaxar de forma \u00f3ptima. Al\u00e9m disso, \u00e9 f\u00e1cil de aplicar e remover.<\/p>\n<p>Esta capa de velo n\u00e3o \u00e9 apenas funcional, mas tamb\u00e9m pr\u00e1tica. Esta capa de massagem feita de material macio pode ser facilmente lavada na m\u00e1quina de lavar, contribuindo para um ambiente de trabalho higi\u00e9nico. O material seca rapidamente, pelo que pode voltar a utilizar a capa rapidamente.<\/p>\n<p>Para um aspeto profissional e uma utiliza\u00e7\u00e3o a longo prazo, esta capa de massagem macia \u00e9 uma excelente escolha. A capa oferece conforto e prote\u00e7\u00e3o e \u00e9 adequada para mesas de massagem de tamanho normal. Quer seja um terapeuta experiente ou tenha uma pr\u00e1tica de massagem em casa, esta capa de velo \u00e9 um complemento valioso.<\/p>\n<p>Em suma, com a capa Crescent Cover Fleece Basics, est\u00e1 a investir em qualidade e luxo. Esta capa aumenta o conforto dos seus clientes e protege eficazmente a sua mesa de massagem.<\/p>","protected":false},"excerpt":{"rendered":"<p>De Crescent Cover Fleece Basics biedt de ultieme bescherming en comfort voor uw massagetafel. Deze hoogwaardige hoes is ontworpen om uw tafel te bedekken en biedt een luxueuze ervaring voor uw klanten. Het fleece-materiaal voelt heerlijk zacht aan en is bijzonder ademend, waardoor het ideaal is voor een comfortabele massage. De Crescent Cover Fleece Basics [&hellip;]<\/p>\n","protected":false},"featured_media":6534,"comment_status":"open","ping_status":"closed","template":"","meta":[],"product_brand":[343],"product_cat":[108,480,104],"product_tag":[296,85,294,295],"class_list":{"0":"post-3048","1":"product","2":"type-product","3":"status-publish","4":"has-post-thumbnail","6":"product_brand-earthlite","7":"product_cat-reinigbare-covers-tafellinnen","8":"product_cat-tafellinnen-covers","9":"product_cat-tafelwarmers","10":"product_tag-crescent","11":"product_tag-earthlite","12":"product_tag-massagecover","13":"product_tag-reinigbaar","14":"product_shipping_class-klein-pakket","15":"pa_kleur-wit","16":"pa_merk-earthlite","18":"first","19":"instock","20":"taxable","21":"shipping-taxable","22":"purchasable","23":"product-type-simple"},"yoast_head":"<!-- This site is optimized with the Yoast SEO Premium plugin v27.4 (Yoast SEO v27.5) - https:\/\/yoast.com\/product\/yoast-seo-premium-wordpress\/ -->\n<title>Crescent Cover Fleece Basics - TouchPro Europe Shop<\/title>\n<meta name=\"description\" content=\"Bekijk nu de Crescent Cover Fleece Basics en bescherm uw hoofdkussen en geef uw client het optimale comfort dat ze verdient. Bestel ze bij TouchPro Europe!\" \/>\n<meta name=\"robots\" content=\"index, follow, max-snippet:-1, max-image-preview:large, max-video-preview:-1\" \/>\n<link rel=\"canonical\" href=\"https:\/\/touchproeurope.eu\/pt\/product\/base-de-velo-de-cobertura-crescente\/\" \/>\n<meta property=\"og:locale\" content=\"pt_PT\" \/>\n<meta property=\"og:type\" content=\"article\" \/>\n<meta property=\"og:title\" content=\"Crescent Cover Fleece Basics\" \/>\n<meta property=\"og:description\" content=\"Bekijk nu de Crescent Cover Fleece Basics en bescherm uw hoofdkussen en geef uw client het optimale comfort dat ze verdient. Bestel ze bij TouchPro Europe!\" \/>\n<meta property=\"og:url\" content=\"https:\/\/touchproeurope.eu\/pt\/product\/base-de-velo-de-cobertura-crescente\/\" \/>\n<meta property=\"og:site_name\" content=\"TouchPro Europe Shop\" \/>\n<meta property=\"article:publisher\" content=\"https:\/\/www.facebook.com\/TouchproNederland\/?locale=nl_NL%2f\" \/>\n<meta property=\"article:modified_time\" content=\"2026-04-22T09:31:51+00:00\" \/>\n<meta property=\"og:image\" content=\"https:\/\/touchproeurope.eu\/wp-content\/uploads\/2023\/11\/30485308508_8b5b31fa93_c.jpg\" \/>\n\t<meta property=\"og:image:width\" content=\"800\" \/>\n\t<meta property=\"og:image:height\" content=\"800\" \/>\n\t<meta property=\"og:image:type\" content=\"image\/jpeg\" \/>\n<meta name=\"twitter:card\" content=\"summary_large_image\" \/>\n<meta name=\"twitter:label1\" content=\"pre\u00e7o\" \/>\n\t<meta name=\"twitter:data1\" content=\"&euro;&nbsp;14,00 incl. BTW\" \/>\n\t<meta name=\"twitter:label2\" content=\"Disponibilidade\" \/>\n\t<meta name=\"twitter:data2\" content=\"Em stock\" \/>\n<script type=\"application\/ld+json\" class=\"yoast-schema-graph\">{\"@context\":\"https:\\\/\\\/schema.org\",\"@graph\":[{\"@type\":\"WebPage\",\"@id\":\"https:\\\/\\\/touchproeurope.eu\\\/product\\\/crescent-cover-fleece-basics\\\/\",\"url\":\"https:\\\/\\\/touchproeurope.eu\\\/product\\\/crescent-cover-fleece-basics\\\/\",\"name\":\"Crescent Cover Fleece Basics - TouchPro Europe Shop\",\"isPartOf\":{\"@id\":\"https:\\\/\\\/touchproeurope.eu\\\/#website\"},\"primaryImageOfPage\":{\"@id\":\"https:\\\/\\\/touchproeurope.eu\\\/product\\\/crescent-cover-fleece-basics\\\/#primaryimage\"},\"image\":{\"@id\":\"https:\\\/\\\/touchproeurope.eu\\\/product\\\/crescent-cover-fleece-basics\\\/#primaryimage\"},\"thumbnailUrl\":\"https:\\\/\\\/i0.wp.com\\\/touchproeurope.eu\\\/wp-content\\\/uploads\\\/2023\\\/11\\\/30485308508_8b5b31fa93_c.jpg?fit=800%2C800&ssl=1\",\"datePublished\":\"2023-11-09T16:02:49+00:00\",\"dateModified\":\"2026-04-22T09:31:51+00:00\",\"description\":\"Bekijk nu de Crescent Cover Fleece Basics en bescherm uw hoofdkussen en geef uw client het optimale comfort dat ze verdient. Bestel ze bij TouchPro Europe!\",\"breadcrumb\":{\"@id\":\"https:\\\/\\\/touchproeurope.eu\\\/product\\\/crescent-cover-fleece-basics\\\/#breadcrumb\"},\"inLanguage\":\"pt-PT\",\"potentialAction\":[{\"@type\":\"ReadAction\",\"target\":[\"https:\\\/\\\/touchproeurope.eu\\\/product\\\/crescent-cover-fleece-basics\\\/\"]}]},{\"@type\":\"ImageObject\",\"inLanguage\":\"pt-PT\",\"@id\":\"https:\\\/\\\/touchproeurope.eu\\\/product\\\/crescent-cover-fleece-basics\\\/#primaryimage\",\"url\":\"https:\\\/\\\/i0.wp.com\\\/touchproeurope.eu\\\/wp-content\\\/uploads\\\/2023\\\/11\\\/30485308508_8b5b31fa93_c.jpg?fit=800%2C800&ssl=1\",\"contentUrl\":\"https:\\\/\\\/i0.wp.com\\\/touchproeurope.eu\\\/wp-content\\\/uploads\\\/2023\\\/11\\\/30485308508_8b5b31fa93_c.jpg?fit=800%2C800&ssl=1\",\"width\":800,\"height\":800,\"caption\":\"Crescent Cover Fleece Basics\"},{\"@type\":\"BreadcrumbList\",\"@id\":\"https:\\\/\\\/touchproeurope.eu\\\/product\\\/crescent-cover-fleece-basics\\\/#breadcrumb\",\"itemListElement\":[{\"@type\":\"ListItem\",\"position\":1,\"name\":\"Home\",\"item\":\"https:\\\/\\\/touchproeurope.eu\\\/\"},{\"@type\":\"ListItem\",\"position\":2,\"name\":\"Winkel\",\"item\":\"https:\\\/\\\/touchproeurope.eu\\\/winkel\\\/\"},{\"@type\":\"ListItem\",\"position\":3,\"name\":\"Crescent Cover Fleece Basics\"}]},{\"@type\":\"WebSite\",\"@id\":\"https:\\\/\\\/touchproeurope.eu\\\/#website\",\"url\":\"https:\\\/\\\/touchproeurope.eu\\\/\",\"name\":\"TouchPro Europe Shop\",\"description\":\"Alles voor jouw praktijk met een PROfessionele Touch!\",\"publisher\":{\"@id\":\"https:\\\/\\\/touchproeurope.eu\\\/#organization\"},\"alternateName\":\"TPE\",\"potentialAction\":[{\"@type\":\"SearchAction\",\"target\":{\"@type\":\"EntryPoint\",\"urlTemplate\":\"https:\\\/\\\/touchproeurope.eu\\\/?s={search_term_string}\"},\"query-input\":{\"@type\":\"PropertyValueSpecification\",\"valueRequired\":true,\"valueName\":\"search_term_string\"}}],\"inLanguage\":\"pt-PT\"},{\"@type\":\"Organization\",\"@id\":\"https:\\\/\\\/touchproeurope.eu\\\/#organization\",\"name\":\"TouchPro Europe BV\",\"alternateName\":\"TPE\",\"url\":\"https:\\\/\\\/touchproeurope.eu\\\/\",\"logo\":{\"@type\":\"ImageObject\",\"inLanguage\":\"pt-PT\",\"@id\":\"https:\\\/\\\/touchproeurope.eu\\\/#\\\/schema\\\/logo\\\/image\\\/\",\"url\":\"https:\\\/\\\/i0.wp.com\\\/touchproeurope.eu\\\/wp-content\\\/uploads\\\/2023\\\/10\\\/2b592c_b6944d80811246d987cc2c29accedf3f.png?fit=1417%2C531&ssl=1\",\"contentUrl\":\"https:\\\/\\\/i0.wp.com\\\/touchproeurope.eu\\\/wp-content\\\/uploads\\\/2023\\\/10\\\/2b592c_b6944d80811246d987cc2c29accedf3f.png?fit=1417%2C531&ssl=1\",\"width\":1417,\"height\":531,\"caption\":\"TouchPro Europe BV\"},\"image\":{\"@id\":\"https:\\\/\\\/touchproeurope.eu\\\/#\\\/schema\\\/logo\\\/image\\\/\"},\"sameAs\":[\"https:\\\/\\\/www.facebook.com\\\/TouchproNederland\\\/?locale=nl_NL\\\/\",\"https:\\\/\\\/www.instagram.com\\\/touchpro2016\\\/\",\"https:\\\/\\\/www.linkedin.com\\\/company\\\/touchpro-europe-bv\\\/\"],\"description\":\"TouchPro Europe Shop is de massage winkel van Europa. Wij verkopen topkwaliteit massageproducten aan masseurs, pedicures, fysiotherapeuten, manicuren, Wellness centra, opleidingen, etc. TouchPro begon als een kleine webshop in Nederland, maar is nu uitgegroeid tot een webshop met klanten uit heel Europa. Wij bieden een breed assortiment aan massageproducten, waaronder massagetafels, oli\u00ebn, cr\u00e8mes, en accessoires van topmerken, zoals Earthlite, Stronglite en InnerStrenght, Habys, Living Earth Crafts en Continuum en andere leveranciers van massage accessoires. Bestel hier de beste massagematerialen van Europa!\",\"email\":\"info@touchpro-europe.com\",\"telephone\":\"0858768829\",\"legalName\":\"TouchPro Europe BV\",\"foundingDate\":\"2018-01-11\",\"vatID\":\"NL855430151B01\",\"numberOfEmployees\":{\"@type\":\"QuantitativeValue\",\"minValue\":\"1\",\"maxValue\":\"10\"},\"hasMerchantReturnPolicy\":{\"@type\":\"MerchantReturnPolicy\",\"merchantReturnLink\":\"https:\\\/\\\/touchproeurope.eu\\\/pt\\\/retourbeleid\\\/\"}}]}<\/script>\n<meta property=\"product:brand\" content=\"Earthlite\" \/>\n<meta property=\"product:price:amount\" content=\"14.00\" \/>\n<meta property=\"product:price:currency\" content=\"EUR\" \/>\n<meta property=\"og:availability\" content=\"instock\" \/>\n<meta property=\"product:availability\" content=\"instock\" \/>\n<meta property=\"product:retailer_item_id\" content=\"42300\" \/>\n<meta property=\"product:condition\" content=\"new\" \/>\n<!-- \/ Yoast SEO Premium plugin. -->","yoast_head_json":{"title":"Cobertura Crescent Fleece Basics - TouchPro Europe Shop","description":"Descubra agora a Crescent Cover Fleece Basics e proteja a sua almofada e d\u00ea ao seu cliente o conforto ideal que ele merece. Encomende-as na TouchPro Europe!","robots":{"index":"index","follow":"follow","max-snippet":"max-snippet:-1","max-image-preview":"max-image-preview:large","max-video-preview":"max-video-preview:-1"},"canonical":"https:\/\/touchproeurope.eu\/pt\/product\/base-de-velo-de-cobertura-crescente\/","og_locale":"pt_PT","og_type":"article","og_title":"Crescent Cover Fleece Basics","og_description":"Bekijk nu de Crescent Cover Fleece Basics en bescherm uw hoofdkussen en geef uw client het optimale comfort dat ze verdient. Bestel ze bij TouchPro Europe!","og_url":"https:\/\/touchproeurope.eu\/pt\/product\/base-de-velo-de-cobertura-crescente\/","og_site_name":"TouchPro Europe Shop","article_publisher":"https:\/\/www.facebook.com\/TouchproNederland\/?locale=nl_NL%2f","article_modified_time":"2026-04-22T09:31:51+00:00","og_image":[{"width":800,"height":800,"url":"https:\/\/touchproeurope.eu\/wp-content\/uploads\/2023\/11\/30485308508_8b5b31fa93_c.jpg","type":"image\/jpeg"}],"twitter_card":"summary_large_image","twitter_misc":{"pre\u00e7o":"&euro;&nbsp;14,00 incl. BTW","Disponibilidade":"Em stock"},"schema":{"@context":"https:\/\/schema.org","@graph":[{"@type":"WebPage","@id":"https:\/\/touchproeurope.eu\/product\/crescent-cover-fleece-basics\/","url":"https:\/\/touchproeurope.eu\/product\/crescent-cover-fleece-basics\/","name":"Cobertura Crescent Fleece Basics - TouchPro Europe Shop","isPartOf":{"@id":"https:\/\/touchproeurope.eu\/#website"},"primaryImageOfPage":{"@id":"https:\/\/touchproeurope.eu\/product\/crescent-cover-fleece-basics\/#primaryimage"},"image":{"@id":"https:\/\/touchproeurope.eu\/product\/crescent-cover-fleece-basics\/#primaryimage"},"thumbnailUrl":"https:\/\/i0.wp.com\/touchproeurope.eu\/wp-content\/uploads\/2023\/11\/30485308508_8b5b31fa93_c.jpg?fit=800%2C800&ssl=1","datePublished":"2023-11-09T16:02:49+00:00","dateModified":"2026-04-22T09:31:51+00:00","description":"Descubra agora a Crescent Cover Fleece Basics e proteja a sua almofada e d\u00ea ao seu cliente o conforto ideal que ele merece. Encomende-as na TouchPro Europe!","breadcrumb":{"@id":"https:\/\/touchproeurope.eu\/product\/crescent-cover-fleece-basics\/#breadcrumb"},"inLanguage":"pt-PT","potentialAction":[{"@type":"ReadAction","target":["https:\/\/touchproeurope.eu\/product\/crescent-cover-fleece-basics\/"]}]},{"@type":"ImageObject","inLanguage":"pt-PT","@id":"https:\/\/touchproeurope.eu\/product\/crescent-cover-fleece-basics\/#primaryimage","url":"https:\/\/i0.wp.com\/touchproeurope.eu\/wp-content\/uploads\/2023\/11\/30485308508_8b5b31fa93_c.jpg?fit=800%2C800&ssl=1","contentUrl":"https:\/\/i0.wp.com\/touchproeurope.eu\/wp-content\/uploads\/2023\/11\/30485308508_8b5b31fa93_c.jpg?fit=800%2C800&ssl=1","width":800,"height":800,"caption":"Crescent Cover Fleece Basics"},{"@type":"BreadcrumbList","@id":"https:\/\/touchproeurope.eu\/product\/crescent-cover-fleece-basics\/#breadcrumb","itemListElement":[{"@type":"ListItem","position":1,"name":"Home","item":"https:\/\/touchproeurope.eu\/"},{"@type":"ListItem","position":2,"name":"Winkel","item":"https:\/\/touchproeurope.eu\/winkel\/"},{"@type":"ListItem","position":3,"name":"Crescent Cover Fleece Basics"}]},{"@type":"WebSite","@id":"https:\/\/touchproeurope.eu\/#website","url":"https:\/\/touchproeurope.eu\/","name":"Loja TouchPro Europa","description":"Tudo para o seu consult\u00f3rio com um toque profissional!","publisher":{"@id":"https:\/\/touchproeurope.eu\/#organization"},"alternateName":"TPE","potentialAction":[{"@type":"SearchAction","target":{"@type":"EntryPoint","urlTemplate":"https:\/\/touchproeurope.eu\/?s={search_term_string}"},"query-input":{"@type":"PropertyValueSpecification","valueRequired":true,"valueName":"search_term_string"}}],"inLanguage":"pt-PT"},{"@type":"Organization","@id":"https:\/\/touchproeurope.eu\/#organization","name":"TouchPro Europa BV","alternateName":"TPE","url":"https:\/\/touchproeurope.eu\/","logo":{"@type":"ImageObject","inLanguage":"pt-PT","@id":"https:\/\/touchproeurope.eu\/#\/schema\/logo\/image\/","url":"https:\/\/i0.wp.com\/touchproeurope.eu\/wp-content\/uploads\/2023\/10\/2b592c_b6944d80811246d987cc2c29accedf3f.png?fit=1417%2C531&ssl=1","contentUrl":"https:\/\/i0.wp.com\/touchproeurope.eu\/wp-content\/uploads\/2023\/10\/2b592c_b6944d80811246d987cc2c29accedf3f.png?fit=1417%2C531&ssl=1","width":1417,"height":531,"caption":"TouchPro Europe BV"},"image":{"@id":"https:\/\/touchproeurope.eu\/#\/schema\/logo\/image\/"},"sameAs":["https:\/\/www.facebook.com\/TouchproNederland\/?locale=nl_NL\/","https:\/\/www.instagram.com\/touchpro2016\/","https:\/\/www.linkedin.com\/company\/touchpro-europe-bv\/"],"description":"A TouchPro Europe Shop \u00e9 a loja de massagens da Europa. Vendemos produtos de massagem de alta qualidade a massagistas, pedicuros, fisioterapeutas, manicures, centros de bem-estar, cursos de forma\u00e7\u00e3o, etc. A TouchPro come\u00e7ou por ser uma pequena loja nos Pa\u00edses Baixos, mas agora transformou-se numa loja com clientes de toda a Europa. Oferecemos uma vasta gama de produtos de massagem, incluindo mesas de massagem, \u00f3leos, cremes e acess\u00f3rios de marcas de topo como Earthlite, Stronglite e InnerStrenght, Habys, Living Earth Crafts e Continuum e outros fornecedores de acess\u00f3rios de massagem. Encomende aqui os melhores artigos de massagem da Europa!","email":"info@touchpro-europe.com","telephone":"0858768829","legalName":"TouchPro Europe BV","foundingDate":"2018-01-11","vatID":"NL855430151B01","numberOfEmployees":{"@type":"QuantitativeValue","minValue":"1","maxValue":"10"},"hasMerchantReturnPolicy":{"@type":"MerchantReturnPolicy","merchantReturnLink":"https:\/\/touchproeurope.eu\/pt\/retourbeleid\/"}}]},"product_brand":"Earthlite","product_price_amount":"14.00","product_price_currency":"EUR","og_availability":"instock","product_availability":"instock","product_retailer_item_id":"42300","product_condition":"new"},"_links":{"self":[{"href":"https:\/\/touchproeurope.eu\/pt\/wp-json\/wp\/v2\/product\/3048","targetHints":{"allow":["GET"]}}],"collection":[{"href":"https:\/\/touchproeurope.eu\/pt\/wp-json\/wp\/v2\/product"}],"about":[{"href":"https:\/\/touchproeurope.eu\/pt\/wp-json\/wp\/v2\/types\/product"}],"replies":[{"embeddable":true,"href":"https:\/\/touchproeurope.eu\/pt\/wp-json\/wp\/v2\/comments?post=3048"}],"version-history":[{"count":3,"href":"https:\/\/touchproeurope.eu\/pt\/wp-json\/wp\/v2\/product\/3048\/revisions"}],"predecessor-version":[{"id":6535,"href":"https:\/\/touchproeurope.eu\/pt\/wp-json\/wp\/v2\/product\/3048\/revisions\/6535"}],"wp:featuredmedia":[{"embeddable":true,"href":"https:\/\/touchproeurope.eu\/pt\/wp-json\/wp\/v2\/media\/6534"}],"wp:attachment":[{"href":"https:\/\/touchproeurope.eu\/pt\/wp-json\/wp\/v2\/media?parent=3048"}],"wp:term":[{"taxonomy":"product_brand","embeddable":true,"href":"https:\/\/touchproeurope.eu\/pt\/wp-json\/wp\/v2\/product_brand?post=3048"},{"taxonomy":"product_cat","embeddable":true,"href":"https:\/\/touchproeurope.eu\/pt\/wp-json\/wp\/v2\/product_cat?post=3048"},{"taxonomy":"product_tag","embeddable":true,"href":"https:\/\/touchproeurope.eu\/pt\/wp-json\/wp\/v2\/product_tag?post=3048"}],"curies":[{"name":"wp","href":"https:\/\/api.w.org\/{rel}","templated":true}]}}