{"id":3062,"date":"2023-11-09T16:03:11","date_gmt":"2023-11-09T16:03:11","guid":{"rendered":"https:\/\/touchproeurope.eu\/?post_type=product&#038;p=3062"},"modified":"2026-03-04T16:56:16","modified_gmt":"2026-03-04T16:56:16","slug":"toalhetes-basicos-descartaveis-sem-elastico","status":"publish","type":"product","link":"https:\/\/touchproeurope.eu\/pt\/product\/basic-wegwerpdoekjes-zonder-elastiek\/","title":{"rendered":"Toalhetes descart\u00e1veis b\u00e1sicos sem el\u00e1stico"},"content":{"rendered":"<p>Descubra o m\u00e1ximo de comodidade com os nossos toalhetes descart\u00e1veis Basic sem el\u00e1stico. Estes toalhetes foram concebidos para simplificar a sua rotina di\u00e1ria e oferecem uma s\u00e9rie de vantagens para si e para os seus utilizadores.<\/p>\n<p>Com \u00eanfase na simplicidade e na utiliza\u00e7\u00e3o pr\u00e1tica, os nossos toalhetes descart\u00e1veis s\u00e3o o companheiro ideal para v\u00e1rias aplica\u00e7\u00f5es. Gra\u00e7as \u00e0 aus\u00eancia de el\u00e1stico, s\u00e3o excecionalmente f\u00e1ceis de manusear e adaptam-se sem esfor\u00e7o a diferentes situa\u00e7\u00f5es. Como resultado, n\u00e3o s\u00f3 experimenta um fluxo de trabalho suave, mas tamb\u00e9m o derradeiro conforto de uma utiliza\u00e7\u00e3o descomplicada.<\/p>\n<p>Quer seja um profissional de sa\u00fade experiente que procura efici\u00eancia, ou algu\u00e9m que procura toalhetes descart\u00e1veis pr\u00e1ticos para uso di\u00e1rio. Estes toalhetes b\u00e1sicos oferecem-lhe a fiabilidade de que necessita.<\/p>\n<p>O design inteligente garante mudan\u00e7as extremamente r\u00e1pidas, poupando tempo valioso. Quer esteja a operar num ambiente de trabalho agitado ou em movimento, os nossos toalhetes descart\u00e1veis oferecem a melhor solu\u00e7\u00e3o.<\/p>\n<p>Escolha a comodidade, escolha a efici\u00eancia. Por isso, encomende hoje mesmo os toalhetes descart\u00e1veis Basic sem el\u00e1stico e veja por si pr\u00f3prio como eles facilitam as suas tarefas di\u00e1rias. Simplifique a sua rotina e desfrute da comodidade que estes toalhetes t\u00eam para oferecer.<\/p>","protected":false},"excerpt":{"rendered":"<p>Os toalhetes descart\u00e1veis Basic sem el\u00e1stico oferecem um conforto sem esfor\u00e7o para o dia a dia. Gra\u00e7as ao seu design simples, s\u00e3o f\u00e1ceis de manusear e adaptam-se de forma flex\u00edvel a qualquer situa\u00e7\u00e3o. Quer trabalhe na \u00e1rea da sa\u00fade ou necessite de toalhetes di\u00e1rios, estes toalhetes Basic combinam fiabilidade com facilidade de utiliza\u00e7\u00e3o.<\/p>\n<p><strong>Estes toalhetes t\u00eam um tamanho ligeiramente mais pequeno do que as coberturas descart\u00e1veis Earthlite.<\/strong><\/p>","protected":false},"featured_media":5123,"comment_status":"open","ping_status":"closed","template":"","meta":[],"product_brand":[],"product_cat":[480,107],"product_tag":[209,207,208],"class_list":{"0":"post-3062","1":"product","2":"type-product","3":"status-publish","4":"has-post-thumbnail","6":"product_cat-tafellinnen-covers","7":"product_cat-wegwerp-covers","8":"product_tag-basic","9":"product_tag-wegwerpdoekjes","10":"product_tag-zonder-elastiek","11":"product_shipping_class-klein-pakket","12":"pa_kleur-wit","13":"pa_merk-touchpro","15":"first","16":"instock","17":"taxable","18":"shipping-taxable","19":"purchasable","20":"product-type-variable"},"yoast_head":"<!-- This site is optimized with the Yoast SEO Premium plugin v27.3 (Yoast SEO v27.3) - https:\/\/yoast.com\/product\/yoast-seo-premium-wordpress\/ -->\n<title>Basic wegwerpdoekjes zonder elastiek - TouchPro Europe Shop<\/title>\n<meta name=\"description\" content=\"Maak je leven gemakkelijker met Basic wegwerpdoekjes zonder elastiek. Deze praktische doekjes passen perfect in elke situatie, probeer ze vandaag!\" \/>\n<meta name=\"robots\" content=\"index, follow, max-snippet:-1, max-image-preview:large, max-video-preview:-1\" \/>\n<link rel=\"canonical\" href=\"https:\/\/touchproeurope.eu\/pt\/product\/toalhetes-basicos-descartaveis-sem-elastico\/\" \/>\n<meta property=\"og:locale\" content=\"pt_PT\" \/>\n<meta property=\"og:type\" content=\"article\" \/>\n<meta property=\"og:title\" content=\"Basic wegwerpdoekjes zonder elastiek\" \/>\n<meta property=\"og:description\" content=\"Maak je leven gemakkelijker met Basic wegwerpdoekjes zonder elastiek. Deze praktische doekjes passen perfect in elke situatie, probeer ze vandaag!\" \/>\n<meta property=\"og:url\" content=\"https:\/\/touchproeurope.eu\/pt\/product\/toalhetes-basicos-descartaveis-sem-elastico\/\" \/>\n<meta property=\"og:site_name\" content=\"TouchPro Europe Shop\" \/>\n<meta property=\"article:publisher\" content=\"https:\/\/www.facebook.com\/TouchproNederland\/?locale=nl_NL%2f\" \/>\n<meta property=\"article:modified_time\" content=\"2026-03-04T16:56:16+00:00\" \/>\n<meta property=\"og:image\" content=\"https:\/\/touchproeurope.eu\/wp-content\/uploads\/2023\/11\/Producten-fotos-10-min.jpg\" \/>\n\t<meta property=\"og:image:width\" content=\"800\" \/>\n\t<meta property=\"og:image:height\" content=\"800\" \/>\n\t<meta property=\"og:image:type\" content=\"image\/jpeg\" \/>\n<meta name=\"twitter:card\" content=\"summary_large_image\" \/>\n<meta name=\"twitter:label1\" content=\"Disponibilidade\" \/>\n\t<meta name=\"twitter:data1\" content=\"Em stock\" \/>\n<script type=\"application\/ld+json\" class=\"yoast-schema-graph\">{\"@context\":\"https:\\\/\\\/schema.org\",\"@graph\":[{\"@type\":\"WebPage\",\"@id\":\"https:\\\/\\\/touchproeurope.eu\\\/product\\\/basic-wegwerpdoekjes-zonder-elastiek\\\/\",\"url\":\"https:\\\/\\\/touchproeurope.eu\\\/product\\\/basic-wegwerpdoekjes-zonder-elastiek\\\/\",\"name\":\"Basic wegwerpdoekjes zonder elastiek - TouchPro Europe Shop\",\"isPartOf\":{\"@id\":\"https:\\\/\\\/touchproeurope.eu\\\/#website\"},\"primaryImageOfPage\":{\"@id\":\"https:\\\/\\\/touchproeurope.eu\\\/product\\\/basic-wegwerpdoekjes-zonder-elastiek\\\/#primaryimage\"},\"image\":{\"@id\":\"https:\\\/\\\/touchproeurope.eu\\\/product\\\/basic-wegwerpdoekjes-zonder-elastiek\\\/#primaryimage\"},\"thumbnailUrl\":\"https:\\\/\\\/i0.wp.com\\\/touchproeurope.eu\\\/wp-content\\\/uploads\\\/2023\\\/11\\\/Producten-fotos-10-min.jpg?fit=800%2C800&ssl=1\",\"datePublished\":\"2023-11-09T16:03:11+00:00\",\"dateModified\":\"2026-03-04T16:56:16+00:00\",\"description\":\"Maak je leven gemakkelijker met Basic wegwerpdoekjes zonder elastiek. Deze praktische doekjes passen perfect in elke situatie, probeer ze vandaag!\",\"breadcrumb\":{\"@id\":\"https:\\\/\\\/touchproeurope.eu\\\/product\\\/basic-wegwerpdoekjes-zonder-elastiek\\\/#breadcrumb\"},\"inLanguage\":\"pt-PT\",\"potentialAction\":[{\"@type\":\"ReadAction\",\"target\":[\"https:\\\/\\\/touchproeurope.eu\\\/product\\\/basic-wegwerpdoekjes-zonder-elastiek\\\/\"]}]},{\"@type\":\"ImageObject\",\"inLanguage\":\"pt-PT\",\"@id\":\"https:\\\/\\\/touchproeurope.eu\\\/product\\\/basic-wegwerpdoekjes-zonder-elastiek\\\/#primaryimage\",\"url\":\"https:\\\/\\\/i0.wp.com\\\/touchproeurope.eu\\\/wp-content\\\/uploads\\\/2023\\\/11\\\/Producten-fotos-10-min.jpg?fit=800%2C800&ssl=1\",\"contentUrl\":\"https:\\\/\\\/i0.wp.com\\\/touchproeurope.eu\\\/wp-content\\\/uploads\\\/2023\\\/11\\\/Producten-fotos-10-min.jpg?fit=800%2C800&ssl=1\",\"width\":800,\"height\":800,\"caption\":\"Basic wegwerpdoekjes zonder elastiek\"},{\"@type\":\"BreadcrumbList\",\"@id\":\"https:\\\/\\\/touchproeurope.eu\\\/product\\\/basic-wegwerpdoekjes-zonder-elastiek\\\/#breadcrumb\",\"itemListElement\":[{\"@type\":\"ListItem\",\"position\":1,\"name\":\"Home\",\"item\":\"https:\\\/\\\/touchproeurope.eu\\\/\"},{\"@type\":\"ListItem\",\"position\":2,\"name\":\"Winkel\",\"item\":\"https:\\\/\\\/touchproeurope.eu\\\/winkel\\\/\"},{\"@type\":\"ListItem\",\"position\":3,\"name\":\"Basic wegwerpdoekjes zonder elastiek\"}]},{\"@type\":\"WebSite\",\"@id\":\"https:\\\/\\\/touchproeurope.eu\\\/#website\",\"url\":\"https:\\\/\\\/touchproeurope.eu\\\/\",\"name\":\"TouchPro Europe Shop\",\"description\":\"Alles voor jouw praktijk met een PROfessionele Touch!\",\"publisher\":{\"@id\":\"https:\\\/\\\/touchproeurope.eu\\\/#organization\"},\"alternateName\":\"TPE\",\"potentialAction\":[{\"@type\":\"SearchAction\",\"target\":{\"@type\":\"EntryPoint\",\"urlTemplate\":\"https:\\\/\\\/touchproeurope.eu\\\/?s={search_term_string}\"},\"query-input\":{\"@type\":\"PropertyValueSpecification\",\"valueRequired\":true,\"valueName\":\"search_term_string\"}}],\"inLanguage\":\"pt-PT\"},{\"@type\":\"Organization\",\"@id\":\"https:\\\/\\\/touchproeurope.eu\\\/#organization\",\"name\":\"TouchPro Europe BV\",\"alternateName\":\"TPE\",\"url\":\"https:\\\/\\\/touchproeurope.eu\\\/\",\"logo\":{\"@type\":\"ImageObject\",\"inLanguage\":\"pt-PT\",\"@id\":\"https:\\\/\\\/touchproeurope.eu\\\/#\\\/schema\\\/logo\\\/image\\\/\",\"url\":\"https:\\\/\\\/i0.wp.com\\\/touchproeurope.eu\\\/wp-content\\\/uploads\\\/2023\\\/10\\\/2b592c_b6944d80811246d987cc2c29accedf3f.png?fit=1417%2C531&ssl=1\",\"contentUrl\":\"https:\\\/\\\/i0.wp.com\\\/touchproeurope.eu\\\/wp-content\\\/uploads\\\/2023\\\/10\\\/2b592c_b6944d80811246d987cc2c29accedf3f.png?fit=1417%2C531&ssl=1\",\"width\":1417,\"height\":531,\"caption\":\"TouchPro Europe BV\"},\"image\":{\"@id\":\"https:\\\/\\\/touchproeurope.eu\\\/#\\\/schema\\\/logo\\\/image\\\/\"},\"sameAs\":[\"https:\\\/\\\/www.facebook.com\\\/TouchproNederland\\\/?locale=nl_NL\\\/\",\"https:\\\/\\\/www.instagram.com\\\/touchpro2016\\\/\",\"https:\\\/\\\/www.linkedin.com\\\/company\\\/touchpro-europe-bv\\\/\"],\"description\":\"TouchPro Europe Shop is de massage winkel van Europa. Wij verkopen topkwaliteit massageproducten aan masseurs, pedicures, fysiotherapeuten, manicuren, Wellness centra, opleidingen, etc. TouchPro begon als een kleine webshop in Nederland, maar is nu uitgegroeid tot een webshop met klanten uit heel Europa. Wij bieden een breed assortiment aan massageproducten, waaronder massagetafels, oli\u00ebn, cr\u00e8mes, en accessoires van topmerken, zoals Earthlite, Stronglite en InnerStrenght, Habys, Living Earth Crafts en Continuum en andere leveranciers van massage accessoires. Bestel hier de beste massagematerialen van Europa!\",\"email\":\"info@touchpro-europe.com\",\"telephone\":\"0858768829\",\"legalName\":\"TouchPro Europe BV\",\"foundingDate\":\"2018-01-11\",\"vatID\":\"NL855430151B01\",\"numberOfEmployees\":{\"@type\":\"QuantitativeValue\",\"minValue\":\"1\",\"maxValue\":\"10\"},\"hasMerchantReturnPolicy\":{\"@type\":\"MerchantReturnPolicy\",\"merchantReturnLink\":\"https:\\\/\\\/touchproeurope.eu\\\/pt\\\/retourbeleid\\\/\"}}]}<\/script>\n<meta property=\"product:brand\" content=\"TouchPro\" \/>\n<meta property=\"og:availability\" content=\"instock\" \/>\n<meta property=\"product:availability\" content=\"instock\" \/>\n<meta property=\"product:retailer_item_id\" content=\"45100\" \/>\n<meta property=\"product:condition\" content=\"new\" \/>\n<!-- \/ Yoast SEO Premium plugin. -->","yoast_head_json":{"title":"Toalhetes descart\u00e1veis b\u00e1sicos sem el\u00e1stico - TouchPro Europe Shop","description":"Facilite a sua vida com os toalhetes descart\u00e1veis sem el\u00e1stico Basic. Estes toalhetes pr\u00e1ticos adaptam-se perfeitamente a qualquer situa\u00e7\u00e3o, experimente-os hoje mesmo!","robots":{"index":"index","follow":"follow","max-snippet":"max-snippet:-1","max-image-preview":"max-image-preview:large","max-video-preview":"max-video-preview:-1"},"canonical":"https:\/\/touchproeurope.eu\/pt\/product\/toalhetes-basicos-descartaveis-sem-elastico\/","og_locale":"pt_PT","og_type":"article","og_title":"Basic wegwerpdoekjes zonder elastiek","og_description":"Maak je leven gemakkelijker met Basic wegwerpdoekjes zonder elastiek. Deze praktische doekjes passen perfect in elke situatie, probeer ze vandaag!","og_url":"https:\/\/touchproeurope.eu\/pt\/product\/toalhetes-basicos-descartaveis-sem-elastico\/","og_site_name":"TouchPro Europe Shop","article_publisher":"https:\/\/www.facebook.com\/TouchproNederland\/?locale=nl_NL%2f","article_modified_time":"2026-03-04T16:56:16+00:00","og_image":[{"width":800,"height":800,"url":"https:\/\/touchproeurope.eu\/wp-content\/uploads\/2023\/11\/Producten-fotos-10-min.jpg","type":"image\/jpeg"}],"twitter_card":"summary_large_image","twitter_misc":{"Disponibilidade":"Em stock"},"schema":{"@context":"https:\/\/schema.org","@graph":[{"@type":"WebPage","@id":"https:\/\/touchproeurope.eu\/product\/basic-wegwerpdoekjes-zonder-elastiek\/","url":"https:\/\/touchproeurope.eu\/product\/basic-wegwerpdoekjes-zonder-elastiek\/","name":"Toalhetes descart\u00e1veis b\u00e1sicos sem el\u00e1stico - TouchPro Europe Shop","isPartOf":{"@id":"https:\/\/touchproeurope.eu\/#website"},"primaryImageOfPage":{"@id":"https:\/\/touchproeurope.eu\/product\/basic-wegwerpdoekjes-zonder-elastiek\/#primaryimage"},"image":{"@id":"https:\/\/touchproeurope.eu\/product\/basic-wegwerpdoekjes-zonder-elastiek\/#primaryimage"},"thumbnailUrl":"https:\/\/i0.wp.com\/touchproeurope.eu\/wp-content\/uploads\/2023\/11\/Producten-fotos-10-min.jpg?fit=800%2C800&ssl=1","datePublished":"2023-11-09T16:03:11+00:00","dateModified":"2026-03-04T16:56:16+00:00","description":"Facilite a sua vida com os toalhetes descart\u00e1veis sem el\u00e1stico Basic. Estes toalhetes pr\u00e1ticos adaptam-se perfeitamente a qualquer situa\u00e7\u00e3o, experimente-os hoje mesmo!","breadcrumb":{"@id":"https:\/\/touchproeurope.eu\/product\/basic-wegwerpdoekjes-zonder-elastiek\/#breadcrumb"},"inLanguage":"pt-PT","potentialAction":[{"@type":"ReadAction","target":["https:\/\/touchproeurope.eu\/product\/basic-wegwerpdoekjes-zonder-elastiek\/"]}]},{"@type":"ImageObject","inLanguage":"pt-PT","@id":"https:\/\/touchproeurope.eu\/product\/basic-wegwerpdoekjes-zonder-elastiek\/#primaryimage","url":"https:\/\/i0.wp.com\/touchproeurope.eu\/wp-content\/uploads\/2023\/11\/Producten-fotos-10-min.jpg?fit=800%2C800&ssl=1","contentUrl":"https:\/\/i0.wp.com\/touchproeurope.eu\/wp-content\/uploads\/2023\/11\/Producten-fotos-10-min.jpg?fit=800%2C800&ssl=1","width":800,"height":800,"caption":"Basic wegwerpdoekjes zonder elastiek"},{"@type":"BreadcrumbList","@id":"https:\/\/touchproeurope.eu\/product\/basic-wegwerpdoekjes-zonder-elastiek\/#breadcrumb","itemListElement":[{"@type":"ListItem","position":1,"name":"Home","item":"https:\/\/touchproeurope.eu\/"},{"@type":"ListItem","position":2,"name":"Winkel","item":"https:\/\/touchproeurope.eu\/winkel\/"},{"@type":"ListItem","position":3,"name":"Basic wegwerpdoekjes zonder elastiek"}]},{"@type":"WebSite","@id":"https:\/\/touchproeurope.eu\/#website","url":"https:\/\/touchproeurope.eu\/","name":"Loja TouchPro Europa","description":"Tudo para o seu consult\u00f3rio com um toque profissional!","publisher":{"@id":"https:\/\/touchproeurope.eu\/#organization"},"alternateName":"TPE","potentialAction":[{"@type":"SearchAction","target":{"@type":"EntryPoint","urlTemplate":"https:\/\/touchproeurope.eu\/?s={search_term_string}"},"query-input":{"@type":"PropertyValueSpecification","valueRequired":true,"valueName":"search_term_string"}}],"inLanguage":"pt-PT"},{"@type":"Organization","@id":"https:\/\/touchproeurope.eu\/#organization","name":"TouchPro Europa BV","alternateName":"TPE","url":"https:\/\/touchproeurope.eu\/","logo":{"@type":"ImageObject","inLanguage":"pt-PT","@id":"https:\/\/touchproeurope.eu\/#\/schema\/logo\/image\/","url":"https:\/\/i0.wp.com\/touchproeurope.eu\/wp-content\/uploads\/2023\/10\/2b592c_b6944d80811246d987cc2c29accedf3f.png?fit=1417%2C531&ssl=1","contentUrl":"https:\/\/i0.wp.com\/touchproeurope.eu\/wp-content\/uploads\/2023\/10\/2b592c_b6944d80811246d987cc2c29accedf3f.png?fit=1417%2C531&ssl=1","width":1417,"height":531,"caption":"TouchPro Europe BV"},"image":{"@id":"https:\/\/touchproeurope.eu\/#\/schema\/logo\/image\/"},"sameAs":["https:\/\/www.facebook.com\/TouchproNederland\/?locale=nl_NL\/","https:\/\/www.instagram.com\/touchpro2016\/","https:\/\/www.linkedin.com\/company\/touchpro-europe-bv\/"],"description":"A TouchPro Europe Shop \u00e9 a loja de massagens da Europa. Vendemos produtos de massagem de alta qualidade a massagistas, pedicuros, fisioterapeutas, manicures, centros de bem-estar, cursos de forma\u00e7\u00e3o, etc. A TouchPro come\u00e7ou por ser uma pequena loja nos Pa\u00edses Baixos, mas agora transformou-se numa loja com clientes de toda a Europa. Oferecemos uma vasta gama de produtos de massagem, incluindo mesas de massagem, \u00f3leos, cremes e acess\u00f3rios de marcas de topo como Earthlite, Stronglite e InnerStrenght, Habys, Living Earth Crafts e Continuum e outros fornecedores de acess\u00f3rios de massagem. Encomende aqui os melhores artigos de massagem da Europa!","email":"info@touchpro-europe.com","telephone":"0858768829","legalName":"TouchPro Europe BV","foundingDate":"2018-01-11","vatID":"NL855430151B01","numberOfEmployees":{"@type":"QuantitativeValue","minValue":"1","maxValue":"10"},"hasMerchantReturnPolicy":{"@type":"MerchantReturnPolicy","merchantReturnLink":"https:\/\/touchproeurope.eu\/pt\/retourbeleid\/"}}]},"product_brand":"TouchPro","og_availability":"instock","product_availability":"instock","product_retailer_item_id":"45100","product_condition":"new"},"_links":{"self":[{"href":"https:\/\/touchproeurope.eu\/pt\/wp-json\/wp\/v2\/product\/3062","targetHints":{"allow":["GET"]}}],"collection":[{"href":"https:\/\/touchproeurope.eu\/pt\/wp-json\/wp\/v2\/product"}],"about":[{"href":"https:\/\/touchproeurope.eu\/pt\/wp-json\/wp\/v2\/types\/product"}],"replies":[{"embeddable":true,"href":"https:\/\/touchproeurope.eu\/pt\/wp-json\/wp\/v2\/comments?post=3062"}],"version-history":[{"count":4,"href":"https:\/\/touchproeurope.eu\/pt\/wp-json\/wp\/v2\/product\/3062\/revisions"}],"predecessor-version":[{"id":15832,"href":"https:\/\/touchproeurope.eu\/pt\/wp-json\/wp\/v2\/product\/3062\/revisions\/15832"}],"wp:featuredmedia":[{"embeddable":true,"href":"https:\/\/touchproeurope.eu\/pt\/wp-json\/wp\/v2\/media\/5123"}],"wp:attachment":[{"href":"https:\/\/touchproeurope.eu\/pt\/wp-json\/wp\/v2\/media?parent=3062"}],"wp:term":[{"taxonomy":"product_brand","embeddable":true,"href":"https:\/\/touchproeurope.eu\/pt\/wp-json\/wp\/v2\/product_brand?post=3062"},{"taxonomy":"product_cat","embeddable":true,"href":"https:\/\/touchproeurope.eu\/pt\/wp-json\/wp\/v2\/product_cat?post=3062"},{"taxonomy":"product_tag","embeddable":true,"href":"https:\/\/touchproeurope.eu\/pt\/wp-json\/wp\/v2\/product_tag?post=3062"}],"curies":[{"name":"wp","href":"https:\/\/api.w.org\/{rel}","templated":true}]}}