{"id":3091,"date":"2023-11-09T16:04:49","date_gmt":"2023-11-09T16:04:49","guid":{"rendered":"https:\/\/touchproeurope.eu\/?post_type=product&#038;p=3091"},"modified":"2026-03-04T16:55:25","modified_gmt":"2026-03-04T16:55:25","slug":"saco-de-transporte-para-cadeira-de-massagem-ergopro2","status":"publish","type":"product","link":"https:\/\/touchproeurope.eu\/pt\/product\/draagtas-voor-ergopro2-massagestoel\/","title":{"rendered":"Saco de transporte para cadeira de massagem ErgoPro2"},"content":{"rendered":"<p>Descubra a derradeira prote\u00e7\u00e3o para a sua cadeira de massagem Stronglite ErgoPro2 - o saco de transporte Stronglite ErgoPro! Especialmente concebido para se adaptar perfeitamente \u00e0 sua cadeira de massagem, este saco de transporte n\u00e3o s\u00f3 proporciona uma prote\u00e7\u00e3o elegante, como tamb\u00e9m leva a sua experi\u00eancia de utiliza\u00e7\u00e3o para o pr\u00f3ximo n\u00edvel.<\/p>\n<p>Este saco de substitui\u00e7\u00e3o \u00e9 a solu\u00e7\u00e3o perfeita para o modelo antigo do Stronglite ErgoPro. N\u00e3o h\u00e1 mais problemas com sacos inadequados - basta contactar-nos. E n\u00f3s certificar-nos-emos de que recebe o saco de transporte perfeitamente adequado para a sua cadeira. Vale a pena, porque a sua cadeira de massagem merece apenas o melhor!<\/p>\n<p>A bolsa de transporte para a cadeira de massagem ErgoPro2 tem um design intemporal em preto, pelo que n\u00e3o est\u00e1 apenas a investir em funcionalidade, mas tamb\u00e9m em estilo. Gra\u00e7as ao seu material duradouro, o saco protege a sua cadeira de massagem do p\u00f3, dos riscos e de outros danos indesejados, para que a sua cadeira tenha sempre um aspeto novo.<\/p>\n<p>Com um design elegante e pegas de transporte pr\u00e1ticas, este saco n\u00e3o \u00e9 apenas uma escolha pr\u00e1tica. Mas tamb\u00e9m um acess\u00f3rio de moda para a sua cadeira de massagem. Leve a sua cadeira para qualquer lado com a certeza de que est\u00e1 segura e protegida.<\/p>\n<p>De que est\u00e1 \u00e0 espera? D\u00ea \u00e0 sua Stronglite ErgoPro2 o carinho que ela merece com o saco de transporte para a cadeira de massagem ErgoPro2. Encomende hoje e experimente a conveni\u00eancia de uma prote\u00e7\u00e3o elegante!<\/p>","protected":false},"excerpt":{"rendered":"<p><strong>Mala de transporte Stronglite ErgoPro<\/strong><\/p>\n<p>Se procura um saco de substitui\u00e7\u00e3o para o modelo antigo da Stronglite ErgoPro, contacte-nos e certificar-nos-emos de que obt\u00e9m o modelo adequado para a sua cadeira.<\/p>\n<p>Proteja a sua cadeira de massagem Stronglite ErgoPro2 com estilo! O saco de transporte Stronglite ErgoPro, especialmente concebido para um ajuste perfeito. Em preto intemporal, este saco n\u00e3o s\u00f3 oferece prote\u00e7\u00e3o contra o p\u00f3 e riscos, como tamb\u00e9m acrescenta um toque de eleg\u00e2ncia. Encomende agora para uma prote\u00e7\u00e3o sem esfor\u00e7o e uma portabilidade com estilo!<\/p>","protected":false},"featured_media":4178,"comment_status":"open","ping_status":"closed","template":"","meta":[],"product_brand":[],"product_cat":[102],"product_tag":[61,141,21],"class_list":{"0":"post-3091","1":"product","2":"type-product","3":"status-publish","4":"has-post-thumbnail","6":"product_cat-draagtassen-en-kussens","7":"product_tag-draagtas","8":"product_tag-ergopro-2","9":"product_tag-stronglite","10":"product_shipping_class-klein-pakket","12":"first","13":"instock","14":"taxable","15":"shipping-taxable","16":"purchasable","17":"product-type-simple"},"yoast_head":"<!-- This site is optimized with the Yoast SEO Premium plugin v27.4 (Yoast SEO v27.4) - https:\/\/yoast.com\/product\/yoast-seo-premium-wordpress\/ -->\n<title>Draagtas voor ErgoPro2 massagestoel - TouchPro Europe Shop<\/title>\n<meta name=\"description\" content=\"Ontdek de ultieme bescherming voor je Stronglite ErgoPro2 massagestoel - de Stronglite ErgoPro draagtas! Bestel hem hier bij TouchPro Europe Shop\" \/>\n<meta name=\"robots\" content=\"index, follow, max-snippet:-1, max-image-preview:large, max-video-preview:-1\" \/>\n<link rel=\"canonical\" href=\"https:\/\/touchproeurope.eu\/pt\/product\/saco-de-transporte-para-cadeira-de-massagem-ergopro2\/\" \/>\n<meta property=\"og:locale\" content=\"pt_PT\" \/>\n<meta property=\"og:type\" content=\"article\" \/>\n<meta property=\"og:title\" content=\"Draagtas voor ErgoPro2 massagestoel\" \/>\n<meta property=\"og:description\" content=\"Ontdek de ultieme bescherming voor je Stronglite ErgoPro2 massagestoel - de Stronglite ErgoPro draagtas! Bestel hem hier bij TouchPro Europe Shop\" \/>\n<meta property=\"og:url\" content=\"https:\/\/touchproeurope.eu\/pt\/product\/saco-de-transporte-para-cadeira-de-massagem-ergopro2\/\" \/>\n<meta property=\"og:site_name\" content=\"TouchPro Europe Shop\" \/>\n<meta property=\"article:publisher\" content=\"https:\/\/www.facebook.com\/TouchproNederland\/?locale=nl_NL%2f\" \/>\n<meta property=\"article:modified_time\" content=\"2026-03-04T16:55:25+00:00\" \/>\n<meta property=\"og:image\" content=\"https:\/\/touchproeurope.eu\/wp-content\/uploads\/2023\/11\/Draagtas-voor-ErgoPro2-massagestoel.jpg\" \/>\n\t<meta property=\"og:image:width\" content=\"800\" \/>\n\t<meta property=\"og:image:height\" content=\"800\" \/>\n\t<meta property=\"og:image:type\" content=\"image\/jpeg\" \/>\n<meta name=\"twitter:card\" content=\"summary_large_image\" \/>\n<meta name=\"twitter:label1\" content=\"pre\u00e7o\" \/>\n\t<meta name=\"twitter:data1\" content=\"&euro;&nbsp;110,00 incl. BTW\" \/>\n\t<meta name=\"twitter:label2\" content=\"Disponibilidade\" \/>\n\t<meta name=\"twitter:data2\" content=\"Em stock\" \/>\n<script type=\"application\/ld+json\" class=\"yoast-schema-graph\">{\"@context\":\"https:\\\/\\\/schema.org\",\"@graph\":[{\"@type\":\"WebPage\",\"@id\":\"https:\\\/\\\/touchproeurope.eu\\\/product\\\/draagtas-voor-ergopro2-massagestoel\\\/\",\"url\":\"https:\\\/\\\/touchproeurope.eu\\\/product\\\/draagtas-voor-ergopro2-massagestoel\\\/\",\"name\":\"Draagtas voor ErgoPro2 massagestoel - TouchPro Europe Shop\",\"isPartOf\":{\"@id\":\"https:\\\/\\\/touchproeurope.eu\\\/#website\"},\"primaryImageOfPage\":{\"@id\":\"https:\\\/\\\/touchproeurope.eu\\\/product\\\/draagtas-voor-ergopro2-massagestoel\\\/#primaryimage\"},\"image\":{\"@id\":\"https:\\\/\\\/touchproeurope.eu\\\/product\\\/draagtas-voor-ergopro2-massagestoel\\\/#primaryimage\"},\"thumbnailUrl\":\"https:\\\/\\\/i0.wp.com\\\/touchproeurope.eu\\\/wp-content\\\/uploads\\\/2023\\\/11\\\/Draagtas-voor-ErgoPro2-massagestoel.jpg?fit=800%2C800&ssl=1\",\"datePublished\":\"2023-11-09T16:04:49+00:00\",\"dateModified\":\"2026-03-04T16:55:25+00:00\",\"description\":\"Ontdek de ultieme bescherming voor je Stronglite ErgoPro2 massagestoel - de Stronglite ErgoPro draagtas! Bestel hem hier bij TouchPro Europe Shop\",\"breadcrumb\":{\"@id\":\"https:\\\/\\\/touchproeurope.eu\\\/product\\\/draagtas-voor-ergopro2-massagestoel\\\/#breadcrumb\"},\"inLanguage\":\"pt-PT\",\"potentialAction\":[{\"@type\":\"ReadAction\",\"target\":[\"https:\\\/\\\/touchproeurope.eu\\\/product\\\/draagtas-voor-ergopro2-massagestoel\\\/\"]}]},{\"@type\":\"ImageObject\",\"inLanguage\":\"pt-PT\",\"@id\":\"https:\\\/\\\/touchproeurope.eu\\\/product\\\/draagtas-voor-ergopro2-massagestoel\\\/#primaryimage\",\"url\":\"https:\\\/\\\/i0.wp.com\\\/touchproeurope.eu\\\/wp-content\\\/uploads\\\/2023\\\/11\\\/Draagtas-voor-ErgoPro2-massagestoel.jpg?fit=800%2C800&ssl=1\",\"contentUrl\":\"https:\\\/\\\/i0.wp.com\\\/touchproeurope.eu\\\/wp-content\\\/uploads\\\/2023\\\/11\\\/Draagtas-voor-ErgoPro2-massagestoel.jpg?fit=800%2C800&ssl=1\",\"width\":800,\"height\":800,\"caption\":\"Draagtas voor ErgoPro2 massagestoel\"},{\"@type\":\"BreadcrumbList\",\"@id\":\"https:\\\/\\\/touchproeurope.eu\\\/product\\\/draagtas-voor-ergopro2-massagestoel\\\/#breadcrumb\",\"itemListElement\":[{\"@type\":\"ListItem\",\"position\":1,\"name\":\"Home\",\"item\":\"https:\\\/\\\/touchproeurope.eu\\\/\"},{\"@type\":\"ListItem\",\"position\":2,\"name\":\"Winkel\",\"item\":\"https:\\\/\\\/touchproeurope.eu\\\/winkel\\\/\"},{\"@type\":\"ListItem\",\"position\":3,\"name\":\"Draagtas voor ErgoPro2 massagestoel\"}]},{\"@type\":\"WebSite\",\"@id\":\"https:\\\/\\\/touchproeurope.eu\\\/#website\",\"url\":\"https:\\\/\\\/touchproeurope.eu\\\/\",\"name\":\"TouchPro Europe Shop\",\"description\":\"Alles voor jouw praktijk met een PROfessionele Touch!\",\"publisher\":{\"@id\":\"https:\\\/\\\/touchproeurope.eu\\\/#organization\"},\"alternateName\":\"TPE\",\"potentialAction\":[{\"@type\":\"SearchAction\",\"target\":{\"@type\":\"EntryPoint\",\"urlTemplate\":\"https:\\\/\\\/touchproeurope.eu\\\/?s={search_term_string}\"},\"query-input\":{\"@type\":\"PropertyValueSpecification\",\"valueRequired\":true,\"valueName\":\"search_term_string\"}}],\"inLanguage\":\"pt-PT\"},{\"@type\":\"Organization\",\"@id\":\"https:\\\/\\\/touchproeurope.eu\\\/#organization\",\"name\":\"TouchPro Europe BV\",\"alternateName\":\"TPE\",\"url\":\"https:\\\/\\\/touchproeurope.eu\\\/\",\"logo\":{\"@type\":\"ImageObject\",\"inLanguage\":\"pt-PT\",\"@id\":\"https:\\\/\\\/touchproeurope.eu\\\/#\\\/schema\\\/logo\\\/image\\\/\",\"url\":\"https:\\\/\\\/i0.wp.com\\\/touchproeurope.eu\\\/wp-content\\\/uploads\\\/2023\\\/10\\\/2b592c_b6944d80811246d987cc2c29accedf3f.png?fit=1417%2C531&ssl=1\",\"contentUrl\":\"https:\\\/\\\/i0.wp.com\\\/touchproeurope.eu\\\/wp-content\\\/uploads\\\/2023\\\/10\\\/2b592c_b6944d80811246d987cc2c29accedf3f.png?fit=1417%2C531&ssl=1\",\"width\":1417,\"height\":531,\"caption\":\"TouchPro Europe BV\"},\"image\":{\"@id\":\"https:\\\/\\\/touchproeurope.eu\\\/#\\\/schema\\\/logo\\\/image\\\/\"},\"sameAs\":[\"https:\\\/\\\/www.facebook.com\\\/TouchproNederland\\\/?locale=nl_NL\\\/\",\"https:\\\/\\\/www.instagram.com\\\/touchpro2016\\\/\",\"https:\\\/\\\/www.linkedin.com\\\/company\\\/touchpro-europe-bv\\\/\"],\"description\":\"TouchPro Europe Shop is de massage winkel van Europa. Wij verkopen topkwaliteit massageproducten aan masseurs, pedicures, fysiotherapeuten, manicuren, Wellness centra, opleidingen, etc. TouchPro begon als een kleine webshop in Nederland, maar is nu uitgegroeid tot een webshop met klanten uit heel Europa. Wij bieden een breed assortiment aan massageproducten, waaronder massagetafels, oli\u00ebn, cr\u00e8mes, en accessoires van topmerken, zoals Earthlite, Stronglite en InnerStrenght, Habys, Living Earth Crafts en Continuum en andere leveranciers van massage accessoires. Bestel hier de beste massagematerialen van Europa!\",\"email\":\"info@touchpro-europe.com\",\"telephone\":\"0858768829\",\"legalName\":\"TouchPro Europe BV\",\"foundingDate\":\"2018-01-11\",\"vatID\":\"NL855430151B01\",\"numberOfEmployees\":{\"@type\":\"QuantitativeValue\",\"minValue\":\"1\",\"maxValue\":\"10\"},\"hasMerchantReturnPolicy\":{\"@type\":\"MerchantReturnPolicy\",\"merchantReturnLink\":\"https:\\\/\\\/touchproeurope.eu\\\/pt\\\/retourbeleid\\\/\"}}]}<\/script>\n<meta property=\"product:price:amount\" content=\"110.00\" \/>\n<meta property=\"product:price:currency\" content=\"EUR\" \/>\n<meta property=\"og:availability\" content=\"instock\" \/>\n<meta property=\"product:availability\" content=\"instock\" \/>\n<meta property=\"product:retailer_item_id\" content=\"51375\" \/>\n<meta property=\"product:condition\" content=\"new\" \/>\n<!-- \/ Yoast SEO Premium plugin. -->","yoast_head_json":{"title":"Mala de transporte para a cadeira de massagem ErgoPro2 - TouchPro Europe Shop","description":"Descubra a melhor prote\u00e7\u00e3o para a sua cadeira de massagem Stronglite ErgoPro2 - a mala de transporte Stronglite ErgoPro! Encomende-a aqui na TouchPro Europe Shop","robots":{"index":"index","follow":"follow","max-snippet":"max-snippet:-1","max-image-preview":"max-image-preview:large","max-video-preview":"max-video-preview:-1"},"canonical":"https:\/\/touchproeurope.eu\/pt\/product\/saco-de-transporte-para-cadeira-de-massagem-ergopro2\/","og_locale":"pt_PT","og_type":"article","og_title":"Draagtas voor ErgoPro2 massagestoel","og_description":"Ontdek de ultieme bescherming voor je Stronglite ErgoPro2 massagestoel - de Stronglite ErgoPro draagtas! Bestel hem hier bij TouchPro Europe Shop","og_url":"https:\/\/touchproeurope.eu\/pt\/product\/saco-de-transporte-para-cadeira-de-massagem-ergopro2\/","og_site_name":"TouchPro Europe Shop","article_publisher":"https:\/\/www.facebook.com\/TouchproNederland\/?locale=nl_NL%2f","article_modified_time":"2026-03-04T16:55:25+00:00","og_image":[{"width":800,"height":800,"url":"https:\/\/touchproeurope.eu\/wp-content\/uploads\/2023\/11\/Draagtas-voor-ErgoPro2-massagestoel.jpg","type":"image\/jpeg"}],"twitter_card":"summary_large_image","twitter_misc":{"pre\u00e7o":"&euro;&nbsp;110,00 incl. BTW","Disponibilidade":"Em stock"},"schema":{"@context":"https:\/\/schema.org","@graph":[{"@type":"WebPage","@id":"https:\/\/touchproeurope.eu\/product\/draagtas-voor-ergopro2-massagestoel\/","url":"https:\/\/touchproeurope.eu\/product\/draagtas-voor-ergopro2-massagestoel\/","name":"Mala de transporte para a cadeira de massagem ErgoPro2 - TouchPro Europe Shop","isPartOf":{"@id":"https:\/\/touchproeurope.eu\/#website"},"primaryImageOfPage":{"@id":"https:\/\/touchproeurope.eu\/product\/draagtas-voor-ergopro2-massagestoel\/#primaryimage"},"image":{"@id":"https:\/\/touchproeurope.eu\/product\/draagtas-voor-ergopro2-massagestoel\/#primaryimage"},"thumbnailUrl":"https:\/\/i0.wp.com\/touchproeurope.eu\/wp-content\/uploads\/2023\/11\/Draagtas-voor-ErgoPro2-massagestoel.jpg?fit=800%2C800&ssl=1","datePublished":"2023-11-09T16:04:49+00:00","dateModified":"2026-03-04T16:55:25+00:00","description":"Descubra a melhor prote\u00e7\u00e3o para a sua cadeira de massagem Stronglite ErgoPro2 - a mala de transporte Stronglite ErgoPro! Encomende-a aqui na TouchPro Europe Shop","breadcrumb":{"@id":"https:\/\/touchproeurope.eu\/product\/draagtas-voor-ergopro2-massagestoel\/#breadcrumb"},"inLanguage":"pt-PT","potentialAction":[{"@type":"ReadAction","target":["https:\/\/touchproeurope.eu\/product\/draagtas-voor-ergopro2-massagestoel\/"]}]},{"@type":"ImageObject","inLanguage":"pt-PT","@id":"https:\/\/touchproeurope.eu\/product\/draagtas-voor-ergopro2-massagestoel\/#primaryimage","url":"https:\/\/i0.wp.com\/touchproeurope.eu\/wp-content\/uploads\/2023\/11\/Draagtas-voor-ErgoPro2-massagestoel.jpg?fit=800%2C800&ssl=1","contentUrl":"https:\/\/i0.wp.com\/touchproeurope.eu\/wp-content\/uploads\/2023\/11\/Draagtas-voor-ErgoPro2-massagestoel.jpg?fit=800%2C800&ssl=1","width":800,"height":800,"caption":"Draagtas voor ErgoPro2 massagestoel"},{"@type":"BreadcrumbList","@id":"https:\/\/touchproeurope.eu\/product\/draagtas-voor-ergopro2-massagestoel\/#breadcrumb","itemListElement":[{"@type":"ListItem","position":1,"name":"Home","item":"https:\/\/touchproeurope.eu\/"},{"@type":"ListItem","position":2,"name":"Winkel","item":"https:\/\/touchproeurope.eu\/winkel\/"},{"@type":"ListItem","position":3,"name":"Draagtas voor ErgoPro2 massagestoel"}]},{"@type":"WebSite","@id":"https:\/\/touchproeurope.eu\/#website","url":"https:\/\/touchproeurope.eu\/","name":"Loja TouchPro Europa","description":"Tudo para o seu consult\u00f3rio com um toque profissional!","publisher":{"@id":"https:\/\/touchproeurope.eu\/#organization"},"alternateName":"TPE","potentialAction":[{"@type":"SearchAction","target":{"@type":"EntryPoint","urlTemplate":"https:\/\/touchproeurope.eu\/?s={search_term_string}"},"query-input":{"@type":"PropertyValueSpecification","valueRequired":true,"valueName":"search_term_string"}}],"inLanguage":"pt-PT"},{"@type":"Organization","@id":"https:\/\/touchproeurope.eu\/#organization","name":"TouchPro Europa BV","alternateName":"TPE","url":"https:\/\/touchproeurope.eu\/","logo":{"@type":"ImageObject","inLanguage":"pt-PT","@id":"https:\/\/touchproeurope.eu\/#\/schema\/logo\/image\/","url":"https:\/\/i0.wp.com\/touchproeurope.eu\/wp-content\/uploads\/2023\/10\/2b592c_b6944d80811246d987cc2c29accedf3f.png?fit=1417%2C531&ssl=1","contentUrl":"https:\/\/i0.wp.com\/touchproeurope.eu\/wp-content\/uploads\/2023\/10\/2b592c_b6944d80811246d987cc2c29accedf3f.png?fit=1417%2C531&ssl=1","width":1417,"height":531,"caption":"TouchPro Europe BV"},"image":{"@id":"https:\/\/touchproeurope.eu\/#\/schema\/logo\/image\/"},"sameAs":["https:\/\/www.facebook.com\/TouchproNederland\/?locale=nl_NL\/","https:\/\/www.instagram.com\/touchpro2016\/","https:\/\/www.linkedin.com\/company\/touchpro-europe-bv\/"],"description":"A TouchPro Europe Shop \u00e9 a loja de massagens da Europa. Vendemos produtos de massagem de alta qualidade a massagistas, pedicuros, fisioterapeutas, manicures, centros de bem-estar, cursos de forma\u00e7\u00e3o, etc. A TouchPro come\u00e7ou por ser uma pequena loja nos Pa\u00edses Baixos, mas agora transformou-se numa loja com clientes de toda a Europa. Oferecemos uma vasta gama de produtos de massagem, incluindo mesas de massagem, \u00f3leos, cremes e acess\u00f3rios de marcas de topo como Earthlite, Stronglite e InnerStrenght, Habys, Living Earth Crafts e Continuum e outros fornecedores de acess\u00f3rios de massagem. Encomende aqui os melhores artigos de massagem da Europa!","email":"info@touchpro-europe.com","telephone":"0858768829","legalName":"TouchPro Europe BV","foundingDate":"2018-01-11","vatID":"NL855430151B01","numberOfEmployees":{"@type":"QuantitativeValue","minValue":"1","maxValue":"10"},"hasMerchantReturnPolicy":{"@type":"MerchantReturnPolicy","merchantReturnLink":"https:\/\/touchproeurope.eu\/pt\/retourbeleid\/"}}]},"product_price_amount":"110.00","product_price_currency":"EUR","og_availability":"instock","product_availability":"instock","product_retailer_item_id":"51375","product_condition":"new"},"_links":{"self":[{"href":"https:\/\/touchproeurope.eu\/pt\/wp-json\/wp\/v2\/product\/3091","targetHints":{"allow":["GET"]}}],"collection":[{"href":"https:\/\/touchproeurope.eu\/pt\/wp-json\/wp\/v2\/product"}],"about":[{"href":"https:\/\/touchproeurope.eu\/pt\/wp-json\/wp\/v2\/types\/product"}],"replies":[{"embeddable":true,"href":"https:\/\/touchproeurope.eu\/pt\/wp-json\/wp\/v2\/comments?post=3091"}],"version-history":[{"count":4,"href":"https:\/\/touchproeurope.eu\/pt\/wp-json\/wp\/v2\/product\/3091\/revisions"}],"predecessor-version":[{"id":4181,"href":"https:\/\/touchproeurope.eu\/pt\/wp-json\/wp\/v2\/product\/3091\/revisions\/4181"}],"wp:featuredmedia":[{"embeddable":true,"href":"https:\/\/touchproeurope.eu\/pt\/wp-json\/wp\/v2\/media\/4178"}],"wp:attachment":[{"href":"https:\/\/touchproeurope.eu\/pt\/wp-json\/wp\/v2\/media?parent=3091"}],"wp:term":[{"taxonomy":"product_brand","embeddable":true,"href":"https:\/\/touchproeurope.eu\/pt\/wp-json\/wp\/v2\/product_brand?post=3091"},{"taxonomy":"product_cat","embeddable":true,"href":"https:\/\/touchproeurope.eu\/pt\/wp-json\/wp\/v2\/product_cat?post=3091"},{"taxonomy":"product_tag","embeddable":true,"href":"https:\/\/touchproeurope.eu\/pt\/wp-json\/wp\/v2\/product_tag?post=3091"}],"curies":[{"name":"wp","href":"https:\/\/api.w.org\/{rel}","templated":true}]}}