{"id":3093,"date":"2023-11-09T16:04:51","date_gmt":"2023-11-09T16:04:51","guid":{"rendered":"https:\/\/touchproeurope.eu\/?post_type=product&#038;p=3093"},"modified":"2026-04-22T09:41:40","modified_gmt":"2026-04-22T09:41:40","slug":"complete-pad-set-stronglite-ergopro-2","status":"publish","type":"product","link":"https:\/\/touchproeurope.eu\/pt\/product\/complete-pad-set-stronglite-ergopro-2\/","title":{"rendered":"Conjunto completo de almofadas Stronglite ErgoPro 2"},"content":{"rendered":"<p>Breng nieuw leven in je Stronglite ErgoPro 2 met deze complete pad set! Geen gedoe meer met versleten pads of verouderde stoelen. Dankzij deze set transformeer je je stoel moeiteloos naar een comfortabele oase van ontspanning.<\/p>\n<p>Voor bezitters van het nieuwere model, de complete pad set Stronglite ErgoPro 2, is dit de perfecte oplossing. Vervang eenvoudig je huidige pads en geniet weer jarenlang van comfortabel zitten. Geen gedwongen afscheid van je favoriete stoel, alleen maar puur plezier.<\/p>\n<p>O que \u00e9 que recebe neste conjunto completo? Tudo o que precisa para a derradeira experi\u00eancia de sentar-se:<\/p>\n<ul>\n<li>Uma almofada de rosto normal para sess\u00f5es de relaxamento<\/li>\n<li>Uma almofada peitoral para maior conforto e apoio<\/li>\n<li>Uma almofada de assento para um conforto duradouro<\/li>\n<li>Uma almofada para apoio de bra\u00e7os para horas de comodidade<\/li>\n<li>Almofadas para ambos os joelhos para um apoio \u00f3timo<\/li>\n<\/ul>\n<p>N\u00e3o espere mais. Transforme a sua cadeira hoje mesmo e volte a desfrutar de um conforto inigual\u00e1vel. Encomendar agora!<\/p>","protected":false},"excerpt":{"rendered":"<div class=\"react-scroll-to-bottom--css-tnwdc-1n7m0yu\">\n<div class=\"flex flex-col text-sm pb-9\">\n<div class=\"w-full text-token-text-primary sm:AIPRM__conversation__response\" data-testid=\"conversation-turn-7\">\n<div class=\"px-4 py-2 justify-center text-base md:gap-6 m-auto\">\n<div class=\"flex flex-1 text-base mx-auto gap-3 md:px-5 lg:px-1 xl:px-5 md:max-w-3xl lg:max-w-[40rem] xl:max-w-[48rem] group final-completion\">\n<div class=\"relative flex w-full flex-col agent-turn\">\n<div class=\"flex-col gap-1 md:gap-3\">\n<div class=\"flex flex-grow flex-col max-w-full\">\n<div class=\"min-h-[20px] text-message flex flex-col items-start gap-3 whitespace-pre-wrap break-words [.text-message+&amp;]:mt-5 overflow-x-auto\" data-message-author-role=\"assistant\" data-message-id=\"f49cb0bb-6cf5-460c-9601-02f879281e13\">\n<div class=\"markdown prose w-full break-words dark:prose-invert light\">\n<p>Geef je Stronglite ErgoPro een upgrade met deze complete pad set! Vervang moeiteloos versleten pads en maak je stoel weer als nieuw. De set bevat alles wat je nodig hebt voor een comfortabele zitervaring:<\/p>\n<ul>\n<li>Standaard gezichtskussen<\/li>\n<li>Borstpad<\/li>\n<li>Zitkussen<\/li>\n<li>Armleuningpad<\/li>\n<li>Pads voor beide kniesteunen<\/li>\n<\/ul>\n<p>Voor zowel nieuwere als oudere modellen geschikt. Bestel nu en geniet weer van maximaal comfort!<\/p>\n<\/div>\n<\/div>\n<\/div>\n<\/div>\n<\/div>\n<\/div>\n<\/div>\n<\/div>\n<\/div>\n<\/div>\n<p>LET OP: De Sternumpad, zoals zichtbaar op de foto is alleen in zwart en Mystic Blue na te bestellen, maar zit niet standaard in de complete pad set.<\/p>\n","protected":false},"featured_media":5391,"comment_status":"open","ping_status":"closed","template":"","meta":[],"product_brand":[396],"product_cat":[98],"product_tag":[141,19,272,21],"class_list":{"0":"post-3093","1":"product","2":"type-product","3":"status-publish","4":"has-post-thumbnail","6":"product_brand-stronglite","7":"product_cat-massagestoelen","8":"product_tag-ergopro-2","9":"product_tag-massagestoel","10":"product_tag-pads","11":"product_tag-stronglite","12":"product_shipping_class-klein-pakket","13":"pa_kleur-grijs","14":"pa_kleur-mystic-blue","15":"pa_kleur-royaal-blauw","16":"pa_kleur-teal","17":"pa_kleur-vanille-creme","18":"pa_kleur-zwart","19":"pa_merk-earthlite","21":"first","22":"instock","23":"taxable","24":"shipping-taxable","25":"purchasable","26":"product-type-variable"},"yoast_head":"<!-- This site is optimized with the Yoast SEO Premium plugin v27.4 (Yoast SEO v27.4) - https:\/\/yoast.com\/product\/yoast-seo-premium-wordpress\/ -->\n<title>Complete pad set Stronglite ErgoPro 2 - TouchPro Europe Shop<\/title>\n<meta name=\"description\" content=\"Geef je Stronglite ErgoPro 2 een upgrade met onze complete pad set! Vervang moeiteloos versleten pads en geniet weer van maximaal comfort. Bestel nu!\" \/>\n<meta name=\"robots\" content=\"index, follow, max-snippet:-1, max-image-preview:large, max-video-preview:-1\" \/>\n<link rel=\"canonical\" href=\"https:\/\/touchproeurope.eu\/pt\/product\/complete-pad-set-stronglite-ergopro-2\/\" \/>\n<meta property=\"og:locale\" content=\"pt_PT\" \/>\n<meta property=\"og:type\" content=\"article\" \/>\n<meta property=\"og:title\" content=\"Complete pad set Stronglite ErgoPro 2\" \/>\n<meta property=\"og:description\" content=\"Geef je Stronglite ErgoPro 2 een upgrade met onze complete pad set! Vervang moeiteloos versleten pads en geniet weer van maximaal comfort. Bestel nu!\" \/>\n<meta property=\"og:url\" content=\"https:\/\/touchproeurope.eu\/pt\/product\/complete-pad-set-stronglite-ergopro-2\/\" \/>\n<meta property=\"og:site_name\" content=\"TouchPro Europe Shop\" \/>\n<meta property=\"article:publisher\" content=\"https:\/\/www.facebook.com\/TouchproNederland\/?locale=nl_NL%2f\" \/>\n<meta property=\"article:modified_time\" content=\"2026-04-22T09:41:40+00:00\" \/>\n<meta property=\"og:image\" content=\"https:\/\/touchproeurope.eu\/wp-content\/uploads\/2023\/11\/Ontwerp-zonder-titel-15.png\" \/>\n\t<meta property=\"og:image:width\" content=\"800\" \/>\n\t<meta property=\"og:image:height\" content=\"800\" \/>\n\t<meta property=\"og:image:type\" content=\"image\/png\" \/>\n<meta name=\"twitter:card\" content=\"summary_large_image\" \/>\n<meta name=\"twitter:label1\" content=\"Disponibilidade\" \/>\n\t<meta name=\"twitter:data1\" content=\"Em stock\" \/>\n<script type=\"application\/ld+json\" class=\"yoast-schema-graph\">{\"@context\":\"https:\\\/\\\/schema.org\",\"@graph\":[{\"@type\":\"WebPage\",\"@id\":\"https:\\\/\\\/touchproeurope.eu\\\/product\\\/complete-pad-set-stronglite-ergopro-2\\\/\",\"url\":\"https:\\\/\\\/touchproeurope.eu\\\/product\\\/complete-pad-set-stronglite-ergopro-2\\\/\",\"name\":\"Complete pad set Stronglite ErgoPro 2 - TouchPro Europe Shop\",\"isPartOf\":{\"@id\":\"https:\\\/\\\/touchproeurope.eu\\\/#website\"},\"primaryImageOfPage\":{\"@id\":\"https:\\\/\\\/touchproeurope.eu\\\/product\\\/complete-pad-set-stronglite-ergopro-2\\\/#primaryimage\"},\"image\":{\"@id\":\"https:\\\/\\\/touchproeurope.eu\\\/product\\\/complete-pad-set-stronglite-ergopro-2\\\/#primaryimage\"},\"thumbnailUrl\":\"https:\\\/\\\/i0.wp.com\\\/touchproeurope.eu\\\/wp-content\\\/uploads\\\/2023\\\/11\\\/Ontwerp-zonder-titel-15.png?fit=800%2C800&ssl=1\",\"datePublished\":\"2023-11-09T16:04:51+00:00\",\"dateModified\":\"2026-04-22T09:41:40+00:00\",\"description\":\"Geef je Stronglite ErgoPro 2 een upgrade met onze complete pad set! Vervang moeiteloos versleten pads en geniet weer van maximaal comfort. Bestel nu!\",\"breadcrumb\":{\"@id\":\"https:\\\/\\\/touchproeurope.eu\\\/product\\\/complete-pad-set-stronglite-ergopro-2\\\/#breadcrumb\"},\"inLanguage\":\"pt-PT\",\"potentialAction\":[{\"@type\":\"ReadAction\",\"target\":[\"https:\\\/\\\/touchproeurope.eu\\\/product\\\/complete-pad-set-stronglite-ergopro-2\\\/\"]}]},{\"@type\":\"ImageObject\",\"inLanguage\":\"pt-PT\",\"@id\":\"https:\\\/\\\/touchproeurope.eu\\\/product\\\/complete-pad-set-stronglite-ergopro-2\\\/#primaryimage\",\"url\":\"https:\\\/\\\/i0.wp.com\\\/touchproeurope.eu\\\/wp-content\\\/uploads\\\/2023\\\/11\\\/Ontwerp-zonder-titel-15.png?fit=800%2C800&ssl=1\",\"contentUrl\":\"https:\\\/\\\/i0.wp.com\\\/touchproeurope.eu\\\/wp-content\\\/uploads\\\/2023\\\/11\\\/Ontwerp-zonder-titel-15.png?fit=800%2C800&ssl=1\",\"width\":800,\"height\":800,\"caption\":\"Complete pad set Stronglite ErgoPro 2\"},{\"@type\":\"BreadcrumbList\",\"@id\":\"https:\\\/\\\/touchproeurope.eu\\\/product\\\/complete-pad-set-stronglite-ergopro-2\\\/#breadcrumb\",\"itemListElement\":[{\"@type\":\"ListItem\",\"position\":1,\"name\":\"Home\",\"item\":\"https:\\\/\\\/touchproeurope.eu\\\/\"},{\"@type\":\"ListItem\",\"position\":2,\"name\":\"Winkel\",\"item\":\"https:\\\/\\\/touchproeurope.eu\\\/winkel\\\/\"},{\"@type\":\"ListItem\",\"position\":3,\"name\":\"Complete pad set Stronglite ErgoPro 2\"}]},{\"@type\":\"WebSite\",\"@id\":\"https:\\\/\\\/touchproeurope.eu\\\/#website\",\"url\":\"https:\\\/\\\/touchproeurope.eu\\\/\",\"name\":\"TouchPro Europe Shop\",\"description\":\"Alles voor jouw praktijk met een PROfessionele Touch!\",\"publisher\":{\"@id\":\"https:\\\/\\\/touchproeurope.eu\\\/#organization\"},\"alternateName\":\"TPE\",\"potentialAction\":[{\"@type\":\"SearchAction\",\"target\":{\"@type\":\"EntryPoint\",\"urlTemplate\":\"https:\\\/\\\/touchproeurope.eu\\\/?s={search_term_string}\"},\"query-input\":{\"@type\":\"PropertyValueSpecification\",\"valueRequired\":true,\"valueName\":\"search_term_string\"}}],\"inLanguage\":\"pt-PT\"},{\"@type\":\"Organization\",\"@id\":\"https:\\\/\\\/touchproeurope.eu\\\/#organization\",\"name\":\"TouchPro Europe BV\",\"alternateName\":\"TPE\",\"url\":\"https:\\\/\\\/touchproeurope.eu\\\/\",\"logo\":{\"@type\":\"ImageObject\",\"inLanguage\":\"pt-PT\",\"@id\":\"https:\\\/\\\/touchproeurope.eu\\\/#\\\/schema\\\/logo\\\/image\\\/\",\"url\":\"https:\\\/\\\/i0.wp.com\\\/touchproeurope.eu\\\/wp-content\\\/uploads\\\/2023\\\/10\\\/2b592c_b6944d80811246d987cc2c29accedf3f.png?fit=1417%2C531&ssl=1\",\"contentUrl\":\"https:\\\/\\\/i0.wp.com\\\/touchproeurope.eu\\\/wp-content\\\/uploads\\\/2023\\\/10\\\/2b592c_b6944d80811246d987cc2c29accedf3f.png?fit=1417%2C531&ssl=1\",\"width\":1417,\"height\":531,\"caption\":\"TouchPro Europe BV\"},\"image\":{\"@id\":\"https:\\\/\\\/touchproeurope.eu\\\/#\\\/schema\\\/logo\\\/image\\\/\"},\"sameAs\":[\"https:\\\/\\\/www.facebook.com\\\/TouchproNederland\\\/?locale=nl_NL\\\/\",\"https:\\\/\\\/www.instagram.com\\\/touchpro2016\\\/\",\"https:\\\/\\\/www.linkedin.com\\\/company\\\/touchpro-europe-bv\\\/\"],\"description\":\"TouchPro Europe Shop is de massage winkel van Europa. Wij verkopen topkwaliteit massageproducten aan masseurs, pedicures, fysiotherapeuten, manicuren, Wellness centra, opleidingen, etc. TouchPro begon als een kleine webshop in Nederland, maar is nu uitgegroeid tot een webshop met klanten uit heel Europa. Wij bieden een breed assortiment aan massageproducten, waaronder massagetafels, oli\u00ebn, cr\u00e8mes, en accessoires van topmerken, zoals Earthlite, Stronglite en InnerStrenght, Habys, Living Earth Crafts en Continuum en andere leveranciers van massage accessoires. Bestel hier de beste massagematerialen van Europa!\",\"email\":\"info@touchpro-europe.com\",\"telephone\":\"0858768829\",\"legalName\":\"TouchPro Europe BV\",\"foundingDate\":\"2018-01-11\",\"vatID\":\"NL855430151B01\",\"numberOfEmployees\":{\"@type\":\"QuantitativeValue\",\"minValue\":\"1\",\"maxValue\":\"10\"},\"hasMerchantReturnPolicy\":{\"@type\":\"MerchantReturnPolicy\",\"merchantReturnLink\":\"https:\\\/\\\/touchproeurope.eu\\\/pt\\\/retourbeleid\\\/\"}}]}<\/script>\n<meta property=\"product:brand\" content=\"Earthlite\" \/>\n<meta property=\"og:availability\" content=\"instock\" \/>\n<meta property=\"product:availability\" content=\"instock\" \/>\n<meta property=\"product:retailer_item_id\" content=\"51720\" \/>\n<meta property=\"product:condition\" content=\"new\" \/>\n<!-- \/ Yoast SEO Premium plugin. -->","yoast_head_json":{"title":"Complete pad set Stronglite ErgoPro 2 - TouchPro Europe Shop","description":"Geef je Stronglite ErgoPro 2 een upgrade met onze complete pad set! Vervang moeiteloos versleten pads en geniet weer van maximaal comfort. Bestel nu!","robots":{"index":"index","follow":"follow","max-snippet":"max-snippet:-1","max-image-preview":"max-image-preview:large","max-video-preview":"max-video-preview:-1"},"canonical":"https:\/\/touchproeurope.eu\/pt\/product\/complete-pad-set-stronglite-ergopro-2\/","og_locale":"pt_PT","og_type":"article","og_title":"Complete pad set Stronglite ErgoPro 2","og_description":"Geef je Stronglite ErgoPro 2 een upgrade met onze complete pad set! Vervang moeiteloos versleten pads en geniet weer van maximaal comfort. Bestel nu!","og_url":"https:\/\/touchproeurope.eu\/pt\/product\/complete-pad-set-stronglite-ergopro-2\/","og_site_name":"TouchPro Europe Shop","article_publisher":"https:\/\/www.facebook.com\/TouchproNederland\/?locale=nl_NL%2f","article_modified_time":"2026-04-22T09:41:40+00:00","og_image":[{"width":800,"height":800,"url":"https:\/\/touchproeurope.eu\/wp-content\/uploads\/2023\/11\/Ontwerp-zonder-titel-15.png","type":"image\/png"}],"twitter_card":"summary_large_image","twitter_misc":{"Disponibilidade":"Em stock"},"schema":{"@context":"https:\/\/schema.org","@graph":[{"@type":"WebPage","@id":"https:\/\/touchproeurope.eu\/product\/complete-pad-set-stronglite-ergopro-2\/","url":"https:\/\/touchproeurope.eu\/product\/complete-pad-set-stronglite-ergopro-2\/","name":"Complete pad set Stronglite ErgoPro 2 - TouchPro Europe Shop","isPartOf":{"@id":"https:\/\/touchproeurope.eu\/#website"},"primaryImageOfPage":{"@id":"https:\/\/touchproeurope.eu\/product\/complete-pad-set-stronglite-ergopro-2\/#primaryimage"},"image":{"@id":"https:\/\/touchproeurope.eu\/product\/complete-pad-set-stronglite-ergopro-2\/#primaryimage"},"thumbnailUrl":"https:\/\/i0.wp.com\/touchproeurope.eu\/wp-content\/uploads\/2023\/11\/Ontwerp-zonder-titel-15.png?fit=800%2C800&ssl=1","datePublished":"2023-11-09T16:04:51+00:00","dateModified":"2026-04-22T09:41:40+00:00","description":"Geef je Stronglite ErgoPro 2 een upgrade met onze complete pad set! Vervang moeiteloos versleten pads en geniet weer van maximaal comfort. Bestel nu!","breadcrumb":{"@id":"https:\/\/touchproeurope.eu\/product\/complete-pad-set-stronglite-ergopro-2\/#breadcrumb"},"inLanguage":"pt-PT","potentialAction":[{"@type":"ReadAction","target":["https:\/\/touchproeurope.eu\/product\/complete-pad-set-stronglite-ergopro-2\/"]}]},{"@type":"ImageObject","inLanguage":"pt-PT","@id":"https:\/\/touchproeurope.eu\/product\/complete-pad-set-stronglite-ergopro-2\/#primaryimage","url":"https:\/\/i0.wp.com\/touchproeurope.eu\/wp-content\/uploads\/2023\/11\/Ontwerp-zonder-titel-15.png?fit=800%2C800&ssl=1","contentUrl":"https:\/\/i0.wp.com\/touchproeurope.eu\/wp-content\/uploads\/2023\/11\/Ontwerp-zonder-titel-15.png?fit=800%2C800&ssl=1","width":800,"height":800,"caption":"Complete pad set Stronglite ErgoPro 2"},{"@type":"BreadcrumbList","@id":"https:\/\/touchproeurope.eu\/product\/complete-pad-set-stronglite-ergopro-2\/#breadcrumb","itemListElement":[{"@type":"ListItem","position":1,"name":"Home","item":"https:\/\/touchproeurope.eu\/"},{"@type":"ListItem","position":2,"name":"Winkel","item":"https:\/\/touchproeurope.eu\/winkel\/"},{"@type":"ListItem","position":3,"name":"Complete pad set Stronglite ErgoPro 2"}]},{"@type":"WebSite","@id":"https:\/\/touchproeurope.eu\/#website","url":"https:\/\/touchproeurope.eu\/","name":"Loja TouchPro Europa","description":"Tudo para o seu consult\u00f3rio com um toque profissional!","publisher":{"@id":"https:\/\/touchproeurope.eu\/#organization"},"alternateName":"TPE","potentialAction":[{"@type":"SearchAction","target":{"@type":"EntryPoint","urlTemplate":"https:\/\/touchproeurope.eu\/?s={search_term_string}"},"query-input":{"@type":"PropertyValueSpecification","valueRequired":true,"valueName":"search_term_string"}}],"inLanguage":"pt-PT"},{"@type":"Organization","@id":"https:\/\/touchproeurope.eu\/#organization","name":"TouchPro Europa BV","alternateName":"TPE","url":"https:\/\/touchproeurope.eu\/","logo":{"@type":"ImageObject","inLanguage":"pt-PT","@id":"https:\/\/touchproeurope.eu\/#\/schema\/logo\/image\/","url":"https:\/\/i0.wp.com\/touchproeurope.eu\/wp-content\/uploads\/2023\/10\/2b592c_b6944d80811246d987cc2c29accedf3f.png?fit=1417%2C531&ssl=1","contentUrl":"https:\/\/i0.wp.com\/touchproeurope.eu\/wp-content\/uploads\/2023\/10\/2b592c_b6944d80811246d987cc2c29accedf3f.png?fit=1417%2C531&ssl=1","width":1417,"height":531,"caption":"TouchPro Europe BV"},"image":{"@id":"https:\/\/touchproeurope.eu\/#\/schema\/logo\/image\/"},"sameAs":["https:\/\/www.facebook.com\/TouchproNederland\/?locale=nl_NL\/","https:\/\/www.instagram.com\/touchpro2016\/","https:\/\/www.linkedin.com\/company\/touchpro-europe-bv\/"],"description":"A TouchPro Europe Shop \u00e9 a loja de massagens da Europa. Vendemos produtos de massagem de alta qualidade a massagistas, pedicuros, fisioterapeutas, manicures, centros de bem-estar, cursos de forma\u00e7\u00e3o, etc. A TouchPro come\u00e7ou por ser uma pequena loja nos Pa\u00edses Baixos, mas agora transformou-se numa loja com clientes de toda a Europa. Oferecemos uma vasta gama de produtos de massagem, incluindo mesas de massagem, \u00f3leos, cremes e acess\u00f3rios de marcas de topo como Earthlite, Stronglite e InnerStrenght, Habys, Living Earth Crafts e Continuum e outros fornecedores de acess\u00f3rios de massagem. Encomende aqui os melhores artigos de massagem da Europa!","email":"info@touchpro-europe.com","telephone":"0858768829","legalName":"TouchPro Europe BV","foundingDate":"2018-01-11","vatID":"NL855430151B01","numberOfEmployees":{"@type":"QuantitativeValue","minValue":"1","maxValue":"10"},"hasMerchantReturnPolicy":{"@type":"MerchantReturnPolicy","merchantReturnLink":"https:\/\/touchproeurope.eu\/pt\/retourbeleid\/"}}]},"product_brand":"Earthlite","og_availability":"instock","product_availability":"instock","product_retailer_item_id":"51720","product_condition":"new"},"_links":{"self":[{"href":"https:\/\/touchproeurope.eu\/pt\/wp-json\/wp\/v2\/product\/3093","targetHints":{"allow":["GET"]}}],"collection":[{"href":"https:\/\/touchproeurope.eu\/pt\/wp-json\/wp\/v2\/product"}],"about":[{"href":"https:\/\/touchproeurope.eu\/pt\/wp-json\/wp\/v2\/types\/product"}],"replies":[{"embeddable":true,"href":"https:\/\/touchproeurope.eu\/pt\/wp-json\/wp\/v2\/comments?post=3093"}],"version-history":[{"count":5,"href":"https:\/\/touchproeurope.eu\/pt\/wp-json\/wp\/v2\/product\/3093\/revisions"}],"predecessor-version":[{"id":8084,"href":"https:\/\/touchproeurope.eu\/pt\/wp-json\/wp\/v2\/product\/3093\/revisions\/8084"}],"wp:featuredmedia":[{"embeddable":true,"href":"https:\/\/touchproeurope.eu\/pt\/wp-json\/wp\/v2\/media\/5391"}],"wp:attachment":[{"href":"https:\/\/touchproeurope.eu\/pt\/wp-json\/wp\/v2\/media?parent=3093"}],"wp:term":[{"taxonomy":"product_brand","embeddable":true,"href":"https:\/\/touchproeurope.eu\/pt\/wp-json\/wp\/v2\/product_brand?post=3093"},{"taxonomy":"product_cat","embeddable":true,"href":"https:\/\/touchproeurope.eu\/pt\/wp-json\/wp\/v2\/product_cat?post=3093"},{"taxonomy":"product_tag","embeddable":true,"href":"https:\/\/touchproeurope.eu\/pt\/wp-json\/wp\/v2\/product_tag?post=3093"}],"curies":[{"name":"wp","href":"https:\/\/api.w.org\/{rel}","templated":true}]}}