{"id":3095,"date":"2023-11-09T16:04:56","date_gmt":"2023-11-09T16:04:56","guid":{"rendered":"https:\/\/touchproeurope.eu\/?post_type=product&#038;p=3095"},"modified":"2026-04-22T09:40:05","modified_gmt":"2026-04-22T09:40:05","slug":"holistic-alchemy-xplush-herbal-neck-wrap","status":"publish","type":"product","link":"https:\/\/touchproeurope.eu\/pt\/product\/holistic-alchemy-xplush-herbal-neck-wrap\/","title":{"rendered":"Envolvimento para o pesco\u00e7o com ervas Holistic Alchemy XPlush"},"content":{"rendered":"<p data-start=\"450\" data-end=\"854\">Ervaar diepe ontspanning met de Earthlite Holistic Alchemy XPlush Herbal Neck Wrap,\u00a0d\u00e9 aromatische nekwikkel die spanning verlicht in nek, schouders en bovenborst. Ideaal voor professioneel gebruik in massagesalons, wellnesscentra en therapeutische praktijken, maar ook perfect voor thuisgebruik. Dankzij de vochtige warmte- en koudetherapie ondersteunt deze nekwrap herstel, ontspanning en welzijn.<\/p>\n<p data-start=\"856\" data-end=\"1114\">De wrap bevat een zorgvuldig samengestelde kruidenmix met o.a. kaneel die bij verwarming een rustgevende geur afgeeft. De ultra-zachte XPlush\u2122 hoes is afneembaar en wasbaar, en dankzij het ergonomische ontwerp sluit hij comfortabel aan rond het bovenlichaam.<\/p>\n<p data-start=\"1116\" data-end=\"1304\">Of het nu gaat om het voorbereiden van spieren v\u00f3\u00f3r een massage of het bieden van verkoeling na een drukke dag, deze neck wrap is een waardevolle aanvulling op iedere ontspanningsroutine.<\/p>","protected":false},"excerpt":{"rendered":"<p>De Earthlite Holistic Alchemy XPlush Herbal neck wrap zorgt voor de ontspanning van een gespannen nek, bovenkant schouders en borst door vochtige warmte- en koudetherapie. Deze neck wrap kan zowel thuis gebruikt worden, als in spa&#8217;s \/ wellness centra, bij schoonheidsspecialisten en therapeuten in de praktijk.<\/p>\n<p>Bijzonderheden van de neck wrap:<\/p>\n<ul>\n<li>te gebruiken in de nek, op de schouders en bovenkant borst<\/li>\n<li>zowel koud, als warm toe te passen.<\/li>\n<li>bevat een kruidenmix van o.a. kaneel, die vrijkomt bij opwarming in de magnetron of handdoek verwarmer, die zorgt voor algehele ontspanning<\/li>\n<li>de hoes voelt uiterst zacht aan en is uitwasbaar<\/li>\n<li>afmetingen: 38 x 28 x 2,5 cm<\/li>\n<li><a href=\"https:\/\/touchproeurope.eu\/wp-content\/uploads\/2023\/11\/Neck_Wrap_Comfort_Pack_-_XPlush_-_1-300-0189_-_Rev_011422.pdf\" target=\"_blank\" rel=\"noopener\">Offici\u00eble sales sheet Herbal Neck Wrap<\/a><\/li>\n<\/ul>","protected":false},"featured_media":14175,"comment_status":"open","ping_status":"closed","template":"","meta":[],"product_brand":[343],"product_cat":[105],"product_tag":[127,445,444],"class_list":{"0":"post-3095","1":"product","2":"type-product","3":"status-publish","4":"has-post-thumbnail","6":"product_brand-earthlite","7":"product_cat-aromatherapie","8":"product_tag-aromatherapie","9":"product_tag-aromatische-nekwikkel","10":"product_tag-herbal-neck-wrap","11":"product_shipping_class-klein-pakket","12":"pa_kleur-grijs","13":"pa_kleur-topaz","14":"pa_kleur-zwart","15":"pa_merk-earthlite","17":"first","18":"instock","19":"taxable","20":"shipping-taxable","21":"purchasable","22":"product-type-variable"},"yoast_head":"<!-- This site is optimized with the Yoast SEO Premium plugin v27.4 (Yoast SEO v27.4) - https:\/\/yoast.com\/product\/yoast-seo-premium-wordpress\/ -->\n<title>Holistic Alchemy XPlush Herbal Neck Wrap - TouchPro Europe Shop<\/title>\n<meta name=\"description\" content=\"Verlicht jouw nekspanning met de Holistic Alchemy XPlush Herbal Neck Wrap. Geniet van de rustgevende kruidenmix en voel de ontspanning! \ud83c\udf3f\" \/>\n<meta name=\"robots\" content=\"index, follow, max-snippet:-1, max-image-preview:large, max-video-preview:-1\" \/>\n<link rel=\"canonical\" href=\"https:\/\/touchproeurope.eu\/pt\/product\/holistic-alchemy-xplush-herbal-neck-wrap\/\" \/>\n<meta property=\"og:locale\" content=\"pt_PT\" \/>\n<meta property=\"og:type\" content=\"article\" \/>\n<meta property=\"og:title\" content=\"Holistic Alchemy XPlush Herbal Neck Wrap\" \/>\n<meta property=\"og:description\" content=\"Verlicht jouw nekspanning met de Holistic Alchemy XPlush Herbal Neck Wrap. Geniet van de rustgevende kruidenmix en voel de ontspanning! \ud83c\udf3f\" \/>\n<meta property=\"og:url\" content=\"https:\/\/touchproeurope.eu\/pt\/product\/holistic-alchemy-xplush-herbal-neck-wrap\/\" \/>\n<meta property=\"og:site_name\" content=\"TouchPro Europe Shop\" \/>\n<meta property=\"article:publisher\" content=\"https:\/\/www.facebook.com\/TouchproNederland\/?locale=nl_NL%2f\" \/>\n<meta property=\"article:modified_time\" content=\"2026-04-22T09:40:05+00:00\" \/>\n<meta property=\"og:image\" content=\"https:\/\/touchproeurope.eu\/wp-content\/uploads\/2023\/11\/XPlush_-_Neck_Wrap_angle_-_Smoke_Gray-e1759847153698.jpg\" \/>\n\t<meta property=\"og:image:width\" content=\"800\" \/>\n\t<meta property=\"og:image:height\" content=\"800\" \/>\n\t<meta property=\"og:image:type\" content=\"image\/jpeg\" \/>\n<meta name=\"twitter:card\" content=\"summary_large_image\" \/>\n<meta name=\"twitter:label1\" content=\"Disponibilidade\" \/>\n\t<meta name=\"twitter:data1\" content=\"Em stock\" \/>\n<script type=\"application\/ld+json\" class=\"yoast-schema-graph\">{\"@context\":\"https:\\\/\\\/schema.org\",\"@graph\":[{\"@type\":\"WebPage\",\"@id\":\"https:\\\/\\\/touchproeurope.eu\\\/product\\\/holistic-alchemy-xplush-herbal-neck-wrap\\\/\",\"url\":\"https:\\\/\\\/touchproeurope.eu\\\/product\\\/holistic-alchemy-xplush-herbal-neck-wrap\\\/\",\"name\":\"Holistic Alchemy XPlush Herbal Neck Wrap - TouchPro Europe Shop\",\"isPartOf\":{\"@id\":\"https:\\\/\\\/touchproeurope.eu\\\/#website\"},\"primaryImageOfPage\":{\"@id\":\"https:\\\/\\\/touchproeurope.eu\\\/product\\\/holistic-alchemy-xplush-herbal-neck-wrap\\\/#primaryimage\"},\"image\":{\"@id\":\"https:\\\/\\\/touchproeurope.eu\\\/product\\\/holistic-alchemy-xplush-herbal-neck-wrap\\\/#primaryimage\"},\"thumbnailUrl\":\"https:\\\/\\\/i0.wp.com\\\/touchproeurope.eu\\\/wp-content\\\/uploads\\\/2023\\\/11\\\/XPlush_-_Neck_Wrap_angle_-_Smoke_Gray-e1759847153698.jpg?fit=800%2C800&ssl=1\",\"datePublished\":\"2023-11-09T16:04:56+00:00\",\"dateModified\":\"2026-04-22T09:40:05+00:00\",\"description\":\"Verlicht jouw nekspanning met de Holistic Alchemy XPlush Herbal Neck Wrap. Geniet van de rustgevende kruidenmix en voel de ontspanning! \ud83c\udf3f\",\"breadcrumb\":{\"@id\":\"https:\\\/\\\/touchproeurope.eu\\\/product\\\/holistic-alchemy-xplush-herbal-neck-wrap\\\/#breadcrumb\"},\"inLanguage\":\"pt-PT\",\"potentialAction\":[{\"@type\":\"ReadAction\",\"target\":[\"https:\\\/\\\/touchproeurope.eu\\\/product\\\/holistic-alchemy-xplush-herbal-neck-wrap\\\/\"]}]},{\"@type\":\"ImageObject\",\"inLanguage\":\"pt-PT\",\"@id\":\"https:\\\/\\\/touchproeurope.eu\\\/product\\\/holistic-alchemy-xplush-herbal-neck-wrap\\\/#primaryimage\",\"url\":\"https:\\\/\\\/i0.wp.com\\\/touchproeurope.eu\\\/wp-content\\\/uploads\\\/2023\\\/11\\\/XPlush_-_Neck_Wrap_angle_-_Smoke_Gray-e1759847153698.jpg?fit=800%2C800&ssl=1\",\"contentUrl\":\"https:\\\/\\\/i0.wp.com\\\/touchproeurope.eu\\\/wp-content\\\/uploads\\\/2023\\\/11\\\/XPlush_-_Neck_Wrap_angle_-_Smoke_Gray-e1759847153698.jpg?fit=800%2C800&ssl=1\",\"width\":800,\"height\":800,\"caption\":\"Holistic Alchemy XPlush Herbal Neck Wrap\"},{\"@type\":\"BreadcrumbList\",\"@id\":\"https:\\\/\\\/touchproeurope.eu\\\/product\\\/holistic-alchemy-xplush-herbal-neck-wrap\\\/#breadcrumb\",\"itemListElement\":[{\"@type\":\"ListItem\",\"position\":1,\"name\":\"Home\",\"item\":\"https:\\\/\\\/touchproeurope.eu\\\/\"},{\"@type\":\"ListItem\",\"position\":2,\"name\":\"Winkel\",\"item\":\"https:\\\/\\\/touchproeurope.eu\\\/winkel\\\/\"},{\"@type\":\"ListItem\",\"position\":3,\"name\":\"Holistic Alchemy XPlush Herbal Neck Wrap\"}]},{\"@type\":\"WebSite\",\"@id\":\"https:\\\/\\\/touchproeurope.eu\\\/#website\",\"url\":\"https:\\\/\\\/touchproeurope.eu\\\/\",\"name\":\"TouchPro Europe Shop\",\"description\":\"Alles voor jouw praktijk met een PROfessionele Touch!\",\"publisher\":{\"@id\":\"https:\\\/\\\/touchproeurope.eu\\\/#organization\"},\"alternateName\":\"TPE\",\"potentialAction\":[{\"@type\":\"SearchAction\",\"target\":{\"@type\":\"EntryPoint\",\"urlTemplate\":\"https:\\\/\\\/touchproeurope.eu\\\/?s={search_term_string}\"},\"query-input\":{\"@type\":\"PropertyValueSpecification\",\"valueRequired\":true,\"valueName\":\"search_term_string\"}}],\"inLanguage\":\"pt-PT\"},{\"@type\":\"Organization\",\"@id\":\"https:\\\/\\\/touchproeurope.eu\\\/#organization\",\"name\":\"TouchPro Europe BV\",\"alternateName\":\"TPE\",\"url\":\"https:\\\/\\\/touchproeurope.eu\\\/\",\"logo\":{\"@type\":\"ImageObject\",\"inLanguage\":\"pt-PT\",\"@id\":\"https:\\\/\\\/touchproeurope.eu\\\/#\\\/schema\\\/logo\\\/image\\\/\",\"url\":\"https:\\\/\\\/i0.wp.com\\\/touchproeurope.eu\\\/wp-content\\\/uploads\\\/2023\\\/10\\\/2b592c_b6944d80811246d987cc2c29accedf3f.png?fit=1417%2C531&ssl=1\",\"contentUrl\":\"https:\\\/\\\/i0.wp.com\\\/touchproeurope.eu\\\/wp-content\\\/uploads\\\/2023\\\/10\\\/2b592c_b6944d80811246d987cc2c29accedf3f.png?fit=1417%2C531&ssl=1\",\"width\":1417,\"height\":531,\"caption\":\"TouchPro Europe BV\"},\"image\":{\"@id\":\"https:\\\/\\\/touchproeurope.eu\\\/#\\\/schema\\\/logo\\\/image\\\/\"},\"sameAs\":[\"https:\\\/\\\/www.facebook.com\\\/TouchproNederland\\\/?locale=nl_NL\\\/\",\"https:\\\/\\\/www.instagram.com\\\/touchpro2016\\\/\",\"https:\\\/\\\/www.linkedin.com\\\/company\\\/touchpro-europe-bv\\\/\"],\"description\":\"TouchPro Europe Shop is de massage winkel van Europa. Wij verkopen topkwaliteit massageproducten aan masseurs, pedicures, fysiotherapeuten, manicuren, Wellness centra, opleidingen, etc. TouchPro begon als een kleine webshop in Nederland, maar is nu uitgegroeid tot een webshop met klanten uit heel Europa. Wij bieden een breed assortiment aan massageproducten, waaronder massagetafels, oli\u00ebn, cr\u00e8mes, en accessoires van topmerken, zoals Earthlite, Stronglite en InnerStrenght, Habys, Living Earth Crafts en Continuum en andere leveranciers van massage accessoires. Bestel hier de beste massagematerialen van Europa!\",\"email\":\"info@touchpro-europe.com\",\"telephone\":\"0858768829\",\"legalName\":\"TouchPro Europe BV\",\"foundingDate\":\"2018-01-11\",\"vatID\":\"NL855430151B01\",\"numberOfEmployees\":{\"@type\":\"QuantitativeValue\",\"minValue\":\"1\",\"maxValue\":\"10\"},\"hasMerchantReturnPolicy\":{\"@type\":\"MerchantReturnPolicy\",\"merchantReturnLink\":\"https:\\\/\\\/touchproeurope.eu\\\/pt\\\/retourbeleid\\\/\"}}]}<\/script>\n<meta property=\"product:brand\" content=\"Earthlite\" \/>\n<meta property=\"og:availability\" content=\"instock\" \/>\n<meta property=\"product:availability\" content=\"instock\" \/>\n<meta property=\"product:retailer_item_id\" content=\"52700\" \/>\n<meta property=\"product:condition\" content=\"new\" \/>\n<!-- \/ Yoast SEO Premium plugin. -->","yoast_head_json":{"title":"Holistic Alchemy XPlush Herbal Neck Wrap - TouchPro Europe Shop","description":"Verlicht jouw nekspanning met de Holistic Alchemy XPlush Herbal Neck Wrap. Geniet van de rustgevende kruidenmix en voel de ontspanning! \ud83c\udf3f","robots":{"index":"index","follow":"follow","max-snippet":"max-snippet:-1","max-image-preview":"max-image-preview:large","max-video-preview":"max-video-preview:-1"},"canonical":"https:\/\/touchproeurope.eu\/pt\/product\/holistic-alchemy-xplush-herbal-neck-wrap\/","og_locale":"pt_PT","og_type":"article","og_title":"Holistic Alchemy XPlush Herbal Neck Wrap","og_description":"Verlicht jouw nekspanning met de Holistic Alchemy XPlush Herbal Neck Wrap. Geniet van de rustgevende kruidenmix en voel de ontspanning! \ud83c\udf3f","og_url":"https:\/\/touchproeurope.eu\/pt\/product\/holistic-alchemy-xplush-herbal-neck-wrap\/","og_site_name":"TouchPro Europe Shop","article_publisher":"https:\/\/www.facebook.com\/TouchproNederland\/?locale=nl_NL%2f","article_modified_time":"2026-04-22T09:40:05+00:00","og_image":[{"width":800,"height":800,"url":"https:\/\/touchproeurope.eu\/wp-content\/uploads\/2023\/11\/XPlush_-_Neck_Wrap_angle_-_Smoke_Gray-e1759847153698.jpg","type":"image\/jpeg"}],"twitter_card":"summary_large_image","twitter_misc":{"Disponibilidade":"Em stock"},"schema":{"@context":"https:\/\/schema.org","@graph":[{"@type":"WebPage","@id":"https:\/\/touchproeurope.eu\/product\/holistic-alchemy-xplush-herbal-neck-wrap\/","url":"https:\/\/touchproeurope.eu\/product\/holistic-alchemy-xplush-herbal-neck-wrap\/","name":"Holistic Alchemy XPlush Herbal Neck Wrap - TouchPro Europe Shop","isPartOf":{"@id":"https:\/\/touchproeurope.eu\/#website"},"primaryImageOfPage":{"@id":"https:\/\/touchproeurope.eu\/product\/holistic-alchemy-xplush-herbal-neck-wrap\/#primaryimage"},"image":{"@id":"https:\/\/touchproeurope.eu\/product\/holistic-alchemy-xplush-herbal-neck-wrap\/#primaryimage"},"thumbnailUrl":"https:\/\/i0.wp.com\/touchproeurope.eu\/wp-content\/uploads\/2023\/11\/XPlush_-_Neck_Wrap_angle_-_Smoke_Gray-e1759847153698.jpg?fit=800%2C800&ssl=1","datePublished":"2023-11-09T16:04:56+00:00","dateModified":"2026-04-22T09:40:05+00:00","description":"Verlicht jouw nekspanning met de Holistic Alchemy XPlush Herbal Neck Wrap. Geniet van de rustgevende kruidenmix en voel de ontspanning! \ud83c\udf3f","breadcrumb":{"@id":"https:\/\/touchproeurope.eu\/product\/holistic-alchemy-xplush-herbal-neck-wrap\/#breadcrumb"},"inLanguage":"pt-PT","potentialAction":[{"@type":"ReadAction","target":["https:\/\/touchproeurope.eu\/product\/holistic-alchemy-xplush-herbal-neck-wrap\/"]}]},{"@type":"ImageObject","inLanguage":"pt-PT","@id":"https:\/\/touchproeurope.eu\/product\/holistic-alchemy-xplush-herbal-neck-wrap\/#primaryimage","url":"https:\/\/i0.wp.com\/touchproeurope.eu\/wp-content\/uploads\/2023\/11\/XPlush_-_Neck_Wrap_angle_-_Smoke_Gray-e1759847153698.jpg?fit=800%2C800&ssl=1","contentUrl":"https:\/\/i0.wp.com\/touchproeurope.eu\/wp-content\/uploads\/2023\/11\/XPlush_-_Neck_Wrap_angle_-_Smoke_Gray-e1759847153698.jpg?fit=800%2C800&ssl=1","width":800,"height":800,"caption":"Holistic Alchemy XPlush Herbal Neck Wrap"},{"@type":"BreadcrumbList","@id":"https:\/\/touchproeurope.eu\/product\/holistic-alchemy-xplush-herbal-neck-wrap\/#breadcrumb","itemListElement":[{"@type":"ListItem","position":1,"name":"Home","item":"https:\/\/touchproeurope.eu\/"},{"@type":"ListItem","position":2,"name":"Winkel","item":"https:\/\/touchproeurope.eu\/winkel\/"},{"@type":"ListItem","position":3,"name":"Holistic Alchemy XPlush Herbal Neck Wrap"}]},{"@type":"WebSite","@id":"https:\/\/touchproeurope.eu\/#website","url":"https:\/\/touchproeurope.eu\/","name":"Loja TouchPro Europa","description":"Tudo para o seu consult\u00f3rio com um toque profissional!","publisher":{"@id":"https:\/\/touchproeurope.eu\/#organization"},"alternateName":"TPE","potentialAction":[{"@type":"SearchAction","target":{"@type":"EntryPoint","urlTemplate":"https:\/\/touchproeurope.eu\/?s={search_term_string}"},"query-input":{"@type":"PropertyValueSpecification","valueRequired":true,"valueName":"search_term_string"}}],"inLanguage":"pt-PT"},{"@type":"Organization","@id":"https:\/\/touchproeurope.eu\/#organization","name":"TouchPro Europa BV","alternateName":"TPE","url":"https:\/\/touchproeurope.eu\/","logo":{"@type":"ImageObject","inLanguage":"pt-PT","@id":"https:\/\/touchproeurope.eu\/#\/schema\/logo\/image\/","url":"https:\/\/i0.wp.com\/touchproeurope.eu\/wp-content\/uploads\/2023\/10\/2b592c_b6944d80811246d987cc2c29accedf3f.png?fit=1417%2C531&ssl=1","contentUrl":"https:\/\/i0.wp.com\/touchproeurope.eu\/wp-content\/uploads\/2023\/10\/2b592c_b6944d80811246d987cc2c29accedf3f.png?fit=1417%2C531&ssl=1","width":1417,"height":531,"caption":"TouchPro Europe BV"},"image":{"@id":"https:\/\/touchproeurope.eu\/#\/schema\/logo\/image\/"},"sameAs":["https:\/\/www.facebook.com\/TouchproNederland\/?locale=nl_NL\/","https:\/\/www.instagram.com\/touchpro2016\/","https:\/\/www.linkedin.com\/company\/touchpro-europe-bv\/"],"description":"A TouchPro Europe Shop \u00e9 a loja de massagens da Europa. Vendemos produtos de massagem de alta qualidade a massagistas, pedicuros, fisioterapeutas, manicures, centros de bem-estar, cursos de forma\u00e7\u00e3o, etc. A TouchPro come\u00e7ou por ser uma pequena loja nos Pa\u00edses Baixos, mas agora transformou-se numa loja com clientes de toda a Europa. Oferecemos uma vasta gama de produtos de massagem, incluindo mesas de massagem, \u00f3leos, cremes e acess\u00f3rios de marcas de topo como Earthlite, Stronglite e InnerStrenght, Habys, Living Earth Crafts e Continuum e outros fornecedores de acess\u00f3rios de massagem. Encomende aqui os melhores artigos de massagem da Europa!","email":"info@touchpro-europe.com","telephone":"0858768829","legalName":"TouchPro Europe BV","foundingDate":"2018-01-11","vatID":"NL855430151B01","numberOfEmployees":{"@type":"QuantitativeValue","minValue":"1","maxValue":"10"},"hasMerchantReturnPolicy":{"@type":"MerchantReturnPolicy","merchantReturnLink":"https:\/\/touchproeurope.eu\/pt\/retourbeleid\/"}}]},"product_brand":"Earthlite","og_availability":"instock","product_availability":"instock","product_retailer_item_id":"52700","product_condition":"new"},"_links":{"self":[{"href":"https:\/\/touchproeurope.eu\/pt\/wp-json\/wp\/v2\/product\/3095","targetHints":{"allow":["GET"]}}],"collection":[{"href":"https:\/\/touchproeurope.eu\/pt\/wp-json\/wp\/v2\/product"}],"about":[{"href":"https:\/\/touchproeurope.eu\/pt\/wp-json\/wp\/v2\/types\/product"}],"replies":[{"embeddable":true,"href":"https:\/\/touchproeurope.eu\/pt\/wp-json\/wp\/v2\/comments?post=3095"}],"version-history":[{"count":3,"href":"https:\/\/touchproeurope.eu\/pt\/wp-json\/wp\/v2\/product\/3095\/revisions"}],"predecessor-version":[{"id":14188,"href":"https:\/\/touchproeurope.eu\/pt\/wp-json\/wp\/v2\/product\/3095\/revisions\/14188"}],"wp:featuredmedia":[{"embeddable":true,"href":"https:\/\/touchproeurope.eu\/pt\/wp-json\/wp\/v2\/media\/14175"}],"wp:attachment":[{"href":"https:\/\/touchproeurope.eu\/pt\/wp-json\/wp\/v2\/media?parent=3095"}],"wp:term":[{"taxonomy":"product_brand","embeddable":true,"href":"https:\/\/touchproeurope.eu\/pt\/wp-json\/wp\/v2\/product_brand?post=3095"},{"taxonomy":"product_cat","embeddable":true,"href":"https:\/\/touchproeurope.eu\/pt\/wp-json\/wp\/v2\/product_cat?post=3095"},{"taxonomy":"product_tag","embeddable":true,"href":"https:\/\/touchproeurope.eu\/pt\/wp-json\/wp\/v2\/product_tag?post=3095"}],"curies":[{"name":"wp","href":"https:\/\/api.w.org\/{rel}","templated":true}]}}