{"id":3124,"date":"2023-11-09T16:05:56","date_gmt":"2023-11-09T16:05:56","guid":{"rendered":"https:\/\/touchproeurope.eu\/?post_type=product&#038;p=3124"},"modified":"2026-03-04T16:55:30","modified_gmt":"2026-03-04T16:55:30","slug":"mesa-de-massagem-portatil-earthlite-calistoga","status":"publish","type":"product","link":"https:\/\/touchproeurope.eu\/pt\/product\/earthlite-calistoga-draagbare-massagetafel\/","title":{"rendered":"Mesa de massagem port\u00e1til Earthlite Calistoga"},"content":{"rendered":"<p>Descubra a versatilidade, a elevada qualidade e o conforto da Mesa de Massagem Port\u00e1til Earthlite Calistoga. Esta mesa n\u00e3o s\u00f3 \u00e9 um s\u00edmbolo de robustez e durabilidade, como tamb\u00e9m pode ser facilmente convertida numa cadeira de luxo, o que a torna a escolha perfeita para terapeutas que valorizam a mobilidade e a flexibilidade.<\/p>\n<p>A embalagem inclui a Mesa de Massagem Port\u00e1til Earthlite Calistoga, apoios de bra\u00e7os confort\u00e1veis, um apoio para os p\u00e9s, uma almofada de sal\u00e3o e uma almofada de pesco\u00e7o, bem como uma pr\u00e1tica mala de transporte com um compartimento de arruma\u00e7\u00e3o extra.<\/p>\n<p>Pesando apenas 21 kg e com um design dobr\u00e1vel, a Calistoga \u00e9 ideal para terapeutas em movimento. As sec\u00e7\u00f5es ajust\u00e1veis das costas e das pernas garantem um posicionamento \u00f3timo, enquanto a almofada Pro-Plush Deluxe de 3 camadas com 7,5 cm de espessura garante o m\u00e1ximo conforto para os seus clientes.<\/p>\n<p>A estrutura de madeira de qualidade garante a durabilidade, enquanto a largura de 69 cm e o comprimento de 155 - 196 cm (ap\u00f3s extens\u00e3o com o apoio para os p\u00e9s) real\u00e7am a versatilidade desta mesa. Com uma altura regul\u00e1vel de 59 a 84 cm, uma capacidade de carga est\u00e1tica at\u00e9 907 kg e um peso de trabalho admiss\u00edvel de 227 kg, a Calistoga cumpre os mais elevados padr\u00f5es de fiabilidade e qualidade.<\/p>\n<p>Encomende agora e experimente porque \u00e9 que a Earthlite Calistoga \u00e9 a escolha preferida dos terapeutas que procuram a excel\u00eancia. Com a Calistoga, tem a garantia de um instrumento profissional que combina na perfei\u00e7\u00e3o mobilidade, conforto e durabilidade. Melhore as suas massagens e ofere\u00e7a aos seus clientes o tratamento que eles merecem!<\/p>","protected":false},"excerpt":{"rendered":"<p><strong>O Earthlite Calistoga<\/strong> - vers\u00e1til, de alta qualidade e que se converte facilmente numa cadeira confort\u00e1vel. Com a sua constru\u00e7\u00e3o robusta e duradoura e o seu design dobr\u00e1vel, esta mesa de massagem \u00e9 perfeita para os terapeutas que necessitam de mobilidade e flexibilidade. Experimente a fiabilidade, a qualidade e a multifuncionalidade da Earthlite Calistoga. O pacote inclui:<\/p>\n<ul>\n<li>A mesa de massagem Earthlite Calistoga<\/li>\n<li>Apoios de bra\u00e7os, apoio de p\u00e9s, almofada de descanso e almofada de pesco\u00e7o confort\u00e1veis<\/li>\n<li>Saco de transporte com compartimento de arruma\u00e7\u00e3o adicional<\/li>\n<\/ul>\n<p>Carater\u00edsticas:<\/p>\n<ul>\n<li>Peso: 21 kg<\/li>\n<li>Sec\u00e7\u00f5es das costas e das pernas ajust\u00e1veis para um posicionamento \u00f3timo<\/li>\n<li>Almofada Pro-Plush Deluxe de 3 camadas com 7,5 cm de espessura<\/li>\n<li>Estrutura em madeira de qualidade<\/li>\n<li>Largura 69 cm<\/li>\n<li>Comprimento de 155 - 196 cm (ap\u00f3s extens\u00e3o com apoio para os p\u00e9s)<\/li>\n<li>Altura regul\u00e1vel de 59 a 84 cm<\/li>\n<li>Capacidade de carga est\u00e1tica at\u00e9 907 kg<\/li>\n<li>Peso de trabalho admiss\u00edvel de 227 kg<\/li>\n<li>Folha de venda oficial: <a href=\"https:\/\/www.earthlite.com\/media\/wysiwyg\/SalesSheets\/2023-Reupload\/Calistoga_1-300-0090_-_Rev_012323.pdf\" target=\"_blank\" rel=\"noopener\">Calistoga<\/a><\/li>\n<\/ul>","protected":false},"featured_media":3123,"comment_status":"open","ping_status":"closed","template":"","meta":[],"product_brand":[343],"product_cat":[94,93],"product_tag":[121,122,85,39],"class_list":{"0":"post-3124","1":"product","2":"type-product","3":"status-publish","4":"has-post-thumbnail","6":"product_brand-earthlite","7":"product_cat-draagbare-massagetafels","8":"product_cat-massagetafels","9":"product_tag-calistoga","10":"product_tag-draagbaar","11":"product_tag-earthlite","12":"product_tag-massagetafel","13":"product_shipping_class-groot-pakket","14":"pa_merk-earthlite","16":"first","17":"instock","18":"taxable","19":"shipping-taxable","20":"purchasable","21":"product-type-simple"},"yoast_head":"<!-- This site is optimized with the Yoast SEO Premium plugin v27.3 (Yoast SEO v27.3) - https:\/\/yoast.com\/product\/yoast-seo-premium-wordpress\/ -->\n<title>Earthlite Calistoga draagbare Massagetafel - TouchPro Europe Shop<\/title>\n<meta name=\"description\" content=\"Ontdek de veelzijdige Earthlite Calistoga draagbare Massagetafel: mobiliteit, comfort en duurzaamheid gecombineerd. Bestel nu voor professionele massages!\" \/>\n<meta name=\"robots\" content=\"index, follow, max-snippet:-1, max-image-preview:large, max-video-preview:-1\" \/>\n<link rel=\"canonical\" href=\"https:\/\/touchproeurope.eu\/pt\/product\/mesa-de-massagem-portatil-earthlite-calistoga\/\" \/>\n<meta property=\"og:locale\" content=\"pt_PT\" \/>\n<meta property=\"og:type\" content=\"article\" \/>\n<meta property=\"og:title\" content=\"Earthlite Calistoga draagbare Massagetafel\" \/>\n<meta property=\"og:description\" content=\"Ontdek de veelzijdige Earthlite Calistoga draagbare Massagetafel: mobiliteit, comfort en duurzaamheid gecombineerd. Bestel nu voor professionele massages!\" \/>\n<meta property=\"og:url\" content=\"https:\/\/touchproeurope.eu\/pt\/product\/mesa-de-massagem-portatil-earthlite-calistoga\/\" \/>\n<meta property=\"og:site_name\" content=\"TouchPro Europe Shop\" \/>\n<meta property=\"article:publisher\" content=\"https:\/\/www.facebook.com\/TouchproNederland\/?locale=nl_NL%2f\" \/>\n<meta property=\"article:modified_time\" content=\"2026-03-04T16:55:30+00:00\" \/>\n<meta property=\"og:image\" content=\"https:\/\/touchproeurope.eu\/wp-content\/uploads\/2023\/11\/1600963590.jpg\" \/>\n\t<meta property=\"og:image:width\" content=\"1896\" \/>\n\t<meta property=\"og:image:height\" content=\"1529\" \/>\n\t<meta property=\"og:image:type\" content=\"image\/jpeg\" \/>\n<meta name=\"twitter:card\" content=\"summary_large_image\" \/>\n<meta name=\"twitter:label1\" content=\"pre\u00e7o\" \/>\n\t<meta name=\"twitter:data1\" content=\"&euro;&nbsp;1.995,00 incl. BTW\" \/>\n\t<meta name=\"twitter:label2\" content=\"Disponibilidade\" \/>\n\t<meta name=\"twitter:data2\" content=\"Em stock\" \/>\n<script type=\"application\/ld+json\" class=\"yoast-schema-graph\">{\"@context\":\"https:\\\/\\\/schema.org\",\"@graph\":[{\"@type\":\"WebPage\",\"@id\":\"https:\\\/\\\/touchproeurope.eu\\\/product\\\/earthlite-calistoga-draagbare-massagetafel\\\/\",\"url\":\"https:\\\/\\\/touchproeurope.eu\\\/product\\\/earthlite-calistoga-draagbare-massagetafel\\\/\",\"name\":\"Earthlite Calistoga draagbare Massagetafel - TouchPro Europe Shop\",\"isPartOf\":{\"@id\":\"https:\\\/\\\/touchproeurope.eu\\\/#website\"},\"primaryImageOfPage\":{\"@id\":\"https:\\\/\\\/touchproeurope.eu\\\/product\\\/earthlite-calistoga-draagbare-massagetafel\\\/#primaryimage\"},\"image\":{\"@id\":\"https:\\\/\\\/touchproeurope.eu\\\/product\\\/earthlite-calistoga-draagbare-massagetafel\\\/#primaryimage\"},\"thumbnailUrl\":\"https:\\\/\\\/i0.wp.com\\\/touchproeurope.eu\\\/wp-content\\\/uploads\\\/2023\\\/11\\\/1600963590.jpg?fit=1896%2C1529&ssl=1\",\"datePublished\":\"2023-11-09T16:05:56+00:00\",\"dateModified\":\"2026-03-04T16:55:30+00:00\",\"description\":\"Ontdek de veelzijdige Earthlite Calistoga draagbare Massagetafel: mobiliteit, comfort en duurzaamheid gecombineerd. Bestel nu voor professionele massages!\",\"breadcrumb\":{\"@id\":\"https:\\\/\\\/touchproeurope.eu\\\/product\\\/earthlite-calistoga-draagbare-massagetafel\\\/#breadcrumb\"},\"inLanguage\":\"pt-PT\",\"potentialAction\":[{\"@type\":\"ReadAction\",\"target\":[\"https:\\\/\\\/touchproeurope.eu\\\/product\\\/earthlite-calistoga-draagbare-massagetafel\\\/\"]}]},{\"@type\":\"ImageObject\",\"inLanguage\":\"pt-PT\",\"@id\":\"https:\\\/\\\/touchproeurope.eu\\\/product\\\/earthlite-calistoga-draagbare-massagetafel\\\/#primaryimage\",\"url\":\"https:\\\/\\\/i0.wp.com\\\/touchproeurope.eu\\\/wp-content\\\/uploads\\\/2023\\\/11\\\/1600963590.jpg?fit=1896%2C1529&ssl=1\",\"contentUrl\":\"https:\\\/\\\/i0.wp.com\\\/touchproeurope.eu\\\/wp-content\\\/uploads\\\/2023\\\/11\\\/1600963590.jpg?fit=1896%2C1529&ssl=1\",\"width\":1896,\"height\":1529,\"caption\":\"Earthlite Calistoga draagbare Massagetafel\"},{\"@type\":\"BreadcrumbList\",\"@id\":\"https:\\\/\\\/touchproeurope.eu\\\/product\\\/earthlite-calistoga-draagbare-massagetafel\\\/#breadcrumb\",\"itemListElement\":[{\"@type\":\"ListItem\",\"position\":1,\"name\":\"Home\",\"item\":\"https:\\\/\\\/touchproeurope.eu\\\/\"},{\"@type\":\"ListItem\",\"position\":2,\"name\":\"Winkel\",\"item\":\"https:\\\/\\\/touchproeurope.eu\\\/winkel\\\/\"},{\"@type\":\"ListItem\",\"position\":3,\"name\":\"Earthlite Calistoga draagbare Massagetafel\"}]},{\"@type\":\"WebSite\",\"@id\":\"https:\\\/\\\/touchproeurope.eu\\\/#website\",\"url\":\"https:\\\/\\\/touchproeurope.eu\\\/\",\"name\":\"TouchPro Europe Shop\",\"description\":\"Alles voor jouw praktijk met een PROfessionele Touch!\",\"publisher\":{\"@id\":\"https:\\\/\\\/touchproeurope.eu\\\/#organization\"},\"alternateName\":\"TPE\",\"potentialAction\":[{\"@type\":\"SearchAction\",\"target\":{\"@type\":\"EntryPoint\",\"urlTemplate\":\"https:\\\/\\\/touchproeurope.eu\\\/?s={search_term_string}\"},\"query-input\":{\"@type\":\"PropertyValueSpecification\",\"valueRequired\":true,\"valueName\":\"search_term_string\"}}],\"inLanguage\":\"pt-PT\"},{\"@type\":\"Organization\",\"@id\":\"https:\\\/\\\/touchproeurope.eu\\\/#organization\",\"name\":\"TouchPro Europe BV\",\"alternateName\":\"TPE\",\"url\":\"https:\\\/\\\/touchproeurope.eu\\\/\",\"logo\":{\"@type\":\"ImageObject\",\"inLanguage\":\"pt-PT\",\"@id\":\"https:\\\/\\\/touchproeurope.eu\\\/#\\\/schema\\\/logo\\\/image\\\/\",\"url\":\"https:\\\/\\\/i0.wp.com\\\/touchproeurope.eu\\\/wp-content\\\/uploads\\\/2023\\\/10\\\/2b592c_b6944d80811246d987cc2c29accedf3f.png?fit=1417%2C531&ssl=1\",\"contentUrl\":\"https:\\\/\\\/i0.wp.com\\\/touchproeurope.eu\\\/wp-content\\\/uploads\\\/2023\\\/10\\\/2b592c_b6944d80811246d987cc2c29accedf3f.png?fit=1417%2C531&ssl=1\",\"width\":1417,\"height\":531,\"caption\":\"TouchPro Europe BV\"},\"image\":{\"@id\":\"https:\\\/\\\/touchproeurope.eu\\\/#\\\/schema\\\/logo\\\/image\\\/\"},\"sameAs\":[\"https:\\\/\\\/www.facebook.com\\\/TouchproNederland\\\/?locale=nl_NL\\\/\",\"https:\\\/\\\/www.instagram.com\\\/touchpro2016\\\/\",\"https:\\\/\\\/www.linkedin.com\\\/company\\\/touchpro-europe-bv\\\/\"],\"description\":\"TouchPro Europe Shop is de massage winkel van Europa. Wij verkopen topkwaliteit massageproducten aan masseurs, pedicures, fysiotherapeuten, manicuren, Wellness centra, opleidingen, etc. TouchPro begon als een kleine webshop in Nederland, maar is nu uitgegroeid tot een webshop met klanten uit heel Europa. Wij bieden een breed assortiment aan massageproducten, waaronder massagetafels, oli\u00ebn, cr\u00e8mes, en accessoires van topmerken, zoals Earthlite, Stronglite en InnerStrenght, Habys, Living Earth Crafts en Continuum en andere leveranciers van massage accessoires. Bestel hier de beste massagematerialen van Europa!\",\"email\":\"info@touchpro-europe.com\",\"telephone\":\"0858768829\",\"legalName\":\"TouchPro Europe BV\",\"foundingDate\":\"2018-01-11\",\"vatID\":\"NL855430151B01\",\"numberOfEmployees\":{\"@type\":\"QuantitativeValue\",\"minValue\":\"1\",\"maxValue\":\"10\"},\"hasMerchantReturnPolicy\":{\"@type\":\"MerchantReturnPolicy\",\"merchantReturnLink\":\"https:\\\/\\\/touchproeurope.eu\\\/pt\\\/retourbeleid\\\/\"}}]}<\/script>\n<meta property=\"product:brand\" content=\"Earthlite\" \/>\n<meta property=\"product:price:amount\" content=\"1995.00\" \/>\n<meta property=\"product:price:currency\" content=\"EUR\" \/>\n<meta property=\"og:availability\" content=\"instock\" \/>\n<meta property=\"product:availability\" content=\"instock\" \/>\n<meta property=\"product:retailer_item_id\" content=\"68404\" \/>\n<meta property=\"product:condition\" content=\"new\" \/>\n<!-- \/ Yoast SEO Premium plugin. -->","yoast_head_json":{"title":"Mesa de massagem port\u00e1til Earthlite Calistoga - TouchPro Europe Shop","description":"Descubra a vers\u00e1til mesa de massagem port\u00e1til Earthlite Calistoga: mobilidade, conforto e durabilidade combinados. Encomende j\u00e1 para massagens profissionais!","robots":{"index":"index","follow":"follow","max-snippet":"max-snippet:-1","max-image-preview":"max-image-preview:large","max-video-preview":"max-video-preview:-1"},"canonical":"https:\/\/touchproeurope.eu\/pt\/product\/mesa-de-massagem-portatil-earthlite-calistoga\/","og_locale":"pt_PT","og_type":"article","og_title":"Earthlite Calistoga draagbare Massagetafel","og_description":"Ontdek de veelzijdige Earthlite Calistoga draagbare Massagetafel: mobiliteit, comfort en duurzaamheid gecombineerd. Bestel nu voor professionele massages!","og_url":"https:\/\/touchproeurope.eu\/pt\/product\/mesa-de-massagem-portatil-earthlite-calistoga\/","og_site_name":"TouchPro Europe Shop","article_publisher":"https:\/\/www.facebook.com\/TouchproNederland\/?locale=nl_NL%2f","article_modified_time":"2026-03-04T16:55:30+00:00","og_image":[{"width":1896,"height":1529,"url":"https:\/\/touchproeurope.eu\/wp-content\/uploads\/2023\/11\/1600963590.jpg","type":"image\/jpeg"}],"twitter_card":"summary_large_image","twitter_misc":{"pre\u00e7o":"&euro;&nbsp;1.995,00 incl. BTW","Disponibilidade":"Em stock"},"schema":{"@context":"https:\/\/schema.org","@graph":[{"@type":"WebPage","@id":"https:\/\/touchproeurope.eu\/product\/earthlite-calistoga-draagbare-massagetafel\/","url":"https:\/\/touchproeurope.eu\/product\/earthlite-calistoga-draagbare-massagetafel\/","name":"Mesa de massagem port\u00e1til Earthlite Calistoga - TouchPro Europe Shop","isPartOf":{"@id":"https:\/\/touchproeurope.eu\/#website"},"primaryImageOfPage":{"@id":"https:\/\/touchproeurope.eu\/product\/earthlite-calistoga-draagbare-massagetafel\/#primaryimage"},"image":{"@id":"https:\/\/touchproeurope.eu\/product\/earthlite-calistoga-draagbare-massagetafel\/#primaryimage"},"thumbnailUrl":"https:\/\/i0.wp.com\/touchproeurope.eu\/wp-content\/uploads\/2023\/11\/1600963590.jpg?fit=1896%2C1529&ssl=1","datePublished":"2023-11-09T16:05:56+00:00","dateModified":"2026-03-04T16:55:30+00:00","description":"Descubra a vers\u00e1til mesa de massagem port\u00e1til Earthlite Calistoga: mobilidade, conforto e durabilidade combinados. Encomende j\u00e1 para massagens profissionais!","breadcrumb":{"@id":"https:\/\/touchproeurope.eu\/product\/earthlite-calistoga-draagbare-massagetafel\/#breadcrumb"},"inLanguage":"pt-PT","potentialAction":[{"@type":"ReadAction","target":["https:\/\/touchproeurope.eu\/product\/earthlite-calistoga-draagbare-massagetafel\/"]}]},{"@type":"ImageObject","inLanguage":"pt-PT","@id":"https:\/\/touchproeurope.eu\/product\/earthlite-calistoga-draagbare-massagetafel\/#primaryimage","url":"https:\/\/i0.wp.com\/touchproeurope.eu\/wp-content\/uploads\/2023\/11\/1600963590.jpg?fit=1896%2C1529&ssl=1","contentUrl":"https:\/\/i0.wp.com\/touchproeurope.eu\/wp-content\/uploads\/2023\/11\/1600963590.jpg?fit=1896%2C1529&ssl=1","width":1896,"height":1529,"caption":"Earthlite Calistoga draagbare Massagetafel"},{"@type":"BreadcrumbList","@id":"https:\/\/touchproeurope.eu\/product\/earthlite-calistoga-draagbare-massagetafel\/#breadcrumb","itemListElement":[{"@type":"ListItem","position":1,"name":"Home","item":"https:\/\/touchproeurope.eu\/"},{"@type":"ListItem","position":2,"name":"Winkel","item":"https:\/\/touchproeurope.eu\/winkel\/"},{"@type":"ListItem","position":3,"name":"Earthlite Calistoga draagbare Massagetafel"}]},{"@type":"WebSite","@id":"https:\/\/touchproeurope.eu\/#website","url":"https:\/\/touchproeurope.eu\/","name":"Loja TouchPro Europa","description":"Tudo para o seu consult\u00f3rio com um toque profissional!","publisher":{"@id":"https:\/\/touchproeurope.eu\/#organization"},"alternateName":"TPE","potentialAction":[{"@type":"SearchAction","target":{"@type":"EntryPoint","urlTemplate":"https:\/\/touchproeurope.eu\/?s={search_term_string}"},"query-input":{"@type":"PropertyValueSpecification","valueRequired":true,"valueName":"search_term_string"}}],"inLanguage":"pt-PT"},{"@type":"Organization","@id":"https:\/\/touchproeurope.eu\/#organization","name":"TouchPro Europa BV","alternateName":"TPE","url":"https:\/\/touchproeurope.eu\/","logo":{"@type":"ImageObject","inLanguage":"pt-PT","@id":"https:\/\/touchproeurope.eu\/#\/schema\/logo\/image\/","url":"https:\/\/i0.wp.com\/touchproeurope.eu\/wp-content\/uploads\/2023\/10\/2b592c_b6944d80811246d987cc2c29accedf3f.png?fit=1417%2C531&ssl=1","contentUrl":"https:\/\/i0.wp.com\/touchproeurope.eu\/wp-content\/uploads\/2023\/10\/2b592c_b6944d80811246d987cc2c29accedf3f.png?fit=1417%2C531&ssl=1","width":1417,"height":531,"caption":"TouchPro Europe BV"},"image":{"@id":"https:\/\/touchproeurope.eu\/#\/schema\/logo\/image\/"},"sameAs":["https:\/\/www.facebook.com\/TouchproNederland\/?locale=nl_NL\/","https:\/\/www.instagram.com\/touchpro2016\/","https:\/\/www.linkedin.com\/company\/touchpro-europe-bv\/"],"description":"A TouchPro Europe Shop \u00e9 a loja de massagens da Europa. Vendemos produtos de massagem de alta qualidade a massagistas, pedicuros, fisioterapeutas, manicures, centros de bem-estar, cursos de forma\u00e7\u00e3o, etc. A TouchPro come\u00e7ou por ser uma pequena loja nos Pa\u00edses Baixos, mas agora transformou-se numa loja com clientes de toda a Europa. Oferecemos uma vasta gama de produtos de massagem, incluindo mesas de massagem, \u00f3leos, cremes e acess\u00f3rios de marcas de topo como Earthlite, Stronglite e InnerStrenght, Habys, Living Earth Crafts e Continuum e outros fornecedores de acess\u00f3rios de massagem. Encomende aqui os melhores artigos de massagem da Europa!","email":"info@touchpro-europe.com","telephone":"0858768829","legalName":"TouchPro Europe BV","foundingDate":"2018-01-11","vatID":"NL855430151B01","numberOfEmployees":{"@type":"QuantitativeValue","minValue":"1","maxValue":"10"},"hasMerchantReturnPolicy":{"@type":"MerchantReturnPolicy","merchantReturnLink":"https:\/\/touchproeurope.eu\/pt\/retourbeleid\/"}}]},"product_brand":"Earthlite","product_price_amount":"1995.00","product_price_currency":"EUR","og_availability":"instock","product_availability":"instock","product_retailer_item_id":"68404","product_condition":"new"},"_links":{"self":[{"href":"https:\/\/touchproeurope.eu\/pt\/wp-json\/wp\/v2\/product\/3124","targetHints":{"allow":["GET"]}}],"collection":[{"href":"https:\/\/touchproeurope.eu\/pt\/wp-json\/wp\/v2\/product"}],"about":[{"href":"https:\/\/touchproeurope.eu\/pt\/wp-json\/wp\/v2\/types\/product"}],"replies":[{"embeddable":true,"href":"https:\/\/touchproeurope.eu\/pt\/wp-json\/wp\/v2\/comments?post=3124"}],"version-history":[{"count":2,"href":"https:\/\/touchproeurope.eu\/pt\/wp-json\/wp\/v2\/product\/3124\/revisions"}],"predecessor-version":[{"id":3628,"href":"https:\/\/touchproeurope.eu\/pt\/wp-json\/wp\/v2\/product\/3124\/revisions\/3628"}],"wp:featuredmedia":[{"embeddable":true,"href":"https:\/\/touchproeurope.eu\/pt\/wp-json\/wp\/v2\/media\/3123"}],"wp:attachment":[{"href":"https:\/\/touchproeurope.eu\/pt\/wp-json\/wp\/v2\/media?parent=3124"}],"wp:term":[{"taxonomy":"product_brand","embeddable":true,"href":"https:\/\/touchproeurope.eu\/pt\/wp-json\/wp\/v2\/product_brand?post=3124"},{"taxonomy":"product_cat","embeddable":true,"href":"https:\/\/touchproeurope.eu\/pt\/wp-json\/wp\/v2\/product_cat?post=3124"},{"taxonomy":"product_tag","embeddable":true,"href":"https:\/\/touchproeurope.eu\/pt\/wp-json\/wp\/v2\/product_tag?post=3124"}],"curies":[{"name":"wp","href":"https:\/\/api.w.org\/{rel}","templated":true}]}}