{"id":3130,"date":"2023-11-09T16:06:11","date_gmt":"2023-11-09T16:06:11","guid":{"rendered":"https:\/\/touchproeurope.eu\/?post_type=product&#038;p=3130"},"modified":"2026-03-04T16:55:53","modified_gmt":"2026-03-04T16:55:53","slug":"mesa-de-massagem-earthlite-infinity-conforma-top","status":"publish","type":"product","link":"https:\/\/touchproeurope.eu\/pt\/product\/earthlite-infinity-conforma-top-massagetafel\/","title":{"rendered":"Mesa de massagem Earthlite Infinity Conforma top"},"content":{"rendered":"<p>Experimente o m\u00e1ximo em conforto com a mesa de massagem Earthlite Infinity Conforma top, uma obra-prima que mima tanto o cliente como o massagista com o seu tampo \u00fanico em forma de ampulheta e espuma viscoel\u00e1stica. Esta mesa leva as suas massagens a alturas sem precedentes de luxo, relaxamento e conforto de trabalho pessoal.<\/p>\n<p>Com a possibilidade de adicionar conforto extra para o seu cliente na posi\u00e7\u00e3o de bru\u00e7os, gra\u00e7as ao c\u00f3modo fecho de correr. Isto proporciona \u00e0 Earthlite Infinity Conforma uma experi\u00eancia sem paralelo. A embalagem inclui n\u00e3o s\u00f3 a mesa de massagem, mas tamb\u00e9m um apoio de cabe\u00e7a Flexrest com almofada de espuma viscoel\u00e1stica LEC Strata e um saco de transporte robusto com um pr\u00e1tico compartimento de arruma\u00e7\u00e3o extra.<\/p>\n<p>As carater\u00edsticas da Mesa de Massagem Earthlite Infinity Conforma top foram concebidas tendo em conta os mais elevados padr\u00f5es. Com uma altura ajust\u00e1vel de 58 a 84 cm, uma largura de 81 cm (71 cm no meio) e um peso total de trabalho permitido de 360 kg, esta mesa satisfaz as diversas necessidades de massagistas novatos e experientes. A almofada Pro-Plush DeLuxe de 3 camadas e 7,5 cm de espessura garante um conforto inigual\u00e1vel.<\/p>\n<p>A Earthlite Infinity Conforma \u00e9 constru\u00edda com uma estrutura de madeira de \u00e1cer canadiano de alta qualidade. E um tampo em b\u00e9tula russa e estofo em vinil Natursoft 100%. A placa de extremidade metade Reiki e metade standard acrescenta funcionalidade ao estilo.<\/p>\n<p>Encomende agora e descubra porque \u00e9 que a Infinity Conforma \u00e9 a escolha preferida dos massagistas mais exigentes. Melhore as suas massagens e ofere\u00e7a aos seus clientes o melhor tratamento que eles merecem!<\/p>","protected":false},"excerpt":{"rendered":"<p><strong>A mesa de massagem Earthlite Infinity Conforma top <\/strong>- Proporciona o m\u00e1ximo conforto tanto ao cliente como ao massagista gra\u00e7as \u00e0 sua parte superior em forma de ampulheta e \u00e0 espuma viscoel\u00e1stica. Com um fecho de correr, pode adicionar conforto extra para o seu cliente quando est\u00e1 deitado em dec\u00fabito ventral. Esta mesa eleva as suas massagens a um novo patamar de luxo, relaxamento e conforto no seu trabalho. Experimente o melhor com a Earthlite Infinity Conforma.<\/p>\n<p>O pacote \u00e9 composto por:<\/p>\n<ul>\n<li>A mesa de massagem Earthlite Infinity Conforma top<\/li>\n<li>Apoio de cabe\u00e7a Flexrest com almofada de espuma viscoel\u00e1stica LEC Strata<\/li>\n<li>Mala de transporte resistente com compartimento de arruma\u00e7\u00e3o extra<\/li>\n<\/ul>\n<p>Carater\u00edsticas:<\/p>\n<ul>\n<li>Altura regul\u00e1vel de 58 a 84 cm<\/li>\n<li>Largura 81 cm e centro 71 cm<\/li>\n<li>Comprimento 185 cm<\/li>\n<li>Peso total de trabalho admiss\u00edvel 360 kg<\/li>\n<li>Almofada Pro-Plush DeLuxe de 3 camadas com 7,5 cm de espessura<\/li>\n<li>Moldura em madeira de \u00e1cer canadiano de qualidade com tampo em b\u00e9tula russa<\/li>\n<li>Estofos em vinil Natursoft 100%<\/li>\n<li>Metade Reiki e metade placa terminal padr\u00e3o<\/li>\n<li>Folha de venda oficial: <a href=\"https:\/\/www.earthlite.com\/media\/wysiwyg\/SalesSheets\/2023-Reupload\/Infinity_Infinity_Conforma_-_1-300-0080_-_Rev_012323.pdf\" target=\"_blank\" rel=\"noopener\">Infinity e Infinity Conforma<\/a><\/li>\n<\/ul>","protected":false},"featured_media":3614,"comment_status":"open","ping_status":"closed","template":"","meta":[],"product_brand":[343],"product_cat":[94,93],"product_tag":[118,85,117,39],"class_list":{"0":"post-3130","1":"product","2":"type-product","3":"status-publish","4":"has-post-thumbnail","6":"product_brand-earthlite","7":"product_cat-draagbare-massagetafels","8":"product_cat-massagetafels","9":"product_tag-conforma-top","10":"product_tag-earthlite","11":"product_tag-infinity","12":"product_tag-massagetafel","13":"product_shipping_class-groot-pakket","14":"pa_kleur-blauw","15":"pa_kleur-vanille-creme","16":"pa_kleur-zwart","17":"pa_merk-earthlite","19":"first","20":"instock","21":"taxable","22":"shipping-taxable","23":"purchasable","24":"product-type-variable"},"yoast_head":"<!-- This site is optimized with the Yoast SEO Premium plugin v27.3 (Yoast SEO v27.3) - https:\/\/yoast.com\/product\/yoast-seo-premium-wordpress\/ -->\n<title>Earthlite Infinity Conforma top Massagetafel - TouchPro Europe Shop<\/title>\n<meta name=\"description\" content=\"Ervaar het summum van comfort met de Earthlite Infinity Conforma top massagetafel, een meesterwerk dat zowel de klant als de masseur verwent.\" \/>\n<meta name=\"robots\" content=\"index, follow, max-snippet:-1, max-image-preview:large, max-video-preview:-1\" \/>\n<link rel=\"canonical\" href=\"https:\/\/touchproeurope.eu\/pt\/product\/mesa-de-massagem-earthlite-infinity-conforma-top\/\" \/>\n<meta property=\"og:locale\" content=\"pt_PT\" \/>\n<meta property=\"og:type\" content=\"article\" \/>\n<meta property=\"og:title\" content=\"Earthlite Infinity Conforma top Massagetafel\" \/>\n<meta property=\"og:description\" content=\"Ervaar het summum van comfort met de Earthlite Infinity Conforma top massagetafel, een meesterwerk dat zowel de klant als de masseur verwent.\" \/>\n<meta property=\"og:url\" content=\"https:\/\/touchproeurope.eu\/pt\/product\/mesa-de-massagem-earthlite-infinity-conforma-top\/\" \/>\n<meta property=\"og:site_name\" content=\"TouchPro Europe Shop\" \/>\n<meta property=\"article:publisher\" content=\"https:\/\/www.facebook.com\/TouchproNederland\/?locale=nl_NL%2f\" \/>\n<meta property=\"article:modified_time\" content=\"2026-03-04T16:55:53+00:00\" \/>\n<meta property=\"og:image\" content=\"https:\/\/touchproeurope.eu\/wp-content\/uploads\/2023\/11\/Earthlite-Infinity-Conforma-top-Massagetafel-Vanille-Creme-e1770808725188.webp\" \/>\n\t<meta property=\"og:image:width\" content=\"800\" \/>\n\t<meta property=\"og:image:height\" content=\"800\" \/>\n\t<meta property=\"og:image:type\" content=\"image\/webp\" \/>\n<meta name=\"twitter:card\" content=\"summary_large_image\" \/>\n<meta name=\"twitter:label1\" content=\"Disponibilidade\" \/>\n\t<meta name=\"twitter:data1\" content=\"Em stock\" \/>\n<script type=\"application\/ld+json\" class=\"yoast-schema-graph\">{\"@context\":\"https:\\\/\\\/schema.org\",\"@graph\":[{\"@type\":\"WebPage\",\"@id\":\"https:\\\/\\\/touchproeurope.eu\\\/product\\\/earthlite-infinity-conforma-top-massagetafel\\\/\",\"url\":\"https:\\\/\\\/touchproeurope.eu\\\/product\\\/earthlite-infinity-conforma-top-massagetafel\\\/\",\"name\":\"Earthlite Infinity Conforma top Massagetafel - TouchPro Europe Shop\",\"isPartOf\":{\"@id\":\"https:\\\/\\\/touchproeurope.eu\\\/#website\"},\"primaryImageOfPage\":{\"@id\":\"https:\\\/\\\/touchproeurope.eu\\\/product\\\/earthlite-infinity-conforma-top-massagetafel\\\/#primaryimage\"},\"image\":{\"@id\":\"https:\\\/\\\/touchproeurope.eu\\\/product\\\/earthlite-infinity-conforma-top-massagetafel\\\/#primaryimage\"},\"thumbnailUrl\":\"https:\\\/\\\/i0.wp.com\\\/touchproeurope.eu\\\/wp-content\\\/uploads\\\/2023\\\/11\\\/Earthlite-Infinity-Conforma-top-Massagetafel-Vanille-Creme-e1770808725188.webp?fit=800%2C800&ssl=1\",\"datePublished\":\"2023-11-09T16:06:11+00:00\",\"dateModified\":\"2026-03-04T16:55:53+00:00\",\"description\":\"Ervaar het summum van comfort met de Earthlite Infinity Conforma top massagetafel, een meesterwerk dat zowel de klant als de masseur verwent.\",\"breadcrumb\":{\"@id\":\"https:\\\/\\\/touchproeurope.eu\\\/product\\\/earthlite-infinity-conforma-top-massagetafel\\\/#breadcrumb\"},\"inLanguage\":\"pt-PT\",\"potentialAction\":[{\"@type\":\"ReadAction\",\"target\":[\"https:\\\/\\\/touchproeurope.eu\\\/product\\\/earthlite-infinity-conforma-top-massagetafel\\\/\"]}]},{\"@type\":\"ImageObject\",\"inLanguage\":\"pt-PT\",\"@id\":\"https:\\\/\\\/touchproeurope.eu\\\/product\\\/earthlite-infinity-conforma-top-massagetafel\\\/#primaryimage\",\"url\":\"https:\\\/\\\/i0.wp.com\\\/touchproeurope.eu\\\/wp-content\\\/uploads\\\/2023\\\/11\\\/Earthlite-Infinity-Conforma-top-Massagetafel-Vanille-Creme-e1770808725188.webp?fit=800%2C800&ssl=1\",\"contentUrl\":\"https:\\\/\\\/i0.wp.com\\\/touchproeurope.eu\\\/wp-content\\\/uploads\\\/2023\\\/11\\\/Earthlite-Infinity-Conforma-top-Massagetafel-Vanille-Creme-e1770808725188.webp?fit=800%2C800&ssl=1\",\"width\":800,\"height\":800,\"caption\":\"Earthlite Infinity Conforma top Massagetafel Vanille Creme\"},{\"@type\":\"BreadcrumbList\",\"@id\":\"https:\\\/\\\/touchproeurope.eu\\\/product\\\/earthlite-infinity-conforma-top-massagetafel\\\/#breadcrumb\",\"itemListElement\":[{\"@type\":\"ListItem\",\"position\":1,\"name\":\"Home\",\"item\":\"https:\\\/\\\/touchproeurope.eu\\\/\"},{\"@type\":\"ListItem\",\"position\":2,\"name\":\"Winkel\",\"item\":\"https:\\\/\\\/touchproeurope.eu\\\/winkel\\\/\"},{\"@type\":\"ListItem\",\"position\":3,\"name\":\"Earthlite Infinity Conforma top Massagetafel\"}]},{\"@type\":\"WebSite\",\"@id\":\"https:\\\/\\\/touchproeurope.eu\\\/#website\",\"url\":\"https:\\\/\\\/touchproeurope.eu\\\/\",\"name\":\"TouchPro Europe Shop\",\"description\":\"Alles voor jouw praktijk met een PROfessionele Touch!\",\"publisher\":{\"@id\":\"https:\\\/\\\/touchproeurope.eu\\\/#organization\"},\"alternateName\":\"TPE\",\"potentialAction\":[{\"@type\":\"SearchAction\",\"target\":{\"@type\":\"EntryPoint\",\"urlTemplate\":\"https:\\\/\\\/touchproeurope.eu\\\/?s={search_term_string}\"},\"query-input\":{\"@type\":\"PropertyValueSpecification\",\"valueRequired\":true,\"valueName\":\"search_term_string\"}}],\"inLanguage\":\"pt-PT\"},{\"@type\":\"Organization\",\"@id\":\"https:\\\/\\\/touchproeurope.eu\\\/#organization\",\"name\":\"TouchPro Europe BV\",\"alternateName\":\"TPE\",\"url\":\"https:\\\/\\\/touchproeurope.eu\\\/\",\"logo\":{\"@type\":\"ImageObject\",\"inLanguage\":\"pt-PT\",\"@id\":\"https:\\\/\\\/touchproeurope.eu\\\/#\\\/schema\\\/logo\\\/image\\\/\",\"url\":\"https:\\\/\\\/i0.wp.com\\\/touchproeurope.eu\\\/wp-content\\\/uploads\\\/2023\\\/10\\\/2b592c_b6944d80811246d987cc2c29accedf3f.png?fit=1417%2C531&ssl=1\",\"contentUrl\":\"https:\\\/\\\/i0.wp.com\\\/touchproeurope.eu\\\/wp-content\\\/uploads\\\/2023\\\/10\\\/2b592c_b6944d80811246d987cc2c29accedf3f.png?fit=1417%2C531&ssl=1\",\"width\":1417,\"height\":531,\"caption\":\"TouchPro Europe BV\"},\"image\":{\"@id\":\"https:\\\/\\\/touchproeurope.eu\\\/#\\\/schema\\\/logo\\\/image\\\/\"},\"sameAs\":[\"https:\\\/\\\/www.facebook.com\\\/TouchproNederland\\\/?locale=nl_NL\\\/\",\"https:\\\/\\\/www.instagram.com\\\/touchpro2016\\\/\",\"https:\\\/\\\/www.linkedin.com\\\/company\\\/touchpro-europe-bv\\\/\"],\"description\":\"TouchPro Europe Shop is de massage winkel van Europa. Wij verkopen topkwaliteit massageproducten aan masseurs, pedicures, fysiotherapeuten, manicuren, Wellness centra, opleidingen, etc. TouchPro begon als een kleine webshop in Nederland, maar is nu uitgegroeid tot een webshop met klanten uit heel Europa. Wij bieden een breed assortiment aan massageproducten, waaronder massagetafels, oli\u00ebn, cr\u00e8mes, en accessoires van topmerken, zoals Earthlite, Stronglite en InnerStrenght, Habys, Living Earth Crafts en Continuum en andere leveranciers van massage accessoires. Bestel hier de beste massagematerialen van Europa!\",\"email\":\"info@touchpro-europe.com\",\"telephone\":\"0858768829\",\"legalName\":\"TouchPro Europe BV\",\"foundingDate\":\"2018-01-11\",\"vatID\":\"NL855430151B01\",\"numberOfEmployees\":{\"@type\":\"QuantitativeValue\",\"minValue\":\"1\",\"maxValue\":\"10\"},\"hasMerchantReturnPolicy\":{\"@type\":\"MerchantReturnPolicy\",\"merchantReturnLink\":\"https:\\\/\\\/touchproeurope.eu\\\/pt\\\/retourbeleid\\\/\"}}]}<\/script>\n<meta property=\"product:brand\" content=\"Earthlite\" \/>\n<meta property=\"og:availability\" content=\"instock\" \/>\n<meta property=\"product:availability\" content=\"instock\" \/>\n<meta property=\"product:retailer_item_id\" content=\"80500\" \/>\n<meta property=\"product:condition\" content=\"new\" \/>\n<!-- \/ Yoast SEO Premium plugin. -->","yoast_head_json":{"title":"Mesa de massagem Earthlite Infinity Conforma top - TouchPro Europe Shop","description":"Experimente o m\u00e1ximo de conforto com a mesa de massagem Earthlite Infinity Conforma top, uma obra-prima que mima tanto o cliente como o massagista.","robots":{"index":"index","follow":"follow","max-snippet":"max-snippet:-1","max-image-preview":"max-image-preview:large","max-video-preview":"max-video-preview:-1"},"canonical":"https:\/\/touchproeurope.eu\/pt\/product\/mesa-de-massagem-earthlite-infinity-conforma-top\/","og_locale":"pt_PT","og_type":"article","og_title":"Earthlite Infinity Conforma top Massagetafel","og_description":"Ervaar het summum van comfort met de Earthlite Infinity Conforma top massagetafel, een meesterwerk dat zowel de klant als de masseur verwent.","og_url":"https:\/\/touchproeurope.eu\/pt\/product\/mesa-de-massagem-earthlite-infinity-conforma-top\/","og_site_name":"TouchPro Europe Shop","article_publisher":"https:\/\/www.facebook.com\/TouchproNederland\/?locale=nl_NL%2f","article_modified_time":"2026-03-04T16:55:53+00:00","og_image":[{"width":800,"height":800,"url":"https:\/\/touchproeurope.eu\/wp-content\/uploads\/2023\/11\/Earthlite-Infinity-Conforma-top-Massagetafel-Vanille-Creme-e1770808725188.webp","type":"image\/webp"}],"twitter_card":"summary_large_image","twitter_misc":{"Disponibilidade":"Em stock"},"schema":{"@context":"https:\/\/schema.org","@graph":[{"@type":"WebPage","@id":"https:\/\/touchproeurope.eu\/product\/earthlite-infinity-conforma-top-massagetafel\/","url":"https:\/\/touchproeurope.eu\/product\/earthlite-infinity-conforma-top-massagetafel\/","name":"Mesa de massagem Earthlite Infinity Conforma top - TouchPro Europe Shop","isPartOf":{"@id":"https:\/\/touchproeurope.eu\/#website"},"primaryImageOfPage":{"@id":"https:\/\/touchproeurope.eu\/product\/earthlite-infinity-conforma-top-massagetafel\/#primaryimage"},"image":{"@id":"https:\/\/touchproeurope.eu\/product\/earthlite-infinity-conforma-top-massagetafel\/#primaryimage"},"thumbnailUrl":"https:\/\/i0.wp.com\/touchproeurope.eu\/wp-content\/uploads\/2023\/11\/Earthlite-Infinity-Conforma-top-Massagetafel-Vanille-Creme-e1770808725188.webp?fit=800%2C800&ssl=1","datePublished":"2023-11-09T16:06:11+00:00","dateModified":"2026-03-04T16:55:53+00:00","description":"Experimente o m\u00e1ximo de conforto com a mesa de massagem Earthlite Infinity Conforma top, uma obra-prima que mima tanto o cliente como o massagista.","breadcrumb":{"@id":"https:\/\/touchproeurope.eu\/product\/earthlite-infinity-conforma-top-massagetafel\/#breadcrumb"},"inLanguage":"pt-PT","potentialAction":[{"@type":"ReadAction","target":["https:\/\/touchproeurope.eu\/product\/earthlite-infinity-conforma-top-massagetafel\/"]}]},{"@type":"ImageObject","inLanguage":"pt-PT","@id":"https:\/\/touchproeurope.eu\/product\/earthlite-infinity-conforma-top-massagetafel\/#primaryimage","url":"https:\/\/i0.wp.com\/touchproeurope.eu\/wp-content\/uploads\/2023\/11\/Earthlite-Infinity-Conforma-top-Massagetafel-Vanille-Creme-e1770808725188.webp?fit=800%2C800&ssl=1","contentUrl":"https:\/\/i0.wp.com\/touchproeurope.eu\/wp-content\/uploads\/2023\/11\/Earthlite-Infinity-Conforma-top-Massagetafel-Vanille-Creme-e1770808725188.webp?fit=800%2C800&ssl=1","width":800,"height":800,"caption":"Earthlite Infinity Conforma top Massagetafel Vanille Creme"},{"@type":"BreadcrumbList","@id":"https:\/\/touchproeurope.eu\/product\/earthlite-infinity-conforma-top-massagetafel\/#breadcrumb","itemListElement":[{"@type":"ListItem","position":1,"name":"Home","item":"https:\/\/touchproeurope.eu\/"},{"@type":"ListItem","position":2,"name":"Winkel","item":"https:\/\/touchproeurope.eu\/winkel\/"},{"@type":"ListItem","position":3,"name":"Earthlite Infinity Conforma top Massagetafel"}]},{"@type":"WebSite","@id":"https:\/\/touchproeurope.eu\/#website","url":"https:\/\/touchproeurope.eu\/","name":"Loja TouchPro Europa","description":"Tudo para o seu consult\u00f3rio com um toque profissional!","publisher":{"@id":"https:\/\/touchproeurope.eu\/#organization"},"alternateName":"TPE","potentialAction":[{"@type":"SearchAction","target":{"@type":"EntryPoint","urlTemplate":"https:\/\/touchproeurope.eu\/?s={search_term_string}"},"query-input":{"@type":"PropertyValueSpecification","valueRequired":true,"valueName":"search_term_string"}}],"inLanguage":"pt-PT"},{"@type":"Organization","@id":"https:\/\/touchproeurope.eu\/#organization","name":"TouchPro Europa BV","alternateName":"TPE","url":"https:\/\/touchproeurope.eu\/","logo":{"@type":"ImageObject","inLanguage":"pt-PT","@id":"https:\/\/touchproeurope.eu\/#\/schema\/logo\/image\/","url":"https:\/\/i0.wp.com\/touchproeurope.eu\/wp-content\/uploads\/2023\/10\/2b592c_b6944d80811246d987cc2c29accedf3f.png?fit=1417%2C531&ssl=1","contentUrl":"https:\/\/i0.wp.com\/touchproeurope.eu\/wp-content\/uploads\/2023\/10\/2b592c_b6944d80811246d987cc2c29accedf3f.png?fit=1417%2C531&ssl=1","width":1417,"height":531,"caption":"TouchPro Europe BV"},"image":{"@id":"https:\/\/touchproeurope.eu\/#\/schema\/logo\/image\/"},"sameAs":["https:\/\/www.facebook.com\/TouchproNederland\/?locale=nl_NL\/","https:\/\/www.instagram.com\/touchpro2016\/","https:\/\/www.linkedin.com\/company\/touchpro-europe-bv\/"],"description":"A TouchPro Europe Shop \u00e9 a loja de massagens da Europa. Vendemos produtos de massagem de alta qualidade a massagistas, pedicuros, fisioterapeutas, manicures, centros de bem-estar, cursos de forma\u00e7\u00e3o, etc. A TouchPro come\u00e7ou por ser uma pequena loja nos Pa\u00edses Baixos, mas agora transformou-se numa loja com clientes de toda a Europa. Oferecemos uma vasta gama de produtos de massagem, incluindo mesas de massagem, \u00f3leos, cremes e acess\u00f3rios de marcas de topo como Earthlite, Stronglite e InnerStrenght, Habys, Living Earth Crafts e Continuum e outros fornecedores de acess\u00f3rios de massagem. Encomende aqui os melhores artigos de massagem da Europa!","email":"info@touchpro-europe.com","telephone":"0858768829","legalName":"TouchPro Europe BV","foundingDate":"2018-01-11","vatID":"NL855430151B01","numberOfEmployees":{"@type":"QuantitativeValue","minValue":"1","maxValue":"10"},"hasMerchantReturnPolicy":{"@type":"MerchantReturnPolicy","merchantReturnLink":"https:\/\/touchproeurope.eu\/pt\/retourbeleid\/"}}]},"product_brand":"Earthlite","og_availability":"instock","product_availability":"instock","product_retailer_item_id":"80500","product_condition":"new"},"_links":{"self":[{"href":"https:\/\/touchproeurope.eu\/pt\/wp-json\/wp\/v2\/product\/3130","targetHints":{"allow":["GET"]}}],"collection":[{"href":"https:\/\/touchproeurope.eu\/pt\/wp-json\/wp\/v2\/product"}],"about":[{"href":"https:\/\/touchproeurope.eu\/pt\/wp-json\/wp\/v2\/types\/product"}],"replies":[{"embeddable":true,"href":"https:\/\/touchproeurope.eu\/pt\/wp-json\/wp\/v2\/comments?post=3130"}],"version-history":[{"count":3,"href":"https:\/\/touchproeurope.eu\/pt\/wp-json\/wp\/v2\/product\/3130\/revisions"}],"predecessor-version":[{"id":8367,"href":"https:\/\/touchproeurope.eu\/pt\/wp-json\/wp\/v2\/product\/3130\/revisions\/8367"}],"wp:featuredmedia":[{"embeddable":true,"href":"https:\/\/touchproeurope.eu\/pt\/wp-json\/wp\/v2\/media\/3614"}],"wp:attachment":[{"href":"https:\/\/touchproeurope.eu\/pt\/wp-json\/wp\/v2\/media?parent=3130"}],"wp:term":[{"taxonomy":"product_brand","embeddable":true,"href":"https:\/\/touchproeurope.eu\/pt\/wp-json\/wp\/v2\/product_brand?post=3130"},{"taxonomy":"product_cat","embeddable":true,"href":"https:\/\/touchproeurope.eu\/pt\/wp-json\/wp\/v2\/product_cat?post=3130"},{"taxonomy":"product_tag","embeddable":true,"href":"https:\/\/touchproeurope.eu\/pt\/wp-json\/wp\/v2\/product_tag?post=3130"}],"curies":[{"name":"wp","href":"https:\/\/api.w.org\/{rel}","templated":true}]}}