{"id":3156,"date":"2023-11-09T16:07:03","date_gmt":"2023-11-09T16:07:03","guid":{"rendered":"https:\/\/touchproeurope.eu\/?post_type=product&#038;p=3156"},"modified":"2026-05-12T09:24:13","modified_gmt":"2026-05-12T09:24:13","slug":"earthlite-acessorio-prateleira-para-rede-de-descanso-textil","status":"publish","type":"product","link":"https:\/\/touchproeurope.eu\/pt\/product\/earthlite-accessoire-hangmatplank-textiel\/","title":{"rendered":"Acess\u00f3rios Earthlite rede t\u00eaxtil"},"content":{"rendered":"<p>A rede de acess\u00f3rios t\u00eaxteis Earthlite oferece uma solu\u00e7\u00e3o pr\u00e1tica para criar espa\u00e7o de arruma\u00e7\u00e3o extra debaixo da sua mesa de massagem port\u00e1til. Esta pr\u00e1tica rede oferece espa\u00e7o suficiente para guardar cobertores, toalhas, almofadas e len\u00e7\u00f3is. Assim, tem sempre os acess\u00f3rios necess\u00e1rios ao seu alcance, sem perder espa\u00e7o precioso na sua mesa.<\/p>\n<p>A rede de acess\u00f3rios t\u00eaxteis Earthlite \u00e9 f\u00e1cil de instalar. Utilizando fechos de velcro resistentes, pode fixar a rede de forma r\u00e1pida e segura aos cabos de qualquer mesa de massagem. Gra\u00e7as ao seu design inteligente, n\u00e3o \u00e9 necess\u00e1rio retirar a prancha quando dobra a mesa, poupando tempo e esfor\u00e7o.<\/p>\n<p>Esta rede dur\u00e1vel \u00e9 feita de tecido de alta qualidade, que \u00e9 duradouro e f\u00e1cil de limpar. As dimens\u00f5es da rede de acess\u00f3rios t\u00eaxteis Earthlite s\u00e3o 99 cm por 48 cm, proporcionando espa\u00e7o suficiente para guardar os seus acess\u00f3rios de forma organizada. Verifique as dimens\u00f5es dos cabos da sua mesa para se certificar de que a rede se adapta corretamente.<\/p>\n<p>Com esta cama de rede, garante uma maior organiza\u00e7\u00e3o durante as suas sess\u00f5es de massagem. Pode trabalhar de forma r\u00e1pida e eficiente, uma vez que todos os seus materiais se encontram debaixo da mesa, ao seu alcance. Isto torna o seu ambiente de trabalho mais arrumado e garante um fluxo de trabalho mais suave. Encomende hoje mesmo a rede de acess\u00f3rios Earthlite.<\/p>","protected":false},"excerpt":{"rendered":"<p>Ferramenta pr\u00e1tica para colocar debaixo da sua mesa de massagem e manter os seus acess\u00f3rios (almofadas, cobertores, etc.) \u00e0 m\u00e3o. F\u00e1cil de fixar aos cabos por baixo da sua mesa, permitindo-lhe pegar em algo ou guard\u00e1-lo com facilidade.<\/p>","protected":false},"featured_media":6692,"comment_status":"open","ping_status":"closed","template":"","meta":[],"product_brand":[343],"product_cat":[99,284],"product_tag":[319,85,318],"class_list":{"0":"post-3156","1":"product","2":"type-product","3":"status-publish","4":"has-post-thumbnail","6":"product_brand-earthlite","7":"product_cat-accessoires","8":"product_cat-overige-accesoires","9":"product_tag-draagbare-massagetafel","10":"product_tag-earthlite","11":"product_tag-textiel","12":"product_shipping_class-normaal-pakket","13":"pa_kleur-zwart","14":"pa_merk-earthlite","16":"first","17":"instock","18":"taxable","19":"shipping-taxable","20":"purchasable","21":"product-type-simple"},"yoast_head":"<!-- This site is optimized with the Yoast SEO Premium plugin v27.6 (Yoast SEO v27.6) - https:\/\/yoast.com\/product\/yoast-seo-premium-wordpress\/ -->\n<title>Earthlite accessoires textiele hangmat voor massagetafels - TouchPro Europe Shop<\/title>\n<meta name=\"description\" content=\"Optimaliseer uw draagbare massagetafel met de Earthlite accessoire hangmatplank. Cre\u00eber extra opbergruimte voor uw benodigde accessoires. Bestel vandaag nog!\" \/>\n<meta name=\"robots\" content=\"index, follow, max-snippet:-1, max-image-preview:large, max-video-preview:-1\" \/>\n<link rel=\"canonical\" href=\"https:\/\/touchproeurope.eu\/pt\/product\/earthlite-acessorio-prateleira-para-rede-de-descanso-textil\/\" \/>\n<meta property=\"og:locale\" content=\"pt_PT\" \/>\n<meta property=\"og:type\" content=\"article\" \/>\n<meta property=\"og:title\" content=\"Earthlite accessoires textiele hangmat\" \/>\n<meta property=\"og:description\" content=\"Optimaliseer uw draagbare massagetafel met de Earthlite accessoire hangmatplank. Cre\u00eber extra opbergruimte voor uw benodigde accessoires. Bestel vandaag nog!\" \/>\n<meta property=\"og:url\" content=\"https:\/\/touchproeurope.eu\/pt\/product\/earthlite-acessorio-prateleira-para-rede-de-descanso-textil\/\" \/>\n<meta property=\"og:site_name\" content=\"TouchPro Europe Shop\" \/>\n<meta property=\"article:publisher\" content=\"https:\/\/www.facebook.com\/TouchproNederland\/?locale=nl_NL%2f\" \/>\n<meta property=\"article:modified_time\" content=\"2026-05-12T09:24:13+00:00\" \/>\n<meta property=\"og:image\" content=\"https:\/\/i0.wp.com\/touchproeurope.eu\/wp-content\/uploads\/2023\/11\/25383054977_8cdb1fbf0d_c.jpg?fit=800%2C800&ssl=1\" \/>\n\t<meta property=\"og:image:width\" content=\"800\" \/>\n\t<meta property=\"og:image:height\" content=\"800\" \/>\n\t<meta property=\"og:image:type\" content=\"image\/jpeg\" \/>\n<meta name=\"twitter:card\" content=\"summary_large_image\" \/>\n<meta name=\"twitter:label1\" content=\"pre\u00e7o\" \/>\n\t<meta name=\"twitter:data1\" content=\"&euro;&nbsp;29,95 incl. BTW\" \/>\n\t<meta name=\"twitter:label2\" content=\"Disponibilidade\" \/>\n\t<meta name=\"twitter:data2\" content=\"Em stock\" \/>\n<script type=\"application\/ld+json\" class=\"yoast-schema-graph\">{\"@context\":\"https:\\\/\\\/schema.org\",\"@graph\":[{\"@type\":\"WebPage\",\"@id\":\"https:\\\/\\\/touchproeurope.eu\\\/product\\\/earthlite-accessoire-hangmatplank-textiel\\\/\",\"url\":\"https:\\\/\\\/touchproeurope.eu\\\/product\\\/earthlite-accessoire-hangmatplank-textiel\\\/\",\"name\":\"Earthlite accessoires textiele hangmat voor massagetafels - TouchPro Europe Shop\",\"isPartOf\":{\"@id\":\"https:\\\/\\\/touchproeurope.eu\\\/#website\"},\"primaryImageOfPage\":{\"@id\":\"https:\\\/\\\/touchproeurope.eu\\\/product\\\/earthlite-accessoire-hangmatplank-textiel\\\/#primaryimage\"},\"image\":{\"@id\":\"https:\\\/\\\/touchproeurope.eu\\\/product\\\/earthlite-accessoire-hangmatplank-textiel\\\/#primaryimage\"},\"thumbnailUrl\":\"https:\\\/\\\/i0.wp.com\\\/touchproeurope.eu\\\/wp-content\\\/uploads\\\/2023\\\/11\\\/25383054977_8cdb1fbf0d_c.jpg?fit=800%2C800&ssl=1\",\"datePublished\":\"2023-11-09T16:07:03+00:00\",\"dateModified\":\"2026-05-12T09:24:13+00:00\",\"description\":\"Optimaliseer uw draagbare massagetafel met de Earthlite accessoire hangmatplank. Cre\u00eber extra opbergruimte voor uw benodigde accessoires. Bestel vandaag nog!\",\"breadcrumb\":{\"@id\":\"https:\\\/\\\/touchproeurope.eu\\\/product\\\/earthlite-accessoire-hangmatplank-textiel\\\/#breadcrumb\"},\"inLanguage\":\"pt-PT\",\"potentialAction\":[{\"@type\":\"ReadAction\",\"target\":[\"https:\\\/\\\/touchproeurope.eu\\\/product\\\/earthlite-accessoire-hangmatplank-textiel\\\/\"]}]},{\"@type\":\"ImageObject\",\"inLanguage\":\"pt-PT\",\"@id\":\"https:\\\/\\\/touchproeurope.eu\\\/product\\\/earthlite-accessoire-hangmatplank-textiel\\\/#primaryimage\",\"url\":\"https:\\\/\\\/i0.wp.com\\\/touchproeurope.eu\\\/wp-content\\\/uploads\\\/2023\\\/11\\\/25383054977_8cdb1fbf0d_c.jpg?fit=800%2C800&ssl=1\",\"contentUrl\":\"https:\\\/\\\/i0.wp.com\\\/touchproeurope.eu\\\/wp-content\\\/uploads\\\/2023\\\/11\\\/25383054977_8cdb1fbf0d_c.jpg?fit=800%2C800&ssl=1\",\"width\":800,\"height\":800,\"caption\":\"Earthlite accessoire hangmatplank textiel\"},{\"@type\":\"BreadcrumbList\",\"@id\":\"https:\\\/\\\/touchproeurope.eu\\\/product\\\/earthlite-accessoire-hangmatplank-textiel\\\/#breadcrumb\",\"itemListElement\":[{\"@type\":\"ListItem\",\"position\":1,\"name\":\"Home\",\"item\":\"https:\\\/\\\/touchproeurope.eu\\\/\"},{\"@type\":\"ListItem\",\"position\":2,\"name\":\"Winkel\",\"item\":\"https:\\\/\\\/touchproeurope.eu\\\/winkel\\\/\"},{\"@type\":\"ListItem\",\"position\":3,\"name\":\"Earthlite accessoires textiele hangmat\"}]},{\"@type\":\"WebSite\",\"@id\":\"https:\\\/\\\/touchproeurope.eu\\\/#website\",\"url\":\"https:\\\/\\\/touchproeurope.eu\\\/\",\"name\":\"TouchPro Europe Shop\",\"description\":\"Alles voor jouw praktijk met een PROfessionele Touch!\",\"publisher\":{\"@id\":\"https:\\\/\\\/touchproeurope.eu\\\/#organization\"},\"alternateName\":\"TPE\",\"potentialAction\":[{\"@type\":\"SearchAction\",\"target\":{\"@type\":\"EntryPoint\",\"urlTemplate\":\"https:\\\/\\\/touchproeurope.eu\\\/?s={search_term_string}\"},\"query-input\":{\"@type\":\"PropertyValueSpecification\",\"valueRequired\":true,\"valueName\":\"search_term_string\"}}],\"inLanguage\":\"pt-PT\"},{\"@type\":\"Organization\",\"@id\":\"https:\\\/\\\/touchproeurope.eu\\\/#organization\",\"name\":\"TouchPro Europe BV\",\"alternateName\":\"TPE\",\"url\":\"https:\\\/\\\/touchproeurope.eu\\\/\",\"logo\":{\"@type\":\"ImageObject\",\"inLanguage\":\"pt-PT\",\"@id\":\"https:\\\/\\\/touchproeurope.eu\\\/#\\\/schema\\\/logo\\\/image\\\/\",\"url\":\"https:\\\/\\\/i0.wp.com\\\/touchproeurope.eu\\\/wp-content\\\/uploads\\\/2023\\\/10\\\/2b592c_b6944d80811246d987cc2c29accedf3f.png?fit=1417%2C531&ssl=1\",\"contentUrl\":\"https:\\\/\\\/i0.wp.com\\\/touchproeurope.eu\\\/wp-content\\\/uploads\\\/2023\\\/10\\\/2b592c_b6944d80811246d987cc2c29accedf3f.png?fit=1417%2C531&ssl=1\",\"width\":1417,\"height\":531,\"caption\":\"TouchPro Europe BV\"},\"image\":{\"@id\":\"https:\\\/\\\/touchproeurope.eu\\\/#\\\/schema\\\/logo\\\/image\\\/\"},\"sameAs\":[\"https:\\\/\\\/www.facebook.com\\\/TouchproNederland\\\/?locale=nl_NL\\\/\",\"https:\\\/\\\/www.instagram.com\\\/touchpro2016\\\/\",\"https:\\\/\\\/www.linkedin.com\\\/company\\\/touchpro-europe-bv\\\/\"],\"description\":\"TouchPro Europe Shop is de massage winkel van Europa. Wij verkopen topkwaliteit massageproducten aan masseurs, pedicures, fysiotherapeuten, manicuren, Wellness centra, opleidingen, etc. TouchPro begon als een kleine webshop in Nederland, maar is nu uitgegroeid tot een webshop met klanten uit heel Europa. Wij bieden een breed assortiment aan massageproducten, waaronder massagetafels, oli\u00ebn, cr\u00e8mes, en accessoires van topmerken, zoals Earthlite, Stronglite en InnerStrenght, Habys, Living Earth Crafts en Continuum en andere leveranciers van massage accessoires. Bestel hier de beste massagematerialen van Europa!\",\"email\":\"info@touchpro-europe.com\",\"telephone\":\"0858768829\",\"legalName\":\"TouchPro Europe BV\",\"foundingDate\":\"2018-01-11\",\"vatID\":\"NL855430151B01\",\"numberOfEmployees\":{\"@type\":\"QuantitativeValue\",\"minValue\":\"1\",\"maxValue\":\"10\"},\"hasMerchantReturnPolicy\":{\"@type\":\"MerchantReturnPolicy\",\"merchantReturnLink\":\"https:\\\/\\\/touchproeurope.eu\\\/pt\\\/retourbeleid\\\/\"}}]}<\/script>\n<meta property=\"product:brand\" content=\"Earthlite\" \/>\n<meta property=\"product:price:amount\" content=\"29.95\" \/>\n<meta property=\"product:price:currency\" content=\"EUR\" \/>\n<meta property=\"og:availability\" content=\"instock\" \/>\n<meta property=\"product:availability\" content=\"instock\" \/>\n<meta property=\"product:retailer_item_id\" content=\"904055\" \/>\n<meta property=\"product:condition\" content=\"new\" \/>\n<!-- \/ Yoast SEO Premium plugin. -->","yoast_head_json":{"title":"Acess\u00f3rios Earthlite rede t\u00eaxtil para mesas de massagem - TouchPro Europe Shop","description":"Optimize a sua mesa de massagem port\u00e1til com a prateleira para acess\u00f3rios da rede Earthlite. Crie espa\u00e7o de arruma\u00e7\u00e3o extra para os seus acess\u00f3rios necess\u00e1rios. Encomende hoje mesmo!","robots":{"index":"index","follow":"follow","max-snippet":"max-snippet:-1","max-image-preview":"max-image-preview:large","max-video-preview":"max-video-preview:-1"},"canonical":"https:\/\/touchproeurope.eu\/pt\/product\/earthlite-acessorio-prateleira-para-rede-de-descanso-textil\/","og_locale":"pt_PT","og_type":"article","og_title":"Earthlite accessoires textiele hangmat","og_description":"Optimaliseer uw draagbare massagetafel met de Earthlite accessoire hangmatplank. Cre\u00eber extra opbergruimte voor uw benodigde accessoires. Bestel vandaag nog!","og_url":"https:\/\/touchproeurope.eu\/pt\/product\/earthlite-acessorio-prateleira-para-rede-de-descanso-textil\/","og_site_name":"TouchPro Europe Shop","article_publisher":"https:\/\/www.facebook.com\/TouchproNederland\/?locale=nl_NL%2f","article_modified_time":"2026-05-12T09:24:13+00:00","og_image":[{"width":800,"height":800,"url":"https:\/\/i0.wp.com\/touchproeurope.eu\/wp-content\/uploads\/2023\/11\/25383054977_8cdb1fbf0d_c.jpg?fit=800%2C800&ssl=1","type":"image\/jpeg"}],"twitter_card":"summary_large_image","twitter_misc":{"pre\u00e7o":"&euro;&nbsp;29,95 incl. BTW","Disponibilidade":"Em stock"},"schema":{"@context":"https:\/\/schema.org","@graph":[{"@type":"WebPage","@id":"https:\/\/touchproeurope.eu\/product\/earthlite-accessoire-hangmatplank-textiel\/","url":"https:\/\/touchproeurope.eu\/product\/earthlite-accessoire-hangmatplank-textiel\/","name":"Acess\u00f3rios Earthlite rede t\u00eaxtil para mesas de massagem - TouchPro Europe Shop","isPartOf":{"@id":"https:\/\/touchproeurope.eu\/#website"},"primaryImageOfPage":{"@id":"https:\/\/touchproeurope.eu\/product\/earthlite-accessoire-hangmatplank-textiel\/#primaryimage"},"image":{"@id":"https:\/\/touchproeurope.eu\/product\/earthlite-accessoire-hangmatplank-textiel\/#primaryimage"},"thumbnailUrl":"https:\/\/i0.wp.com\/touchproeurope.eu\/wp-content\/uploads\/2023\/11\/25383054977_8cdb1fbf0d_c.jpg?fit=800%2C800&ssl=1","datePublished":"2023-11-09T16:07:03+00:00","dateModified":"2026-05-12T09:24:13+00:00","description":"Optimize a sua mesa de massagem port\u00e1til com a prateleira para acess\u00f3rios da rede Earthlite. Crie espa\u00e7o de arruma\u00e7\u00e3o extra para os seus acess\u00f3rios necess\u00e1rios. Encomende hoje mesmo!","breadcrumb":{"@id":"https:\/\/touchproeurope.eu\/product\/earthlite-accessoire-hangmatplank-textiel\/#breadcrumb"},"inLanguage":"pt-PT","potentialAction":[{"@type":"ReadAction","target":["https:\/\/touchproeurope.eu\/product\/earthlite-accessoire-hangmatplank-textiel\/"]}]},{"@type":"ImageObject","inLanguage":"pt-PT","@id":"https:\/\/touchproeurope.eu\/product\/earthlite-accessoire-hangmatplank-textiel\/#primaryimage","url":"https:\/\/i0.wp.com\/touchproeurope.eu\/wp-content\/uploads\/2023\/11\/25383054977_8cdb1fbf0d_c.jpg?fit=800%2C800&ssl=1","contentUrl":"https:\/\/i0.wp.com\/touchproeurope.eu\/wp-content\/uploads\/2023\/11\/25383054977_8cdb1fbf0d_c.jpg?fit=800%2C800&ssl=1","width":800,"height":800,"caption":"Earthlite accessoire hangmatplank textiel"},{"@type":"BreadcrumbList","@id":"https:\/\/touchproeurope.eu\/product\/earthlite-accessoire-hangmatplank-textiel\/#breadcrumb","itemListElement":[{"@type":"ListItem","position":1,"name":"Home","item":"https:\/\/touchproeurope.eu\/"},{"@type":"ListItem","position":2,"name":"Winkel","item":"https:\/\/touchproeurope.eu\/winkel\/"},{"@type":"ListItem","position":3,"name":"Earthlite accessoires textiele hangmat"}]},{"@type":"WebSite","@id":"https:\/\/touchproeurope.eu\/#website","url":"https:\/\/touchproeurope.eu\/","name":"Loja TouchPro Europa","description":"Tudo para o seu consult\u00f3rio com um toque profissional!","publisher":{"@id":"https:\/\/touchproeurope.eu\/#organization"},"alternateName":"TPE","potentialAction":[{"@type":"SearchAction","target":{"@type":"EntryPoint","urlTemplate":"https:\/\/touchproeurope.eu\/?s={search_term_string}"},"query-input":{"@type":"PropertyValueSpecification","valueRequired":true,"valueName":"search_term_string"}}],"inLanguage":"pt-PT"},{"@type":"Organization","@id":"https:\/\/touchproeurope.eu\/#organization","name":"TouchPro Europa BV","alternateName":"TPE","url":"https:\/\/touchproeurope.eu\/","logo":{"@type":"ImageObject","inLanguage":"pt-PT","@id":"https:\/\/touchproeurope.eu\/#\/schema\/logo\/image\/","url":"https:\/\/i0.wp.com\/touchproeurope.eu\/wp-content\/uploads\/2023\/10\/2b592c_b6944d80811246d987cc2c29accedf3f.png?fit=1417%2C531&ssl=1","contentUrl":"https:\/\/i0.wp.com\/touchproeurope.eu\/wp-content\/uploads\/2023\/10\/2b592c_b6944d80811246d987cc2c29accedf3f.png?fit=1417%2C531&ssl=1","width":1417,"height":531,"caption":"TouchPro Europe BV"},"image":{"@id":"https:\/\/touchproeurope.eu\/#\/schema\/logo\/image\/"},"sameAs":["https:\/\/www.facebook.com\/TouchproNederland\/?locale=nl_NL\/","https:\/\/www.instagram.com\/touchpro2016\/","https:\/\/www.linkedin.com\/company\/touchpro-europe-bv\/"],"description":"A TouchPro Europe Shop \u00e9 a loja de massagens da Europa. Vendemos produtos de massagem de alta qualidade a massagistas, pedicuros, fisioterapeutas, manicures, centros de bem-estar, cursos de forma\u00e7\u00e3o, etc. A TouchPro come\u00e7ou por ser uma pequena loja nos Pa\u00edses Baixos, mas agora transformou-se numa loja com clientes de toda a Europa. Oferecemos uma vasta gama de produtos de massagem, incluindo mesas de massagem, \u00f3leos, cremes e acess\u00f3rios de marcas de topo como Earthlite, Stronglite e InnerStrenght, Habys, Living Earth Crafts e Continuum e outros fornecedores de acess\u00f3rios de massagem. Encomende aqui os melhores artigos de massagem da Europa!","email":"info@touchpro-europe.com","telephone":"0858768829","legalName":"TouchPro Europe BV","foundingDate":"2018-01-11","vatID":"NL855430151B01","numberOfEmployees":{"@type":"QuantitativeValue","minValue":"1","maxValue":"10"},"hasMerchantReturnPolicy":{"@type":"MerchantReturnPolicy","merchantReturnLink":"https:\/\/touchproeurope.eu\/pt\/retourbeleid\/"}}]},"product_brand":"Earthlite","product_price_amount":"29.95","product_price_currency":"EUR","og_availability":"instock","product_availability":"instock","product_retailer_item_id":"904055","product_condition":"new"},"_links":{"self":[{"href":"https:\/\/touchproeurope.eu\/pt\/wp-json\/wp\/v2\/product\/3156","targetHints":{"allow":["GET"]}}],"collection":[{"href":"https:\/\/touchproeurope.eu\/pt\/wp-json\/wp\/v2\/product"}],"about":[{"href":"https:\/\/touchproeurope.eu\/pt\/wp-json\/wp\/v2\/types\/product"}],"replies":[{"embeddable":true,"href":"https:\/\/touchproeurope.eu\/pt\/wp-json\/wp\/v2\/comments?post=3156"}],"version-history":[{"count":3,"href":"https:\/\/touchproeurope.eu\/pt\/wp-json\/wp\/v2\/product\/3156\/revisions"}],"predecessor-version":[{"id":7384,"href":"https:\/\/touchproeurope.eu\/pt\/wp-json\/wp\/v2\/product\/3156\/revisions\/7384"}],"wp:featuredmedia":[{"embeddable":true,"href":"https:\/\/touchproeurope.eu\/pt\/wp-json\/wp\/v2\/media\/6692"}],"wp:attachment":[{"href":"https:\/\/touchproeurope.eu\/pt\/wp-json\/wp\/v2\/media?parent=3156"}],"wp:term":[{"taxonomy":"product_brand","embeddable":true,"href":"https:\/\/touchproeurope.eu\/pt\/wp-json\/wp\/v2\/product_brand?post=3156"},{"taxonomy":"product_cat","embeddable":true,"href":"https:\/\/touchproeurope.eu\/pt\/wp-json\/wp\/v2\/product_cat?post=3156"},{"taxonomy":"product_tag","embeddable":true,"href":"https:\/\/touchproeurope.eu\/pt\/wp-json\/wp\/v2\/product_tag?post=3156"}],"curies":[{"name":"wp","href":"https:\/\/api.w.org\/{rel}","templated":true}]}}