{"id":3198,"date":"2023-11-09T16:08:13","date_gmt":"2023-11-09T16:08:13","guid":{"rendered":"https:\/\/touchproeurope.eu\/?post_type=product&#038;p=3198"},"modified":"2026-05-01T13:52:52","modified_gmt":"2026-05-01T13:52:52","slug":"aysun-wellness-magnesio-spray-fresh","status":"publish","type":"product","link":"https:\/\/touchproeurope.eu\/pt\/product\/aysun-wellness-magnesium-spray-fresh\/","title":{"rendered":"Aysun Wellness Magn\u00e9sio Spray fresco"},"content":{"rendered":"<p>Enrique\u00e7a a sua rotina di\u00e1ria com Aysun Wellness Magnesium Spray Fresh, uma fonte refrescante de bem-estar. Este spray oferece mais do que apenas magn\u00e9sio; \u00e9 uma experi\u00eancia revitalizante que apoia o seu corpo e mente.<\/p>\n<p>Desfrute da conveni\u00eancia deste spray infundido com magn\u00e9sio de alta qualidade. Sinta a n\u00e9voa refrescante na sua pele e descubra os benef\u00edcios do magn\u00e9sio para o relaxamento muscular e para um sono melhor.<\/p>\n<p>O Aysun Wellness Magnesium Spray Fresh n\u00e3o \u00e9 apenas ben\u00e9fico para os seus m\u00fasculos; tamb\u00e9m promove uma pele saud\u00e1vel. Deixe que o spray a envolva e experimente as suas propriedades hidratantes que d\u00e3o \u00e0 sua pele um brilho natural.<\/p>\n<p>Este spray revigorante \u00e9 perfeito para quem procura uma vida equilibrada e cheia de energia. Adicione o Aysun Wellness Magnesium Spray Fresh \u00e0 sua rotina di\u00e1ria e desfrute dos benef\u00edcios do magn\u00e9sio envolvidos numa experi\u00eancia refrescante.<\/p>\n<p>Ofere\u00e7a a si pr\u00f3prio o luxo do bem-estar e encomende hoje mesmo o Aysun Wellness Magnesium Spray Fresh. Transforme a sua rotina di\u00e1ria num momento de frescura e cuidado. Sinta a revitaliza\u00e7\u00e3o e adopte uma vida mais saud\u00e1vel e equilibrada. Encomende agora e ofere\u00e7a a si pr\u00f3prio o melhor para o seu corpo e mente.<\/p>","protected":false},"excerpt":{"rendered":"<p>O magn\u00e9sio \u00e9 um dos minerais mais importantes que o corpo necessita para os m\u00fasculos, articula\u00e7\u00f5es e c\u00e9lulas. O magn\u00e9sio pode ser absorvido pelo corpo por via oral atrav\u00e9s do sal, mas isso n\u00e3o foi considerado muito eficiente. O magn\u00e9sio \u00e9 muito melhor absorvido atrav\u00e9s da pele. Aysun Wellness Magnesium Spray \u00e9 baseado em cloreto de magn\u00e9sio puro e \u00e1gua pura<\/p>\n<p>Aysun Wellness Magnesium Spray ajuda nas c\u00e3ibras musculares, fadiga e dores nas articula\u00e7\u00f5es, entre outras coisas. Pulverizar o Aysun Wellness Magnesium Spray diariamente no local da c\u00e3ibra, na articula\u00e7\u00e3o dolorosa e esfregar suavemente.<\/p>","protected":false},"featured_media":4386,"comment_status":"open","ping_status":"closed","template":"","meta":[],"product_brand":[599],"product_cat":[115],"product_tag":[123,164,177],"class_list":{"0":"post-3198","1":"product","2":"type-product","3":"status-publish","4":"has-post-thumbnail","6":"product_brand-aysun","7":"product_cat-massageolie","8":"product_tag-aysun","9":"product_tag-magnesium","10":"product_tag-wellness-spray","11":"product_shipping_class-klein-pakket","12":"pa_maat-250-ml","13":"pa_merk-aysun","15":"first","16":"instock","17":"taxable","18":"shipping-taxable","19":"purchasable","20":"product-type-simple"},"yoast_head":"<!-- This site is optimized with the Yoast SEO Premium plugin v27.5 (Yoast SEO v27.5) - https:\/\/yoast.com\/product\/yoast-seo-premium-wordpress\/ -->\n<title>Aysun Wellness Magnesium Spray fresh - TouchPro Europe Shop<\/title>\n<meta name=\"description\" content=\"Ontspan je spieren en gewrichten snel met Aysun Wellness Magnesium Spray fresh \u270c\ufe0f. Magnesiumchloride uit zuiver water biedt een effectieve oplossing.\ud83d\ude0a\" \/>\n<meta name=\"robots\" content=\"index, follow, max-snippet:-1, max-image-preview:large, max-video-preview:-1\" \/>\n<link rel=\"canonical\" href=\"https:\/\/touchproeurope.eu\/pt\/product\/aysun-wellness-magnesio-spray-fresh\/\" \/>\n<meta property=\"og:locale\" content=\"pt_PT\" \/>\n<meta property=\"og:type\" content=\"article\" \/>\n<meta property=\"og:title\" content=\"Aysun Wellness Magnesium Spray fresh\" \/>\n<meta property=\"og:description\" content=\"Ontspan je spieren en gewrichten snel met Aysun Wellness Magnesium Spray fresh \u270c\ufe0f. Magnesiumchloride uit zuiver water biedt een effectieve oplossing.\ud83d\ude0a\" \/>\n<meta property=\"og:url\" content=\"https:\/\/touchproeurope.eu\/pt\/product\/aysun-wellness-magnesio-spray-fresh\/\" \/>\n<meta property=\"og:site_name\" content=\"TouchPro Europe Shop\" \/>\n<meta property=\"article:publisher\" content=\"https:\/\/www.facebook.com\/TouchproNederland\/?locale=nl_NL%2f\" \/>\n<meta property=\"article:modified_time\" content=\"2026-05-01T13:52:52+00:00\" \/>\n<meta property=\"og:image\" content=\"https:\/\/touchproeurope.eu\/wp-content\/uploads\/2023\/11\/Earthlite-opvouwbaremassagekruk-1-1.jpg\" \/>\n\t<meta property=\"og:image:width\" content=\"800\" \/>\n\t<meta property=\"og:image:height\" content=\"800\" \/>\n\t<meta property=\"og:image:type\" content=\"image\/jpeg\" \/>\n<meta name=\"twitter:card\" content=\"summary_large_image\" \/>\n<meta name=\"twitter:label1\" content=\"pre\u00e7o\" \/>\n\t<meta name=\"twitter:data1\" content=\"&euro;&nbsp;15,95 incl. BTW\" \/>\n\t<meta name=\"twitter:label2\" content=\"Disponibilidade\" \/>\n\t<meta name=\"twitter:data2\" content=\"Em stock\" \/>\n<script type=\"application\/ld+json\" class=\"yoast-schema-graph\">{\"@context\":\"https:\\\/\\\/schema.org\",\"@graph\":[{\"@type\":\"WebPage\",\"@id\":\"https:\\\/\\\/touchproeurope.eu\\\/product\\\/aysun-wellness-magnesium-spray-fresh\\\/\",\"url\":\"https:\\\/\\\/touchproeurope.eu\\\/product\\\/aysun-wellness-magnesium-spray-fresh\\\/\",\"name\":\"Aysun Wellness Magnesium Spray fresh - TouchPro Europe Shop\",\"isPartOf\":{\"@id\":\"https:\\\/\\\/touchproeurope.eu\\\/#website\"},\"primaryImageOfPage\":{\"@id\":\"https:\\\/\\\/touchproeurope.eu\\\/product\\\/aysun-wellness-magnesium-spray-fresh\\\/#primaryimage\"},\"image\":{\"@id\":\"https:\\\/\\\/touchproeurope.eu\\\/product\\\/aysun-wellness-magnesium-spray-fresh\\\/#primaryimage\"},\"thumbnailUrl\":\"https:\\\/\\\/i0.wp.com\\\/touchproeurope.eu\\\/wp-content\\\/uploads\\\/2023\\\/11\\\/Earthlite-opvouwbaremassagekruk-1-1.jpg?fit=800%2C800&ssl=1\",\"datePublished\":\"2023-11-09T16:08:13+00:00\",\"dateModified\":\"2026-05-01T13:52:52+00:00\",\"description\":\"Ontspan je spieren en gewrichten snel met Aysun Wellness Magnesium Spray fresh \u270c\ufe0f. Magnesiumchloride uit zuiver water biedt een effectieve oplossing.\ud83d\ude0a\",\"breadcrumb\":{\"@id\":\"https:\\\/\\\/touchproeurope.eu\\\/product\\\/aysun-wellness-magnesium-spray-fresh\\\/#breadcrumb\"},\"inLanguage\":\"pt-PT\",\"potentialAction\":[{\"@type\":\"ReadAction\",\"target\":[\"https:\\\/\\\/touchproeurope.eu\\\/product\\\/aysun-wellness-magnesium-spray-fresh\\\/\"]}]},{\"@type\":\"ImageObject\",\"inLanguage\":\"pt-PT\",\"@id\":\"https:\\\/\\\/touchproeurope.eu\\\/product\\\/aysun-wellness-magnesium-spray-fresh\\\/#primaryimage\",\"url\":\"https:\\\/\\\/i0.wp.com\\\/touchproeurope.eu\\\/wp-content\\\/uploads\\\/2023\\\/11\\\/Earthlite-opvouwbaremassagekruk-1-1.jpg?fit=800%2C800&ssl=1\",\"contentUrl\":\"https:\\\/\\\/i0.wp.com\\\/touchproeurope.eu\\\/wp-content\\\/uploads\\\/2023\\\/11\\\/Earthlite-opvouwbaremassagekruk-1-1.jpg?fit=800%2C800&ssl=1\",\"width\":800,\"height\":800,\"caption\":\"Aysun-wellness Magnesium Spray fresh\"},{\"@type\":\"BreadcrumbList\",\"@id\":\"https:\\\/\\\/touchproeurope.eu\\\/product\\\/aysun-wellness-magnesium-spray-fresh\\\/#breadcrumb\",\"itemListElement\":[{\"@type\":\"ListItem\",\"position\":1,\"name\":\"Home\",\"item\":\"https:\\\/\\\/touchproeurope.eu\\\/\"},{\"@type\":\"ListItem\",\"position\":2,\"name\":\"Winkel\",\"item\":\"https:\\\/\\\/touchproeurope.eu\\\/winkel\\\/\"},{\"@type\":\"ListItem\",\"position\":3,\"name\":\"Aysun Wellness Magnesium Spray fresh\"}]},{\"@type\":\"WebSite\",\"@id\":\"https:\\\/\\\/touchproeurope.eu\\\/#website\",\"url\":\"https:\\\/\\\/touchproeurope.eu\\\/\",\"name\":\"TouchPro Europe Shop\",\"description\":\"Alles voor jouw praktijk met een PROfessionele Touch!\",\"publisher\":{\"@id\":\"https:\\\/\\\/touchproeurope.eu\\\/#organization\"},\"alternateName\":\"TPE\",\"potentialAction\":[{\"@type\":\"SearchAction\",\"target\":{\"@type\":\"EntryPoint\",\"urlTemplate\":\"https:\\\/\\\/touchproeurope.eu\\\/?s={search_term_string}\"},\"query-input\":{\"@type\":\"PropertyValueSpecification\",\"valueRequired\":true,\"valueName\":\"search_term_string\"}}],\"inLanguage\":\"pt-PT\"},{\"@type\":\"Organization\",\"@id\":\"https:\\\/\\\/touchproeurope.eu\\\/#organization\",\"name\":\"TouchPro Europe BV\",\"alternateName\":\"TPE\",\"url\":\"https:\\\/\\\/touchproeurope.eu\\\/\",\"logo\":{\"@type\":\"ImageObject\",\"inLanguage\":\"pt-PT\",\"@id\":\"https:\\\/\\\/touchproeurope.eu\\\/#\\\/schema\\\/logo\\\/image\\\/\",\"url\":\"https:\\\/\\\/i0.wp.com\\\/touchproeurope.eu\\\/wp-content\\\/uploads\\\/2023\\\/10\\\/2b592c_b6944d80811246d987cc2c29accedf3f.png?fit=1417%2C531&ssl=1\",\"contentUrl\":\"https:\\\/\\\/i0.wp.com\\\/touchproeurope.eu\\\/wp-content\\\/uploads\\\/2023\\\/10\\\/2b592c_b6944d80811246d987cc2c29accedf3f.png?fit=1417%2C531&ssl=1\",\"width\":1417,\"height\":531,\"caption\":\"TouchPro Europe BV\"},\"image\":{\"@id\":\"https:\\\/\\\/touchproeurope.eu\\\/#\\\/schema\\\/logo\\\/image\\\/\"},\"sameAs\":[\"https:\\\/\\\/www.facebook.com\\\/TouchproNederland\\\/?locale=nl_NL\\\/\",\"https:\\\/\\\/www.instagram.com\\\/touchpro2016\\\/\",\"https:\\\/\\\/www.linkedin.com\\\/company\\\/touchpro-europe-bv\\\/\"],\"description\":\"TouchPro Europe Shop is de massage winkel van Europa. Wij verkopen topkwaliteit massageproducten aan masseurs, pedicures, fysiotherapeuten, manicuren, Wellness centra, opleidingen, etc. TouchPro begon als een kleine webshop in Nederland, maar is nu uitgegroeid tot een webshop met klanten uit heel Europa. Wij bieden een breed assortiment aan massageproducten, waaronder massagetafels, oli\u00ebn, cr\u00e8mes, en accessoires van topmerken, zoals Earthlite, Stronglite en InnerStrenght, Habys, Living Earth Crafts en Continuum en andere leveranciers van massage accessoires. Bestel hier de beste massagematerialen van Europa!\",\"email\":\"info@touchpro-europe.com\",\"telephone\":\"0858768829\",\"legalName\":\"TouchPro Europe BV\",\"foundingDate\":\"2018-01-11\",\"vatID\":\"NL855430151B01\",\"numberOfEmployees\":{\"@type\":\"QuantitativeValue\",\"minValue\":\"1\",\"maxValue\":\"10\"},\"hasMerchantReturnPolicy\":{\"@type\":\"MerchantReturnPolicy\",\"merchantReturnLink\":\"https:\\\/\\\/touchproeurope.eu\\\/pt\\\/retourbeleid\\\/\"}}]}<\/script>\n<meta property=\"product:brand\" content=\"Aysun\" \/>\n<meta property=\"product:price:amount\" content=\"15.95\" \/>\n<meta property=\"product:price:currency\" content=\"EUR\" \/>\n<meta property=\"og:availability\" content=\"instock\" \/>\n<meta property=\"product:availability\" content=\"instock\" \/>\n<meta property=\"product:retailer_item_id\" content=\"11002\" \/>\n<meta property=\"product:condition\" content=\"new\" \/>\n<!-- \/ Yoast SEO Premium plugin. -->","yoast_head_json":{"title":"Aysun Wellness Magn\u00e9sio Spray fresco - TouchPro Europe Shop","description":"Relaxe rapidamente os seus m\u00fasculos e articula\u00e7\u00f5es com Aysun Wellness Magnesium Spray fresco \u270c\ufe0f. O cloreto de magn\u00e9sio da \u00e1gua pura proporciona uma solu\u00e7\u00e3o eficaz.\ud83d\ude0a","robots":{"index":"index","follow":"follow","max-snippet":"max-snippet:-1","max-image-preview":"max-image-preview:large","max-video-preview":"max-video-preview:-1"},"canonical":"https:\/\/touchproeurope.eu\/pt\/product\/aysun-wellness-magnesio-spray-fresh\/","og_locale":"pt_PT","og_type":"article","og_title":"Aysun Wellness Magnesium Spray fresh","og_description":"Ontspan je spieren en gewrichten snel met Aysun Wellness Magnesium Spray fresh \u270c\ufe0f. Magnesiumchloride uit zuiver water biedt een effectieve oplossing.\ud83d\ude0a","og_url":"https:\/\/touchproeurope.eu\/pt\/product\/aysun-wellness-magnesio-spray-fresh\/","og_site_name":"TouchPro Europe Shop","article_publisher":"https:\/\/www.facebook.com\/TouchproNederland\/?locale=nl_NL%2f","article_modified_time":"2026-05-01T13:52:52+00:00","og_image":[{"width":800,"height":800,"url":"https:\/\/touchproeurope.eu\/wp-content\/uploads\/2023\/11\/Earthlite-opvouwbaremassagekruk-1-1.jpg","type":"image\/jpeg"}],"twitter_card":"summary_large_image","twitter_misc":{"pre\u00e7o":"&euro;&nbsp;15,95 incl. BTW","Disponibilidade":"Em stock"},"schema":{"@context":"https:\/\/schema.org","@graph":[{"@type":"WebPage","@id":"https:\/\/touchproeurope.eu\/product\/aysun-wellness-magnesium-spray-fresh\/","url":"https:\/\/touchproeurope.eu\/product\/aysun-wellness-magnesium-spray-fresh\/","name":"Aysun Wellness Magn\u00e9sio Spray fresco - TouchPro Europe Shop","isPartOf":{"@id":"https:\/\/touchproeurope.eu\/#website"},"primaryImageOfPage":{"@id":"https:\/\/touchproeurope.eu\/product\/aysun-wellness-magnesium-spray-fresh\/#primaryimage"},"image":{"@id":"https:\/\/touchproeurope.eu\/product\/aysun-wellness-magnesium-spray-fresh\/#primaryimage"},"thumbnailUrl":"https:\/\/i0.wp.com\/touchproeurope.eu\/wp-content\/uploads\/2023\/11\/Earthlite-opvouwbaremassagekruk-1-1.jpg?fit=800%2C800&ssl=1","datePublished":"2023-11-09T16:08:13+00:00","dateModified":"2026-05-01T13:52:52+00:00","description":"Relaxe rapidamente os seus m\u00fasculos e articula\u00e7\u00f5es com Aysun Wellness Magnesium Spray fresco \u270c\ufe0f. O cloreto de magn\u00e9sio da \u00e1gua pura proporciona uma solu\u00e7\u00e3o eficaz.\ud83d\ude0a","breadcrumb":{"@id":"https:\/\/touchproeurope.eu\/product\/aysun-wellness-magnesium-spray-fresh\/#breadcrumb"},"inLanguage":"pt-PT","potentialAction":[{"@type":"ReadAction","target":["https:\/\/touchproeurope.eu\/product\/aysun-wellness-magnesium-spray-fresh\/"]}]},{"@type":"ImageObject","inLanguage":"pt-PT","@id":"https:\/\/touchproeurope.eu\/product\/aysun-wellness-magnesium-spray-fresh\/#primaryimage","url":"https:\/\/i0.wp.com\/touchproeurope.eu\/wp-content\/uploads\/2023\/11\/Earthlite-opvouwbaremassagekruk-1-1.jpg?fit=800%2C800&ssl=1","contentUrl":"https:\/\/i0.wp.com\/touchproeurope.eu\/wp-content\/uploads\/2023\/11\/Earthlite-opvouwbaremassagekruk-1-1.jpg?fit=800%2C800&ssl=1","width":800,"height":800,"caption":"Aysun-wellness Magnesium Spray fresh"},{"@type":"BreadcrumbList","@id":"https:\/\/touchproeurope.eu\/product\/aysun-wellness-magnesium-spray-fresh\/#breadcrumb","itemListElement":[{"@type":"ListItem","position":1,"name":"Home","item":"https:\/\/touchproeurope.eu\/"},{"@type":"ListItem","position":2,"name":"Winkel","item":"https:\/\/touchproeurope.eu\/winkel\/"},{"@type":"ListItem","position":3,"name":"Aysun Wellness Magnesium Spray fresh"}]},{"@type":"WebSite","@id":"https:\/\/touchproeurope.eu\/#website","url":"https:\/\/touchproeurope.eu\/","name":"Loja TouchPro Europa","description":"Tudo para o seu consult\u00f3rio com um toque profissional!","publisher":{"@id":"https:\/\/touchproeurope.eu\/#organization"},"alternateName":"TPE","potentialAction":[{"@type":"SearchAction","target":{"@type":"EntryPoint","urlTemplate":"https:\/\/touchproeurope.eu\/?s={search_term_string}"},"query-input":{"@type":"PropertyValueSpecification","valueRequired":true,"valueName":"search_term_string"}}],"inLanguage":"pt-PT"},{"@type":"Organization","@id":"https:\/\/touchproeurope.eu\/#organization","name":"TouchPro Europa BV","alternateName":"TPE","url":"https:\/\/touchproeurope.eu\/","logo":{"@type":"ImageObject","inLanguage":"pt-PT","@id":"https:\/\/touchproeurope.eu\/#\/schema\/logo\/image\/","url":"https:\/\/i0.wp.com\/touchproeurope.eu\/wp-content\/uploads\/2023\/10\/2b592c_b6944d80811246d987cc2c29accedf3f.png?fit=1417%2C531&ssl=1","contentUrl":"https:\/\/i0.wp.com\/touchproeurope.eu\/wp-content\/uploads\/2023\/10\/2b592c_b6944d80811246d987cc2c29accedf3f.png?fit=1417%2C531&ssl=1","width":1417,"height":531,"caption":"TouchPro Europe BV"},"image":{"@id":"https:\/\/touchproeurope.eu\/#\/schema\/logo\/image\/"},"sameAs":["https:\/\/www.facebook.com\/TouchproNederland\/?locale=nl_NL\/","https:\/\/www.instagram.com\/touchpro2016\/","https:\/\/www.linkedin.com\/company\/touchpro-europe-bv\/"],"description":"A TouchPro Europe Shop \u00e9 a loja de massagens da Europa. Vendemos produtos de massagem de alta qualidade a massagistas, pedicuros, fisioterapeutas, manicures, centros de bem-estar, cursos de forma\u00e7\u00e3o, etc. A TouchPro come\u00e7ou por ser uma pequena loja nos Pa\u00edses Baixos, mas agora transformou-se numa loja com clientes de toda a Europa. Oferecemos uma vasta gama de produtos de massagem, incluindo mesas de massagem, \u00f3leos, cremes e acess\u00f3rios de marcas de topo como Earthlite, Stronglite e InnerStrenght, Habys, Living Earth Crafts e Continuum e outros fornecedores de acess\u00f3rios de massagem. Encomende aqui os melhores artigos de massagem da Europa!","email":"info@touchpro-europe.com","telephone":"0858768829","legalName":"TouchPro Europe BV","foundingDate":"2018-01-11","vatID":"NL855430151B01","numberOfEmployees":{"@type":"QuantitativeValue","minValue":"1","maxValue":"10"},"hasMerchantReturnPolicy":{"@type":"MerchantReturnPolicy","merchantReturnLink":"https:\/\/touchproeurope.eu\/pt\/retourbeleid\/"}}]},"product_brand":"Aysun","product_price_amount":"15.95","product_price_currency":"EUR","og_availability":"instock","product_availability":"instock","product_retailer_item_id":"11002","product_condition":"new"},"_links":{"self":[{"href":"https:\/\/touchproeurope.eu\/pt\/wp-json\/wp\/v2\/product\/3198","targetHints":{"allow":["GET"]}}],"collection":[{"href":"https:\/\/touchproeurope.eu\/pt\/wp-json\/wp\/v2\/product"}],"about":[{"href":"https:\/\/touchproeurope.eu\/pt\/wp-json\/wp\/v2\/types\/product"}],"replies":[{"embeddable":true,"href":"https:\/\/touchproeurope.eu\/pt\/wp-json\/wp\/v2\/comments?post=3198"}],"version-history":[{"count":9,"href":"https:\/\/touchproeurope.eu\/pt\/wp-json\/wp\/v2\/product\/3198\/revisions"}],"predecessor-version":[{"id":13945,"href":"https:\/\/touchproeurope.eu\/pt\/wp-json\/wp\/v2\/product\/3198\/revisions\/13945"}],"wp:featuredmedia":[{"embeddable":true,"href":"https:\/\/touchproeurope.eu\/pt\/wp-json\/wp\/v2\/media\/4386"}],"wp:attachment":[{"href":"https:\/\/touchproeurope.eu\/pt\/wp-json\/wp\/v2\/media?parent=3198"}],"wp:term":[{"taxonomy":"product_brand","embeddable":true,"href":"https:\/\/touchproeurope.eu\/pt\/wp-json\/wp\/v2\/product_brand?post=3198"},{"taxonomy":"product_cat","embeddable":true,"href":"https:\/\/touchproeurope.eu\/pt\/wp-json\/wp\/v2\/product_cat?post=3198"},{"taxonomy":"product_tag","embeddable":true,"href":"https:\/\/touchproeurope.eu\/pt\/wp-json\/wp\/v2\/product_tag?post=3198"}],"curies":[{"name":"wp","href":"https:\/\/api.w.org\/{rel}","templated":true}]}}