{"id":5066,"date":"2024-01-21T16:22:28","date_gmt":"2024-01-21T16:22:28","guid":{"rendered":"https:\/\/touchproeurope.eu\/?post_type=product&#038;p=5066"},"modified":"2026-03-04T16:56:25","modified_gmt":"2026-03-04T16:56:25","slug":"massagem-com-pedras-quentes-de-precisao-na-parede","status":"publish","type":"product","link":"https:\/\/touchproeurope.eu\/pt\/product\/hot-stone-massage-wand-precision\/","title":{"rendered":"Varinha de massagem para pedras quentes - precis\u00e3o"},"content":{"rendered":"<p>A varinha de massagem com pedras quentes. O primeiro massajador do mundo do seu g\u00e9nero - uma obra-prima da engenharia, feita \u00e0 m\u00e3o por profissionais. 1,5 - 3 horas de calor constante - uma potente bateria de i\u00f5es de l\u00edtio de 6600 mAh proporciona at\u00e9 tr\u00eas horas de calor com uma carga completa.<\/p>\n<p>Pedra Bian - S2A \u00e9 feita de pedra bian natural polida \u00e0 m\u00e3o, utilizada na medicina tradicional h\u00e1 milhares de anos.<\/p>\n<p>Em apenas cinco a 10 minutos, a barra de massagem est\u00e1 pronta a ser utilizada e pode ser integrada em qualquer massagem.<\/p>\n<p>Diferen\u00e7a em rela\u00e7\u00e3o \u00e0 massagem LavaShell As barras de massagem s\u00e3o utilizadas de forma diferente das LavaShells \/ LavaHotStones. As LavaShells permitem-lhe deslizar sobre o corpo, aplicar press\u00e3o e tratar diferentes partes do corpo. A massagem LavaShell n\u00e3o pode ser comparada com a massagem com as barras de massagem Hot Stone.<\/p>\n<p>Com a barra de massagem com pedras quentes, tem a oportunidade de integrar o calor na massagem e de o utilizar alternadamente com as m\u00e3os.<\/p>\n<p>Vantagens para o utilizador<\/p>\n<ul>\n<li>Protege o terapeuta do esfor\u00e7o das m\u00e3os<\/li>\n<li>Calor cont\u00ednuo, sem perda de contacto com o cliente<\/li>\n<li>Quatro n\u00edveis de aquecimento diferentes<\/li>\n<li>Port\u00e1til e pode ser utilizado em qualquer lugar<\/li>\n<li>Pode ser aquecido rapidamente gra\u00e7as \u00e0 potente bateria recarreg\u00e1vel<\/li>\n<li>Leve e f\u00e1cil de utilizar<\/li>\n<li>Ideal para terapeutas m\u00f3veis<\/li>\n<\/ul>\n<p>Benef\u00edcios para os h\u00f3spedes<\/p>\n<ul>\n<li>Melhora a circula\u00e7\u00e3o sangu\u00ednea<\/li>\n<li>Os m\u00fasculos ficam soltos e relaxados<\/li>\n<li>Massagem cont\u00ednua de calor e tato<\/li>\n<li>Suavidade sedosa e calmante para a pele<\/li>\n<\/ul>\n<p>Pronto a utilizar em poucos passos<\/p>\n<ol>\n<li>Definir a temperatura pretendida (45 a 60 graus Celsius)<\/li>\n<li>Colocar a barra de massagem no suporte<\/li>\n<li>Ap\u00f3s tr\u00eas minutos, a vareta est\u00e1 pronta a ser utilizada<\/li>\n<li>Aquecimento completo de toda a pedra ap\u00f3s cerca de 10 minutos<\/li>\n<li>Ap\u00f3s a massagem, desligar e limpar a barra de massagem<\/li>\n<\/ol>\n<p>Conte\u00fado: 1 varinha de pedra quente plana, 1 carregador, 1 suporte<\/p>\n<p>S\u00e3o poss\u00edveis 7 t\u00e9cnicas de massagem com as barras de massagem e melhorar a sua massagem com calor. Deixe o h\u00f3spede sentir as suas m\u00e3os e o calor!<\/p>\n<ul>\n<li>Tratamento t\u00e9rmico<\/li>\n<li>Shiatsu<\/li>\n<li>Joelhos<\/li>\n<li>Martelagem<\/li>\n<li>Circular<\/li>\n<li>Raspagem<\/li>\n<li>E deslizar<\/li>\n<\/ul>\n<p>Dura\u00e7\u00e3o do calor - importante A varinha de massagem com pedras quentes tem quatro n\u00edveis de calor diferentes, de morno a quente, adequados para qualquer massagem. Na defini\u00e7\u00e3o mais baixa, a varinha de massagem mant\u00e9m-se quente at\u00e9 tr\u00eas horas, desde que n\u00e3o seja desligada entre elas. Na defini\u00e7\u00e3o mais alta, mant\u00e9m-se quente at\u00e9 1,5 horas, desde que n\u00e3o seja desligada pelo meio. Se a barra de massagem for ligada e desligada com frequ\u00eancia, o tempo de aquecimento pode ser reduzido e \u00e9 necess\u00e1rio recarreg\u00e1-la mais rapidamente. Tenha isto em conta durante as suas aplica\u00e7\u00f5es de massagem.<\/p>\n<p>Limpeza - nota importante Limpe o var\u00e3o apenas com um pano seco e macio e adicione uma quantidade m\u00ednima de detergente para remover o \u00f3leo. N\u00e3o utilizar \u00e1lcool ou produtos qu\u00edmicos. Se a \u00e1gua ou o \u00f3leo penetrarem na vareta devido a uma utiliza\u00e7\u00e3o incorrecta, podem causar avarias e anular a garantia. Mesmo pequenas quantidades de l\u00edquido podem causar falhas el\u00e9ctricas na vareta, por isso, utilize apenas um pano seco e macio com um pouco de detergente. Se a \u00e1gua ou o \u00f3leo penetrarem na vareta devido a uma utiliza\u00e7\u00e3o incorrecta, podem provocar avarias e anular a garantia. Cada vareta \u00e9 submetida a um controlo rigoroso da qualidade e da funcionalidade durante a produ\u00e7\u00e3o e \u00e9 tamb\u00e9m novamente testada quanto \u00e0 sua funcionalidade antes da expedi\u00e7\u00e3o.<\/p>\n<p>Dados t\u00e9cnicos<\/p>\n<ul>\n<li>Modelo ELEEELS S2A<\/li>\n<li>Carregamento: USB tipo C<\/li>\n<li>Bateria: Bateria de i\u00f5es de l\u00edtio recarreg\u00e1vel de 6600 mAh<\/li>\n<li>Tempo de carregamento: cerca de 4 horas<\/li>\n<li>Tempo de funcionamento: 3 horas de cada vez, dependendo da utiliza\u00e7\u00e3o e do n\u00edvel de aquecimento<\/li>\n<li>Pot\u00eancia nominal: 18W N.\u00ba de registo WEEE DE 55750600<\/li>\n<\/ul>\n<p>Nota importante Durante o processo de fabrico, podem aparecer ligeiros riscos na pedra Bian. Tamb\u00e9m s\u00e3o frequentemente vis\u00edveis linhas brancas (carater\u00edstica natural da pedra Bian). Isto n\u00e3o afecta a qualidade do produto ou da massagem. Podem surgir mais riscos durante o trabalho com as pedras, por exemplo, ao colocar as pedras numa superf\u00edcie dura. O produto \u00e9 novo e n\u00e3o foi utilizado.<\/p>","protected":false},"excerpt":{"rendered":"<div class=\"woocommerce-product-details__short-description\">\n<p>A varinha de massagem de pedra quente \u00e9 um dispositivo de massagem avan\u00e7ado concebido a partir de pedra natural bian polida \u00e0 m\u00e3o. Esta parede oferece uma experi\u00eancia de massagem \u00fanica, alimentada por uma potente bateria recarreg\u00e1vel. Eis as suas principais carater\u00edsticas:<\/p>\n<ul>\n<li><strong>Conce\u00e7\u00e3o inovadora<\/strong>Pedra de bian: Pedra de bian polida \u00e0 m\u00e3o para uma experi\u00eancia de massagem \u00fanica.<\/li>\n<li><strong>Calor constante<\/strong>Bateria recarreg\u00e1vel potente para 1,5-3 horas de calor constante.<\/li>\n<li><strong>Utiliza\u00e7\u00e3o r\u00e1pida<\/strong>Pronta a utilizar em 5-10 minutos, distinta da massagem LavaShell.<\/li>\n<li><strong>Benef\u00edcios para os terapeutas<\/strong>: Prote\u00e7\u00e3o contra sobrecarga, aquecimento cont\u00ednuo, portabilidade.<\/li>\n<li><strong>V\u00e1rias t\u00e9cnicas de massagem<\/strong>Possibilidade de 7 t\u00e9cnicas de massagem diferentes.<\/li>\n<li><strong>Fun\u00e7\u00f5es principais<\/strong>: 4 n\u00edveis de aquecimento, 4 horas de carga, limpeza cuidadosa.<\/li>\n<li><strong>Modelo: ELEEELS S2<\/strong>: carregamento USB tipo C, bateria de 6600 mAh, 3 horas de utiliza\u00e7\u00e3o.<\/li>\n<\/ul>\n<p>As Varinhas de Massagem com Pedras Quentes oferecem um equil\u00edbrio perfeito entre a inova\u00e7\u00e3o tecnol\u00f3gica e a terapia de massagem tradicional, tornando-as ideais tanto para terapeutas como para utilizadores.<\/p>\n<\/div>","protected":false},"featured_media":5067,"comment_status":"open","ping_status":"closed","template":"","meta":[],"product_brand":[],"product_cat":[99,103],"product_tag":[235,158,215],"class_list":{"0":"post-5066","1":"product","2":"type-product","3":"status-publish","4":"has-post-thumbnail","6":"product_cat-accessoires","7":"product_cat-hotstones","8":"product_tag-eleeels","9":"product_tag-hotstone","10":"product_tag-massage","12":"first","13":"instock","14":"taxable","15":"shipping-taxable","16":"purchasable","17":"product-type-simple"},"yoast_head":"<!-- This site is optimized with the Yoast SEO Premium plugin v27.3 (Yoast SEO v27.3) - https:\/\/yoast.com\/product\/yoast-seo-premium-wordpress\/ -->\n<title>Hot Stone Massage Wand \u2013 precision - TouchPro Europe Shop<\/title>\n<meta name=\"description\" content=\"Hot Stone Massage Wand precision: Innovatieve massager van bian stone met constante warmte. Voor therapeuten en ontspanning. Ontdek de voordelen nu!\" \/>\n<meta name=\"robots\" content=\"index, follow, max-snippet:-1, max-image-preview:large, max-video-preview:-1\" \/>\n<link rel=\"canonical\" href=\"https:\/\/touchproeurope.eu\/pt\/product\/massagem-com-pedras-quentes-de-precisao-na-parede\/\" \/>\n<meta property=\"og:locale\" content=\"pt_PT\" \/>\n<meta property=\"og:type\" content=\"article\" \/>\n<meta property=\"og:title\" content=\"Hot Stone Massage Wand \u2013 precision\" \/>\n<meta property=\"og:description\" content=\"Hot Stone Massage Wand precision: Innovatieve massager van bian stone met constante warmte. Voor therapeuten en ontspanning. Ontdek de voordelen nu!\" \/>\n<meta property=\"og:url\" content=\"https:\/\/touchproeurope.eu\/pt\/product\/massagem-com-pedras-quentes-de-precisao-na-parede\/\" \/>\n<meta property=\"og:site_name\" content=\"TouchPro Europe Shop\" \/>\n<meta property=\"article:publisher\" content=\"https:\/\/www.facebook.com\/TouchproNederland\/?locale=nl_NL%2f\" \/>\n<meta property=\"article:modified_time\" content=\"2026-03-04T16:56:25+00:00\" \/>\n<meta property=\"og:image\" content=\"https:\/\/touchproeurope.eu\/wp-content\/uploads\/2024\/01\/Ontwerp-zonder-titel-6.png\" \/>\n\t<meta property=\"og:image:width\" content=\"800\" \/>\n\t<meta property=\"og:image:height\" content=\"800\" \/>\n\t<meta property=\"og:image:type\" content=\"image\/png\" \/>\n<meta name=\"twitter:card\" content=\"summary_large_image\" \/>\n<meta name=\"twitter:label1\" content=\"pre\u00e7o\" \/>\n\t<meta name=\"twitter:data1\" content=\"&euro;&nbsp;129,00 incl. BTW\" \/>\n\t<meta name=\"twitter:label2\" content=\"Disponibilidade\" \/>\n\t<meta name=\"twitter:data2\" content=\"Em stock\" \/>\n<script type=\"application\/ld+json\" class=\"yoast-schema-graph\">{\"@context\":\"https:\\\/\\\/schema.org\",\"@graph\":[{\"@type\":\"WebPage\",\"@id\":\"https:\\\/\\\/touchproeurope.eu\\\/product\\\/hot-stone-massage-wand-precision\\\/\",\"url\":\"https:\\\/\\\/touchproeurope.eu\\\/product\\\/hot-stone-massage-wand-precision\\\/\",\"name\":\"Hot Stone Massage Wand \u2013 precision - TouchPro Europe Shop\",\"isPartOf\":{\"@id\":\"https:\\\/\\\/touchproeurope.eu\\\/#website\"},\"primaryImageOfPage\":{\"@id\":\"https:\\\/\\\/touchproeurope.eu\\\/product\\\/hot-stone-massage-wand-precision\\\/#primaryimage\"},\"image\":{\"@id\":\"https:\\\/\\\/touchproeurope.eu\\\/product\\\/hot-stone-massage-wand-precision\\\/#primaryimage\"},\"thumbnailUrl\":\"https:\\\/\\\/i0.wp.com\\\/touchproeurope.eu\\\/wp-content\\\/uploads\\\/2024\\\/01\\\/Ontwerp-zonder-titel-6.png?fit=800%2C800&ssl=1\",\"datePublished\":\"2024-01-21T16:22:28+00:00\",\"dateModified\":\"2026-03-04T16:56:25+00:00\",\"description\":\"Hot Stone Massage Wand precision: Innovatieve massager van bian stone met constante warmte. Voor therapeuten en ontspanning. Ontdek de voordelen nu!\",\"breadcrumb\":{\"@id\":\"https:\\\/\\\/touchproeurope.eu\\\/product\\\/hot-stone-massage-wand-precision\\\/#breadcrumb\"},\"inLanguage\":\"pt-PT\",\"potentialAction\":[{\"@type\":\"ReadAction\",\"target\":[\"https:\\\/\\\/touchproeurope.eu\\\/product\\\/hot-stone-massage-wand-precision\\\/\"]}]},{\"@type\":\"ImageObject\",\"inLanguage\":\"pt-PT\",\"@id\":\"https:\\\/\\\/touchproeurope.eu\\\/product\\\/hot-stone-massage-wand-precision\\\/#primaryimage\",\"url\":\"https:\\\/\\\/i0.wp.com\\\/touchproeurope.eu\\\/wp-content\\\/uploads\\\/2024\\\/01\\\/Ontwerp-zonder-titel-6.png?fit=800%2C800&ssl=1\",\"contentUrl\":\"https:\\\/\\\/i0.wp.com\\\/touchproeurope.eu\\\/wp-content\\\/uploads\\\/2024\\\/01\\\/Ontwerp-zonder-titel-6.png?fit=800%2C800&ssl=1\",\"width\":800,\"height\":800,\"caption\":\"Hot Stone Massage Wand S2A - precision Shipping time:\"},{\"@type\":\"BreadcrumbList\",\"@id\":\"https:\\\/\\\/touchproeurope.eu\\\/product\\\/hot-stone-massage-wand-precision\\\/#breadcrumb\",\"itemListElement\":[{\"@type\":\"ListItem\",\"position\":1,\"name\":\"Home\",\"item\":\"https:\\\/\\\/touchproeurope.eu\\\/\"},{\"@type\":\"ListItem\",\"position\":2,\"name\":\"Winkel\",\"item\":\"https:\\\/\\\/touchproeurope.eu\\\/winkel\\\/\"},{\"@type\":\"ListItem\",\"position\":3,\"name\":\"Hot Stone Massage Wand \u2013 precision\"}]},{\"@type\":\"WebSite\",\"@id\":\"https:\\\/\\\/touchproeurope.eu\\\/#website\",\"url\":\"https:\\\/\\\/touchproeurope.eu\\\/\",\"name\":\"TouchPro Europe Shop\",\"description\":\"Alles voor jouw praktijk met een PROfessionele Touch!\",\"publisher\":{\"@id\":\"https:\\\/\\\/touchproeurope.eu\\\/#organization\"},\"alternateName\":\"TPE\",\"potentialAction\":[{\"@type\":\"SearchAction\",\"target\":{\"@type\":\"EntryPoint\",\"urlTemplate\":\"https:\\\/\\\/touchproeurope.eu\\\/?s={search_term_string}\"},\"query-input\":{\"@type\":\"PropertyValueSpecification\",\"valueRequired\":true,\"valueName\":\"search_term_string\"}}],\"inLanguage\":\"pt-PT\"},{\"@type\":\"Organization\",\"@id\":\"https:\\\/\\\/touchproeurope.eu\\\/#organization\",\"name\":\"TouchPro Europe BV\",\"alternateName\":\"TPE\",\"url\":\"https:\\\/\\\/touchproeurope.eu\\\/\",\"logo\":{\"@type\":\"ImageObject\",\"inLanguage\":\"pt-PT\",\"@id\":\"https:\\\/\\\/touchproeurope.eu\\\/#\\\/schema\\\/logo\\\/image\\\/\",\"url\":\"https:\\\/\\\/i0.wp.com\\\/touchproeurope.eu\\\/wp-content\\\/uploads\\\/2023\\\/10\\\/2b592c_b6944d80811246d987cc2c29accedf3f.png?fit=1417%2C531&ssl=1\",\"contentUrl\":\"https:\\\/\\\/i0.wp.com\\\/touchproeurope.eu\\\/wp-content\\\/uploads\\\/2023\\\/10\\\/2b592c_b6944d80811246d987cc2c29accedf3f.png?fit=1417%2C531&ssl=1\",\"width\":1417,\"height\":531,\"caption\":\"TouchPro Europe BV\"},\"image\":{\"@id\":\"https:\\\/\\\/touchproeurope.eu\\\/#\\\/schema\\\/logo\\\/image\\\/\"},\"sameAs\":[\"https:\\\/\\\/www.facebook.com\\\/TouchproNederland\\\/?locale=nl_NL\\\/\",\"https:\\\/\\\/www.instagram.com\\\/touchpro2016\\\/\",\"https:\\\/\\\/www.linkedin.com\\\/company\\\/touchpro-europe-bv\\\/\"],\"description\":\"TouchPro Europe Shop is de massage winkel van Europa. Wij verkopen topkwaliteit massageproducten aan masseurs, pedicures, fysiotherapeuten, manicuren, Wellness centra, opleidingen, etc. TouchPro begon als een kleine webshop in Nederland, maar is nu uitgegroeid tot een webshop met klanten uit heel Europa. Wij bieden een breed assortiment aan massageproducten, waaronder massagetafels, oli\u00ebn, cr\u00e8mes, en accessoires van topmerken, zoals Earthlite, Stronglite en InnerStrenght, Habys, Living Earth Crafts en Continuum en andere leveranciers van massage accessoires. Bestel hier de beste massagematerialen van Europa!\",\"email\":\"info@touchpro-europe.com\",\"telephone\":\"0858768829\",\"legalName\":\"TouchPro Europe BV\",\"foundingDate\":\"2018-01-11\",\"vatID\":\"NL855430151B01\",\"numberOfEmployees\":{\"@type\":\"QuantitativeValue\",\"minValue\":\"1\",\"maxValue\":\"10\"},\"hasMerchantReturnPolicy\":{\"@type\":\"MerchantReturnPolicy\",\"merchantReturnLink\":\"https:\\\/\\\/touchproeurope.eu\\\/pt\\\/retourbeleid\\\/\"}}]}<\/script>\n<meta property=\"product:price:amount\" content=\"129.00\" \/>\n<meta property=\"product:price:currency\" content=\"EUR\" \/>\n<meta property=\"og:availability\" content=\"instock\" \/>\n<meta property=\"product:availability\" content=\"instock\" \/>\n<meta property=\"product:condition\" content=\"new\" \/>\n<!-- \/ Yoast SEO Premium plugin. -->","yoast_head_json":{"title":"Varinha de massagem para pedras quentes - precis\u00e3o - TouchPro Europe Shop","description":"Varinha de massagem de pedras quentes de precis\u00e3o: Massajador inovador de pedras biol\u00f3gicas com calor constante. Para terapeutas e relaxamento. Descubra j\u00e1 as suas vantagens!","robots":{"index":"index","follow":"follow","max-snippet":"max-snippet:-1","max-image-preview":"max-image-preview:large","max-video-preview":"max-video-preview:-1"},"canonical":"https:\/\/touchproeurope.eu\/pt\/product\/massagem-com-pedras-quentes-de-precisao-na-parede\/","og_locale":"pt_PT","og_type":"article","og_title":"Hot Stone Massage Wand \u2013 precision","og_description":"Hot Stone Massage Wand precision: Innovatieve massager van bian stone met constante warmte. Voor therapeuten en ontspanning. Ontdek de voordelen nu!","og_url":"https:\/\/touchproeurope.eu\/pt\/product\/massagem-com-pedras-quentes-de-precisao-na-parede\/","og_site_name":"TouchPro Europe Shop","article_publisher":"https:\/\/www.facebook.com\/TouchproNederland\/?locale=nl_NL%2f","article_modified_time":"2026-03-04T16:56:25+00:00","og_image":[{"width":800,"height":800,"url":"https:\/\/touchproeurope.eu\/wp-content\/uploads\/2024\/01\/Ontwerp-zonder-titel-6.png","type":"image\/png"}],"twitter_card":"summary_large_image","twitter_misc":{"pre\u00e7o":"&euro;&nbsp;129,00 incl. BTW","Disponibilidade":"Em stock"},"schema":{"@context":"https:\/\/schema.org","@graph":[{"@type":"WebPage","@id":"https:\/\/touchproeurope.eu\/product\/hot-stone-massage-wand-precision\/","url":"https:\/\/touchproeurope.eu\/product\/hot-stone-massage-wand-precision\/","name":"Varinha de massagem para pedras quentes - precis\u00e3o - TouchPro Europe Shop","isPartOf":{"@id":"https:\/\/touchproeurope.eu\/#website"},"primaryImageOfPage":{"@id":"https:\/\/touchproeurope.eu\/product\/hot-stone-massage-wand-precision\/#primaryimage"},"image":{"@id":"https:\/\/touchproeurope.eu\/product\/hot-stone-massage-wand-precision\/#primaryimage"},"thumbnailUrl":"https:\/\/i0.wp.com\/touchproeurope.eu\/wp-content\/uploads\/2024\/01\/Ontwerp-zonder-titel-6.png?fit=800%2C800&ssl=1","datePublished":"2024-01-21T16:22:28+00:00","dateModified":"2026-03-04T16:56:25+00:00","description":"Varinha de massagem de pedras quentes de precis\u00e3o: Massajador inovador de pedras biol\u00f3gicas com calor constante. Para terapeutas e relaxamento. Descubra j\u00e1 as suas vantagens!","breadcrumb":{"@id":"https:\/\/touchproeurope.eu\/product\/hot-stone-massage-wand-precision\/#breadcrumb"},"inLanguage":"pt-PT","potentialAction":[{"@type":"ReadAction","target":["https:\/\/touchproeurope.eu\/product\/hot-stone-massage-wand-precision\/"]}]},{"@type":"ImageObject","inLanguage":"pt-PT","@id":"https:\/\/touchproeurope.eu\/product\/hot-stone-massage-wand-precision\/#primaryimage","url":"https:\/\/i0.wp.com\/touchproeurope.eu\/wp-content\/uploads\/2024\/01\/Ontwerp-zonder-titel-6.png?fit=800%2C800&ssl=1","contentUrl":"https:\/\/i0.wp.com\/touchproeurope.eu\/wp-content\/uploads\/2024\/01\/Ontwerp-zonder-titel-6.png?fit=800%2C800&ssl=1","width":800,"height":800,"caption":"Hot Stone Massage Wand S2A - precision Shipping time:"},{"@type":"BreadcrumbList","@id":"https:\/\/touchproeurope.eu\/product\/hot-stone-massage-wand-precision\/#breadcrumb","itemListElement":[{"@type":"ListItem","position":1,"name":"Home","item":"https:\/\/touchproeurope.eu\/"},{"@type":"ListItem","position":2,"name":"Winkel","item":"https:\/\/touchproeurope.eu\/winkel\/"},{"@type":"ListItem","position":3,"name":"Hot Stone Massage Wand \u2013 precision"}]},{"@type":"WebSite","@id":"https:\/\/touchproeurope.eu\/#website","url":"https:\/\/touchproeurope.eu\/","name":"Loja TouchPro Europa","description":"Tudo para o seu consult\u00f3rio com um toque profissional!","publisher":{"@id":"https:\/\/touchproeurope.eu\/#organization"},"alternateName":"TPE","potentialAction":[{"@type":"SearchAction","target":{"@type":"EntryPoint","urlTemplate":"https:\/\/touchproeurope.eu\/?s={search_term_string}"},"query-input":{"@type":"PropertyValueSpecification","valueRequired":true,"valueName":"search_term_string"}}],"inLanguage":"pt-PT"},{"@type":"Organization","@id":"https:\/\/touchproeurope.eu\/#organization","name":"TouchPro Europa BV","alternateName":"TPE","url":"https:\/\/touchproeurope.eu\/","logo":{"@type":"ImageObject","inLanguage":"pt-PT","@id":"https:\/\/touchproeurope.eu\/#\/schema\/logo\/image\/","url":"https:\/\/i0.wp.com\/touchproeurope.eu\/wp-content\/uploads\/2023\/10\/2b592c_b6944d80811246d987cc2c29accedf3f.png?fit=1417%2C531&ssl=1","contentUrl":"https:\/\/i0.wp.com\/touchproeurope.eu\/wp-content\/uploads\/2023\/10\/2b592c_b6944d80811246d987cc2c29accedf3f.png?fit=1417%2C531&ssl=1","width":1417,"height":531,"caption":"TouchPro Europe BV"},"image":{"@id":"https:\/\/touchproeurope.eu\/#\/schema\/logo\/image\/"},"sameAs":["https:\/\/www.facebook.com\/TouchproNederland\/?locale=nl_NL\/","https:\/\/www.instagram.com\/touchpro2016\/","https:\/\/www.linkedin.com\/company\/touchpro-europe-bv\/"],"description":"A TouchPro Europe Shop \u00e9 a loja de massagens da Europa. Vendemos produtos de massagem de alta qualidade a massagistas, pedicuros, fisioterapeutas, manicures, centros de bem-estar, cursos de forma\u00e7\u00e3o, etc. A TouchPro come\u00e7ou por ser uma pequena loja nos Pa\u00edses Baixos, mas agora transformou-se numa loja com clientes de toda a Europa. Oferecemos uma vasta gama de produtos de massagem, incluindo mesas de massagem, \u00f3leos, cremes e acess\u00f3rios de marcas de topo como Earthlite, Stronglite e InnerStrenght, Habys, Living Earth Crafts e Continuum e outros fornecedores de acess\u00f3rios de massagem. Encomende aqui os melhores artigos de massagem da Europa!","email":"info@touchpro-europe.com","telephone":"0858768829","legalName":"TouchPro Europe BV","foundingDate":"2018-01-11","vatID":"NL855430151B01","numberOfEmployees":{"@type":"QuantitativeValue","minValue":"1","maxValue":"10"},"hasMerchantReturnPolicy":{"@type":"MerchantReturnPolicy","merchantReturnLink":"https:\/\/touchproeurope.eu\/pt\/retourbeleid\/"}}]},"product_price_amount":"129.00","product_price_currency":"EUR","og_availability":"instock","product_availability":"instock","product_condition":"new"},"_links":{"self":[{"href":"https:\/\/touchproeurope.eu\/pt\/wp-json\/wp\/v2\/product\/5066","targetHints":{"allow":["GET"]}}],"collection":[{"href":"https:\/\/touchproeurope.eu\/pt\/wp-json\/wp\/v2\/product"}],"about":[{"href":"https:\/\/touchproeurope.eu\/pt\/wp-json\/wp\/v2\/types\/product"}],"replies":[{"embeddable":true,"href":"https:\/\/touchproeurope.eu\/pt\/wp-json\/wp\/v2\/comments?post=5066"}],"version-history":[{"count":1,"href":"https:\/\/touchproeurope.eu\/pt\/wp-json\/wp\/v2\/product\/5066\/revisions"}],"predecessor-version":[{"id":5068,"href":"https:\/\/touchproeurope.eu\/pt\/wp-json\/wp\/v2\/product\/5066\/revisions\/5068"}],"wp:featuredmedia":[{"embeddable":true,"href":"https:\/\/touchproeurope.eu\/pt\/wp-json\/wp\/v2\/media\/5067"}],"wp:attachment":[{"href":"https:\/\/touchproeurope.eu\/pt\/wp-json\/wp\/v2\/media?parent=5066"}],"wp:term":[{"taxonomy":"product_brand","embeddable":true,"href":"https:\/\/touchproeurope.eu\/pt\/wp-json\/wp\/v2\/product_brand?post=5066"},{"taxonomy":"product_cat","embeddable":true,"href":"https:\/\/touchproeurope.eu\/pt\/wp-json\/wp\/v2\/product_cat?post=5066"},{"taxonomy":"product_tag","embeddable":true,"href":"https:\/\/touchproeurope.eu\/pt\/wp-json\/wp\/v2\/product_tag?post=5066"}],"curies":[{"name":"wp","href":"https:\/\/api.w.org\/{rel}","templated":true}]}}