{"id":5203,"date":"2024-02-05T10:54:52","date_gmt":"2024-02-05T10:54:52","guid":{"rendered":"https:\/\/touchproeurope.eu\/?post_type=product&#038;p=5203"},"modified":"2026-04-22T09:33:14","modified_gmt":"2026-04-22T09:33:14","slug":"alquimia-holistica-misturada","status":"publish","type":"product","link":"https:\/\/touchproeurope.eu\/pt\/product\/holistic-alchemy-blended\/","title":{"rendered":"Alquimia hol\u00edstica misturada"},"content":{"rendered":"<p>Com as misturas de alquimia hol\u00edstica, n\u00e3o \u00e9 preciso adivinhar que \u00f3leos essenciais s\u00e3o seguros para misturar e em que percentagens. O nosso especialista em aromaterapia e Mestre Alquimista misturou fus\u00f5es de \u00f3leos essenciais que fornecem a resposta - concentrados n\u00e3o dilu\u00eddos especialmente formulados para uma vasta gama de utiliza\u00e7\u00f5es, incluindo difusores, \u00f3leos de massagem ou banhos de aromaterapia.<\/p>\n<ul>\n<li>EQUIL\u00cdBRIO - A mistura equilibrada de Alfazema, S\u00e1lvia, Camomila, Bergamota e Vetiver refor\u00e7a as sensa\u00e7\u00f5es de paz interior e de centramento. Esta mistura \u00fanica e cuidadosamente elaborada ajuda a restaurar o equil\u00edbrio durante os per\u00edodos turbulentos em que se sente a necessidade de se realinhar e regressar ao centro. Esta mistura \u00e9 uma excelente escolha para fragr\u00e2ncia ambiente ou massagem para viajantes.<\/li>\n<li>CALM - Esta mistura pac\u00edfica e harmonizada de Cedro, Alfazema, S\u00e1lvia, Gengibre, Manjeric\u00e3o, Patchouli e Camomila cria um ambiente calmo e arom\u00e1tico, especialmente quando usado num difusor. Calm \u00e9 relaxante e estimula o relaxamento de todo o corpo, permitindo-lhe descontrair ap\u00f3s um longo dia. Diga adeus ao stress e ol\u00e1 \u00e0 calma.<\/li>\n<li>MUSCLE SOOTHE - Destinado a m\u00fasculos cansados e tensos, esta mistura especialmente formulada de eucalipto, arnica, b\u00e9tula, alecrim, zimbro e erva-lim\u00e3o alivia a tens\u00e3o f\u00edsica, especialmente ap\u00f3s exerc\u00edcio extenuante ou um longo dia de trabalho. Gostei! Um \u201cgo to\u201d para terapeutas e clientes.<\/li>\n<li>PURIFICAR - Purificar e inspirar a energia do seu espa\u00e7o sagrado ao utilizar esta mistura de Zimbro, Toranja, Cipreste, Lim\u00e3o e Funcho. Especialmente formulado para ser utilizado em massagens de drenagem linf\u00e1tica e noutras t\u00e9cnicas de trabalho corporal. Esta combina\u00e7\u00e3o exclusiva de \u00f3leos estimula a sensa\u00e7\u00e3o de renova\u00e7\u00e3o. Por isso, inspire-se, purifique a sua energia e estabele\u00e7a novas inten\u00e7\u00f5es com esta poderosa mistura.<\/li>\n<li>REVIVE - Um impulso arom\u00e1tico brilhante e estimulante de eucalipto, laranja, toranja e erva-lim\u00e3o cria uma sensa\u00e7\u00e3o de eleva\u00e7\u00e3o com concentra\u00e7\u00e3o e inspira\u00e7\u00e3o. Os dias sombrios n\u00e3o t\u00eam hip\u00f3tese com esta mistura poderosa, iluminadora e restauradora. Use-a num difusor para refrescar o ambiente ou use-a numa massagem para revigorar e restaurar.<\/li>\n<li>SONO - O aroma calmante desta f\u00f3rmula para dormir, feita de Camomila, Tangerina, Manjerona, Semente de Cenoura e Alfazema, ajuda a criar um ambiente relaxante onde o stress e as preocupa\u00e7\u00f5es desaparecem. Quando utilizada com uma massagem relaxante, esta mistura ajudar\u00e1 a libertar o stress, a tens\u00e3o armazenada e a preparar o corpo para o descanso. O m\u00e1ximo em relaxamento.<\/li>\n<\/ul>\n<p>Encomende hoje mesmo a mistura Holistic alchemy para poder oferecer aos seus clientes a melhor aromaterapia.<\/p>","protected":false},"excerpt":{"rendered":"<p>Met de Holistic alchemy blended nemen het giswerk uit de vergelijking, zodat jij niet hoeft uit te vogelen welke essenti\u00eble oli\u00ebn veilig met elkaar gemengd kunnen worden en in welke percentages. Onze aromatherapie-expert en Meester-Alchemist hebben essenti\u00eble oliefusies gemengd die het antwoord bieden &#8211; onverdunde concentraten, speciaal geformuleerd voor een breed scala aan toepassingen, waaronder [&hellip;]<\/p>\n","protected":false},"featured_media":5210,"comment_status":"open","ping_status":"closed","template":"","meta":[],"product_brand":[343],"product_cat":[105],"product_tag":[205,260,215,259],"class_list":{"0":"post-5203","1":"product","2":"type-product","3":"status-publish","4":"has-post-thumbnail","6":"product_brand-earthlite","7":"product_cat-aromatherapie","8":"product_tag-essential","9":"product_tag-holistic-alchemy","10":"product_tag-massage","11":"product_tag-olie","12":"product_shipping_class-klein-pakket","14":"first","15":"instock","16":"taxable","17":"shipping-taxable","18":"purchasable","19":"product-type-simple"},"yoast_head":"<!-- This site is optimized with the Yoast SEO Premium plugin v27.4 (Yoast SEO v27.5) - https:\/\/yoast.com\/product\/yoast-seo-premium-wordpress\/ -->\n<title>Holistic alchemy blended - TouchPro Europe Shop<\/title>\n<meta name=\"description\" content=\"Ervaar rust, harmonie en energie met onze expert-geformuleerde Holistic alchemy blended. Voor diffusers, massageoli\u00ebn en ontspannende baden.\" \/>\n<meta name=\"robots\" content=\"index, follow, max-snippet:-1, max-image-preview:large, max-video-preview:-1\" \/>\n<link rel=\"canonical\" href=\"https:\/\/touchproeurope.eu\/pt\/product\/alquimia-holistica-misturada\/\" \/>\n<meta property=\"og:locale\" content=\"pt_PT\" \/>\n<meta property=\"og:type\" content=\"article\" \/>\n<meta property=\"og:title\" content=\"Holistic alchemy blended\" \/>\n<meta property=\"og:description\" content=\"Ervaar rust, harmonie en energie met onze expert-geformuleerde Holistic alchemy blended. Voor diffusers, massageoli\u00ebn en ontspannende baden.\" \/>\n<meta property=\"og:url\" content=\"https:\/\/touchproeurope.eu\/pt\/product\/alquimia-holistica-misturada\/\" \/>\n<meta property=\"og:site_name\" content=\"TouchPro Europe Shop\" \/>\n<meta property=\"article:publisher\" content=\"https:\/\/www.facebook.com\/TouchproNederland\/?locale=nl_NL%2f\" \/>\n<meta property=\"article:modified_time\" content=\"2026-04-22T09:33:14+00:00\" \/>\n<meta property=\"og:image\" content=\"https:\/\/touchproeurope.eu\/wp-content\/uploads\/2024\/02\/49234880733_8de8c525b1_c.jpg\" \/>\n\t<meta property=\"og:image:width\" content=\"800\" \/>\n\t<meta property=\"og:image:height\" content=\"800\" \/>\n\t<meta property=\"og:image:type\" content=\"image\/jpeg\" \/>\n<meta name=\"twitter:card\" content=\"summary_large_image\" \/>\n<meta name=\"twitter:label1\" content=\"pre\u00e7o\" \/>\n\t<meta name=\"twitter:data1\" content=\"&euro;&nbsp;94,99 incl. BTW\" \/>\n\t<meta name=\"twitter:label2\" content=\"Disponibilidade\" \/>\n\t<meta name=\"twitter:data2\" content=\"Em stock\" \/>\n<script type=\"application\/ld+json\" class=\"yoast-schema-graph\">{\"@context\":\"https:\\\/\\\/schema.org\",\"@graph\":[{\"@type\":\"WebPage\",\"@id\":\"https:\\\/\\\/touchproeurope.eu\\\/product\\\/holistic-alchemy-blended\\\/\",\"url\":\"https:\\\/\\\/touchproeurope.eu\\\/product\\\/holistic-alchemy-blended\\\/\",\"name\":\"Holistic alchemy blended - TouchPro Europe Shop\",\"isPartOf\":{\"@id\":\"https:\\\/\\\/touchproeurope.eu\\\/#website\"},\"primaryImageOfPage\":{\"@id\":\"https:\\\/\\\/touchproeurope.eu\\\/product\\\/holistic-alchemy-blended\\\/#primaryimage\"},\"image\":{\"@id\":\"https:\\\/\\\/touchproeurope.eu\\\/product\\\/holistic-alchemy-blended\\\/#primaryimage\"},\"thumbnailUrl\":\"https:\\\/\\\/i0.wp.com\\\/touchproeurope.eu\\\/wp-content\\\/uploads\\\/2024\\\/02\\\/49234880733_8de8c525b1_c.jpg?fit=800%2C800&ssl=1\",\"datePublished\":\"2024-02-05T10:54:52+00:00\",\"dateModified\":\"2026-04-22T09:33:14+00:00\",\"description\":\"Ervaar rust, harmonie en energie met onze expert-geformuleerde Holistic alchemy blended. Voor diffusers, massageoli\u00ebn en ontspannende baden.\",\"breadcrumb\":{\"@id\":\"https:\\\/\\\/touchproeurope.eu\\\/product\\\/holistic-alchemy-blended\\\/#breadcrumb\"},\"inLanguage\":\"pt-PT\",\"potentialAction\":[{\"@type\":\"ReadAction\",\"target\":[\"https:\\\/\\\/touchproeurope.eu\\\/product\\\/holistic-alchemy-blended\\\/\"]}]},{\"@type\":\"ImageObject\",\"inLanguage\":\"pt-PT\",\"@id\":\"https:\\\/\\\/touchproeurope.eu\\\/product\\\/holistic-alchemy-blended\\\/#primaryimage\",\"url\":\"https:\\\/\\\/i0.wp.com\\\/touchproeurope.eu\\\/wp-content\\\/uploads\\\/2024\\\/02\\\/49234880733_8de8c525b1_c.jpg?fit=800%2C800&ssl=1\",\"contentUrl\":\"https:\\\/\\\/i0.wp.com\\\/touchproeurope.eu\\\/wp-content\\\/uploads\\\/2024\\\/02\\\/49234880733_8de8c525b1_c.jpg?fit=800%2C800&ssl=1\",\"width\":800,\"height\":800,\"caption\":\"Holistic alchemy blendsHolistic alchemy blends\"},{\"@type\":\"BreadcrumbList\",\"@id\":\"https:\\\/\\\/touchproeurope.eu\\\/product\\\/holistic-alchemy-blended\\\/#breadcrumb\",\"itemListElement\":[{\"@type\":\"ListItem\",\"position\":1,\"name\":\"Home\",\"item\":\"https:\\\/\\\/touchproeurope.eu\\\/\"},{\"@type\":\"ListItem\",\"position\":2,\"name\":\"Winkel\",\"item\":\"https:\\\/\\\/touchproeurope.eu\\\/winkel\\\/\"},{\"@type\":\"ListItem\",\"position\":3,\"name\":\"Holistic alchemy blended\"}]},{\"@type\":\"WebSite\",\"@id\":\"https:\\\/\\\/touchproeurope.eu\\\/#website\",\"url\":\"https:\\\/\\\/touchproeurope.eu\\\/\",\"name\":\"TouchPro Europe Shop\",\"description\":\"Alles voor jouw praktijk met een PROfessionele Touch!\",\"publisher\":{\"@id\":\"https:\\\/\\\/touchproeurope.eu\\\/#organization\"},\"alternateName\":\"TPE\",\"potentialAction\":[{\"@type\":\"SearchAction\",\"target\":{\"@type\":\"EntryPoint\",\"urlTemplate\":\"https:\\\/\\\/touchproeurope.eu\\\/?s={search_term_string}\"},\"query-input\":{\"@type\":\"PropertyValueSpecification\",\"valueRequired\":true,\"valueName\":\"search_term_string\"}}],\"inLanguage\":\"pt-PT\"},{\"@type\":\"Organization\",\"@id\":\"https:\\\/\\\/touchproeurope.eu\\\/#organization\",\"name\":\"TouchPro Europe BV\",\"alternateName\":\"TPE\",\"url\":\"https:\\\/\\\/touchproeurope.eu\\\/\",\"logo\":{\"@type\":\"ImageObject\",\"inLanguage\":\"pt-PT\",\"@id\":\"https:\\\/\\\/touchproeurope.eu\\\/#\\\/schema\\\/logo\\\/image\\\/\",\"url\":\"https:\\\/\\\/i0.wp.com\\\/touchproeurope.eu\\\/wp-content\\\/uploads\\\/2023\\\/10\\\/2b592c_b6944d80811246d987cc2c29accedf3f.png?fit=1417%2C531&ssl=1\",\"contentUrl\":\"https:\\\/\\\/i0.wp.com\\\/touchproeurope.eu\\\/wp-content\\\/uploads\\\/2023\\\/10\\\/2b592c_b6944d80811246d987cc2c29accedf3f.png?fit=1417%2C531&ssl=1\",\"width\":1417,\"height\":531,\"caption\":\"TouchPro Europe BV\"},\"image\":{\"@id\":\"https:\\\/\\\/touchproeurope.eu\\\/#\\\/schema\\\/logo\\\/image\\\/\"},\"sameAs\":[\"https:\\\/\\\/www.facebook.com\\\/TouchproNederland\\\/?locale=nl_NL\\\/\",\"https:\\\/\\\/www.instagram.com\\\/touchpro2016\\\/\",\"https:\\\/\\\/www.linkedin.com\\\/company\\\/touchpro-europe-bv\\\/\"],\"description\":\"TouchPro Europe Shop is de massage winkel van Europa. Wij verkopen topkwaliteit massageproducten aan masseurs, pedicures, fysiotherapeuten, manicuren, Wellness centra, opleidingen, etc. TouchPro begon als een kleine webshop in Nederland, maar is nu uitgegroeid tot een webshop met klanten uit heel Europa. Wij bieden een breed assortiment aan massageproducten, waaronder massagetafels, oli\u00ebn, cr\u00e8mes, en accessoires van topmerken, zoals Earthlite, Stronglite en InnerStrenght, Habys, Living Earth Crafts en Continuum en andere leveranciers van massage accessoires. Bestel hier de beste massagematerialen van Europa!\",\"email\":\"info@touchpro-europe.com\",\"telephone\":\"0858768829\",\"legalName\":\"TouchPro Europe BV\",\"foundingDate\":\"2018-01-11\",\"vatID\":\"NL855430151B01\",\"numberOfEmployees\":{\"@type\":\"QuantitativeValue\",\"minValue\":\"1\",\"maxValue\":\"10\"},\"hasMerchantReturnPolicy\":{\"@type\":\"MerchantReturnPolicy\",\"merchantReturnLink\":\"https:\\\/\\\/touchproeurope.eu\\\/pt\\\/retourbeleid\\\/\"}}]}<\/script>\n<meta property=\"product:price:amount\" content=\"94.99\" \/>\n<meta property=\"product:price:currency\" content=\"EUR\" \/>\n<meta property=\"og:availability\" content=\"instock\" \/>\n<meta property=\"product:availability\" content=\"instock\" \/>\n<meta property=\"product:retailer_item_id\" content=\"52673\" \/>\n<meta property=\"product:condition\" content=\"new\" \/>\n<!-- \/ Yoast SEO Premium plugin. -->","yoast_head_json":{"title":"Alquimia hol\u00edstica misturada - TouchPro Europe Shop","description":"Experimente paz, harmonia e energia com a nossa mistura de alquimia hol\u00edstica formulada por especialistas. Para difusores, \u00f3leos de massagem e banhos relaxantes.","robots":{"index":"index","follow":"follow","max-snippet":"max-snippet:-1","max-image-preview":"max-image-preview:large","max-video-preview":"max-video-preview:-1"},"canonical":"https:\/\/touchproeurope.eu\/pt\/product\/alquimia-holistica-misturada\/","og_locale":"pt_PT","og_type":"article","og_title":"Holistic alchemy blended","og_description":"Ervaar rust, harmonie en energie met onze expert-geformuleerde Holistic alchemy blended. Voor diffusers, massageoli\u00ebn en ontspannende baden.","og_url":"https:\/\/touchproeurope.eu\/pt\/product\/alquimia-holistica-misturada\/","og_site_name":"TouchPro Europe Shop","article_publisher":"https:\/\/www.facebook.com\/TouchproNederland\/?locale=nl_NL%2f","article_modified_time":"2026-04-22T09:33:14+00:00","og_image":[{"width":800,"height":800,"url":"https:\/\/touchproeurope.eu\/wp-content\/uploads\/2024\/02\/49234880733_8de8c525b1_c.jpg","type":"image\/jpeg"}],"twitter_card":"summary_large_image","twitter_misc":{"pre\u00e7o":"&euro;&nbsp;94,99 incl. BTW","Disponibilidade":"Em stock"},"schema":{"@context":"https:\/\/schema.org","@graph":[{"@type":"WebPage","@id":"https:\/\/touchproeurope.eu\/product\/holistic-alchemy-blended\/","url":"https:\/\/touchproeurope.eu\/product\/holistic-alchemy-blended\/","name":"Alquimia hol\u00edstica misturada - TouchPro Europe Shop","isPartOf":{"@id":"https:\/\/touchproeurope.eu\/#website"},"primaryImageOfPage":{"@id":"https:\/\/touchproeurope.eu\/product\/holistic-alchemy-blended\/#primaryimage"},"image":{"@id":"https:\/\/touchproeurope.eu\/product\/holistic-alchemy-blended\/#primaryimage"},"thumbnailUrl":"https:\/\/i0.wp.com\/touchproeurope.eu\/wp-content\/uploads\/2024\/02\/49234880733_8de8c525b1_c.jpg?fit=800%2C800&ssl=1","datePublished":"2024-02-05T10:54:52+00:00","dateModified":"2026-04-22T09:33:14+00:00","description":"Experimente paz, harmonia e energia com a nossa mistura de alquimia hol\u00edstica formulada por especialistas. Para difusores, \u00f3leos de massagem e banhos relaxantes.","breadcrumb":{"@id":"https:\/\/touchproeurope.eu\/product\/holistic-alchemy-blended\/#breadcrumb"},"inLanguage":"pt-PT","potentialAction":[{"@type":"ReadAction","target":["https:\/\/touchproeurope.eu\/product\/holistic-alchemy-blended\/"]}]},{"@type":"ImageObject","inLanguage":"pt-PT","@id":"https:\/\/touchproeurope.eu\/product\/holistic-alchemy-blended\/#primaryimage","url":"https:\/\/i0.wp.com\/touchproeurope.eu\/wp-content\/uploads\/2024\/02\/49234880733_8de8c525b1_c.jpg?fit=800%2C800&ssl=1","contentUrl":"https:\/\/i0.wp.com\/touchproeurope.eu\/wp-content\/uploads\/2024\/02\/49234880733_8de8c525b1_c.jpg?fit=800%2C800&ssl=1","width":800,"height":800,"caption":"Holistic alchemy blendsHolistic alchemy blends"},{"@type":"BreadcrumbList","@id":"https:\/\/touchproeurope.eu\/product\/holistic-alchemy-blended\/#breadcrumb","itemListElement":[{"@type":"ListItem","position":1,"name":"Home","item":"https:\/\/touchproeurope.eu\/"},{"@type":"ListItem","position":2,"name":"Winkel","item":"https:\/\/touchproeurope.eu\/winkel\/"},{"@type":"ListItem","position":3,"name":"Holistic alchemy blended"}]},{"@type":"WebSite","@id":"https:\/\/touchproeurope.eu\/#website","url":"https:\/\/touchproeurope.eu\/","name":"Loja TouchPro Europa","description":"Tudo para o seu consult\u00f3rio com um toque profissional!","publisher":{"@id":"https:\/\/touchproeurope.eu\/#organization"},"alternateName":"TPE","potentialAction":[{"@type":"SearchAction","target":{"@type":"EntryPoint","urlTemplate":"https:\/\/touchproeurope.eu\/?s={search_term_string}"},"query-input":{"@type":"PropertyValueSpecification","valueRequired":true,"valueName":"search_term_string"}}],"inLanguage":"pt-PT"},{"@type":"Organization","@id":"https:\/\/touchproeurope.eu\/#organization","name":"TouchPro Europa BV","alternateName":"TPE","url":"https:\/\/touchproeurope.eu\/","logo":{"@type":"ImageObject","inLanguage":"pt-PT","@id":"https:\/\/touchproeurope.eu\/#\/schema\/logo\/image\/","url":"https:\/\/i0.wp.com\/touchproeurope.eu\/wp-content\/uploads\/2023\/10\/2b592c_b6944d80811246d987cc2c29accedf3f.png?fit=1417%2C531&ssl=1","contentUrl":"https:\/\/i0.wp.com\/touchproeurope.eu\/wp-content\/uploads\/2023\/10\/2b592c_b6944d80811246d987cc2c29accedf3f.png?fit=1417%2C531&ssl=1","width":1417,"height":531,"caption":"TouchPro Europe BV"},"image":{"@id":"https:\/\/touchproeurope.eu\/#\/schema\/logo\/image\/"},"sameAs":["https:\/\/www.facebook.com\/TouchproNederland\/?locale=nl_NL\/","https:\/\/www.instagram.com\/touchpro2016\/","https:\/\/www.linkedin.com\/company\/touchpro-europe-bv\/"],"description":"A TouchPro Europe Shop \u00e9 a loja de massagens da Europa. Vendemos produtos de massagem de alta qualidade a massagistas, pedicuros, fisioterapeutas, manicures, centros de bem-estar, cursos de forma\u00e7\u00e3o, etc. A TouchPro come\u00e7ou por ser uma pequena loja nos Pa\u00edses Baixos, mas agora transformou-se numa loja com clientes de toda a Europa. Oferecemos uma vasta gama de produtos de massagem, incluindo mesas de massagem, \u00f3leos, cremes e acess\u00f3rios de marcas de topo como Earthlite, Stronglite e InnerStrenght, Habys, Living Earth Crafts e Continuum e outros fornecedores de acess\u00f3rios de massagem. Encomende aqui os melhores artigos de massagem da Europa!","email":"info@touchpro-europe.com","telephone":"0858768829","legalName":"TouchPro Europe BV","foundingDate":"2018-01-11","vatID":"NL855430151B01","numberOfEmployees":{"@type":"QuantitativeValue","minValue":"1","maxValue":"10"},"hasMerchantReturnPolicy":{"@type":"MerchantReturnPolicy","merchantReturnLink":"https:\/\/touchproeurope.eu\/pt\/retourbeleid\/"}}]},"product_price_amount":"94.99","product_price_currency":"EUR","og_availability":"instock","product_availability":"instock","product_retailer_item_id":"52673","product_condition":"new"},"_links":{"self":[{"href":"https:\/\/touchproeurope.eu\/pt\/wp-json\/wp\/v2\/product\/5203","targetHints":{"allow":["GET"]}}],"collection":[{"href":"https:\/\/touchproeurope.eu\/pt\/wp-json\/wp\/v2\/product"}],"about":[{"href":"https:\/\/touchproeurope.eu\/pt\/wp-json\/wp\/v2\/types\/product"}],"replies":[{"embeddable":true,"href":"https:\/\/touchproeurope.eu\/pt\/wp-json\/wp\/v2\/comments?post=5203"}],"version-history":[{"count":5,"href":"https:\/\/touchproeurope.eu\/pt\/wp-json\/wp\/v2\/product\/5203\/revisions"}],"predecessor-version":[{"id":6588,"href":"https:\/\/touchproeurope.eu\/pt\/wp-json\/wp\/v2\/product\/5203\/revisions\/6588"}],"wp:featuredmedia":[{"embeddable":true,"href":"https:\/\/touchproeurope.eu\/pt\/wp-json\/wp\/v2\/media\/5210"}],"wp:attachment":[{"href":"https:\/\/touchproeurope.eu\/pt\/wp-json\/wp\/v2\/media?parent=5203"}],"wp:term":[{"taxonomy":"product_brand","embeddable":true,"href":"https:\/\/touchproeurope.eu\/pt\/wp-json\/wp\/v2\/product_brand?post=5203"},{"taxonomy":"product_cat","embeddable":true,"href":"https:\/\/touchproeurope.eu\/pt\/wp-json\/wp\/v2\/product_cat?post=5203"},{"taxonomy":"product_tag","embeddable":true,"href":"https:\/\/touchproeurope.eu\/pt\/wp-json\/wp\/v2\/product_tag?post=5203"}],"curies":[{"name":"wp","href":"https:\/\/api.w.org\/{rel}","templated":true}]}}