{"id":6317,"date":"2024-06-26T13:46:12","date_gmt":"2024-06-26T13:46:12","guid":{"rendered":"https:\/\/touchproeurope.eu\/?post_type=product&#038;p=6317"},"modified":"2026-03-04T16:56:44","modified_gmt":"2026-03-04T16:56:44","slug":"mesa-de-massagem-stronglite-olympia-2","status":"publish","type":"product","link":"https:\/\/touchproeurope.eu\/pt\/product\/stronglite-olympia-massagetafel-2\/","title":{"rendered":"Mesa de massagem Stronglite Olympia"},"content":{"rendered":"<div class=\"product-details-module__title ec-header-h6\"><strong>A mesa de massagem Stronglite Olympia,<\/strong>\u00a0Quer seja um massagista principiante \u00e0 procura de uma mesa de massagem port\u00e1til e f\u00e1cil de utilizar, ou um profissional que se desloca muito, a Mesa de Massagem Stronglite Olympia \u00e9 a escolha perfeita. Com a sua constru\u00e7\u00e3o leve e duradoura, esta mesa oferece a flexibilidade, a qualidade e o conforto de que necessita para realizar as suas sess\u00f5es de massagem sem problemas, onde quer que esteja. O pacote inclui:<\/div>\n<div class=\"product-details-module__content\">\n<div id=\"productDescription\" class=\"product-details__product-description\">\n<ul>\n<li>A mesa de massagem Stronglite Olympia<\/li>\n<li>Apoio de cabe\u00e7a de luxo com almofada standard<\/li>\n<li>Saco de transporte em nylon<\/li>\n<\/ul>\n<p>Carater\u00edsticas:<\/p>\n<ul>\n<li>Tamanho 71 x 185 cm<\/li>\n<li>Altura ajust\u00e1vel de 59 a 82 cm<\/li>\n<li>Peso de 13,2 kg<\/li>\n<li>Peso de trabalho carreg\u00e1vel: 226 kg<\/li>\n<li>Possui cabos de a\u00e7o revestidos, blocos de canto robustos em madeira dura, puxadores duplos nas pernas de faia maci\u00e7a e pain\u00e9is de extremidade com 6 mm de espessura.<\/li>\n<li>Estofado com espuma de 6 cm e vinil macio e flex\u00edvel com costura dupla nos cantos redondos da mesa de massagem.<\/li>\n<li>Equipado com placas terminais 1\/2 Reiki - 1\/2 standard<\/li>\n<li>Garantia de 5 anos para a estrutura, material e m\u00e3o de obra<\/li>\n<li>Garantia de 2 anos para espuma\/vinil<\/li>\n<li>Fabricado em madeira de faia de alta qualidade<\/li>\n<li>Folha de venda oficial: <a href=\"https:\/\/touchproeurope.eu\/wp-content\/uploads\/2024\/06\/Stronglite-Olympia-Sales-1-300-0004-Rev_091222.pdf\">Folha de Salada Stronglite Olympia<\/a><\/li>\n<\/ul>\n<\/div>\n<\/div>","protected":false},"excerpt":{"rendered":"<p>De Stronglite Olympia Massagetafel,\u00a0of je\u00a0nu een startende masseur bent, die op zoek is naar een draagbare en gebruiksvriendelijke massagetafel, of een professional die veel onderweg is, de Stronglite Olympia Massagetafel is de perfecte keuze. Met zijn lichte gewicht en duurzame constructie biedt deze tafel de flexibiliteit, kwaliteit en comfort die je nodig hebt om je [&hellip;]<\/p>\n","protected":false},"featured_media":1543,"comment_status":"open","ping_status":"closed","template":"","meta":[],"product_brand":[396],"product_cat":[94,93],"product_tag":[],"class_list":{"0":"post-6317","1":"product","2":"type-product","3":"status-publish","4":"has-post-thumbnail","6":"product_brand-stronglite","7":"product_cat-draagbare-massagetafels","8":"product_cat-massagetafels","9":"product_shipping_class-groot-pakket","10":"pa_kleur-beige","11":"pa_kleur-zwart","13":"first","14":"instock","15":"taxable","16":"shipping-taxable","17":"purchasable","18":"product-type-variable"},"yoast_head":"<!-- This site is optimized with the Yoast SEO Premium plugin v27.3 (Yoast SEO v27.3) - https:\/\/yoast.com\/product\/yoast-seo-premium-wordpress\/ -->\n<title>Stronglite Olympia Massagetafel - TouchPro Europe Shop<\/title>\n<meta name=\"description\" content=\"Ontdek de Stronglite Olympia Massagetafel: de perfecte metgezel voor zowel startende masseurs als professionals on the go. Bestel hem bij - TouchPro Europe\" \/>\n<meta name=\"robots\" content=\"index, follow, max-snippet:-1, max-image-preview:large, max-video-preview:-1\" \/>\n<link rel=\"canonical\" href=\"https:\/\/touchproeurope.eu\/pt\/product\/mesa-de-massagem-stronglite-olympia-2\/\" \/>\n<meta property=\"og:locale\" content=\"pt_PT\" \/>\n<meta property=\"og:type\" content=\"article\" \/>\n<meta property=\"og:title\" content=\"Stronglite Olympia Massagetafel\" \/>\n<meta property=\"og:description\" content=\"Ontdek de Stronglite Olympia Massagetafel: de perfecte metgezel voor zowel startende masseurs als professionals on the go. Bestel hem bij - TouchPro Europe\" \/>\n<meta property=\"og:url\" content=\"https:\/\/touchproeurope.eu\/pt\/product\/mesa-de-massagem-stronglite-olympia-2\/\" \/>\n<meta property=\"og:site_name\" content=\"TouchPro Europe Shop\" \/>\n<meta property=\"article:publisher\" content=\"https:\/\/www.facebook.com\/TouchproNederland\/?locale=nl_NL%2f\" \/>\n<meta property=\"article:modified_time\" content=\"2026-03-04T16:56:44+00:00\" \/>\n<meta property=\"og:image\" content=\"https:\/\/touchproeurope.eu\/wp-content\/uploads\/2023\/11\/Stronglite-Olympia-Massagetafel-Zwart.jpg\" \/>\n\t<meta property=\"og:image:width\" content=\"2000\" \/>\n\t<meta property=\"og:image:height\" content=\"2000\" \/>\n\t<meta property=\"og:image:type\" content=\"image\/jpeg\" \/>\n<meta name=\"twitter:card\" content=\"summary_large_image\" \/>\n<meta name=\"twitter:label1\" content=\"Disponibilidade\" \/>\n\t<meta name=\"twitter:data1\" content=\"Em stock\" \/>\n<script type=\"application\/ld+json\" class=\"yoast-schema-graph\">{\"@context\":\"https:\\\/\\\/schema.org\",\"@graph\":[{\"@type\":\"WebPage\",\"@id\":\"https:\\\/\\\/touchproeurope.eu\\\/product\\\/stronglite-olympia-massagetafel-2\\\/\",\"url\":\"https:\\\/\\\/touchproeurope.eu\\\/product\\\/stronglite-olympia-massagetafel-2\\\/\",\"name\":\"Stronglite Olympia Massagetafel - TouchPro Europe Shop\",\"isPartOf\":{\"@id\":\"https:\\\/\\\/touchproeurope.eu\\\/#website\"},\"primaryImageOfPage\":{\"@id\":\"https:\\\/\\\/touchproeurope.eu\\\/product\\\/stronglite-olympia-massagetafel-2\\\/#primaryimage\"},\"image\":{\"@id\":\"https:\\\/\\\/touchproeurope.eu\\\/product\\\/stronglite-olympia-massagetafel-2\\\/#primaryimage\"},\"thumbnailUrl\":\"https:\\\/\\\/i0.wp.com\\\/touchproeurope.eu\\\/wp-content\\\/uploads\\\/2023\\\/11\\\/Stronglite-Olympia-Massagetafel-Zwart.jpg?fit=2000%2C2000&ssl=1\",\"datePublished\":\"2024-06-26T13:46:12+00:00\",\"dateModified\":\"2026-03-04T16:56:44+00:00\",\"description\":\"Ontdek de Stronglite Olympia Massagetafel: de perfecte metgezel voor zowel startende masseurs als professionals on the go. Bestel hem bij - TouchPro Europe\",\"breadcrumb\":{\"@id\":\"https:\\\/\\\/touchproeurope.eu\\\/product\\\/stronglite-olympia-massagetafel-2\\\/#breadcrumb\"},\"inLanguage\":\"pt-PT\",\"potentialAction\":[{\"@type\":\"ReadAction\",\"target\":[\"https:\\\/\\\/touchproeurope.eu\\\/product\\\/stronglite-olympia-massagetafel-2\\\/\"]}]},{\"@type\":\"ImageObject\",\"inLanguage\":\"pt-PT\",\"@id\":\"https:\\\/\\\/touchproeurope.eu\\\/product\\\/stronglite-olympia-massagetafel-2\\\/#primaryimage\",\"url\":\"https:\\\/\\\/i0.wp.com\\\/touchproeurope.eu\\\/wp-content\\\/uploads\\\/2023\\\/11\\\/Stronglite-Olympia-Massagetafel-Zwart.jpg?fit=2000%2C2000&ssl=1\",\"contentUrl\":\"https:\\\/\\\/i0.wp.com\\\/touchproeurope.eu\\\/wp-content\\\/uploads\\\/2023\\\/11\\\/Stronglite-Olympia-Massagetafel-Zwart.jpg?fit=2000%2C2000&ssl=1\",\"width\":2000,\"height\":2000,\"caption\":\"Stronglite Olympia Massagetafel Zwart\"},{\"@type\":\"BreadcrumbList\",\"@id\":\"https:\\\/\\\/touchproeurope.eu\\\/product\\\/stronglite-olympia-massagetafel-2\\\/#breadcrumb\",\"itemListElement\":[{\"@type\":\"ListItem\",\"position\":1,\"name\":\"Home\",\"item\":\"https:\\\/\\\/touchproeurope.eu\\\/\"},{\"@type\":\"ListItem\",\"position\":2,\"name\":\"Winkel\",\"item\":\"https:\\\/\\\/touchproeurope.eu\\\/winkel\\\/\"},{\"@type\":\"ListItem\",\"position\":3,\"name\":\"Stronglite Olympia Massagetafel\"}]},{\"@type\":\"WebSite\",\"@id\":\"https:\\\/\\\/touchproeurope.eu\\\/#website\",\"url\":\"https:\\\/\\\/touchproeurope.eu\\\/\",\"name\":\"TouchPro Europe Shop\",\"description\":\"Alles voor jouw praktijk met een PROfessionele Touch!\",\"publisher\":{\"@id\":\"https:\\\/\\\/touchproeurope.eu\\\/#organization\"},\"alternateName\":\"TPE\",\"potentialAction\":[{\"@type\":\"SearchAction\",\"target\":{\"@type\":\"EntryPoint\",\"urlTemplate\":\"https:\\\/\\\/touchproeurope.eu\\\/?s={search_term_string}\"},\"query-input\":{\"@type\":\"PropertyValueSpecification\",\"valueRequired\":true,\"valueName\":\"search_term_string\"}}],\"inLanguage\":\"pt-PT\"},{\"@type\":\"Organization\",\"@id\":\"https:\\\/\\\/touchproeurope.eu\\\/#organization\",\"name\":\"TouchPro Europe BV\",\"alternateName\":\"TPE\",\"url\":\"https:\\\/\\\/touchproeurope.eu\\\/\",\"logo\":{\"@type\":\"ImageObject\",\"inLanguage\":\"pt-PT\",\"@id\":\"https:\\\/\\\/touchproeurope.eu\\\/#\\\/schema\\\/logo\\\/image\\\/\",\"url\":\"https:\\\/\\\/i0.wp.com\\\/touchproeurope.eu\\\/wp-content\\\/uploads\\\/2023\\\/10\\\/2b592c_b6944d80811246d987cc2c29accedf3f.png?fit=1417%2C531&ssl=1\",\"contentUrl\":\"https:\\\/\\\/i0.wp.com\\\/touchproeurope.eu\\\/wp-content\\\/uploads\\\/2023\\\/10\\\/2b592c_b6944d80811246d987cc2c29accedf3f.png?fit=1417%2C531&ssl=1\",\"width\":1417,\"height\":531,\"caption\":\"TouchPro Europe BV\"},\"image\":{\"@id\":\"https:\\\/\\\/touchproeurope.eu\\\/#\\\/schema\\\/logo\\\/image\\\/\"},\"sameAs\":[\"https:\\\/\\\/www.facebook.com\\\/TouchproNederland\\\/?locale=nl_NL\\\/\",\"https:\\\/\\\/www.instagram.com\\\/touchpro2016\\\/\",\"https:\\\/\\\/www.linkedin.com\\\/company\\\/touchpro-europe-bv\\\/\"],\"description\":\"TouchPro Europe Shop is de massage winkel van Europa. Wij verkopen topkwaliteit massageproducten aan masseurs, pedicures, fysiotherapeuten, manicuren, Wellness centra, opleidingen, etc. TouchPro begon als een kleine webshop in Nederland, maar is nu uitgegroeid tot een webshop met klanten uit heel Europa. Wij bieden een breed assortiment aan massageproducten, waaronder massagetafels, oli\u00ebn, cr\u00e8mes, en accessoires van topmerken, zoals Earthlite, Stronglite en InnerStrenght, Habys, Living Earth Crafts en Continuum en andere leveranciers van massage accessoires. Bestel hier de beste massagematerialen van Europa!\",\"email\":\"info@touchpro-europe.com\",\"telephone\":\"0858768829\",\"legalName\":\"TouchPro Europe BV\",\"foundingDate\":\"2018-01-11\",\"vatID\":\"NL855430151B01\",\"numberOfEmployees\":{\"@type\":\"QuantitativeValue\",\"minValue\":\"1\",\"maxValue\":\"10\"},\"hasMerchantReturnPolicy\":{\"@type\":\"MerchantReturnPolicy\",\"merchantReturnLink\":\"https:\\\/\\\/touchproeurope.eu\\\/pt\\\/retourbeleid\\\/\"}}]}<\/script>\n<meta property=\"og:availability\" content=\"instock\" \/>\n<meta property=\"product:availability\" content=\"instock\" \/>\n<meta property=\"product:retailer_item_id\" content=\"23064\" \/>\n<meta property=\"product:condition\" content=\"new\" \/>\n<!-- \/ Yoast SEO Premium plugin. -->","yoast_head_json":{"title":"Mesa de Massagem Stronglite Olympia - TouchPro Europe Shop","description":"Descubra a Mesa de Massagem Stronglite Olympia: a companheira perfeita tanto para massagistas em in\u00edcio de carreira como para profissionais em movimento. Encomende-a em - TouchPro Europe","robots":{"index":"index","follow":"follow","max-snippet":"max-snippet:-1","max-image-preview":"max-image-preview:large","max-video-preview":"max-video-preview:-1"},"canonical":"https:\/\/touchproeurope.eu\/pt\/product\/mesa-de-massagem-stronglite-olympia-2\/","og_locale":"pt_PT","og_type":"article","og_title":"Stronglite Olympia Massagetafel","og_description":"Ontdek de Stronglite Olympia Massagetafel: de perfecte metgezel voor zowel startende masseurs als professionals on the go. Bestel hem bij - TouchPro Europe","og_url":"https:\/\/touchproeurope.eu\/pt\/product\/mesa-de-massagem-stronglite-olympia-2\/","og_site_name":"TouchPro Europe Shop","article_publisher":"https:\/\/www.facebook.com\/TouchproNederland\/?locale=nl_NL%2f","article_modified_time":"2026-03-04T16:56:44+00:00","og_image":[{"width":2000,"height":2000,"url":"https:\/\/touchproeurope.eu\/wp-content\/uploads\/2023\/11\/Stronglite-Olympia-Massagetafel-Zwart.jpg","type":"image\/jpeg"}],"twitter_card":"summary_large_image","twitter_misc":{"Disponibilidade":"Em stock"},"schema":{"@context":"https:\/\/schema.org","@graph":[{"@type":"WebPage","@id":"https:\/\/touchproeurope.eu\/product\/stronglite-olympia-massagetafel-2\/","url":"https:\/\/touchproeurope.eu\/product\/stronglite-olympia-massagetafel-2\/","name":"Mesa de Massagem Stronglite Olympia - TouchPro Europe Shop","isPartOf":{"@id":"https:\/\/touchproeurope.eu\/#website"},"primaryImageOfPage":{"@id":"https:\/\/touchproeurope.eu\/product\/stronglite-olympia-massagetafel-2\/#primaryimage"},"image":{"@id":"https:\/\/touchproeurope.eu\/product\/stronglite-olympia-massagetafel-2\/#primaryimage"},"thumbnailUrl":"https:\/\/i0.wp.com\/touchproeurope.eu\/wp-content\/uploads\/2023\/11\/Stronglite-Olympia-Massagetafel-Zwart.jpg?fit=2000%2C2000&ssl=1","datePublished":"2024-06-26T13:46:12+00:00","dateModified":"2026-03-04T16:56:44+00:00","description":"Descubra a Mesa de Massagem Stronglite Olympia: a companheira perfeita tanto para massagistas em in\u00edcio de carreira como para profissionais em movimento. Encomende-a em - TouchPro Europe","breadcrumb":{"@id":"https:\/\/touchproeurope.eu\/product\/stronglite-olympia-massagetafel-2\/#breadcrumb"},"inLanguage":"pt-PT","potentialAction":[{"@type":"ReadAction","target":["https:\/\/touchproeurope.eu\/product\/stronglite-olympia-massagetafel-2\/"]}]},{"@type":"ImageObject","inLanguage":"pt-PT","@id":"https:\/\/touchproeurope.eu\/product\/stronglite-olympia-massagetafel-2\/#primaryimage","url":"https:\/\/i0.wp.com\/touchproeurope.eu\/wp-content\/uploads\/2023\/11\/Stronglite-Olympia-Massagetafel-Zwart.jpg?fit=2000%2C2000&ssl=1","contentUrl":"https:\/\/i0.wp.com\/touchproeurope.eu\/wp-content\/uploads\/2023\/11\/Stronglite-Olympia-Massagetafel-Zwart.jpg?fit=2000%2C2000&ssl=1","width":2000,"height":2000,"caption":"Stronglite Olympia Massagetafel Zwart"},{"@type":"BreadcrumbList","@id":"https:\/\/touchproeurope.eu\/product\/stronglite-olympia-massagetafel-2\/#breadcrumb","itemListElement":[{"@type":"ListItem","position":1,"name":"Home","item":"https:\/\/touchproeurope.eu\/"},{"@type":"ListItem","position":2,"name":"Winkel","item":"https:\/\/touchproeurope.eu\/winkel\/"},{"@type":"ListItem","position":3,"name":"Stronglite Olympia Massagetafel"}]},{"@type":"WebSite","@id":"https:\/\/touchproeurope.eu\/#website","url":"https:\/\/touchproeurope.eu\/","name":"Loja TouchPro Europa","description":"Tudo para o seu consult\u00f3rio com um toque profissional!","publisher":{"@id":"https:\/\/touchproeurope.eu\/#organization"},"alternateName":"TPE","potentialAction":[{"@type":"SearchAction","target":{"@type":"EntryPoint","urlTemplate":"https:\/\/touchproeurope.eu\/?s={search_term_string}"},"query-input":{"@type":"PropertyValueSpecification","valueRequired":true,"valueName":"search_term_string"}}],"inLanguage":"pt-PT"},{"@type":"Organization","@id":"https:\/\/touchproeurope.eu\/#organization","name":"TouchPro Europa BV","alternateName":"TPE","url":"https:\/\/touchproeurope.eu\/","logo":{"@type":"ImageObject","inLanguage":"pt-PT","@id":"https:\/\/touchproeurope.eu\/#\/schema\/logo\/image\/","url":"https:\/\/i0.wp.com\/touchproeurope.eu\/wp-content\/uploads\/2023\/10\/2b592c_b6944d80811246d987cc2c29accedf3f.png?fit=1417%2C531&ssl=1","contentUrl":"https:\/\/i0.wp.com\/touchproeurope.eu\/wp-content\/uploads\/2023\/10\/2b592c_b6944d80811246d987cc2c29accedf3f.png?fit=1417%2C531&ssl=1","width":1417,"height":531,"caption":"TouchPro Europe BV"},"image":{"@id":"https:\/\/touchproeurope.eu\/#\/schema\/logo\/image\/"},"sameAs":["https:\/\/www.facebook.com\/TouchproNederland\/?locale=nl_NL\/","https:\/\/www.instagram.com\/touchpro2016\/","https:\/\/www.linkedin.com\/company\/touchpro-europe-bv\/"],"description":"A TouchPro Europe Shop \u00e9 a loja de massagens da Europa. Vendemos produtos de massagem de alta qualidade a massagistas, pedicuros, fisioterapeutas, manicures, centros de bem-estar, cursos de forma\u00e7\u00e3o, etc. A TouchPro come\u00e7ou por ser uma pequena loja nos Pa\u00edses Baixos, mas agora transformou-se numa loja com clientes de toda a Europa. Oferecemos uma vasta gama de produtos de massagem, incluindo mesas de massagem, \u00f3leos, cremes e acess\u00f3rios de marcas de topo como Earthlite, Stronglite e InnerStrenght, Habys, Living Earth Crafts e Continuum e outros fornecedores de acess\u00f3rios de massagem. Encomende aqui os melhores artigos de massagem da Europa!","email":"info@touchpro-europe.com","telephone":"0858768829","legalName":"TouchPro Europe BV","foundingDate":"2018-01-11","vatID":"NL855430151B01","numberOfEmployees":{"@type":"QuantitativeValue","minValue":"1","maxValue":"10"},"hasMerchantReturnPolicy":{"@type":"MerchantReturnPolicy","merchantReturnLink":"https:\/\/touchproeurope.eu\/pt\/retourbeleid\/"}}]},"og_availability":"instock","product_availability":"instock","product_retailer_item_id":"23064","product_condition":"new"},"_links":{"self":[{"href":"https:\/\/touchproeurope.eu\/pt\/wp-json\/wp\/v2\/product\/6317","targetHints":{"allow":["GET"]}}],"collection":[{"href":"https:\/\/touchproeurope.eu\/pt\/wp-json\/wp\/v2\/product"}],"about":[{"href":"https:\/\/touchproeurope.eu\/pt\/wp-json\/wp\/v2\/types\/product"}],"replies":[{"embeddable":true,"href":"https:\/\/touchproeurope.eu\/pt\/wp-json\/wp\/v2\/comments?post=6317"}],"version-history":[{"count":6,"href":"https:\/\/touchproeurope.eu\/pt\/wp-json\/wp\/v2\/product\/6317\/revisions"}],"predecessor-version":[{"id":8055,"href":"https:\/\/touchproeurope.eu\/pt\/wp-json\/wp\/v2\/product\/6317\/revisions\/8055"}],"wp:featuredmedia":[{"embeddable":true,"href":"https:\/\/touchproeurope.eu\/pt\/wp-json\/wp\/v2\/media\/1543"}],"wp:attachment":[{"href":"https:\/\/touchproeurope.eu\/pt\/wp-json\/wp\/v2\/media?parent=6317"}],"wp:term":[{"taxonomy":"product_brand","embeddable":true,"href":"https:\/\/touchproeurope.eu\/pt\/wp-json\/wp\/v2\/product_brand?post=6317"},{"taxonomy":"product_cat","embeddable":true,"href":"https:\/\/touchproeurope.eu\/pt\/wp-json\/wp\/v2\/product_cat?post=6317"},{"taxonomy":"product_tag","embeddable":true,"href":"https:\/\/touchproeurope.eu\/pt\/wp-json\/wp\/v2\/product_tag?post=6317"}],"curies":[{"name":"wp","href":"https:\/\/api.w.org\/{rel}","templated":true}]}}