{"id":6519,"date":"2024-08-29T09:48:32","date_gmt":"2024-08-29T09:48:32","guid":{"rendered":"https:\/\/touchproeurope.eu\/?post_type=product&#038;p=6519"},"modified":"2026-04-22T09:33:31","modified_gmt":"2026-04-22T09:33:31","slug":"capa-de-massagem-em-microfibra-earthlite-essential","status":"publish","type":"product","link":"https:\/\/touchproeurope.eu\/pt\/product\/earthlite-essential-microfiber-massagecover\/","title":{"rendered":"Cobertura de massagem em microfibra essencial Earthlite"},"content":{"rendered":"<p>A capa de massagem em microfibra essencial da Earthlite \u00e9 o complemento perfeito para a sua mesa de massagem ou cadeira de massagem. Esta capa de alta qualidade foi especialmente concebida para ser colocada sobre a almofada, melhorando significativamente o conforto e a higiene durante as sess\u00f5es de massagem. Fabricada em microfibra de primeira qualidade, a capa de microfibra para massagem Earthlite essential \u00e9 suave como seda, garantindo uma experi\u00eancia luxuosa e relaxante para os seus clientes.<\/p>\n<p>Gra\u00e7as ao seu tecido macio e respir\u00e1vel, a capa de massagem em microfibra essencial Earthlite proporciona uma sensa\u00e7\u00e3o agrad\u00e1vel ao deitar, sendo ao mesmo tempo hipoalerg\u00e9nica. Isto torna-a uma excelente escolha para pessoas com pele sens\u00edvel. Al\u00e9m disso, a microfibra \u00e9 dur\u00e1vel e f\u00e1cil de limpar. A capa \u00e9 lav\u00e1vel na m\u00e1quina e seca rapidamente, pelo que a capa para apoio de cabe\u00e7a est\u00e1 sempre fresca e pronta a utilizar.<\/p>\n<p>A capa pode ser facilmente colocada sobre qualquer almofada normal de cadeira de massagem ou de mesa de massagem. Os rebordos el\u00e1sticos mant\u00eam esta capa para apoio de cabe\u00e7a firmemente no lugar, mesmo durante sess\u00f5es mais longas. Isto evita que a cobertura se desloque e proporciona ao seu cliente um conforto \u00f3timo.<\/p>\n<p>Est\u00e1 \u00e0 procura de uma solu\u00e7\u00e3o luxuosa para proteger a sua almofada e melhorar a experi\u00eancia de massagem? Ent\u00e3o, esta capa para apoio de cabe\u00e7a \u00e9 exatamente o que precisa. N\u00e3o s\u00f3 proporciona uma superf\u00edcie macia e confort\u00e1vel, como tamb\u00e9m garante higiene e um aspeto profissional.<\/p>\n<p>Em suma, a capa de massagem em microfibra essencial da Earthlite \u00e9 um acess\u00f3rio indispens\u00e1vel para qualquer massagista profissional ou para uso dom\u00e9stico. Combina durabilidade, conforto e estilo para uma \u00f3ptima experi\u00eancia de massagem.<\/p>","protected":false},"excerpt":{"rendered":"<p>De Earthlite essential microfiber massagecover is de perfecte toevoeging voor uw massagetafel of massagestoel. Deze hoogwaardige hoes is speciaal ontworpen om over het hoofdkussen te plaatsen, waardoor het comfort en de hygi\u00ebne tijdens massagesessies aanzienlijk verbetert. Gemaakt van premium microvezel voelt de Earthlite essential microfiber massagecover zijdezacht aan, wat zorgt voor een luxe en ontspannen [&hellip;]<\/p>\n","protected":false},"featured_media":6524,"comment_status":"open","ping_status":"closed","template":"","meta":[],"product_brand":[343],"product_cat":[108,480],"product_tag":[],"class_list":{"0":"post-6519","1":"product","2":"type-product","3":"status-publish","4":"has-post-thumbnail","6":"product_brand-earthlite","7":"product_cat-reinigbare-covers-tafellinnen","8":"product_cat-tafellinnen-covers","9":"pa_kleur-vanille-creme","10":"pa_kleur-wit","11":"pa_merk-earthlite","13":"first","14":"instock","15":"taxable","16":"shipping-taxable","17":"purchasable","18":"product-type-variable"},"yoast_head":"<!-- This site is optimized with the Yoast SEO Premium plugin v27.4 (Yoast SEO v27.4) - https:\/\/yoast.com\/product\/yoast-seo-premium-wordpress\/ -->\n<title>Earthlite essential microfiber massagecover - TouchPro Europe Shop<\/title>\n<meta name=\"description\" content=\"Maak uw massagetafel of massagestoel compleet met de Earthlite essential microfiber massagehoes. Verhoog het comfort van uw klanten, bestel ze vandaag nog!\" \/>\n<meta name=\"robots\" content=\"index, follow, max-snippet:-1, max-image-preview:large, max-video-preview:-1\" \/>\n<link rel=\"canonical\" href=\"https:\/\/touchproeurope.eu\/pt\/product\/capa-de-massagem-em-microfibra-earthlite-essential\/\" \/>\n<meta property=\"og:locale\" content=\"pt_PT\" \/>\n<meta property=\"og:type\" content=\"article\" \/>\n<meta property=\"og:title\" content=\"Earthlite essential microfiber massagecover\" \/>\n<meta property=\"og:description\" content=\"Maak uw massagetafel of massagestoel compleet met de Earthlite essential microfiber massagehoes. Verhoog het comfort van uw klanten, bestel ze vandaag nog!\" \/>\n<meta property=\"og:url\" content=\"https:\/\/touchproeurope.eu\/pt\/product\/capa-de-massagem-em-microfibra-earthlite-essential\/\" \/>\n<meta property=\"og:site_name\" content=\"TouchPro Europe Shop\" \/>\n<meta property=\"article:publisher\" content=\"https:\/\/www.facebook.com\/TouchproNederland\/?locale=nl_NL%2f\" \/>\n<meta property=\"article:modified_time\" content=\"2026-04-22T09:33:31+00:00\" \/>\n<meta property=\"og:image\" content=\"https:\/\/touchproeurope.eu\/wp-content\/uploads\/2024\/08\/Producten-fotos.jpg\" \/>\n\t<meta property=\"og:image:width\" content=\"800\" \/>\n\t<meta property=\"og:image:height\" content=\"800\" \/>\n\t<meta property=\"og:image:type\" content=\"image\/jpeg\" \/>\n<meta name=\"twitter:card\" content=\"summary_large_image\" \/>\n<meta name=\"twitter:label1\" content=\"Disponibilidade\" \/>\n\t<meta name=\"twitter:data1\" content=\"Em stock\" \/>\n<script type=\"application\/ld+json\" class=\"yoast-schema-graph\">{\"@context\":\"https:\\\/\\\/schema.org\",\"@graph\":[{\"@type\":\"WebPage\",\"@id\":\"https:\\\/\\\/touchproeurope.eu\\\/product\\\/earthlite-essential-microfiber-massagecover\\\/\",\"url\":\"https:\\\/\\\/touchproeurope.eu\\\/product\\\/earthlite-essential-microfiber-massagecover\\\/\",\"name\":\"Earthlite essential microfiber massagecover - TouchPro Europe Shop\",\"isPartOf\":{\"@id\":\"https:\\\/\\\/touchproeurope.eu\\\/#website\"},\"primaryImageOfPage\":{\"@id\":\"https:\\\/\\\/touchproeurope.eu\\\/product\\\/earthlite-essential-microfiber-massagecover\\\/#primaryimage\"},\"image\":{\"@id\":\"https:\\\/\\\/touchproeurope.eu\\\/product\\\/earthlite-essential-microfiber-massagecover\\\/#primaryimage\"},\"thumbnailUrl\":\"https:\\\/\\\/i0.wp.com\\\/touchproeurope.eu\\\/wp-content\\\/uploads\\\/2024\\\/08\\\/Producten-fotos.jpg?fit=800%2C800&ssl=1\",\"datePublished\":\"2024-08-29T09:48:32+00:00\",\"dateModified\":\"2026-04-22T09:33:31+00:00\",\"description\":\"Maak uw massagetafel of massagestoel compleet met de Earthlite essential microfiber massagehoes. Verhoog het comfort van uw klanten, bestel ze vandaag nog!\",\"breadcrumb\":{\"@id\":\"https:\\\/\\\/touchproeurope.eu\\\/product\\\/earthlite-essential-microfiber-massagecover\\\/#breadcrumb\"},\"inLanguage\":\"pt-PT\",\"potentialAction\":[{\"@type\":\"ReadAction\",\"target\":[\"https:\\\/\\\/touchproeurope.eu\\\/product\\\/earthlite-essential-microfiber-massagecover\\\/\"]}]},{\"@type\":\"ImageObject\",\"inLanguage\":\"pt-PT\",\"@id\":\"https:\\\/\\\/touchproeurope.eu\\\/product\\\/earthlite-essential-microfiber-massagecover\\\/#primaryimage\",\"url\":\"https:\\\/\\\/i0.wp.com\\\/touchproeurope.eu\\\/wp-content\\\/uploads\\\/2024\\\/08\\\/Producten-fotos.jpg?fit=800%2C800&ssl=1\",\"contentUrl\":\"https:\\\/\\\/i0.wp.com\\\/touchproeurope.eu\\\/wp-content\\\/uploads\\\/2024\\\/08\\\/Producten-fotos.jpg?fit=800%2C800&ssl=1\",\"width\":800,\"height\":800,\"caption\":\"Earthlite premium microfiber massagecover\"},{\"@type\":\"BreadcrumbList\",\"@id\":\"https:\\\/\\\/touchproeurope.eu\\\/product\\\/earthlite-essential-microfiber-massagecover\\\/#breadcrumb\",\"itemListElement\":[{\"@type\":\"ListItem\",\"position\":1,\"name\":\"Home\",\"item\":\"https:\\\/\\\/touchproeurope.eu\\\/\"},{\"@type\":\"ListItem\",\"position\":2,\"name\":\"Winkel\",\"item\":\"https:\\\/\\\/touchproeurope.eu\\\/winkel\\\/\"},{\"@type\":\"ListItem\",\"position\":3,\"name\":\"Earthlite essential microfiber massagecover\"}]},{\"@type\":\"WebSite\",\"@id\":\"https:\\\/\\\/touchproeurope.eu\\\/#website\",\"url\":\"https:\\\/\\\/touchproeurope.eu\\\/\",\"name\":\"TouchPro Europe Shop\",\"description\":\"Alles voor jouw praktijk met een PROfessionele Touch!\",\"publisher\":{\"@id\":\"https:\\\/\\\/touchproeurope.eu\\\/#organization\"},\"alternateName\":\"TPE\",\"potentialAction\":[{\"@type\":\"SearchAction\",\"target\":{\"@type\":\"EntryPoint\",\"urlTemplate\":\"https:\\\/\\\/touchproeurope.eu\\\/?s={search_term_string}\"},\"query-input\":{\"@type\":\"PropertyValueSpecification\",\"valueRequired\":true,\"valueName\":\"search_term_string\"}}],\"inLanguage\":\"pt-PT\"},{\"@type\":\"Organization\",\"@id\":\"https:\\\/\\\/touchproeurope.eu\\\/#organization\",\"name\":\"TouchPro Europe BV\",\"alternateName\":\"TPE\",\"url\":\"https:\\\/\\\/touchproeurope.eu\\\/\",\"logo\":{\"@type\":\"ImageObject\",\"inLanguage\":\"pt-PT\",\"@id\":\"https:\\\/\\\/touchproeurope.eu\\\/#\\\/schema\\\/logo\\\/image\\\/\",\"url\":\"https:\\\/\\\/i0.wp.com\\\/touchproeurope.eu\\\/wp-content\\\/uploads\\\/2023\\\/10\\\/2b592c_b6944d80811246d987cc2c29accedf3f.png?fit=1417%2C531&ssl=1\",\"contentUrl\":\"https:\\\/\\\/i0.wp.com\\\/touchproeurope.eu\\\/wp-content\\\/uploads\\\/2023\\\/10\\\/2b592c_b6944d80811246d987cc2c29accedf3f.png?fit=1417%2C531&ssl=1\",\"width\":1417,\"height\":531,\"caption\":\"TouchPro Europe BV\"},\"image\":{\"@id\":\"https:\\\/\\\/touchproeurope.eu\\\/#\\\/schema\\\/logo\\\/image\\\/\"},\"sameAs\":[\"https:\\\/\\\/www.facebook.com\\\/TouchproNederland\\\/?locale=nl_NL\\\/\",\"https:\\\/\\\/www.instagram.com\\\/touchpro2016\\\/\",\"https:\\\/\\\/www.linkedin.com\\\/company\\\/touchpro-europe-bv\\\/\"],\"description\":\"TouchPro Europe Shop is de massage winkel van Europa. Wij verkopen topkwaliteit massageproducten aan masseurs, pedicures, fysiotherapeuten, manicuren, Wellness centra, opleidingen, etc. TouchPro begon als een kleine webshop in Nederland, maar is nu uitgegroeid tot een webshop met klanten uit heel Europa. Wij bieden een breed assortiment aan massageproducten, waaronder massagetafels, oli\u00ebn, cr\u00e8mes, en accessoires van topmerken, zoals Earthlite, Stronglite en InnerStrenght, Habys, Living Earth Crafts en Continuum en andere leveranciers van massage accessoires. Bestel hier de beste massagematerialen van Europa!\",\"email\":\"info@touchpro-europe.com\",\"telephone\":\"0858768829\",\"legalName\":\"TouchPro Europe BV\",\"foundingDate\":\"2018-01-11\",\"vatID\":\"NL855430151B01\",\"numberOfEmployees\":{\"@type\":\"QuantitativeValue\",\"minValue\":\"1\",\"maxValue\":\"10\"},\"hasMerchantReturnPolicy\":{\"@type\":\"MerchantReturnPolicy\",\"merchantReturnLink\":\"https:\\\/\\\/touchproeurope.eu\\\/pt\\\/retourbeleid\\\/\"}}]}<\/script>\n<meta property=\"product:brand\" content=\"Earthlite\" \/>\n<meta property=\"og:availability\" content=\"instock\" \/>\n<meta property=\"product:availability\" content=\"instock\" \/>\n<meta property=\"product:retailer_item_id\" content=\"42160\" \/>\n<meta property=\"product:condition\" content=\"new\" \/>\n<!-- \/ Yoast SEO Premium plugin. -->","yoast_head_json":{"title":"Capa de massagem em microfibra essencial Earthlite - TouchPro Europe Shop","description":"Complete a sua mesa de massagem ou cadeira de massagem com a capa de massagem em microfibra essencial da Earthlite. Aumente o conforto dos seus clientes, encomende-as hoje mesmo!","robots":{"index":"index","follow":"follow","max-snippet":"max-snippet:-1","max-image-preview":"max-image-preview:large","max-video-preview":"max-video-preview:-1"},"canonical":"https:\/\/touchproeurope.eu\/pt\/product\/capa-de-massagem-em-microfibra-earthlite-essential\/","og_locale":"pt_PT","og_type":"article","og_title":"Earthlite essential microfiber massagecover","og_description":"Maak uw massagetafel of massagestoel compleet met de Earthlite essential microfiber massagehoes. Verhoog het comfort van uw klanten, bestel ze vandaag nog!","og_url":"https:\/\/touchproeurope.eu\/pt\/product\/capa-de-massagem-em-microfibra-earthlite-essential\/","og_site_name":"TouchPro Europe Shop","article_publisher":"https:\/\/www.facebook.com\/TouchproNederland\/?locale=nl_NL%2f","article_modified_time":"2026-04-22T09:33:31+00:00","og_image":[{"width":800,"height":800,"url":"https:\/\/touchproeurope.eu\/wp-content\/uploads\/2024\/08\/Producten-fotos.jpg","type":"image\/jpeg"}],"twitter_card":"summary_large_image","twitter_misc":{"Disponibilidade":"Em stock"},"schema":{"@context":"https:\/\/schema.org","@graph":[{"@type":"WebPage","@id":"https:\/\/touchproeurope.eu\/product\/earthlite-essential-microfiber-massagecover\/","url":"https:\/\/touchproeurope.eu\/product\/earthlite-essential-microfiber-massagecover\/","name":"Capa de massagem em microfibra essencial Earthlite - TouchPro Europe Shop","isPartOf":{"@id":"https:\/\/touchproeurope.eu\/#website"},"primaryImageOfPage":{"@id":"https:\/\/touchproeurope.eu\/product\/earthlite-essential-microfiber-massagecover\/#primaryimage"},"image":{"@id":"https:\/\/touchproeurope.eu\/product\/earthlite-essential-microfiber-massagecover\/#primaryimage"},"thumbnailUrl":"https:\/\/i0.wp.com\/touchproeurope.eu\/wp-content\/uploads\/2024\/08\/Producten-fotos.jpg?fit=800%2C800&ssl=1","datePublished":"2024-08-29T09:48:32+00:00","dateModified":"2026-04-22T09:33:31+00:00","description":"Complete a sua mesa de massagem ou cadeira de massagem com a capa de massagem em microfibra essencial da Earthlite. Aumente o conforto dos seus clientes, encomende-as hoje mesmo!","breadcrumb":{"@id":"https:\/\/touchproeurope.eu\/product\/earthlite-essential-microfiber-massagecover\/#breadcrumb"},"inLanguage":"pt-PT","potentialAction":[{"@type":"ReadAction","target":["https:\/\/touchproeurope.eu\/product\/earthlite-essential-microfiber-massagecover\/"]}]},{"@type":"ImageObject","inLanguage":"pt-PT","@id":"https:\/\/touchproeurope.eu\/product\/earthlite-essential-microfiber-massagecover\/#primaryimage","url":"https:\/\/i0.wp.com\/touchproeurope.eu\/wp-content\/uploads\/2024\/08\/Producten-fotos.jpg?fit=800%2C800&ssl=1","contentUrl":"https:\/\/i0.wp.com\/touchproeurope.eu\/wp-content\/uploads\/2024\/08\/Producten-fotos.jpg?fit=800%2C800&ssl=1","width":800,"height":800,"caption":"Earthlite premium microfiber massagecover"},{"@type":"BreadcrumbList","@id":"https:\/\/touchproeurope.eu\/product\/earthlite-essential-microfiber-massagecover\/#breadcrumb","itemListElement":[{"@type":"ListItem","position":1,"name":"Home","item":"https:\/\/touchproeurope.eu\/"},{"@type":"ListItem","position":2,"name":"Winkel","item":"https:\/\/touchproeurope.eu\/winkel\/"},{"@type":"ListItem","position":3,"name":"Earthlite essential microfiber massagecover"}]},{"@type":"WebSite","@id":"https:\/\/touchproeurope.eu\/#website","url":"https:\/\/touchproeurope.eu\/","name":"Loja TouchPro Europa","description":"Tudo para o seu consult\u00f3rio com um toque profissional!","publisher":{"@id":"https:\/\/touchproeurope.eu\/#organization"},"alternateName":"TPE","potentialAction":[{"@type":"SearchAction","target":{"@type":"EntryPoint","urlTemplate":"https:\/\/touchproeurope.eu\/?s={search_term_string}"},"query-input":{"@type":"PropertyValueSpecification","valueRequired":true,"valueName":"search_term_string"}}],"inLanguage":"pt-PT"},{"@type":"Organization","@id":"https:\/\/touchproeurope.eu\/#organization","name":"TouchPro Europa BV","alternateName":"TPE","url":"https:\/\/touchproeurope.eu\/","logo":{"@type":"ImageObject","inLanguage":"pt-PT","@id":"https:\/\/touchproeurope.eu\/#\/schema\/logo\/image\/","url":"https:\/\/i0.wp.com\/touchproeurope.eu\/wp-content\/uploads\/2023\/10\/2b592c_b6944d80811246d987cc2c29accedf3f.png?fit=1417%2C531&ssl=1","contentUrl":"https:\/\/i0.wp.com\/touchproeurope.eu\/wp-content\/uploads\/2023\/10\/2b592c_b6944d80811246d987cc2c29accedf3f.png?fit=1417%2C531&ssl=1","width":1417,"height":531,"caption":"TouchPro Europe BV"},"image":{"@id":"https:\/\/touchproeurope.eu\/#\/schema\/logo\/image\/"},"sameAs":["https:\/\/www.facebook.com\/TouchproNederland\/?locale=nl_NL\/","https:\/\/www.instagram.com\/touchpro2016\/","https:\/\/www.linkedin.com\/company\/touchpro-europe-bv\/"],"description":"A TouchPro Europe Shop \u00e9 a loja de massagens da Europa. Vendemos produtos de massagem de alta qualidade a massagistas, pedicuros, fisioterapeutas, manicures, centros de bem-estar, cursos de forma\u00e7\u00e3o, etc. A TouchPro come\u00e7ou por ser uma pequena loja nos Pa\u00edses Baixos, mas agora transformou-se numa loja com clientes de toda a Europa. Oferecemos uma vasta gama de produtos de massagem, incluindo mesas de massagem, \u00f3leos, cremes e acess\u00f3rios de marcas de topo como Earthlite, Stronglite e InnerStrenght, Habys, Living Earth Crafts e Continuum e outros fornecedores de acess\u00f3rios de massagem. Encomende aqui os melhores artigos de massagem da Europa!","email":"info@touchpro-europe.com","telephone":"0858768829","legalName":"TouchPro Europe BV","foundingDate":"2018-01-11","vatID":"NL855430151B01","numberOfEmployees":{"@type":"QuantitativeValue","minValue":"1","maxValue":"10"},"hasMerchantReturnPolicy":{"@type":"MerchantReturnPolicy","merchantReturnLink":"https:\/\/touchproeurope.eu\/pt\/retourbeleid\/"}}]},"product_brand":"Earthlite","og_availability":"instock","product_availability":"instock","product_retailer_item_id":"42160","product_condition":"new"},"_links":{"self":[{"href":"https:\/\/touchproeurope.eu\/pt\/wp-json\/wp\/v2\/product\/6519","targetHints":{"allow":["GET"]}}],"collection":[{"href":"https:\/\/touchproeurope.eu\/pt\/wp-json\/wp\/v2\/product"}],"about":[{"href":"https:\/\/touchproeurope.eu\/pt\/wp-json\/wp\/v2\/types\/product"}],"replies":[{"embeddable":true,"href":"https:\/\/touchproeurope.eu\/pt\/wp-json\/wp\/v2\/comments?post=6519"}],"version-history":[{"count":3,"href":"https:\/\/touchproeurope.eu\/pt\/wp-json\/wp\/v2\/product\/6519\/revisions"}],"predecessor-version":[{"id":13936,"href":"https:\/\/touchproeurope.eu\/pt\/wp-json\/wp\/v2\/product\/6519\/revisions\/13936"}],"wp:featuredmedia":[{"embeddable":true,"href":"https:\/\/touchproeurope.eu\/pt\/wp-json\/wp\/v2\/media\/6524"}],"wp:attachment":[{"href":"https:\/\/touchproeurope.eu\/pt\/wp-json\/wp\/v2\/media?parent=6519"}],"wp:term":[{"taxonomy":"product_brand","embeddable":true,"href":"https:\/\/touchproeurope.eu\/pt\/wp-json\/wp\/v2\/product_brand?post=6519"},{"taxonomy":"product_cat","embeddable":true,"href":"https:\/\/touchproeurope.eu\/pt\/wp-json\/wp\/v2\/product_cat?post=6519"},{"taxonomy":"product_tag","embeddable":true,"href":"https:\/\/touchproeurope.eu\/pt\/wp-json\/wp\/v2\/product_tag?post=6519"}],"curies":[{"name":"wp","href":"https:\/\/api.w.org\/{rel}","templated":true}]}}