{"id":7951,"date":"2025-03-16T19:00:42","date_gmt":"2025-03-16T19:00:42","guid":{"rendered":"https:\/\/touchproeurope.eu\/?post_type=product&#038;p=7951"},"modified":"2026-03-04T16:57:05","modified_gmt":"2026-03-04T16:57:05","slug":"mesa-de-massagem-komfort-ii-singing-bowl-welltouch","status":"publish","type":"product","link":"https:\/\/touchproeurope.eu\/pt\/product\/massagetafel-komfort-ii-singing-bowl-welltouch\/","title":{"rendered":"Mesa de massagem KOMFORT II (ta\u00e7a cantante) WellTouch"},"content":{"rendered":"<h2><strong data-start=\"0\" data-end=\"69\">Mesa de massagem m\u00f3vel com grande superf\u00edcie para terapia com ta\u00e7a de canto<\/strong><\/h2>\n<p data-start=\"73\" data-end=\"280\">Esta mesa de massagem KOMFORT II (ta\u00e7a de canto) da WellTouch \u00e9 extra larga e comprida, especialmente concebida para terapia profissional com ta\u00e7a de canto. Port\u00e1til e inclui um saco de transporte, tornando a mesa f\u00e1cil de transportar e guardar.<\/p>\n<p data-start=\"282\" data-end=\"519\">A mesa de massagem de 80 cm de largura pode ser alargada para 120 cm de largura e 250 cm de comprimento com as extens\u00f5es fornecidas. Isto permite colocar ta\u00e7as de canto \u00e0 volta do cliente e permite que o terapeuta se mova confortavelmente \u00e0 volta da mesa.<\/p>\n<p data-start=\"521\" data-end=\"663\">A mesa de massagem KOMFORT II (ta\u00e7a cantante) da WellTouch tem v\u00e1rios pontos de fixa\u00e7\u00e3o para as extens\u00f5es de 80 cm de comprimento, permitindo que sejam fixadas em diferentes posi\u00e7\u00f5es.<\/p>\n<h3>Inclu\u00eddo na entrega:<\/h3>\n<ul data-start=\"696\" data-end=\"861\">\n<li data-start=\"696\" data-end=\"723\">Mesa de massagem com ta\u00e7a de canto<\/li>\n<li data-start=\"724\" data-end=\"750\">Apoio de cabe\u00e7a ajust\u00e1vel<\/li>\n<li data-start=\"751\" data-end=\"763\">Apoio de bra\u00e7o<\/li>\n<li data-start=\"764\" data-end=\"815\">1 extens\u00e3o do estrado para os p\u00e9s (60 x 20 cm)<\/li>\n<li data-start=\"816\" data-end=\"848\">2 extens\u00f5es laterais (80 x 20 cm)<\/li>\n<li data-start=\"849\" data-end=\"861\">Saco de transporte<\/li>\n<\/ul>\n<h3>Detalhes:<\/h3>\n<ul data-start=\"878\" data-end=\"1260\">\n<li data-start=\"878\" data-end=\"933\"><strong data-start=\"880\" data-end=\"898\">Largura da mesa:<\/strong> 80 cm, com extensores at\u00e9 121 cm<\/li>\n<li data-start=\"934\" data-end=\"1017\"><strong data-start=\"936\" data-end=\"953\">Comprimento do quadro:<\/strong> 202 cm, extens\u00edvel at\u00e9 250 cm com apoio de cabe\u00e7a e pe\u00e7a de extens\u00e3o<\/li>\n<li data-start=\"1018\" data-end=\"1038\"><strong data-start=\"1020\" data-end=\"1030\">Cor:<\/strong> Bege<\/li>\n<li data-start=\"1039\" data-end=\"1077\"><strong data-start=\"1041\" data-end=\"1064\">Altura ajust\u00e1vel:<\/strong> 57 - 83 cm<\/li>\n<li data-start=\"1078\" data-end=\"1106\"><strong data-start=\"1080\" data-end=\"1092\">Peso:<\/strong> aprox. 18,5 kg<\/li>\n<li data-start=\"1107\" data-end=\"1177\"><strong data-start=\"1109\" data-end=\"1134\">Carga din\u00e2mica:<\/strong> 180 kg \/ <strong data-start=\"1144\" data-end=\"1168\">carregamento est\u00e1tico:<\/strong> 720 kg<\/li>\n<li data-start=\"1178\" data-end=\"1217\"><strong data-start=\"1180\" data-end=\"1215\">Revestimento em PU dur\u00e1vel e macio<\/strong><\/li>\n<li data-start=\"1218\" data-end=\"1260\"><strong data-start=\"1220\" data-end=\"1251\">Almofada de espuma confort\u00e1vel:<\/strong> 6,5 cm<\/li>\n<\/ul>\n<h3>Instru\u00e7\u00f5es de manuten\u00e7\u00e3o para poliuretano<\/h3>\n<p data-start=\"1308\" data-end=\"1601\">As nossas mesas de massagem, bancos, cadeiras de massagem e rolos s\u00e3o revestidos com poliuretano (PU) de alta qualidade. Este material \u00e9 f\u00e1cil de limpar com \u00e1gua e uma pequena quantidade de detergente para a loi\u00e7a. Para uma desinfe\u00e7\u00e3o ocasional, recomendamos o nosso produto de limpeza desinfetante sem \u00e1lcool <strong data-start=\"1580\" data-end=\"1594\">\u201cSpray de limpeza Aysun\u201d<\/strong> para.<\/p>\n<p data-start=\"1603\" data-end=\"1905\">O spray de limpeza Aysun \u00e9 isento de \u00e1lcool, alde\u00eddos e fen\u00f3is, mantendo o material protegido de forma \u00f3ptima. Pulverize o agente, deixe-o atuar durante 1 minuto e limpe com um pano macio e h\u00famido. A lix\u00edvia dom\u00e9stica dilu\u00edda (1:10 com \u00e1gua) tamb\u00e9m \u00e9 adequada para a limpeza de estofos em PU.<\/p>\n<p data-start=\"1907\" data-end=\"2273\">Os \u00f3leos, incluindo os \u00f3leos naturais da pele, podem danificar os estofos. Por isso, proteja sempre a superf\u00edcie reclin\u00e1vel com uma capa limpa e certifique-se de que n\u00e3o ficam res\u00edduos de \u00f3leo no material. Quando se utilizam grandes quantidades de \u00f3leo, por exemplo, para tratamentos ayurv\u00e9dicos, a mesa deve ser sempre protegida com uma capa especial resistente a \u00f3leos.<\/p>\n<p data-start=\"2275\" data-end=\"2476\">Os desinfectantes agressivos ou \u00e0 base de \u00e1lcool tamb\u00e9m podem danificar o material. Os danos causados pela utiliza\u00e7\u00e3o de agentes de limpeza diferentes dos acima mencionados n\u00e3o s\u00e3o cobertos pela garantia.<\/p>\n<h3>Informa\u00e7\u00f5es sobre a garantia<\/h3>\n<p data-start=\"2504\" data-end=\"2720\"><em data-start=\"2504\" data-end=\"2551\">(V\u00e1lido para a UE, Su\u00ed\u00e7a e Noruega)<\/em><br data-start=\"2551\" data-end=\"2554\" \/>A TouchPro garante que os produtos WellTouch, incluindo o material de revestimento e os acess\u00f3rios, est\u00e3o isentos de defeitos de material e de fabrico durante dois anos.<\/p>\n<p data-start=\"2722\" data-end=\"2757\">Est\u00e3o exclu\u00eddos da garantia:<\/p>\n<ul data-start=\"2758\" data-end=\"2903\">\n<li data-start=\"2758\" data-end=\"2882\">Danos provocados por uma utiliza\u00e7\u00e3o ou manuseamento incorrectos (por exemplo, danos provocados por \u00f3leo ou por cosm\u00e9ticos ou produtos de limpeza inadequados)<\/li>\n<li data-start=\"2883\" data-end=\"2903\">Desgaste normal<\/li>\n<\/ul>\n<h3>Instru\u00e7\u00f5es de seguran\u00e7a:<\/h3>\n<p>Aten\u00e7\u00e3o: perigo de esmagamento.<br \/>\nSeguir as instru\u00e7\u00f5es do produto.<br \/>\nUtilizar como pretendido.<br \/>\nInstru\u00e7\u00f5es do produto: <a href=\"https:\/\/bodynova.de\/media\/pdf\/welltouch-massage-tables-instructions.pdf\">Mesas de massagem da Welltouch (PDF)<\/a><\/p>","protected":false},"excerpt":{"rendered":"<p data-start=\"0\" data-end=\"73\"><strong data-start=\"0\" data-end=\"71\">A mesa de massagem KOMFORT II (ta\u00e7a cantante) da WellTouch - Espa\u00e7o e conforto para a terapia<\/strong><\/p>\n<p data-start=\"75\" data-end=\"539\" data-is-last-node=\"\" data-is-only-node=\"\">Esta mesa de massagem extra-larga e comprida foi especialmente concebida para a terapia com ta\u00e7as de canto. Gra\u00e7as \u00e0s extens\u00f5es fornecidas, a mesa pode atingir 120 cm de largura e 250 cm de comprimento, proporcionando espa\u00e7o suficiente tanto para o cliente como para as ta\u00e7as de canto. Leve, dobr\u00e1vel e f\u00e1cil de transportar no saco de transporte. Equipada com um estofo macio em PU e uma confort\u00e1vel almofada de espuma com 6,5 cm de espessura. Ideal para terapeutas que procuram flexibilidade e qualidade!<\/p>","protected":false},"featured_media":7960,"comment_status":"open","ping_status":"closed","template":"","meta":[],"product_brand":[347],"product_cat":[94,93],"product_tag":[],"class_list":{"0":"post-7951","1":"product","2":"type-product","3":"status-publish","4":"has-post-thumbnail","6":"product_brand-welltouch","7":"product_cat-draagbare-massagetafels","8":"product_cat-massagetafels","9":"product_shipping_class-groot-pakket","10":"pa_kleur-beige","12":"first","13":"instock","14":"taxable","15":"shipping-taxable","16":"purchasable","17":"product-type-simple"},"yoast_head":"<!-- This site is optimized with the Yoast SEO Premium plugin v27.3 (Yoast SEO v27.3) - https:\/\/yoast.com\/product\/yoast-seo-premium-wordpress\/ -->\n<title>Massagetafel KOMFORT II (singing bowl) WellTouch - TouchPro Europe Shop<\/title>\n<meta name=\"description\" content=\"De ideale keuze voor therapeuten: de Massagetafel KOMFORT II (singing bowl) van WellTouch is makkelijk te vervoeren en aan te passen. Koop vandaag nog!\" \/>\n<meta name=\"robots\" content=\"index, follow, max-snippet:-1, max-image-preview:large, max-video-preview:-1\" \/>\n<link rel=\"canonical\" href=\"https:\/\/touchproeurope.eu\/pt\/product\/mesa-de-massagem-komfort-ii-singing-bowl-welltouch\/\" \/>\n<meta property=\"og:locale\" content=\"pt_PT\" \/>\n<meta property=\"og:type\" content=\"article\" \/>\n<meta property=\"og:title\" content=\"Massagetafel KOMFORT II (singing bowl) WellTouch\" \/>\n<meta property=\"og:description\" content=\"De ideale keuze voor therapeuten: de Massagetafel KOMFORT II (singing bowl) van WellTouch is makkelijk te vervoeren en aan te passen. Koop vandaag nog!\" \/>\n<meta property=\"og:url\" content=\"https:\/\/touchproeurope.eu\/pt\/product\/mesa-de-massagem-komfort-ii-singing-bowl-welltouch\/\" \/>\n<meta property=\"og:site_name\" content=\"TouchPro Europe Shop\" \/>\n<meta property=\"article:publisher\" content=\"https:\/\/www.facebook.com\/TouchproNederland\/?locale=nl_NL%2f\" \/>\n<meta property=\"article:modified_time\" content=\"2026-03-04T16:57:05+00:00\" \/>\n<meta property=\"og:image\" content=\"https:\/\/touchproeurope.eu\/wp-content\/uploads\/2025\/03\/kls80_massageliege_klangschalenliege_welltouch_creme_aufgebaut_extender1.jpeg\" \/>\n\t<meta property=\"og:image:width\" content=\"1500\" \/>\n\t<meta property=\"og:image:height\" content=\"1500\" \/>\n\t<meta property=\"og:image:type\" content=\"image\/jpeg\" \/>\n<meta name=\"twitter:card\" content=\"summary_large_image\" \/>\n<meta name=\"twitter:label1\" content=\"pre\u00e7o\" \/>\n\t<meta name=\"twitter:data1\" content=\"&euro;&nbsp;475,00 incl. BTW\" \/>\n\t<meta name=\"twitter:label2\" content=\"Disponibilidade\" \/>\n\t<meta name=\"twitter:data2\" content=\"Em stock\" \/>\n<script type=\"application\/ld+json\" class=\"yoast-schema-graph\">{\"@context\":\"https:\\\/\\\/schema.org\",\"@graph\":[{\"@type\":\"WebPage\",\"@id\":\"https:\\\/\\\/touchproeurope.eu\\\/product\\\/massagetafel-komfort-ii-singing-bowl-welltouch\\\/\",\"url\":\"https:\\\/\\\/touchproeurope.eu\\\/product\\\/massagetafel-komfort-ii-singing-bowl-welltouch\\\/\",\"name\":\"Massagetafel KOMFORT II (singing bowl) WellTouch - TouchPro Europe Shop\",\"isPartOf\":{\"@id\":\"https:\\\/\\\/touchproeurope.eu\\\/#website\"},\"primaryImageOfPage\":{\"@id\":\"https:\\\/\\\/touchproeurope.eu\\\/product\\\/massagetafel-komfort-ii-singing-bowl-welltouch\\\/#primaryimage\"},\"image\":{\"@id\":\"https:\\\/\\\/touchproeurope.eu\\\/product\\\/massagetafel-komfort-ii-singing-bowl-welltouch\\\/#primaryimage\"},\"thumbnailUrl\":\"https:\\\/\\\/i0.wp.com\\\/touchproeurope.eu\\\/wp-content\\\/uploads\\\/2025\\\/03\\\/kls80_massageliege_klangschalenliege_welltouch_creme_aufgebaut_extender1.jpeg?fit=1500%2C1500&ssl=1\",\"datePublished\":\"2025-03-16T19:00:42+00:00\",\"dateModified\":\"2026-03-04T16:57:05+00:00\",\"description\":\"De ideale keuze voor therapeuten: de Massagetafel KOMFORT II (singing bowl) van WellTouch is makkelijk te vervoeren en aan te passen. Koop vandaag nog!\",\"breadcrumb\":{\"@id\":\"https:\\\/\\\/touchproeurope.eu\\\/product\\\/massagetafel-komfort-ii-singing-bowl-welltouch\\\/#breadcrumb\"},\"inLanguage\":\"pt-PT\",\"potentialAction\":[{\"@type\":\"ReadAction\",\"target\":[\"https:\\\/\\\/touchproeurope.eu\\\/product\\\/massagetafel-komfort-ii-singing-bowl-welltouch\\\/\"]}]},{\"@type\":\"ImageObject\",\"inLanguage\":\"pt-PT\",\"@id\":\"https:\\\/\\\/touchproeurope.eu\\\/product\\\/massagetafel-komfort-ii-singing-bowl-welltouch\\\/#primaryimage\",\"url\":\"https:\\\/\\\/i0.wp.com\\\/touchproeurope.eu\\\/wp-content\\\/uploads\\\/2025\\\/03\\\/kls80_massageliege_klangschalenliege_welltouch_creme_aufgebaut_extender1.jpeg?fit=1500%2C1500&ssl=1\",\"contentUrl\":\"https:\\\/\\\/i0.wp.com\\\/touchproeurope.eu\\\/wp-content\\\/uploads\\\/2025\\\/03\\\/kls80_massageliege_klangschalenliege_welltouch_creme_aufgebaut_extender1.jpeg?fit=1500%2C1500&ssl=1\",\"width\":1500,\"height\":1500,\"caption\":\"Massagetafel singing bowl massage table\"},{\"@type\":\"BreadcrumbList\",\"@id\":\"https:\\\/\\\/touchproeurope.eu\\\/product\\\/massagetafel-komfort-ii-singing-bowl-welltouch\\\/#breadcrumb\",\"itemListElement\":[{\"@type\":\"ListItem\",\"position\":1,\"name\":\"Home\",\"item\":\"https:\\\/\\\/touchproeurope.eu\\\/\"},{\"@type\":\"ListItem\",\"position\":2,\"name\":\"Winkel\",\"item\":\"https:\\\/\\\/touchproeurope.eu\\\/winkel\\\/\"},{\"@type\":\"ListItem\",\"position\":3,\"name\":\"Massagetafel KOMFORT II (singing bowl) WellTouch\"}]},{\"@type\":\"WebSite\",\"@id\":\"https:\\\/\\\/touchproeurope.eu\\\/#website\",\"url\":\"https:\\\/\\\/touchproeurope.eu\\\/\",\"name\":\"TouchPro Europe Shop\",\"description\":\"Alles voor jouw praktijk met een PROfessionele Touch!\",\"publisher\":{\"@id\":\"https:\\\/\\\/touchproeurope.eu\\\/#organization\"},\"alternateName\":\"TPE\",\"potentialAction\":[{\"@type\":\"SearchAction\",\"target\":{\"@type\":\"EntryPoint\",\"urlTemplate\":\"https:\\\/\\\/touchproeurope.eu\\\/?s={search_term_string}\"},\"query-input\":{\"@type\":\"PropertyValueSpecification\",\"valueRequired\":true,\"valueName\":\"search_term_string\"}}],\"inLanguage\":\"pt-PT\"},{\"@type\":\"Organization\",\"@id\":\"https:\\\/\\\/touchproeurope.eu\\\/#organization\",\"name\":\"TouchPro Europe BV\",\"alternateName\":\"TPE\",\"url\":\"https:\\\/\\\/touchproeurope.eu\\\/\",\"logo\":{\"@type\":\"ImageObject\",\"inLanguage\":\"pt-PT\",\"@id\":\"https:\\\/\\\/touchproeurope.eu\\\/#\\\/schema\\\/logo\\\/image\\\/\",\"url\":\"https:\\\/\\\/i0.wp.com\\\/touchproeurope.eu\\\/wp-content\\\/uploads\\\/2023\\\/10\\\/2b592c_b6944d80811246d987cc2c29accedf3f.png?fit=1417%2C531&ssl=1\",\"contentUrl\":\"https:\\\/\\\/i0.wp.com\\\/touchproeurope.eu\\\/wp-content\\\/uploads\\\/2023\\\/10\\\/2b592c_b6944d80811246d987cc2c29accedf3f.png?fit=1417%2C531&ssl=1\",\"width\":1417,\"height\":531,\"caption\":\"TouchPro Europe BV\"},\"image\":{\"@id\":\"https:\\\/\\\/touchproeurope.eu\\\/#\\\/schema\\\/logo\\\/image\\\/\"},\"sameAs\":[\"https:\\\/\\\/www.facebook.com\\\/TouchproNederland\\\/?locale=nl_NL\\\/\",\"https:\\\/\\\/www.instagram.com\\\/touchpro2016\\\/\",\"https:\\\/\\\/www.linkedin.com\\\/company\\\/touchpro-europe-bv\\\/\"],\"description\":\"TouchPro Europe Shop is de massage winkel van Europa. Wij verkopen topkwaliteit massageproducten aan masseurs, pedicures, fysiotherapeuten, manicuren, Wellness centra, opleidingen, etc. TouchPro begon als een kleine webshop in Nederland, maar is nu uitgegroeid tot een webshop met klanten uit heel Europa. Wij bieden een breed assortiment aan massageproducten, waaronder massagetafels, oli\u00ebn, cr\u00e8mes, en accessoires van topmerken, zoals Earthlite, Stronglite en InnerStrenght, Habys, Living Earth Crafts en Continuum en andere leveranciers van massage accessoires. Bestel hier de beste massagematerialen van Europa!\",\"email\":\"info@touchpro-europe.com\",\"telephone\":\"0858768829\",\"legalName\":\"TouchPro Europe BV\",\"foundingDate\":\"2018-01-11\",\"vatID\":\"NL855430151B01\",\"numberOfEmployees\":{\"@type\":\"QuantitativeValue\",\"minValue\":\"1\",\"maxValue\":\"10\"},\"hasMerchantReturnPolicy\":{\"@type\":\"MerchantReturnPolicy\",\"merchantReturnLink\":\"https:\\\/\\\/touchproeurope.eu\\\/pt\\\/retourbeleid\\\/\"}}]}<\/script>\n<meta property=\"product:price:amount\" content=\"475.00\" \/>\n<meta property=\"product:price:currency\" content=\"EUR\" \/>\n<meta property=\"og:availability\" content=\"instock\" \/>\n<meta property=\"product:availability\" content=\"instock\" \/>\n<meta property=\"product:retailer_item_id\" content=\"k80\" \/>\n<meta property=\"product:condition\" content=\"new\" \/>\n<!-- \/ Yoast SEO Premium plugin. -->","yoast_head_json":{"title":"Mesa de massagem KOMFORT II (ta\u00e7a cantante) WellTouch - TouchPro Europe Shop","description":"A escolha ideal para os terapeutas: a mesa de massagem KOMFORT II (ta\u00e7a de canto) da WellTouch \u00e9 f\u00e1cil de transportar e ajustar. Comprar hoje!","robots":{"index":"index","follow":"follow","max-snippet":"max-snippet:-1","max-image-preview":"max-image-preview:large","max-video-preview":"max-video-preview:-1"},"canonical":"https:\/\/touchproeurope.eu\/pt\/product\/mesa-de-massagem-komfort-ii-singing-bowl-welltouch\/","og_locale":"pt_PT","og_type":"article","og_title":"Massagetafel KOMFORT II (singing bowl) WellTouch","og_description":"De ideale keuze voor therapeuten: de Massagetafel KOMFORT II (singing bowl) van WellTouch is makkelijk te vervoeren en aan te passen. Koop vandaag nog!","og_url":"https:\/\/touchproeurope.eu\/pt\/product\/mesa-de-massagem-komfort-ii-singing-bowl-welltouch\/","og_site_name":"TouchPro Europe Shop","article_publisher":"https:\/\/www.facebook.com\/TouchproNederland\/?locale=nl_NL%2f","article_modified_time":"2026-03-04T16:57:05+00:00","og_image":[{"width":1500,"height":1500,"url":"https:\/\/touchproeurope.eu\/wp-content\/uploads\/2025\/03\/kls80_massageliege_klangschalenliege_welltouch_creme_aufgebaut_extender1.jpeg","type":"image\/jpeg"}],"twitter_card":"summary_large_image","twitter_misc":{"pre\u00e7o":"&euro;&nbsp;475,00 incl. BTW","Disponibilidade":"Em stock"},"schema":{"@context":"https:\/\/schema.org","@graph":[{"@type":"WebPage","@id":"https:\/\/touchproeurope.eu\/product\/massagetafel-komfort-ii-singing-bowl-welltouch\/","url":"https:\/\/touchproeurope.eu\/product\/massagetafel-komfort-ii-singing-bowl-welltouch\/","name":"Mesa de massagem KOMFORT II (ta\u00e7a cantante) WellTouch - TouchPro Europe Shop","isPartOf":{"@id":"https:\/\/touchproeurope.eu\/#website"},"primaryImageOfPage":{"@id":"https:\/\/touchproeurope.eu\/product\/massagetafel-komfort-ii-singing-bowl-welltouch\/#primaryimage"},"image":{"@id":"https:\/\/touchproeurope.eu\/product\/massagetafel-komfort-ii-singing-bowl-welltouch\/#primaryimage"},"thumbnailUrl":"https:\/\/i0.wp.com\/touchproeurope.eu\/wp-content\/uploads\/2025\/03\/kls80_massageliege_klangschalenliege_welltouch_creme_aufgebaut_extender1.jpeg?fit=1500%2C1500&ssl=1","datePublished":"2025-03-16T19:00:42+00:00","dateModified":"2026-03-04T16:57:05+00:00","description":"A escolha ideal para os terapeutas: a mesa de massagem KOMFORT II (ta\u00e7a de canto) da WellTouch \u00e9 f\u00e1cil de transportar e ajustar. Comprar hoje!","breadcrumb":{"@id":"https:\/\/touchproeurope.eu\/product\/massagetafel-komfort-ii-singing-bowl-welltouch\/#breadcrumb"},"inLanguage":"pt-PT","potentialAction":[{"@type":"ReadAction","target":["https:\/\/touchproeurope.eu\/product\/massagetafel-komfort-ii-singing-bowl-welltouch\/"]}]},{"@type":"ImageObject","inLanguage":"pt-PT","@id":"https:\/\/touchproeurope.eu\/product\/massagetafel-komfort-ii-singing-bowl-welltouch\/#primaryimage","url":"https:\/\/i0.wp.com\/touchproeurope.eu\/wp-content\/uploads\/2025\/03\/kls80_massageliege_klangschalenliege_welltouch_creme_aufgebaut_extender1.jpeg?fit=1500%2C1500&ssl=1","contentUrl":"https:\/\/i0.wp.com\/touchproeurope.eu\/wp-content\/uploads\/2025\/03\/kls80_massageliege_klangschalenliege_welltouch_creme_aufgebaut_extender1.jpeg?fit=1500%2C1500&ssl=1","width":1500,"height":1500,"caption":"Massagetafel singing bowl massage table"},{"@type":"BreadcrumbList","@id":"https:\/\/touchproeurope.eu\/product\/massagetafel-komfort-ii-singing-bowl-welltouch\/#breadcrumb","itemListElement":[{"@type":"ListItem","position":1,"name":"Home","item":"https:\/\/touchproeurope.eu\/"},{"@type":"ListItem","position":2,"name":"Winkel","item":"https:\/\/touchproeurope.eu\/winkel\/"},{"@type":"ListItem","position":3,"name":"Massagetafel KOMFORT II (singing bowl) WellTouch"}]},{"@type":"WebSite","@id":"https:\/\/touchproeurope.eu\/#website","url":"https:\/\/touchproeurope.eu\/","name":"Loja TouchPro Europa","description":"Tudo para o seu consult\u00f3rio com um toque profissional!","publisher":{"@id":"https:\/\/touchproeurope.eu\/#organization"},"alternateName":"TPE","potentialAction":[{"@type":"SearchAction","target":{"@type":"EntryPoint","urlTemplate":"https:\/\/touchproeurope.eu\/?s={search_term_string}"},"query-input":{"@type":"PropertyValueSpecification","valueRequired":true,"valueName":"search_term_string"}}],"inLanguage":"pt-PT"},{"@type":"Organization","@id":"https:\/\/touchproeurope.eu\/#organization","name":"TouchPro Europa BV","alternateName":"TPE","url":"https:\/\/touchproeurope.eu\/","logo":{"@type":"ImageObject","inLanguage":"pt-PT","@id":"https:\/\/touchproeurope.eu\/#\/schema\/logo\/image\/","url":"https:\/\/i0.wp.com\/touchproeurope.eu\/wp-content\/uploads\/2023\/10\/2b592c_b6944d80811246d987cc2c29accedf3f.png?fit=1417%2C531&ssl=1","contentUrl":"https:\/\/i0.wp.com\/touchproeurope.eu\/wp-content\/uploads\/2023\/10\/2b592c_b6944d80811246d987cc2c29accedf3f.png?fit=1417%2C531&ssl=1","width":1417,"height":531,"caption":"TouchPro Europe BV"},"image":{"@id":"https:\/\/touchproeurope.eu\/#\/schema\/logo\/image\/"},"sameAs":["https:\/\/www.facebook.com\/TouchproNederland\/?locale=nl_NL\/","https:\/\/www.instagram.com\/touchpro2016\/","https:\/\/www.linkedin.com\/company\/touchpro-europe-bv\/"],"description":"A TouchPro Europe Shop \u00e9 a loja de massagens da Europa. Vendemos produtos de massagem de alta qualidade a massagistas, pedicuros, fisioterapeutas, manicures, centros de bem-estar, cursos de forma\u00e7\u00e3o, etc. A TouchPro come\u00e7ou por ser uma pequena loja nos Pa\u00edses Baixos, mas agora transformou-se numa loja com clientes de toda a Europa. Oferecemos uma vasta gama de produtos de massagem, incluindo mesas de massagem, \u00f3leos, cremes e acess\u00f3rios de marcas de topo como Earthlite, Stronglite e InnerStrenght, Habys, Living Earth Crafts e Continuum e outros fornecedores de acess\u00f3rios de massagem. Encomende aqui os melhores artigos de massagem da Europa!","email":"info@touchpro-europe.com","telephone":"0858768829","legalName":"TouchPro Europe BV","foundingDate":"2018-01-11","vatID":"NL855430151B01","numberOfEmployees":{"@type":"QuantitativeValue","minValue":"1","maxValue":"10"},"hasMerchantReturnPolicy":{"@type":"MerchantReturnPolicy","merchantReturnLink":"https:\/\/touchproeurope.eu\/pt\/retourbeleid\/"}}]},"product_price_amount":"475.00","product_price_currency":"EUR","og_availability":"instock","product_availability":"instock","product_retailer_item_id":"k80","product_condition":"new"},"_links":{"self":[{"href":"https:\/\/touchproeurope.eu\/pt\/wp-json\/wp\/v2\/product\/7951","targetHints":{"allow":["GET"]}}],"collection":[{"href":"https:\/\/touchproeurope.eu\/pt\/wp-json\/wp\/v2\/product"}],"about":[{"href":"https:\/\/touchproeurope.eu\/pt\/wp-json\/wp\/v2\/types\/product"}],"replies":[{"embeddable":true,"href":"https:\/\/touchproeurope.eu\/pt\/wp-json\/wp\/v2\/comments?post=7951"}],"version-history":[{"count":3,"href":"https:\/\/touchproeurope.eu\/pt\/wp-json\/wp\/v2\/product\/7951\/revisions"}],"predecessor-version":[{"id":8116,"href":"https:\/\/touchproeurope.eu\/pt\/wp-json\/wp\/v2\/product\/7951\/revisions\/8116"}],"wp:featuredmedia":[{"embeddable":true,"href":"https:\/\/touchproeurope.eu\/pt\/wp-json\/wp\/v2\/media\/7960"}],"wp:attachment":[{"href":"https:\/\/touchproeurope.eu\/pt\/wp-json\/wp\/v2\/media?parent=7951"}],"wp:term":[{"taxonomy":"product_brand","embeddable":true,"href":"https:\/\/touchproeurope.eu\/pt\/wp-json\/wp\/v2\/product_brand?post=7951"},{"taxonomy":"product_cat","embeddable":true,"href":"https:\/\/touchproeurope.eu\/pt\/wp-json\/wp\/v2\/product_cat?post=7951"},{"taxonomy":"product_tag","embeddable":true,"href":"https:\/\/touchproeurope.eu\/pt\/wp-json\/wp\/v2\/product_tag?post=7951"}],"curies":[{"name":"wp","href":"https:\/\/api.w.org\/{rel}","templated":true}]}}