{"id":9659,"date":"2025-05-21T16:32:07","date_gmt":"2025-05-21T16:32:07","guid":{"rendered":"https:\/\/touchproeurope.eu\/?post_type=product&#038;p=9659"},"modified":"2026-03-04T17:02:44","modified_gmt":"2026-03-04T17:02:44","slug":"shiatsu-mat-met-harde-hoes","status":"publish","type":"product","link":"https:\/\/touchproeurope.eu\/pt\/product\/shiatsu-mat-met-harde-hoes\/","title":{"rendered":"Tapete de shiatsu com cobertura fixa"},"content":{"rendered":"<h1>Gemaakt in Duitsland de shiatsu mat met harde hoes: voor shiatsu, massage en lichaamswerk<\/h1>\n<p>De shiatsu mat is met de grootste zorg met de hand gemaakt in onze eigen fabriek. Hij is ideaal voor shiatsu, Thaise massage en elke andere vorm van lichaamswerk die op de vloer wordt beoefend.<\/p>\n<h2>Op maat gemaakte producten met veel opties<\/h2>\n<p>Escolha livremente de acordo com os seus desejos: tamanho, cor e n\u00famero de camadas.<br \/>\nLet op: onze Shiatsu-matten worden speciaal voor jou gemaakt en kunnen daarom niet worden geruild.<br \/>\nDe Shiatsu mat heeft een stevige hoes van keperstof, die direct aan het fleece materiaal is gequilt. De hoes voldoet aan Oeko-Tex Standaard 100 en is geverfd in overeenstemming met de Duitse regelgeving zonder het gebruik van AZO-kleurstoffen. Het speciaal voor ons gemaakte fleece materiaal bestaat uit 70% katoen en 30% polyestervezel. De synthetische vezels zorgen ervoor dat het fleece elastisch en vormvast blijft.<\/p>\n<p>De standaard shiatmat is gevuld met vier lagen fleece en is volgens de futonmaaktechniek aan de bekledingstof genaaid. Alle futons hebben twee opgenaaide zwarte synthetische banden waarmee de opgerolde mat kan worden opgeborgen. In de regel zijn de standaard vier lagen fleece (ca. 5 kg per vierkante meter) voldoende, omdat een te zachte mat de matras te veel kan laten wegzakken. We bieden echter ook Shiatsu-matten met vijf lagen aan voor wie meer volume nodig heeft.<\/p>\n<h3>Shiatsumat met stevige hoes<\/h3>\n<ul>\n<li>Onderlegger voor shiatsu, massage en lichaamswerk<\/li>\n<li>Hoes: 100% keperstof<\/li>\n<li>Vulling: 70% katoen, 30% polyestervezel<\/li>\n<li>Fabricado na Alemanha<\/li>\n<li>Niet afneembare hoes (direct aan het vlies gestikt)<\/li>\n<li>Oeko-Tex Standard 100 (certificaatnr. A06-0488)<\/li>\n<li>Verven volgens Duitse voorschriften (geen AZO-kleurstoffen)<\/li>\n<\/ul>\n<p>Tip: Onze Made in Germany shiatsumat is ook verkrijgbaar met een afneembare hoes. Je vindt deze variant in de categorie Shiatsu matten.<\/p>\n<h4>Shiatsu mat hoogte:<\/h4>\n<ul>\n<li>4-laags ca. 5 &#8211; 6 cm<\/li>\n<li>5-laag ca. 6 &#8211; 7 cm<\/li>\n<\/ul>\n<p>Let op: onze afmetingen zijn bij benadering en kunnen licht afwijken! Bovendien kunnen de shiatsu-matten tijdens het verzenden iets samengedrukt zijn en daardoor kleiner lijken dan wanneer ze gesneden zijn. Leg de matten plat neer en rek ze een beetje uit.<\/p>","protected":false},"excerpt":{"rendered":"<p>De Shiatsu mat met harde hoes met vaste hoes is perfect voor massage, yoga en lichaamswerk. Gemaakt in Duitsland, met afneembare hoes en naar wens samen te stellen. Ontdek jouw ideale Yogamat Yoga futon Bodhi op maat!<\/p>","protected":false},"featured_media":8164,"comment_status":"open","ping_status":"closed","template":"","meta":[],"product_brand":[363],"product_cat":[367,356],"product_tag":[],"class_list":{"0":"post-9659","1":"product","2":"type-product","3":"status-publish","4":"has-post-thumbnail","6":"product_brand-bodynova","7":"product_cat-shiatsu-mat","8":"product_cat-yoga-meditatie","9":"product_shipping_class-klein-pakket","10":"pa_kleur-antraciet","11":"pa_kleur-aubergine","12":"pa_kleur-blauw","13":"pa_kleur-groen","14":"pa_kleur-honing-geel","15":"pa_kleur-licht-beige","16":"pa_kleur-mineraal-blauw","17":"pa_kleur-natuur","18":"pa_kleur-stoffig-paars","19":"pa_kleur-wijnrood","20":"pa_kleur-wit","21":"pa_kleur-zwart","22":"pa_merk-bodynova","24":"first","25":"instock","26":"taxable","27":"shipping-taxable","28":"purchasable","29":"product-type-variable"},"yoast_head":"<!-- This site is optimized with the Yoast SEO Premium plugin v27.3 (Yoast SEO v27.3) - https:\/\/yoast.com\/product\/yoast-seo-premium-wordpress\/ -->\n<title>Shiatsu mat met vaste hoes - TouchPro Europe Shop<\/title>\n<meta name=\"description\" content=\"Verwen jezelf met de unieke Shiatsu mat met vaste hoes. Cre\u00eber de ideale mat voor jouw persoonlijke ontspanningservaring!\" \/>\n<meta name=\"robots\" content=\"index, follow, max-snippet:-1, max-image-preview:large, max-video-preview:-1\" \/>\n<link rel=\"canonical\" href=\"https:\/\/touchproeurope.eu\/pt\/product\/shiatsu-mat-met-harde-hoes\/\" \/>\n<meta property=\"og:locale\" content=\"pt_PT\" \/>\n<meta property=\"og:type\" content=\"article\" \/>\n<meta property=\"og:title\" content=\"Shiatsu mat met vaste hoes\" \/>\n<meta property=\"og:description\" content=\"Verwen jezelf met de unieke Shiatsu mat met vaste hoes. Cre\u00eber de ideale mat voor jouw persoonlijke ontspanningservaring!\" \/>\n<meta property=\"og:url\" content=\"https:\/\/touchproeurope.eu\/pt\/product\/shiatsu-mat-met-harde-hoes\/\" \/>\n<meta property=\"og:site_name\" content=\"TouchPro Europe Shop\" \/>\n<meta property=\"article:publisher\" content=\"https:\/\/www.facebook.com\/TouchproNederland\/?locale=nl_NL%2f\" \/>\n<meta property=\"article:modified_time\" content=\"2026-03-04T17:02:44+00:00\" \/>\n<meta property=\"og:image\" content=\"https:\/\/touchproeurope.eu\/wp-content\/uploads\/2025\/05\/smx_shiatsumatte_eco_bodhi_lodengruen_halb_gerollt.jpg\" \/>\n\t<meta property=\"og:image:width\" content=\"1500\" \/>\n\t<meta property=\"og:image:height\" content=\"1500\" \/>\n\t<meta property=\"og:image:type\" content=\"image\/jpeg\" \/>\n<meta name=\"twitter:card\" content=\"summary_large_image\" \/>\n<meta name=\"twitter:label1\" content=\"Disponibilidade\" \/>\n\t<meta name=\"twitter:data1\" content=\"Em stock\" \/>\n<script type=\"application\/ld+json\" class=\"yoast-schema-graph\">{\"@context\":\"https:\\\/\\\/schema.org\",\"@graph\":[{\"@type\":\"WebPage\",\"@id\":\"https:\\\/\\\/touchproeurope.eu\\\/product\\\/shiatsu-mat-met-harde-hoes\\\/\",\"url\":\"https:\\\/\\\/touchproeurope.eu\\\/product\\\/shiatsu-mat-met-harde-hoes\\\/\",\"name\":\"Shiatsu mat met vaste hoes - TouchPro Europe Shop\",\"isPartOf\":{\"@id\":\"https:\\\/\\\/touchproeurope.eu\\\/#website\"},\"primaryImageOfPage\":{\"@id\":\"https:\\\/\\\/touchproeurope.eu\\\/product\\\/shiatsu-mat-met-harde-hoes\\\/#primaryimage\"},\"image\":{\"@id\":\"https:\\\/\\\/touchproeurope.eu\\\/product\\\/shiatsu-mat-met-harde-hoes\\\/#primaryimage\"},\"thumbnailUrl\":\"https:\\\/\\\/i0.wp.com\\\/touchproeurope.eu\\\/wp-content\\\/uploads\\\/2025\\\/05\\\/smx_shiatsumatte_eco_bodhi_lodengruen_halb_gerollt.jpg?fit=1500%2C1500&ssl=1\",\"datePublished\":\"2025-05-21T16:32:07+00:00\",\"dateModified\":\"2026-03-04T17:02:44+00:00\",\"description\":\"Verwen jezelf met de unieke Shiatsu mat met vaste hoes. Cre\u00eber de ideale mat voor jouw persoonlijke ontspanningservaring!\",\"breadcrumb\":{\"@id\":\"https:\\\/\\\/touchproeurope.eu\\\/product\\\/shiatsu-mat-met-harde-hoes\\\/#breadcrumb\"},\"inLanguage\":\"pt-PT\",\"potentialAction\":[{\"@type\":\"ReadAction\",\"target\":[\"https:\\\/\\\/touchproeurope.eu\\\/product\\\/shiatsu-mat-met-harde-hoes\\\/\"]}]},{\"@type\":\"ImageObject\",\"inLanguage\":\"pt-PT\",\"@id\":\"https:\\\/\\\/touchproeurope.eu\\\/product\\\/shiatsu-mat-met-harde-hoes\\\/#primaryimage\",\"url\":\"https:\\\/\\\/i0.wp.com\\\/touchproeurope.eu\\\/wp-content\\\/uploads\\\/2025\\\/05\\\/smx_shiatsumatte_eco_bodhi_lodengruen_halb_gerollt.jpg?fit=1500%2C1500&ssl=1\",\"contentUrl\":\"https:\\\/\\\/i0.wp.com\\\/touchproeurope.eu\\\/wp-content\\\/uploads\\\/2025\\\/05\\\/smx_shiatsumatte_eco_bodhi_lodengruen_halb_gerollt.jpg?fit=1500%2C1500&ssl=1\",\"width\":1500,\"height\":1500,\"caption\":\"Shiatsu-mat met afneembare hoes yogamat LodenGr\u00fcn\"},{\"@type\":\"BreadcrumbList\",\"@id\":\"https:\\\/\\\/touchproeurope.eu\\\/product\\\/shiatsu-mat-met-harde-hoes\\\/#breadcrumb\",\"itemListElement\":[{\"@type\":\"ListItem\",\"position\":1,\"name\":\"Home\",\"item\":\"https:\\\/\\\/touchproeurope.eu\\\/\"},{\"@type\":\"ListItem\",\"position\":2,\"name\":\"Winkel\",\"item\":\"https:\\\/\\\/touchproeurope.eu\\\/winkel\\\/\"},{\"@type\":\"ListItem\",\"position\":3,\"name\":\"Shiatsu mat met vaste hoes\"}]},{\"@type\":\"WebSite\",\"@id\":\"https:\\\/\\\/touchproeurope.eu\\\/#website\",\"url\":\"https:\\\/\\\/touchproeurope.eu\\\/\",\"name\":\"TouchPro Europe Shop\",\"description\":\"Alles voor jouw praktijk met een PROfessionele Touch!\",\"publisher\":{\"@id\":\"https:\\\/\\\/touchproeurope.eu\\\/#organization\"},\"alternateName\":\"TPE\",\"potentialAction\":[{\"@type\":\"SearchAction\",\"target\":{\"@type\":\"EntryPoint\",\"urlTemplate\":\"https:\\\/\\\/touchproeurope.eu\\\/?s={search_term_string}\"},\"query-input\":{\"@type\":\"PropertyValueSpecification\",\"valueRequired\":true,\"valueName\":\"search_term_string\"}}],\"inLanguage\":\"pt-PT\"},{\"@type\":\"Organization\",\"@id\":\"https:\\\/\\\/touchproeurope.eu\\\/#organization\",\"name\":\"TouchPro Europe BV\",\"alternateName\":\"TPE\",\"url\":\"https:\\\/\\\/touchproeurope.eu\\\/\",\"logo\":{\"@type\":\"ImageObject\",\"inLanguage\":\"pt-PT\",\"@id\":\"https:\\\/\\\/touchproeurope.eu\\\/#\\\/schema\\\/logo\\\/image\\\/\",\"url\":\"https:\\\/\\\/i0.wp.com\\\/touchproeurope.eu\\\/wp-content\\\/uploads\\\/2023\\\/10\\\/2b592c_b6944d80811246d987cc2c29accedf3f.png?fit=1417%2C531&ssl=1\",\"contentUrl\":\"https:\\\/\\\/i0.wp.com\\\/touchproeurope.eu\\\/wp-content\\\/uploads\\\/2023\\\/10\\\/2b592c_b6944d80811246d987cc2c29accedf3f.png?fit=1417%2C531&ssl=1\",\"width\":1417,\"height\":531,\"caption\":\"TouchPro Europe BV\"},\"image\":{\"@id\":\"https:\\\/\\\/touchproeurope.eu\\\/#\\\/schema\\\/logo\\\/image\\\/\"},\"sameAs\":[\"https:\\\/\\\/www.facebook.com\\\/TouchproNederland\\\/?locale=nl_NL\\\/\",\"https:\\\/\\\/www.instagram.com\\\/touchpro2016\\\/\",\"https:\\\/\\\/www.linkedin.com\\\/company\\\/touchpro-europe-bv\\\/\"],\"description\":\"TouchPro Europe Shop is de massage winkel van Europa. Wij verkopen topkwaliteit massageproducten aan masseurs, pedicures, fysiotherapeuten, manicuren, Wellness centra, opleidingen, etc. TouchPro begon als een kleine webshop in Nederland, maar is nu uitgegroeid tot een webshop met klanten uit heel Europa. Wij bieden een breed assortiment aan massageproducten, waaronder massagetafels, oli\u00ebn, cr\u00e8mes, en accessoires van topmerken, zoals Earthlite, Stronglite en InnerStrenght, Habys, Living Earth Crafts en Continuum en andere leveranciers van massage accessoires. Bestel hier de beste massagematerialen van Europa!\",\"email\":\"info@touchpro-europe.com\",\"telephone\":\"0858768829\",\"legalName\":\"TouchPro Europe BV\",\"foundingDate\":\"2018-01-11\",\"vatID\":\"NL855430151B01\",\"numberOfEmployees\":{\"@type\":\"QuantitativeValue\",\"minValue\":\"1\",\"maxValue\":\"10\"},\"hasMerchantReturnPolicy\":{\"@type\":\"MerchantReturnPolicy\",\"merchantReturnLink\":\"https:\\\/\\\/touchproeurope.eu\\\/pt\\\/retourbeleid\\\/\"}}]}<\/script>\n<meta property=\"product:brand\" content=\"Bodynova\" \/>\n<meta property=\"og:availability\" content=\"instock\" \/>\n<meta property=\"product:availability\" content=\"instock\" \/>\n<meta property=\"product:condition\" content=\"new\" \/>\n<!-- \/ Yoast SEO Premium plugin. -->","yoast_head_json":{"title":"Shiatsu mat met vaste hoes - TouchPro Europe Shop","description":"Verwen jezelf met de unieke Shiatsu mat met vaste hoes. Cre\u00eber de ideale mat voor jouw persoonlijke ontspanningservaring!","robots":{"index":"index","follow":"follow","max-snippet":"max-snippet:-1","max-image-preview":"max-image-preview:large","max-video-preview":"max-video-preview:-1"},"canonical":"https:\/\/touchproeurope.eu\/pt\/product\/shiatsu-mat-met-harde-hoes\/","og_locale":"pt_PT","og_type":"article","og_title":"Shiatsu mat met vaste hoes","og_description":"Verwen jezelf met de unieke Shiatsu mat met vaste hoes. Cre\u00eber de ideale mat voor jouw persoonlijke ontspanningservaring!","og_url":"https:\/\/touchproeurope.eu\/pt\/product\/shiatsu-mat-met-harde-hoes\/","og_site_name":"TouchPro Europe Shop","article_publisher":"https:\/\/www.facebook.com\/TouchproNederland\/?locale=nl_NL%2f","article_modified_time":"2026-03-04T17:02:44+00:00","og_image":[{"width":1500,"height":1500,"url":"https:\/\/touchproeurope.eu\/wp-content\/uploads\/2025\/05\/smx_shiatsumatte_eco_bodhi_lodengruen_halb_gerollt.jpg","type":"image\/jpeg"}],"twitter_card":"summary_large_image","twitter_misc":{"Disponibilidade":"Em stock"},"schema":{"@context":"https:\/\/schema.org","@graph":[{"@type":"WebPage","@id":"https:\/\/touchproeurope.eu\/product\/shiatsu-mat-met-harde-hoes\/","url":"https:\/\/touchproeurope.eu\/product\/shiatsu-mat-met-harde-hoes\/","name":"Shiatsu mat met vaste hoes - TouchPro Europe Shop","isPartOf":{"@id":"https:\/\/touchproeurope.eu\/#website"},"primaryImageOfPage":{"@id":"https:\/\/touchproeurope.eu\/product\/shiatsu-mat-met-harde-hoes\/#primaryimage"},"image":{"@id":"https:\/\/touchproeurope.eu\/product\/shiatsu-mat-met-harde-hoes\/#primaryimage"},"thumbnailUrl":"https:\/\/i0.wp.com\/touchproeurope.eu\/wp-content\/uploads\/2025\/05\/smx_shiatsumatte_eco_bodhi_lodengruen_halb_gerollt.jpg?fit=1500%2C1500&ssl=1","datePublished":"2025-05-21T16:32:07+00:00","dateModified":"2026-03-04T17:02:44+00:00","description":"Verwen jezelf met de unieke Shiatsu mat met vaste hoes. Cre\u00eber de ideale mat voor jouw persoonlijke ontspanningservaring!","breadcrumb":{"@id":"https:\/\/touchproeurope.eu\/product\/shiatsu-mat-met-harde-hoes\/#breadcrumb"},"inLanguage":"pt-PT","potentialAction":[{"@type":"ReadAction","target":["https:\/\/touchproeurope.eu\/product\/shiatsu-mat-met-harde-hoes\/"]}]},{"@type":"ImageObject","inLanguage":"pt-PT","@id":"https:\/\/touchproeurope.eu\/product\/shiatsu-mat-met-harde-hoes\/#primaryimage","url":"https:\/\/i0.wp.com\/touchproeurope.eu\/wp-content\/uploads\/2025\/05\/smx_shiatsumatte_eco_bodhi_lodengruen_halb_gerollt.jpg?fit=1500%2C1500&ssl=1","contentUrl":"https:\/\/i0.wp.com\/touchproeurope.eu\/wp-content\/uploads\/2025\/05\/smx_shiatsumatte_eco_bodhi_lodengruen_halb_gerollt.jpg?fit=1500%2C1500&ssl=1","width":1500,"height":1500,"caption":"Shiatsu-mat met afneembare hoes yogamat LodenGr\u00fcn"},{"@type":"BreadcrumbList","@id":"https:\/\/touchproeurope.eu\/product\/shiatsu-mat-met-harde-hoes\/#breadcrumb","itemListElement":[{"@type":"ListItem","position":1,"name":"Home","item":"https:\/\/touchproeurope.eu\/"},{"@type":"ListItem","position":2,"name":"Winkel","item":"https:\/\/touchproeurope.eu\/winkel\/"},{"@type":"ListItem","position":3,"name":"Shiatsu mat met vaste hoes"}]},{"@type":"WebSite","@id":"https:\/\/touchproeurope.eu\/#website","url":"https:\/\/touchproeurope.eu\/","name":"Loja TouchPro Europa","description":"Tudo para o seu consult\u00f3rio com um toque profissional!","publisher":{"@id":"https:\/\/touchproeurope.eu\/#organization"},"alternateName":"TPE","potentialAction":[{"@type":"SearchAction","target":{"@type":"EntryPoint","urlTemplate":"https:\/\/touchproeurope.eu\/?s={search_term_string}"},"query-input":{"@type":"PropertyValueSpecification","valueRequired":true,"valueName":"search_term_string"}}],"inLanguage":"pt-PT"},{"@type":"Organization","@id":"https:\/\/touchproeurope.eu\/#organization","name":"TouchPro Europa BV","alternateName":"TPE","url":"https:\/\/touchproeurope.eu\/","logo":{"@type":"ImageObject","inLanguage":"pt-PT","@id":"https:\/\/touchproeurope.eu\/#\/schema\/logo\/image\/","url":"https:\/\/i0.wp.com\/touchproeurope.eu\/wp-content\/uploads\/2023\/10\/2b592c_b6944d80811246d987cc2c29accedf3f.png?fit=1417%2C531&ssl=1","contentUrl":"https:\/\/i0.wp.com\/touchproeurope.eu\/wp-content\/uploads\/2023\/10\/2b592c_b6944d80811246d987cc2c29accedf3f.png?fit=1417%2C531&ssl=1","width":1417,"height":531,"caption":"TouchPro Europe BV"},"image":{"@id":"https:\/\/touchproeurope.eu\/#\/schema\/logo\/image\/"},"sameAs":["https:\/\/www.facebook.com\/TouchproNederland\/?locale=nl_NL\/","https:\/\/www.instagram.com\/touchpro2016\/","https:\/\/www.linkedin.com\/company\/touchpro-europe-bv\/"],"description":"A TouchPro Europe Shop \u00e9 a loja de massagens da Europa. Vendemos produtos de massagem de alta qualidade a massagistas, pedicuros, fisioterapeutas, manicures, centros de bem-estar, cursos de forma\u00e7\u00e3o, etc. A TouchPro come\u00e7ou por ser uma pequena loja nos Pa\u00edses Baixos, mas agora transformou-se numa loja com clientes de toda a Europa. Oferecemos uma vasta gama de produtos de massagem, incluindo mesas de massagem, \u00f3leos, cremes e acess\u00f3rios de marcas de topo como Earthlite, Stronglite e InnerStrenght, Habys, Living Earth Crafts e Continuum e outros fornecedores de acess\u00f3rios de massagem. Encomende aqui os melhores artigos de massagem da Europa!","email":"info@touchpro-europe.com","telephone":"0858768829","legalName":"TouchPro Europe BV","foundingDate":"2018-01-11","vatID":"NL855430151B01","numberOfEmployees":{"@type":"QuantitativeValue","minValue":"1","maxValue":"10"},"hasMerchantReturnPolicy":{"@type":"MerchantReturnPolicy","merchantReturnLink":"https:\/\/touchproeurope.eu\/pt\/retourbeleid\/"}}]},"product_brand":"Bodynova","og_availability":"instock","product_availability":"instock","product_condition":"new"},"_links":{"self":[{"href":"https:\/\/touchproeurope.eu\/pt\/wp-json\/wp\/v2\/product\/9659","targetHints":{"allow":["GET"]}}],"collection":[{"href":"https:\/\/touchproeurope.eu\/pt\/wp-json\/wp\/v2\/product"}],"about":[{"href":"https:\/\/touchproeurope.eu\/pt\/wp-json\/wp\/v2\/types\/product"}],"replies":[{"embeddable":true,"href":"https:\/\/touchproeurope.eu\/pt\/wp-json\/wp\/v2\/comments?post=9659"}],"version-history":[{"count":6,"href":"https:\/\/touchproeurope.eu\/pt\/wp-json\/wp\/v2\/product\/9659\/revisions"}],"predecessor-version":[{"id":14094,"href":"https:\/\/touchproeurope.eu\/pt\/wp-json\/wp\/v2\/product\/9659\/revisions\/14094"}],"wp:featuredmedia":[{"embeddable":true,"href":"https:\/\/touchproeurope.eu\/pt\/wp-json\/wp\/v2\/media\/8164"}],"wp:attachment":[{"href":"https:\/\/touchproeurope.eu\/pt\/wp-json\/wp\/v2\/media?parent=9659"}],"wp:term":[{"taxonomy":"product_brand","embeddable":true,"href":"https:\/\/touchproeurope.eu\/pt\/wp-json\/wp\/v2\/product_brand?post=9659"},{"taxonomy":"product_cat","embeddable":true,"href":"https:\/\/touchproeurope.eu\/pt\/wp-json\/wp\/v2\/product_cat?post=9659"},{"taxonomy":"product_tag","embeddable":true,"href":"https:\/\/touchproeurope.eu\/pt\/wp-json\/wp\/v2\/product_tag?post=9659"}],"curies":[{"name":"wp","href":"https:\/\/api.w.org\/{rel}","templated":true}]}}